{"id":17075,"date":"2024-04-25T17:24:39","date_gmt":"2024-04-25T15:24:39","guid":{"rendered":"https:\/\/wp1.konigchain.com\/snow-chains-configurator\/"},"modified":"2025-07-14T10:03:12","modified_gmt":"2025-07-14T08:03:12","slug":"konfigurator","status":"publish","type":"page","link":"https:\/\/www.konigchain.com\/at\/konfigurator\/","title":{"rendered":"Konfigurator"},"content":{"rendered":"\t\t<div data-elementor-type=\"wp-page\" data-elementor-id=\"17075\" class=\"elementor elementor-17075 elementor-2916\" data-elementor-post-type=\"page\">\n\t\t\t\t<div class=\"elementor-element elementor-element-105a545 e-con-full e-flex e-con e-parent\" data-id=\"105a545\" data-element_type=\"container\" data-settings=\"{&quot;background_background&quot;:&quot;classic&quot;,&quot;background_motion_fx_motion_fx_scrolling&quot;:&quot;yes&quot;,&quot;background_motion_fx_devices&quot;:[&quot;desktop&quot;,&quot;tablet_extra&quot;,&quot;tablet&quot;,&quot;mobile&quot;]}\">\n\t\t<div class=\"elementor-element elementor-element-744a1c4 e-con-full e-flex e-con e-child\" data-id=\"744a1c4\" data-element_type=\"container\" data-settings=\"{&quot;background_background&quot;:&quot;classic&quot;,&quot;background_motion_fx_motion_fx_scrolling&quot;:&quot;yes&quot;,&quot;background_motion_fx_translateY_effect&quot;:&quot;yes&quot;,&quot;background_motion_fx_translateY_speed&quot;:{&quot;unit&quot;:&quot;px&quot;,&quot;size&quot;:4,&quot;sizes&quot;:[]},&quot;background_motion_fx_translateY_affectedRange&quot;:{&quot;unit&quot;:&quot;%&quot;,&quot;size&quot;:&quot;&quot;,&quot;sizes&quot;:{&quot;start&quot;:0,&quot;end&quot;:100}},&quot;background_motion_fx_devices&quot;:[&quot;desktop&quot;,&quot;tablet_extra&quot;,&quot;tablet&quot;,&quot;mobile&quot;]}\">\n\t\t\t\t<div class=\"elementor-element elementor-element-3d27d2b elementor-widget elementor-widget-heading\" data-id=\"3d27d2b\" data-element_type=\"widget\" data-widget_type=\"heading.default\">\n\t\t\t\t\t<h1 class=\"elementor-heading-title elementor-size-default\">Schneeketten-Konfiguratoren\u200b<\/h1>\t\t\t\t<\/div>\n\t\t\t\t<div class=\"elementor-element elementor-element-e835e94 elementor-widget__width-initial elementor-widget elementor-widget-heading\" data-id=\"e835e94\" data-element_type=\"widget\" data-widget_type=\"heading.default\">\n\t\t\t\t\t<h2 class=\"elementor-heading-title elementor-size-default\">Finden Sie die perfekten Schneeketten\u200b<\/h2>\t\t\t\t<\/div>\n\t\t\t\t<\/div>\n\t\t\t\t<div class=\"elementor-element elementor-element-41ead72 elementor-view-stacked elementor-shape-square elementor-invisible elementor-widget elementor-widget-icon\" data-id=\"41ead72\" data-element_type=\"widget\" data-settings=\"{&quot;motion_fx_motion_fx_scrolling&quot;:&quot;yes&quot;,&quot;_animation&quot;:&quot;bounceIn&quot;,&quot;motion_fx_devices&quot;:[&quot;desktop&quot;,&quot;tablet&quot;],&quot;_animation_delay&quot;:10}\" data-widget_type=\"icon.default\">\n\t\t\t\t\t\t\t<div class=\"elementor-icon-wrapper\">\n\t\t\t<a class=\"elementor-icon\" href=\"#scroll-down\">\n\t\t\t<svg aria-hidden=\"true\" class=\"e-font-icon-svg e-fas-arrow-down\" viewBox=\"0 0 448 512\" xmlns=\"http:\/\/www.w3.org\/2000\/svg\"><path d=\"M413.1 222.5l22.2 22.2c9.4 9.4 9.4 24.6 0 33.9L241 473c-9.4 9.4-24.6 9.4-33.9 0L12.7 278.6c-9.4-9.4-9.4-24.6 0-33.9l22.2-22.2c9.5-9.5 25-9.3 34.3.4L184 343.4V56c0-13.3 10.7-24 24-24h32c13.3 0 24 10.7 24 24v287.4l114.8-120.5c9.3-9.8 24.8-10 34.3-.4z\"><\/path><\/svg>\t\t\t<\/a>\n\t\t<\/div>\n\t\t\t\t\t\t<\/div>\n\t\t\t\t<div class=\"elementor-element elementor-element-b042903 elementor-widget elementor-widget-menu-anchor\" data-id=\"b042903\" data-element_type=\"widget\" data-widget_type=\"menu-anchor.default\">\n\t\t\t\t\t\t\t<div class=\"elementor-menu-anchor\" id=\"scroll-down\"><\/div>\n\t\t\t\t\t\t<\/div>\n\t\t\t\t<\/div>\n\t\t<div class=\"elementor-element elementor-element-ea08d33 e-flex e-con-boxed e-con e-parent\" data-id=\"ea08d33\" data-element_type=\"container\">\n\t\t\t\t\t<div class=\"e-con-inner\">\n\t\t\t\t<div class=\"elementor-element elementor-element-4d5dfdd elementor-widget elementor-widget-text-editor\" data-id=\"4d5dfdd\" data-element_type=\"widget\" data-widget_type=\"text-editor.default\">\n\t\t\t\t\t\t\t\t\t<p>K\u00f6nig-Schneekettenkonfiguratoren unterst\u00fctzen Sie bei der Auswahl der f\u00fcr Ihre Bed\u00fcrfnisse am besten geeigneten Schneeketten unter Ber\u00fccksichtigung des Fahrzeugs, der Reifengr\u00f6\u00dfe und der eventuellen Einschr\u00e4nkungen, die sich aus der Kombination dieser beiden Faktoren ergeben.<\/p><p>Die Ergebnisse unserer Konfiguratoren basieren auf internen Tests, die regelm\u00e4\u00dfig an Fahrzeugen und Reifen durchgef\u00fchrt werden, um die bestm\u00f6gliche Passform zu gew\u00e4hrleisten. Wenn Ihr Fahrzeug oder Ihre Reifengr\u00f6\u00dfe (oder beides) nicht in unseren Konfiguratoren angezeigt wird, wenden Sie sich bitte \u00fcber unser <a href=\"https:\/\/www.konigchain.com\/at\/kontakt\/\">Kontaktformular<\/a> an unseren Service.<\/p><p>W\u00e4hlen Sie zun\u00e4chst das Segment, f\u00fcr das Sie Ihre Schneeketten konfigurieren m\u00f6chten.<\/p>\t\t\t\t\t\t\t\t<\/div>\n\t\t\t\t\t<\/div>\n\t\t\t\t<\/div>\n\t\t<div class=\"elementor-element elementor-element-12a420a e-con-full e-flex e-con e-parent\" data-id=\"12a420a\" data-element_type=\"container\" data-settings=\"{&quot;background_background&quot;:&quot;classic&quot;}\">\n\t\t<div class=\"elementor-element elementor-element-8173df3 e-con-full e-flex e-con e-child\" data-id=\"8173df3\" data-element_type=\"container\" data-settings=\"{&quot;background_background&quot;:&quot;classic&quot;,&quot;background_motion_fx_motion_fx_scrolling&quot;:&quot;yes&quot;,&quot;background_motion_fx_translateY_effect&quot;:&quot;yes&quot;,&quot;background_motion_fx_translateY_speed&quot;:{&quot;unit&quot;:&quot;px&quot;,&quot;size&quot;:4,&quot;sizes&quot;:[]},&quot;background_motion_fx_translateY_affectedRange&quot;:{&quot;unit&quot;:&quot;%&quot;,&quot;size&quot;:&quot;&quot;,&quot;sizes&quot;:{&quot;start&quot;:0,&quot;end&quot;:100}},&quot;background_motion_fx_devices&quot;:[&quot;desktop&quot;,&quot;tablet_extra&quot;,&quot;tablet&quot;,&quot;mobile&quot;]}\">\n\t\t\t\t<\/div>\n\t\t<div class=\"elementor-element elementor-element-ba49945 e-con-full e-flex e-con e-child\" data-id=\"ba49945\" data-element_type=\"container\">\n\t\t\t\t<div class=\"elementor-element elementor-element-389eaa0 elementor-widget-divider--view-line elementor-widget elementor-widget-divider\" data-id=\"389eaa0\" data-element_type=\"widget\" data-widget_type=\"divider.default\">\n\t\t\t\t\t\t\t<div class=\"elementor-divider\">\n\t\t\t<span class=\"elementor-divider-separator\">\n\t\t\t\t\t\t<\/span>\n\t\t<\/div>\n\t\t\t\t\t\t<\/div>\n\t\t\t\t<div class=\"elementor-element elementor-element-e81138d elementor-widget elementor-widget-heading\" data-id=\"e81138d\" data-element_type=\"widget\" data-widget_type=\"heading.default\">\n\t\t\t\t\t<h2 class=\"elementor-heading-title elementor-size-default\">Schneeketten-Konfigurator f\u00fcr Verbraucher<\/h2>\t\t\t\t<\/div>\n\t\t\t\t<div class=\"elementor-element elementor-element-70724d4 elementor-widget elementor-widget-text-editor\" data-id=\"70724d4\" data-element_type=\"widget\" data-widget_type=\"text-editor.default\">\n\t\t\t\t\t\t\t\t\t<p style=\"text-align: center;\">Hier finden Sie die passenden Schneeketten f\u00fcr Ihren Pkw, Crossover, SUV, Pickup, Van und Ihr Wohnmobil.<\/p><p style=\"text-align: center;\">Um herauszufinden, welche Consumer Schneeketten mit Ihrem Fahrzeug kompatibel sind, best\u00e4tigen Sie bitte die Fahrzeugdaten (Marke, Modell, Baujahr) und die Reifengr\u00f6\u00dfe. Wenn f\u00fcr Ihr Fahrzeug keine Einschr\u00e4nkungen hinsichtlich der Radk\u00e4sten gelten, k\u00f6nnen Sie auch einfach nach Reifengr\u00f6\u00dfe suchen.<\/p>\t\t\t\t\t\t\t\t<\/div>\n\t\t\t\t<div class=\"elementor-element elementor-element-ab21ae6 elementor-align-left elementor-widget elementor-widget-button\" data-id=\"ab21ae6\" data-element_type=\"widget\" data-widget_type=\"button.default\">\n\t\t\t\t\t\t\t\t\t\t<a class=\"elementor-button elementor-button-link elementor-size-sm\" href=\"https:\/\/www.konigchain.com\/at\/consumer-konfigurator\/\">\n\t\t\t\t\t\t<span class=\"elementor-button-content-wrapper\">\n\t\t\t\t\t\t\t\t\t<span class=\"elementor-button-text\">Konfigurator<\/span>\n\t\t\t\t\t<\/span>\n\t\t\t\t\t<\/a>\n\t\t\t\t\t\t\t\t<\/div>\n\t\t\t\t<\/div>\n\t\t\t\t<\/div>\n\t\t<div class=\"elementor-element elementor-element-97bb558 e-con-full e-flex e-con e-parent\" data-id=\"97bb558\" data-element_type=\"container\" data-settings=\"{&quot;background_background&quot;:&quot;classic&quot;}\">\n\t\t<div class=\"elementor-element elementor-element-ccced54 e-con-full e-flex e-con e-child\" data-id=\"ccced54\" data-element_type=\"container\">\n\t\t\t\t<div class=\"elementor-element elementor-element-d1f2c31 elementor-widget-divider--view-line elementor-widget elementor-widget-divider\" data-id=\"d1f2c31\" data-element_type=\"widget\" data-widget_type=\"divider.default\">\n\t\t\t\t\t\t\t<div class=\"elementor-divider\">\n\t\t\t<span class=\"elementor-divider-separator\">\n\t\t\t\t\t\t<\/span>\n\t\t<\/div>\n\t\t\t\t\t\t<\/div>\n\t\t\t\t<div class=\"elementor-element elementor-element-f30015d elementor-widget elementor-widget-heading\" data-id=\"f30015d\" data-element_type=\"widget\" data-widget_type=\"heading.default\">\n\t\t\t\t\t<h2 class=\"elementor-heading-title elementor-size-default\">Professioneller Schneeketten-Konfigurator<\/h2>\t\t\t\t<\/div>\n\t\t\t\t<div class=\"elementor-element elementor-element-9965c57 elementor-widget elementor-widget-text-editor\" data-id=\"9965c57\" data-element_type=\"widget\" data-widget_type=\"text-editor.default\">\n\t\t\t\t\t\t\t\t\t<p style=\"text-align: center;\">Finden Sie die passenden Schneeketten f\u00fcr Ihre T\u00e4tigkeit wie Offroad, G\u00fctertransport, Schneer\u00e4umung, Landwirtschaft, G\u00fcterumschlag.<\/p><p style=\"text-align: center;\">Um die richtige Professional-Kette zu finden, w\u00e4hlen Sie bitte Ihre Reifengr\u00f6\u00dfe aus. Danach k\u00f6nnen Sie die Produkte nach der Art der T\u00e4tigkeit\/Nutzung filtern.<\/p>\t\t\t\t\t\t\t\t<\/div>\n\t\t\t\t<div class=\"elementor-element elementor-element-f3a27d3 elementor-align-left elementor-widget elementor-widget-button\" data-id=\"f3a27d3\" data-element_type=\"widget\" data-widget_type=\"button.default\">\n\t\t\t\t\t\t\t\t\t\t<a class=\"elementor-button elementor-button-link elementor-size-sm\" href=\"https:\/\/www.konigchain.com\/at\/professional-konfigurator\/\">\n\t\t\t\t\t\t<span class=\"elementor-button-content-wrapper\">\n\t\t\t\t\t\t\t\t\t<span class=\"elementor-button-text\">Konfigurator<\/span>\n\t\t\t\t\t<\/span>\n\t\t\t\t\t<\/a>\n\t\t\t\t\t\t\t\t<\/div>\n\t\t\t\t<\/div>\n\t\t<div class=\"elementor-element elementor-element-7e18de2 e-con-full e-flex e-con e-child\" data-id=\"7e18de2\" data-element_type=\"container\" data-settings=\"{&quot;background_background&quot;:&quot;classic&quot;,&quot;background_motion_fx_motion_fx_scrolling&quot;:&quot;yes&quot;,&quot;background_motion_fx_translateY_effect&quot;:&quot;yes&quot;,&quot;background_motion_fx_translateY_speed&quot;:{&quot;unit&quot;:&quot;px&quot;,&quot;size&quot;:4,&quot;sizes&quot;:[]},&quot;background_motion_fx_translateY_affectedRange&quot;:{&quot;unit&quot;:&quot;%&quot;,&quot;size&quot;:&quot;&quot;,&quot;sizes&quot;:{&quot;start&quot;:0,&quot;end&quot;:100}},&quot;background_motion_fx_devices&quot;:[&quot;desktop&quot;,&quot;tablet_extra&quot;,&quot;tablet&quot;,&quot;mobile&quot;]}\">\n\t\t\t\t<\/div>\n\t\t\t\t<\/div>\n\t\t\t\t<\/div>\n\t\t","protected":false},"excerpt":{"rendered":"<p>Schneeketten-Konfiguratoren\u200b Finden Sie die perfekten Schneeketten\u200b K\u00f6nig-Schneekettenkonfiguratoren unterst\u00fctzen Sie bei der Auswahl der f\u00fcr Ihre Bed\u00fcrfnisse am besten geeigneten Schneeketten unter Ber\u00fccksichtigung des Fahrzeugs, der Reifengr\u00f6\u00dfe und der eventuellen Einschr\u00e4nkungen, die sich aus der Kombination dieser beiden Faktoren ergeben. Die Ergebnisse unserer Konfiguratoren basieren auf internen Tests, die regelm\u00e4\u00dfig an Fahrzeugen und Reifen durchgef\u00fchrt werden, [&hellip;]<\/p>\n","protected":false},"author":3,"featured_media":23978,"parent":0,"menu_order":0,"comment_status":"closed","ping_status":"closed","template":"","meta":{"_acf_changed":false,"footnotes":""},"page-category":[1550],"class_list":["post-17075","page","type-page","status-publish","has-post-thumbnail","hentry","page-category-b2c"],"acf":[],"yoast_head":"<!-- This site is optimized with the Yoast SEO plugin v26.8 - https:\/\/yoast.com\/product\/yoast-seo-wordpress\/ -->\n<title>Finden Sie die richtigen Schneeketten f\u00fcr Ihr Fahrzeug - K\u00f6nig<\/title>\n<meta name=\"description\" content=\"Finden Sie die richtigen K\u00f6nig Schneeketten f\u00fcr Ihr Auto, Crossover, SUV, VAN oder Ihr Berufsfahrzeug.\" \/>\n<meta name=\"robots\" content=\"index, follow, max-snippet:-1, max-image-preview:large, max-video-preview:-1\" \/>\n<link rel=\"canonical\" href=\"https:\/\/www.konigchain.com\/at\/konfigurator\/\" \/>\n<meta property=\"og:locale\" content=\"de_DE\" \/>\n<meta property=\"og:type\" content=\"article\" \/>\n<meta property=\"og:title\" content=\"Finden Sie die richtigen Schneeketten f\u00fcr Ihr Fahrzeug - K\u00f6nig\" \/>\n<meta property=\"og:description\" content=\"Finden Sie die richtigen K\u00f6nig Schneeketten f\u00fcr Ihr Auto, Crossover, SUV, VAN oder Ihr Berufsfahrzeug.\" \/>\n<meta property=\"og:url\" content=\"https:\/\/www.konigchain.com\/at\/konfigurator\/\" \/>\n<meta property=\"og:site_name\" content=\"K\u00f6nig\" \/>\n<meta property=\"article:modified_time\" content=\"2025-07-14T08:03:12+00:00\" \/>\n<meta property=\"og:image\" content=\"https:\/\/www.konigchain.com\/wp-content\/uploads\/2024\/10\/Konig-XG-Cross_LynkCo-3.jpg\" \/>\n\t<meta property=\"og:image:width\" content=\"2500\" \/>\n\t<meta property=\"og:image:height\" content=\"1612\" \/>\n\t<meta property=\"og:image:type\" content=\"image\/jpeg\" \/>\n<meta name=\"twitter:card\" content=\"summary_large_image\" \/>\n<meta name=\"twitter:label1\" content=\"Gesch\u00e4tzte Lesezeit\" \/>\n\t<meta name=\"twitter:data1\" content=\"2 Minuten\" \/>\n<script type=\"application\/ld+json\" class=\"yoast-schema-graph\">{\"@context\":\"https:\/\/schema.org\",\"@graph\":[{\"@type\":\"WebPage\",\"@id\":\"https:\/\/www.konigchain.com\/at\/konfigurator\/\",\"url\":\"https:\/\/www.konigchain.com\/at\/konfigurator\/\",\"name\":\"Finden Sie die richtigen Schneeketten f\u00fcr Ihr Fahrzeug - K\u00f6nig\",\"isPartOf\":{\"@id\":\"https:\/\/www.konigchain.com\/at\/#website\"},\"primaryImageOfPage\":{\"@id\":\"https:\/\/www.konigchain.com\/at\/konfigurator\/#primaryimage\"},\"image\":{\"@id\":\"https:\/\/www.konigchain.com\/at\/konfigurator\/#primaryimage\"},\"thumbnailUrl\":\"https:\/\/www.konigchain.com\/wp-content\/uploads\/2024\/10\/Konig-XG-Cross_LynkCo-3.jpg\",\"datePublished\":\"2024-04-25T15:24:39+00:00\",\"dateModified\":\"2025-07-14T08:03:12+00:00\",\"description\":\"Finden Sie die richtigen K\u00f6nig Schneeketten f\u00fcr Ihr Auto, Crossover, SUV, VAN oder Ihr Berufsfahrzeug.\",\"breadcrumb\":{\"@id\":\"https:\/\/www.konigchain.com\/at\/konfigurator\/#breadcrumb\"},\"inLanguage\":\"de-AT\",\"potentialAction\":[{\"@type\":\"ReadAction\",\"target\":[\"https:\/\/www.konigchain.com\/at\/konfigurator\/\"]}]},{\"@type\":\"ImageObject\",\"inLanguage\":\"de-AT\",\"@id\":\"https:\/\/www.konigchain.com\/at\/konfigurator\/#primaryimage\",\"url\":\"https:\/\/www.konigchain.com\/wp-content\/uploads\/2024\/10\/Konig-XG-Cross_LynkCo-3.jpg\",\"contentUrl\":\"https:\/\/www.konigchain.com\/wp-content\/uploads\/2024\/10\/Konig-XG-Cross_LynkCo-3.jpg\",\"width\":2500,\"height\":1612},{\"@type\":\"BreadcrumbList\",\"@id\":\"https:\/\/www.konigchain.com\/at\/konfigurator\/#breadcrumb\",\"itemListElement\":[{\"@type\":\"ListItem\",\"position\":1,\"name\":\"Home\",\"item\":\"https:\/\/www.konigchain.com\/at\/\"},{\"@type\":\"ListItem\",\"position\":2,\"name\":\"Konfigurator\"}]},{\"@type\":\"WebSite\",\"@id\":\"https:\/\/www.konigchain.com\/at\/#website\",\"url\":\"https:\/\/www.konigchain.com\/at\/\",\"name\":\"K\u00f6nig\",\"description\":\"\",\"publisher\":{\"@id\":\"https:\/\/www.konigchain.com\/at\/#organization\"},\"potentialAction\":[{\"@type\":\"SearchAction\",\"target\":{\"@type\":\"EntryPoint\",\"urlTemplate\":\"https:\/\/www.konigchain.com\/at\/?s={search_term_string}\"},\"query-input\":{\"@type\":\"PropertyValueSpecification\",\"valueRequired\":true,\"valueName\":\"search_term_string\"}}],\"inLanguage\":\"de-AT\"},{\"@type\":\"Organization\",\"@id\":\"https:\/\/www.konigchain.com\/at\/#organization\",\"name\":\"K\u00f6nig\",\"url\":\"https:\/\/www.konigchain.com\/at\/\",\"logo\":{\"@type\":\"ImageObject\",\"inLanguage\":\"de-AT\",\"@id\":\"https:\/\/www.konigchain.com\/at\/#\/schema\/logo\/image\/\",\"url\":\"https:\/\/www.konigchain.com\/wp-content\/uploads\/2023\/12\/logo-Konig-2016-BG.png\",\"contentUrl\":\"https:\/\/www.konigchain.com\/wp-content\/uploads\/2023\/12\/logo-Konig-2016-BG.png\",\"width\":3508,\"height\":2480,\"caption\":\"K\u00f6nig\"},\"image\":{\"@id\":\"https:\/\/www.konigchain.com\/at\/#\/schema\/logo\/image\/\"}}]}<\/script>\n<!-- \/ Yoast SEO plugin. -->","yoast_head_json":{"title":"Finden Sie die richtigen Schneeketten f\u00fcr Ihr Fahrzeug - K\u00f6nig","description":"Finden Sie die richtigen K\u00f6nig Schneeketten f\u00fcr Ihr Auto, Crossover, SUV, VAN oder Ihr Berufsfahrzeug.","robots":{"index":"index","follow":"follow","max-snippet":"max-snippet:-1","max-image-preview":"max-image-preview:large","max-video-preview":"max-video-preview:-1"},"canonical":"https:\/\/www.konigchain.com\/at\/konfigurator\/","og_locale":"de_DE","og_type":"article","og_title":"Finden Sie die richtigen Schneeketten f\u00fcr Ihr Fahrzeug - K\u00f6nig","og_description":"Finden Sie die richtigen K\u00f6nig Schneeketten f\u00fcr Ihr Auto, Crossover, SUV, VAN oder Ihr Berufsfahrzeug.","og_url":"https:\/\/www.konigchain.com\/at\/konfigurator\/","og_site_name":"K\u00f6nig","article_modified_time":"2025-07-14T08:03:12+00:00","og_image":[{"width":2500,"height":1612,"url":"https:\/\/www.konigchain.com\/wp-content\/uploads\/2024\/10\/Konig-XG-Cross_LynkCo-3.jpg","type":"image\/jpeg"}],"twitter_card":"summary_large_image","twitter_misc":{"Gesch\u00e4tzte Lesezeit":"2 Minuten"},"schema":{"@context":"https:\/\/schema.org","@graph":[{"@type":"WebPage","@id":"https:\/\/www.konigchain.com\/at\/konfigurator\/","url":"https:\/\/www.konigchain.com\/at\/konfigurator\/","name":"Finden Sie die richtigen Schneeketten f\u00fcr Ihr Fahrzeug - K\u00f6nig","isPartOf":{"@id":"https:\/\/www.konigchain.com\/at\/#website"},"primaryImageOfPage":{"@id":"https:\/\/www.konigchain.com\/at\/konfigurator\/#primaryimage"},"image":{"@id":"https:\/\/www.konigchain.com\/at\/konfigurator\/#primaryimage"},"thumbnailUrl":"https:\/\/www.konigchain.com\/wp-content\/uploads\/2024\/10\/Konig-XG-Cross_LynkCo-3.jpg","datePublished":"2024-04-25T15:24:39+00:00","dateModified":"2025-07-14T08:03:12+00:00","description":"Finden Sie die richtigen K\u00f6nig Schneeketten f\u00fcr Ihr Auto, Crossover, SUV, VAN oder Ihr Berufsfahrzeug.","breadcrumb":{"@id":"https:\/\/www.konigchain.com\/at\/konfigurator\/#breadcrumb"},"inLanguage":"de-AT","potentialAction":[{"@type":"ReadAction","target":["https:\/\/www.konigchain.com\/at\/konfigurator\/"]}]},{"@type":"ImageObject","inLanguage":"de-AT","@id":"https:\/\/www.konigchain.com\/at\/konfigurator\/#primaryimage","url":"https:\/\/www.konigchain.com\/wp-content\/uploads\/2024\/10\/Konig-XG-Cross_LynkCo-3.jpg","contentUrl":"https:\/\/www.konigchain.com\/wp-content\/uploads\/2024\/10\/Konig-XG-Cross_LynkCo-3.jpg","width":2500,"height":1612},{"@type":"BreadcrumbList","@id":"https:\/\/www.konigchain.com\/at\/konfigurator\/#breadcrumb","itemListElement":[{"@type":"ListItem","position":1,"name":"Home","item":"https:\/\/www.konigchain.com\/at\/"},{"@type":"ListItem","position":2,"name":"Konfigurator"}]},{"@type":"WebSite","@id":"https:\/\/www.konigchain.com\/at\/#website","url":"https:\/\/www.konigchain.com\/at\/","name":"K\u00f6nig","description":"","publisher":{"@id":"https:\/\/www.konigchain.com\/at\/#organization"},"potentialAction":[{"@type":"SearchAction","target":{"@type":"EntryPoint","urlTemplate":"https:\/\/www.konigchain.com\/at\/?s={search_term_string}"},"query-input":{"@type":"PropertyValueSpecification","valueRequired":true,"valueName":"search_term_string"}}],"inLanguage":"de-AT"},{"@type":"Organization","@id":"https:\/\/www.konigchain.com\/at\/#organization","name":"K\u00f6nig","url":"https:\/\/www.konigchain.com\/at\/","logo":{"@type":"ImageObject","inLanguage":"de-AT","@id":"https:\/\/www.konigchain.com\/at\/#\/schema\/logo\/image\/","url":"https:\/\/www.konigchain.com\/wp-content\/uploads\/2023\/12\/logo-Konig-2016-BG.png","contentUrl":"https:\/\/www.konigchain.com\/wp-content\/uploads\/2023\/12\/logo-Konig-2016-BG.png","width":3508,"height":2480,"caption":"K\u00f6nig"},"image":{"@id":"https:\/\/www.konigchain.com\/at\/#\/schema\/logo\/image\/"}}]}},"_links":{"self":[{"href":"https:\/\/www.konigchain.com\/at\/wp-json\/wp\/v2\/pages\/17075","targetHints":{"allow":["GET"]}}],"collection":[{"href":"https:\/\/www.konigchain.com\/at\/wp-json\/wp\/v2\/pages"}],"about":[{"href":"https:\/\/www.konigchain.com\/at\/wp-json\/wp\/v2\/types\/page"}],"author":[{"embeddable":true,"href":"https:\/\/www.konigchain.com\/at\/wp-json\/wp\/v2\/users\/3"}],"replies":[{"embeddable":true,"href":"https:\/\/www.konigchain.com\/at\/wp-json\/wp\/v2\/comments?post=17075"}],"version-history":[{"count":5,"href":"https:\/\/www.konigchain.com\/at\/wp-json\/wp\/v2\/pages\/17075\/revisions"}],"predecessor-version":[{"id":65819,"href":"https:\/\/www.konigchain.com\/at\/wp-json\/wp\/v2\/pages\/17075\/revisions\/65819"}],"wp:featuredmedia":[{"embeddable":true,"href":"https:\/\/www.konigchain.com\/at\/wp-json\/wp\/v2\/media\/23978"}],"wp:attachment":[{"href":"https:\/\/www.konigchain.com\/at\/wp-json\/wp\/v2\/media?parent=17075"}],"wp:term":[{"taxonomy":"page-category","embeddable":true,"href":"https:\/\/www.konigchain.com\/at\/wp-json\/wp\/v2\/page-category?post=17075"}],"curies":[{"name":"wp","href":"https:\/\/api.w.org\/{rel}","templated":true}]}}