{"id":17222,"date":"2024-01-09T13:35:49","date_gmt":"2024-01-09T12:35:49","guid":{"rendered":"https:\/\/wp1.konigchain.com\/professional-configurator\/"},"modified":"2025-05-30T10:05:43","modified_gmt":"2025-05-30T08:05:43","slug":"professional-konfigurator","status":"publish","type":"page","link":"https:\/\/www.konigchain.com\/at\/professional-konfigurator\/","title":{"rendered":"Professional Konfigurator"},"content":{"rendered":"\t\t<div data-elementor-type=\"wp-page\" data-elementor-id=\"17222\" class=\"elementor elementor-17222 elementor-1345\" data-elementor-post-type=\"page\">\n\t\t\t\t<div class=\"elementor-element elementor-element-2335bb6 e-con-full e-flex e-con e-parent\" data-id=\"2335bb6\" data-element_type=\"container\" data-settings=\"{&quot;background_background&quot;:&quot;classic&quot;}\">\n\t\t<div class=\"elementor-element elementor-element-a02a0cf e-con-full e-flex e-con e-child\" data-id=\"a02a0cf\" data-element_type=\"container\" data-settings=\"{&quot;background_background&quot;:&quot;classic&quot;,&quot;background_motion_fx_motion_fx_scrolling&quot;:&quot;yes&quot;,&quot;background_motion_fx_translateY_effect&quot;:&quot;yes&quot;,&quot;background_motion_fx_translateY_speed&quot;:{&quot;unit&quot;:&quot;px&quot;,&quot;size&quot;:4,&quot;sizes&quot;:[]},&quot;background_motion_fx_translateY_affectedRange&quot;:{&quot;unit&quot;:&quot;%&quot;,&quot;size&quot;:&quot;&quot;,&quot;sizes&quot;:{&quot;start&quot;:0,&quot;end&quot;:100}},&quot;background_motion_fx_devices&quot;:[&quot;desktop&quot;,&quot;tablet_extra&quot;,&quot;tablet&quot;,&quot;mobile&quot;]}\">\n\t\t\t\t<div class=\"elementor-element elementor-element-cea6a89 elementor-widget elementor-widget-heading\" data-id=\"cea6a89\" data-element_type=\"widget\" data-widget_type=\"heading.default\">\n\t\t\t\t\t<h1 class=\"elementor-heading-title elementor-size-default\">Professioneller Schneeketten-Konfigurator\u200b<\/h1>\t\t\t\t<\/div>\n\t\t\t\t<div class=\"elementor-element elementor-element-ee0bf70 elementor-widget__width-initial elementor-widget elementor-widget-heading\" data-id=\"ee0bf70\" data-element_type=\"widget\" data-widget_type=\"heading.default\">\n\t\t\t\t\t<h2 class=\"elementor-heading-title elementor-size-default\">Finden Sie die perfekten Schneeketten\u200b<\/h2>\t\t\t\t<\/div>\n\t\t\t\t<\/div>\n\t\t\t\t<div class=\"elementor-element elementor-element-1ac1f67 elementor-view-stacked elementor-shape-square elementor-invisible elementor-widget elementor-widget-icon\" data-id=\"1ac1f67\" data-element_type=\"widget\" data-settings=\"{&quot;motion_fx_motion_fx_scrolling&quot;:&quot;yes&quot;,&quot;_animation&quot;:&quot;bounceIn&quot;,&quot;motion_fx_devices&quot;:[&quot;desktop&quot;,&quot;tablet&quot;],&quot;_animation_delay&quot;:10}\" data-widget_type=\"icon.default\">\n\t\t\t\t\t\t\t<div class=\"elementor-icon-wrapper\">\n\t\t\t<a class=\"elementor-icon\" href=\"#scroll-down\">\n\t\t\t<svg aria-hidden=\"true\" class=\"e-font-icon-svg e-fas-arrow-down\" viewBox=\"0 0 448 512\" xmlns=\"http:\/\/www.w3.org\/2000\/svg\"><path d=\"M413.1 222.5l22.2 22.2c9.4 9.4 9.4 24.6 0 33.9L241 473c-9.4 9.4-24.6 9.4-33.9 0L12.7 278.6c-9.4-9.4-9.4-24.6 0-33.9l22.2-22.2c9.5-9.5 25-9.3 34.3.4L184 343.4V56c0-13.3 10.7-24 24-24h32c13.3 0 24 10.7 24 24v287.4l114.8-120.5c9.3-9.8 24.8-10 34.3-.4z\"><\/path><\/svg>\t\t\t<\/a>\n\t\t<\/div>\n\t\t\t\t\t\t<\/div>\n\t\t\t\t<div class=\"elementor-element elementor-element-186c5dd elementor-widget elementor-widget-menu-anchor\" data-id=\"186c5dd\" data-element_type=\"widget\" data-widget_type=\"menu-anchor.default\">\n\t\t\t\t\t\t\t<div class=\"elementor-menu-anchor\" id=\"scroll-down\"><\/div>\n\t\t\t\t\t\t<\/div>\n\t\t\t\t<\/div>\n\t\t<div class=\"elementor-element elementor-element-2507dd4 e-flex e-con-boxed e-con e-parent\" data-id=\"2507dd4\" data-element_type=\"container\">\n\t\t\t\t\t<div class=\"e-con-inner\">\n\t\t\t\t<div class=\"elementor-element elementor-element-45617a9 elementor-widget elementor-widget-text-editor\" data-id=\"45617a9\" data-element_type=\"widget\" data-widget_type=\"text-editor.default\">\n\t\t\t\t\t\t\t\t\t<p>Der K\u00f6nig-Schneekettenkonfigurator unterst\u00fctzt Sie bei der Auswahl der f\u00fcr Ihre Bed\u00fcrfnisse am besten geeigneten Schneeketten unter Ber\u00fccksichtigung der Reifengr\u00f6\u00dfe und der Aktivit\u00e4t, die Sie aus\u00fcben m\u00f6chten.<\/p><p>Die Ergebnisse unseres Konfigurators beruhen auf internen Tests, die regelm\u00e4\u00dfig an Reifen durchgef\u00fchrt werden, um die beste Passform zu gew\u00e4hrleisten.<\/p><p>Wenn Ihre Reifengr\u00f6\u00dfe nicht in unseren Konfiguratoren angezeigt wird, wenden Sie sich bitte \u00fcber unser <a href=\"https:\/\/www.konigchain.com\/at\/kontakt\/\">Kontaktformular an unseren Service<\/a>.<\/p>\t\t\t\t\t\t\t\t<\/div>\n\t\t\t\t\t<\/div>\n\t\t\t\t<\/div>\n\t\t<div class=\"elementor-element elementor-element-07d5019 e-flex e-con-boxed e-con e-parent\" data-id=\"07d5019\" data-element_type=\"container\">\n\t\t\t\t\t<div class=\"e-con-inner\">\n\t\t\t\t<div class=\"elementor-element elementor-element-424c6f9 elementor-widget elementor-widget-html\" data-id=\"424c6f9\" data-element_type=\"widget\" data-widget_type=\"html.default\">\n\t\t\t\t\t<div data-snow-chain-configurator=\"SWSCCK5XVWXACWP4YK1XSUZYVW\" data-locale=\"de-DE\"><\/div>\r\n<script src=\"https:\/\/shop.konigchain.com\/bundles\/apsnowchainconfigurator\/snow-chain-configurator-lite\/index.js\"><\/script>\t\t\t\t<\/div>\n\t\t\t\t\t<\/div>\n\t\t\t\t<\/div>\n\t\t\t\t<\/div>\n\t\t","protected":false},"excerpt":{"rendered":"<p>Professioneller Schneeketten-Konfigurator\u200b Finden Sie die perfekten Schneeketten\u200b Der K\u00f6nig-Schneekettenkonfigurator unterst\u00fctzt Sie bei der Auswahl der f\u00fcr Ihre Bed\u00fcrfnisse am besten geeigneten Schneeketten unter Ber\u00fccksichtigung der Reifengr\u00f6\u00dfe und der Aktivit\u00e4t, die Sie aus\u00fcben m\u00f6chten. Die Ergebnisse unseres Konfigurators beruhen auf internen Tests, die regelm\u00e4\u00dfig an Reifen durchgef\u00fchrt werden, um die beste Passform zu gew\u00e4hrleisten. Wenn Ihre [&hellip;]<\/p>\n","protected":false},"author":3,"featured_media":36186,"parent":0,"menu_order":0,"comment_status":"closed","ping_status":"closed","template":"","meta":{"_acf_changed":false,"footnotes":""},"page-category":[1550],"class_list":["post-17222","page","type-page","status-publish","has-post-thumbnail","hentry","page-category-b2c"],"acf":[],"yoast_head":"<!-- This site is optimized with the Yoast SEO plugin v26.8 - https:\/\/yoast.com\/product\/yoast-seo-wordpress\/ -->\n<title>Finden Sie kompatible Schneeketten f\u00fcr Ihren Lkw, Radlader, Traktor - K\u00f6nig<\/title>\n<meta name=\"description\" content=\"Finden Sie die richtigen K\u00f6nig-Schneeketten f\u00fcr Ihren Lkw, Radlader und Traktor. Es wird nur die Reifengr\u00f6\u00dfe ben\u00f6tigt.\" \/>\n<meta name=\"robots\" content=\"index, follow, max-snippet:-1, max-image-preview:large, max-video-preview:-1\" \/>\n<link rel=\"canonical\" href=\"https:\/\/www.konigchain.com\/at\/professional-konfigurator\/\" \/>\n<meta property=\"og:locale\" content=\"de_DE\" \/>\n<meta property=\"og:type\" content=\"article\" \/>\n<meta property=\"og:title\" content=\"Finden Sie kompatible Schneeketten f\u00fcr Ihren Lkw, Radlader, Traktor - K\u00f6nig\" \/>\n<meta property=\"og:description\" content=\"Finden Sie die richtigen K\u00f6nig-Schneeketten f\u00fcr Ihren Lkw, Radlader und Traktor. Es wird nur die Reifengr\u00f6\u00dfe ben\u00f6tigt.\" \/>\n<meta property=\"og:url\" content=\"https:\/\/www.konigchain.com\/at\/professional-konfigurator\/\" \/>\n<meta property=\"og:site_name\" content=\"K\u00f6nig\" \/>\n<meta property=\"article:modified_time\" content=\"2025-05-30T08:05:43+00:00\" \/>\n<meta property=\"og:image\" content=\"https:\/\/www.konigchain.com\/wp-content\/uploads\/2024\/06\/Konig-DR_Impact_Trattore-4-1024x684.jpg\" \/>\n\t<meta property=\"og:image:width\" content=\"1024\" \/>\n\t<meta property=\"og:image:height\" content=\"684\" \/>\n\t<meta property=\"og:image:type\" content=\"image\/webp\" \/>\n<meta name=\"twitter:card\" content=\"summary_large_image\" \/>\n<meta name=\"twitter:label1\" content=\"Gesch\u00e4tzte Lesezeit\" \/>\n\t<meta name=\"twitter:data1\" content=\"1 Minute\" \/>\n<script type=\"application\/ld+json\" class=\"yoast-schema-graph\">{\"@context\":\"https:\/\/schema.org\",\"@graph\":[{\"@type\":\"WebPage\",\"@id\":\"https:\/\/www.konigchain.com\/at\/professional-konfigurator\/\",\"url\":\"https:\/\/www.konigchain.com\/at\/professional-konfigurator\/\",\"name\":\"Finden Sie kompatible Schneeketten f\u00fcr Ihren Lkw, Radlader, Traktor - K\u00f6nig\",\"isPartOf\":{\"@id\":\"https:\/\/www.konigchain.com\/at\/#website\"},\"primaryImageOfPage\":{\"@id\":\"https:\/\/www.konigchain.com\/at\/professional-konfigurator\/#primaryimage\"},\"image\":{\"@id\":\"https:\/\/www.konigchain.com\/at\/professional-konfigurator\/#primaryimage\"},\"thumbnailUrl\":\"https:\/\/www.konigchain.com\/wp-content\/uploads\/2024\/06\/Konig-DR_Impact_Trattore-4.webp\",\"datePublished\":\"2024-01-09T12:35:49+00:00\",\"dateModified\":\"2025-05-30T08:05:43+00:00\",\"description\":\"Finden Sie die richtigen K\u00f6nig-Schneeketten f\u00fcr Ihren Lkw, Radlader und Traktor. Es wird nur die Reifengr\u00f6\u00dfe ben\u00f6tigt.\",\"breadcrumb\":{\"@id\":\"https:\/\/www.konigchain.com\/at\/professional-konfigurator\/#breadcrumb\"},\"inLanguage\":\"de-AT\",\"potentialAction\":[{\"@type\":\"ReadAction\",\"target\":[\"https:\/\/www.konigchain.com\/at\/professional-konfigurator\/\"]}]},{\"@type\":\"ImageObject\",\"inLanguage\":\"de-AT\",\"@id\":\"https:\/\/www.konigchain.com\/at\/professional-konfigurator\/#primaryimage\",\"url\":\"https:\/\/www.konigchain.com\/wp-content\/uploads\/2024\/06\/Konig-DR_Impact_Trattore-4.webp\",\"contentUrl\":\"https:\/\/www.konigchain.com\/wp-content\/uploads\/2024\/06\/Konig-DR_Impact_Trattore-4.webp\",\"width\":1920,\"height\":1283},{\"@type\":\"BreadcrumbList\",\"@id\":\"https:\/\/www.konigchain.com\/at\/professional-konfigurator\/#breadcrumb\",\"itemListElement\":[{\"@type\":\"ListItem\",\"position\":1,\"name\":\"Home\",\"item\":\"https:\/\/www.konigchain.com\/at\/\"},{\"@type\":\"ListItem\",\"position\":2,\"name\":\"Professional Konfigurator\"}]},{\"@type\":\"WebSite\",\"@id\":\"https:\/\/www.konigchain.com\/at\/#website\",\"url\":\"https:\/\/www.konigchain.com\/at\/\",\"name\":\"K\u00f6nig\",\"description\":\"\",\"publisher\":{\"@id\":\"https:\/\/www.konigchain.com\/at\/#organization\"},\"potentialAction\":[{\"@type\":\"SearchAction\",\"target\":{\"@type\":\"EntryPoint\",\"urlTemplate\":\"https:\/\/www.konigchain.com\/at\/?s={search_term_string}\"},\"query-input\":{\"@type\":\"PropertyValueSpecification\",\"valueRequired\":true,\"valueName\":\"search_term_string\"}}],\"inLanguage\":\"de-AT\"},{\"@type\":\"Organization\",\"@id\":\"https:\/\/www.konigchain.com\/at\/#organization\",\"name\":\"K\u00f6nig\",\"url\":\"https:\/\/www.konigchain.com\/at\/\",\"logo\":{\"@type\":\"ImageObject\",\"inLanguage\":\"de-AT\",\"@id\":\"https:\/\/www.konigchain.com\/at\/#\/schema\/logo\/image\/\",\"url\":\"https:\/\/www.konigchain.com\/wp-content\/uploads\/2023\/12\/logo-Konig-2016-BG.png\",\"contentUrl\":\"https:\/\/www.konigchain.com\/wp-content\/uploads\/2023\/12\/logo-Konig-2016-BG.png\",\"width\":3508,\"height\":2480,\"caption\":\"K\u00f6nig\"},\"image\":{\"@id\":\"https:\/\/www.konigchain.com\/at\/#\/schema\/logo\/image\/\"}}]}<\/script>\n<!-- \/ Yoast SEO plugin. -->","yoast_head_json":{"title":"Finden Sie kompatible Schneeketten f\u00fcr Ihren Lkw, Radlader, Traktor - K\u00f6nig","description":"Finden Sie die richtigen K\u00f6nig-Schneeketten f\u00fcr Ihren Lkw, Radlader und Traktor. Es wird nur die Reifengr\u00f6\u00dfe ben\u00f6tigt.","robots":{"index":"index","follow":"follow","max-snippet":"max-snippet:-1","max-image-preview":"max-image-preview:large","max-video-preview":"max-video-preview:-1"},"canonical":"https:\/\/www.konigchain.com\/at\/professional-konfigurator\/","og_locale":"de_DE","og_type":"article","og_title":"Finden Sie kompatible Schneeketten f\u00fcr Ihren Lkw, Radlader, Traktor - K\u00f6nig","og_description":"Finden Sie die richtigen K\u00f6nig-Schneeketten f\u00fcr Ihren Lkw, Radlader und Traktor. Es wird nur die Reifengr\u00f6\u00dfe ben\u00f6tigt.","og_url":"https:\/\/www.konigchain.com\/at\/professional-konfigurator\/","og_site_name":"K\u00f6nig","article_modified_time":"2025-05-30T08:05:43+00:00","og_image":[{"width":1024,"height":684,"url":"https:\/\/www.konigchain.com\/wp-content\/uploads\/2024\/06\/Konig-DR_Impact_Trattore-4-1024x684.jpg","type":"image\/webp"}],"twitter_card":"summary_large_image","twitter_misc":{"Gesch\u00e4tzte Lesezeit":"1 Minute"},"schema":{"@context":"https:\/\/schema.org","@graph":[{"@type":"WebPage","@id":"https:\/\/www.konigchain.com\/at\/professional-konfigurator\/","url":"https:\/\/www.konigchain.com\/at\/professional-konfigurator\/","name":"Finden Sie kompatible Schneeketten f\u00fcr Ihren Lkw, Radlader, Traktor - K\u00f6nig","isPartOf":{"@id":"https:\/\/www.konigchain.com\/at\/#website"},"primaryImageOfPage":{"@id":"https:\/\/www.konigchain.com\/at\/professional-konfigurator\/#primaryimage"},"image":{"@id":"https:\/\/www.konigchain.com\/at\/professional-konfigurator\/#primaryimage"},"thumbnailUrl":"https:\/\/www.konigchain.com\/wp-content\/uploads\/2024\/06\/Konig-DR_Impact_Trattore-4.webp","datePublished":"2024-01-09T12:35:49+00:00","dateModified":"2025-05-30T08:05:43+00:00","description":"Finden Sie die richtigen K\u00f6nig-Schneeketten f\u00fcr Ihren Lkw, Radlader und Traktor. Es wird nur die Reifengr\u00f6\u00dfe ben\u00f6tigt.","breadcrumb":{"@id":"https:\/\/www.konigchain.com\/at\/professional-konfigurator\/#breadcrumb"},"inLanguage":"de-AT","potentialAction":[{"@type":"ReadAction","target":["https:\/\/www.konigchain.com\/at\/professional-konfigurator\/"]}]},{"@type":"ImageObject","inLanguage":"de-AT","@id":"https:\/\/www.konigchain.com\/at\/professional-konfigurator\/#primaryimage","url":"https:\/\/www.konigchain.com\/wp-content\/uploads\/2024\/06\/Konig-DR_Impact_Trattore-4.webp","contentUrl":"https:\/\/www.konigchain.com\/wp-content\/uploads\/2024\/06\/Konig-DR_Impact_Trattore-4.webp","width":1920,"height":1283},{"@type":"BreadcrumbList","@id":"https:\/\/www.konigchain.com\/at\/professional-konfigurator\/#breadcrumb","itemListElement":[{"@type":"ListItem","position":1,"name":"Home","item":"https:\/\/www.konigchain.com\/at\/"},{"@type":"ListItem","position":2,"name":"Professional Konfigurator"}]},{"@type":"WebSite","@id":"https:\/\/www.konigchain.com\/at\/#website","url":"https:\/\/www.konigchain.com\/at\/","name":"K\u00f6nig","description":"","publisher":{"@id":"https:\/\/www.konigchain.com\/at\/#organization"},"potentialAction":[{"@type":"SearchAction","target":{"@type":"EntryPoint","urlTemplate":"https:\/\/www.konigchain.com\/at\/?s={search_term_string}"},"query-input":{"@type":"PropertyValueSpecification","valueRequired":true,"valueName":"search_term_string"}}],"inLanguage":"de-AT"},{"@type":"Organization","@id":"https:\/\/www.konigchain.com\/at\/#organization","name":"K\u00f6nig","url":"https:\/\/www.konigchain.com\/at\/","logo":{"@type":"ImageObject","inLanguage":"de-AT","@id":"https:\/\/www.konigchain.com\/at\/#\/schema\/logo\/image\/","url":"https:\/\/www.konigchain.com\/wp-content\/uploads\/2023\/12\/logo-Konig-2016-BG.png","contentUrl":"https:\/\/www.konigchain.com\/wp-content\/uploads\/2023\/12\/logo-Konig-2016-BG.png","width":3508,"height":2480,"caption":"K\u00f6nig"},"image":{"@id":"https:\/\/www.konigchain.com\/at\/#\/schema\/logo\/image\/"}}]}},"_links":{"self":[{"href":"https:\/\/www.konigchain.com\/at\/wp-json\/wp\/v2\/pages\/17222","targetHints":{"allow":["GET"]}}],"collection":[{"href":"https:\/\/www.konigchain.com\/at\/wp-json\/wp\/v2\/pages"}],"about":[{"href":"https:\/\/www.konigchain.com\/at\/wp-json\/wp\/v2\/types\/page"}],"author":[{"embeddable":true,"href":"https:\/\/www.konigchain.com\/at\/wp-json\/wp\/v2\/users\/3"}],"replies":[{"embeddable":true,"href":"https:\/\/www.konigchain.com\/at\/wp-json\/wp\/v2\/comments?post=17222"}],"version-history":[{"count":5,"href":"https:\/\/www.konigchain.com\/at\/wp-json\/wp\/v2\/pages\/17222\/revisions"}],"predecessor-version":[{"id":58755,"href":"https:\/\/www.konigchain.com\/at\/wp-json\/wp\/v2\/pages\/17222\/revisions\/58755"}],"wp:featuredmedia":[{"embeddable":true,"href":"https:\/\/www.konigchain.com\/at\/wp-json\/wp\/v2\/media\/36186"}],"wp:attachment":[{"href":"https:\/\/www.konigchain.com\/at\/wp-json\/wp\/v2\/media?parent=17222"}],"wp:term":[{"taxonomy":"page-category","embeddable":true,"href":"https:\/\/www.konigchain.com\/at\/wp-json\/wp\/v2\/page-category?post=17222"}],"curies":[{"name":"wp","href":"https:\/\/api.w.org\/{rel}","templated":true}]}}