{"id":17555,"date":"2024-01-08T15:55:46","date_gmt":"2024-01-08T14:55:46","guid":{"rendered":"https:\/\/wp1.konigchain.com\/snow-chains\/"},"modified":"2025-05-28T15:51:04","modified_gmt":"2025-05-28T13:51:04","slug":"schneeketten","status":"publish","type":"page","link":"https:\/\/www.konigchain.com\/at\/schneeketten\/","title":{"rendered":"Schneeketten"},"content":{"rendered":"\t\t<div data-elementor-type=\"wp-page\" data-elementor-id=\"17555\" class=\"elementor elementor-17555 elementor-1251\" data-elementor-post-type=\"page\">\n\t\t\t\t<div class=\"elementor-element elementor-element-11d87ac e-con-full e-flex e-con e-parent\" data-id=\"11d87ac\" data-element_type=\"container\" data-settings=\"{&quot;background_background&quot;:&quot;classic&quot;,&quot;background_motion_fx_motion_fx_scrolling&quot;:&quot;yes&quot;,&quot;background_motion_fx_devices&quot;:[&quot;desktop&quot;,&quot;tablet_extra&quot;,&quot;tablet&quot;,&quot;mobile&quot;]}\">\n\t\t<div class=\"elementor-element elementor-element-f6e4dee e-con-full e-flex e-con e-child\" data-id=\"f6e4dee\" data-element_type=\"container\" data-settings=\"{&quot;background_background&quot;:&quot;classic&quot;,&quot;background_motion_fx_motion_fx_scrolling&quot;:&quot;yes&quot;,&quot;background_motion_fx_translateY_effect&quot;:&quot;yes&quot;,&quot;background_motion_fx_translateY_speed&quot;:{&quot;unit&quot;:&quot;px&quot;,&quot;size&quot;:4,&quot;sizes&quot;:[]},&quot;background_motion_fx_translateY_affectedRange&quot;:{&quot;unit&quot;:&quot;%&quot;,&quot;size&quot;:&quot;&quot;,&quot;sizes&quot;:{&quot;start&quot;:0,&quot;end&quot;:100}},&quot;background_motion_fx_devices&quot;:[&quot;desktop&quot;,&quot;tablet_extra&quot;,&quot;tablet&quot;,&quot;mobile&quot;]}\">\n\t\t\t\t<div class=\"elementor-element elementor-element-5b60b37 elementor-widget elementor-widget-heading\" data-id=\"5b60b37\" data-element_type=\"widget\" data-widget_type=\"heading.default\">\n\t\t\t\t\t<h1 class=\"elementor-heading-title elementor-size-default\">Schneeketten<\/h1>\t\t\t\t<\/div>\n\t\t\t\t<div class=\"elementor-element elementor-element-3b7ecd2 elementor-widget__width-initial elementor-widget elementor-widget-heading\" data-id=\"3b7ecd2\" data-element_type=\"widget\" data-widget_type=\"heading.default\">\n\t\t\t\t\t<h2 class=\"elementor-heading-title elementor-size-default\">Produkte f\u00fcr Verbraucher und Gewerbetreibende<\/h2>\t\t\t\t<\/div>\n\t\t\t\t<\/div>\n\t\t\t\t<div class=\"elementor-element elementor-element-40f8d04 elementor-view-stacked elementor-shape-square elementor-invisible elementor-widget elementor-widget-icon\" data-id=\"40f8d04\" data-element_type=\"widget\" data-settings=\"{&quot;motion_fx_motion_fx_scrolling&quot;:&quot;yes&quot;,&quot;_animation&quot;:&quot;bounceIn&quot;,&quot;motion_fx_devices&quot;:[&quot;desktop&quot;,&quot;tablet&quot;],&quot;_animation_delay&quot;:10}\" data-widget_type=\"icon.default\">\n\t\t\t\t\t\t\t<div class=\"elementor-icon-wrapper\">\n\t\t\t<a class=\"elementor-icon\" href=\"#scroll-down\">\n\t\t\t<svg aria-hidden=\"true\" class=\"e-font-icon-svg e-fas-arrow-down\" viewBox=\"0 0 448 512\" xmlns=\"http:\/\/www.w3.org\/2000\/svg\"><path d=\"M413.1 222.5l22.2 22.2c9.4 9.4 9.4 24.6 0 33.9L241 473c-9.4 9.4-24.6 9.4-33.9 0L12.7 278.6c-9.4-9.4-9.4-24.6 0-33.9l22.2-22.2c9.5-9.5 25-9.3 34.3.4L184 343.4V56c0-13.3 10.7-24 24-24h32c13.3 0 24 10.7 24 24v287.4l114.8-120.5c9.3-9.8 24.8-10 34.3-.4z\"><\/path><\/svg>\t\t\t<\/a>\n\t\t<\/div>\n\t\t\t\t\t\t<\/div>\n\t\t\t\t<div class=\"elementor-element elementor-element-f9adbd0 elementor-widget elementor-widget-menu-anchor\" data-id=\"f9adbd0\" data-element_type=\"widget\" data-widget_type=\"menu-anchor.default\">\n\t\t\t\t\t\t\t<div class=\"elementor-menu-anchor\" id=\"scroll-down\"><\/div>\n\t\t\t\t\t\t<\/div>\n\t\t\t\t<\/div>\n\t\t<div class=\"elementor-element elementor-element-270b289 e-con-full e-flex e-con e-parent\" data-id=\"270b289\" data-element_type=\"container\" data-settings=\"{&quot;background_background&quot;:&quot;classic&quot;}\">\n\t\t\t\t<div class=\"elementor-element elementor-element-f70ac18 elementor-widget elementor-widget-text-editor\" data-id=\"f70ac18\" data-element_type=\"widget\" data-widget_type=\"text-editor.default\">\n\t\t\t\t\t\t\t\t\t<p>K\u00f6nig bietet weltweit f\u00fchrende Schneeketten an, die in Consumer- und Professional-Schneeketten unterteilt sind.<\/p><p>Verbraucher-Schneeketten sind in der Regel f\u00fcr Privatpersonen bestimmt, die ihr Fahrzeug im Winter auf verschneiten und vereisten Stra\u00dfen fahren. Die haupts\u00e4chlichen Zielfahrzeuge von Consumer Snow Chains sind Pkw, Crossover, Gel\u00e4ndewagen, Vans und Wohnmobile mit einer maximalen Gesamtmasse von 3,5 Tonnen und\/oder einer maximalen Anzahl von 9 Sitzen einschlie\u00dflich des Fahrers.<\/p><p>Im Rahmen des Professional-Portfolios bietet K\u00f6nig ein Produktsortiment an, das sich an Fachleute wendet, die im Winterdienst t\u00e4tig sind, d.h. an Busunternehmen, Unternehmen, die im G\u00fcterumschlag und in der Logistik t\u00e4tig sind, Schneer\u00e4um- und Stra\u00dfenmeistereien sowie Landwirte. Professionelle Schneeketten sind auch die bevorzugte Wahl f\u00fcr Fahrzeuge, die an Expeditionen und milit\u00e4rischen Eins\u00e4tzen teilnehmen.\u00a0Fahrzeuge, die f\u00fcr solche Aktivit\u00e4ten eingesetzt werden, haben eine zul\u00e4ssige Gesamtmasse von mehr als 3,5 Tonnen (max. 44 Tonnen) und\/oder eine Anzahl von mehr als 9 Sitzen.<\/p><p>Um das Produktportfolio zu erkunden, w\u00e4hlen Sie bitte zuerst das Segment aus, an dem Sie interessiert sind.<\/p>\t\t\t\t\t\t\t\t<\/div>\n\t\t\t\t<\/div>\n\t\t<div class=\"elementor-element elementor-element-16349c3 e-con-full e-flex e-con e-parent\" data-id=\"16349c3\" data-element_type=\"container\">\n\t\t<div class=\"elementor-element elementor-element-7726fd3 e-con-full e-flex e-con e-child\" data-id=\"7726fd3\" data-element_type=\"container\" data-settings=\"{&quot;background_background&quot;:&quot;classic&quot;,&quot;background_motion_fx_motion_fx_scrolling&quot;:&quot;yes&quot;,&quot;background_motion_fx_translateY_speed&quot;:{&quot;unit&quot;:&quot;px&quot;,&quot;size&quot;:3,&quot;sizes&quot;:[]},&quot;background_motion_fx_translateY_effect&quot;:&quot;yes&quot;,&quot;background_motion_fx_translateY_affectedRange&quot;:{&quot;unit&quot;:&quot;%&quot;,&quot;size&quot;:&quot;&quot;,&quot;sizes&quot;:{&quot;start&quot;:0,&quot;end&quot;:100}},&quot;background_motion_fx_devices&quot;:[&quot;desktop&quot;,&quot;tablet_extra&quot;,&quot;tablet&quot;,&quot;mobile&quot;]}\">\n\t\t\t\t<\/div>\n\t\t<div class=\"elementor-element elementor-element-e20ea70 e-con-full e-flex e-con e-child\" data-id=\"e20ea70\" data-element_type=\"container\">\n\t\t\t\t<div class=\"elementor-element elementor-element-d5558c8 elementor-widget-divider--view-line elementor-widget elementor-widget-divider\" data-id=\"d5558c8\" data-element_type=\"widget\" data-widget_type=\"divider.default\">\n\t\t\t\t\t\t\t<div class=\"elementor-divider\">\n\t\t\t<span class=\"elementor-divider-separator\">\n\t\t\t\t\t\t<\/span>\n\t\t<\/div>\n\t\t\t\t\t\t<\/div>\n\t\t\t\t<div class=\"elementor-element elementor-element-74aeac8 elementor-widget elementor-widget-heading\" data-id=\"74aeac8\" data-element_type=\"widget\" data-widget_type=\"heading.default\">\n\t\t\t\t\t<h2 class=\"elementor-heading-title elementor-size-default\">Schneeketten f\u00fcr Verbraucher<\/h2>\t\t\t\t<\/div>\n\t\t\t\t<div class=\"elementor-element elementor-element-aa879c1 elementor-widget elementor-widget-text-editor\" data-id=\"aa879c1\" data-element_type=\"widget\" data-widget_type=\"text-editor.default\">\n\t\t\t\t\t\t\t\t\t<p>Einfach zu montierende Schneeketten f\u00fcr Pkw, Crossover, SUVs, Vans und Wohnmobile: der perfekte Begleiter f\u00fcr Ihren Skiurlaub oder ganz allgemein f\u00fcr sicheres Fahren im Winter.<\/p><p>K\u00f6nig bietet weltweit f\u00fchrende Schneeketten, unterteilt in Consumer- und Professional-Schneeketten.<\/p><p>Die zu diesem Segment geh\u00f6renden Schneeketten werden im Allgemeinen von Nutzern gehandhabt, die nur selten Schneeketten verwenden. Aus diesem Grund sind die Produkte so konzipiert, dass sie einfach und leicht sind, um die Handhabung und Montage zu erleichtern.<\/p>\t\t\t\t\t\t\t\t<\/div>\n\t\t<div class=\"elementor-element elementor-element-1f1df78 e-flex e-con-boxed e-con e-child\" data-id=\"1f1df78\" data-element_type=\"container\">\n\t\t\t\t\t<div class=\"e-con-inner\">\n\t\t\t\t<div class=\"elementor-element elementor-element-c5779ce elementor-align-right elementor-mobile-align-center elementor-widget elementor-widget-button\" data-id=\"c5779ce\" data-element_type=\"widget\" data-widget_type=\"button.default\">\n\t\t\t\t\t\t\t\t\t\t<a class=\"elementor-button elementor-button-link elementor-size-sm\" href=\"https:\/\/www.konigchain.com\/at\/schneeketten-fur-verbraucher\/\">\n\t\t\t\t\t\t<span class=\"elementor-button-content-wrapper\">\n\t\t\t\t\t\t\t\t\t<span class=\"elementor-button-text\">Produkte<\/span>\n\t\t\t\t\t<\/span>\n\t\t\t\t\t<\/a>\n\t\t\t\t\t\t\t\t<\/div>\n\t\t\t\t<div class=\"elementor-element elementor-element-136ae99 elementor-widget elementor-widget-button\" data-id=\"136ae99\" data-element_type=\"widget\" data-widget_type=\"button.default\">\n\t\t\t\t\t\t\t\t\t\t<a class=\"elementor-button elementor-button-link elementor-size-sm\" href=\"https:\/\/www.konigchain.com\/at\/consumer-konfigurator\/\">\n\t\t\t\t\t\t<span class=\"elementor-button-content-wrapper\">\n\t\t\t\t\t\t\t\t\t<span class=\"elementor-button-text\">Konfigurator<\/span>\n\t\t\t\t\t<\/span>\n\t\t\t\t\t<\/a>\n\t\t\t\t\t\t\t\t<\/div>\n\t\t\t\t<div class=\"elementor-element elementor-element-67265f6 elementor-align-right elementor-mobile-align-center elementor-widget elementor-widget-button\" data-id=\"67265f6\" data-element_type=\"widget\" data-widget_type=\"button.default\">\n\t\t\t\t\t\t\t\t\t\t<a class=\"elementor-button elementor-button-link elementor-size-sm\" href=\"https:\/\/www.konigchain.com\/at\/schneekettentechnologie-fur-verbraucher\/\">\n\t\t\t\t\t\t<span class=\"elementor-button-content-wrapper\">\n\t\t\t\t\t\t\t\t\t<span class=\"elementor-button-text\">Technologie<\/span>\n\t\t\t\t\t<\/span>\n\t\t\t\t\t<\/a>\n\t\t\t\t\t\t\t\t<\/div>\n\t\t\t\t\t<\/div>\n\t\t\t\t<\/div>\n\t\t\t\t<\/div>\n\t\t\t\t<\/div>\n\t\t<div class=\"elementor-element elementor-element-e73a9bd e-con-full e-flex e-con e-parent\" data-id=\"e73a9bd\" data-element_type=\"container\">\n\t\t<div class=\"elementor-element elementor-element-ebfbb8c e-con-full e-flex e-con e-child\" data-id=\"ebfbb8c\" data-element_type=\"container\">\n\t\t<div class=\"elementor-element elementor-element-9de6a52 e-con-full e-flex e-con e-child\" data-id=\"9de6a52\" data-element_type=\"container\">\n\t\t\t\t<div class=\"elementor-element elementor-element-73c7bc0 elementor-widget-divider--view-line elementor-widget elementor-widget-divider\" data-id=\"73c7bc0\" data-element_type=\"widget\" data-widget_type=\"divider.default\">\n\t\t\t\t\t\t\t<div class=\"elementor-divider\">\n\t\t\t<span class=\"elementor-divider-separator\">\n\t\t\t\t\t\t<\/span>\n\t\t<\/div>\n\t\t\t\t\t\t<\/div>\n\t\t\t\t<div class=\"elementor-element elementor-element-da500a6 elementor-widget elementor-widget-heading\" data-id=\"da500a6\" data-element_type=\"widget\" data-widget_type=\"heading.default\">\n\t\t\t\t\t<h2 class=\"elementor-heading-title elementor-size-default\">Professionelle Schneeketten<\/h2>\t\t\t\t<\/div>\n\t\t\t\t<div class=\"elementor-element elementor-element-c1b8fad elementor-widget elementor-widget-text-editor\" data-id=\"c1b8fad\" data-element_type=\"widget\" data-widget_type=\"text-editor.default\">\n\t\t\t\t\t\t\t\t\t<p>Hochleistungs-Schneeketten f\u00fcr Offroad-Fahrzeuge, mittelschwere bis schwere Lkw, Schneer\u00e4umungsmaschinen, landwirtschaftliche Traktoren und Maschinen sowie Spezialfahrzeuge.<\/p><p>Gr\u00f6\u00dfere Fahrzeuge, anspruchsvollere Situationen, l\u00e4ngere Arbeitssitzungen &#8211; das sind die Bedingungen, mit denen die Fachleute leben m\u00fcssen. K\u00f6nig ist der zuverl\u00e4ssigste Partner, wenn es um die Versorgung von Fachkr\u00e4ften geht.<\/p>\t\t\t\t\t\t\t\t<\/div>\n\t\t<div class=\"elementor-element elementor-element-9cad410 e-flex e-con-boxed e-con e-child\" data-id=\"9cad410\" data-element_type=\"container\">\n\t\t\t\t\t<div class=\"e-con-inner\">\n\t\t\t\t<div class=\"elementor-element elementor-element-8cd685a elementor-align-right elementor-mobile-align-center elementor-widget elementor-widget-button\" data-id=\"8cd685a\" data-element_type=\"widget\" data-widget_type=\"button.default\">\n\t\t\t\t\t\t\t\t\t\t<a class=\"elementor-button elementor-button-link elementor-size-sm\" href=\"https:\/\/www.konigchain.com\/at\/professionelle-schneeketten\/\">\n\t\t\t\t\t\t<span class=\"elementor-button-content-wrapper\">\n\t\t\t\t\t\t\t\t\t<span class=\"elementor-button-text\">Produkte<\/span>\n\t\t\t\t\t<\/span>\n\t\t\t\t\t<\/a>\n\t\t\t\t\t\t\t\t<\/div>\n\t\t\t\t<div class=\"elementor-element elementor-element-39321c5 elementor-widget elementor-widget-button\" data-id=\"39321c5\" data-element_type=\"widget\" data-widget_type=\"button.default\">\n\t\t\t\t\t\t\t\t\t\t<a class=\"elementor-button elementor-button-link elementor-size-sm\" href=\"https:\/\/www.konigchain.com\/at\/professional-konfigurator\/\">\n\t\t\t\t\t\t<span class=\"elementor-button-content-wrapper\">\n\t\t\t\t\t\t\t\t\t<span class=\"elementor-button-text\">Konfigurator<\/span>\n\t\t\t\t\t<\/span>\n\t\t\t\t\t<\/a>\n\t\t\t\t\t\t\t\t<\/div>\n\t\t\t\t<div class=\"elementor-element elementor-element-49be43f elementor-align-right elementor-mobile-align-center elementor-widget elementor-widget-button\" data-id=\"49be43f\" data-element_type=\"widget\" data-widget_type=\"button.default\">\n\t\t\t\t\t\t\t\t\t\t<a class=\"elementor-button elementor-button-link elementor-size-sm\" href=\"https:\/\/www.konigchain.com\/at\/professionelle-schneeketten-technologie\/\">\n\t\t\t\t\t\t<span class=\"elementor-button-content-wrapper\">\n\t\t\t\t\t\t\t\t\t<span class=\"elementor-button-text\">Technologie<\/span>\n\t\t\t\t\t<\/span>\n\t\t\t\t\t<\/a>\n\t\t\t\t\t\t\t\t<\/div>\n\t\t\t\t\t<\/div>\n\t\t\t\t<\/div>\n\t\t\t\t<\/div>\n\t\t\t\t<\/div>\n\t\t<div class=\"elementor-element elementor-element-7503c00 e-con-full e-flex e-con e-child\" data-id=\"7503c00\" data-element_type=\"container\" data-settings=\"{&quot;background_background&quot;:&quot;classic&quot;,&quot;background_motion_fx_motion_fx_scrolling&quot;:&quot;yes&quot;,&quot;background_motion_fx_translateY_speed&quot;:{&quot;unit&quot;:&quot;px&quot;,&quot;size&quot;:7.3,&quot;sizes&quot;:[]},&quot;background_motion_fx_devices&quot;:[&quot;desktop&quot;],&quot;background_motion_fx_range&quot;:&quot;viewport&quot;,&quot;background_motion_fx_translateY_effect&quot;:&quot;yes&quot;,&quot;background_motion_fx_translateY_affectedRange&quot;:{&quot;unit&quot;:&quot;%&quot;,&quot;size&quot;:&quot;&quot;,&quot;sizes&quot;:{&quot;start&quot;:10,&quot;end&quot;:70}}}\">\n\t\t\t\t<\/div>\n\t\t\t\t<\/div>\n\t\t\t\t<\/div>\n\t\t","protected":false},"excerpt":{"rendered":"<p>Schneeketten Produkte f\u00fcr Verbraucher und Gewerbetreibende K\u00f6nig bietet weltweit f\u00fchrende Schneeketten an, die in Consumer- und Professional-Schneeketten unterteilt sind. Verbraucher-Schneeketten sind in der Regel f\u00fcr Privatpersonen bestimmt, die ihr Fahrzeug im Winter auf verschneiten und vereisten Stra\u00dfen fahren. Die haupts\u00e4chlichen Zielfahrzeuge von Consumer Snow Chains sind Pkw, Crossover, Gel\u00e4ndewagen, Vans und Wohnmobile mit einer maximalen [&hellip;]<\/p>\n","protected":false},"author":3,"featured_media":17447,"parent":0,"menu_order":0,"comment_status":"closed","ping_status":"closed","template":"","meta":{"_acf_changed":false,"footnotes":""},"page-category":[1550],"class_list":["post-17555","page","type-page","status-publish","has-post-thumbnail","hentry","page-category-b2c"],"acf":[],"yoast_head":"<!-- This site is optimized with the Yoast SEO plugin v26.8 - https:\/\/yoast.com\/product\/yoast-seo-wordpress\/ -->\n<title>Premium-Schneeketten, einfacher zu bedienen, sicherer und innovativer - K\u00f6nig<\/title>\n<meta name=\"description\" content=\"K\u00f6nig-Schneeketten, f\u00fchrend in Benutzerfreundlichkeit, Qualit\u00e4t und Zuverl\u00e4ssigkeit, sind f\u00fcr Pkw, SUVs und Vans, Lkw, Radlader und Traktoren erh\u00e4ltlich.\" \/>\n<meta name=\"robots\" content=\"index, follow, max-snippet:-1, max-image-preview:large, max-video-preview:-1\" \/>\n<link rel=\"canonical\" href=\"https:\/\/www.konigchain.com\/at\/schneeketten\/\" \/>\n<meta property=\"og:locale\" content=\"de_DE\" \/>\n<meta property=\"og:type\" content=\"article\" \/>\n<meta property=\"og:title\" content=\"Premium-Schneeketten, einfacher zu bedienen, sicherer und innovativer - K\u00f6nig\" \/>\n<meta property=\"og:description\" content=\"K\u00f6nig-Schneeketten, f\u00fchrend in Benutzerfreundlichkeit, Qualit\u00e4t und Zuverl\u00e4ssigkeit, sind f\u00fcr Pkw, SUVs und Vans, Lkw, Radlader und Traktoren erh\u00e4ltlich.\" \/>\n<meta property=\"og:url\" content=\"https:\/\/www.konigchain.com\/at\/schneeketten\/\" \/>\n<meta property=\"og:site_name\" content=\"K\u00f6nig\" \/>\n<meta property=\"article:modified_time\" content=\"2025-05-28T13:51:04+00:00\" \/>\n<meta property=\"og:image\" content=\"https:\/\/www.konigchain.com\/wp-content\/uploads\/2024\/07\/Konig-Reflex-Cross_Audi-Q3-43.jpg\" \/>\n\t<meta property=\"og:image:width\" content=\"2500\" \/>\n\t<meta property=\"og:image:height\" content=\"1454\" \/>\n\t<meta property=\"og:image:type\" content=\"image\/jpeg\" \/>\n<meta name=\"twitter:card\" content=\"summary_large_image\" \/>\n<meta name=\"twitter:label1\" content=\"Gesch\u00e4tzte Lesezeit\" \/>\n\t<meta name=\"twitter:data1\" content=\"2 Minuten\" \/>\n<script type=\"application\/ld+json\" class=\"yoast-schema-graph\">{\"@context\":\"https:\/\/schema.org\",\"@graph\":[{\"@type\":\"WebPage\",\"@id\":\"https:\/\/www.konigchain.com\/at\/schneeketten\/\",\"url\":\"https:\/\/www.konigchain.com\/at\/schneeketten\/\",\"name\":\"Premium-Schneeketten, einfacher zu bedienen, sicherer und innovativer - K\u00f6nig\",\"isPartOf\":{\"@id\":\"https:\/\/www.konigchain.com\/at\/#website\"},\"primaryImageOfPage\":{\"@id\":\"https:\/\/www.konigchain.com\/at\/schneeketten\/#primaryimage\"},\"image\":{\"@id\":\"https:\/\/www.konigchain.com\/at\/schneeketten\/#primaryimage\"},\"thumbnailUrl\":\"https:\/\/www.konigchain.com\/wp-content\/uploads\/2024\/07\/Konig-Reflex-Cross_Audi-Q3-43.jpg\",\"datePublished\":\"2024-01-08T14:55:46+00:00\",\"dateModified\":\"2025-05-28T13:51:04+00:00\",\"description\":\"K\u00f6nig-Schneeketten, f\u00fchrend in Benutzerfreundlichkeit, Qualit\u00e4t und Zuverl\u00e4ssigkeit, sind f\u00fcr Pkw, SUVs und Vans, Lkw, Radlader und Traktoren erh\u00e4ltlich.\",\"breadcrumb\":{\"@id\":\"https:\/\/www.konigchain.com\/at\/schneeketten\/#breadcrumb\"},\"inLanguage\":\"de-AT\",\"potentialAction\":[{\"@type\":\"ReadAction\",\"target\":[\"https:\/\/www.konigchain.com\/at\/schneeketten\/\"]}]},{\"@type\":\"ImageObject\",\"inLanguage\":\"de-AT\",\"@id\":\"https:\/\/www.konigchain.com\/at\/schneeketten\/#primaryimage\",\"url\":\"https:\/\/www.konigchain.com\/wp-content\/uploads\/2024\/07\/Konig-Reflex-Cross_Audi-Q3-43.jpg\",\"contentUrl\":\"https:\/\/www.konigchain.com\/wp-content\/uploads\/2024\/07\/Konig-Reflex-Cross_Audi-Q3-43.jpg\",\"width\":2500,\"height\":1454},{\"@type\":\"BreadcrumbList\",\"@id\":\"https:\/\/www.konigchain.com\/at\/schneeketten\/#breadcrumb\",\"itemListElement\":[{\"@type\":\"ListItem\",\"position\":1,\"name\":\"Home\",\"item\":\"https:\/\/www.konigchain.com\/at\/\"},{\"@type\":\"ListItem\",\"position\":2,\"name\":\"Schneeketten\"}]},{\"@type\":\"WebSite\",\"@id\":\"https:\/\/www.konigchain.com\/at\/#website\",\"url\":\"https:\/\/www.konigchain.com\/at\/\",\"name\":\"K\u00f6nig\",\"description\":\"\",\"publisher\":{\"@id\":\"https:\/\/www.konigchain.com\/at\/#organization\"},\"potentialAction\":[{\"@type\":\"SearchAction\",\"target\":{\"@type\":\"EntryPoint\",\"urlTemplate\":\"https:\/\/www.konigchain.com\/at\/?s={search_term_string}\"},\"query-input\":{\"@type\":\"PropertyValueSpecification\",\"valueRequired\":true,\"valueName\":\"search_term_string\"}}],\"inLanguage\":\"de-AT\"},{\"@type\":\"Organization\",\"@id\":\"https:\/\/www.konigchain.com\/at\/#organization\",\"name\":\"K\u00f6nig\",\"url\":\"https:\/\/www.konigchain.com\/at\/\",\"logo\":{\"@type\":\"ImageObject\",\"inLanguage\":\"de-AT\",\"@id\":\"https:\/\/www.konigchain.com\/at\/#\/schema\/logo\/image\/\",\"url\":\"https:\/\/www.konigchain.com\/wp-content\/uploads\/2023\/12\/logo-Konig-2016-BG.png\",\"contentUrl\":\"https:\/\/www.konigchain.com\/wp-content\/uploads\/2023\/12\/logo-Konig-2016-BG.png\",\"width\":3508,\"height\":2480,\"caption\":\"K\u00f6nig\"},\"image\":{\"@id\":\"https:\/\/www.konigchain.com\/at\/#\/schema\/logo\/image\/\"}}]}<\/script>\n<!-- \/ Yoast SEO plugin. -->","yoast_head_json":{"title":"Premium-Schneeketten, einfacher zu bedienen, sicherer und innovativer - K\u00f6nig","description":"K\u00f6nig-Schneeketten, f\u00fchrend in Benutzerfreundlichkeit, Qualit\u00e4t und Zuverl\u00e4ssigkeit, sind f\u00fcr Pkw, SUVs und Vans, Lkw, Radlader und Traktoren erh\u00e4ltlich.","robots":{"index":"index","follow":"follow","max-snippet":"max-snippet:-1","max-image-preview":"max-image-preview:large","max-video-preview":"max-video-preview:-1"},"canonical":"https:\/\/www.konigchain.com\/at\/schneeketten\/","og_locale":"de_DE","og_type":"article","og_title":"Premium-Schneeketten, einfacher zu bedienen, sicherer und innovativer - K\u00f6nig","og_description":"K\u00f6nig-Schneeketten, f\u00fchrend in Benutzerfreundlichkeit, Qualit\u00e4t und Zuverl\u00e4ssigkeit, sind f\u00fcr Pkw, SUVs und Vans, Lkw, Radlader und Traktoren erh\u00e4ltlich.","og_url":"https:\/\/www.konigchain.com\/at\/schneeketten\/","og_site_name":"K\u00f6nig","article_modified_time":"2025-05-28T13:51:04+00:00","og_image":[{"width":2500,"height":1454,"url":"https:\/\/www.konigchain.com\/wp-content\/uploads\/2024\/07\/Konig-Reflex-Cross_Audi-Q3-43.jpg","type":"image\/jpeg"}],"twitter_card":"summary_large_image","twitter_misc":{"Gesch\u00e4tzte Lesezeit":"2 Minuten"},"schema":{"@context":"https:\/\/schema.org","@graph":[{"@type":"WebPage","@id":"https:\/\/www.konigchain.com\/at\/schneeketten\/","url":"https:\/\/www.konigchain.com\/at\/schneeketten\/","name":"Premium-Schneeketten, einfacher zu bedienen, sicherer und innovativer - K\u00f6nig","isPartOf":{"@id":"https:\/\/www.konigchain.com\/at\/#website"},"primaryImageOfPage":{"@id":"https:\/\/www.konigchain.com\/at\/schneeketten\/#primaryimage"},"image":{"@id":"https:\/\/www.konigchain.com\/at\/schneeketten\/#primaryimage"},"thumbnailUrl":"https:\/\/www.konigchain.com\/wp-content\/uploads\/2024\/07\/Konig-Reflex-Cross_Audi-Q3-43.jpg","datePublished":"2024-01-08T14:55:46+00:00","dateModified":"2025-05-28T13:51:04+00:00","description":"K\u00f6nig-Schneeketten, f\u00fchrend in Benutzerfreundlichkeit, Qualit\u00e4t und Zuverl\u00e4ssigkeit, sind f\u00fcr Pkw, SUVs und Vans, Lkw, Radlader und Traktoren erh\u00e4ltlich.","breadcrumb":{"@id":"https:\/\/www.konigchain.com\/at\/schneeketten\/#breadcrumb"},"inLanguage":"de-AT","potentialAction":[{"@type":"ReadAction","target":["https:\/\/www.konigchain.com\/at\/schneeketten\/"]}]},{"@type":"ImageObject","inLanguage":"de-AT","@id":"https:\/\/www.konigchain.com\/at\/schneeketten\/#primaryimage","url":"https:\/\/www.konigchain.com\/wp-content\/uploads\/2024\/07\/Konig-Reflex-Cross_Audi-Q3-43.jpg","contentUrl":"https:\/\/www.konigchain.com\/wp-content\/uploads\/2024\/07\/Konig-Reflex-Cross_Audi-Q3-43.jpg","width":2500,"height":1454},{"@type":"BreadcrumbList","@id":"https:\/\/www.konigchain.com\/at\/schneeketten\/#breadcrumb","itemListElement":[{"@type":"ListItem","position":1,"name":"Home","item":"https:\/\/www.konigchain.com\/at\/"},{"@type":"ListItem","position":2,"name":"Schneeketten"}]},{"@type":"WebSite","@id":"https:\/\/www.konigchain.com\/at\/#website","url":"https:\/\/www.konigchain.com\/at\/","name":"K\u00f6nig","description":"","publisher":{"@id":"https:\/\/www.konigchain.com\/at\/#organization"},"potentialAction":[{"@type":"SearchAction","target":{"@type":"EntryPoint","urlTemplate":"https:\/\/www.konigchain.com\/at\/?s={search_term_string}"},"query-input":{"@type":"PropertyValueSpecification","valueRequired":true,"valueName":"search_term_string"}}],"inLanguage":"de-AT"},{"@type":"Organization","@id":"https:\/\/www.konigchain.com\/at\/#organization","name":"K\u00f6nig","url":"https:\/\/www.konigchain.com\/at\/","logo":{"@type":"ImageObject","inLanguage":"de-AT","@id":"https:\/\/www.konigchain.com\/at\/#\/schema\/logo\/image\/","url":"https:\/\/www.konigchain.com\/wp-content\/uploads\/2023\/12\/logo-Konig-2016-BG.png","contentUrl":"https:\/\/www.konigchain.com\/wp-content\/uploads\/2023\/12\/logo-Konig-2016-BG.png","width":3508,"height":2480,"caption":"K\u00f6nig"},"image":{"@id":"https:\/\/www.konigchain.com\/at\/#\/schema\/logo\/image\/"}}]}},"_links":{"self":[{"href":"https:\/\/www.konigchain.com\/at\/wp-json\/wp\/v2\/pages\/17555","targetHints":{"allow":["GET"]}}],"collection":[{"href":"https:\/\/www.konigchain.com\/at\/wp-json\/wp\/v2\/pages"}],"about":[{"href":"https:\/\/www.konigchain.com\/at\/wp-json\/wp\/v2\/types\/page"}],"author":[{"embeddable":true,"href":"https:\/\/www.konigchain.com\/at\/wp-json\/wp\/v2\/users\/3"}],"replies":[{"embeddable":true,"href":"https:\/\/www.konigchain.com\/at\/wp-json\/wp\/v2\/comments?post=17555"}],"version-history":[{"count":5,"href":"https:\/\/www.konigchain.com\/at\/wp-json\/wp\/v2\/pages\/17555\/revisions"}],"predecessor-version":[{"id":53248,"href":"https:\/\/www.konigchain.com\/at\/wp-json\/wp\/v2\/pages\/17555\/revisions\/53248"}],"wp:featuredmedia":[{"embeddable":true,"href":"https:\/\/www.konigchain.com\/at\/wp-json\/wp\/v2\/media\/17447"}],"wp:attachment":[{"href":"https:\/\/www.konigchain.com\/at\/wp-json\/wp\/v2\/media?parent=17555"}],"wp:term":[{"taxonomy":"page-category","embeddable":true,"href":"https:\/\/www.konigchain.com\/at\/wp-json\/wp\/v2\/page-category?post=17555"}],"curies":[{"name":"wp","href":"https:\/\/api.w.org\/{rel}","templated":true}]}}