{"id":18026,"date":"2024-04-30T07:54:15","date_gmt":"2024-04-30T05:54:15","guid":{"rendered":"https:\/\/wp1.konigchain.com\/snow-chains-technology\/"},"modified":"2025-08-27T12:24:51","modified_gmt":"2025-08-27T10:24:51","slug":"technologie-der-schneeketten","status":"publish","type":"page","link":"https:\/\/www.konigchain.com\/at\/technologie-der-schneeketten\/","title":{"rendered":"Technologie der Schneeketten"},"content":{"rendered":"\t\t<div data-elementor-type=\"wp-page\" data-elementor-id=\"18026\" class=\"elementor elementor-18026 elementor-3553\" data-elementor-post-type=\"page\">\n\t\t\t\t<div class=\"elementor-element elementor-element-6d5118d e-con-full e-flex e-con e-parent\" data-id=\"6d5118d\" data-element_type=\"container\" data-settings=\"{&quot;background_background&quot;:&quot;classic&quot;,&quot;background_motion_fx_motion_fx_scrolling&quot;:&quot;yes&quot;,&quot;background_motion_fx_devices&quot;:[&quot;desktop&quot;,&quot;tablet_extra&quot;,&quot;tablet&quot;,&quot;mobile&quot;]}\">\n\t\t<div class=\"elementor-element elementor-element-ede50e6 e-con-full e-flex e-con e-child\" data-id=\"ede50e6\" data-element_type=\"container\" data-settings=\"{&quot;background_background&quot;:&quot;classic&quot;,&quot;background_motion_fx_motion_fx_scrolling&quot;:&quot;yes&quot;,&quot;background_motion_fx_translateY_effect&quot;:&quot;yes&quot;,&quot;background_motion_fx_translateY_speed&quot;:{&quot;unit&quot;:&quot;px&quot;,&quot;size&quot;:4,&quot;sizes&quot;:[]},&quot;background_motion_fx_translateY_affectedRange&quot;:{&quot;unit&quot;:&quot;%&quot;,&quot;size&quot;:&quot;&quot;,&quot;sizes&quot;:{&quot;start&quot;:0,&quot;end&quot;:100}},&quot;background_motion_fx_devices&quot;:[&quot;desktop&quot;,&quot;tablet_extra&quot;,&quot;tablet&quot;,&quot;mobile&quot;]}\">\n\t\t\t\t<div class=\"elementor-element elementor-element-3f439b7 elementor-widget elementor-widget-heading\" data-id=\"3f439b7\" data-element_type=\"widget\" data-widget_type=\"heading.default\">\n\t\t\t\t\t<h1 class=\"elementor-heading-title elementor-size-default\">Technologie der Schneeketten\n<\/h1>\t\t\t\t<\/div>\n\t\t\t\t<div class=\"elementor-element elementor-element-612d356 elementor-widget__width-initial elementor-widget elementor-widget-heading\" data-id=\"612d356\" data-element_type=\"widget\" data-widget_type=\"heading.default\">\n\t\t\t\t\t<h2 class=\"elementor-heading-title elementor-size-default\">Einzigartige L\u00f6sungen, die unser Produkterlebnis zum Leuchten bringen\u200b<\/h2>\t\t\t\t<\/div>\n\t\t\t\t<\/div>\n\t\t\t\t<div class=\"elementor-element elementor-element-2d5b6ee elementor-view-stacked elementor-shape-square elementor-invisible elementor-widget elementor-widget-icon\" data-id=\"2d5b6ee\" data-element_type=\"widget\" data-settings=\"{&quot;motion_fx_motion_fx_scrolling&quot;:&quot;yes&quot;,&quot;_animation&quot;:&quot;bounceIn&quot;,&quot;motion_fx_devices&quot;:[&quot;desktop&quot;,&quot;tablet&quot;],&quot;_animation_delay&quot;:10}\" data-widget_type=\"icon.default\">\n\t\t\t\t\t\t\t<div class=\"elementor-icon-wrapper\">\n\t\t\t<a class=\"elementor-icon\" href=\"#scroll-down\">\n\t\t\t<svg aria-hidden=\"true\" class=\"e-font-icon-svg e-fas-arrow-down\" viewBox=\"0 0 448 512\" xmlns=\"http:\/\/www.w3.org\/2000\/svg\"><path d=\"M413.1 222.5l22.2 22.2c9.4 9.4 9.4 24.6 0 33.9L241 473c-9.4 9.4-24.6 9.4-33.9 0L12.7 278.6c-9.4-9.4-9.4-24.6 0-33.9l22.2-22.2c9.5-9.5 25-9.3 34.3.4L184 343.4V56c0-13.3 10.7-24 24-24h32c13.3 0 24 10.7 24 24v287.4l114.8-120.5c9.3-9.8 24.8-10 34.3-.4z\"><\/path><\/svg>\t\t\t<\/a>\n\t\t<\/div>\n\t\t\t\t\t\t<\/div>\n\t\t\t\t<div class=\"elementor-element elementor-element-20945ad elementor-widget elementor-widget-menu-anchor\" data-id=\"20945ad\" data-element_type=\"widget\" data-widget_type=\"menu-anchor.default\">\n\t\t\t\t\t\t\t<div class=\"elementor-menu-anchor\" id=\"scroll-down\"><\/div>\n\t\t\t\t\t\t<\/div>\n\t\t\t\t<\/div>\n\t\t<div class=\"elementor-element elementor-element-cd5fdb6 e-con-full e-flex e-con e-parent\" data-id=\"cd5fdb6\" data-element_type=\"container\" data-settings=\"{&quot;background_background&quot;:&quot;classic&quot;}\">\n\t\t\t\t<div class=\"elementor-element elementor-element-c50d6dc elementor-widget elementor-widget-text-editor\" data-id=\"c50d6dc\" data-element_type=\"widget\" data-widget_type=\"text-editor.default\">\n\t\t\t\t\t\t\t\t\t<p>Nach mehr als 50 Jahren Schneekettendesign und -entwicklung verf\u00fcgt K\u00f6nig \u00fcber eine breite Palette an propriet\u00e4ren Technologien, die in den verschiedenen Produktsegmenten und -kategorien eingesetzt werden<\/p>\t\t\t\t\t\t\t\t<\/div>\n\t\t\t\t<\/div>\n\t\t<div class=\"elementor-element elementor-element-c0a32fc e-con-full e-flex e-con e-parent\" data-id=\"c0a32fc\" data-element_type=\"container\" data-settings=\"{&quot;background_background&quot;:&quot;classic&quot;}\">\n\t\t<div class=\"elementor-element elementor-element-77bc04a e-con-full e-flex e-con e-child\" data-id=\"77bc04a\" data-element_type=\"container\" data-settings=\"{&quot;background_background&quot;:&quot;classic&quot;}\">\n\t\t\t\t<\/div>\n\t\t<div class=\"elementor-element elementor-element-bb99e61 e-con-full e-flex e-con e-child\" data-id=\"bb99e61\" data-element_type=\"container\">\n\t\t\t\t<div class=\"elementor-element elementor-element-97f642b elementor-widget-divider--view-line elementor-widget elementor-widget-divider\" data-id=\"97f642b\" data-element_type=\"widget\" data-widget_type=\"divider.default\">\n\t\t\t\t\t\t\t<div class=\"elementor-divider\">\n\t\t\t<span class=\"elementor-divider-separator\">\n\t\t\t\t\t\t<\/span>\n\t\t<\/div>\n\t\t\t\t\t\t<\/div>\n\t\t\t\t<div class=\"elementor-element elementor-element-a366851 elementor-widget elementor-widget-heading\" data-id=\"a366851\" data-element_type=\"widget\" data-widget_type=\"heading.default\">\n\t\t\t\t\t<h2 class=\"elementor-heading-title elementor-size-default\">Schneeketten technologie f\u00fcr Verbraucher<\/h2>\t\t\t\t<\/div>\n\t\t\t\t<div class=\"elementor-element elementor-element-6c0f8eb elementor-widget elementor-widget-text-editor\" data-id=\"6c0f8eb\" data-element_type=\"widget\" data-widget_type=\"text-editor.default\">\n\t\t\t\t\t\t\t\t\t<p style=\"text-align: center;\">Unsere Schneekettentechnologien f\u00fcr Verbraucher zielen darauf ab, Schneeketten f\u00fcr Autos, Crossover, SUVs und Vans sicherer, zuverl\u00e4ssiger und einfacher zu handhaben zu machen, vor allem f\u00fcr Menschen, die per Definition keine Schneekettenexperten sind.<\/p>\t\t\t\t\t\t\t\t<\/div>\n\t\t\t\t<div class=\"elementor-element elementor-element-5a43792 elementor-align-center elementor-widget elementor-widget-button\" data-id=\"5a43792\" data-element_type=\"widget\" data-widget_type=\"button.default\">\n\t\t\t\t\t\t\t\t\t\t<a class=\"elementor-button elementor-button-link elementor-size-sm\" href=\"https:\/\/www.konigchain.com\/at\/schneekettentechnologie-fur-verbraucher\/\">\n\t\t\t\t\t\t<span class=\"elementor-button-content-wrapper\">\n\t\t\t\t\t\t\t\t\t<span class=\"elementor-button-text\">Erkunden Sie<\/span>\n\t\t\t\t\t<\/span>\n\t\t\t\t\t<\/a>\n\t\t\t\t\t\t\t\t<\/div>\n\t\t\t\t<\/div>\n\t\t\t\t<\/div>\n\t\t<div class=\"elementor-element elementor-element-09e9b9f e-con-full e-flex e-con e-parent\" data-id=\"09e9b9f\" data-element_type=\"container\" data-settings=\"{&quot;background_background&quot;:&quot;classic&quot;}\">\n\t\t<div class=\"elementor-element elementor-element-480ed1d e-con-full e-flex e-con e-child\" data-id=\"480ed1d\" data-element_type=\"container\">\n\t\t\t\t<div class=\"elementor-element elementor-element-1a42e2b elementor-widget-divider--view-line elementor-widget elementor-widget-divider\" data-id=\"1a42e2b\" data-element_type=\"widget\" data-widget_type=\"divider.default\">\n\t\t\t\t\t\t\t<div class=\"elementor-divider\">\n\t\t\t<span class=\"elementor-divider-separator\">\n\t\t\t\t\t\t<\/span>\n\t\t<\/div>\n\t\t\t\t\t\t<\/div>\n\t\t\t\t<div class=\"elementor-element elementor-element-165eea8 elementor-widget elementor-widget-heading\" data-id=\"165eea8\" data-element_type=\"widget\" data-widget_type=\"heading.default\">\n\t\t\t\t\t<h2 class=\"elementor-heading-title elementor-size-default\">Professionelle Schneeketten-Technologie<\/h2>\t\t\t\t<\/div>\n\t\t\t\t<div class=\"elementor-element elementor-element-7fd144e elementor-widget elementor-widget-text-editor\" data-id=\"7fd144e\" data-element_type=\"widget\" data-widget_type=\"text-editor.default\">\n\t\t\t\t\t\t\t\t\t<p style=\"text-align: center;\">Die professionellen Schneekettentechnologien zielen darauf ab, Schneeketten f\u00fcr den professionellen Einsatz zuverl\u00e4ssiger, widerstandsf\u00e4higer und langlebiger zu machen.<\/p>\t\t\t\t\t\t\t\t<\/div>\n\t\t\t\t<div class=\"elementor-element elementor-element-8281e5d elementor-align-center elementor-widget elementor-widget-button\" data-id=\"8281e5d\" data-element_type=\"widget\" data-widget_type=\"button.default\">\n\t\t\t\t\t\t\t\t\t\t<a class=\"elementor-button elementor-button-link elementor-size-sm\" href=\"https:\/\/www.konigchain.com\/at\/professionelle-schneeketten-technologie\/\">\n\t\t\t\t\t\t<span class=\"elementor-button-content-wrapper\">\n\t\t\t\t\t\t\t\t\t<span class=\"elementor-button-text\">Erkunden Sie<\/span>\n\t\t\t\t\t<\/span>\n\t\t\t\t\t<\/a>\n\t\t\t\t\t\t\t\t<\/div>\n\t\t\t\t<\/div>\n\t\t<div class=\"elementor-element elementor-element-8cd338e e-con-full e-flex e-con e-child\" data-id=\"8cd338e\" data-element_type=\"container\" data-settings=\"{&quot;background_background&quot;:&quot;classic&quot;}\">\n\t\t\t\t<\/div>\n\t\t\t\t<\/div>\n\t\t\t\t<\/div>\n\t\t","protected":false},"excerpt":{"rendered":"<p>Technologie der Schneeketten Einzigartige L\u00f6sungen, die unser Produkterlebnis zum Leuchten bringen\u200b Nach mehr als 50 Jahren Schneekettendesign und -entwicklung verf\u00fcgt K\u00f6nig \u00fcber eine breite Palette an propriet\u00e4ren Technologien, die in den verschiedenen Produktsegmenten und -kategorien eingesetzt werden Schneeketten technologie f\u00fcr Verbraucher Unsere Schneekettentechnologien f\u00fcr Verbraucher zielen darauf ab, Schneeketten f\u00fcr Autos, Crossover, SUVs und Vans [&hellip;]<\/p>\n","protected":false},"author":3,"featured_media":18440,"parent":0,"menu_order":0,"comment_status":"closed","ping_status":"closed","template":"","meta":{"_acf_changed":false,"footnotes":""},"page-category":[1550],"class_list":["post-18026","page","type-page","status-publish","has-post-thumbnail","hentry","page-category-b2c"],"acf":[],"yoast_head":"<!-- This site is optimized with the Yoast SEO plugin v26.8 - https:\/\/yoast.com\/product\/yoast-seo-wordpress\/ -->\n<title>K\u00f6nig-Schneekettentechnologie f\u00fcr einfachere Handhabung und h\u00f6here Zuverl\u00e4ssigkeit<\/title>\n<meta name=\"description\" content=\"K\u00f6nig setzt modernste Technologien ein, die die Montage von Schneeketten einfacher und schneller machen und gleichzeitig die Traktion und Zuverl\u00e4ssigkeit auf schnee- und eisbedeckten Stra\u00dfen erhalten.\" \/>\n<meta name=\"robots\" content=\"index, follow, max-snippet:-1, max-image-preview:large, max-video-preview:-1\" \/>\n<link rel=\"canonical\" href=\"https:\/\/www.konigchain.com\/at\/technologie-der-schneeketten\/\" \/>\n<meta property=\"og:locale\" content=\"de_DE\" \/>\n<meta property=\"og:type\" content=\"article\" \/>\n<meta property=\"og:title\" content=\"K\u00f6nig-Schneekettentechnologie f\u00fcr einfachere Handhabung und h\u00f6here Zuverl\u00e4ssigkeit\" \/>\n<meta property=\"og:description\" content=\"K\u00f6nig setzt modernste Technologien ein, die die Montage von Schneeketten einfacher und schneller machen und gleichzeitig die Traktion und Zuverl\u00e4ssigkeit auf schnee- und eisbedeckten Stra\u00dfen erhalten.\" \/>\n<meta property=\"og:url\" content=\"https:\/\/www.konigchain.com\/at\/technologie-der-schneeketten\/\" \/>\n<meta property=\"og:site_name\" content=\"K\u00f6nig\" \/>\n<meta property=\"article:modified_time\" content=\"2025-08-27T10:24:51+00:00\" \/>\n<meta property=\"og:image\" content=\"https:\/\/www.konigchain.com\/wp-content\/uploads\/2024\/01\/Konig-Reflex-Edge_Golf_5-1-scaled.jpg\" \/>\n\t<meta property=\"og:image:width\" content=\"2560\" \/>\n\t<meta property=\"og:image:height\" content=\"1707\" \/>\n\t<meta property=\"og:image:type\" content=\"image\/webp\" \/>\n<meta name=\"twitter:card\" content=\"summary_large_image\" \/>\n<meta name=\"twitter:label1\" content=\"Gesch\u00e4tzte Lesezeit\" \/>\n\t<meta name=\"twitter:data1\" content=\"1 Minute\" \/>\n<script type=\"application\/ld+json\" class=\"yoast-schema-graph\">{\"@context\":\"https:\/\/schema.org\",\"@graph\":[{\"@type\":\"WebPage\",\"@id\":\"https:\/\/www.konigchain.com\/at\/technologie-der-schneeketten\/\",\"url\":\"https:\/\/www.konigchain.com\/at\/technologie-der-schneeketten\/\",\"name\":\"K\u00f6nig-Schneekettentechnologie f\u00fcr einfachere Handhabung und h\u00f6here Zuverl\u00e4ssigkeit\",\"isPartOf\":{\"@id\":\"https:\/\/www.konigchain.com\/at\/#website\"},\"primaryImageOfPage\":{\"@id\":\"https:\/\/www.konigchain.com\/at\/technologie-der-schneeketten\/#primaryimage\"},\"image\":{\"@id\":\"https:\/\/www.konigchain.com\/at\/technologie-der-schneeketten\/#primaryimage\"},\"thumbnailUrl\":\"https:\/\/www.konigchain.com\/wp-content\/uploads\/2024\/01\/Konig-Reflex-Edge_Golf_5-1-scaled.jpg\",\"datePublished\":\"2024-04-30T05:54:15+00:00\",\"dateModified\":\"2025-08-27T10:24:51+00:00\",\"description\":\"K\u00f6nig setzt modernste Technologien ein, die die Montage von Schneeketten einfacher und schneller machen und gleichzeitig die Traktion und Zuverl\u00e4ssigkeit auf schnee- und eisbedeckten Stra\u00dfen erhalten.\",\"breadcrumb\":{\"@id\":\"https:\/\/www.konigchain.com\/at\/technologie-der-schneeketten\/#breadcrumb\"},\"inLanguage\":\"de-AT\",\"potentialAction\":[{\"@type\":\"ReadAction\",\"target\":[\"https:\/\/www.konigchain.com\/at\/technologie-der-schneeketten\/\"]}]},{\"@type\":\"ImageObject\",\"inLanguage\":\"de-AT\",\"@id\":\"https:\/\/www.konigchain.com\/at\/technologie-der-schneeketten\/#primaryimage\",\"url\":\"https:\/\/www.konigchain.com\/wp-content\/uploads\/2024\/01\/Konig-Reflex-Edge_Golf_5-1-scaled.jpg\",\"contentUrl\":\"https:\/\/www.konigchain.com\/wp-content\/uploads\/2024\/01\/Konig-Reflex-Edge_Golf_5-1-scaled.jpg\",\"width\":2560,\"height\":1707},{\"@type\":\"BreadcrumbList\",\"@id\":\"https:\/\/www.konigchain.com\/at\/technologie-der-schneeketten\/#breadcrumb\",\"itemListElement\":[{\"@type\":\"ListItem\",\"position\":1,\"name\":\"Home\",\"item\":\"https:\/\/www.konigchain.com\/at\/\"},{\"@type\":\"ListItem\",\"position\":2,\"name\":\"Technologie der Schneeketten\"}]},{\"@type\":\"WebSite\",\"@id\":\"https:\/\/www.konigchain.com\/at\/#website\",\"url\":\"https:\/\/www.konigchain.com\/at\/\",\"name\":\"K\u00f6nig\",\"description\":\"\",\"publisher\":{\"@id\":\"https:\/\/www.konigchain.com\/at\/#organization\"},\"potentialAction\":[{\"@type\":\"SearchAction\",\"target\":{\"@type\":\"EntryPoint\",\"urlTemplate\":\"https:\/\/www.konigchain.com\/at\/?s={search_term_string}\"},\"query-input\":{\"@type\":\"PropertyValueSpecification\",\"valueRequired\":true,\"valueName\":\"search_term_string\"}}],\"inLanguage\":\"de-AT\"},{\"@type\":\"Organization\",\"@id\":\"https:\/\/www.konigchain.com\/at\/#organization\",\"name\":\"K\u00f6nig\",\"url\":\"https:\/\/www.konigchain.com\/at\/\",\"logo\":{\"@type\":\"ImageObject\",\"inLanguage\":\"de-AT\",\"@id\":\"https:\/\/www.konigchain.com\/at\/#\/schema\/logo\/image\/\",\"url\":\"https:\/\/www.konigchain.com\/wp-content\/uploads\/2023\/12\/logo-Konig-2016-BG.png\",\"contentUrl\":\"https:\/\/www.konigchain.com\/wp-content\/uploads\/2023\/12\/logo-Konig-2016-BG.png\",\"width\":3508,\"height\":2480,\"caption\":\"K\u00f6nig\"},\"image\":{\"@id\":\"https:\/\/www.konigchain.com\/at\/#\/schema\/logo\/image\/\"}}]}<\/script>\n<!-- \/ Yoast SEO plugin. -->","yoast_head_json":{"title":"K\u00f6nig-Schneekettentechnologie f\u00fcr einfachere Handhabung und h\u00f6here Zuverl\u00e4ssigkeit","description":"K\u00f6nig setzt modernste Technologien ein, die die Montage von Schneeketten einfacher und schneller machen und gleichzeitig die Traktion und Zuverl\u00e4ssigkeit auf schnee- und eisbedeckten Stra\u00dfen erhalten.","robots":{"index":"index","follow":"follow","max-snippet":"max-snippet:-1","max-image-preview":"max-image-preview:large","max-video-preview":"max-video-preview:-1"},"canonical":"https:\/\/www.konigchain.com\/at\/technologie-der-schneeketten\/","og_locale":"de_DE","og_type":"article","og_title":"K\u00f6nig-Schneekettentechnologie f\u00fcr einfachere Handhabung und h\u00f6here Zuverl\u00e4ssigkeit","og_description":"K\u00f6nig setzt modernste Technologien ein, die die Montage von Schneeketten einfacher und schneller machen und gleichzeitig die Traktion und Zuverl\u00e4ssigkeit auf schnee- und eisbedeckten Stra\u00dfen erhalten.","og_url":"https:\/\/www.konigchain.com\/at\/technologie-der-schneeketten\/","og_site_name":"K\u00f6nig","article_modified_time":"2025-08-27T10:24:51+00:00","og_image":[{"width":2560,"height":1707,"url":"https:\/\/www.konigchain.com\/wp-content\/uploads\/2024\/01\/Konig-Reflex-Edge_Golf_5-1-scaled.jpg","type":"image\/webp"}],"twitter_card":"summary_large_image","twitter_misc":{"Gesch\u00e4tzte Lesezeit":"1 Minute"},"schema":{"@context":"https:\/\/schema.org","@graph":[{"@type":"WebPage","@id":"https:\/\/www.konigchain.com\/at\/technologie-der-schneeketten\/","url":"https:\/\/www.konigchain.com\/at\/technologie-der-schneeketten\/","name":"K\u00f6nig-Schneekettentechnologie f\u00fcr einfachere Handhabung und h\u00f6here Zuverl\u00e4ssigkeit","isPartOf":{"@id":"https:\/\/www.konigchain.com\/at\/#website"},"primaryImageOfPage":{"@id":"https:\/\/www.konigchain.com\/at\/technologie-der-schneeketten\/#primaryimage"},"image":{"@id":"https:\/\/www.konigchain.com\/at\/technologie-der-schneeketten\/#primaryimage"},"thumbnailUrl":"https:\/\/www.konigchain.com\/wp-content\/uploads\/2024\/01\/Konig-Reflex-Edge_Golf_5-1-scaled.jpg","datePublished":"2024-04-30T05:54:15+00:00","dateModified":"2025-08-27T10:24:51+00:00","description":"K\u00f6nig setzt modernste Technologien ein, die die Montage von Schneeketten einfacher und schneller machen und gleichzeitig die Traktion und Zuverl\u00e4ssigkeit auf schnee- und eisbedeckten Stra\u00dfen erhalten.","breadcrumb":{"@id":"https:\/\/www.konigchain.com\/at\/technologie-der-schneeketten\/#breadcrumb"},"inLanguage":"de-AT","potentialAction":[{"@type":"ReadAction","target":["https:\/\/www.konigchain.com\/at\/technologie-der-schneeketten\/"]}]},{"@type":"ImageObject","inLanguage":"de-AT","@id":"https:\/\/www.konigchain.com\/at\/technologie-der-schneeketten\/#primaryimage","url":"https:\/\/www.konigchain.com\/wp-content\/uploads\/2024\/01\/Konig-Reflex-Edge_Golf_5-1-scaled.jpg","contentUrl":"https:\/\/www.konigchain.com\/wp-content\/uploads\/2024\/01\/Konig-Reflex-Edge_Golf_5-1-scaled.jpg","width":2560,"height":1707},{"@type":"BreadcrumbList","@id":"https:\/\/www.konigchain.com\/at\/technologie-der-schneeketten\/#breadcrumb","itemListElement":[{"@type":"ListItem","position":1,"name":"Home","item":"https:\/\/www.konigchain.com\/at\/"},{"@type":"ListItem","position":2,"name":"Technologie der Schneeketten"}]},{"@type":"WebSite","@id":"https:\/\/www.konigchain.com\/at\/#website","url":"https:\/\/www.konigchain.com\/at\/","name":"K\u00f6nig","description":"","publisher":{"@id":"https:\/\/www.konigchain.com\/at\/#organization"},"potentialAction":[{"@type":"SearchAction","target":{"@type":"EntryPoint","urlTemplate":"https:\/\/www.konigchain.com\/at\/?s={search_term_string}"},"query-input":{"@type":"PropertyValueSpecification","valueRequired":true,"valueName":"search_term_string"}}],"inLanguage":"de-AT"},{"@type":"Organization","@id":"https:\/\/www.konigchain.com\/at\/#organization","name":"K\u00f6nig","url":"https:\/\/www.konigchain.com\/at\/","logo":{"@type":"ImageObject","inLanguage":"de-AT","@id":"https:\/\/www.konigchain.com\/at\/#\/schema\/logo\/image\/","url":"https:\/\/www.konigchain.com\/wp-content\/uploads\/2023\/12\/logo-Konig-2016-BG.png","contentUrl":"https:\/\/www.konigchain.com\/wp-content\/uploads\/2023\/12\/logo-Konig-2016-BG.png","width":3508,"height":2480,"caption":"K\u00f6nig"},"image":{"@id":"https:\/\/www.konigchain.com\/at\/#\/schema\/logo\/image\/"}}]}},"_links":{"self":[{"href":"https:\/\/www.konigchain.com\/at\/wp-json\/wp\/v2\/pages\/18026","targetHints":{"allow":["GET"]}}],"collection":[{"href":"https:\/\/www.konigchain.com\/at\/wp-json\/wp\/v2\/pages"}],"about":[{"href":"https:\/\/www.konigchain.com\/at\/wp-json\/wp\/v2\/types\/page"}],"author":[{"embeddable":true,"href":"https:\/\/www.konigchain.com\/at\/wp-json\/wp\/v2\/users\/3"}],"replies":[{"embeddable":true,"href":"https:\/\/www.konigchain.com\/at\/wp-json\/wp\/v2\/comments?post=18026"}],"version-history":[{"count":5,"href":"https:\/\/www.konigchain.com\/at\/wp-json\/wp\/v2\/pages\/18026\/revisions"}],"predecessor-version":[{"id":68409,"href":"https:\/\/www.konigchain.com\/at\/wp-json\/wp\/v2\/pages\/18026\/revisions\/68409"}],"wp:featuredmedia":[{"embeddable":true,"href":"https:\/\/www.konigchain.com\/at\/wp-json\/wp\/v2\/media\/18440"}],"wp:attachment":[{"href":"https:\/\/www.konigchain.com\/at\/wp-json\/wp\/v2\/media?parent=18026"}],"wp:term":[{"taxonomy":"page-category","embeddable":true,"href":"https:\/\/www.konigchain.com\/at\/wp-json\/wp\/v2\/page-category?post=18026"}],"curies":[{"name":"wp","href":"https:\/\/api.w.org\/{rel}","templated":true}]}}