{"id":19533,"date":"2024-05-16T17:31:24","date_gmt":"2024-05-16T15:31:24","guid":{"rendered":"https:\/\/wp1.konigchain.com\/cookies\/"},"modified":"2025-07-30T14:59:20","modified_gmt":"2025-07-30T12:59:20","slug":"cookies","status":"publish","type":"page","link":"https:\/\/www.konigchain.com\/at\/cookies\/","title":{"rendered":"Cookies"},"content":{"rendered":"\t\t<div data-elementor-type=\"wp-page\" data-elementor-id=\"19533\" class=\"elementor elementor-19533 elementor-5694\" data-elementor-post-type=\"page\">\n\t\t\t\t<div class=\"elementor-element elementor-element-b679327 e-con-full e-flex e-con e-parent\" data-id=\"b679327\" data-element_type=\"container\" data-settings=\"{&quot;background_background&quot;:&quot;classic&quot;,&quot;background_motion_fx_motion_fx_scrolling&quot;:&quot;yes&quot;,&quot;background_motion_fx_devices&quot;:[&quot;desktop&quot;,&quot;tablet_extra&quot;,&quot;tablet&quot;,&quot;mobile&quot;]}\">\n\t\t<div class=\"elementor-element elementor-element-07cc075 e-con-full e-flex e-con e-child\" data-id=\"07cc075\" data-element_type=\"container\" data-settings=\"{&quot;background_background&quot;:&quot;classic&quot;,&quot;background_motion_fx_motion_fx_scrolling&quot;:&quot;yes&quot;,&quot;background_motion_fx_translateY_effect&quot;:&quot;yes&quot;,&quot;background_motion_fx_translateY_speed&quot;:{&quot;unit&quot;:&quot;px&quot;,&quot;size&quot;:4,&quot;sizes&quot;:[]},&quot;background_motion_fx_translateY_affectedRange&quot;:{&quot;unit&quot;:&quot;%&quot;,&quot;size&quot;:&quot;&quot;,&quot;sizes&quot;:{&quot;start&quot;:0,&quot;end&quot;:100}},&quot;background_motion_fx_devices&quot;:[&quot;desktop&quot;,&quot;tablet_extra&quot;,&quot;tablet&quot;,&quot;mobile&quot;]}\">\n\t\t\t\t<div class=\"elementor-element elementor-element-c0ba34e elementor-widget elementor-widget-heading\" data-id=\"c0ba34e\" data-element_type=\"widget\" data-widget_type=\"heading.default\">\n\t\t\t\t\t<h1 class=\"elementor-heading-title elementor-size-default\">Cookies<\/h1>\t\t\t\t<\/div>\n\t\t\t\t<\/div>\n\t\t\t\t<div class=\"elementor-element elementor-element-af438f4 elementor-view-stacked elementor-shape-square elementor-invisible elementor-widget elementor-widget-icon\" data-id=\"af438f4\" data-element_type=\"widget\" data-settings=\"{&quot;motion_fx_motion_fx_scrolling&quot;:&quot;yes&quot;,&quot;_animation&quot;:&quot;bounceIn&quot;,&quot;motion_fx_devices&quot;:[&quot;desktop&quot;,&quot;tablet&quot;],&quot;_animation_delay&quot;:10}\" data-widget_type=\"icon.default\">\n\t\t\t\t\t\t\t<div class=\"elementor-icon-wrapper\">\n\t\t\t<a class=\"elementor-icon\" href=\"#scroll-down\">\n\t\t\t<svg aria-hidden=\"true\" class=\"e-font-icon-svg e-fas-arrow-down\" viewBox=\"0 0 448 512\" xmlns=\"http:\/\/www.w3.org\/2000\/svg\"><path d=\"M413.1 222.5l22.2 22.2c9.4 9.4 9.4 24.6 0 33.9L241 473c-9.4 9.4-24.6 9.4-33.9 0L12.7 278.6c-9.4-9.4-9.4-24.6 0-33.9l22.2-22.2c9.5-9.5 25-9.3 34.3.4L184 343.4V56c0-13.3 10.7-24 24-24h32c13.3 0 24 10.7 24 24v287.4l114.8-120.5c9.3-9.8 24.8-10 34.3-.4z\"><\/path><\/svg>\t\t\t<\/a>\n\t\t<\/div>\n\t\t\t\t\t\t<\/div>\n\t\t\t\t<div class=\"elementor-element elementor-element-32b272a elementor-widget elementor-widget-menu-anchor\" data-id=\"32b272a\" data-element_type=\"widget\" data-widget_type=\"menu-anchor.default\">\n\t\t\t\t\t\t\t<div class=\"elementor-menu-anchor\" id=\"scroll-down\"><\/div>\n\t\t\t\t\t\t<\/div>\n\t\t\t\t<\/div>\n\t\t<div class=\"elementor-element elementor-element-3a4c2990 e-flex e-con-boxed e-con e-parent\" data-id=\"3a4c2990\" data-element_type=\"container\">\n\t\t\t\t\t<div class=\"e-con-inner\">\n\t\t\t\t<div class=\"elementor-element elementor-element-3bb9e4b1 elementor-widget elementor-widget-text-editor\" data-id=\"3bb9e4b1\" data-element_type=\"widget\" data-widget_type=\"text-editor.default\">\n\t\t\t\t\t\t\t\t\t<p>Auf dieser Website werden sogenannte Cookies verwendet. Ein Cookie ist eine kleine Datei, die auf Ihrem Computer gespeichert werden kann, wenn Sie eine Website besuchen. Grunds\u00e4tzlich werden Cookies verwendet, um Nutzern zus\u00e4tzliche Funktionen auf einer Website zu bieten. Sie k\u00f6nnen zum Beispiel verwendet werden, um Ihnen die Navigation auf einer Website zu erleichtern, es Ihnen zu erm\u00f6glichen, eine Website dort weiter zu verwenden, wo Sie sie verlassen haben und\/oder Ihre Pr\u00e4ferenzen und Einstellungen zu speichern, wenn Sie die Website wieder besuchen. Cookies k\u00f6nnen auf keine anderen Daten auf Ihrem Computer zugreifen, diese lesen oder ver\u00e4ndern.<\/p><p>Die meisten der Cookies auf dieser Website sind sogenannte Session-Cookies. Sie werden automatisch gel\u00f6scht, wenn Sie unsere Website wieder verlassen. Dauerhafte Cookies hingegen bleiben auf Ihrem Computer, bis Sie sie manuell in Ihrem Browser l\u00f6schen. Wir verwenden solche dauerhaften Cookies, um Sie wieder zu erkennen, wenn Sie unsere Website das n\u00e4chste Mal besuchen.<\/p><p>Wenn Sie Cookies auf Ihrem Computer kontrollieren wollen, k\u00f6nnen Sie ihre Browser-Einstellungen so w\u00e4hlen, dass Sie eine Benachrichtigung bekommen, wenn eine Website Cookies speichern will. Sie k\u00f6nnen Cookies auch blockieren oder l\u00f6schen, wenn sie bereits auf Ihrem Computer gespeichert wurden. Wenn Sie mehr dar\u00fcber wissen m\u00f6chten, wie Sie diese Schritte setzen k\u00f6nnen, ben\u00fctzen Sie bitte die \u201eHilfe\u201c-Funktion in Ihrem Browser.<\/p><p>Beachten Sie bitte, dass das Blockieren oder L\u00f6schen von Cookies Ihre Online-Erfahrung beeintr\u00e4chtigen und Sie daran hinter k\u00f6nnte, diese Website vollst\u00e4ndig zu nutzen.<\/p>\t\t\t\t\t\t\t\t<\/div>\n\t\t\t\t<div class=\"elementor-element elementor-element-9527274 elementor-widget elementor-widget-html\" data-id=\"9527274\" data-element_type=\"widget\" data-widget_type=\"html.default\">\n\t\t\t\t\t<div class=\"uc-embed\"><\/div>\t\t\t\t<\/div>\n\t\t\t\t\t<\/div>\n\t\t\t\t<\/div>\n\t\t\t\t<\/div>\n\t\t","protected":false},"excerpt":{"rendered":"<p>Cookies Auf dieser Website werden sogenannte Cookies verwendet. Ein Cookie ist eine kleine Datei, die auf Ihrem Computer gespeichert werden kann, wenn Sie eine Website besuchen. Grunds\u00e4tzlich werden Cookies verwendet, um Nutzern zus\u00e4tzliche Funktionen auf einer Website zu bieten. Sie k\u00f6nnen zum Beispiel verwendet werden, um Ihnen die Navigation auf einer Website zu erleichtern, es [&hellip;]<\/p>\n","protected":false},"author":3,"featured_media":0,"parent":0,"menu_order":0,"comment_status":"closed","ping_status":"closed","template":"","meta":{"_acf_changed":false,"footnotes":""},"page-category":[1550],"class_list":["post-19533","page","type-page","status-publish","hentry","page-category-b2c"],"acf":[],"yoast_head":"<!-- This site is optimized with the Yoast SEO plugin v26.8 - https:\/\/yoast.com\/product\/yoast-seo-wordpress\/ -->\n<title>Cookies - K\u00f6nig<\/title>\n<meta name=\"robots\" content=\"index, follow, max-snippet:-1, max-image-preview:large, max-video-preview:-1\" \/>\n<link rel=\"canonical\" href=\"https:\/\/www.konigchain.com\/at\/cookies\/\" \/>\n<meta property=\"og:locale\" content=\"de_DE\" \/>\n<meta property=\"og:type\" content=\"article\" \/>\n<meta property=\"og:title\" content=\"Cookies - K\u00f6nig\" \/>\n<meta property=\"og:description\" content=\"Cookies Auf dieser Website werden sogenannte Cookies verwendet. Ein Cookie ist eine kleine Datei, die auf Ihrem Computer gespeichert werden kann, wenn Sie eine Website besuchen. Grunds\u00e4tzlich werden Cookies verwendet, um Nutzern zus\u00e4tzliche Funktionen auf einer Website zu bieten. Sie k\u00f6nnen zum Beispiel verwendet werden, um Ihnen die Navigation auf einer Website zu erleichtern, es [&hellip;]\" \/>\n<meta property=\"og:url\" content=\"https:\/\/www.konigchain.com\/at\/cookies\/\" \/>\n<meta property=\"og:site_name\" content=\"K\u00f6nig\" \/>\n<meta property=\"article:modified_time\" content=\"2025-07-30T12:59:20+00:00\" \/>\n<meta property=\"og:image\" content=\"https:\/\/www.konigchain.com\/wp-content\/uploads\/2025\/06\/Konig-snowchains-website.jpg\" \/>\n\t<meta property=\"og:image:width\" content=\"1350\" \/>\n\t<meta property=\"og:image:height\" content=\"675\" \/>\n\t<meta property=\"og:image:type\" content=\"image\/jpeg\" \/>\n<meta name=\"twitter:card\" content=\"summary_large_image\" \/>\n<meta name=\"twitter:label1\" content=\"Gesch\u00e4tzte Lesezeit\" \/>\n\t<meta name=\"twitter:data1\" content=\"2 Minuten\" \/>\n<script type=\"application\/ld+json\" class=\"yoast-schema-graph\">{\"@context\":\"https:\/\/schema.org\",\"@graph\":[{\"@type\":\"WebPage\",\"@id\":\"https:\/\/www.konigchain.com\/at\/cookies\/\",\"url\":\"https:\/\/www.konigchain.com\/at\/cookies\/\",\"name\":\"Cookies - K\u00f6nig\",\"isPartOf\":{\"@id\":\"https:\/\/www.konigchain.com\/at\/#website\"},\"datePublished\":\"2024-05-16T15:31:24+00:00\",\"dateModified\":\"2025-07-30T12:59:20+00:00\",\"breadcrumb\":{\"@id\":\"https:\/\/www.konigchain.com\/at\/cookies\/#breadcrumb\"},\"inLanguage\":\"de-AT\",\"potentialAction\":[{\"@type\":\"ReadAction\",\"target\":[\"https:\/\/www.konigchain.com\/at\/cookies\/\"]}]},{\"@type\":\"BreadcrumbList\",\"@id\":\"https:\/\/www.konigchain.com\/at\/cookies\/#breadcrumb\",\"itemListElement\":[{\"@type\":\"ListItem\",\"position\":1,\"name\":\"Home\",\"item\":\"https:\/\/www.konigchain.com\/at\/\"},{\"@type\":\"ListItem\",\"position\":2,\"name\":\"Cookies\"}]},{\"@type\":\"WebSite\",\"@id\":\"https:\/\/www.konigchain.com\/at\/#website\",\"url\":\"https:\/\/www.konigchain.com\/at\/\",\"name\":\"K\u00f6nig\",\"description\":\"\",\"publisher\":{\"@id\":\"https:\/\/www.konigchain.com\/at\/#organization\"},\"potentialAction\":[{\"@type\":\"SearchAction\",\"target\":{\"@type\":\"EntryPoint\",\"urlTemplate\":\"https:\/\/www.konigchain.com\/at\/?s={search_term_string}\"},\"query-input\":{\"@type\":\"PropertyValueSpecification\",\"valueRequired\":true,\"valueName\":\"search_term_string\"}}],\"inLanguage\":\"de-AT\"},{\"@type\":\"Organization\",\"@id\":\"https:\/\/www.konigchain.com\/at\/#organization\",\"name\":\"K\u00f6nig\",\"url\":\"https:\/\/www.konigchain.com\/at\/\",\"logo\":{\"@type\":\"ImageObject\",\"inLanguage\":\"de-AT\",\"@id\":\"https:\/\/www.konigchain.com\/at\/#\/schema\/logo\/image\/\",\"url\":\"https:\/\/www.konigchain.com\/wp-content\/uploads\/2023\/12\/logo-Konig-2016-BG.png\",\"contentUrl\":\"https:\/\/www.konigchain.com\/wp-content\/uploads\/2023\/12\/logo-Konig-2016-BG.png\",\"width\":3508,\"height\":2480,\"caption\":\"K\u00f6nig\"},\"image\":{\"@id\":\"https:\/\/www.konigchain.com\/at\/#\/schema\/logo\/image\/\"}}]}<\/script>\n<!-- \/ Yoast SEO plugin. -->","yoast_head_json":{"title":"Cookies - K\u00f6nig","robots":{"index":"index","follow":"follow","max-snippet":"max-snippet:-1","max-image-preview":"max-image-preview:large","max-video-preview":"max-video-preview:-1"},"canonical":"https:\/\/www.konigchain.com\/at\/cookies\/","og_locale":"de_DE","og_type":"article","og_title":"Cookies - K\u00f6nig","og_description":"Cookies Auf dieser Website werden sogenannte Cookies verwendet. Ein Cookie ist eine kleine Datei, die auf Ihrem Computer gespeichert werden kann, wenn Sie eine Website besuchen. Grunds\u00e4tzlich werden Cookies verwendet, um Nutzern zus\u00e4tzliche Funktionen auf einer Website zu bieten. Sie k\u00f6nnen zum Beispiel verwendet werden, um Ihnen die Navigation auf einer Website zu erleichtern, es [&hellip;]","og_url":"https:\/\/www.konigchain.com\/at\/cookies\/","og_site_name":"K\u00f6nig","article_modified_time":"2025-07-30T12:59:20+00:00","og_image":[{"width":1350,"height":675,"url":"https:\/\/www.konigchain.com\/wp-content\/uploads\/2025\/06\/Konig-snowchains-website.jpg","type":"image\/jpeg"}],"twitter_card":"summary_large_image","twitter_misc":{"Gesch\u00e4tzte Lesezeit":"2 Minuten"},"schema":{"@context":"https:\/\/schema.org","@graph":[{"@type":"WebPage","@id":"https:\/\/www.konigchain.com\/at\/cookies\/","url":"https:\/\/www.konigchain.com\/at\/cookies\/","name":"Cookies - K\u00f6nig","isPartOf":{"@id":"https:\/\/www.konigchain.com\/at\/#website"},"datePublished":"2024-05-16T15:31:24+00:00","dateModified":"2025-07-30T12:59:20+00:00","breadcrumb":{"@id":"https:\/\/www.konigchain.com\/at\/cookies\/#breadcrumb"},"inLanguage":"de-AT","potentialAction":[{"@type":"ReadAction","target":["https:\/\/www.konigchain.com\/at\/cookies\/"]}]},{"@type":"BreadcrumbList","@id":"https:\/\/www.konigchain.com\/at\/cookies\/#breadcrumb","itemListElement":[{"@type":"ListItem","position":1,"name":"Home","item":"https:\/\/www.konigchain.com\/at\/"},{"@type":"ListItem","position":2,"name":"Cookies"}]},{"@type":"WebSite","@id":"https:\/\/www.konigchain.com\/at\/#website","url":"https:\/\/www.konigchain.com\/at\/","name":"K\u00f6nig","description":"","publisher":{"@id":"https:\/\/www.konigchain.com\/at\/#organization"},"potentialAction":[{"@type":"SearchAction","target":{"@type":"EntryPoint","urlTemplate":"https:\/\/www.konigchain.com\/at\/?s={search_term_string}"},"query-input":{"@type":"PropertyValueSpecification","valueRequired":true,"valueName":"search_term_string"}}],"inLanguage":"de-AT"},{"@type":"Organization","@id":"https:\/\/www.konigchain.com\/at\/#organization","name":"K\u00f6nig","url":"https:\/\/www.konigchain.com\/at\/","logo":{"@type":"ImageObject","inLanguage":"de-AT","@id":"https:\/\/www.konigchain.com\/at\/#\/schema\/logo\/image\/","url":"https:\/\/www.konigchain.com\/wp-content\/uploads\/2023\/12\/logo-Konig-2016-BG.png","contentUrl":"https:\/\/www.konigchain.com\/wp-content\/uploads\/2023\/12\/logo-Konig-2016-BG.png","width":3508,"height":2480,"caption":"K\u00f6nig"},"image":{"@id":"https:\/\/www.konigchain.com\/at\/#\/schema\/logo\/image\/"}}]}},"_links":{"self":[{"href":"https:\/\/www.konigchain.com\/at\/wp-json\/wp\/v2\/pages\/19533","targetHints":{"allow":["GET"]}}],"collection":[{"href":"https:\/\/www.konigchain.com\/at\/wp-json\/wp\/v2\/pages"}],"about":[{"href":"https:\/\/www.konigchain.com\/at\/wp-json\/wp\/v2\/types\/page"}],"author":[{"embeddable":true,"href":"https:\/\/www.konigchain.com\/at\/wp-json\/wp\/v2\/users\/3"}],"replies":[{"embeddable":true,"href":"https:\/\/www.konigchain.com\/at\/wp-json\/wp\/v2\/comments?post=19533"}],"version-history":[{"count":5,"href":"https:\/\/www.konigchain.com\/at\/wp-json\/wp\/v2\/pages\/19533\/revisions"}],"predecessor-version":[{"id":68317,"href":"https:\/\/www.konigchain.com\/at\/wp-json\/wp\/v2\/pages\/19533\/revisions\/68317"}],"wp:attachment":[{"href":"https:\/\/www.konigchain.com\/at\/wp-json\/wp\/v2\/media?parent=19533"}],"wp:term":[{"taxonomy":"page-category","embeddable":true,"href":"https:\/\/www.konigchain.com\/at\/wp-json\/wp\/v2\/page-category?post=19533"}],"curies":[{"name":"wp","href":"https:\/\/api.w.org\/{rel}","templated":true}]}}