{"id":19506,"date":"2024-05-16T17:28:40","date_gmt":"2024-05-16T15:28:40","guid":{"rendered":"https:\/\/wp1.konigchain.com\/imprint\/"},"modified":"2025-05-28T16:06:56","modified_gmt":"2025-05-28T14:06:56","slug":"impression","status":"publish","type":"page","link":"https:\/\/www.konigchain.com\/ch-fr\/impression\/","title":{"rendered":"Impression"},"content":{"rendered":"\t\t<div data-elementor-type=\"wp-page\" data-elementor-id=\"19506\" class=\"elementor elementor-19506 elementor-5686\" data-elementor-post-type=\"page\">\n\t\t\t\t<div class=\"elementor-element elementor-element-f55bd77 e-con-full e-flex e-con e-parent\" data-id=\"f55bd77\" data-element_type=\"container\" data-settings=\"{&quot;background_background&quot;:&quot;classic&quot;,&quot;background_motion_fx_motion_fx_scrolling&quot;:&quot;yes&quot;,&quot;background_motion_fx_devices&quot;:[&quot;desktop&quot;,&quot;tablet_extra&quot;,&quot;tablet&quot;,&quot;mobile&quot;]}\">\n\t\t<div class=\"elementor-element elementor-element-bb04337 e-con-full e-flex e-con e-child\" data-id=\"bb04337\" data-element_type=\"container\" data-settings=\"{&quot;background_background&quot;:&quot;classic&quot;,&quot;background_motion_fx_motion_fx_scrolling&quot;:&quot;yes&quot;,&quot;background_motion_fx_translateY_effect&quot;:&quot;yes&quot;,&quot;background_motion_fx_translateY_speed&quot;:{&quot;unit&quot;:&quot;px&quot;,&quot;size&quot;:4,&quot;sizes&quot;:[]},&quot;background_motion_fx_translateY_affectedRange&quot;:{&quot;unit&quot;:&quot;%&quot;,&quot;size&quot;:&quot;&quot;,&quot;sizes&quot;:{&quot;start&quot;:0,&quot;end&quot;:100}},&quot;background_motion_fx_devices&quot;:[&quot;desktop&quot;,&quot;tablet_extra&quot;,&quot;tablet&quot;,&quot;mobile&quot;]}\">\n\t\t\t\t<div class=\"elementor-element elementor-element-ee10b14 elementor-widget elementor-widget-heading\" data-id=\"ee10b14\" data-element_type=\"widget\" data-widget_type=\"heading.default\">\n\t\t\t\t\t<h1 class=\"elementor-heading-title elementor-size-default\">Imprint<\/h1>\t\t\t\t<\/div>\n\t\t\t\t<\/div>\n\t\t\t\t<div class=\"elementor-element elementor-element-5aaf0e1 elementor-view-stacked elementor-shape-square elementor-invisible elementor-widget elementor-widget-icon\" data-id=\"5aaf0e1\" data-element_type=\"widget\" data-settings=\"{&quot;motion_fx_motion_fx_scrolling&quot;:&quot;yes&quot;,&quot;_animation&quot;:&quot;bounceIn&quot;,&quot;motion_fx_devices&quot;:[&quot;desktop&quot;,&quot;tablet&quot;],&quot;_animation_delay&quot;:10}\" data-widget_type=\"icon.default\">\n\t\t\t\t\t\t\t<div class=\"elementor-icon-wrapper\">\n\t\t\t<a class=\"elementor-icon\" href=\"#scroll-down\">\n\t\t\t<svg aria-hidden=\"true\" class=\"e-font-icon-svg e-fas-arrow-down\" viewBox=\"0 0 448 512\" xmlns=\"http:\/\/www.w3.org\/2000\/svg\"><path d=\"M413.1 222.5l22.2 22.2c9.4 9.4 9.4 24.6 0 33.9L241 473c-9.4 9.4-24.6 9.4-33.9 0L12.7 278.6c-9.4-9.4-9.4-24.6 0-33.9l22.2-22.2c9.5-9.5 25-9.3 34.3.4L184 343.4V56c0-13.3 10.7-24 24-24h32c13.3 0 24 10.7 24 24v287.4l114.8-120.5c9.3-9.8 24.8-10 34.3-.4z\"><\/path><\/svg>\t\t\t<\/a>\n\t\t<\/div>\n\t\t\t\t\t\t<\/div>\n\t\t\t\t<div class=\"elementor-element elementor-element-66e095a elementor-widget elementor-widget-menu-anchor\" data-id=\"66e095a\" data-element_type=\"widget\" data-widget_type=\"menu-anchor.default\">\n\t\t\t\t\t\t\t<div class=\"elementor-menu-anchor\" id=\"scroll-down\"><\/div>\n\t\t\t\t\t\t<\/div>\n\t\t\t\t<\/div>\n\t\t<div class=\"elementor-element elementor-element-1ee2820 e-flex e-con-boxed e-con e-parent\" data-id=\"1ee2820\" data-element_type=\"container\">\n\t\t\t\t\t<div class=\"e-con-inner\">\n\t\t\t\t<div class=\"elementor-element elementor-element-3aae5e7 elementor-widget elementor-widget-text-editor\" data-id=\"3aae5e7\" data-element_type=\"widget\" data-widget_type=\"text-editor.default\">\n\t\t\t\t\t\t\t\t\t<p>Envoyez-nous un e-mail:\u00a0<a href=\"https:\/\/www.konigchain.com\/fr\/imprint\/#\" data-mailto-token=\"nbjmup+jogpAlpojhdibjo\/dpn\" data-mailto-vector=\"1\">info(at)konigchain.com<\/a><\/p><p><strong>K\u00f6nig Sas<\/strong><br \/>ZAE Plan de Cumin<br \/>269 Rue de la Jacqu\u00e8re<br \/>Les Marches<br \/>73800 Porte-De-Savoie<\/p><p>FRANCE<\/p><p><strong>K\u00f6nig S.p.A.<\/strong><br \/>23867 Suello (LC)<br \/>ITALY<br \/>info (at) konigchain.com<\/p><p>T\u00e9l\u00e9phone: +33 (0)4 79 28 05 10<br \/>Fax: +33\u00a0(0)4 79 28 08 61<\/p><p>NUM\u00c9RO TVA: FR 22324045640<\/p>\t\t\t\t\t\t\t\t<\/div>\n\t\t\t\t\t<\/div>\n\t\t\t\t<\/div>\n\t\t\t\t<\/div>\n\t\t","protected":false},"excerpt":{"rendered":"<p>Imprint Envoyez-nous un e-mail:\u00a0info(at)konigchain.com K\u00f6nig SasZAE Plan de Cumin269 Rue de la Jacqu\u00e8reLes Marches73800 Porte-De-Savoie FRANCE K\u00f6nig S.p.A.23867 Suello (LC)ITALYinfo (at) konigchain.com T\u00e9l\u00e9phone: +33 (0)4 79 28 05 10Fax: +33\u00a0(0)4 79 28 08 61 NUM\u00c9RO TVA: FR 22324045640<\/p>\n","protected":false},"author":3,"featured_media":0,"parent":0,"menu_order":0,"comment_status":"closed","ping_status":"closed","template":"","meta":{"_acf_changed":false,"footnotes":""},"page-category":[1550],"class_list":["post-19506","page","type-page","status-publish","hentry","page-category-b2c"],"acf":[],"yoast_head":"<!-- This site is optimized with the Yoast SEO plugin v26.8 - https:\/\/yoast.com\/product\/yoast-seo-wordpress\/ -->\n<title>Impression - K\u00f6nig<\/title>\n<meta name=\"robots\" content=\"index, follow, max-snippet:-1, max-image-preview:large, max-video-preview:-1\" \/>\n<link rel=\"canonical\" href=\"https:\/\/www.konigchain.com\/ch-fr\/impression\/\" \/>\n<meta property=\"og:locale\" content=\"fr_FR\" \/>\n<meta property=\"og:type\" content=\"article\" \/>\n<meta property=\"og:title\" content=\"Impression - K\u00f6nig\" \/>\n<meta property=\"og:description\" content=\"Imprint Envoyez-nous un e-mail:\u00a0info(at)konigchain.com K\u00f6nig SasZAE Plan de Cumin269 Rue de la Jacqu\u00e8reLes Marches73800 Porte-De-Savoie FRANCE K\u00f6nig S.p.A.23867 Suello (LC)ITALYinfo (at) konigchain.com T\u00e9l\u00e9phone: +33 (0)4 79 28 05 10Fax: +33\u00a0(0)4 79 28 08 61 NUM\u00c9RO TVA: FR 22324045640\" \/>\n<meta property=\"og:url\" content=\"https:\/\/www.konigchain.com\/ch-fr\/impression\/\" \/>\n<meta property=\"og:site_name\" content=\"K\u00f6nig\" \/>\n<meta property=\"article:modified_time\" content=\"2025-05-28T14:06:56+00:00\" \/>\n<meta property=\"og:image\" content=\"https:\/\/www.konigchain.com\/wp-content\/uploads\/2025\/06\/Konig-snowchains-website.jpg\" \/>\n\t<meta property=\"og:image:width\" content=\"1350\" \/>\n\t<meta property=\"og:image:height\" content=\"675\" \/>\n\t<meta property=\"og:image:type\" content=\"image\/jpeg\" \/>\n<meta name=\"twitter:card\" content=\"summary_large_image\" \/>\n<meta name=\"twitter:label1\" content=\"Est. reading time\" \/>\n\t<meta name=\"twitter:data1\" content=\"1 minute\" \/>\n<script type=\"application\/ld+json\" class=\"yoast-schema-graph\">{\"@context\":\"https:\/\/schema.org\",\"@graph\":[{\"@type\":\"WebPage\",\"@id\":\"https:\/\/www.konigchain.com\/ch-fr\/impression\/\",\"url\":\"https:\/\/www.konigchain.com\/ch-fr\/impression\/\",\"name\":\"Impression - K\u00f6nig\",\"isPartOf\":{\"@id\":\"https:\/\/www.konigchain.com\/ch-fr\/#website\"},\"datePublished\":\"2024-05-16T15:28:40+00:00\",\"dateModified\":\"2025-05-28T14:06:56+00:00\",\"breadcrumb\":{\"@id\":\"https:\/\/www.konigchain.com\/ch-fr\/impression\/#breadcrumb\"},\"inLanguage\":\"fr-CH\",\"potentialAction\":[{\"@type\":\"ReadAction\",\"target\":[\"https:\/\/www.konigchain.com\/ch-fr\/impression\/\"]}]},{\"@type\":\"BreadcrumbList\",\"@id\":\"https:\/\/www.konigchain.com\/ch-fr\/impression\/#breadcrumb\",\"itemListElement\":[{\"@type\":\"ListItem\",\"position\":1,\"name\":\"Home\",\"item\":\"https:\/\/www.konigchain.com\/ch-fr\/\"},{\"@type\":\"ListItem\",\"position\":2,\"name\":\"Impression\"}]},{\"@type\":\"WebSite\",\"@id\":\"https:\/\/www.konigchain.com\/ch-fr\/#website\",\"url\":\"https:\/\/www.konigchain.com\/ch-fr\/\",\"name\":\"K\u00f6nig\",\"description\":\"\",\"publisher\":{\"@id\":\"https:\/\/www.konigchain.com\/ch-fr\/#organization\"},\"potentialAction\":[{\"@type\":\"SearchAction\",\"target\":{\"@type\":\"EntryPoint\",\"urlTemplate\":\"https:\/\/www.konigchain.com\/ch-fr\/?s={search_term_string}\"},\"query-input\":{\"@type\":\"PropertyValueSpecification\",\"valueRequired\":true,\"valueName\":\"search_term_string\"}}],\"inLanguage\":\"fr-CH\"},{\"@type\":\"Organization\",\"@id\":\"https:\/\/www.konigchain.com\/ch-fr\/#organization\",\"name\":\"K\u00f6nig\",\"url\":\"https:\/\/www.konigchain.com\/ch-fr\/\",\"logo\":{\"@type\":\"ImageObject\",\"inLanguage\":\"fr-CH\",\"@id\":\"https:\/\/www.konigchain.com\/ch-fr\/#\/schema\/logo\/image\/\",\"url\":\"https:\/\/www.konigchain.com\/wp-content\/uploads\/2023\/12\/logo-Konig-2016-BG.png\",\"contentUrl\":\"https:\/\/www.konigchain.com\/wp-content\/uploads\/2023\/12\/logo-Konig-2016-BG.png\",\"width\":3508,\"height\":2480,\"caption\":\"K\u00f6nig\"},\"image\":{\"@id\":\"https:\/\/www.konigchain.com\/ch-fr\/#\/schema\/logo\/image\/\"}}]}<\/script>\n<!-- \/ Yoast SEO plugin. -->","yoast_head_json":{"title":"Impression - K\u00f6nig","robots":{"index":"index","follow":"follow","max-snippet":"max-snippet:-1","max-image-preview":"max-image-preview:large","max-video-preview":"max-video-preview:-1"},"canonical":"https:\/\/www.konigchain.com\/ch-fr\/impression\/","og_locale":"fr_FR","og_type":"article","og_title":"Impression - K\u00f6nig","og_description":"Imprint Envoyez-nous un e-mail:\u00a0info(at)konigchain.com K\u00f6nig SasZAE Plan de Cumin269 Rue de la Jacqu\u00e8reLes Marches73800 Porte-De-Savoie FRANCE K\u00f6nig S.p.A.23867 Suello (LC)ITALYinfo (at) konigchain.com T\u00e9l\u00e9phone: +33 (0)4 79 28 05 10Fax: +33\u00a0(0)4 79 28 08 61 NUM\u00c9RO TVA: FR 22324045640","og_url":"https:\/\/www.konigchain.com\/ch-fr\/impression\/","og_site_name":"K\u00f6nig","article_modified_time":"2025-05-28T14:06:56+00:00","og_image":[{"width":1350,"height":675,"url":"https:\/\/www.konigchain.com\/wp-content\/uploads\/2025\/06\/Konig-snowchains-website.jpg","type":"image\/jpeg"}],"twitter_card":"summary_large_image","twitter_misc":{"Est. reading time":"1 minute"},"schema":{"@context":"https:\/\/schema.org","@graph":[{"@type":"WebPage","@id":"https:\/\/www.konigchain.com\/ch-fr\/impression\/","url":"https:\/\/www.konigchain.com\/ch-fr\/impression\/","name":"Impression - K\u00f6nig","isPartOf":{"@id":"https:\/\/www.konigchain.com\/ch-fr\/#website"},"datePublished":"2024-05-16T15:28:40+00:00","dateModified":"2025-05-28T14:06:56+00:00","breadcrumb":{"@id":"https:\/\/www.konigchain.com\/ch-fr\/impression\/#breadcrumb"},"inLanguage":"fr-CH","potentialAction":[{"@type":"ReadAction","target":["https:\/\/www.konigchain.com\/ch-fr\/impression\/"]}]},{"@type":"BreadcrumbList","@id":"https:\/\/www.konigchain.com\/ch-fr\/impression\/#breadcrumb","itemListElement":[{"@type":"ListItem","position":1,"name":"Home","item":"https:\/\/www.konigchain.com\/ch-fr\/"},{"@type":"ListItem","position":2,"name":"Impression"}]},{"@type":"WebSite","@id":"https:\/\/www.konigchain.com\/ch-fr\/#website","url":"https:\/\/www.konigchain.com\/ch-fr\/","name":"K\u00f6nig","description":"","publisher":{"@id":"https:\/\/www.konigchain.com\/ch-fr\/#organization"},"potentialAction":[{"@type":"SearchAction","target":{"@type":"EntryPoint","urlTemplate":"https:\/\/www.konigchain.com\/ch-fr\/?s={search_term_string}"},"query-input":{"@type":"PropertyValueSpecification","valueRequired":true,"valueName":"search_term_string"}}],"inLanguage":"fr-CH"},{"@type":"Organization","@id":"https:\/\/www.konigchain.com\/ch-fr\/#organization","name":"K\u00f6nig","url":"https:\/\/www.konigchain.com\/ch-fr\/","logo":{"@type":"ImageObject","inLanguage":"fr-CH","@id":"https:\/\/www.konigchain.com\/ch-fr\/#\/schema\/logo\/image\/","url":"https:\/\/www.konigchain.com\/wp-content\/uploads\/2023\/12\/logo-Konig-2016-BG.png","contentUrl":"https:\/\/www.konigchain.com\/wp-content\/uploads\/2023\/12\/logo-Konig-2016-BG.png","width":3508,"height":2480,"caption":"K\u00f6nig"},"image":{"@id":"https:\/\/www.konigchain.com\/ch-fr\/#\/schema\/logo\/image\/"}}]}},"_links":{"self":[{"href":"https:\/\/www.konigchain.com\/ch-fr\/wp-json\/wp\/v2\/pages\/19506","targetHints":{"allow":["GET"]}}],"collection":[{"href":"https:\/\/www.konigchain.com\/ch-fr\/wp-json\/wp\/v2\/pages"}],"about":[{"href":"https:\/\/www.konigchain.com\/ch-fr\/wp-json\/wp\/v2\/types\/page"}],"author":[{"embeddable":true,"href":"https:\/\/www.konigchain.com\/ch-fr\/wp-json\/wp\/v2\/users\/3"}],"replies":[{"embeddable":true,"href":"https:\/\/www.konigchain.com\/ch-fr\/wp-json\/wp\/v2\/comments?post=19506"}],"version-history":[{"count":5,"href":"https:\/\/www.konigchain.com\/ch-fr\/wp-json\/wp\/v2\/pages\/19506\/revisions"}],"predecessor-version":[{"id":51409,"href":"https:\/\/www.konigchain.com\/ch-fr\/wp-json\/wp\/v2\/pages\/19506\/revisions\/51409"}],"wp:attachment":[{"href":"https:\/\/www.konigchain.com\/ch-fr\/wp-json\/wp\/v2\/media?parent=19506"}],"wp:term":[{"taxonomy":"page-category","embeddable":true,"href":"https:\/\/www.konigchain.com\/ch-fr\/wp-json\/wp\/v2\/page-category?post=19506"}],"curies":[{"name":"wp","href":"https:\/\/api.w.org\/{rel}","templated":true}]}}