{"id":17103,"date":"2024-04-25T17:24:39","date_gmt":"2024-04-25T15:24:39","guid":{"rendered":"https:\/\/wp1.konigchain.com\/snow-chains-configurator\/"},"modified":"2025-07-14T10:00:53","modified_gmt":"2025-07-14T08:00:53","slug":"configuratore","status":"publish","type":"page","link":"https:\/\/www.konigchain.com\/ch-it\/configuratore\/","title":{"rendered":"Configuratore"},"content":{"rendered":"\t\t<div data-elementor-type=\"wp-page\" data-elementor-id=\"17103\" class=\"elementor elementor-17103 elementor-2916\" data-elementor-post-type=\"page\">\n\t\t\t\t<div class=\"elementor-element elementor-element-73953f1 e-con-full e-flex e-con e-parent\" data-id=\"73953f1\" data-element_type=\"container\" data-settings=\"{&quot;background_background&quot;:&quot;classic&quot;,&quot;background_motion_fx_motion_fx_scrolling&quot;:&quot;yes&quot;,&quot;background_motion_fx_devices&quot;:[&quot;desktop&quot;,&quot;tablet_extra&quot;,&quot;tablet&quot;,&quot;mobile&quot;]}\">\n\t\t<div class=\"elementor-element elementor-element-54ff274 e-con-full e-flex e-con e-child\" data-id=\"54ff274\" data-element_type=\"container\" data-settings=\"{&quot;background_background&quot;:&quot;classic&quot;,&quot;background_motion_fx_motion_fx_scrolling&quot;:&quot;yes&quot;,&quot;background_motion_fx_translateY_effect&quot;:&quot;yes&quot;,&quot;background_motion_fx_translateY_speed&quot;:{&quot;unit&quot;:&quot;px&quot;,&quot;size&quot;:4,&quot;sizes&quot;:[]},&quot;background_motion_fx_translateY_affectedRange&quot;:{&quot;unit&quot;:&quot;%&quot;,&quot;size&quot;:&quot;&quot;,&quot;sizes&quot;:{&quot;start&quot;:0,&quot;end&quot;:100}},&quot;background_motion_fx_devices&quot;:[&quot;desktop&quot;,&quot;tablet_extra&quot;,&quot;tablet&quot;,&quot;mobile&quot;]}\">\n\t\t\t\t<div class=\"elementor-element elementor-element-aeda191 elementor-widget elementor-widget-heading\" data-id=\"aeda191\" data-element_type=\"widget\" data-widget_type=\"heading.default\">\n\t\t\t\t\t<h1 class=\"elementor-heading-title elementor-size-default\">Configuratore catene da neve<\/h1>\t\t\t\t<\/div>\n\t\t\t\t<div class=\"elementor-element elementor-element-dc3f064 elementor-widget__width-initial elementor-widget elementor-widget-heading\" data-id=\"dc3f064\" data-element_type=\"widget\" data-widget_type=\"heading.default\">\n\t\t\t\t\t<h2 class=\"elementor-heading-title elementor-size-default\">Scopri le catene da neve perfette\u200b<\/h2>\t\t\t\t<\/div>\n\t\t\t\t<\/div>\n\t\t\t\t<div class=\"elementor-element elementor-element-a23017a elementor-view-stacked elementor-shape-square elementor-invisible elementor-widget elementor-widget-icon\" data-id=\"a23017a\" data-element_type=\"widget\" data-settings=\"{&quot;motion_fx_motion_fx_scrolling&quot;:&quot;yes&quot;,&quot;_animation&quot;:&quot;bounceIn&quot;,&quot;motion_fx_devices&quot;:[&quot;desktop&quot;,&quot;tablet&quot;],&quot;_animation_delay&quot;:10}\" data-widget_type=\"icon.default\">\n\t\t\t\t\t\t\t<div class=\"elementor-icon-wrapper\">\n\t\t\t<a class=\"elementor-icon\" href=\"#scroll-down\">\n\t\t\t<svg aria-hidden=\"true\" class=\"e-font-icon-svg e-fas-arrow-down\" viewBox=\"0 0 448 512\" xmlns=\"http:\/\/www.w3.org\/2000\/svg\"><path d=\"M413.1 222.5l22.2 22.2c9.4 9.4 9.4 24.6 0 33.9L241 473c-9.4 9.4-24.6 9.4-33.9 0L12.7 278.6c-9.4-9.4-9.4-24.6 0-33.9l22.2-22.2c9.5-9.5 25-9.3 34.3.4L184 343.4V56c0-13.3 10.7-24 24-24h32c13.3 0 24 10.7 24 24v287.4l114.8-120.5c9.3-9.8 24.8-10 34.3-.4z\"><\/path><\/svg>\t\t\t<\/a>\n\t\t<\/div>\n\t\t\t\t\t\t<\/div>\n\t\t\t\t<div class=\"elementor-element elementor-element-7bc8e80 elementor-widget elementor-widget-menu-anchor\" data-id=\"7bc8e80\" data-element_type=\"widget\" data-widget_type=\"menu-anchor.default\">\n\t\t\t\t\t\t\t<div class=\"elementor-menu-anchor\" id=\"scroll-down\"><\/div>\n\t\t\t\t\t\t<\/div>\n\t\t\t\t<\/div>\n\t\t<div class=\"elementor-element elementor-element-2a800d6 e-flex e-con-boxed e-con e-parent\" data-id=\"2a800d6\" data-element_type=\"container\">\n\t\t\t\t\t<div class=\"e-con-inner\">\n\t\t\t\t<div class=\"elementor-element elementor-element-60b0590 elementor-widget elementor-widget-text-editor\" data-id=\"60b0590\" data-element_type=\"widget\" data-widget_type=\"text-editor.default\">\n\t\t\t\t\t\t\t\t\t<p>I configuratori delle catene da neve K\u00f6nig ti aiutano ad individuare le catene da neve migliori per le tue esigenze, tenendo in considerazione il veicolo, le dimensioni del pneumatico e le eventuali restrizioni generate dalla combinazione di questi due elementi.<\/p><p>I risultati dei nostri configuratori si basano su test interni condotti regolarmente su veicoli e pneumatici. Se il tuo veicolo o le dimensioni degli pneumatici (o entrambi) non sono indicati nei nostri configuratori, contatta il nostro servizio di assistenza tramite l&#8217;apposito <a href=\"https:\/\/www.konigchain.com\/ch-it\/contatti\/\">modulo di contatto<\/a>.<\/p><p>Seleziona innanzitutto il segmento per il quale desideri configurare le catene da neve.<\/p>\t\t\t\t\t\t\t\t<\/div>\n\t\t\t\t\t<\/div>\n\t\t\t\t<\/div>\n\t\t<div class=\"elementor-element elementor-element-0de5053 e-con-full e-flex e-con e-parent\" data-id=\"0de5053\" data-element_type=\"container\" data-settings=\"{&quot;background_background&quot;:&quot;classic&quot;}\">\n\t\t<div class=\"elementor-element elementor-element-25f565b e-con-full e-flex e-con e-child\" data-id=\"25f565b\" data-element_type=\"container\" data-settings=\"{&quot;background_background&quot;:&quot;classic&quot;,&quot;background_motion_fx_motion_fx_scrolling&quot;:&quot;yes&quot;,&quot;background_motion_fx_translateY_effect&quot;:&quot;yes&quot;,&quot;background_motion_fx_translateY_speed&quot;:{&quot;unit&quot;:&quot;px&quot;,&quot;size&quot;:4,&quot;sizes&quot;:[]},&quot;background_motion_fx_translateY_affectedRange&quot;:{&quot;unit&quot;:&quot;%&quot;,&quot;size&quot;:&quot;&quot;,&quot;sizes&quot;:{&quot;start&quot;:0,&quot;end&quot;:100}},&quot;background_motion_fx_devices&quot;:[&quot;desktop&quot;,&quot;tablet_extra&quot;,&quot;tablet&quot;,&quot;mobile&quot;]}\">\n\t\t\t\t<\/div>\n\t\t<div class=\"elementor-element elementor-element-5c4630e e-con-full e-flex e-con e-child\" data-id=\"5c4630e\" data-element_type=\"container\">\n\t\t\t\t<div class=\"elementor-element elementor-element-cf34bd6 elementor-widget-divider--view-line elementor-widget elementor-widget-divider\" data-id=\"cf34bd6\" data-element_type=\"widget\" data-widget_type=\"divider.default\">\n\t\t\t\t\t\t\t<div class=\"elementor-divider\">\n\t\t\t<span class=\"elementor-divider-separator\">\n\t\t\t\t\t\t<\/span>\n\t\t<\/div>\n\t\t\t\t\t\t<\/div>\n\t\t\t\t<div class=\"elementor-element elementor-element-ed4c00f elementor-widget elementor-widget-heading\" data-id=\"ed4c00f\" data-element_type=\"widget\" data-widget_type=\"heading.default\">\n\t\t\t\t\t<h2 class=\"elementor-heading-title elementor-size-default\">Configuratore catene da neve consumer<\/h2>\t\t\t\t<\/div>\n\t\t\t\t<div class=\"elementor-element elementor-element-ae88991 elementor-widget elementor-widget-text-editor\" data-id=\"ae88991\" data-element_type=\"widget\" data-widget_type=\"text-editor.default\">\n\t\t\t\t\t\t\t\t\t<p style=\"text-align: center;\">Scopri le catene da neve compatibili con la tua autovettura, crossover, SUV, pick-up, furgone e camper.<\/p><p style=\"text-align: center;\">Per sapere quali catene da neve Consumer sono compatibili con il tuo veicolo, inserisci i dati del veicolo (marca, modello e anno<span style=\"font-family: var( --e-global-typography-text-font-family ), Fira Sans; font-size: var( --e-global-typography-text-font-size ); font-weight: var( --e-global-typography-text-font-weight ); letter-spacing: var( --e-global-typography-text-letter-spacing ); background-color: var( --e-global-color-5576798 );\">) e le dimensioni degli pneumatici. In alternativa, se il tuo veicolo non \u00e8 soggetto ad alcun tipo di limitazione dell&#8217;ingombro delle ruote, puoi semplicemente cercare in base alle dimensioni dei pneumatici.<\/span><\/p>\t\t\t\t\t\t\t\t<\/div>\n\t\t\t\t<div class=\"elementor-element elementor-element-f662516 elementor-align-left elementor-widget elementor-widget-button\" data-id=\"f662516\" data-element_type=\"widget\" data-widget_type=\"button.default\">\n\t\t\t\t\t\t\t\t\t\t<a class=\"elementor-button elementor-button-link elementor-size-sm\" href=\"https:\/\/www.konigchain.com\/ch-it\/configuratore-consumer\/\">\n\t\t\t\t\t\t<span class=\"elementor-button-content-wrapper\">\n\t\t\t\t\t\t\t\t\t<span class=\"elementor-button-text\">Configuratore<\/span>\n\t\t\t\t\t<\/span>\n\t\t\t\t\t<\/a>\n\t\t\t\t\t\t\t\t<\/div>\n\t\t\t\t<\/div>\n\t\t\t\t<\/div>\n\t\t<div class=\"elementor-element elementor-element-2e8b454 e-con-full e-flex e-con e-parent\" data-id=\"2e8b454\" data-element_type=\"container\" data-settings=\"{&quot;background_background&quot;:&quot;classic&quot;}\">\n\t\t<div class=\"elementor-element elementor-element-0bdb66b e-con-full e-flex e-con e-child\" data-id=\"0bdb66b\" data-element_type=\"container\">\n\t\t\t\t<div class=\"elementor-element elementor-element-0a12125 elementor-widget-divider--view-line elementor-widget elementor-widget-divider\" data-id=\"0a12125\" data-element_type=\"widget\" data-widget_type=\"divider.default\">\n\t\t\t\t\t\t\t<div class=\"elementor-divider\">\n\t\t\t<span class=\"elementor-divider-separator\">\n\t\t\t\t\t\t<\/span>\n\t\t<\/div>\n\t\t\t\t\t\t<\/div>\n\t\t\t\t<div class=\"elementor-element elementor-element-9ba3e13 elementor-widget elementor-widget-heading\" data-id=\"9ba3e13\" data-element_type=\"widget\" data-widget_type=\"heading.default\">\n\t\t\t\t\t<h2 class=\"elementor-heading-title elementor-size-default\">Configuratore catene da neve Professional<\/h2>\t\t\t\t<\/div>\n\t\t\t\t<div class=\"elementor-element elementor-element-df69949 elementor-widget elementor-widget-text-editor\" data-id=\"df69949\" data-element_type=\"widget\" data-widget_type=\"text-editor.default\">\n\t\t\t\t\t\t\t\t\t<p style=\"text-align: center;\">Scopri le catene da neve compatibili con la tua attivit\u00e0, ad esempio fuoristrada, trasporto merci, rimozione neve, agricoltura, movimentazione merci.<\/p><p style=\"text-align: center;\">Per conoscere la catena da neve professional corretta, seleziona la misura dello pneumatico. Successivamente, \u00e8 possibile filtrare i prodotti in base al tipo di attivit\u00e0\/utilizzo.<\/p>\t\t\t\t\t\t\t\t<\/div>\n\t\t\t\t<div class=\"elementor-element elementor-element-9a0c61b elementor-align-left elementor-widget elementor-widget-button\" data-id=\"9a0c61b\" data-element_type=\"widget\" data-widget_type=\"button.default\">\n\t\t\t\t\t\t\t\t\t\t<a class=\"elementor-button elementor-button-link elementor-size-sm\" href=\"https:\/\/www.konigchain.com\/ch-it\/configuratore-professional\/\">\n\t\t\t\t\t\t<span class=\"elementor-button-content-wrapper\">\n\t\t\t\t\t\t\t\t\t<span class=\"elementor-button-text\">Configuratore<\/span>\n\t\t\t\t\t<\/span>\n\t\t\t\t\t<\/a>\n\t\t\t\t\t\t\t\t<\/div>\n\t\t\t\t<\/div>\n\t\t<div class=\"elementor-element elementor-element-a9ef2fd e-con-full e-flex e-con e-child\" data-id=\"a9ef2fd\" data-element_type=\"container\" data-settings=\"{&quot;background_background&quot;:&quot;classic&quot;,&quot;background_motion_fx_motion_fx_scrolling&quot;:&quot;yes&quot;,&quot;background_motion_fx_translateY_effect&quot;:&quot;yes&quot;,&quot;background_motion_fx_translateY_speed&quot;:{&quot;unit&quot;:&quot;px&quot;,&quot;size&quot;:4,&quot;sizes&quot;:[]},&quot;background_motion_fx_translateY_affectedRange&quot;:{&quot;unit&quot;:&quot;%&quot;,&quot;size&quot;:&quot;&quot;,&quot;sizes&quot;:{&quot;start&quot;:0,&quot;end&quot;:100}},&quot;background_motion_fx_devices&quot;:[&quot;desktop&quot;,&quot;tablet_extra&quot;,&quot;tablet&quot;,&quot;mobile&quot;]}\">\n\t\t\t\t<\/div>\n\t\t\t\t<\/div>\n\t\t\t\t<\/div>\n\t\t","protected":false},"excerpt":{"rendered":"<p>Configuratore catene da neve Scopri le catene da neve perfette\u200b I configuratori delle catene da neve K\u00f6nig ti aiutano ad individuare le catene da neve migliori per le tue esigenze, tenendo in considerazione il veicolo, le dimensioni del pneumatico e le eventuali restrizioni generate dalla combinazione di questi due elementi. I risultati dei nostri configuratori [&hellip;]<\/p>\n","protected":false},"author":3,"featured_media":23986,"parent":0,"menu_order":0,"comment_status":"closed","ping_status":"closed","template":"","meta":{"_acf_changed":false,"footnotes":""},"page-category":[1550],"class_list":["post-17103","page","type-page","status-publish","has-post-thumbnail","hentry","page-category-b2c"],"acf":[],"yoast_head":"<!-- This site is optimized with the Yoast SEO plugin v26.8 - https:\/\/yoast.com\/product\/yoast-seo-wordpress\/ -->\n<title>Scopri le catene da neve pi\u00f9 adatte al tuo veicolo - K\u00f6nig<\/title>\n<meta name=\"description\" content=\"Trova le catene da neve K\u00f6nig giuste per la tua auto, crossover, SUV, VAN o per il tuo veicolo professionale.\" \/>\n<meta name=\"robots\" content=\"index, follow, max-snippet:-1, max-image-preview:large, max-video-preview:-1\" \/>\n<link rel=\"canonical\" href=\"https:\/\/www.konigchain.com\/ch-it\/configuratore\/\" \/>\n<meta property=\"og:locale\" content=\"it_IT\" \/>\n<meta property=\"og:type\" content=\"article\" \/>\n<meta property=\"og:title\" content=\"Scopri le catene da neve pi\u00f9 adatte al tuo veicolo - K\u00f6nig\" \/>\n<meta property=\"og:description\" content=\"Trova le catene da neve K\u00f6nig giuste per la tua auto, crossover, SUV, VAN o per il tuo veicolo professionale.\" \/>\n<meta property=\"og:url\" content=\"https:\/\/www.konigchain.com\/ch-it\/configuratore\/\" \/>\n<meta property=\"og:site_name\" content=\"K\u00f6nig\" \/>\n<meta property=\"article:modified_time\" content=\"2025-07-14T08:00:53+00:00\" \/>\n<meta property=\"og:image\" content=\"https:\/\/www.konigchain.com\/wp-content\/uploads\/2024\/10\/Konig-XG-Cross_LynkCo-3.jpg\" \/>\n\t<meta property=\"og:image:width\" content=\"2500\" \/>\n\t<meta property=\"og:image:height\" content=\"1612\" \/>\n\t<meta property=\"og:image:type\" content=\"image\/jpeg\" \/>\n<meta name=\"twitter:card\" content=\"summary_large_image\" \/>\n<meta name=\"twitter:label1\" content=\"Est. reading time\" \/>\n\t<meta name=\"twitter:data1\" content=\"2 minutes\" \/>\n<script type=\"application\/ld+json\" class=\"yoast-schema-graph\">{\"@context\":\"https:\/\/schema.org\",\"@graph\":[{\"@type\":\"WebPage\",\"@id\":\"https:\/\/www.konigchain.com\/ch-it\/configuratore\/\",\"url\":\"https:\/\/www.konigchain.com\/ch-it\/configuratore\/\",\"name\":\"Scopri le catene da neve pi\u00f9 adatte al tuo veicolo - K\u00f6nig\",\"isPartOf\":{\"@id\":\"https:\/\/www.konigchain.com\/ch-it\/#website\"},\"primaryImageOfPage\":{\"@id\":\"https:\/\/www.konigchain.com\/ch-it\/configuratore\/#primaryimage\"},\"image\":{\"@id\":\"https:\/\/www.konigchain.com\/ch-it\/configuratore\/#primaryimage\"},\"thumbnailUrl\":\"https:\/\/www.konigchain.com\/wp-content\/uploads\/2024\/10\/Konig-XG-Cross_LynkCo-3.jpg\",\"datePublished\":\"2024-04-25T15:24:39+00:00\",\"dateModified\":\"2025-07-14T08:00:53+00:00\",\"description\":\"Trova le catene da neve K\u00f6nig giuste per la tua auto, crossover, SUV, VAN o per il tuo veicolo professionale.\",\"breadcrumb\":{\"@id\":\"https:\/\/www.konigchain.com\/ch-it\/configuratore\/#breadcrumb\"},\"inLanguage\":\"it-CH\",\"potentialAction\":[{\"@type\":\"ReadAction\",\"target\":[\"https:\/\/www.konigchain.com\/ch-it\/configuratore\/\"]}]},{\"@type\":\"ImageObject\",\"inLanguage\":\"it-CH\",\"@id\":\"https:\/\/www.konigchain.com\/ch-it\/configuratore\/#primaryimage\",\"url\":\"https:\/\/www.konigchain.com\/wp-content\/uploads\/2024\/10\/Konig-XG-Cross_LynkCo-3.jpg\",\"contentUrl\":\"https:\/\/www.konigchain.com\/wp-content\/uploads\/2024\/10\/Konig-XG-Cross_LynkCo-3.jpg\",\"width\":2500,\"height\":1612},{\"@type\":\"BreadcrumbList\",\"@id\":\"https:\/\/www.konigchain.com\/ch-it\/configuratore\/#breadcrumb\",\"itemListElement\":[{\"@type\":\"ListItem\",\"position\":1,\"name\":\"Home\",\"item\":\"https:\/\/www.konigchain.com\/ch-it\/\"},{\"@type\":\"ListItem\",\"position\":2,\"name\":\"Configuratore\"}]},{\"@type\":\"WebSite\",\"@id\":\"https:\/\/www.konigchain.com\/ch-it\/#website\",\"url\":\"https:\/\/www.konigchain.com\/ch-it\/\",\"name\":\"K\u00f6nig\",\"description\":\"\",\"publisher\":{\"@id\":\"https:\/\/www.konigchain.com\/ch-it\/#organization\"},\"potentialAction\":[{\"@type\":\"SearchAction\",\"target\":{\"@type\":\"EntryPoint\",\"urlTemplate\":\"https:\/\/www.konigchain.com\/ch-it\/?s={search_term_string}\"},\"query-input\":{\"@type\":\"PropertyValueSpecification\",\"valueRequired\":true,\"valueName\":\"search_term_string\"}}],\"inLanguage\":\"it-CH\"},{\"@type\":\"Organization\",\"@id\":\"https:\/\/www.konigchain.com\/ch-it\/#organization\",\"name\":\"K\u00f6nig\",\"url\":\"https:\/\/www.konigchain.com\/ch-it\/\",\"logo\":{\"@type\":\"ImageObject\",\"inLanguage\":\"it-CH\",\"@id\":\"https:\/\/www.konigchain.com\/ch-it\/#\/schema\/logo\/image\/\",\"url\":\"https:\/\/www.konigchain.com\/wp-content\/uploads\/2023\/12\/logo-Konig-2016-BG.png\",\"contentUrl\":\"https:\/\/www.konigchain.com\/wp-content\/uploads\/2023\/12\/logo-Konig-2016-BG.png\",\"width\":3508,\"height\":2480,\"caption\":\"K\u00f6nig\"},\"image\":{\"@id\":\"https:\/\/www.konigchain.com\/ch-it\/#\/schema\/logo\/image\/\"}}]}<\/script>\n<!-- \/ Yoast SEO plugin. -->","yoast_head_json":{"title":"Scopri le catene da neve pi\u00f9 adatte al tuo veicolo - K\u00f6nig","description":"Trova le catene da neve K\u00f6nig giuste per la tua auto, crossover, SUV, VAN o per il tuo veicolo professionale.","robots":{"index":"index","follow":"follow","max-snippet":"max-snippet:-1","max-image-preview":"max-image-preview:large","max-video-preview":"max-video-preview:-1"},"canonical":"https:\/\/www.konigchain.com\/ch-it\/configuratore\/","og_locale":"it_IT","og_type":"article","og_title":"Scopri le catene da neve pi\u00f9 adatte al tuo veicolo - K\u00f6nig","og_description":"Trova le catene da neve K\u00f6nig giuste per la tua auto, crossover, SUV, VAN o per il tuo veicolo professionale.","og_url":"https:\/\/www.konigchain.com\/ch-it\/configuratore\/","og_site_name":"K\u00f6nig","article_modified_time":"2025-07-14T08:00:53+00:00","og_image":[{"width":2500,"height":1612,"url":"https:\/\/www.konigchain.com\/wp-content\/uploads\/2024\/10\/Konig-XG-Cross_LynkCo-3.jpg","type":"image\/jpeg"}],"twitter_card":"summary_large_image","twitter_misc":{"Est. reading time":"2 minutes"},"schema":{"@context":"https:\/\/schema.org","@graph":[{"@type":"WebPage","@id":"https:\/\/www.konigchain.com\/ch-it\/configuratore\/","url":"https:\/\/www.konigchain.com\/ch-it\/configuratore\/","name":"Scopri le catene da neve pi\u00f9 adatte al tuo veicolo - K\u00f6nig","isPartOf":{"@id":"https:\/\/www.konigchain.com\/ch-it\/#website"},"primaryImageOfPage":{"@id":"https:\/\/www.konigchain.com\/ch-it\/configuratore\/#primaryimage"},"image":{"@id":"https:\/\/www.konigchain.com\/ch-it\/configuratore\/#primaryimage"},"thumbnailUrl":"https:\/\/www.konigchain.com\/wp-content\/uploads\/2024\/10\/Konig-XG-Cross_LynkCo-3.jpg","datePublished":"2024-04-25T15:24:39+00:00","dateModified":"2025-07-14T08:00:53+00:00","description":"Trova le catene da neve K\u00f6nig giuste per la tua auto, crossover, SUV, VAN o per il tuo veicolo professionale.","breadcrumb":{"@id":"https:\/\/www.konigchain.com\/ch-it\/configuratore\/#breadcrumb"},"inLanguage":"it-CH","potentialAction":[{"@type":"ReadAction","target":["https:\/\/www.konigchain.com\/ch-it\/configuratore\/"]}]},{"@type":"ImageObject","inLanguage":"it-CH","@id":"https:\/\/www.konigchain.com\/ch-it\/configuratore\/#primaryimage","url":"https:\/\/www.konigchain.com\/wp-content\/uploads\/2024\/10\/Konig-XG-Cross_LynkCo-3.jpg","contentUrl":"https:\/\/www.konigchain.com\/wp-content\/uploads\/2024\/10\/Konig-XG-Cross_LynkCo-3.jpg","width":2500,"height":1612},{"@type":"BreadcrumbList","@id":"https:\/\/www.konigchain.com\/ch-it\/configuratore\/#breadcrumb","itemListElement":[{"@type":"ListItem","position":1,"name":"Home","item":"https:\/\/www.konigchain.com\/ch-it\/"},{"@type":"ListItem","position":2,"name":"Configuratore"}]},{"@type":"WebSite","@id":"https:\/\/www.konigchain.com\/ch-it\/#website","url":"https:\/\/www.konigchain.com\/ch-it\/","name":"K\u00f6nig","description":"","publisher":{"@id":"https:\/\/www.konigchain.com\/ch-it\/#organization"},"potentialAction":[{"@type":"SearchAction","target":{"@type":"EntryPoint","urlTemplate":"https:\/\/www.konigchain.com\/ch-it\/?s={search_term_string}"},"query-input":{"@type":"PropertyValueSpecification","valueRequired":true,"valueName":"search_term_string"}}],"inLanguage":"it-CH"},{"@type":"Organization","@id":"https:\/\/www.konigchain.com\/ch-it\/#organization","name":"K\u00f6nig","url":"https:\/\/www.konigchain.com\/ch-it\/","logo":{"@type":"ImageObject","inLanguage":"it-CH","@id":"https:\/\/www.konigchain.com\/ch-it\/#\/schema\/logo\/image\/","url":"https:\/\/www.konigchain.com\/wp-content\/uploads\/2023\/12\/logo-Konig-2016-BG.png","contentUrl":"https:\/\/www.konigchain.com\/wp-content\/uploads\/2023\/12\/logo-Konig-2016-BG.png","width":3508,"height":2480,"caption":"K\u00f6nig"},"image":{"@id":"https:\/\/www.konigchain.com\/ch-it\/#\/schema\/logo\/image\/"}}]}},"_links":{"self":[{"href":"https:\/\/www.konigchain.com\/ch-it\/wp-json\/wp\/v2\/pages\/17103","targetHints":{"allow":["GET"]}}],"collection":[{"href":"https:\/\/www.konigchain.com\/ch-it\/wp-json\/wp\/v2\/pages"}],"about":[{"href":"https:\/\/www.konigchain.com\/ch-it\/wp-json\/wp\/v2\/types\/page"}],"author":[{"embeddable":true,"href":"https:\/\/www.konigchain.com\/ch-it\/wp-json\/wp\/v2\/users\/3"}],"replies":[{"embeddable":true,"href":"https:\/\/www.konigchain.com\/ch-it\/wp-json\/wp\/v2\/comments?post=17103"}],"version-history":[{"count":5,"href":"https:\/\/www.konigchain.com\/ch-it\/wp-json\/wp\/v2\/pages\/17103\/revisions"}],"predecessor-version":[{"id":65810,"href":"https:\/\/www.konigchain.com\/ch-it\/wp-json\/wp\/v2\/pages\/17103\/revisions\/65810"}],"wp:featuredmedia":[{"embeddable":true,"href":"https:\/\/www.konigchain.com\/ch-it\/wp-json\/wp\/v2\/media\/23986"}],"wp:attachment":[{"href":"https:\/\/www.konigchain.com\/ch-it\/wp-json\/wp\/v2\/media?parent=17103"}],"wp:term":[{"taxonomy":"page-category","embeddable":true,"href":"https:\/\/www.konigchain.com\/ch-it\/wp-json\/wp\/v2\/page-category?post=17103"}],"curies":[{"name":"wp","href":"https:\/\/api.w.org\/{rel}","templated":true}]}}