{"id":17914,"date":"2024-05-16T17:13:50","date_gmt":"2024-05-16T15:13:50","guid":{"rendered":"https:\/\/wp1.konigchain.com\/legal-and-privacy-policy\/"},"modified":"2025-05-28T16:08:33","modified_gmt":"2025-05-28T14:08:33","slug":"info-legali-e-privacy","status":"publish","type":"page","link":"https:\/\/www.konigchain.com\/ch-it\/info-legali-e-privacy\/","title":{"rendered":"Info legali e privacy"},"content":{"rendered":"\t\t<div data-elementor-type=\"wp-page\" data-elementor-id=\"17914\" class=\"elementor elementor-17914 elementor-5671\" data-elementor-post-type=\"page\">\n\t\t\t\t<div class=\"elementor-element elementor-element-04b85c0 e-con-full e-flex e-con e-parent\" data-id=\"04b85c0\" data-element_type=\"container\" data-settings=\"{&quot;background_background&quot;:&quot;classic&quot;,&quot;background_motion_fx_motion_fx_scrolling&quot;:&quot;yes&quot;,&quot;background_motion_fx_devices&quot;:[&quot;desktop&quot;,&quot;tablet_extra&quot;,&quot;tablet&quot;,&quot;mobile&quot;]}\">\n\t\t<div class=\"elementor-element elementor-element-4c697be e-con-full e-flex e-con e-child\" data-id=\"4c697be\" data-element_type=\"container\" data-settings=\"{&quot;background_background&quot;:&quot;classic&quot;,&quot;background_motion_fx_motion_fx_scrolling&quot;:&quot;yes&quot;,&quot;background_motion_fx_translateY_effect&quot;:&quot;yes&quot;,&quot;background_motion_fx_translateY_speed&quot;:{&quot;unit&quot;:&quot;px&quot;,&quot;size&quot;:4,&quot;sizes&quot;:[]},&quot;background_motion_fx_translateY_affectedRange&quot;:{&quot;unit&quot;:&quot;%&quot;,&quot;size&quot;:&quot;&quot;,&quot;sizes&quot;:{&quot;start&quot;:0,&quot;end&quot;:100}},&quot;background_motion_fx_devices&quot;:[&quot;desktop&quot;,&quot;tablet_extra&quot;,&quot;tablet&quot;,&quot;mobile&quot;]}\">\n\t\t\t\t<div class=\"elementor-element elementor-element-177796b elementor-widget elementor-widget-heading\" data-id=\"177796b\" data-element_type=\"widget\" data-widget_type=\"heading.default\">\n\t\t\t\t\t<h1 class=\"elementor-heading-title elementor-size-default\">Legal and privacy policy<\/h1>\t\t\t\t<\/div>\n\t\t\t\t<\/div>\n\t\t\t\t<div class=\"elementor-element elementor-element-0fd07aa elementor-view-stacked elementor-shape-square elementor-invisible elementor-widget elementor-widget-icon\" data-id=\"0fd07aa\" data-element_type=\"widget\" data-settings=\"{&quot;motion_fx_motion_fx_scrolling&quot;:&quot;yes&quot;,&quot;_animation&quot;:&quot;bounceIn&quot;,&quot;motion_fx_devices&quot;:[&quot;desktop&quot;,&quot;tablet&quot;],&quot;_animation_delay&quot;:10}\" data-widget_type=\"icon.default\">\n\t\t\t\t\t\t\t<div class=\"elementor-icon-wrapper\">\n\t\t\t<a class=\"elementor-icon\" href=\"#scroll-down\">\n\t\t\t<svg aria-hidden=\"true\" class=\"e-font-icon-svg e-fas-arrow-down\" viewBox=\"0 0 448 512\" xmlns=\"http:\/\/www.w3.org\/2000\/svg\"><path d=\"M413.1 222.5l22.2 22.2c9.4 9.4 9.4 24.6 0 33.9L241 473c-9.4 9.4-24.6 9.4-33.9 0L12.7 278.6c-9.4-9.4-9.4-24.6 0-33.9l22.2-22.2c9.5-9.5 25-9.3 34.3.4L184 343.4V56c0-13.3 10.7-24 24-24h32c13.3 0 24 10.7 24 24v287.4l114.8-120.5c9.3-9.8 24.8-10 34.3-.4z\"><\/path><\/svg>\t\t\t<\/a>\n\t\t<\/div>\n\t\t\t\t\t\t<\/div>\n\t\t\t\t<div class=\"elementor-element elementor-element-e15b91f elementor-widget elementor-widget-menu-anchor\" data-id=\"e15b91f\" data-element_type=\"widget\" data-widget_type=\"menu-anchor.default\">\n\t\t\t\t\t\t\t<div class=\"elementor-menu-anchor\" id=\"scroll-down\"><\/div>\n\t\t\t\t\t\t<\/div>\n\t\t\t\t<\/div>\n\t\t<div class=\"elementor-element elementor-element-4739a3c e-flex e-con-boxed e-con e-parent\" data-id=\"4739a3c\" data-element_type=\"container\">\n\t\t\t\t\t<div class=\"e-con-inner\">\n\t\t\t\t<div class=\"elementor-element elementor-element-dae66b8 elementor-widget elementor-widget-text-editor\" data-id=\"dae66b8\" data-element_type=\"widget\" data-widget_type=\"text-editor.default\">\n\t\t\t\t\t\t\t\t\t<p><strong>Esclusione di responsabilit\u00e0<\/strong><\/p><p>Malgrado il massimo impegno posto per garantire l\u2019accuratezza delle informazioni riportate sul sito web di\u00a0K\u00f6nig, tali informazioni sono fornite \u201ccos\u00ec come sono\u201d e sono escluse tutte le garanzie, espresse o tacite, in merito alla loro accuratezza, completezza e attualit\u00e0. L\u2019utente prende atto che il proprio utilizzo del sito web, incluso a titolo esemplificativo l\u2019utilizzo di tutti i link e delle informazioni in esso contenuti, avviene a proprio esclusivo rischio. K\u00f6nig, inoltre, declina ogni responsabilit\u00e0 in merito al contenuto dei siti web di terzi, i cui link sono riportati sul sito web di K\u00f6nig\u00a0al solo scopo di agevolare l\u2019utente. Tutti i materiali, inclusi a titolo esemplificativo testi, fotografie, immagini e numeri presenti in qualsiasi sito web di K\u00f6nig, sono suscettibili di errori tecnici, refusi o altri tipi di errori o inesattezze. K\u00f6nig\u00a0e tutte le societ\u00e0 collegate a K\u00f6nig\u00a0declinano ogni responsabilit\u00e0 in merito a eventuali errori o inesattezze.<\/p><p>Quanto sopra si applica, inoltre, alla \u201cGuida alla scelta\u201d contenuta nel presente sito web, nonch\u00e9 a qualsiasi suo eventuale effetto, che \u00e8 fornita esclusivamente quale servizio e a soli scopi informativi e che non include alcun consiglio o suggerimento su cui poter fare affidamento quale presupposto di qualunque decisione o azione. Tutti i dati e le informazioni fornite mediante la \u201cGuida alla scelta\u201d sono il risultato di test di prodotti K\u00f6nig\u00a0su specifici prodotti di terzi. I componenti tecnici, la qualit\u00e0 delle prestazioni e cos\u00ec via di tali prodotti di terzi e relative parti di ricambio possono subire modifiche in qualsiasi momento successivo ai test di K\u00f6nig\u00a0(senza che K\u00f6nig\u00a0ne sia partecipe o informato). Di conseguenza n\u00e9 K\u00f6nig n\u00e9 qualsiasi societ\u00e0 collegata a K\u00f6nig\u00a0(salvo quanto espressamente previsto ai sensi di norme inderogabili) sar\u00e0 responsabile dei danni alla propriet\u00e0 o delle lesioni personali provocati da un prodotto K\u00f6nig\u00a0utilizzato senza seguire il manuale di istruzioni o la guida per l\u2019utente (i) di cui il prodotto K\u00f6nig\u00a0sia corredato al momento dell\u2019acquisto o (ii) che riguardi il prodotto o i prodotti su cui sar\u00e0 montato o con cui sar\u00e0 utilizzato il prodotto K\u00f6nig\u00a0. Prima di utilizzare qualsiasi prodotto K\u00f6nig, K\u00f6nig\u00a0invita l\u2019utente a leggere attentamente i manuali di istruzioni o le guide per l\u2019utente del caso.<\/p><p>K\u00f6nig, inoltre, esclude espressamente qualsiasi garanzia che i siti web di K\u00f6nig\u00a0siano esenti da infezioni di virus o codici dotati di propriet\u00e0 contaminanti o distruttive ovvero che le informazioni sui siti web di K\u00f6nig\u00a0non subiscano interruzioni o siano esenti da errori.<\/p><p>N\u00e9 K\u00f6nig\u00a0n\u00e9 alcuna persona o societ\u00e0 collegata a K\u00f6nig\u00a0sar\u00e0 responsabile dei danni di qualunque tipo derivanti dall\u2019utilizzo o dall\u2019impossibilit\u00e0 di utilizzo da parte dell\u2019utente del presente sito web o di qualsiasi informazione, contenuto, servizio o materiale fornito da o su tale sito web.<\/p><p>K\u00f6nig\u00a0si riserva il diritto di modificare, aggiungere e\/o eliminare in qualsiasi momento e senza obbligo di preavviso qualsiasi informazione riportata sul proprio sito web (compresa la presente clausola). K\u00f6nig\u00a0non ha l\u2019obbligo di aggiornare tale sito web, includendo con ci\u00f2 qualsiasi informazione in esso riportata.<\/p><p><strong>Informativa sulla protezione dei dati<\/strong><\/p><p>Questo sito web \u00e8 gestito da Konig S.p.A., Via Pescone, 9, 23867 Suello, ITALY (\u201cnoi\u201d). Con la presente informativa spieghiamo come, in qualit\u00e0 di titolari del trattamento, trattiamo i vostri dati personali in relazione a questo sito web.<\/p><p><strong>1\u00a0\u00a0\u00a0\u00a0\u00a0\u00a0\u00a0\u00a0 Che tipo di dati sull\u2019utente trattiamo?<\/strong><\/p><p>Durante la vostra visita su questo sito raccogliamo le seguenti informazioni: la data e l\u2019ora di accesso a una delle pagine del nostro sito web, l\u2019indirizzo IP, nome e versione del browser web, il sito web (URL) visitato dall\u2019utente precedentemente a questo sito, determinati cookie (vedere il punto 2 sottostante) e quelle informazioni trasmesse dall\u2019utente stesso durante la compilazione del modulo di contatto o per la registrazione al nostro shop online.<\/p><p>Non sussiste alcun obbligo di indicare effettivamente quei dati che vengono richiesti sul nostro sito web. Se tuttavia non vengono indicati non sar\u00e0 possibile utilizzare tutte le funzioni del sito web.<\/p><p><strong>\u00a02\u00a0\u00a0\u00a0\u00a0\u00a0\u00a0\u00a0\u00a0 Cookie<\/strong><\/p><p>Su questo sito vengono utilizzati i cookie. Un cookie \u00e8 un piccolo file che pu\u00f2 essere salvato sul computer dell\u2019utente quando accede a un sito web. I cookie vengono utilizzati principalmente per offrire agli utenti delle funzioni aggiuntive su un sito web. Possono essere utilizzati per esempio per facilitare la navigazione su un sito web, permettere di continuare a utilizzare un sito web da dove si \u00e8 interrotto la volta precedente e\/o per archiviare le preferenze e le impostazioni dell\u2019utente per la visita successiva. I cookie non possono accedere, leggere o modificare nessun altro dato sul computer dell\u2019utente.<\/p><p>La maggior parte dei cookie su questo sito web sono i cookie di sessione. Uscendo dal sito web si cancellano automaticamente. I cookie permanenti restano invece memorizzati sul computer fino a quando vengono cancellati manualmente nel browser. Utilizziamo questi cookie permanenti per riconoscere l\u2019utente alla visita successiva sul nostro sito web.<\/p><p>Per controllare i cookie sul computer \u00e8 possibile scegliere le impostazioni del browser in modo tale da ricevere una notifica quando un sito web vuole salvare un cookie. \u00c8 altres\u00ec possibile bloccare o cancellare un cookie gi\u00e0 salvato sul computer. Per ulteriori informazioni su come effettuare tali procedure consultare la funzione \u201cAiuto\u201d presente nel browser.<\/p><p>Facciamo presente che il blocco o la cancellazione di cookie pregiudica la navigazione online e pu\u00f2 limitare l\u2019utilizzo di questo sito web.<\/p><p><a href=\"https:\/\/live-koenig.pewag.ovh\/it\/cookies\" target=\"_blank\" rel=\"noopener noreferrer\">Cookies<\/a><\/p><p><strong>3\u00a0\u00a0\u00a0\u00a0\u00a0\u00a0\u00a0\u00a0 Finalit\u00e0 del trattamento dei dati<\/strong><\/p><p>Trattiamo i dati personali per le finalit\u00e0 di seguito elencate:<\/p><ul><li>per offrire il sito web e per continuare a migliorarlo e svilupparlo<\/li><li>per realizzare statistiche in merito all\u2019utilizzo<\/li><li>per poter riconoscere, impedire e verificare gli attacchi al nostro sito<\/li><li>per rispondere alle vostre richieste<\/li><li>per poter identificare i visitatori o i clienti del nostro shop online<\/li><\/ul><p><strong>4\u00a0\u00a0\u00a0\u00a0\u00a0\u00a0\u00a0\u00a0 Basi giuridiche per il trattamento<\/strong><\/p><p>Le basi giuridiche su cui poggia il trattamento dei dati personali sono il prevalere del nostro legittimo interesse (ai sensi dell\u2019art. 6 comma 1f del Regolamento UE in materia di protezione dei dati) che consiste nel raggiungimento dei fini sopra indicati al punto 3.<\/p><p>Il trattamento \u00e8 necessario ai fini dell\u2019esecuzione dei servizi del nostro shop online, come la consegna e l\u2019identificazione del cliente (ai sensi dell\u2019art. 6 comma 1b del Regolamento UE in materia di protezione dei dati).<\/p><p><strong>\u00a05\u00a0\u00a0\u00a0\u00a0\u00a0\u00a0\u00a0\u00a0 Trasmissione dei dati personali<\/strong><\/p><p>Per i fini sopra indicati trasmettiamo i dati personali ai seguenti destinatari: i fornitori di servizi IT da noi utilizzati.<\/p><p>Alcuni dei destinatari sopra elencati si trovano o trattano i dati personali dell\u2019utente al di fuori del paese dell\u2019utente. In alcuni casi, il livello di protezione dei dati pu\u00f2 non corrispondere a quello del paese di provenienza dell\u2019utente. Tuttavia trasmettiamo i dati personali degli utenti soltanto in quei paesi per i quali la Commissione europea abbia attestato l\u2019esistenza di un adeguato livello di protezione dei dati oppure fissiamo delle misure tali da garantire un adeguato livello di protezione dei dati per tutti i destinatari. A tal fine stipuliamo per esempio delle clausole contrattuali standard (2010\/87\/CE e\/o 2004\/915\/CE). Queste sono disponibili inoltrando specifica richiesta a\u00a0dataprotection@konigchain.com.<\/p><p><strong>6\u00a0\u00a0\u00a0\u00a0\u00a0\u00a0\u00a0\u00a0 Tempi di archiviazione<\/strong><\/p><p>I dati personali vengono salvati principalmente per un periodo di tre mesi. Il periodo di archiviazione \u00e8 maggiore soltanto qualora sia necessario per verificare eventuali attacchi accertati al nostro sito web.<\/p><p>Nel caso in cui l\u2019utente si registri al nostro sito web, i dati resteranno in ogni caso archiviati fino a quando \u00e8 presente l\u2019account e successivamente soltanto per tutto il tempo previsto dagli obblighi giuridici.<\/p><p><strong>\u00a07\u00a0\u00a0\u00a0\u00a0\u00a0\u00a0\u00a0\u00a0 Diritti dell\u2019utente in relazione ai dati personali<\/strong><\/p><p>I diritti dell\u2019utente comprendono tra l\u2019altro (fatte salve le condizioni dell\u2019applicazione della legge), (i) di verificare se e quali dati personali dell\u2019utente sono stati archiviati e di ottenere copia degli stessi, (ii) rettificare, integrare o cancellare i propri dati personali sbagliati o trattati in maniera non conforme alla legge, (iii) di richiedere la limitazione da parte nostra del trattamento dei dati e (iv) sotto determiniate condizioni, di presentare opposizione al trattamento dei propri dati personali o di revocare il precedente consenso al trattamento dei dati, (v) di richiedere la portabilit\u00e0 dei dati, (vi) di conoscere l\u2019identit\u00e0 di terzi a cui vengono trasmessi i propri dati personali, (vii) di presentare ricorso all\u2019autorit\u00e0 competente.<\/p><p><strong>\u00a08\u00a0\u00a0\u00a0\u00a0\u00a0\u00a0\u00a0\u00a0 I nostri dati di contatto<\/strong><\/p><p>Per domande in merito al trattamento dei propri dati personali o altre richieste potete contattarci al seguente indirizzo:<\/p><p>Konig S.p.A.<br \/>Via Pescone 9<br \/>23867 Suello<br \/>ITALY<br \/><a href=\"https:\/\/www.konigchain.com\/it\/contact\/legal-and-privacy-policy-1\/#\" data-mailto-token=\"nbjmup+jogpAlpojhdibjo\/dpn\" data-mailto-vector=\"1\">info(at)konigchain.com<\/a><\/p><p>Oppure potete rivolgervi in alternativa al nostro coordinatore in materia di protezione dei dati inviando una e-mail a\u00a0<a href=\"https:\/\/www.konigchain.com\/it\/contact\/legal-and-privacy-policy-1\/#\" data-mailto-token=\"nbjmup+ebubqspufdujpoAlpojhdibjo\/dpn\" data-mailto-vector=\"1\">dataprotection(at)konigchain.com<\/a><\/p><p><em>Ultimo aggiornamento il 2 Luglio 2019<\/em><\/p>\t\t\t\t\t\t\t\t<\/div>\n\t\t\t\t\t<\/div>\n\t\t\t\t<\/div>\n\t\t\t\t<\/div>\n\t\t","protected":false},"excerpt":{"rendered":"<p>Legal and privacy policy Esclusione di responsabilit\u00e0 Malgrado il massimo impegno posto per garantire l\u2019accuratezza delle informazioni riportate sul sito web di\u00a0K\u00f6nig, tali informazioni sono fornite \u201ccos\u00ec come sono\u201d e sono escluse tutte le garanzie, espresse o tacite, in merito alla loro accuratezza, completezza e attualit\u00e0. L\u2019utente prende atto che il proprio utilizzo del sito [&hellip;]<\/p>\n","protected":false},"author":3,"featured_media":0,"parent":0,"menu_order":0,"comment_status":"closed","ping_status":"closed","template":"","meta":{"_acf_changed":false,"footnotes":""},"page-category":[1550],"class_list":["post-17914","page","type-page","status-publish","hentry","page-category-b2c"],"acf":[],"yoast_head":"<!-- This site is optimized with the Yoast SEO plugin v26.8 - https:\/\/yoast.com\/product\/yoast-seo-wordpress\/ -->\n<title>Info legali e privacy - K\u00f6nig<\/title>\n<meta name=\"robots\" content=\"index, follow, max-snippet:-1, max-image-preview:large, max-video-preview:-1\" \/>\n<link rel=\"canonical\" href=\"https:\/\/www.konigchain.com\/ch-it\/info-legali-e-privacy\/\" \/>\n<meta property=\"og:locale\" content=\"it_IT\" \/>\n<meta property=\"og:type\" content=\"article\" \/>\n<meta property=\"og:title\" content=\"Info legali e privacy - K\u00f6nig\" \/>\n<meta property=\"og:description\" content=\"Legal and privacy policy Esclusione di responsabilit\u00e0 Malgrado il massimo impegno posto per garantire l\u2019accuratezza delle informazioni riportate sul sito web di\u00a0K\u00f6nig, tali informazioni sono fornite \u201ccos\u00ec come sono\u201d e sono escluse tutte le garanzie, espresse o tacite, in merito alla loro accuratezza, completezza e attualit\u00e0. L\u2019utente prende atto che il proprio utilizzo del sito [&hellip;]\" \/>\n<meta property=\"og:url\" content=\"https:\/\/www.konigchain.com\/ch-it\/info-legali-e-privacy\/\" \/>\n<meta property=\"og:site_name\" content=\"K\u00f6nig\" \/>\n<meta property=\"article:modified_time\" content=\"2025-05-28T14:08:33+00:00\" \/>\n<meta property=\"og:image\" content=\"https:\/\/www.konigchain.com\/wp-content\/uploads\/2025\/06\/Konig-snowchains-website.jpg\" \/>\n\t<meta property=\"og:image:width\" content=\"1350\" \/>\n\t<meta property=\"og:image:height\" content=\"675\" \/>\n\t<meta property=\"og:image:type\" content=\"image\/jpeg\" \/>\n<meta name=\"twitter:card\" content=\"summary_large_image\" \/>\n<meta name=\"twitter:label1\" content=\"Est. reading time\" \/>\n\t<meta name=\"twitter:data1\" content=\"8 minutes\" \/>\n<script type=\"application\/ld+json\" class=\"yoast-schema-graph\">{\"@context\":\"https:\/\/schema.org\",\"@graph\":[{\"@type\":\"WebPage\",\"@id\":\"https:\/\/www.konigchain.com\/ch-it\/info-legali-e-privacy\/\",\"url\":\"https:\/\/www.konigchain.com\/ch-it\/info-legali-e-privacy\/\",\"name\":\"Info legali e privacy - K\u00f6nig\",\"isPartOf\":{\"@id\":\"https:\/\/www.konigchain.com\/ch-it\/#website\"},\"datePublished\":\"2024-05-16T15:13:50+00:00\",\"dateModified\":\"2025-05-28T14:08:33+00:00\",\"breadcrumb\":{\"@id\":\"https:\/\/www.konigchain.com\/ch-it\/info-legali-e-privacy\/#breadcrumb\"},\"inLanguage\":\"it-CH\",\"potentialAction\":[{\"@type\":\"ReadAction\",\"target\":[\"https:\/\/www.konigchain.com\/ch-it\/info-legali-e-privacy\/\"]}]},{\"@type\":\"BreadcrumbList\",\"@id\":\"https:\/\/www.konigchain.com\/ch-it\/info-legali-e-privacy\/#breadcrumb\",\"itemListElement\":[{\"@type\":\"ListItem\",\"position\":1,\"name\":\"Home\",\"item\":\"https:\/\/www.konigchain.com\/ch-it\/\"},{\"@type\":\"ListItem\",\"position\":2,\"name\":\"Info legali e privacy\"}]},{\"@type\":\"WebSite\",\"@id\":\"https:\/\/www.konigchain.com\/ch-it\/#website\",\"url\":\"https:\/\/www.konigchain.com\/ch-it\/\",\"name\":\"K\u00f6nig\",\"description\":\"\",\"publisher\":{\"@id\":\"https:\/\/www.konigchain.com\/ch-it\/#organization\"},\"potentialAction\":[{\"@type\":\"SearchAction\",\"target\":{\"@type\":\"EntryPoint\",\"urlTemplate\":\"https:\/\/www.konigchain.com\/ch-it\/?s={search_term_string}\"},\"query-input\":{\"@type\":\"PropertyValueSpecification\",\"valueRequired\":true,\"valueName\":\"search_term_string\"}}],\"inLanguage\":\"it-CH\"},{\"@type\":\"Organization\",\"@id\":\"https:\/\/www.konigchain.com\/ch-it\/#organization\",\"name\":\"K\u00f6nig\",\"url\":\"https:\/\/www.konigchain.com\/ch-it\/\",\"logo\":{\"@type\":\"ImageObject\",\"inLanguage\":\"it-CH\",\"@id\":\"https:\/\/www.konigchain.com\/ch-it\/#\/schema\/logo\/image\/\",\"url\":\"https:\/\/www.konigchain.com\/wp-content\/uploads\/2023\/12\/logo-Konig-2016-BG.png\",\"contentUrl\":\"https:\/\/www.konigchain.com\/wp-content\/uploads\/2023\/12\/logo-Konig-2016-BG.png\",\"width\":3508,\"height\":2480,\"caption\":\"K\u00f6nig\"},\"image\":{\"@id\":\"https:\/\/www.konigchain.com\/ch-it\/#\/schema\/logo\/image\/\"}}]}<\/script>\n<!-- \/ Yoast SEO plugin. -->","yoast_head_json":{"title":"Info legali e privacy - K\u00f6nig","robots":{"index":"index","follow":"follow","max-snippet":"max-snippet:-1","max-image-preview":"max-image-preview:large","max-video-preview":"max-video-preview:-1"},"canonical":"https:\/\/www.konigchain.com\/ch-it\/info-legali-e-privacy\/","og_locale":"it_IT","og_type":"article","og_title":"Info legali e privacy - K\u00f6nig","og_description":"Legal and privacy policy Esclusione di responsabilit\u00e0 Malgrado il massimo impegno posto per garantire l\u2019accuratezza delle informazioni riportate sul sito web di\u00a0K\u00f6nig, tali informazioni sono fornite \u201ccos\u00ec come sono\u201d e sono escluse tutte le garanzie, espresse o tacite, in merito alla loro accuratezza, completezza e attualit\u00e0. L\u2019utente prende atto che il proprio utilizzo del sito [&hellip;]","og_url":"https:\/\/www.konigchain.com\/ch-it\/info-legali-e-privacy\/","og_site_name":"K\u00f6nig","article_modified_time":"2025-05-28T14:08:33+00:00","og_image":[{"width":1350,"height":675,"url":"https:\/\/www.konigchain.com\/wp-content\/uploads\/2025\/06\/Konig-snowchains-website.jpg","type":"image\/jpeg"}],"twitter_card":"summary_large_image","twitter_misc":{"Est. reading time":"8 minutes"},"schema":{"@context":"https:\/\/schema.org","@graph":[{"@type":"WebPage","@id":"https:\/\/www.konigchain.com\/ch-it\/info-legali-e-privacy\/","url":"https:\/\/www.konigchain.com\/ch-it\/info-legali-e-privacy\/","name":"Info legali e privacy - K\u00f6nig","isPartOf":{"@id":"https:\/\/www.konigchain.com\/ch-it\/#website"},"datePublished":"2024-05-16T15:13:50+00:00","dateModified":"2025-05-28T14:08:33+00:00","breadcrumb":{"@id":"https:\/\/www.konigchain.com\/ch-it\/info-legali-e-privacy\/#breadcrumb"},"inLanguage":"it-CH","potentialAction":[{"@type":"ReadAction","target":["https:\/\/www.konigchain.com\/ch-it\/info-legali-e-privacy\/"]}]},{"@type":"BreadcrumbList","@id":"https:\/\/www.konigchain.com\/ch-it\/info-legali-e-privacy\/#breadcrumb","itemListElement":[{"@type":"ListItem","position":1,"name":"Home","item":"https:\/\/www.konigchain.com\/ch-it\/"},{"@type":"ListItem","position":2,"name":"Info legali e privacy"}]},{"@type":"WebSite","@id":"https:\/\/www.konigchain.com\/ch-it\/#website","url":"https:\/\/www.konigchain.com\/ch-it\/","name":"K\u00f6nig","description":"","publisher":{"@id":"https:\/\/www.konigchain.com\/ch-it\/#organization"},"potentialAction":[{"@type":"SearchAction","target":{"@type":"EntryPoint","urlTemplate":"https:\/\/www.konigchain.com\/ch-it\/?s={search_term_string}"},"query-input":{"@type":"PropertyValueSpecification","valueRequired":true,"valueName":"search_term_string"}}],"inLanguage":"it-CH"},{"@type":"Organization","@id":"https:\/\/www.konigchain.com\/ch-it\/#organization","name":"K\u00f6nig","url":"https:\/\/www.konigchain.com\/ch-it\/","logo":{"@type":"ImageObject","inLanguage":"it-CH","@id":"https:\/\/www.konigchain.com\/ch-it\/#\/schema\/logo\/image\/","url":"https:\/\/www.konigchain.com\/wp-content\/uploads\/2023\/12\/logo-Konig-2016-BG.png","contentUrl":"https:\/\/www.konigchain.com\/wp-content\/uploads\/2023\/12\/logo-Konig-2016-BG.png","width":3508,"height":2480,"caption":"K\u00f6nig"},"image":{"@id":"https:\/\/www.konigchain.com\/ch-it\/#\/schema\/logo\/image\/"}}]}},"_links":{"self":[{"href":"https:\/\/www.konigchain.com\/ch-it\/wp-json\/wp\/v2\/pages\/17914","targetHints":{"allow":["GET"]}}],"collection":[{"href":"https:\/\/www.konigchain.com\/ch-it\/wp-json\/wp\/v2\/pages"}],"about":[{"href":"https:\/\/www.konigchain.com\/ch-it\/wp-json\/wp\/v2\/types\/page"}],"author":[{"embeddable":true,"href":"https:\/\/www.konigchain.com\/ch-it\/wp-json\/wp\/v2\/users\/3"}],"replies":[{"embeddable":true,"href":"https:\/\/www.konigchain.com\/ch-it\/wp-json\/wp\/v2\/comments?post=17914"}],"version-history":[{"count":5,"href":"https:\/\/www.konigchain.com\/ch-it\/wp-json\/wp\/v2\/pages\/17914\/revisions"}],"predecessor-version":[{"id":50614,"href":"https:\/\/www.konigchain.com\/ch-it\/wp-json\/wp\/v2\/pages\/17914\/revisions\/50614"}],"wp:attachment":[{"href":"https:\/\/www.konigchain.com\/ch-it\/wp-json\/wp\/v2\/media?parent=17914"}],"wp:term":[{"taxonomy":"page-category","embeddable":true,"href":"https:\/\/www.konigchain.com\/ch-it\/wp-json\/wp\/v2\/page-category?post=17914"}],"curies":[{"name":"wp","href":"https:\/\/api.w.org\/{rel}","templated":true}]}}