{"id":17109,"date":"2024-04-25T17:24:39","date_gmt":"2024-04-25T15:24:39","guid":{"rendered":"https:\/\/wp1.konigchain.com\/snow-chains-configurator\/"},"modified":"2025-07-14T10:05:44","modified_gmt":"2025-07-14T08:05:44","slug":"konfigurator","status":"publish","type":"page","link":"https:\/\/www.konigchain.com\/cs\/konfigurator\/","title":{"rendered":"Konfigur\u00e1tor"},"content":{"rendered":"\t\t<div data-elementor-type=\"wp-page\" data-elementor-id=\"17109\" class=\"elementor elementor-17109 elementor-2916\" data-elementor-post-type=\"page\">\n\t\t\t\t<div class=\"elementor-element elementor-element-038a79b e-con-full e-flex e-con e-parent\" data-id=\"038a79b\" data-element_type=\"container\" data-settings=\"{&quot;background_background&quot;:&quot;classic&quot;,&quot;background_motion_fx_motion_fx_scrolling&quot;:&quot;yes&quot;,&quot;background_motion_fx_devices&quot;:[&quot;desktop&quot;,&quot;tablet_extra&quot;,&quot;tablet&quot;,&quot;mobile&quot;]}\">\n\t\t<div class=\"elementor-element elementor-element-f07caa7 e-con-full e-flex e-con e-child\" data-id=\"f07caa7\" data-element_type=\"container\" data-settings=\"{&quot;background_background&quot;:&quot;classic&quot;,&quot;background_motion_fx_motion_fx_scrolling&quot;:&quot;yes&quot;,&quot;background_motion_fx_translateY_effect&quot;:&quot;yes&quot;,&quot;background_motion_fx_translateY_speed&quot;:{&quot;unit&quot;:&quot;px&quot;,&quot;size&quot;:4,&quot;sizes&quot;:[]},&quot;background_motion_fx_translateY_affectedRange&quot;:{&quot;unit&quot;:&quot;%&quot;,&quot;size&quot;:&quot;&quot;,&quot;sizes&quot;:{&quot;start&quot;:0,&quot;end&quot;:100}},&quot;background_motion_fx_devices&quot;:[&quot;desktop&quot;,&quot;tablet_extra&quot;,&quot;tablet&quot;,&quot;mobile&quot;]}\">\n\t\t\t\t<div class=\"elementor-element elementor-element-45250f6 elementor-widget elementor-widget-heading\" data-id=\"45250f6\" data-element_type=\"widget\" data-widget_type=\"heading.default\">\n\t\t\t\t\t<h1 class=\"elementor-heading-title elementor-size-default\">Konfigur\u00e1tory sn\u011bhov\u00fdch \u0159et\u011bz\u016f\u200b<\/h1>\t\t\t\t<\/div>\n\t\t\t\t<div class=\"elementor-element elementor-element-8688ce6 elementor-widget__width-initial elementor-widget elementor-widget-heading\" data-id=\"8688ce6\" data-element_type=\"widget\" data-widget_type=\"heading.default\">\n\t\t\t\t\t<h2 class=\"elementor-heading-title elementor-size-default\">zjist\u011bte, jak\u00e9 jsou ide\u00e1ln\u00ed sn\u011bhov\u00e9 \u0159et\u011bzy\u200b<\/h2>\t\t\t\t<\/div>\n\t\t\t\t<\/div>\n\t\t\t\t<div class=\"elementor-element elementor-element-a0ba92c elementor-view-stacked elementor-shape-square elementor-invisible elementor-widget elementor-widget-icon\" data-id=\"a0ba92c\" data-element_type=\"widget\" data-settings=\"{&quot;motion_fx_motion_fx_scrolling&quot;:&quot;yes&quot;,&quot;_animation&quot;:&quot;bounceIn&quot;,&quot;motion_fx_devices&quot;:[&quot;desktop&quot;,&quot;tablet&quot;],&quot;_animation_delay&quot;:10}\" data-widget_type=\"icon.default\">\n\t\t\t\t\t\t\t<div class=\"elementor-icon-wrapper\">\n\t\t\t<a class=\"elementor-icon\" href=\"#scroll-down\">\n\t\t\t<svg aria-hidden=\"true\" class=\"e-font-icon-svg e-fas-arrow-down\" viewBox=\"0 0 448 512\" xmlns=\"http:\/\/www.w3.org\/2000\/svg\"><path d=\"M413.1 222.5l22.2 22.2c9.4 9.4 9.4 24.6 0 33.9L241 473c-9.4 9.4-24.6 9.4-33.9 0L12.7 278.6c-9.4-9.4-9.4-24.6 0-33.9l22.2-22.2c9.5-9.5 25-9.3 34.3.4L184 343.4V56c0-13.3 10.7-24 24-24h32c13.3 0 24 10.7 24 24v287.4l114.8-120.5c9.3-9.8 24.8-10 34.3-.4z\"><\/path><\/svg>\t\t\t<\/a>\n\t\t<\/div>\n\t\t\t\t\t\t<\/div>\n\t\t\t\t<div class=\"elementor-element elementor-element-29b53a1 elementor-widget elementor-widget-menu-anchor\" data-id=\"29b53a1\" data-element_type=\"widget\" data-widget_type=\"menu-anchor.default\">\n\t\t\t\t\t\t\t<div class=\"elementor-menu-anchor\" id=\"scroll-down\"><\/div>\n\t\t\t\t\t\t<\/div>\n\t\t\t\t<\/div>\n\t\t<div class=\"elementor-element elementor-element-23f967de e-flex e-con-boxed e-con e-parent\" data-id=\"23f967de\" data-element_type=\"container\">\n\t\t\t\t\t<div class=\"e-con-inner\">\n\t\t\t\t<div class=\"elementor-element elementor-element-050ff18 elementor-widget elementor-widget-text-editor\" data-id=\"050ff18\" data-element_type=\"widget\" data-widget_type=\"text-editor.default\">\n\t\t\t\t\t\t\t\t\t<p>Konfigur\u00e1tory sn\u011bhov\u00fdch \u0159et\u011bz\u016f K\u00f6nig podporuj\u00ed v\u00fdb\u011br nejvhodn\u011bj\u0161\u00edch sn\u011bhov\u00fdch \u0159et\u011bz\u016f pro va\u0161e pot\u0159eby s ohledem na vozidlo, velikost pneumatik a p\u0159\u00edpadn\u00e1 omezen\u00ed vypl\u00fdvaj\u00edc\u00ed z jejich kombinace.<\/p><p>V\u00fdsledky na\u0161ich konfigur\u00e1tor\u016f jsou zalo\u017eeny na intern\u00edch testech, kter\u00e9 jsou pravideln\u011b prov\u00e1d\u011bny na vozidlech a pneumatik\u00e1ch, aby bylo zaji\u0161t\u011bno nejlep\u0161\u00ed p\u0159izp\u016fsoben\u00ed. Pokud va\u0161e vozidlo nebo rozm\u011br pneumatik (nebo oboj\u00ed) nejsou uvedeny v na\u0161ich konfigur\u00e1torech, obra\u0165te se na n\u00e1\u0161 servis prost\u0159ednictv\u00edm <a href=\"https:\/\/www.konigchain.com\/cs\/kontakt\/\">kontaktn\u00edho formul\u00e1\u0159e<\/a>.<\/p><p>Nejprve vyberte segment, pro kter\u00fd chcete sn\u011bhov\u00e9 \u0159et\u011bzy nakonfigurovat.<\/p>\t\t\t\t\t\t\t\t<\/div>\n\t\t\t\t\t<\/div>\n\t\t\t\t<\/div>\n\t\t<div class=\"elementor-element elementor-element-2cbbe2b e-con-full e-flex e-con e-parent\" data-id=\"2cbbe2b\" data-element_type=\"container\" data-settings=\"{&quot;background_background&quot;:&quot;classic&quot;}\">\n\t\t<div class=\"elementor-element elementor-element-d2c88b1 e-con-full e-flex e-con e-child\" data-id=\"d2c88b1\" data-element_type=\"container\" data-settings=\"{&quot;background_background&quot;:&quot;classic&quot;,&quot;background_motion_fx_motion_fx_scrolling&quot;:&quot;yes&quot;,&quot;background_motion_fx_translateY_effect&quot;:&quot;yes&quot;,&quot;background_motion_fx_translateY_speed&quot;:{&quot;unit&quot;:&quot;px&quot;,&quot;size&quot;:4,&quot;sizes&quot;:[]},&quot;background_motion_fx_translateY_affectedRange&quot;:{&quot;unit&quot;:&quot;%&quot;,&quot;size&quot;:&quot;&quot;,&quot;sizes&quot;:{&quot;start&quot;:0,&quot;end&quot;:100}},&quot;background_motion_fx_devices&quot;:[&quot;desktop&quot;,&quot;tablet_extra&quot;,&quot;tablet&quot;,&quot;mobile&quot;]}\">\n\t\t\t\t<\/div>\n\t\t<div class=\"elementor-element elementor-element-32a79df e-con-full e-flex e-con e-child\" data-id=\"32a79df\" data-element_type=\"container\">\n\t\t\t\t<div class=\"elementor-element elementor-element-11b55980 elementor-widget-divider--view-line elementor-widget elementor-widget-divider\" data-id=\"11b55980\" data-element_type=\"widget\" data-widget_type=\"divider.default\">\n\t\t\t\t\t\t\t<div class=\"elementor-divider\">\n\t\t\t<span class=\"elementor-divider-separator\">\n\t\t\t\t\t\t<\/span>\n\t\t<\/div>\n\t\t\t\t\t\t<\/div>\n\t\t\t\t<div class=\"elementor-element elementor-element-377f59c7 elementor-widget elementor-widget-heading\" data-id=\"377f59c7\" data-element_type=\"widget\" data-widget_type=\"heading.default\">\n\t\t\t\t\t<h2 class=\"elementor-heading-title elementor-size-default\">Konfigur\u00e1tor sn\u011bhov\u00fdch \u0159et\u011bz\u016f pro spot\u0159ebitele<\/h2>\t\t\t\t<\/div>\n\t\t\t\t<div class=\"elementor-element elementor-element-697ba03c elementor-widget elementor-widget-text-editor\" data-id=\"697ba03c\" data-element_type=\"widget\" data-widget_type=\"text-editor.default\">\n\t\t\t\t\t\t\t\t\t<p style=\"text-align: center;\">Zjist\u011bte, jak\u00e9 sn\u011bhov\u00e9 \u0159et\u011bzy jsou kompatibiln\u00ed pro v\u00e1\u0161 osobn\u00ed automobil, crossover, SUV, pickup, dod\u00e1vku a obytn\u00fd v\u016fz.<\/p><p style=\"text-align: center;\">Chcete-li zjistit, kter\u00e9 sn\u011bhov\u00e9 \u0159et\u011bzy Consumer jsou kompatibiln\u00ed s va\u0161\u00edm vozidlem, ov\u011b\u0159te \u00fadaje o vozidle (zna\u010dka, model, rok v\u00fdroby) a velikost pneumatik. Pokud se na va\u0161e vozidlo nevztahuje \u017e\u00e1dn\u00e9 omezen\u00ed sv\u011btl\u00e9 v\u00fd\u0161ky, m\u016f\u017eete jednodu\u0161e vyhled\u00e1vat podle velikosti pneumatik.<\/p>\t\t\t\t\t\t\t\t<\/div>\n\t\t\t\t<div class=\"elementor-element elementor-element-20ac6291 elementor-align-left elementor-widget elementor-widget-button\" data-id=\"20ac6291\" data-element_type=\"widget\" data-widget_type=\"button.default\">\n\t\t\t\t\t\t\t\t\t\t<a class=\"elementor-button elementor-button-link elementor-size-sm\" href=\"https:\/\/www.konigchain.com\/cs\/consumer-configurator\/\">\n\t\t\t\t\t\t<span class=\"elementor-button-content-wrapper\">\n\t\t\t\t\t\t\t\t\t<span class=\"elementor-button-text\">Konfigur\u00e1tor<\/span>\n\t\t\t\t\t<\/span>\n\t\t\t\t\t<\/a>\n\t\t\t\t\t\t\t\t<\/div>\n\t\t\t\t<\/div>\n\t\t\t\t<\/div>\n\t\t<div class=\"elementor-element elementor-element-9b87ccc e-con-full e-flex e-con e-parent\" data-id=\"9b87ccc\" data-element_type=\"container\" data-settings=\"{&quot;background_background&quot;:&quot;classic&quot;}\">\n\t\t<div class=\"elementor-element elementor-element-9edee20 e-con-full e-flex e-con e-child\" data-id=\"9edee20\" data-element_type=\"container\">\n\t\t\t\t<div class=\"elementor-element elementor-element-b43940b elementor-widget-divider--view-line elementor-widget elementor-widget-divider\" data-id=\"b43940b\" data-element_type=\"widget\" data-widget_type=\"divider.default\">\n\t\t\t\t\t\t\t<div class=\"elementor-divider\">\n\t\t\t<span class=\"elementor-divider-separator\">\n\t\t\t\t\t\t<\/span>\n\t\t<\/div>\n\t\t\t\t\t\t<\/div>\n\t\t\t\t<div class=\"elementor-element elementor-element-fb89cfa elementor-widget elementor-widget-heading\" data-id=\"fb89cfa\" data-element_type=\"widget\" data-widget_type=\"heading.default\">\n\t\t\t\t\t<h2 class=\"elementor-heading-title elementor-size-default\">Profesion\u00e1ln\u00ed konfigur\u00e1tor sn\u011bhov\u00fdch \u0159et\u011bz\u016f<\/h2>\t\t\t\t<\/div>\n\t\t\t\t<div class=\"elementor-element elementor-element-81baef9 elementor-widget elementor-widget-text-editor\" data-id=\"81baef9\" data-element_type=\"widget\" data-widget_type=\"text-editor.default\">\n\t\t\t\t\t\t\t\t\t<p style=\"text-align: center;\">Zjist\u011bte, jak\u00e9 sn\u011bhov\u00e9 \u0159et\u011bzy jsou vhodn\u00e9 pro va\u0161i \u010dinnost, jako je offroad, p\u0159eprava zbo\u017e\u00ed, odstra\u0148ov\u00e1n\u00ed sn\u011bhu, zem\u011bd\u011blstv\u00ed a manipulace se zbo\u017e\u00edm.<\/p><p style=\"text-align: center;\">Chcete-li zjistit spr\u00e1vn\u00fd \u0159et\u011bz Professional, vyberte velikost pneumatiky. Pot\u00e9 m\u016f\u017eete filtrovat produkty podle typu \u010dinnosti\/pou\u017e\u00edv\u00e1n\u00ed.<\/p>\t\t\t\t\t\t\t\t<\/div>\n\t\t\t\t<div class=\"elementor-element elementor-element-7627fe1 elementor-align-left elementor-widget elementor-widget-button\" data-id=\"7627fe1\" data-element_type=\"widget\" data-widget_type=\"button.default\">\n\t\t\t\t\t\t\t\t\t\t<a class=\"elementor-button elementor-button-link elementor-size-sm\" href=\"https:\/\/www.konigchain.com\/cs\/professional-configurator\/\">\n\t\t\t\t\t\t<span class=\"elementor-button-content-wrapper\">\n\t\t\t\t\t\t\t\t\t<span class=\"elementor-button-text\">Konfigur\u00e1tor<\/span>\n\t\t\t\t\t<\/span>\n\t\t\t\t\t<\/a>\n\t\t\t\t\t\t\t\t<\/div>\n\t\t\t\t<\/div>\n\t\t<div class=\"elementor-element elementor-element-e36c242 e-con-full e-flex e-con e-child\" data-id=\"e36c242\" data-element_type=\"container\" data-settings=\"{&quot;background_background&quot;:&quot;classic&quot;,&quot;background_motion_fx_motion_fx_scrolling&quot;:&quot;yes&quot;,&quot;background_motion_fx_translateY_effect&quot;:&quot;yes&quot;,&quot;background_motion_fx_translateY_speed&quot;:{&quot;unit&quot;:&quot;px&quot;,&quot;size&quot;:4,&quot;sizes&quot;:[]},&quot;background_motion_fx_translateY_affectedRange&quot;:{&quot;unit&quot;:&quot;%&quot;,&quot;size&quot;:&quot;&quot;,&quot;sizes&quot;:{&quot;start&quot;:0,&quot;end&quot;:100}},&quot;background_motion_fx_devices&quot;:[&quot;desktop&quot;,&quot;tablet_extra&quot;,&quot;tablet&quot;,&quot;mobile&quot;]}\">\n\t\t\t\t<\/div>\n\t\t\t\t<\/div>\n\t\t\t\t<\/div>\n\t\t","protected":false},"excerpt":{"rendered":"<p>Konfigur\u00e1tory sn\u011bhov\u00fdch \u0159et\u011bz\u016f\u200b zjist\u011bte, jak\u00e9 jsou ide\u00e1ln\u00ed sn\u011bhov\u00e9 \u0159et\u011bzy\u200b Konfigur\u00e1tory sn\u011bhov\u00fdch \u0159et\u011bz\u016f K\u00f6nig podporuj\u00ed v\u00fdb\u011br nejvhodn\u011bj\u0161\u00edch sn\u011bhov\u00fdch \u0159et\u011bz\u016f pro va\u0161e pot\u0159eby s ohledem na vozidlo, velikost pneumatik a p\u0159\u00edpadn\u00e1 omezen\u00ed vypl\u00fdvaj\u00edc\u00ed z jejich kombinace. V\u00fdsledky na\u0161ich konfigur\u00e1tor\u016f jsou zalo\u017eeny na intern\u00edch testech, kter\u00e9 jsou pravideln\u011b prov\u00e1d\u011bny na vozidlech a pneumatik\u00e1ch, aby bylo zaji\u0161t\u011bno nejlep\u0161\u00ed p\u0159izp\u016fsoben\u00ed. [&hellip;]<\/p>\n","protected":false},"author":3,"featured_media":23979,"parent":0,"menu_order":0,"comment_status":"closed","ping_status":"closed","template":"","meta":{"_acf_changed":false,"footnotes":""},"page-category":[1550],"class_list":["post-17109","page","type-page","status-publish","has-post-thumbnail","hentry","page-category-b2c"],"acf":[],"yoast_head":"<!-- This site is optimized with the Yoast SEO plugin v26.8 - https:\/\/yoast.com\/product\/yoast-seo-wordpress\/ -->\n<title>Zjist\u011bte, jak\u00e9 sn\u011bhov\u00e9 \u0159et\u011bzy jsou vhodn\u00e9 pro va\u0161e vozidlo - K\u00f6nig<\/title>\n<meta name=\"description\" content=\"Najd\u011bte spr\u00e1vn\u00e9 sn\u011bhov\u00e9 \u0159et\u011bzy K\u00f6nig pro sv\u016fj osobn\u00ed automobil, crossover, SUV, dod\u00e1vku nebo profesion\u00e1ln\u00ed vozidlo.\" \/>\n<meta name=\"robots\" content=\"index, follow, max-snippet:-1, max-image-preview:large, max-video-preview:-1\" \/>\n<link rel=\"canonical\" href=\"https:\/\/www.konigchain.com\/cs\/konfigurator\/\" \/>\n<meta property=\"og:locale\" content=\"cs_CZ\" \/>\n<meta property=\"og:type\" content=\"article\" \/>\n<meta property=\"og:title\" content=\"Zjist\u011bte, jak\u00e9 sn\u011bhov\u00e9 \u0159et\u011bzy jsou vhodn\u00e9 pro va\u0161e vozidlo - K\u00f6nig\" \/>\n<meta property=\"og:description\" content=\"Najd\u011bte spr\u00e1vn\u00e9 sn\u011bhov\u00e9 \u0159et\u011bzy K\u00f6nig pro sv\u016fj osobn\u00ed automobil, crossover, SUV, dod\u00e1vku nebo profesion\u00e1ln\u00ed vozidlo.\" \/>\n<meta property=\"og:url\" content=\"https:\/\/www.konigchain.com\/cs\/konfigurator\/\" \/>\n<meta property=\"og:site_name\" content=\"K\u00f6nig\" \/>\n<meta property=\"article:modified_time\" content=\"2025-07-14T08:05:44+00:00\" \/>\n<meta property=\"og:image\" content=\"https:\/\/www.konigchain.com\/wp-content\/uploads\/2024\/10\/Konig-XG-Cross_LynkCo-3.jpg\" \/>\n\t<meta property=\"og:image:width\" content=\"2500\" \/>\n\t<meta property=\"og:image:height\" content=\"1612\" \/>\n\t<meta property=\"og:image:type\" content=\"image\/jpeg\" \/>\n<meta name=\"twitter:card\" content=\"summary_large_image\" \/>\n<meta name=\"twitter:label1\" content=\"Odhadovan\u00e1 doba \u010dten\u00ed\" \/>\n\t<meta name=\"twitter:data1\" content=\"2 minuty\" \/>\n<script type=\"application\/ld+json\" class=\"yoast-schema-graph\">{\"@context\":\"https:\/\/schema.org\",\"@graph\":[{\"@type\":\"WebPage\",\"@id\":\"https:\/\/www.konigchain.com\/cs\/konfigurator\/\",\"url\":\"https:\/\/www.konigchain.com\/cs\/konfigurator\/\",\"name\":\"Zjist\u011bte, jak\u00e9 sn\u011bhov\u00e9 \u0159et\u011bzy jsou vhodn\u00e9 pro va\u0161e vozidlo - K\u00f6nig\",\"isPartOf\":{\"@id\":\"https:\/\/www.konigchain.com\/cs\/#website\"},\"primaryImageOfPage\":{\"@id\":\"https:\/\/www.konigchain.com\/cs\/konfigurator\/#primaryimage\"},\"image\":{\"@id\":\"https:\/\/www.konigchain.com\/cs\/konfigurator\/#primaryimage\"},\"thumbnailUrl\":\"https:\/\/www.konigchain.com\/wp-content\/uploads\/2024\/10\/Konig-XG-Cross_LynkCo-3.jpg\",\"datePublished\":\"2024-04-25T15:24:39+00:00\",\"dateModified\":\"2025-07-14T08:05:44+00:00\",\"description\":\"Najd\u011bte spr\u00e1vn\u00e9 sn\u011bhov\u00e9 \u0159et\u011bzy K\u00f6nig pro sv\u016fj osobn\u00ed automobil, crossover, SUV, dod\u00e1vku nebo profesion\u00e1ln\u00ed vozidlo.\",\"breadcrumb\":{\"@id\":\"https:\/\/www.konigchain.com\/cs\/konfigurator\/#breadcrumb\"},\"inLanguage\":\"cs\",\"potentialAction\":[{\"@type\":\"ReadAction\",\"target\":[\"https:\/\/www.konigchain.com\/cs\/konfigurator\/\"]}]},{\"@type\":\"ImageObject\",\"inLanguage\":\"cs\",\"@id\":\"https:\/\/www.konigchain.com\/cs\/konfigurator\/#primaryimage\",\"url\":\"https:\/\/www.konigchain.com\/wp-content\/uploads\/2024\/10\/Konig-XG-Cross_LynkCo-3.jpg\",\"contentUrl\":\"https:\/\/www.konigchain.com\/wp-content\/uploads\/2024\/10\/Konig-XG-Cross_LynkCo-3.jpg\",\"width\":2500,\"height\":1612},{\"@type\":\"BreadcrumbList\",\"@id\":\"https:\/\/www.konigchain.com\/cs\/konfigurator\/#breadcrumb\",\"itemListElement\":[{\"@type\":\"ListItem\",\"position\":1,\"name\":\"Home\",\"item\":\"https:\/\/www.konigchain.com\/cs\/\"},{\"@type\":\"ListItem\",\"position\":2,\"name\":\"Konfigur\u00e1tor\"}]},{\"@type\":\"WebSite\",\"@id\":\"https:\/\/www.konigchain.com\/cs\/#website\",\"url\":\"https:\/\/www.konigchain.com\/cs\/\",\"name\":\"K\u00f6nig\",\"description\":\"\",\"publisher\":{\"@id\":\"https:\/\/www.konigchain.com\/cs\/#organization\"},\"potentialAction\":[{\"@type\":\"SearchAction\",\"target\":{\"@type\":\"EntryPoint\",\"urlTemplate\":\"https:\/\/www.konigchain.com\/cs\/?s={search_term_string}\"},\"query-input\":{\"@type\":\"PropertyValueSpecification\",\"valueRequired\":true,\"valueName\":\"search_term_string\"}}],\"inLanguage\":\"cs\"},{\"@type\":\"Organization\",\"@id\":\"https:\/\/www.konigchain.com\/cs\/#organization\",\"name\":\"K\u00f6nig\",\"url\":\"https:\/\/www.konigchain.com\/cs\/\",\"logo\":{\"@type\":\"ImageObject\",\"inLanguage\":\"cs\",\"@id\":\"https:\/\/www.konigchain.com\/cs\/#\/schema\/logo\/image\/\",\"url\":\"https:\/\/www.konigchain.com\/wp-content\/uploads\/2023\/12\/logo-Konig-2016-BG.png\",\"contentUrl\":\"https:\/\/www.konigchain.com\/wp-content\/uploads\/2023\/12\/logo-Konig-2016-BG.png\",\"width\":3508,\"height\":2480,\"caption\":\"K\u00f6nig\"},\"image\":{\"@id\":\"https:\/\/www.konigchain.com\/cs\/#\/schema\/logo\/image\/\"}}]}<\/script>\n<!-- \/ Yoast SEO plugin. -->","yoast_head_json":{"title":"Zjist\u011bte, jak\u00e9 sn\u011bhov\u00e9 \u0159et\u011bzy jsou vhodn\u00e9 pro va\u0161e vozidlo - K\u00f6nig","description":"Najd\u011bte spr\u00e1vn\u00e9 sn\u011bhov\u00e9 \u0159et\u011bzy K\u00f6nig pro sv\u016fj osobn\u00ed automobil, crossover, SUV, dod\u00e1vku nebo profesion\u00e1ln\u00ed vozidlo.","robots":{"index":"index","follow":"follow","max-snippet":"max-snippet:-1","max-image-preview":"max-image-preview:large","max-video-preview":"max-video-preview:-1"},"canonical":"https:\/\/www.konigchain.com\/cs\/konfigurator\/","og_locale":"cs_CZ","og_type":"article","og_title":"Zjist\u011bte, jak\u00e9 sn\u011bhov\u00e9 \u0159et\u011bzy jsou vhodn\u00e9 pro va\u0161e vozidlo - K\u00f6nig","og_description":"Najd\u011bte spr\u00e1vn\u00e9 sn\u011bhov\u00e9 \u0159et\u011bzy K\u00f6nig pro sv\u016fj osobn\u00ed automobil, crossover, SUV, dod\u00e1vku nebo profesion\u00e1ln\u00ed vozidlo.","og_url":"https:\/\/www.konigchain.com\/cs\/konfigurator\/","og_site_name":"K\u00f6nig","article_modified_time":"2025-07-14T08:05:44+00:00","og_image":[{"width":2500,"height":1612,"url":"https:\/\/www.konigchain.com\/wp-content\/uploads\/2024\/10\/Konig-XG-Cross_LynkCo-3.jpg","type":"image\/jpeg"}],"twitter_card":"summary_large_image","twitter_misc":{"Odhadovan\u00e1 doba \u010dten\u00ed":"2 minuty"},"schema":{"@context":"https:\/\/schema.org","@graph":[{"@type":"WebPage","@id":"https:\/\/www.konigchain.com\/cs\/konfigurator\/","url":"https:\/\/www.konigchain.com\/cs\/konfigurator\/","name":"Zjist\u011bte, jak\u00e9 sn\u011bhov\u00e9 \u0159et\u011bzy jsou vhodn\u00e9 pro va\u0161e vozidlo - K\u00f6nig","isPartOf":{"@id":"https:\/\/www.konigchain.com\/cs\/#website"},"primaryImageOfPage":{"@id":"https:\/\/www.konigchain.com\/cs\/konfigurator\/#primaryimage"},"image":{"@id":"https:\/\/www.konigchain.com\/cs\/konfigurator\/#primaryimage"},"thumbnailUrl":"https:\/\/www.konigchain.com\/wp-content\/uploads\/2024\/10\/Konig-XG-Cross_LynkCo-3.jpg","datePublished":"2024-04-25T15:24:39+00:00","dateModified":"2025-07-14T08:05:44+00:00","description":"Najd\u011bte spr\u00e1vn\u00e9 sn\u011bhov\u00e9 \u0159et\u011bzy K\u00f6nig pro sv\u016fj osobn\u00ed automobil, crossover, SUV, dod\u00e1vku nebo profesion\u00e1ln\u00ed vozidlo.","breadcrumb":{"@id":"https:\/\/www.konigchain.com\/cs\/konfigurator\/#breadcrumb"},"inLanguage":"cs","potentialAction":[{"@type":"ReadAction","target":["https:\/\/www.konigchain.com\/cs\/konfigurator\/"]}]},{"@type":"ImageObject","inLanguage":"cs","@id":"https:\/\/www.konigchain.com\/cs\/konfigurator\/#primaryimage","url":"https:\/\/www.konigchain.com\/wp-content\/uploads\/2024\/10\/Konig-XG-Cross_LynkCo-3.jpg","contentUrl":"https:\/\/www.konigchain.com\/wp-content\/uploads\/2024\/10\/Konig-XG-Cross_LynkCo-3.jpg","width":2500,"height":1612},{"@type":"BreadcrumbList","@id":"https:\/\/www.konigchain.com\/cs\/konfigurator\/#breadcrumb","itemListElement":[{"@type":"ListItem","position":1,"name":"Home","item":"https:\/\/www.konigchain.com\/cs\/"},{"@type":"ListItem","position":2,"name":"Konfigur\u00e1tor"}]},{"@type":"WebSite","@id":"https:\/\/www.konigchain.com\/cs\/#website","url":"https:\/\/www.konigchain.com\/cs\/","name":"K\u00f6nig","description":"","publisher":{"@id":"https:\/\/www.konigchain.com\/cs\/#organization"},"potentialAction":[{"@type":"SearchAction","target":{"@type":"EntryPoint","urlTemplate":"https:\/\/www.konigchain.com\/cs\/?s={search_term_string}"},"query-input":{"@type":"PropertyValueSpecification","valueRequired":true,"valueName":"search_term_string"}}],"inLanguage":"cs"},{"@type":"Organization","@id":"https:\/\/www.konigchain.com\/cs\/#organization","name":"K\u00f6nig","url":"https:\/\/www.konigchain.com\/cs\/","logo":{"@type":"ImageObject","inLanguage":"cs","@id":"https:\/\/www.konigchain.com\/cs\/#\/schema\/logo\/image\/","url":"https:\/\/www.konigchain.com\/wp-content\/uploads\/2023\/12\/logo-Konig-2016-BG.png","contentUrl":"https:\/\/www.konigchain.com\/wp-content\/uploads\/2023\/12\/logo-Konig-2016-BG.png","width":3508,"height":2480,"caption":"K\u00f6nig"},"image":{"@id":"https:\/\/www.konigchain.com\/cs\/#\/schema\/logo\/image\/"}}]}},"_links":{"self":[{"href":"https:\/\/www.konigchain.com\/cs\/wp-json\/wp\/v2\/pages\/17109","targetHints":{"allow":["GET"]}}],"collection":[{"href":"https:\/\/www.konigchain.com\/cs\/wp-json\/wp\/v2\/pages"}],"about":[{"href":"https:\/\/www.konigchain.com\/cs\/wp-json\/wp\/v2\/types\/page"}],"author":[{"embeddable":true,"href":"https:\/\/www.konigchain.com\/cs\/wp-json\/wp\/v2\/users\/3"}],"replies":[{"embeddable":true,"href":"https:\/\/www.konigchain.com\/cs\/wp-json\/wp\/v2\/comments?post=17109"}],"version-history":[{"count":5,"href":"https:\/\/www.konigchain.com\/cs\/wp-json\/wp\/v2\/pages\/17109\/revisions"}],"predecessor-version":[{"id":65828,"href":"https:\/\/www.konigchain.com\/cs\/wp-json\/wp\/v2\/pages\/17109\/revisions\/65828"}],"wp:featuredmedia":[{"embeddable":true,"href":"https:\/\/www.konigchain.com\/cs\/wp-json\/wp\/v2\/media\/23979"}],"wp:attachment":[{"href":"https:\/\/www.konigchain.com\/cs\/wp-json\/wp\/v2\/media?parent=17109"}],"wp:term":[{"taxonomy":"page-category","embeddable":true,"href":"https:\/\/www.konigchain.com\/cs\/wp-json\/wp\/v2\/page-category?post=17109"}],"curies":[{"name":"wp","href":"https:\/\/api.w.org\/{rel}","templated":true}]}}