{"id":17248,"date":"2024-04-25T16:31:25","date_gmt":"2024-04-25T14:31:25","guid":{"rendered":"https:\/\/wp1.konigchain.com\/consumer-configurator\/"},"modified":"2025-05-30T10:29:11","modified_gmt":"2025-05-30T08:29:11","slug":"konfigurator-spotrebitel","status":"publish","type":"page","link":"https:\/\/www.konigchain.com\/cs\/konfigurator-spotrebitel\/","title":{"rendered":"Konfigur\u00e1tor Spot\u0159ebitel"},"content":{"rendered":"\t\t<div data-elementor-type=\"wp-page\" data-elementor-id=\"17248\" class=\"elementor elementor-17248 elementor-2892\" data-elementor-post-type=\"page\">\n\t\t\t\t<div class=\"elementor-element elementor-element-acebe6d e-con-full e-flex e-con e-parent\" data-id=\"acebe6d\" data-element_type=\"container\" data-settings=\"{&quot;background_background&quot;:&quot;classic&quot;,&quot;background_motion_fx_motion_fx_scrolling&quot;:&quot;yes&quot;,&quot;background_motion_fx_devices&quot;:[&quot;desktop&quot;,&quot;tablet_extra&quot;,&quot;tablet&quot;,&quot;mobile&quot;]}\">\n\t\t<div class=\"elementor-element elementor-element-f27ca99 e-con-full e-flex e-con e-child\" data-id=\"f27ca99\" data-element_type=\"container\" data-settings=\"{&quot;background_background&quot;:&quot;classic&quot;,&quot;background_motion_fx_motion_fx_scrolling&quot;:&quot;yes&quot;,&quot;background_motion_fx_translateY_effect&quot;:&quot;yes&quot;,&quot;background_motion_fx_translateY_speed&quot;:{&quot;unit&quot;:&quot;px&quot;,&quot;size&quot;:4,&quot;sizes&quot;:[]},&quot;background_motion_fx_translateY_affectedRange&quot;:{&quot;unit&quot;:&quot;%&quot;,&quot;size&quot;:&quot;&quot;,&quot;sizes&quot;:{&quot;start&quot;:0,&quot;end&quot;:100}},&quot;background_motion_fx_devices&quot;:[&quot;desktop&quot;,&quot;tablet_extra&quot;,&quot;tablet&quot;,&quot;mobile&quot;]}\">\n\t\t\t\t<div class=\"elementor-element elementor-element-ace869e elementor-widget elementor-widget-heading\" data-id=\"ace869e\" data-element_type=\"widget\" data-widget_type=\"heading.default\">\n\t\t\t\t\t<h1 class=\"elementor-heading-title elementor-size-default\">Konfigur\u00e1tor sn\u011bhov\u00fdch \u0159et\u011bz\u016f pro spot\u0159ebitele\u200b<\/h1>\t\t\t\t<\/div>\n\t\t\t\t<div class=\"elementor-element elementor-element-3848a2c elementor-widget__width-initial elementor-widget elementor-widget-heading\" data-id=\"3848a2c\" data-element_type=\"widget\" data-widget_type=\"heading.default\">\n\t\t\t\t\t<h2 class=\"elementor-heading-title elementor-size-default\">zjist\u011bte, jak\u00e9 jsou ide\u00e1ln\u00ed sn\u011bhov\u00e9 \u0159et\u011bzy\u200b<\/h2>\t\t\t\t<\/div>\n\t\t\t\t<\/div>\n\t\t\t\t<div class=\"elementor-element elementor-element-e2498ce elementor-view-stacked elementor-shape-square elementor-invisible elementor-widget elementor-widget-icon\" data-id=\"e2498ce\" data-element_type=\"widget\" data-settings=\"{&quot;motion_fx_motion_fx_scrolling&quot;:&quot;yes&quot;,&quot;_animation&quot;:&quot;bounceIn&quot;,&quot;motion_fx_devices&quot;:[&quot;desktop&quot;,&quot;tablet&quot;],&quot;_animation_delay&quot;:10}\" data-widget_type=\"icon.default\">\n\t\t\t\t\t\t\t<div class=\"elementor-icon-wrapper\">\n\t\t\t<a class=\"elementor-icon\" href=\"#scroll-down\">\n\t\t\t<svg aria-hidden=\"true\" class=\"e-font-icon-svg e-fas-arrow-down\" viewBox=\"0 0 448 512\" xmlns=\"http:\/\/www.w3.org\/2000\/svg\"><path d=\"M413.1 222.5l22.2 22.2c9.4 9.4 9.4 24.6 0 33.9L241 473c-9.4 9.4-24.6 9.4-33.9 0L12.7 278.6c-9.4-9.4-9.4-24.6 0-33.9l22.2-22.2c9.5-9.5 25-9.3 34.3.4L184 343.4V56c0-13.3 10.7-24 24-24h32c13.3 0 24 10.7 24 24v287.4l114.8-120.5c9.3-9.8 24.8-10 34.3-.4z\"><\/path><\/svg>\t\t\t<\/a>\n\t\t<\/div>\n\t\t\t\t\t\t<\/div>\n\t\t\t\t<div class=\"elementor-element elementor-element-b14df4d elementor-widget elementor-widget-menu-anchor\" data-id=\"b14df4d\" data-element_type=\"widget\" data-widget_type=\"menu-anchor.default\">\n\t\t\t\t\t\t\t<div class=\"elementor-menu-anchor\" id=\"scroll-down\"><\/div>\n\t\t\t\t\t\t<\/div>\n\t\t\t\t<\/div>\n\t\t<div class=\"elementor-element elementor-element-4ac4acb6 e-flex e-con-boxed e-con e-parent\" data-id=\"4ac4acb6\" data-element_type=\"container\">\n\t\t\t\t\t<div class=\"e-con-inner\">\n\t\t\t\t<div class=\"elementor-element elementor-element-2cc5a6ba elementor-widget elementor-widget-text-editor\" data-id=\"2cc5a6ba\" data-element_type=\"widget\" data-widget_type=\"text-editor.default\">\n\t\t\t\t\t\t\t\t\t<p>Konfigur\u00e1tor sn\u011bhov\u00fdch \u0159et\u011bz\u016f K\u00f6nig podporuje v\u00fdb\u011br nejvhodn\u011bj\u0161\u00edch sn\u011bhov\u00fdch \u0159et\u011bz\u016f pro va\u0161e pot\u0159eby s ohledem na vozidlo, velikost pneumatik a p\u0159\u00edpadn\u00e1 omezen\u00ed vypl\u00fdvaj\u00edc\u00ed z jejich kombinace.<\/p><p>V\u00fdsledky konfigur\u00e1toru jsou zalo\u017eeny na intern\u00edch testech, kter\u00e9 jsou pravideln\u011b prov\u00e1d\u011bny na vozidlech a pneumatik\u00e1ch, aby bylo zaji\u0161t\u011bno nejlep\u0161\u00ed p\u0159izp\u016fsoben\u00ed. Pokud va\u0161e vozidlo nebo rozm\u011br pneumatik (nebo oboj\u00ed) nejsou uvedeny v na\u0161ich konfigur\u00e1torech, obra\u0165te se na n\u00e1\u0161 servis prost\u0159ednictv\u00edm <a href=\"https:\/\/www.konigchain.com\/cs\/contact\/\">kontaktn\u00edho formul\u00e1\u0159e<\/a>.<\/p>\t\t\t\t\t\t\t\t<\/div>\n\t\t<div class=\"elementor-element elementor-element-6a382b2 e-flex e-con-boxed e-con e-child\" data-id=\"6a382b2\" data-element_type=\"container\">\n\t\t\t\t\t<div class=\"e-con-inner\">\n\t\t\t\t<div class=\"elementor-element elementor-element-c2bbffa elementor-widget elementor-widget-html\" data-id=\"c2bbffa\" data-element_type=\"widget\" data-widget_type=\"html.default\">\n\t\t\t\t\t<div data-snow-chain-configurator=\"SWSCN29ZB3PHSHFKCHNZEFDKUW\" data-locale=\"cs-CZ\"><\/div>\r\n<script src=\"https:\/\/shop.konigchain.com\/bundles\/apsnowchainconfigurator\/snow-chain-configurator-lite\/index.js\"><\/script>\t\t\t\t<\/div>\n\t\t\t\t\t<\/div>\n\t\t\t\t<\/div>\n\t\t\t\t\t<\/div>\n\t\t\t\t<\/div>\n\t\t\t\t<\/div>\n\t\t","protected":false},"excerpt":{"rendered":"<p>Konfigur\u00e1tor sn\u011bhov\u00fdch \u0159et\u011bz\u016f pro spot\u0159ebitele\u200b zjist\u011bte, jak\u00e9 jsou ide\u00e1ln\u00ed sn\u011bhov\u00e9 \u0159et\u011bzy\u200b Konfigur\u00e1tor sn\u011bhov\u00fdch \u0159et\u011bz\u016f K\u00f6nig podporuje v\u00fdb\u011br nejvhodn\u011bj\u0161\u00edch sn\u011bhov\u00fdch \u0159et\u011bz\u016f pro va\u0161e pot\u0159eby s ohledem na vozidlo, velikost pneumatik a p\u0159\u00edpadn\u00e1 omezen\u00ed vypl\u00fdvaj\u00edc\u00ed z jejich kombinace. V\u00fdsledky konfigur\u00e1toru jsou zalo\u017eeny na intern\u00edch testech, kter\u00e9 jsou pravideln\u011b prov\u00e1d\u011bny na vozidlech a pneumatik\u00e1ch, aby bylo zaji\u0161t\u011bno nejlep\u0161\u00ed [&hellip;]<\/p>\n","protected":false},"author":3,"featured_media":13662,"parent":0,"menu_order":0,"comment_status":"closed","ping_status":"closed","template":"","meta":{"_acf_changed":false,"footnotes":""},"page-category":[1550],"class_list":["post-17248","page","type-page","status-publish","has-post-thumbnail","hentry","page-category-b2c"],"acf":[],"yoast_head":"<!-- This site is optimized with the Yoast SEO plugin v26.8 - https:\/\/yoast.com\/product\/yoast-seo-wordpress\/ -->\n<title>Najd\u011bte snadno nasaditeln\u00e9 sn\u011bhov\u00e9 \u0159et\u011bzy kompatibiln\u00ed s va\u0161\u00edm osobn\u00edm vozem, SUV a dod\u00e1vkou - K\u00f6nig<\/title>\n<meta name=\"description\" content=\"Najd\u011bte si spr\u00e1vn\u00e9 sn\u011bhov\u00e9 \u0159et\u011bzy K\u00f6nig pro sv\u016fj osobn\u00ed automobil, SUV a dod\u00e1vku, a to i pro vozidla bez \u0159et\u011bz\u016f.\" \/>\n<meta name=\"robots\" content=\"index, follow, max-snippet:-1, max-image-preview:large, max-video-preview:-1\" \/>\n<link rel=\"canonical\" href=\"https:\/\/www.konigchain.com\/cs\/konfigurator-spotrebitel\/\" \/>\n<meta property=\"og:locale\" content=\"cs_CZ\" \/>\n<meta property=\"og:type\" content=\"article\" \/>\n<meta property=\"og:title\" content=\"Najd\u011bte snadno nasaditeln\u00e9 sn\u011bhov\u00e9 \u0159et\u011bzy kompatibiln\u00ed s va\u0161\u00edm osobn\u00edm vozem, SUV a dod\u00e1vkou - K\u00f6nig\" \/>\n<meta property=\"og:description\" content=\"Najd\u011bte si spr\u00e1vn\u00e9 sn\u011bhov\u00e9 \u0159et\u011bzy K\u00f6nig pro sv\u016fj osobn\u00ed automobil, SUV a dod\u00e1vku, a to i pro vozidla bez \u0159et\u011bz\u016f.\" \/>\n<meta property=\"og:url\" content=\"https:\/\/www.konigchain.com\/cs\/konfigurator-spotrebitel\/\" \/>\n<meta property=\"og:site_name\" content=\"K\u00f6nig\" \/>\n<meta property=\"article:modified_time\" content=\"2025-05-30T08:29:11+00:00\" \/>\n<meta property=\"og:image\" content=\"https:\/\/www.konigchain.com\/wp-content\/uploads\/2024\/04\/Konig-K-Summit-MAX_Polestar-2-8.jpg\" \/>\n\t<meta property=\"og:image:width\" content=\"2500\" \/>\n\t<meta property=\"og:image:height\" content=\"1521\" \/>\n\t<meta property=\"og:image:type\" content=\"image\/webp\" \/>\n<meta name=\"twitter:card\" content=\"summary_large_image\" \/>\n<meta name=\"twitter:label1\" content=\"Odhadovan\u00e1 doba \u010dten\u00ed\" \/>\n\t<meta name=\"twitter:data1\" content=\"1 minuta\" \/>\n<script type=\"application\/ld+json\" class=\"yoast-schema-graph\">{\"@context\":\"https:\/\/schema.org\",\"@graph\":[{\"@type\":\"WebPage\",\"@id\":\"https:\/\/www.konigchain.com\/cs\/konfigurator-spotrebitel\/\",\"url\":\"https:\/\/www.konigchain.com\/cs\/konfigurator-spotrebitel\/\",\"name\":\"Najd\u011bte snadno nasaditeln\u00e9 sn\u011bhov\u00e9 \u0159et\u011bzy kompatibiln\u00ed s va\u0161\u00edm osobn\u00edm vozem, SUV a dod\u00e1vkou - K\u00f6nig\",\"isPartOf\":{\"@id\":\"https:\/\/www.konigchain.com\/cs\/#website\"},\"primaryImageOfPage\":{\"@id\":\"https:\/\/www.konigchain.com\/cs\/konfigurator-spotrebitel\/#primaryimage\"},\"image\":{\"@id\":\"https:\/\/www.konigchain.com\/cs\/konfigurator-spotrebitel\/#primaryimage\"},\"thumbnailUrl\":\"https:\/\/www.konigchain.com\/wp-content\/uploads\/2024\/04\/Konig-K-Summit-MAX_Polestar-2-8.jpg\",\"datePublished\":\"2024-04-25T14:31:25+00:00\",\"dateModified\":\"2025-05-30T08:29:11+00:00\",\"description\":\"Najd\u011bte si spr\u00e1vn\u00e9 sn\u011bhov\u00e9 \u0159et\u011bzy K\u00f6nig pro sv\u016fj osobn\u00ed automobil, SUV a dod\u00e1vku, a to i pro vozidla bez \u0159et\u011bz\u016f.\",\"breadcrumb\":{\"@id\":\"https:\/\/www.konigchain.com\/cs\/konfigurator-spotrebitel\/#breadcrumb\"},\"inLanguage\":\"cs\",\"potentialAction\":[{\"@type\":\"ReadAction\",\"target\":[\"https:\/\/www.konigchain.com\/cs\/konfigurator-spotrebitel\/\"]}]},{\"@type\":\"ImageObject\",\"inLanguage\":\"cs\",\"@id\":\"https:\/\/www.konigchain.com\/cs\/konfigurator-spotrebitel\/#primaryimage\",\"url\":\"https:\/\/www.konigchain.com\/wp-content\/uploads\/2024\/04\/Konig-K-Summit-MAX_Polestar-2-8.jpg\",\"contentUrl\":\"https:\/\/www.konigchain.com\/wp-content\/uploads\/2024\/04\/Konig-K-Summit-MAX_Polestar-2-8.jpg\",\"width\":2500,\"height\":1521},{\"@type\":\"BreadcrumbList\",\"@id\":\"https:\/\/www.konigchain.com\/cs\/konfigurator-spotrebitel\/#breadcrumb\",\"itemListElement\":[{\"@type\":\"ListItem\",\"position\":1,\"name\":\"Home\",\"item\":\"https:\/\/www.konigchain.com\/cs\/\"},{\"@type\":\"ListItem\",\"position\":2,\"name\":\"Konfigur\u00e1tor Spot\u0159ebitel\"}]},{\"@type\":\"WebSite\",\"@id\":\"https:\/\/www.konigchain.com\/cs\/#website\",\"url\":\"https:\/\/www.konigchain.com\/cs\/\",\"name\":\"K\u00f6nig\",\"description\":\"\",\"publisher\":{\"@id\":\"https:\/\/www.konigchain.com\/cs\/#organization\"},\"potentialAction\":[{\"@type\":\"SearchAction\",\"target\":{\"@type\":\"EntryPoint\",\"urlTemplate\":\"https:\/\/www.konigchain.com\/cs\/?s={search_term_string}\"},\"query-input\":{\"@type\":\"PropertyValueSpecification\",\"valueRequired\":true,\"valueName\":\"search_term_string\"}}],\"inLanguage\":\"cs\"},{\"@type\":\"Organization\",\"@id\":\"https:\/\/www.konigchain.com\/cs\/#organization\",\"name\":\"K\u00f6nig\",\"url\":\"https:\/\/www.konigchain.com\/cs\/\",\"logo\":{\"@type\":\"ImageObject\",\"inLanguage\":\"cs\",\"@id\":\"https:\/\/www.konigchain.com\/cs\/#\/schema\/logo\/image\/\",\"url\":\"https:\/\/www.konigchain.com\/wp-content\/uploads\/2023\/12\/logo-Konig-2016-BG.png\",\"contentUrl\":\"https:\/\/www.konigchain.com\/wp-content\/uploads\/2023\/12\/logo-Konig-2016-BG.png\",\"width\":3508,\"height\":2480,\"caption\":\"K\u00f6nig\"},\"image\":{\"@id\":\"https:\/\/www.konigchain.com\/cs\/#\/schema\/logo\/image\/\"}}]}<\/script>\n<!-- \/ Yoast SEO plugin. -->","yoast_head_json":{"title":"Najd\u011bte snadno nasaditeln\u00e9 sn\u011bhov\u00e9 \u0159et\u011bzy kompatibiln\u00ed s va\u0161\u00edm osobn\u00edm vozem, SUV a dod\u00e1vkou - K\u00f6nig","description":"Najd\u011bte si spr\u00e1vn\u00e9 sn\u011bhov\u00e9 \u0159et\u011bzy K\u00f6nig pro sv\u016fj osobn\u00ed automobil, SUV a dod\u00e1vku, a to i pro vozidla bez \u0159et\u011bz\u016f.","robots":{"index":"index","follow":"follow","max-snippet":"max-snippet:-1","max-image-preview":"max-image-preview:large","max-video-preview":"max-video-preview:-1"},"canonical":"https:\/\/www.konigchain.com\/cs\/konfigurator-spotrebitel\/","og_locale":"cs_CZ","og_type":"article","og_title":"Najd\u011bte snadno nasaditeln\u00e9 sn\u011bhov\u00e9 \u0159et\u011bzy kompatibiln\u00ed s va\u0161\u00edm osobn\u00edm vozem, SUV a dod\u00e1vkou - K\u00f6nig","og_description":"Najd\u011bte si spr\u00e1vn\u00e9 sn\u011bhov\u00e9 \u0159et\u011bzy K\u00f6nig pro sv\u016fj osobn\u00ed automobil, SUV a dod\u00e1vku, a to i pro vozidla bez \u0159et\u011bz\u016f.","og_url":"https:\/\/www.konigchain.com\/cs\/konfigurator-spotrebitel\/","og_site_name":"K\u00f6nig","article_modified_time":"2025-05-30T08:29:11+00:00","og_image":[{"width":2500,"height":1521,"url":"https:\/\/www.konigchain.com\/wp-content\/uploads\/2024\/04\/Konig-K-Summit-MAX_Polestar-2-8.jpg","type":"image\/webp"}],"twitter_card":"summary_large_image","twitter_misc":{"Odhadovan\u00e1 doba \u010dten\u00ed":"1 minuta"},"schema":{"@context":"https:\/\/schema.org","@graph":[{"@type":"WebPage","@id":"https:\/\/www.konigchain.com\/cs\/konfigurator-spotrebitel\/","url":"https:\/\/www.konigchain.com\/cs\/konfigurator-spotrebitel\/","name":"Najd\u011bte snadno nasaditeln\u00e9 sn\u011bhov\u00e9 \u0159et\u011bzy kompatibiln\u00ed s va\u0161\u00edm osobn\u00edm vozem, SUV a dod\u00e1vkou - K\u00f6nig","isPartOf":{"@id":"https:\/\/www.konigchain.com\/cs\/#website"},"primaryImageOfPage":{"@id":"https:\/\/www.konigchain.com\/cs\/konfigurator-spotrebitel\/#primaryimage"},"image":{"@id":"https:\/\/www.konigchain.com\/cs\/konfigurator-spotrebitel\/#primaryimage"},"thumbnailUrl":"https:\/\/www.konigchain.com\/wp-content\/uploads\/2024\/04\/Konig-K-Summit-MAX_Polestar-2-8.jpg","datePublished":"2024-04-25T14:31:25+00:00","dateModified":"2025-05-30T08:29:11+00:00","description":"Najd\u011bte si spr\u00e1vn\u00e9 sn\u011bhov\u00e9 \u0159et\u011bzy K\u00f6nig pro sv\u016fj osobn\u00ed automobil, SUV a dod\u00e1vku, a to i pro vozidla bez \u0159et\u011bz\u016f.","breadcrumb":{"@id":"https:\/\/www.konigchain.com\/cs\/konfigurator-spotrebitel\/#breadcrumb"},"inLanguage":"cs","potentialAction":[{"@type":"ReadAction","target":["https:\/\/www.konigchain.com\/cs\/konfigurator-spotrebitel\/"]}]},{"@type":"ImageObject","inLanguage":"cs","@id":"https:\/\/www.konigchain.com\/cs\/konfigurator-spotrebitel\/#primaryimage","url":"https:\/\/www.konigchain.com\/wp-content\/uploads\/2024\/04\/Konig-K-Summit-MAX_Polestar-2-8.jpg","contentUrl":"https:\/\/www.konigchain.com\/wp-content\/uploads\/2024\/04\/Konig-K-Summit-MAX_Polestar-2-8.jpg","width":2500,"height":1521},{"@type":"BreadcrumbList","@id":"https:\/\/www.konigchain.com\/cs\/konfigurator-spotrebitel\/#breadcrumb","itemListElement":[{"@type":"ListItem","position":1,"name":"Home","item":"https:\/\/www.konigchain.com\/cs\/"},{"@type":"ListItem","position":2,"name":"Konfigur\u00e1tor Spot\u0159ebitel"}]},{"@type":"WebSite","@id":"https:\/\/www.konigchain.com\/cs\/#website","url":"https:\/\/www.konigchain.com\/cs\/","name":"K\u00f6nig","description":"","publisher":{"@id":"https:\/\/www.konigchain.com\/cs\/#organization"},"potentialAction":[{"@type":"SearchAction","target":{"@type":"EntryPoint","urlTemplate":"https:\/\/www.konigchain.com\/cs\/?s={search_term_string}"},"query-input":{"@type":"PropertyValueSpecification","valueRequired":true,"valueName":"search_term_string"}}],"inLanguage":"cs"},{"@type":"Organization","@id":"https:\/\/www.konigchain.com\/cs\/#organization","name":"K\u00f6nig","url":"https:\/\/www.konigchain.com\/cs\/","logo":{"@type":"ImageObject","inLanguage":"cs","@id":"https:\/\/www.konigchain.com\/cs\/#\/schema\/logo\/image\/","url":"https:\/\/www.konigchain.com\/wp-content\/uploads\/2023\/12\/logo-Konig-2016-BG.png","contentUrl":"https:\/\/www.konigchain.com\/wp-content\/uploads\/2023\/12\/logo-Konig-2016-BG.png","width":3508,"height":2480,"caption":"K\u00f6nig"},"image":{"@id":"https:\/\/www.konigchain.com\/cs\/#\/schema\/logo\/image\/"}}]}},"_links":{"self":[{"href":"https:\/\/www.konigchain.com\/cs\/wp-json\/wp\/v2\/pages\/17248","targetHints":{"allow":["GET"]}}],"collection":[{"href":"https:\/\/www.konigchain.com\/cs\/wp-json\/wp\/v2\/pages"}],"about":[{"href":"https:\/\/www.konigchain.com\/cs\/wp-json\/wp\/v2\/types\/page"}],"author":[{"embeddable":true,"href":"https:\/\/www.konigchain.com\/cs\/wp-json\/wp\/v2\/users\/3"}],"replies":[{"embeddable":true,"href":"https:\/\/www.konigchain.com\/cs\/wp-json\/wp\/v2\/comments?post=17248"}],"version-history":[{"count":5,"href":"https:\/\/www.konigchain.com\/cs\/wp-json\/wp\/v2\/pages\/17248\/revisions"}],"predecessor-version":[{"id":58790,"href":"https:\/\/www.konigchain.com\/cs\/wp-json\/wp\/v2\/pages\/17248\/revisions\/58790"}],"wp:featuredmedia":[{"embeddable":true,"href":"https:\/\/www.konigchain.com\/cs\/wp-json\/wp\/v2\/media\/13662"}],"wp:attachment":[{"href":"https:\/\/www.konigchain.com\/cs\/wp-json\/wp\/v2\/media?parent=17248"}],"wp:term":[{"taxonomy":"page-category","embeddable":true,"href":"https:\/\/www.konigchain.com\/cs\/wp-json\/wp\/v2\/page-category?post=17248"}],"curies":[{"name":"wp","href":"https:\/\/api.w.org\/{rel}","templated":true}]}}