{"id":17256,"date":"2024-01-09T13:35:49","date_gmt":"2024-01-09T12:35:49","guid":{"rendered":"https:\/\/wp1.konigchain.com\/professional-configurator\/"},"modified":"2025-05-30T10:29:51","modified_gmt":"2025-05-30T08:29:51","slug":"profesionalni-konfigurator","status":"publish","type":"page","link":"https:\/\/www.konigchain.com\/cs\/profesionalni-konfigurator\/","title":{"rendered":"Profesion\u00e1ln\u00ed konfigur\u00e1tor"},"content":{"rendered":"\t\t<div data-elementor-type=\"wp-page\" data-elementor-id=\"17256\" class=\"elementor elementor-17256 elementor-1345\" data-elementor-post-type=\"page\">\n\t\t\t\t<div class=\"elementor-element elementor-element-cf25848 e-con-full e-flex e-con e-parent\" data-id=\"cf25848\" data-element_type=\"container\" data-settings=\"{&quot;background_background&quot;:&quot;classic&quot;}\">\n\t\t<div class=\"elementor-element elementor-element-afcdc4d e-con-full e-flex e-con e-child\" data-id=\"afcdc4d\" data-element_type=\"container\" data-settings=\"{&quot;background_background&quot;:&quot;classic&quot;,&quot;background_motion_fx_motion_fx_scrolling&quot;:&quot;yes&quot;,&quot;background_motion_fx_translateY_effect&quot;:&quot;yes&quot;,&quot;background_motion_fx_translateY_speed&quot;:{&quot;unit&quot;:&quot;px&quot;,&quot;size&quot;:4,&quot;sizes&quot;:[]},&quot;background_motion_fx_translateY_affectedRange&quot;:{&quot;unit&quot;:&quot;%&quot;,&quot;size&quot;:&quot;&quot;,&quot;sizes&quot;:{&quot;start&quot;:0,&quot;end&quot;:100}},&quot;background_motion_fx_devices&quot;:[&quot;desktop&quot;,&quot;tablet_extra&quot;,&quot;tablet&quot;,&quot;mobile&quot;]}\">\n\t\t\t\t<div class=\"elementor-element elementor-element-3249b2a elementor-widget elementor-widget-heading\" data-id=\"3249b2a\" data-element_type=\"widget\" data-widget_type=\"heading.default\">\n\t\t\t\t\t<h1 class=\"elementor-heading-title elementor-size-default\">Profesion\u00e1ln\u00ed konfigur\u00e1tor sn\u011bhov\u00fdch \u0159et\u011bz\u016f\u200b<\/h1>\t\t\t\t<\/div>\n\t\t\t\t<div class=\"elementor-element elementor-element-fd5400c elementor-widget__width-initial elementor-widget elementor-widget-heading\" data-id=\"fd5400c\" data-element_type=\"widget\" data-widget_type=\"heading.default\">\n\t\t\t\t\t<h2 class=\"elementor-heading-title elementor-size-default\">zjist\u011bte, jak\u00e9 jsou ide\u00e1ln\u00ed sn\u011bhov\u00e9 \u0159et\u011bzy\u200b<\/h2>\t\t\t\t<\/div>\n\t\t\t\t<\/div>\n\t\t\t\t<div class=\"elementor-element elementor-element-ea619a4 elementor-view-stacked elementor-shape-square elementor-invisible elementor-widget elementor-widget-icon\" data-id=\"ea619a4\" data-element_type=\"widget\" data-settings=\"{&quot;motion_fx_motion_fx_scrolling&quot;:&quot;yes&quot;,&quot;_animation&quot;:&quot;bounceIn&quot;,&quot;motion_fx_devices&quot;:[&quot;desktop&quot;,&quot;tablet&quot;],&quot;_animation_delay&quot;:10}\" data-widget_type=\"icon.default\">\n\t\t\t\t\t\t\t<div class=\"elementor-icon-wrapper\">\n\t\t\t<a class=\"elementor-icon\" href=\"#scroll-down\">\n\t\t\t<svg aria-hidden=\"true\" class=\"e-font-icon-svg e-fas-arrow-down\" viewBox=\"0 0 448 512\" xmlns=\"http:\/\/www.w3.org\/2000\/svg\"><path d=\"M413.1 222.5l22.2 22.2c9.4 9.4 9.4 24.6 0 33.9L241 473c-9.4 9.4-24.6 9.4-33.9 0L12.7 278.6c-9.4-9.4-9.4-24.6 0-33.9l22.2-22.2c9.5-9.5 25-9.3 34.3.4L184 343.4V56c0-13.3 10.7-24 24-24h32c13.3 0 24 10.7 24 24v287.4l114.8-120.5c9.3-9.8 24.8-10 34.3-.4z\"><\/path><\/svg>\t\t\t<\/a>\n\t\t<\/div>\n\t\t\t\t\t\t<\/div>\n\t\t\t\t<div class=\"elementor-element elementor-element-b5d25f4 elementor-widget elementor-widget-menu-anchor\" data-id=\"b5d25f4\" data-element_type=\"widget\" data-widget_type=\"menu-anchor.default\">\n\t\t\t\t\t\t\t<div class=\"elementor-menu-anchor\" id=\"scroll-down\"><\/div>\n\t\t\t\t\t\t<\/div>\n\t\t\t\t<\/div>\n\t\t<div class=\"elementor-element elementor-element-4ac4acb6 e-flex e-con-boxed e-con e-parent\" data-id=\"4ac4acb6\" data-element_type=\"container\">\n\t\t\t\t\t<div class=\"e-con-inner\">\n\t\t\t\t<div class=\"elementor-element elementor-element-2cc5a6ba elementor-widget elementor-widget-text-editor\" data-id=\"2cc5a6ba\" data-element_type=\"widget\" data-widget_type=\"text-editor.default\">\n\t\t\t\t\t\t\t\t\t<p>Konfigur\u00e1tor sn\u011bhov\u00fdch \u0159et\u011bz\u016f K\u00f6nig podporuje v\u00fdb\u011br nejvhodn\u011bj\u0161\u00edch sn\u011bhov\u00fdch \u0159et\u011bz\u016f pro va\u0161e pot\u0159eby s ohledem na velikost pneumatik a \u010dinnost, kterou pot\u0159ebujete vykonat.<\/p><p>V\u00fdsledky na\u0161eho konfigur\u00e1toru jsou zalo\u017eeny na intern\u00edch testech, kter\u00e9 jsou pravideln\u011b prov\u00e1d\u011bny na pneumatik\u00e1ch, aby bylo zaji\u0161t\u011bno nejlep\u0161\u00ed p\u0159izp\u016fsoben\u00ed.<\/p><p>Pokud v\u00e1\u0161 rozm\u011br pneumatiky nen\u00ed uveden v na\u0161ich konfigur\u00e1torech, obra\u0165te se na n\u00e1\u0161 servis prost\u0159ednictv\u00edm <a href=\"https:\/\/www.konigchain.com\/cs\/kontakt\/\">kontaktn\u00edho formul\u00e1\u0159e<\/a>.<\/p>\t\t\t\t\t\t\t\t<\/div>\n\t\t\t\t\t<\/div>\n\t\t\t\t<\/div>\n\t\t<div class=\"elementor-element elementor-element-b019874 e-flex e-con-boxed e-con e-parent\" data-id=\"b019874\" data-element_type=\"container\">\n\t\t\t\t\t<div class=\"e-con-inner\">\n\t\t\t\t<div class=\"elementor-element elementor-element-fc0a325 elementor-widget elementor-widget-html\" data-id=\"fc0a325\" data-element_type=\"widget\" data-widget_type=\"html.default\">\n\t\t\t\t\t<div data-snow-chain-configurator=\"SWSCRGU2NKF0BGVNOVH2CVFIVQ\" data-locale=\"cs-CZ\"><\/div>\r\n<script src=\"https:\/\/shop.konigchain.com\/bundles\/apsnowchainconfigurator\/snow-chain-configurator-lite\/index.js\"><\/script>\t\t\t\t<\/div>\n\t\t\t\t\t<\/div>\n\t\t\t\t<\/div>\n\t\t\t\t<\/div>\n\t\t","protected":false},"excerpt":{"rendered":"<p>Profesion\u00e1ln\u00ed konfigur\u00e1tor sn\u011bhov\u00fdch \u0159et\u011bz\u016f\u200b zjist\u011bte, jak\u00e9 jsou ide\u00e1ln\u00ed sn\u011bhov\u00e9 \u0159et\u011bzy\u200b Konfigur\u00e1tor sn\u011bhov\u00fdch \u0159et\u011bz\u016f K\u00f6nig podporuje v\u00fdb\u011br nejvhodn\u011bj\u0161\u00edch sn\u011bhov\u00fdch \u0159et\u011bz\u016f pro va\u0161e pot\u0159eby s ohledem na velikost pneumatik a \u010dinnost, kterou pot\u0159ebujete vykonat. V\u00fdsledky na\u0161eho konfigur\u00e1toru jsou zalo\u017eeny na intern\u00edch testech, kter\u00e9 jsou pravideln\u011b prov\u00e1d\u011bny na pneumatik\u00e1ch, aby bylo zaji\u0161t\u011bno nejlep\u0161\u00ed p\u0159izp\u016fsoben\u00ed. Pokud v\u00e1\u0161 rozm\u011br pneumatiky [&hellip;]<\/p>\n","protected":false},"author":3,"featured_media":16102,"parent":0,"menu_order":0,"comment_status":"closed","ping_status":"closed","template":"","meta":{"_acf_changed":false,"footnotes":""},"page-category":[1550],"class_list":["post-17256","page","type-page","status-publish","has-post-thumbnail","hentry","page-category-b2c"],"acf":[],"yoast_head":"<!-- This site is optimized with the Yoast SEO plugin v26.8 - https:\/\/yoast.com\/product\/yoast-seo-wordpress\/ -->\n<title>Najd\u011bte kompatibiln\u00ed sn\u011bhov\u00e9 \u0159et\u011bzy pro sv\u00e9 n\u00e1kladn\u00ed vozidlo, kolov\u00fd naklada\u010d, traktor - K\u00f6nig<\/title>\n<meta name=\"description\" content=\"Najd\u011bte spr\u00e1vn\u00e9 sn\u011bhov\u00e9 \u0159et\u011bzy K\u00f6nig pro sv\u00e9 n\u00e1kladn\u00ed vozidlo, kolov\u00fd naklada\u010d a traktor. Sta\u010d\u00ed pouze velikost pneumatik.\" \/>\n<meta name=\"robots\" content=\"index, follow, max-snippet:-1, max-image-preview:large, max-video-preview:-1\" \/>\n<link rel=\"canonical\" href=\"https:\/\/www.konigchain.com\/cs\/profesionalni-konfigurator\/\" \/>\n<meta property=\"og:locale\" content=\"cs_CZ\" \/>\n<meta property=\"og:type\" content=\"article\" \/>\n<meta property=\"og:title\" content=\"Najd\u011bte kompatibiln\u00ed sn\u011bhov\u00e9 \u0159et\u011bzy pro sv\u00e9 n\u00e1kladn\u00ed vozidlo, kolov\u00fd naklada\u010d, traktor - K\u00f6nig\" \/>\n<meta property=\"og:description\" content=\"Najd\u011bte spr\u00e1vn\u00e9 sn\u011bhov\u00e9 \u0159et\u011bzy K\u00f6nig pro sv\u00e9 n\u00e1kladn\u00ed vozidlo, kolov\u00fd naklada\u010d a traktor. Sta\u010d\u00ed pouze velikost pneumatik.\" \/>\n<meta property=\"og:url\" content=\"https:\/\/www.konigchain.com\/cs\/profesionalni-konfigurator\/\" \/>\n<meta property=\"og:site_name\" content=\"K\u00f6nig\" \/>\n<meta property=\"article:modified_time\" content=\"2025-05-30T08:29:51+00:00\" \/>\n<meta property=\"og:image\" content=\"https:\/\/www.konigchain.com\/wp-content\/uploads\/2024\/06\/Konig-DR_Impact_Trattore-4-1024x684.jpg\" \/>\n\t<meta property=\"og:image:width\" content=\"1024\" \/>\n\t<meta property=\"og:image:height\" content=\"684\" \/>\n\t<meta property=\"og:image:type\" content=\"image\/jpeg\" \/>\n<meta name=\"twitter:card\" content=\"summary_large_image\" \/>\n<meta name=\"twitter:label1\" content=\"Odhadovan\u00e1 doba \u010dten\u00ed\" \/>\n\t<meta name=\"twitter:data1\" content=\"1 minuta\" \/>\n<script type=\"application\/ld+json\" class=\"yoast-schema-graph\">{\"@context\":\"https:\/\/schema.org\",\"@graph\":[{\"@type\":\"WebPage\",\"@id\":\"https:\/\/www.konigchain.com\/cs\/profesionalni-konfigurator\/\",\"url\":\"https:\/\/www.konigchain.com\/cs\/profesionalni-konfigurator\/\",\"name\":\"Najd\u011bte kompatibiln\u00ed sn\u011bhov\u00e9 \u0159et\u011bzy pro sv\u00e9 n\u00e1kladn\u00ed vozidlo, kolov\u00fd naklada\u010d, traktor - K\u00f6nig\",\"isPartOf\":{\"@id\":\"https:\/\/www.konigchain.com\/cs\/#website\"},\"primaryImageOfPage\":{\"@id\":\"https:\/\/www.konigchain.com\/cs\/profesionalni-konfigurator\/#primaryimage\"},\"image\":{\"@id\":\"https:\/\/www.konigchain.com\/cs\/profesionalni-konfigurator\/#primaryimage\"},\"thumbnailUrl\":\"https:\/\/www.konigchain.com\/wp-content\/uploads\/2024\/06\/Konig-DR_Impact_Trattore-4.webp\",\"datePublished\":\"2024-01-09T12:35:49+00:00\",\"dateModified\":\"2025-05-30T08:29:51+00:00\",\"description\":\"Najd\u011bte spr\u00e1vn\u00e9 sn\u011bhov\u00e9 \u0159et\u011bzy K\u00f6nig pro sv\u00e9 n\u00e1kladn\u00ed vozidlo, kolov\u00fd naklada\u010d a traktor. Sta\u010d\u00ed pouze velikost pneumatik.\",\"breadcrumb\":{\"@id\":\"https:\/\/www.konigchain.com\/cs\/profesionalni-konfigurator\/#breadcrumb\"},\"inLanguage\":\"cs\",\"potentialAction\":[{\"@type\":\"ReadAction\",\"target\":[\"https:\/\/www.konigchain.com\/cs\/profesionalni-konfigurator\/\"]}]},{\"@type\":\"ImageObject\",\"inLanguage\":\"cs\",\"@id\":\"https:\/\/www.konigchain.com\/cs\/profesionalni-konfigurator\/#primaryimage\",\"url\":\"https:\/\/www.konigchain.com\/wp-content\/uploads\/2024\/06\/Konig-DR_Impact_Trattore-4.webp\",\"contentUrl\":\"https:\/\/www.konigchain.com\/wp-content\/uploads\/2024\/06\/Konig-DR_Impact_Trattore-4.webp\",\"width\":2500,\"height\":1670},{\"@type\":\"BreadcrumbList\",\"@id\":\"https:\/\/www.konigchain.com\/cs\/profesionalni-konfigurator\/#breadcrumb\",\"itemListElement\":[{\"@type\":\"ListItem\",\"position\":1,\"name\":\"Home\",\"item\":\"https:\/\/www.konigchain.com\/cs\/\"},{\"@type\":\"ListItem\",\"position\":2,\"name\":\"Profesion\u00e1ln\u00ed konfigur\u00e1tor\"}]},{\"@type\":\"WebSite\",\"@id\":\"https:\/\/www.konigchain.com\/cs\/#website\",\"url\":\"https:\/\/www.konigchain.com\/cs\/\",\"name\":\"K\u00f6nig\",\"description\":\"\",\"publisher\":{\"@id\":\"https:\/\/www.konigchain.com\/cs\/#organization\"},\"potentialAction\":[{\"@type\":\"SearchAction\",\"target\":{\"@type\":\"EntryPoint\",\"urlTemplate\":\"https:\/\/www.konigchain.com\/cs\/?s={search_term_string}\"},\"query-input\":{\"@type\":\"PropertyValueSpecification\",\"valueRequired\":true,\"valueName\":\"search_term_string\"}}],\"inLanguage\":\"cs\"},{\"@type\":\"Organization\",\"@id\":\"https:\/\/www.konigchain.com\/cs\/#organization\",\"name\":\"K\u00f6nig\",\"url\":\"https:\/\/www.konigchain.com\/cs\/\",\"logo\":{\"@type\":\"ImageObject\",\"inLanguage\":\"cs\",\"@id\":\"https:\/\/www.konigchain.com\/cs\/#\/schema\/logo\/image\/\",\"url\":\"https:\/\/www.konigchain.com\/wp-content\/uploads\/2023\/12\/logo-Konig-2016-BG.png\",\"contentUrl\":\"https:\/\/www.konigchain.com\/wp-content\/uploads\/2023\/12\/logo-Konig-2016-BG.png\",\"width\":3508,\"height\":2480,\"caption\":\"K\u00f6nig\"},\"image\":{\"@id\":\"https:\/\/www.konigchain.com\/cs\/#\/schema\/logo\/image\/\"}}]}<\/script>\n<!-- \/ Yoast SEO plugin. -->","yoast_head_json":{"title":"Najd\u011bte kompatibiln\u00ed sn\u011bhov\u00e9 \u0159et\u011bzy pro sv\u00e9 n\u00e1kladn\u00ed vozidlo, kolov\u00fd naklada\u010d, traktor - K\u00f6nig","description":"Najd\u011bte spr\u00e1vn\u00e9 sn\u011bhov\u00e9 \u0159et\u011bzy K\u00f6nig pro sv\u00e9 n\u00e1kladn\u00ed vozidlo, kolov\u00fd naklada\u010d a traktor. Sta\u010d\u00ed pouze velikost pneumatik.","robots":{"index":"index","follow":"follow","max-snippet":"max-snippet:-1","max-image-preview":"max-image-preview:large","max-video-preview":"max-video-preview:-1"},"canonical":"https:\/\/www.konigchain.com\/cs\/profesionalni-konfigurator\/","og_locale":"cs_CZ","og_type":"article","og_title":"Najd\u011bte kompatibiln\u00ed sn\u011bhov\u00e9 \u0159et\u011bzy pro sv\u00e9 n\u00e1kladn\u00ed vozidlo, kolov\u00fd naklada\u010d, traktor - K\u00f6nig","og_description":"Najd\u011bte spr\u00e1vn\u00e9 sn\u011bhov\u00e9 \u0159et\u011bzy K\u00f6nig pro sv\u00e9 n\u00e1kladn\u00ed vozidlo, kolov\u00fd naklada\u010d a traktor. Sta\u010d\u00ed pouze velikost pneumatik.","og_url":"https:\/\/www.konigchain.com\/cs\/profesionalni-konfigurator\/","og_site_name":"K\u00f6nig","article_modified_time":"2025-05-30T08:29:51+00:00","og_image":[{"width":1024,"height":684,"url":"https:\/\/www.konigchain.com\/wp-content\/uploads\/2024\/06\/Konig-DR_Impact_Trattore-4-1024x684.jpg","type":"image\/jpeg"}],"twitter_card":"summary_large_image","twitter_misc":{"Odhadovan\u00e1 doba \u010dten\u00ed":"1 minuta"},"schema":{"@context":"https:\/\/schema.org","@graph":[{"@type":"WebPage","@id":"https:\/\/www.konigchain.com\/cs\/profesionalni-konfigurator\/","url":"https:\/\/www.konigchain.com\/cs\/profesionalni-konfigurator\/","name":"Najd\u011bte kompatibiln\u00ed sn\u011bhov\u00e9 \u0159et\u011bzy pro sv\u00e9 n\u00e1kladn\u00ed vozidlo, kolov\u00fd naklada\u010d, traktor - K\u00f6nig","isPartOf":{"@id":"https:\/\/www.konigchain.com\/cs\/#website"},"primaryImageOfPage":{"@id":"https:\/\/www.konigchain.com\/cs\/profesionalni-konfigurator\/#primaryimage"},"image":{"@id":"https:\/\/www.konigchain.com\/cs\/profesionalni-konfigurator\/#primaryimage"},"thumbnailUrl":"https:\/\/www.konigchain.com\/wp-content\/uploads\/2024\/06\/Konig-DR_Impact_Trattore-4.webp","datePublished":"2024-01-09T12:35:49+00:00","dateModified":"2025-05-30T08:29:51+00:00","description":"Najd\u011bte spr\u00e1vn\u00e9 sn\u011bhov\u00e9 \u0159et\u011bzy K\u00f6nig pro sv\u00e9 n\u00e1kladn\u00ed vozidlo, kolov\u00fd naklada\u010d a traktor. Sta\u010d\u00ed pouze velikost pneumatik.","breadcrumb":{"@id":"https:\/\/www.konigchain.com\/cs\/profesionalni-konfigurator\/#breadcrumb"},"inLanguage":"cs","potentialAction":[{"@type":"ReadAction","target":["https:\/\/www.konigchain.com\/cs\/profesionalni-konfigurator\/"]}]},{"@type":"ImageObject","inLanguage":"cs","@id":"https:\/\/www.konigchain.com\/cs\/profesionalni-konfigurator\/#primaryimage","url":"https:\/\/www.konigchain.com\/wp-content\/uploads\/2024\/06\/Konig-DR_Impact_Trattore-4.webp","contentUrl":"https:\/\/www.konigchain.com\/wp-content\/uploads\/2024\/06\/Konig-DR_Impact_Trattore-4.webp","width":2500,"height":1670},{"@type":"BreadcrumbList","@id":"https:\/\/www.konigchain.com\/cs\/profesionalni-konfigurator\/#breadcrumb","itemListElement":[{"@type":"ListItem","position":1,"name":"Home","item":"https:\/\/www.konigchain.com\/cs\/"},{"@type":"ListItem","position":2,"name":"Profesion\u00e1ln\u00ed konfigur\u00e1tor"}]},{"@type":"WebSite","@id":"https:\/\/www.konigchain.com\/cs\/#website","url":"https:\/\/www.konigchain.com\/cs\/","name":"K\u00f6nig","description":"","publisher":{"@id":"https:\/\/www.konigchain.com\/cs\/#organization"},"potentialAction":[{"@type":"SearchAction","target":{"@type":"EntryPoint","urlTemplate":"https:\/\/www.konigchain.com\/cs\/?s={search_term_string}"},"query-input":{"@type":"PropertyValueSpecification","valueRequired":true,"valueName":"search_term_string"}}],"inLanguage":"cs"},{"@type":"Organization","@id":"https:\/\/www.konigchain.com\/cs\/#organization","name":"K\u00f6nig","url":"https:\/\/www.konigchain.com\/cs\/","logo":{"@type":"ImageObject","inLanguage":"cs","@id":"https:\/\/www.konigchain.com\/cs\/#\/schema\/logo\/image\/","url":"https:\/\/www.konigchain.com\/wp-content\/uploads\/2023\/12\/logo-Konig-2016-BG.png","contentUrl":"https:\/\/www.konigchain.com\/wp-content\/uploads\/2023\/12\/logo-Konig-2016-BG.png","width":3508,"height":2480,"caption":"K\u00f6nig"},"image":{"@id":"https:\/\/www.konigchain.com\/cs\/#\/schema\/logo\/image\/"}}]}},"_links":{"self":[{"href":"https:\/\/www.konigchain.com\/cs\/wp-json\/wp\/v2\/pages\/17256","targetHints":{"allow":["GET"]}}],"collection":[{"href":"https:\/\/www.konigchain.com\/cs\/wp-json\/wp\/v2\/pages"}],"about":[{"href":"https:\/\/www.konigchain.com\/cs\/wp-json\/wp\/v2\/types\/page"}],"author":[{"embeddable":true,"href":"https:\/\/www.konigchain.com\/cs\/wp-json\/wp\/v2\/users\/3"}],"replies":[{"embeddable":true,"href":"https:\/\/www.konigchain.com\/cs\/wp-json\/wp\/v2\/comments?post=17256"}],"version-history":[{"count":5,"href":"https:\/\/www.konigchain.com\/cs\/wp-json\/wp\/v2\/pages\/17256\/revisions"}],"predecessor-version":[{"id":58793,"href":"https:\/\/www.konigchain.com\/cs\/wp-json\/wp\/v2\/pages\/17256\/revisions\/58793"}],"wp:featuredmedia":[{"embeddable":true,"href":"https:\/\/www.konigchain.com\/cs\/wp-json\/wp\/v2\/media\/16102"}],"wp:attachment":[{"href":"https:\/\/www.konigchain.com\/cs\/wp-json\/wp\/v2\/media?parent=17256"}],"wp:term":[{"taxonomy":"page-category","embeddable":true,"href":"https:\/\/www.konigchain.com\/cs\/wp-json\/wp\/v2\/page-category?post=17256"}],"curies":[{"name":"wp","href":"https:\/\/api.w.org\/{rel}","templated":true}]}}