{"id":18916,"date":"2024-05-07T20:42:40","date_gmt":"2024-05-07T18:42:40","guid":{"rendered":"https:\/\/wp1.konigchain.com\/dealer-locator\/"},"modified":"2025-05-28T15:52:27","modified_gmt":"2025-05-28T13:52:27","slug":"vyhledavac-prodejcu","status":"publish","type":"page","link":"https:\/\/www.konigchain.com\/cs\/vyhledavac-prodejcu\/","title":{"rendered":"Vyhled\u00e1va\u010d prodejc\u016f"},"content":{"rendered":"\t\t<div data-elementor-type=\"wp-page\" data-elementor-id=\"18916\" class=\"elementor elementor-18916 elementor-4880\" data-elementor-post-type=\"page\">\n\t\t\t\t<div class=\"elementor-element elementor-element-9d726f4 e-con-full e-flex e-con e-parent\" data-id=\"9d726f4\" data-element_type=\"container\" data-settings=\"{&quot;background_background&quot;:&quot;classic&quot;,&quot;background_motion_fx_motion_fx_scrolling&quot;:&quot;yes&quot;,&quot;background_motion_fx_devices&quot;:[&quot;desktop&quot;,&quot;tablet_extra&quot;,&quot;tablet&quot;,&quot;mobile&quot;]}\">\n\t\t<div class=\"elementor-element elementor-element-b4c60be e-con-full e-flex e-con e-child\" data-id=\"b4c60be\" data-element_type=\"container\" data-settings=\"{&quot;background_background&quot;:&quot;classic&quot;,&quot;background_motion_fx_motion_fx_scrolling&quot;:&quot;yes&quot;,&quot;background_motion_fx_translateY_effect&quot;:&quot;yes&quot;,&quot;background_motion_fx_translateY_speed&quot;:{&quot;unit&quot;:&quot;px&quot;,&quot;size&quot;:4,&quot;sizes&quot;:[]},&quot;background_motion_fx_translateY_affectedRange&quot;:{&quot;unit&quot;:&quot;%&quot;,&quot;size&quot;:&quot;&quot;,&quot;sizes&quot;:{&quot;start&quot;:0,&quot;end&quot;:100}},&quot;background_motion_fx_devices&quot;:[&quot;desktop&quot;,&quot;tablet_extra&quot;,&quot;tablet&quot;,&quot;mobile&quot;]}\">\n\t\t\t\t<div class=\"elementor-element elementor-element-05129c5 elementor-widget elementor-widget-heading\" data-id=\"05129c5\" data-element_type=\"widget\" data-widget_type=\"heading.default\">\n\t\t\t\t\t<h1 class=\"elementor-heading-title elementor-size-default\">Vyhled\u00e1va\u010d prodejc\u016f\u200b<\/h1>\t\t\t\t<\/div>\n\t\t\t\t<div class=\"elementor-element elementor-element-0f23497 elementor-widget__width-initial elementor-widget elementor-widget-heading\" data-id=\"0f23497\" data-element_type=\"widget\" data-widget_type=\"heading.default\">\n\t\t\t\t\t<h2 class=\"elementor-heading-title elementor-size-default\">Kde najdete sn\u011bhov\u00e9 \u0159et\u011bzy K\u00f6nig ve fyzick\u00fdch a digit\u00e1ln\u00edch prodejn\u00edch m\u00edstech <\/h2>\t\t\t\t<\/div>\n\t\t\t\t<\/div>\n\t\t\t\t<div class=\"elementor-element elementor-element-62299cd elementor-view-stacked elementor-shape-square elementor-invisible elementor-widget elementor-widget-icon\" data-id=\"62299cd\" data-element_type=\"widget\" data-settings=\"{&quot;motion_fx_motion_fx_scrolling&quot;:&quot;yes&quot;,&quot;_animation&quot;:&quot;bounceIn&quot;,&quot;motion_fx_devices&quot;:[&quot;desktop&quot;,&quot;tablet&quot;],&quot;_animation_delay&quot;:10}\" data-widget_type=\"icon.default\">\n\t\t\t\t\t\t\t<div class=\"elementor-icon-wrapper\">\n\t\t\t<a class=\"elementor-icon\" href=\"#scroll-down\">\n\t\t\t<svg aria-hidden=\"true\" class=\"e-font-icon-svg e-fas-arrow-down\" viewBox=\"0 0 448 512\" xmlns=\"http:\/\/www.w3.org\/2000\/svg\"><path d=\"M413.1 222.5l22.2 22.2c9.4 9.4 9.4 24.6 0 33.9L241 473c-9.4 9.4-24.6 9.4-33.9 0L12.7 278.6c-9.4-9.4-9.4-24.6 0-33.9l22.2-22.2c9.5-9.5 25-9.3 34.3.4L184 343.4V56c0-13.3 10.7-24 24-24h32c13.3 0 24 10.7 24 24v287.4l114.8-120.5c9.3-9.8 24.8-10 34.3-.4z\"><\/path><\/svg>\t\t\t<\/a>\n\t\t<\/div>\n\t\t\t\t\t\t<\/div>\n\t\t\t\t<div class=\"elementor-element elementor-element-5928966 elementor-widget elementor-widget-menu-anchor\" data-id=\"5928966\" data-element_type=\"widget\" data-widget_type=\"menu-anchor.default\">\n\t\t\t\t\t\t\t<div class=\"elementor-menu-anchor\" id=\"scroll-down\"><\/div>\n\t\t\t\t\t\t<\/div>\n\t\t\t\t<\/div>\n\t\t<div class=\"elementor-element elementor-element-5d92b7a e-flex e-con-boxed e-con e-parent\" data-id=\"5d92b7a\" data-element_type=\"container\">\n\t\t\t\t\t<div class=\"e-con-inner\">\n\t\t\t\t<div class=\"elementor-element elementor-element-02265c7 elementor-widget elementor-widget-text-editor\" data-id=\"02265c7\" data-element_type=\"widget\" data-widget_type=\"text-editor.default\">\n\t\t\t\t\t\t\t\t\t<p>Sn\u011bhov\u00e9 \u0159et\u011bzy K\u00f6nig jsou k dispozici v nejlep\u0161\u00edch kamenn\u00fdch prodejn\u00e1ch i u online prodejc\u016f.<\/p><p>Chcete v\u011bd\u011bt, kde najdete prodejnu, kter\u00e1 prod\u00e1v\u00e1 sn\u011bhov\u00e9 \u0159et\u011bzy K\u00f6nig? Chcete nav\u0161t\u00edvit kamennou prodejnu, abyste z\u00edskali v\u00edce informac\u00ed, vyzkou\u0161eli si mont\u00e1\u017e v\u00fdrobku nebo si zakoupili sn\u011bhov\u00e9 \u0159et\u011bzy K\u00f6nig?<\/p><p>Sta\u010d\u00ed vlo\u017eit adresu a zjist\u00edte nejbli\u017e\u0161\u00ed prodejce.<\/p><p>Prodejci ozna\u010den\u00ed odznakem &#8222;partner&#8220; jsou prodejci, kte\u0159\u00ed jsou pravideln\u011b \u0161koleni a nab\u00edzej\u00ed spot\u0159ebitel\u016fm, kte\u0159\u00ed hledaj\u00ed ty nejlep\u0161\u00ed sn\u011bhov\u00e9 \u0159et\u011bzy, ty nejlep\u0161\u00ed zku\u0161enosti.<\/p>\t\t\t\t\t\t\t\t<\/div>\n\t\t<div class=\"elementor-element elementor-element-eac5b44 e-con-full e-flex e-con e-child\" data-id=\"eac5b44\" data-element_type=\"container\">\n\t\t\t\t<div class=\"elementor-element elementor-element-22ad084 elementor-widget elementor-widget-shortcode\" data-id=\"22ad084\" data-element_type=\"widget\" data-widget_type=\"shortcode.default\">\n\t\t\t\t\t\t\t<div class=\"elementor-shortcode\"><style>\r\n\t#wpsl-stores .wpsl-store-thumb {height:45px !important; width:45px !important;}\r\n\t#wpsl-stores, #wpsl-direction-details, #wpsl-gmap {height:500px !important;}\r\n\t#wpsl-gmap .wpsl-info-window {max-width:225px !important;}\r\n\t.wpsl-input label, #wpsl-radius label, #wpsl-category label {width:95px;}\r\n\t#wpsl-search-input  {width:179px;}\r\n<\/style>\r\n<div id=\"wpsl-wrap\">\r\n\t<div class=\"wpsl-search wpsl-clearfix \">\r\n\t\t<div id=\"wpsl-search-wrap\">\r\n\t\t\t<form autocomplete=\"off\">\r\n\t\t\t<div class=\"wpsl-input\">\r\n\t\t\t\t<div><label for=\"wpsl-search-input\">Your location<\/label><\/div>\r\n\t\t\t\t<input id=\"wpsl-search-input\" type=\"text\" value=\"\" name=\"wpsl-search-input\" placeholder=\"\" aria-required=\"true\" \/>\r\n\t\t\t<\/div>\r\n\t\t\t<div class=\"wpsl-select-wrap\">\r\n\t\t\t\t<div id=\"wpsl-radius\">\r\n\t\t\t\t\t<label for=\"wpsl-radius-dropdown\">Search radius<\/label>\r\n\t\t\t\t\t<select id=\"wpsl-radius-dropdown\" class=\"wpsl-dropdown\" name=\"wpsl-radius\">\r\n\t\t\t\t\t\t<option value=\"10\">10 km<\/option><option value=\"25\">25 km<\/option><option selected=\"selected\" value=\"50\">50 km<\/option><option value=\"100\">100 km<\/option><option value=\"200\">200 km<\/option><option value=\"500\">500 km<\/option>\r\n\t\t\t\t\t<\/select>\r\n\t\t\t\t<\/div>\r\n\t\t\t\t<div id=\"wpsl-results\">\r\n\t\t\t\t\t<label for=\"wpsl-results-dropdown\">Results<\/label>\r\n\t\t\t\t\t<select id=\"wpsl-results-dropdown\" class=\"wpsl-dropdown\" name=\"wpsl-results\">\r\n\t\t\t\t\t\t<option selected=\"selected\" value=\"25\">25<\/option><option value=\"50\">50<\/option><option value=\"75\">75<\/option><option value=\"100\">100<\/option>\r\n\t\t\t\t\t<\/select>\r\n\t\t\t\t<\/div>\r\n\t\t\t<\/div>\r\n\t\t\t\t<div class=\"wpsl-search-btn-wrap\"><input id=\"wpsl-search-btn\" type=\"submit\" value=\"Search\"><\/div>\r\n\t\t<\/form>\r\n\t\t<\/div>\r\n\t<\/div>\r\n\t<div id=\"wpsl-gmap\" class=\"wpsl-gmap-canvas\"><\/div>\r\n\t<div id=\"wpsl-result-list\">\r\n\t\t<div id=\"wpsl-stores\" >\r\n\t\t\t<ul><\/ul>\r\n\t\t<\/div>\r\n\t\t<div id=\"wpsl-direction-details\">\r\n\t\t\t<ul><\/ul>\r\n\t\t<\/div>\r\n\t<\/div>\r\n<\/div>\r\n<\/div>\n\t\t\t\t\t\t<\/div>\n\t\t\t\t<\/div>\n\t\t\t\t\t<\/div>\n\t\t\t\t<\/div>\n\t\t\t\t<\/div>\n\t\t","protected":false},"excerpt":{"rendered":"<p>Vyhled\u00e1va\u010d prodejc\u016f\u200b Kde najdete sn\u011bhov\u00e9 \u0159et\u011bzy K\u00f6nig ve fyzick\u00fdch a digit\u00e1ln\u00edch prodejn\u00edch m\u00edstech Sn\u011bhov\u00e9 \u0159et\u011bzy K\u00f6nig jsou k dispozici v nejlep\u0161\u00edch kamenn\u00fdch prodejn\u00e1ch i u online prodejc\u016f. Chcete v\u011bd\u011bt, kde najdete prodejnu, kter\u00e1 prod\u00e1v\u00e1 sn\u011bhov\u00e9 \u0159et\u011bzy K\u00f6nig? Chcete nav\u0161t\u00edvit kamennou prodejnu, abyste z\u00edskali v\u00edce informac\u00ed, vyzkou\u0161eli si mont\u00e1\u017e v\u00fdrobku nebo si zakoupili sn\u011bhov\u00e9 \u0159et\u011bzy K\u00f6nig? [&hellip;]<\/p>\n","protected":false},"author":3,"featured_media":38350,"parent":0,"menu_order":0,"comment_status":"closed","ping_status":"closed","template":"","meta":{"_acf_changed":false,"footnotes":""},"page-category":[1550],"class_list":["post-18916","page","type-page","status-publish","has-post-thumbnail","hentry","page-category-b2c"],"acf":[],"yoast_head":"<!-- This site is optimized with the Yoast SEO plugin v26.8 - https:\/\/yoast.com\/product\/yoast-seo-wordpress\/ -->\n<title>Kde koupit sn\u011bhov\u00e9 \u0159et\u011bzy K\u00f6nig<\/title>\n<meta name=\"description\" content=\"Sn\u011bhov\u00e9 \u0159et\u011bzy K\u00f6nig jsou snadno dostupn\u00e9. Zkontrolujte ceny, slevy a kup\u00f3ny na sn\u011bhov\u00e9 \u0159et\u011bzy K\u00f6nig u sv\u00e9ho prodejce.\" \/>\n<meta name=\"robots\" content=\"index, follow, max-snippet:-1, max-image-preview:large, max-video-preview:-1\" \/>\n<link rel=\"canonical\" href=\"https:\/\/www.konigchain.com\/cs\/vyhledavac-prodejcu\/\" \/>\n<meta property=\"og:locale\" content=\"cs_CZ\" \/>\n<meta property=\"og:type\" content=\"article\" \/>\n<meta property=\"og:title\" content=\"Kde koupit sn\u011bhov\u00e9 \u0159et\u011bzy K\u00f6nig\" \/>\n<meta property=\"og:description\" content=\"Sn\u011bhov\u00e9 \u0159et\u011bzy K\u00f6nig jsou snadno dostupn\u00e9. Zkontrolujte ceny, slevy a kup\u00f3ny na sn\u011bhov\u00e9 \u0159et\u011bzy K\u00f6nig u sv\u00e9ho prodejce.\" \/>\n<meta property=\"og:url\" content=\"https:\/\/www.konigchain.com\/cs\/vyhledavac-prodejcu\/\" \/>\n<meta property=\"og:site_name\" content=\"K\u00f6nig\" \/>\n<meta property=\"article:modified_time\" content=\"2025-05-28T13:52:27+00:00\" \/>\n<meta property=\"og:image\" content=\"https:\/\/www.konigchain.com\/wp-content\/uploads\/2024\/12\/Konig-snow-chains-dealers-scaled-1.jpg\" \/>\n\t<meta property=\"og:image:width\" content=\"2560\" \/>\n\t<meta property=\"og:image:height\" content=\"1707\" \/>\n\t<meta property=\"og:image:type\" content=\"image\/jpeg\" \/>\n<meta name=\"twitter:card\" content=\"summary_large_image\" \/>\n<meta name=\"twitter:label1\" content=\"Odhadovan\u00e1 doba \u010dten\u00ed\" \/>\n\t<meta name=\"twitter:data1\" content=\"1 minuta\" \/>\n<script type=\"application\/ld+json\" class=\"yoast-schema-graph\">{\"@context\":\"https:\/\/schema.org\",\"@graph\":[{\"@type\":\"WebPage\",\"@id\":\"https:\/\/www.konigchain.com\/cs\/vyhledavac-prodejcu\/\",\"url\":\"https:\/\/www.konigchain.com\/cs\/vyhledavac-prodejcu\/\",\"name\":\"Kde koupit sn\u011bhov\u00e9 \u0159et\u011bzy K\u00f6nig\",\"isPartOf\":{\"@id\":\"https:\/\/www.konigchain.com\/cs\/#website\"},\"primaryImageOfPage\":{\"@id\":\"https:\/\/www.konigchain.com\/cs\/vyhledavac-prodejcu\/#primaryimage\"},\"image\":{\"@id\":\"https:\/\/www.konigchain.com\/cs\/vyhledavac-prodejcu\/#primaryimage\"},\"thumbnailUrl\":\"https:\/\/www.konigchain.com\/wp-content\/uploads\/2024\/12\/Konig-snow-chains-dealers-scaled-1.jpg\",\"datePublished\":\"2024-05-07T18:42:40+00:00\",\"dateModified\":\"2025-05-28T13:52:27+00:00\",\"description\":\"Sn\u011bhov\u00e9 \u0159et\u011bzy K\u00f6nig jsou snadno dostupn\u00e9. Zkontrolujte ceny, slevy a kup\u00f3ny na sn\u011bhov\u00e9 \u0159et\u011bzy K\u00f6nig u sv\u00e9ho prodejce.\",\"breadcrumb\":{\"@id\":\"https:\/\/www.konigchain.com\/cs\/vyhledavac-prodejcu\/#breadcrumb\"},\"inLanguage\":\"cs\",\"potentialAction\":[{\"@type\":\"ReadAction\",\"target\":[\"https:\/\/www.konigchain.com\/cs\/vyhledavac-prodejcu\/\"]}]},{\"@type\":\"ImageObject\",\"inLanguage\":\"cs\",\"@id\":\"https:\/\/www.konigchain.com\/cs\/vyhledavac-prodejcu\/#primaryimage\",\"url\":\"https:\/\/www.konigchain.com\/wp-content\/uploads\/2024\/12\/Konig-snow-chains-dealers-scaled-1.jpg\",\"contentUrl\":\"https:\/\/www.konigchain.com\/wp-content\/uploads\/2024\/12\/Konig-snow-chains-dealers-scaled-1.jpg\",\"width\":2560,\"height\":1707},{\"@type\":\"BreadcrumbList\",\"@id\":\"https:\/\/www.konigchain.com\/cs\/vyhledavac-prodejcu\/#breadcrumb\",\"itemListElement\":[{\"@type\":\"ListItem\",\"position\":1,\"name\":\"Home\",\"item\":\"https:\/\/www.konigchain.com\/cs\/\"},{\"@type\":\"ListItem\",\"position\":2,\"name\":\"Vyhled\u00e1va\u010d prodejc\u016f\"}]},{\"@type\":\"WebSite\",\"@id\":\"https:\/\/www.konigchain.com\/cs\/#website\",\"url\":\"https:\/\/www.konigchain.com\/cs\/\",\"name\":\"K\u00f6nig\",\"description\":\"\",\"publisher\":{\"@id\":\"https:\/\/www.konigchain.com\/cs\/#organization\"},\"potentialAction\":[{\"@type\":\"SearchAction\",\"target\":{\"@type\":\"EntryPoint\",\"urlTemplate\":\"https:\/\/www.konigchain.com\/cs\/?s={search_term_string}\"},\"query-input\":{\"@type\":\"PropertyValueSpecification\",\"valueRequired\":true,\"valueName\":\"search_term_string\"}}],\"inLanguage\":\"cs\"},{\"@type\":\"Organization\",\"@id\":\"https:\/\/www.konigchain.com\/cs\/#organization\",\"name\":\"K\u00f6nig\",\"url\":\"https:\/\/www.konigchain.com\/cs\/\",\"logo\":{\"@type\":\"ImageObject\",\"inLanguage\":\"cs\",\"@id\":\"https:\/\/www.konigchain.com\/cs\/#\/schema\/logo\/image\/\",\"url\":\"https:\/\/www.konigchain.com\/wp-content\/uploads\/2023\/12\/logo-Konig-2016-BG.png\",\"contentUrl\":\"https:\/\/www.konigchain.com\/wp-content\/uploads\/2023\/12\/logo-Konig-2016-BG.png\",\"width\":3508,\"height\":2480,\"caption\":\"K\u00f6nig\"},\"image\":{\"@id\":\"https:\/\/www.konigchain.com\/cs\/#\/schema\/logo\/image\/\"}}]}<\/script>\n<!-- \/ Yoast SEO plugin. -->","yoast_head_json":{"title":"Kde koupit sn\u011bhov\u00e9 \u0159et\u011bzy K\u00f6nig","description":"Sn\u011bhov\u00e9 \u0159et\u011bzy K\u00f6nig jsou snadno dostupn\u00e9. Zkontrolujte ceny, slevy a kup\u00f3ny na sn\u011bhov\u00e9 \u0159et\u011bzy K\u00f6nig u sv\u00e9ho prodejce.","robots":{"index":"index","follow":"follow","max-snippet":"max-snippet:-1","max-image-preview":"max-image-preview:large","max-video-preview":"max-video-preview:-1"},"canonical":"https:\/\/www.konigchain.com\/cs\/vyhledavac-prodejcu\/","og_locale":"cs_CZ","og_type":"article","og_title":"Kde koupit sn\u011bhov\u00e9 \u0159et\u011bzy K\u00f6nig","og_description":"Sn\u011bhov\u00e9 \u0159et\u011bzy K\u00f6nig jsou snadno dostupn\u00e9. Zkontrolujte ceny, slevy a kup\u00f3ny na sn\u011bhov\u00e9 \u0159et\u011bzy K\u00f6nig u sv\u00e9ho prodejce.","og_url":"https:\/\/www.konigchain.com\/cs\/vyhledavac-prodejcu\/","og_site_name":"K\u00f6nig","article_modified_time":"2025-05-28T13:52:27+00:00","og_image":[{"width":2560,"height":1707,"url":"https:\/\/www.konigchain.com\/wp-content\/uploads\/2024\/12\/Konig-snow-chains-dealers-scaled-1.jpg","type":"image\/jpeg"}],"twitter_card":"summary_large_image","twitter_misc":{"Odhadovan\u00e1 doba \u010dten\u00ed":"1 minuta"},"schema":{"@context":"https:\/\/schema.org","@graph":[{"@type":"WebPage","@id":"https:\/\/www.konigchain.com\/cs\/vyhledavac-prodejcu\/","url":"https:\/\/www.konigchain.com\/cs\/vyhledavac-prodejcu\/","name":"Kde koupit sn\u011bhov\u00e9 \u0159et\u011bzy K\u00f6nig","isPartOf":{"@id":"https:\/\/www.konigchain.com\/cs\/#website"},"primaryImageOfPage":{"@id":"https:\/\/www.konigchain.com\/cs\/vyhledavac-prodejcu\/#primaryimage"},"image":{"@id":"https:\/\/www.konigchain.com\/cs\/vyhledavac-prodejcu\/#primaryimage"},"thumbnailUrl":"https:\/\/www.konigchain.com\/wp-content\/uploads\/2024\/12\/Konig-snow-chains-dealers-scaled-1.jpg","datePublished":"2024-05-07T18:42:40+00:00","dateModified":"2025-05-28T13:52:27+00:00","description":"Sn\u011bhov\u00e9 \u0159et\u011bzy K\u00f6nig jsou snadno dostupn\u00e9. Zkontrolujte ceny, slevy a kup\u00f3ny na sn\u011bhov\u00e9 \u0159et\u011bzy K\u00f6nig u sv\u00e9ho prodejce.","breadcrumb":{"@id":"https:\/\/www.konigchain.com\/cs\/vyhledavac-prodejcu\/#breadcrumb"},"inLanguage":"cs","potentialAction":[{"@type":"ReadAction","target":["https:\/\/www.konigchain.com\/cs\/vyhledavac-prodejcu\/"]}]},{"@type":"ImageObject","inLanguage":"cs","@id":"https:\/\/www.konigchain.com\/cs\/vyhledavac-prodejcu\/#primaryimage","url":"https:\/\/www.konigchain.com\/wp-content\/uploads\/2024\/12\/Konig-snow-chains-dealers-scaled-1.jpg","contentUrl":"https:\/\/www.konigchain.com\/wp-content\/uploads\/2024\/12\/Konig-snow-chains-dealers-scaled-1.jpg","width":2560,"height":1707},{"@type":"BreadcrumbList","@id":"https:\/\/www.konigchain.com\/cs\/vyhledavac-prodejcu\/#breadcrumb","itemListElement":[{"@type":"ListItem","position":1,"name":"Home","item":"https:\/\/www.konigchain.com\/cs\/"},{"@type":"ListItem","position":2,"name":"Vyhled\u00e1va\u010d prodejc\u016f"}]},{"@type":"WebSite","@id":"https:\/\/www.konigchain.com\/cs\/#website","url":"https:\/\/www.konigchain.com\/cs\/","name":"K\u00f6nig","description":"","publisher":{"@id":"https:\/\/www.konigchain.com\/cs\/#organization"},"potentialAction":[{"@type":"SearchAction","target":{"@type":"EntryPoint","urlTemplate":"https:\/\/www.konigchain.com\/cs\/?s={search_term_string}"},"query-input":{"@type":"PropertyValueSpecification","valueRequired":true,"valueName":"search_term_string"}}],"inLanguage":"cs"},{"@type":"Organization","@id":"https:\/\/www.konigchain.com\/cs\/#organization","name":"K\u00f6nig","url":"https:\/\/www.konigchain.com\/cs\/","logo":{"@type":"ImageObject","inLanguage":"cs","@id":"https:\/\/www.konigchain.com\/cs\/#\/schema\/logo\/image\/","url":"https:\/\/www.konigchain.com\/wp-content\/uploads\/2023\/12\/logo-Konig-2016-BG.png","contentUrl":"https:\/\/www.konigchain.com\/wp-content\/uploads\/2023\/12\/logo-Konig-2016-BG.png","width":3508,"height":2480,"caption":"K\u00f6nig"},"image":{"@id":"https:\/\/www.konigchain.com\/cs\/#\/schema\/logo\/image\/"}}]}},"_links":{"self":[{"href":"https:\/\/www.konigchain.com\/cs\/wp-json\/wp\/v2\/pages\/18916","targetHints":{"allow":["GET"]}}],"collection":[{"href":"https:\/\/www.konigchain.com\/cs\/wp-json\/wp\/v2\/pages"}],"about":[{"href":"https:\/\/www.konigchain.com\/cs\/wp-json\/wp\/v2\/types\/page"}],"author":[{"embeddable":true,"href":"https:\/\/www.konigchain.com\/cs\/wp-json\/wp\/v2\/users\/3"}],"replies":[{"embeddable":true,"href":"https:\/\/www.konigchain.com\/cs\/wp-json\/wp\/v2\/comments?post=18916"}],"version-history":[{"count":5,"href":"https:\/\/www.konigchain.com\/cs\/wp-json\/wp\/v2\/pages\/18916\/revisions"}],"predecessor-version":[{"id":49000,"href":"https:\/\/www.konigchain.com\/cs\/wp-json\/wp\/v2\/pages\/18916\/revisions\/49000"}],"wp:featuredmedia":[{"embeddable":true,"href":"https:\/\/www.konigchain.com\/cs\/wp-json\/wp\/v2\/media\/38350"}],"wp:attachment":[{"href":"https:\/\/www.konigchain.com\/cs\/wp-json\/wp\/v2\/media?parent=18916"}],"wp:term":[{"taxonomy":"page-category","embeddable":true,"href":"https:\/\/www.konigchain.com\/cs\/wp-json\/wp\/v2\/page-category?post=18916"}],"curies":[{"name":"wp","href":"https:\/\/api.w.org\/{rel}","templated":true}]}}