{"id":18934,"date":"2024-04-30T07:54:15","date_gmt":"2024-04-30T05:54:15","guid":{"rendered":"https:\/\/wp1.konigchain.com\/snow-chains-technology\/"},"modified":"2025-08-27T12:45:00","modified_gmt":"2025-08-27T10:45:00","slug":"technologie-snehovych-retezu","status":"publish","type":"page","link":"https:\/\/www.konigchain.com\/cs\/technologie-snehovych-retezu\/","title":{"rendered":"Technologie sn\u011bhov\u00fdch \u0159et\u011bz\u016f"},"content":{"rendered":"\t\t<div data-elementor-type=\"wp-page\" data-elementor-id=\"18934\" class=\"elementor elementor-18934 elementor-3553\" data-elementor-post-type=\"page\">\n\t\t\t\t<div class=\"elementor-element elementor-element-cfc7d21 e-con-full e-flex e-con e-parent\" data-id=\"cfc7d21\" data-element_type=\"container\" data-settings=\"{&quot;background_background&quot;:&quot;classic&quot;,&quot;background_motion_fx_motion_fx_scrolling&quot;:&quot;yes&quot;,&quot;background_motion_fx_devices&quot;:[&quot;desktop&quot;,&quot;tablet_extra&quot;,&quot;tablet&quot;,&quot;mobile&quot;]}\">\n\t\t<div class=\"elementor-element elementor-element-bae65b4 e-con-full e-flex e-con e-child\" data-id=\"bae65b4\" data-element_type=\"container\" data-settings=\"{&quot;background_background&quot;:&quot;classic&quot;,&quot;background_motion_fx_motion_fx_scrolling&quot;:&quot;yes&quot;,&quot;background_motion_fx_translateY_effect&quot;:&quot;yes&quot;,&quot;background_motion_fx_translateY_speed&quot;:{&quot;unit&quot;:&quot;px&quot;,&quot;size&quot;:4,&quot;sizes&quot;:[]},&quot;background_motion_fx_translateY_affectedRange&quot;:{&quot;unit&quot;:&quot;%&quot;,&quot;size&quot;:&quot;&quot;,&quot;sizes&quot;:{&quot;start&quot;:0,&quot;end&quot;:100}},&quot;background_motion_fx_devices&quot;:[&quot;desktop&quot;,&quot;tablet_extra&quot;,&quot;tablet&quot;,&quot;mobile&quot;]}\">\n\t\t\t\t<div class=\"elementor-element elementor-element-39a6349 elementor-widget elementor-widget-heading\" data-id=\"39a6349\" data-element_type=\"widget\" data-widget_type=\"heading.default\">\n\t\t\t\t\t<h1 class=\"elementor-heading-title elementor-size-default\">Technologie sn\u011bhov\u00fdch \u0159et\u011bz\u016f\u200b<\/h1>\t\t\t\t<\/div>\n\t\t\t\t<div class=\"elementor-element elementor-element-8724d80 elementor-widget__width-initial elementor-widget elementor-widget-heading\" data-id=\"8724d80\" data-element_type=\"widget\" data-widget_type=\"heading.default\">\n\t\t\t\t\t<h2 class=\"elementor-heading-title elementor-size-default\">Unique solutions to make user experience shine\n<\/h2>\t\t\t\t<\/div>\n\t\t\t\t<\/div>\n\t\t\t\t<div class=\"elementor-element elementor-element-6b1225a elementor-view-stacked elementor-shape-square elementor-invisible elementor-widget elementor-widget-icon\" data-id=\"6b1225a\" data-element_type=\"widget\" data-settings=\"{&quot;motion_fx_motion_fx_scrolling&quot;:&quot;yes&quot;,&quot;_animation&quot;:&quot;bounceIn&quot;,&quot;motion_fx_devices&quot;:[&quot;desktop&quot;,&quot;tablet&quot;],&quot;_animation_delay&quot;:10}\" data-widget_type=\"icon.default\">\n\t\t\t\t\t\t\t<div class=\"elementor-icon-wrapper\">\n\t\t\t<a class=\"elementor-icon\" href=\"#scroll-down\">\n\t\t\t<svg aria-hidden=\"true\" class=\"e-font-icon-svg e-fas-arrow-down\" viewBox=\"0 0 448 512\" xmlns=\"http:\/\/www.w3.org\/2000\/svg\"><path d=\"M413.1 222.5l22.2 22.2c9.4 9.4 9.4 24.6 0 33.9L241 473c-9.4 9.4-24.6 9.4-33.9 0L12.7 278.6c-9.4-9.4-9.4-24.6 0-33.9l22.2-22.2c9.5-9.5 25-9.3 34.3.4L184 343.4V56c0-13.3 10.7-24 24-24h32c13.3 0 24 10.7 24 24v287.4l114.8-120.5c9.3-9.8 24.8-10 34.3-.4z\"><\/path><\/svg>\t\t\t<\/a>\n\t\t<\/div>\n\t\t\t\t\t\t<\/div>\n\t\t\t\t<div class=\"elementor-element elementor-element-3b20c7a elementor-widget elementor-widget-menu-anchor\" data-id=\"3b20c7a\" data-element_type=\"widget\" data-widget_type=\"menu-anchor.default\">\n\t\t\t\t\t\t\t<div class=\"elementor-menu-anchor\" id=\"scroll-down\"><\/div>\n\t\t\t\t\t\t<\/div>\n\t\t\t\t<\/div>\n\t\t<div class=\"elementor-element elementor-element-47f5e84f e-con-full e-flex e-con e-parent\" data-id=\"47f5e84f\" data-element_type=\"container\" data-settings=\"{&quot;background_background&quot;:&quot;classic&quot;}\">\n\t\t\t\t<div class=\"elementor-element elementor-element-2cc5a6ba elementor-widget elementor-widget-text-editor\" data-id=\"2cc5a6ba\" data-element_type=\"widget\" data-widget_type=\"text-editor.default\">\n\t\t\t\t\t\t\t\t\t<p>Po v\u00edce ne\u017e 50 letech konstrukce a v\u00fdvoje sn\u011bhov\u00fdch \u0159et\u011bz\u016f vlastn\u00ed spole\u010dnost K\u00f6nig \u0161irokou \u0161k\u00e1lu vlastn\u00edch technologi\u00ed, kter\u00e9 jsou nasazov\u00e1ny v r\u016fzn\u00fdch produktov\u00fdch segmentech a kategori\u00edch.<\/p>\t\t\t\t\t\t\t\t<\/div>\n\t\t\t\t<\/div>\n\t\t<div class=\"elementor-element elementor-element-71f5dea0 e-con-full e-flex e-con e-parent\" data-id=\"71f5dea0\" data-element_type=\"container\" data-settings=\"{&quot;background_background&quot;:&quot;classic&quot;}\">\n\t\t<div class=\"elementor-element elementor-element-4a4dacc5 e-con-full e-flex e-con e-child\" data-id=\"4a4dacc5\" data-element_type=\"container\" data-settings=\"{&quot;background_background&quot;:&quot;classic&quot;}\">\n\t\t\t\t<\/div>\n\t\t<div class=\"elementor-element elementor-element-d1aa0e4 e-con-full e-flex e-con e-child\" data-id=\"d1aa0e4\" data-element_type=\"container\">\n\t\t\t\t<div class=\"elementor-element elementor-element-6569c55e elementor-widget-divider--view-line elementor-widget elementor-widget-divider\" data-id=\"6569c55e\" data-element_type=\"widget\" data-widget_type=\"divider.default\">\n\t\t\t\t\t\t\t<div class=\"elementor-divider\">\n\t\t\t<span class=\"elementor-divider-separator\">\n\t\t\t\t\t\t<\/span>\n\t\t<\/div>\n\t\t\t\t\t\t<\/div>\n\t\t\t\t<div class=\"elementor-element elementor-element-1b71cd3c elementor-widget elementor-widget-heading\" data-id=\"1b71cd3c\" data-element_type=\"widget\" data-widget_type=\"heading.default\">\n\t\t\t\t\t<h2 class=\"elementor-heading-title elementor-size-default\">Technologie sn\u011bhov\u00fdch \u0159et\u011bz\u016f pro spot\u0159ebitele<\/h2>\t\t\t\t<\/div>\n\t\t\t\t<div class=\"elementor-element elementor-element-303f4c83 elementor-widget elementor-widget-text-editor\" data-id=\"303f4c83\" data-element_type=\"widget\" data-widget_type=\"text-editor.default\">\n\t\t\t\t\t\t\t\t\t<p style=\"text-align: center;\">Na\u0161e technologie sn\u011bhov\u00fdch \u0159et\u011bz\u016f pro spot\u0159ebitele maj\u00ed za c\u00edl u\u010dinit sn\u011bhov\u00e9 \u0159et\u011bzy pro osobn\u00ed automobily, crossovery, SUV a dod\u00e1vky bezpe\u010dn\u011bj\u0161\u00edmi, spolehliv\u011bj\u0161\u00edmi a jednodu\u0161\u0161\u00edmi na pou\u017e\u00edv\u00e1n\u00ed, zejm\u00e9na pro lidi, kte\u0159\u00ed nejsou odborn\u00edky na sn\u011bhov\u00e9 \u0159et\u011bzy z definice.<\/p>\t\t\t\t\t\t\t\t<\/div>\n\t\t\t\t<div class=\"elementor-element elementor-element-a661f61 elementor-align-center elementor-widget elementor-widget-button\" data-id=\"a661f61\" data-element_type=\"widget\" data-widget_type=\"button.default\">\n\t\t\t\t\t\t\t\t\t\t<a class=\"elementor-button elementor-button-link elementor-size-sm\" href=\"https:\/\/www.konigchain.com\/cs\/technologie-snehovych-retezu-pro-spotrebitele\/\">\n\t\t\t\t\t\t<span class=\"elementor-button-content-wrapper\">\n\t\t\t\t\t\t\t\t\t<span class=\"elementor-button-text\">Prozkoumat<\/span>\n\t\t\t\t\t<\/span>\n\t\t\t\t\t<\/a>\n\t\t\t\t\t\t\t\t<\/div>\n\t\t\t\t<\/div>\n\t\t\t\t<\/div>\n\t\t<div class=\"elementor-element elementor-element-81419e8 e-con-full e-flex e-con e-parent\" data-id=\"81419e8\" data-element_type=\"container\" data-settings=\"{&quot;background_background&quot;:&quot;classic&quot;}\">\n\t\t<div class=\"elementor-element elementor-element-217ac2c e-con-full e-flex e-con e-child\" data-id=\"217ac2c\" data-element_type=\"container\">\n\t\t\t\t<div class=\"elementor-element elementor-element-1f7ebb5 elementor-widget-divider--view-line elementor-widget elementor-widget-divider\" data-id=\"1f7ebb5\" data-element_type=\"widget\" data-widget_type=\"divider.default\">\n\t\t\t\t\t\t\t<div class=\"elementor-divider\">\n\t\t\t<span class=\"elementor-divider-separator\">\n\t\t\t\t\t\t<\/span>\n\t\t<\/div>\n\t\t\t\t\t\t<\/div>\n\t\t\t\t<div class=\"elementor-element elementor-element-7e85268 elementor-widget elementor-widget-heading\" data-id=\"7e85268\" data-element_type=\"widget\" data-widget_type=\"heading.default\">\n\t\t\t\t\t<h2 class=\"elementor-heading-title elementor-size-default\">Profesion\u00e1ln\u00ed technologie sn\u011bhov\u00fdch \u0159et\u011bz\u016f<\/h2>\t\t\t\t<\/div>\n\t\t\t\t<div class=\"elementor-element elementor-element-c4f6fd4 elementor-widget elementor-widget-text-editor\" data-id=\"c4f6fd4\" data-element_type=\"widget\" data-widget_type=\"text-editor.default\">\n\t\t\t\t\t\t\t\t\t<p style=\"text-align: center;\">Technologie profesion\u00e1ln\u00edch sn\u011bhov\u00fdch \u0159et\u011bz\u016f maj\u00ed za c\u00edl zv\u00fd\u0161it spolehlivost, odolnost a trvanlivost profesion\u00e1ln\u011b orientovan\u00fdch sn\u011bhov\u00fdch \u0159et\u011bz\u016f.<\/p>\t\t\t\t\t\t\t\t<\/div>\n\t\t\t\t<div class=\"elementor-element elementor-element-40c939f elementor-align-center elementor-widget elementor-widget-button\" data-id=\"40c939f\" data-element_type=\"widget\" data-widget_type=\"button.default\">\n\t\t\t\t\t\t\t\t\t\t<a class=\"elementor-button elementor-button-link elementor-size-sm\" href=\"https:\/\/www.konigchain.com\/cs\/profesionalni-technologie-snehovych-retezu\/\">\n\t\t\t\t\t\t<span class=\"elementor-button-content-wrapper\">\n\t\t\t\t\t\t\t\t\t<span class=\"elementor-button-text\">Prozkoumat<\/span>\n\t\t\t\t\t<\/span>\n\t\t\t\t\t<\/a>\n\t\t\t\t\t\t\t\t<\/div>\n\t\t\t\t<\/div>\n\t\t<div class=\"elementor-element elementor-element-f5e422e e-con-full e-flex e-con e-child\" data-id=\"f5e422e\" data-element_type=\"container\" data-settings=\"{&quot;background_background&quot;:&quot;classic&quot;}\">\n\t\t\t\t<\/div>\n\t\t\t\t<\/div>\n\t\t\t\t<\/div>\n\t\t","protected":false},"excerpt":{"rendered":"<p>Technologie sn\u011bhov\u00fdch \u0159et\u011bz\u016f\u200b Unique solutions to make user experience shine Po v\u00edce ne\u017e 50 letech konstrukce a v\u00fdvoje sn\u011bhov\u00fdch \u0159et\u011bz\u016f vlastn\u00ed spole\u010dnost K\u00f6nig \u0161irokou \u0161k\u00e1lu vlastn\u00edch technologi\u00ed, kter\u00e9 jsou nasazov\u00e1ny v r\u016fzn\u00fdch produktov\u00fdch segmentech a kategori\u00edch. Technologie sn\u011bhov\u00fdch \u0159et\u011bz\u016f pro spot\u0159ebitele Na\u0161e technologie sn\u011bhov\u00fdch \u0159et\u011bz\u016f pro spot\u0159ebitele maj\u00ed za c\u00edl u\u010dinit sn\u011bhov\u00e9 \u0159et\u011bzy pro osobn\u00ed [&hellip;]<\/p>\n","protected":false},"author":3,"featured_media":12922,"parent":0,"menu_order":0,"comment_status":"closed","ping_status":"closed","template":"","meta":{"_acf_changed":false,"footnotes":""},"page-category":[1550],"class_list":["post-18934","page","type-page","status-publish","has-post-thumbnail","hentry","page-category-b2c"],"acf":[],"yoast_head":"<!-- This site is optimized with the Yoast SEO plugin v26.8 - https:\/\/yoast.com\/product\/yoast-seo-wordpress\/ -->\n<title>Technologie sn\u011bhov\u00fdch \u0159et\u011bz\u016f K\u00f6nig pro snadn\u011bj\u0161\u00ed pou\u017eit\u00ed a v\u011bt\u0161\u00ed spolehlivost<\/title>\n<meta name=\"description\" content=\"K\u00f6nig pou\u017e\u00edv\u00e1 nejmodern\u011bj\u0161\u00ed technologie, kter\u00e9 usnad\u0148uj\u00ed a urychluj\u00ed nasazen\u00ed sn\u011bhov\u00fdch \u0159et\u011bz\u016f, p\u0159i\u010dem\u017e zachov\u00e1vaj\u00ed trakci a spolehlivost na zasn\u011b\u017een\u00fdch a zledovat\u011bl\u00fdch silnic\u00edch.\" \/>\n<meta name=\"robots\" content=\"index, follow, max-snippet:-1, max-image-preview:large, max-video-preview:-1\" \/>\n<link rel=\"canonical\" href=\"https:\/\/www.konigchain.com\/cs\/technologie-snehovych-retezu\/\" \/>\n<meta property=\"og:locale\" content=\"cs_CZ\" \/>\n<meta property=\"og:type\" content=\"article\" \/>\n<meta property=\"og:title\" content=\"Technologie sn\u011bhov\u00fdch \u0159et\u011bz\u016f K\u00f6nig pro snadn\u011bj\u0161\u00ed pou\u017eit\u00ed a v\u011bt\u0161\u00ed spolehlivost\" \/>\n<meta property=\"og:description\" content=\"K\u00f6nig pou\u017e\u00edv\u00e1 nejmodern\u011bj\u0161\u00ed technologie, kter\u00e9 usnad\u0148uj\u00ed a urychluj\u00ed nasazen\u00ed sn\u011bhov\u00fdch \u0159et\u011bz\u016f, p\u0159i\u010dem\u017e zachov\u00e1vaj\u00ed trakci a spolehlivost na zasn\u011b\u017een\u00fdch a zledovat\u011bl\u00fdch silnic\u00edch.\" \/>\n<meta property=\"og:url\" content=\"https:\/\/www.konigchain.com\/cs\/technologie-snehovych-retezu\/\" \/>\n<meta property=\"og:site_name\" content=\"K\u00f6nig\" \/>\n<meta property=\"article:modified_time\" content=\"2025-08-27T10:45:00+00:00\" \/>\n<meta property=\"og:image\" content=\"https:\/\/www.konigchain.com\/wp-content\/uploads\/2024\/01\/Konig-Reflex-Edge_Golf_5-1-scaled.jpg\" \/>\n\t<meta property=\"og:image:width\" content=\"2560\" \/>\n\t<meta property=\"og:image:height\" content=\"1707\" \/>\n\t<meta property=\"og:image:type\" content=\"image\/webp\" \/>\n<meta name=\"twitter:card\" content=\"summary_large_image\" \/>\n<meta name=\"twitter:label1\" content=\"Odhadovan\u00e1 doba \u010dten\u00ed\" \/>\n\t<meta name=\"twitter:data1\" content=\"1 minuta\" \/>\n<script type=\"application\/ld+json\" class=\"yoast-schema-graph\">{\"@context\":\"https:\/\/schema.org\",\"@graph\":[{\"@type\":\"WebPage\",\"@id\":\"https:\/\/www.konigchain.com\/cs\/technologie-snehovych-retezu\/\",\"url\":\"https:\/\/www.konigchain.com\/cs\/technologie-snehovych-retezu\/\",\"name\":\"Technologie sn\u011bhov\u00fdch \u0159et\u011bz\u016f K\u00f6nig pro snadn\u011bj\u0161\u00ed pou\u017eit\u00ed a v\u011bt\u0161\u00ed spolehlivost\",\"isPartOf\":{\"@id\":\"https:\/\/www.konigchain.com\/cs\/#website\"},\"primaryImageOfPage\":{\"@id\":\"https:\/\/www.konigchain.com\/cs\/technologie-snehovych-retezu\/#primaryimage\"},\"image\":{\"@id\":\"https:\/\/www.konigchain.com\/cs\/technologie-snehovych-retezu\/#primaryimage\"},\"thumbnailUrl\":\"https:\/\/www.konigchain.com\/wp-content\/uploads\/2024\/01\/Konig-Reflex-Edge_Golf_5-1-scaled.jpg\",\"datePublished\":\"2024-04-30T05:54:15+00:00\",\"dateModified\":\"2025-08-27T10:45:00+00:00\",\"description\":\"K\u00f6nig pou\u017e\u00edv\u00e1 nejmodern\u011bj\u0161\u00ed technologie, kter\u00e9 usnad\u0148uj\u00ed a urychluj\u00ed nasazen\u00ed sn\u011bhov\u00fdch \u0159et\u011bz\u016f, p\u0159i\u010dem\u017e zachov\u00e1vaj\u00ed trakci a spolehlivost na zasn\u011b\u017een\u00fdch a zledovat\u011bl\u00fdch silnic\u00edch.\",\"breadcrumb\":{\"@id\":\"https:\/\/www.konigchain.com\/cs\/technologie-snehovych-retezu\/#breadcrumb\"},\"inLanguage\":\"cs\",\"potentialAction\":[{\"@type\":\"ReadAction\",\"target\":[\"https:\/\/www.konigchain.com\/cs\/technologie-snehovych-retezu\/\"]}]},{\"@type\":\"ImageObject\",\"inLanguage\":\"cs\",\"@id\":\"https:\/\/www.konigchain.com\/cs\/technologie-snehovych-retezu\/#primaryimage\",\"url\":\"https:\/\/www.konigchain.com\/wp-content\/uploads\/2024\/01\/Konig-Reflex-Edge_Golf_5-1-scaled.jpg\",\"contentUrl\":\"https:\/\/www.konigchain.com\/wp-content\/uploads\/2024\/01\/Konig-Reflex-Edge_Golf_5-1-scaled.jpg\",\"width\":2560,\"height\":1707},{\"@type\":\"BreadcrumbList\",\"@id\":\"https:\/\/www.konigchain.com\/cs\/technologie-snehovych-retezu\/#breadcrumb\",\"itemListElement\":[{\"@type\":\"ListItem\",\"position\":1,\"name\":\"Home\",\"item\":\"https:\/\/www.konigchain.com\/cs\/\"},{\"@type\":\"ListItem\",\"position\":2,\"name\":\"Technologie sn\u011bhov\u00fdch \u0159et\u011bz\u016f\"}]},{\"@type\":\"WebSite\",\"@id\":\"https:\/\/www.konigchain.com\/cs\/#website\",\"url\":\"https:\/\/www.konigchain.com\/cs\/\",\"name\":\"K\u00f6nig\",\"description\":\"\",\"publisher\":{\"@id\":\"https:\/\/www.konigchain.com\/cs\/#organization\"},\"potentialAction\":[{\"@type\":\"SearchAction\",\"target\":{\"@type\":\"EntryPoint\",\"urlTemplate\":\"https:\/\/www.konigchain.com\/cs\/?s={search_term_string}\"},\"query-input\":{\"@type\":\"PropertyValueSpecification\",\"valueRequired\":true,\"valueName\":\"search_term_string\"}}],\"inLanguage\":\"cs\"},{\"@type\":\"Organization\",\"@id\":\"https:\/\/www.konigchain.com\/cs\/#organization\",\"name\":\"K\u00f6nig\",\"url\":\"https:\/\/www.konigchain.com\/cs\/\",\"logo\":{\"@type\":\"ImageObject\",\"inLanguage\":\"cs\",\"@id\":\"https:\/\/www.konigchain.com\/cs\/#\/schema\/logo\/image\/\",\"url\":\"https:\/\/www.konigchain.com\/wp-content\/uploads\/2023\/12\/logo-Konig-2016-BG.png\",\"contentUrl\":\"https:\/\/www.konigchain.com\/wp-content\/uploads\/2023\/12\/logo-Konig-2016-BG.png\",\"width\":3508,\"height\":2480,\"caption\":\"K\u00f6nig\"},\"image\":{\"@id\":\"https:\/\/www.konigchain.com\/cs\/#\/schema\/logo\/image\/\"}}]}<\/script>\n<!-- \/ Yoast SEO plugin. -->","yoast_head_json":{"title":"Technologie sn\u011bhov\u00fdch \u0159et\u011bz\u016f K\u00f6nig pro snadn\u011bj\u0161\u00ed pou\u017eit\u00ed a v\u011bt\u0161\u00ed spolehlivost","description":"K\u00f6nig pou\u017e\u00edv\u00e1 nejmodern\u011bj\u0161\u00ed technologie, kter\u00e9 usnad\u0148uj\u00ed a urychluj\u00ed nasazen\u00ed sn\u011bhov\u00fdch \u0159et\u011bz\u016f, p\u0159i\u010dem\u017e zachov\u00e1vaj\u00ed trakci a spolehlivost na zasn\u011b\u017een\u00fdch a zledovat\u011bl\u00fdch silnic\u00edch.","robots":{"index":"index","follow":"follow","max-snippet":"max-snippet:-1","max-image-preview":"max-image-preview:large","max-video-preview":"max-video-preview:-1"},"canonical":"https:\/\/www.konigchain.com\/cs\/technologie-snehovych-retezu\/","og_locale":"cs_CZ","og_type":"article","og_title":"Technologie sn\u011bhov\u00fdch \u0159et\u011bz\u016f K\u00f6nig pro snadn\u011bj\u0161\u00ed pou\u017eit\u00ed a v\u011bt\u0161\u00ed spolehlivost","og_description":"K\u00f6nig pou\u017e\u00edv\u00e1 nejmodern\u011bj\u0161\u00ed technologie, kter\u00e9 usnad\u0148uj\u00ed a urychluj\u00ed nasazen\u00ed sn\u011bhov\u00fdch \u0159et\u011bz\u016f, p\u0159i\u010dem\u017e zachov\u00e1vaj\u00ed trakci a spolehlivost na zasn\u011b\u017een\u00fdch a zledovat\u011bl\u00fdch silnic\u00edch.","og_url":"https:\/\/www.konigchain.com\/cs\/technologie-snehovych-retezu\/","og_site_name":"K\u00f6nig","article_modified_time":"2025-08-27T10:45:00+00:00","og_image":[{"width":2560,"height":1707,"url":"https:\/\/www.konigchain.com\/wp-content\/uploads\/2024\/01\/Konig-Reflex-Edge_Golf_5-1-scaled.jpg","type":"image\/webp"}],"twitter_card":"summary_large_image","twitter_misc":{"Odhadovan\u00e1 doba \u010dten\u00ed":"1 minuta"},"schema":{"@context":"https:\/\/schema.org","@graph":[{"@type":"WebPage","@id":"https:\/\/www.konigchain.com\/cs\/technologie-snehovych-retezu\/","url":"https:\/\/www.konigchain.com\/cs\/technologie-snehovych-retezu\/","name":"Technologie sn\u011bhov\u00fdch \u0159et\u011bz\u016f K\u00f6nig pro snadn\u011bj\u0161\u00ed pou\u017eit\u00ed a v\u011bt\u0161\u00ed spolehlivost","isPartOf":{"@id":"https:\/\/www.konigchain.com\/cs\/#website"},"primaryImageOfPage":{"@id":"https:\/\/www.konigchain.com\/cs\/technologie-snehovych-retezu\/#primaryimage"},"image":{"@id":"https:\/\/www.konigchain.com\/cs\/technologie-snehovych-retezu\/#primaryimage"},"thumbnailUrl":"https:\/\/www.konigchain.com\/wp-content\/uploads\/2024\/01\/Konig-Reflex-Edge_Golf_5-1-scaled.jpg","datePublished":"2024-04-30T05:54:15+00:00","dateModified":"2025-08-27T10:45:00+00:00","description":"K\u00f6nig pou\u017e\u00edv\u00e1 nejmodern\u011bj\u0161\u00ed technologie, kter\u00e9 usnad\u0148uj\u00ed a urychluj\u00ed nasazen\u00ed sn\u011bhov\u00fdch \u0159et\u011bz\u016f, p\u0159i\u010dem\u017e zachov\u00e1vaj\u00ed trakci a spolehlivost na zasn\u011b\u017een\u00fdch a zledovat\u011bl\u00fdch silnic\u00edch.","breadcrumb":{"@id":"https:\/\/www.konigchain.com\/cs\/technologie-snehovych-retezu\/#breadcrumb"},"inLanguage":"cs","potentialAction":[{"@type":"ReadAction","target":["https:\/\/www.konigchain.com\/cs\/technologie-snehovych-retezu\/"]}]},{"@type":"ImageObject","inLanguage":"cs","@id":"https:\/\/www.konigchain.com\/cs\/technologie-snehovych-retezu\/#primaryimage","url":"https:\/\/www.konigchain.com\/wp-content\/uploads\/2024\/01\/Konig-Reflex-Edge_Golf_5-1-scaled.jpg","contentUrl":"https:\/\/www.konigchain.com\/wp-content\/uploads\/2024\/01\/Konig-Reflex-Edge_Golf_5-1-scaled.jpg","width":2560,"height":1707},{"@type":"BreadcrumbList","@id":"https:\/\/www.konigchain.com\/cs\/technologie-snehovych-retezu\/#breadcrumb","itemListElement":[{"@type":"ListItem","position":1,"name":"Home","item":"https:\/\/www.konigchain.com\/cs\/"},{"@type":"ListItem","position":2,"name":"Technologie sn\u011bhov\u00fdch \u0159et\u011bz\u016f"}]},{"@type":"WebSite","@id":"https:\/\/www.konigchain.com\/cs\/#website","url":"https:\/\/www.konigchain.com\/cs\/","name":"K\u00f6nig","description":"","publisher":{"@id":"https:\/\/www.konigchain.com\/cs\/#organization"},"potentialAction":[{"@type":"SearchAction","target":{"@type":"EntryPoint","urlTemplate":"https:\/\/www.konigchain.com\/cs\/?s={search_term_string}"},"query-input":{"@type":"PropertyValueSpecification","valueRequired":true,"valueName":"search_term_string"}}],"inLanguage":"cs"},{"@type":"Organization","@id":"https:\/\/www.konigchain.com\/cs\/#organization","name":"K\u00f6nig","url":"https:\/\/www.konigchain.com\/cs\/","logo":{"@type":"ImageObject","inLanguage":"cs","@id":"https:\/\/www.konigchain.com\/cs\/#\/schema\/logo\/image\/","url":"https:\/\/www.konigchain.com\/wp-content\/uploads\/2023\/12\/logo-Konig-2016-BG.png","contentUrl":"https:\/\/www.konigchain.com\/wp-content\/uploads\/2023\/12\/logo-Konig-2016-BG.png","width":3508,"height":2480,"caption":"K\u00f6nig"},"image":{"@id":"https:\/\/www.konigchain.com\/cs\/#\/schema\/logo\/image\/"}}]}},"_links":{"self":[{"href":"https:\/\/www.konigchain.com\/cs\/wp-json\/wp\/v2\/pages\/18934","targetHints":{"allow":["GET"]}}],"collection":[{"href":"https:\/\/www.konigchain.com\/cs\/wp-json\/wp\/v2\/pages"}],"about":[{"href":"https:\/\/www.konigchain.com\/cs\/wp-json\/wp\/v2\/types\/page"}],"author":[{"embeddable":true,"href":"https:\/\/www.konigchain.com\/cs\/wp-json\/wp\/v2\/users\/3"}],"replies":[{"embeddable":true,"href":"https:\/\/www.konigchain.com\/cs\/wp-json\/wp\/v2\/comments?post=18934"}],"version-history":[{"count":5,"href":"https:\/\/www.konigchain.com\/cs\/wp-json\/wp\/v2\/pages\/18934\/revisions"}],"predecessor-version":[{"id":68425,"href":"https:\/\/www.konigchain.com\/cs\/wp-json\/wp\/v2\/pages\/18934\/revisions\/68425"}],"wp:featuredmedia":[{"embeddable":true,"href":"https:\/\/www.konigchain.com\/cs\/wp-json\/wp\/v2\/media\/12922"}],"wp:attachment":[{"href":"https:\/\/www.konigchain.com\/cs\/wp-json\/wp\/v2\/media?parent=18934"}],"wp:term":[{"taxonomy":"page-category","embeddable":true,"href":"https:\/\/www.konigchain.com\/cs\/wp-json\/wp\/v2\/page-category?post=18934"}],"curies":[{"name":"wp","href":"https:\/\/api.w.org\/{rel}","templated":true}]}}