{"id":17934,"date":"2024-05-16T17:13:50","date_gmt":"2024-05-16T15:13:50","guid":{"rendered":"https:\/\/wp1.konigchain.com\/legal-and-privacy-policy\/"},"modified":"2025-05-28T15:59:43","modified_gmt":"2025-05-28T13:59:43","slug":"rechtliche-hinweise-und-datenschutz","status":"publish","type":"page","link":"https:\/\/www.konigchain.com\/de\/rechtliche-hinweise-und-datenschutz\/","title":{"rendered":"Rechtliche Hinweise und Datenschutz"},"content":{"rendered":"\t\t<div data-elementor-type=\"wp-page\" data-elementor-id=\"17934\" class=\"elementor elementor-17934 elementor-5671\" data-elementor-post-type=\"page\">\n\t\t\t\t<div class=\"elementor-element elementor-element-5f48f1d e-con-full e-flex e-con e-parent\" data-id=\"5f48f1d\" data-element_type=\"container\" data-settings=\"{&quot;background_background&quot;:&quot;classic&quot;,&quot;background_motion_fx_motion_fx_scrolling&quot;:&quot;yes&quot;,&quot;background_motion_fx_devices&quot;:[&quot;desktop&quot;,&quot;tablet_extra&quot;,&quot;tablet&quot;,&quot;mobile&quot;]}\">\n\t\t<div class=\"elementor-element elementor-element-f708181 e-con-full e-flex e-con e-child\" data-id=\"f708181\" data-element_type=\"container\" data-settings=\"{&quot;background_background&quot;:&quot;classic&quot;,&quot;background_motion_fx_motion_fx_scrolling&quot;:&quot;yes&quot;,&quot;background_motion_fx_translateY_effect&quot;:&quot;yes&quot;,&quot;background_motion_fx_translateY_speed&quot;:{&quot;unit&quot;:&quot;px&quot;,&quot;size&quot;:4,&quot;sizes&quot;:[]},&quot;background_motion_fx_translateY_affectedRange&quot;:{&quot;unit&quot;:&quot;%&quot;,&quot;size&quot;:&quot;&quot;,&quot;sizes&quot;:{&quot;start&quot;:0,&quot;end&quot;:100}},&quot;background_motion_fx_devices&quot;:[&quot;desktop&quot;,&quot;tablet_extra&quot;,&quot;tablet&quot;,&quot;mobile&quot;]}\">\n\t\t\t\t<div class=\"elementor-element elementor-element-ddbcf8e elementor-widget elementor-widget-heading\" data-id=\"ddbcf8e\" data-element_type=\"widget\" data-widget_type=\"heading.default\">\n\t\t\t\t\t<h1 class=\"elementor-heading-title elementor-size-default\">Rechtliche Hinweise und Datenschutz<\/h1>\t\t\t\t<\/div>\n\t\t\t\t<\/div>\n\t\t\t\t<div class=\"elementor-element elementor-element-d4a139f elementor-view-stacked elementor-shape-square elementor-invisible elementor-widget elementor-widget-icon\" data-id=\"d4a139f\" data-element_type=\"widget\" data-settings=\"{&quot;motion_fx_motion_fx_scrolling&quot;:&quot;yes&quot;,&quot;_animation&quot;:&quot;bounceIn&quot;,&quot;motion_fx_devices&quot;:[&quot;desktop&quot;,&quot;tablet&quot;],&quot;_animation_delay&quot;:10}\" data-widget_type=\"icon.default\">\n\t\t\t\t\t\t\t<div class=\"elementor-icon-wrapper\">\n\t\t\t<a class=\"elementor-icon\" href=\"#scroll-down\">\n\t\t\t<svg aria-hidden=\"true\" class=\"e-font-icon-svg e-fas-arrow-down\" viewBox=\"0 0 448 512\" xmlns=\"http:\/\/www.w3.org\/2000\/svg\"><path d=\"M413.1 222.5l22.2 22.2c9.4 9.4 9.4 24.6 0 33.9L241 473c-9.4 9.4-24.6 9.4-33.9 0L12.7 278.6c-9.4-9.4-9.4-24.6 0-33.9l22.2-22.2c9.5-9.5 25-9.3 34.3.4L184 343.4V56c0-13.3 10.7-24 24-24h32c13.3 0 24 10.7 24 24v287.4l114.8-120.5c9.3-9.8 24.8-10 34.3-.4z\"><\/path><\/svg>\t\t\t<\/a>\n\t\t<\/div>\n\t\t\t\t\t\t<\/div>\n\t\t\t\t<div class=\"elementor-element elementor-element-69b140c elementor-widget elementor-widget-menu-anchor\" data-id=\"69b140c\" data-element_type=\"widget\" data-widget_type=\"menu-anchor.default\">\n\t\t\t\t\t\t\t<div class=\"elementor-menu-anchor\" id=\"scroll-down\"><\/div>\n\t\t\t\t\t\t<\/div>\n\t\t\t\t<\/div>\n\t\t<div class=\"elementor-element elementor-element-938ee2a e-flex e-con-boxed e-con e-parent\" data-id=\"938ee2a\" data-element_type=\"container\">\n\t\t\t\t\t<div class=\"e-con-inner\">\n\t\t\t\t<div class=\"elementor-element elementor-element-09bcbcb elementor-widget elementor-widget-text-editor\" data-id=\"09bcbcb\" data-element_type=\"widget\" data-widget_type=\"text-editor.default\">\n\t\t\t\t\t\t\t\t\t<p>Bitte hier f\u00fcr weitere Infos zu unserer\u00a0<a href=\"https:\/\/www.iubenda.com\/privacy-policy\/975576\" target=\"_blank\" rel=\"noreferrer noopener\">Privacy Policy<\/a>\u00a0klicken<\/p><p><strong>H<\/strong><strong>aftungsausschluss<\/strong><\/p><p>Obwohl mit gr\u00f6\u00dfter Sorgfalt vorgegangen wurde, um sicherzustellen, dass die Informationen auf der Website der\u00a0K\u00f6nig\u00a0fehlerfrei sind, stellen wir diese Informationen \u201eohne Gew\u00e4hr\u201c bereit und lehnen jegliche Garantie, ob ausdr\u00fccklich oder stillschweigend, hinsichtlich der Fehlerfreiheit, Vollst\u00e4ndigkeit oder Aktualit\u00e4t der bereitgestellten Informationen ab. Sie erkennen an, dass Ihre Nutzung der Website, einschlie\u00dflich unter anderem der Nutzung von Links auf der Website und der auf der Website bereitgestellten Informationen, auf eigenes Risiko erfolgt. Des Weiteren \u00fcbernimmt\u00a0K\u00f6nig\u00a0keine Haftung f\u00fcr den Inhalt jeglicher Websites Dritter und alle Links auf solche Websites werden lediglich zu Ihrer Unterst\u00fctzung bereitgestellt. Jegliches Material auf allen Websites der\u00a0K\u00f6nig, einschlie\u00dflich unter anderem Texte, Fotografien, Grafiken und Zahlen, k\u00f6nnen technische oder Schreibfehler oder andere Fehler oder Ungenauigkeiten enthalten. Weder\u00a0K\u00f6nig\u00a0noch irgendein mit der<\/p><p>K\u00f6nig\u00a0verbundenes Unternehmen \u00fcbernimmt in irgendeiner Hinsicht die Haftung f\u00fcr solche Fehler und Ungenauigkeiten.<\/p><p>Dies gilt ebenso f\u00fcr die \u201eKaufhilfe\u201c auf dieser Website und alle daraus folgenden Ergebnisse. Bei der \u201eKaufhilfe\u201c handelt es sich lediglich um einen ausschlie\u00dflich zu Informationszwecken bereitgestellten Dienst, der keine Ratschl\u00e4ge oder Empfehlungen enth\u00e4lt, die als Basis f\u00fcr eine Entscheidung oder Handlung herangezogen werden k\u00f6nnen. Alle durch die \u201eKaufhilfe\u201c bereitgestellten Daten und Informationen stammen aus Tests von\u00a0K\u00f6nig-Produkten im Vergleich mit bestimmten Produkten Dritter. Technische Bauteile und die Qualit\u00e4t der Leistung etc. dieser Produkte und Teile Dritter k\u00f6nnen sich nach dem Test der\u00a0K\u00f6nig\u00a0jederzeit (und ohne Beteiligung oder Wissen der\u00a0K\u00f6nig) \u00e4ndern. Folglich haftet weder die\u00a0K\u00f6nig\u00a0noch irgendein mit der\u00a0K\u00f6nig\u00a0verbundenes Unternehmen (es sei denn, zwingend geltende Rechtsvorschriften sehen anderes vor) f\u00fcr Sach- oder Personensch\u00e4den, die durch die Nutzung eines\u00a0K\u00f6nig-Produkts entstehen, die von einer Anleitung oder einem Benutzerhandbuch abweicht, die\/das (i) einem\u00a0K\u00f6nig-Produkt bei dessen Kauf beiliegt oder (ii) f\u00fcr das Produkt\/die Produkte gilt, an die das\u00a0K\u00f6nig-Produkt montiert oder mit denen es zusammen benutzt werden soll. K\u00f6nig\u00a0fordert Sie auf, solche Bedienungsanleitungen oder Benutzerhandb\u00fccher vor der Nutzung jedes\u00a0K\u00f6nig-Produkts sorgf\u00e4ltig zu lesen.<\/p><p>Des Weiteren lehnt K\u00f6nig\u00a0ausdr\u00fccklich jegliche Garantie ab, dass die Websites der\u00a0K\u00f6nig\u00a0frei von Infektionen durch Viren oder andere Schadsoftware sind oder dass Informationen auf den Websites der\u00a0K\u00f6nig\u00a0unterbrechungs- oder fehlerfrei sind.<\/p><p>Weder K\u00f6nig\u00a0noch mit der\u00a0K\u00f6nig\u00a0verbundene Personen oder Unternehmen haften f\u00fcr Sch\u00e4den jedweder Art, die sich aus Ihrer Nutzung oder dem Unverm\u00f6gen der Nutzung dieser Website oder jeglicher durch oder auf dieser Website bereitgestellter Informationen, Inhalte, Dienste oder Materialien ergeben.<\/p><p>K\u00f6nig\u00a0beh\u00e4lt sich das Recht vor, jegliche Informationen auf der Website (einschlie\u00dflich dieses Haftungsausschlusses) jederzeit und ohne vorherige diesbez\u00fcgliche Ank\u00fcndigung zu \u00e4ndern, hinzuzuf\u00fcgen und\/oder zu entfernen. K\u00f6nig\u00a0ist nicht verpflichtet, diese Website sowie jegliche Informationen auf der Website zu aktualisieren.<\/p><h2>Datenschutzmitteilung<\/h2><p>Diese Website wird von der Konig S.p.A., Via Pescone 9, 23867 Suello, ITALY (\u201ewir\u201c bzw. \u201euns\u201c) betrieben. Diese Mitteilung beschreibt wie wir, als datenschutzrechtlich Verantwortlicher, Ihre personenbezogenen Daten im Zusammenhang mit dieser Website verarbeiten.<\/p><p><strong>1\u00a0\u00a0\u00a0\u00a0\u00a0\u00a0\u00a0\u00a0 Welche Daten wir \u00fcber Sie verarbeiten?<\/strong><\/p><p>Im Zuge Ihres Besuches dieser Website werden wir folgende Informationen erheben: Das Datum und die Uhrzeit des Aufrufs einer Seite auf unserer Website, Ihre IP-Adresse, Name und Version Ihres Web-Browsers, die Webseite (URL), die Sie vor dem Aufruf dieser Website besucht haben, bestimmte Cookies (siehe Punkt 2 unten) und jene Informationen, die sie selbst durch Ausf\u00fcllen des Kontaktformulars oder die Registrierung in unserem Webshop zur Verf\u00fcgung stellen.<\/p><p>Es besteht keine Verpflichtung, jene Daten, um deren Angabe wir Sie auf unserer Website bitten, tats\u00e4chlich anzugeben. Wenn Sie dies jedoch nicht tun, wird es Ihnen nicht m\u00f6glich sein, alle Funktionen der Website zu nutzen.<\/p><p><strong>2\u00a0\u00a0\u00a0\u00a0\u00a0\u00a0\u00a0\u00a0 Cookies<\/strong><\/p><p>Auf dieser Website werden sogenannte Cookies verwendet. Ein Cookie ist eine kleine Datei, die auf Ihrem Computer gespeichert werden kann, wenn Sie eine Website besuchen. Grunds\u00e4tzlich werden Cookies verwendet, um Nutzern zus\u00e4tzliche Funktionen auf einer Website zu bieten. Sie k\u00f6nnen zum Beispiel verwendet werden, um Ihnen die Navigation auf einer Website zu erleichtern, es Ihnen zu erm\u00f6glichen, eine Website dort weiter zu verwenden, wo Sie sie verlassen haben und\/oder Ihre Pr\u00e4ferenzen und Einstellungen zu speichern, wenn Sie die Website wieder besuchen. Cookies k\u00f6nnen auf keine anderen Daten auf Ihrem Computer zugreifen, diese lesen oder ver\u00e4ndern.<\/p><p>Die meisten der Cookies auf dieser Website sind sogenannte Session-Cookies. Sie werden automatisch gel\u00f6scht, wenn Sie unsere Website wieder verlassen. Dauerhafte Cookies hingegen bleiben auf Ihrem Computer, bis Sie sie manuell in Ihrem Browser l\u00f6schen. Wir verwenden solche dauerhaften Cookies, um Sie wieder zu erkennen, wenn Sie unsere Website das n\u00e4chste Mal besuchen.<\/p><p>Wenn Sie Cookies auf Ihrem Computer kontrollieren wollen, k\u00f6nnen Sie ihre Browser-Einstellungen so w\u00e4hlen, dass Sie eine Benachrichtigung bekommen, wenn eine Website Cookies speichern will. Sie k\u00f6nnen Cookies auch blockieren oder l\u00f6schen, wenn sie bereits auf Ihrem Computer gespeichert wurden. Wenn Sie mehr dar\u00fcber wissen m\u00f6chten, wie Sie diese Schritte setzen k\u00f6nnen, ben\u00fctzen Sie bitte die \u201eHilfe\u201c-Funktion in Ihrem Browser.<\/p><p>Beachten Sie bitte, dass das Blockieren oder L\u00f6schen von Cookies Ihre Online-Erfahrung beeintr\u00e4chtigen und Sie daran hinter k\u00f6nnte, diese Website vollst\u00e4ndig zu nutzen.<\/p><p><strong>\u00a03\u00a0\u00a0\u00a0\u00a0\u00a0\u00a0\u00a0\u00a0 Zwecke der Datenverarbeitung<\/strong><\/p><p>Wir werden Ihre personenbezogenen Daten zu folgenden Zwecken verarbeiten:<\/p><ul><li>Um Ihnen diese Website zur Verf\u00fcgung zu stellen und um diese Website weiter zu verbessern und zu entwickeln<\/li><li>Um Nutzungsstatistiken erstellen zu k\u00f6nnen<\/li><li>Um Angriffe auf unsere Website erkennen, verhindern und untersuchen zu k\u00f6nnen;<\/li><li>Um auf Ihre Anfragen zu antworten<\/li><li>Sie als Besucher bzw. Kunde unseres Webshops identifizieren zu k\u00f6nnen<\/li><\/ul><p><strong>\u00a04\u00a0\u00a0\u00a0\u00a0\u00a0\u00a0\u00a0\u00a0 Rechtsgrundlagen der Verarbeitung<\/strong><\/p><p>Die rechtliche Grundlage f\u00fcr die Verarbeitung Ihrer personenbezogenen Daten ist unser \u00fcberwiegendes berechtigtes Interesse (gem\u00e4\u00df Art 6 Abs 1f der EU Datenschutz-Grundverordnung), welches darin besteht, die oben unter Punkt 3 genannten Zwecke zu erreichen.<\/p><p><strong>5\u00a0\u00a0\u00a0\u00a0\u00a0\u00a0\u00a0\u00a0 \u00dcbermittlung Ihrer personenbezogenen Daten<\/strong><\/p><p>Zu den oben genannten Zwecken werden wir Ihre personenbezogenen Daten an folgende Empf\u00e4nger \u00fcbermitteln:<\/p><ul><li>Von uns eingesetzte IT-Dienstleister;<\/li><li>[andere Kategorie von \u00dcbermittlungsempf\u00e4ngern]<\/li><\/ul><p>Manche der oben genannten Empf\u00e4nger befinden sich au\u00dferhalb Ihres Landes oder verarbeiten dort Ihre personenbezogenen Daten. Das Datenschutzniveau in anderen L\u00e4ndern entspricht unter Umst\u00e4nden nicht dem Ihres Landes. Wir \u00fcbermitteln Ihre personenbezogenen Daten jedoch nur in L\u00e4nder, f\u00fcr welche die EU-Kommission entschieden hat, dass sie \u00fcber ein angemessenes Datenschutzniveau verf\u00fcgen oder wir setzen Ma\u00dfnahmen, um zu gew\u00e4hrleisten, dass alle Empf\u00e4nger ein angemessenes Datenschutzniveau haben. Dazu schlie\u00dfen wir beispielsweise Standardvertragsklauseln (2010\/87\/EC und\/oder 2004\/915\/EC) ab. Diese sind auf Anfrage unter\u00a0dataprotection@konigchain.com\u00a0verf\u00fcgbar.<\/p><p><strong>\u00a06\u00a0\u00a0\u00a0\u00a0\u00a0\u00a0\u00a0\u00a0 Dauer der Speicherung<\/strong><\/p><p>Wir werden Ihre Daten grunds\u00e4tzlich f\u00fcr eine Dauer von drei Monaten speichern. Eine l\u00e4ngere Speicherung erfolgt nur, soweit dies erforderlich ist, um festgestellte Angriffe auf unsere Website zu untersuchen.<\/p><p>Wenn Sie sich auf unserer Website registrieren, werden wir Ihre Daten jedenfalls so lange speichern, so lange Ihr Account besteht und danach f\u00fcr nur so lange, wie rechtliche Verpflichtungen dies vorsehen.<\/p><p><strong>7\u00a0\u00a0\u00a0\u00a0\u00a0\u00a0\u00a0\u00a0 Ihre Rechte im Zusammenhang mit personenbezogenen Daten<\/strong><\/p><p>Sie sind unter anderem berechtigt (unter den Voraussetzungen anwendbaren Rechts), (i) zu \u00fcberpr\u00fcfen, ob und welche personenbezogenen Daten wir \u00fcber Sie gespeichert haben und Kopien dieser Daten zu erhalten, (ii) die Berichtigung, Erg\u00e4nzung oder das L\u00f6schen Ihrer personenbezogenen Daten, die falsch sind oder nicht rechtskonform verarbeitet werden, zu verlangen, (iii) von uns zu verlangen, die Verarbeitung Ihrer personenbezogenen Daten einzuschr\u00e4nken, und (iv) unter bestimmten Umst\u00e4nden der Verarbeitung Ihrer personenbezogenen Daten zu widersprechen oder die f\u00fcr das Verarbeiten zuvor gegebene Einwilligung zu widerrufen, (v) Daten\u00fcbertragbarkeit zu verlangen, (vi) die Identit\u00e4t von Dritten, an welche Ihre personenbezogenen Daten \u00fcbermittelt werden, zu kennen (vii) bei der zust\u00e4ndigen Beh\u00f6rde Beschwerde zu erheben.<\/p><p><strong>\u00a08\u00a0\u00a0\u00a0\u00a0\u00a0\u00a0\u00a0\u00a0 Unsere Kontaktdaten<\/strong><\/p><p>Sollen Sie zu der Verarbeitung Ihrer personenbezogenen Daten Fragen oder Anliegen haben, wenden Sie sich bitte an uns:<\/p><p>Konig S.p.A.<br \/>Via Pescone 9<br \/>23867 Suello<br \/>ITALY<br \/><a href=\"https:\/\/www.konigchain.com\/de\/contact\/legal-and-privacy-policy-1\/#\" data-mailto-token=\"nbjmup+jogpAlpojhdibjo\/dpn\" data-mailto-vector=\"1\">info(at)konigchain.com<\/a><\/p><p>Alternativ k\u00f6nnen Sie sich auch gerne unter\u00a0<a href=\"https:\/\/www.konigchain.com\/de\/contact\/legal-and-privacy-policy-1\/#\" data-mailto-token=\"nbjmup+ebubqspufdujpoAlpojhdibjo\/dpn\" data-mailto-vector=\"1\">dataprotection(at)konigchain.com<\/a>\u00a0an unseren Datenschutzkoordinator wenden.<\/p><p>Zuletzt aktualisiert am 2. Juli 2019<\/p>\t\t\t\t\t\t\t\t<\/div>\n\t\t\t\t\t<\/div>\n\t\t\t\t<\/div>\n\t\t\t\t<\/div>\n\t\t","protected":false},"excerpt":{"rendered":"<p>Rechtliche Hinweise und Datenschutz Bitte hier f\u00fcr weitere Infos zu unserer\u00a0Privacy Policy\u00a0klicken Haftungsausschluss Obwohl mit gr\u00f6\u00dfter Sorgfalt vorgegangen wurde, um sicherzustellen, dass die Informationen auf der Website der\u00a0K\u00f6nig\u00a0fehlerfrei sind, stellen wir diese Informationen \u201eohne Gew\u00e4hr\u201c bereit und lehnen jegliche Garantie, ob ausdr\u00fccklich oder stillschweigend, hinsichtlich der Fehlerfreiheit, Vollst\u00e4ndigkeit oder Aktualit\u00e4t der bereitgestellten Informationen ab. Sie [&hellip;]<\/p>\n","protected":false},"author":3,"featured_media":0,"parent":0,"menu_order":0,"comment_status":"closed","ping_status":"closed","template":"","meta":{"_acf_changed":false,"footnotes":""},"page-category":[1550],"class_list":["post-17934","page","type-page","status-publish","hentry","page-category-b2c"],"acf":[],"yoast_head":"<!-- This site is optimized with the Yoast SEO plugin v26.8 - https:\/\/yoast.com\/product\/yoast-seo-wordpress\/ -->\n<title>Rechtliche Hinweise und Datenschutz - K\u00f6nig<\/title>\n<meta name=\"robots\" content=\"index, follow, max-snippet:-1, max-image-preview:large, max-video-preview:-1\" \/>\n<link rel=\"canonical\" href=\"https:\/\/www.konigchain.com\/de\/rechtliche-hinweise-und-datenschutz\/\" \/>\n<meta property=\"og:locale\" content=\"de_DE\" \/>\n<meta property=\"og:type\" content=\"article\" \/>\n<meta property=\"og:title\" content=\"Rechtliche Hinweise und Datenschutz - K\u00f6nig\" \/>\n<meta property=\"og:description\" content=\"Rechtliche Hinweise und Datenschutz Bitte hier f\u00fcr weitere Infos zu unserer\u00a0Privacy Policy\u00a0klicken Haftungsausschluss Obwohl mit gr\u00f6\u00dfter Sorgfalt vorgegangen wurde, um sicherzustellen, dass die Informationen auf der Website der\u00a0K\u00f6nig\u00a0fehlerfrei sind, stellen wir diese Informationen \u201eohne Gew\u00e4hr\u201c bereit und lehnen jegliche Garantie, ob ausdr\u00fccklich oder stillschweigend, hinsichtlich der Fehlerfreiheit, Vollst\u00e4ndigkeit oder Aktualit\u00e4t der bereitgestellten Informationen ab. Sie [&hellip;]\" \/>\n<meta property=\"og:url\" content=\"https:\/\/www.konigchain.com\/de\/rechtliche-hinweise-und-datenschutz\/\" \/>\n<meta property=\"og:site_name\" content=\"K\u00f6nig\" \/>\n<meta property=\"article:modified_time\" content=\"2025-05-28T13:59:43+00:00\" \/>\n<meta property=\"og:image\" content=\"https:\/\/www.konigchain.com\/wp-content\/uploads\/2025\/06\/Konig-snowchains-website.jpg\" \/>\n\t<meta property=\"og:image:width\" content=\"1350\" \/>\n\t<meta property=\"og:image:height\" content=\"675\" \/>\n\t<meta property=\"og:image:type\" content=\"image\/jpeg\" \/>\n<meta name=\"twitter:card\" content=\"summary_large_image\" \/>\n<meta name=\"twitter:label1\" content=\"Gesch\u00e4tzte Lesezeit\" \/>\n\t<meta name=\"twitter:data1\" content=\"8\u00a0Minuten\" \/>\n<script type=\"application\/ld+json\" class=\"yoast-schema-graph\">{\"@context\":\"https:\/\/schema.org\",\"@graph\":[{\"@type\":\"WebPage\",\"@id\":\"https:\/\/www.konigchain.com\/de\/rechtliche-hinweise-und-datenschutz\/\",\"url\":\"https:\/\/www.konigchain.com\/de\/rechtliche-hinweise-und-datenschutz\/\",\"name\":\"Rechtliche Hinweise und Datenschutz - K\u00f6nig\",\"isPartOf\":{\"@id\":\"https:\/\/www.konigchain.com\/de\/#website\"},\"datePublished\":\"2024-05-16T15:13:50+00:00\",\"dateModified\":\"2025-05-28T13:59:43+00:00\",\"breadcrumb\":{\"@id\":\"https:\/\/www.konigchain.com\/de\/rechtliche-hinweise-und-datenschutz\/#breadcrumb\"},\"inLanguage\":\"de\",\"potentialAction\":[{\"@type\":\"ReadAction\",\"target\":[\"https:\/\/www.konigchain.com\/de\/rechtliche-hinweise-und-datenschutz\/\"]}]},{\"@type\":\"BreadcrumbList\",\"@id\":\"https:\/\/www.konigchain.com\/de\/rechtliche-hinweise-und-datenschutz\/#breadcrumb\",\"itemListElement\":[{\"@type\":\"ListItem\",\"position\":1,\"name\":\"Home\",\"item\":\"https:\/\/www.konigchain.com\/de\/\"},{\"@type\":\"ListItem\",\"position\":2,\"name\":\"Rechtliche Hinweise und Datenschutz\"}]},{\"@type\":\"WebSite\",\"@id\":\"https:\/\/www.konigchain.com\/de\/#website\",\"url\":\"https:\/\/www.konigchain.com\/de\/\",\"name\":\"K\u00f6nig\",\"description\":\"\",\"publisher\":{\"@id\":\"https:\/\/www.konigchain.com\/de\/#organization\"},\"potentialAction\":[{\"@type\":\"SearchAction\",\"target\":{\"@type\":\"EntryPoint\",\"urlTemplate\":\"https:\/\/www.konigchain.com\/de\/?s={search_term_string}\"},\"query-input\":{\"@type\":\"PropertyValueSpecification\",\"valueRequired\":true,\"valueName\":\"search_term_string\"}}],\"inLanguage\":\"de\"},{\"@type\":\"Organization\",\"@id\":\"https:\/\/www.konigchain.com\/de\/#organization\",\"name\":\"K\u00f6nig\",\"url\":\"https:\/\/www.konigchain.com\/de\/\",\"logo\":{\"@type\":\"ImageObject\",\"inLanguage\":\"de\",\"@id\":\"https:\/\/www.konigchain.com\/de\/#\/schema\/logo\/image\/\",\"url\":\"https:\/\/www.konigchain.com\/wp-content\/uploads\/2023\/12\/logo-Konig-2016-BG.png\",\"contentUrl\":\"https:\/\/www.konigchain.com\/wp-content\/uploads\/2023\/12\/logo-Konig-2016-BG.png\",\"width\":3508,\"height\":2480,\"caption\":\"K\u00f6nig\"},\"image\":{\"@id\":\"https:\/\/www.konigchain.com\/de\/#\/schema\/logo\/image\/\"}}]}<\/script>\n<!-- \/ Yoast SEO plugin. -->","yoast_head_json":{"title":"Rechtliche Hinweise und Datenschutz - K\u00f6nig","robots":{"index":"index","follow":"follow","max-snippet":"max-snippet:-1","max-image-preview":"max-image-preview:large","max-video-preview":"max-video-preview:-1"},"canonical":"https:\/\/www.konigchain.com\/de\/rechtliche-hinweise-und-datenschutz\/","og_locale":"de_DE","og_type":"article","og_title":"Rechtliche Hinweise und Datenschutz - K\u00f6nig","og_description":"Rechtliche Hinweise und Datenschutz Bitte hier f\u00fcr weitere Infos zu unserer\u00a0Privacy Policy\u00a0klicken Haftungsausschluss Obwohl mit gr\u00f6\u00dfter Sorgfalt vorgegangen wurde, um sicherzustellen, dass die Informationen auf der Website der\u00a0K\u00f6nig\u00a0fehlerfrei sind, stellen wir diese Informationen \u201eohne Gew\u00e4hr\u201c bereit und lehnen jegliche Garantie, ob ausdr\u00fccklich oder stillschweigend, hinsichtlich der Fehlerfreiheit, Vollst\u00e4ndigkeit oder Aktualit\u00e4t der bereitgestellten Informationen ab. Sie [&hellip;]","og_url":"https:\/\/www.konigchain.com\/de\/rechtliche-hinweise-und-datenschutz\/","og_site_name":"K\u00f6nig","article_modified_time":"2025-05-28T13:59:43+00:00","og_image":[{"width":1350,"height":675,"url":"https:\/\/www.konigchain.com\/wp-content\/uploads\/2025\/06\/Konig-snowchains-website.jpg","type":"image\/jpeg"}],"twitter_card":"summary_large_image","twitter_misc":{"Gesch\u00e4tzte Lesezeit":"8\u00a0Minuten"},"schema":{"@context":"https:\/\/schema.org","@graph":[{"@type":"WebPage","@id":"https:\/\/www.konigchain.com\/de\/rechtliche-hinweise-und-datenschutz\/","url":"https:\/\/www.konigchain.com\/de\/rechtliche-hinweise-und-datenschutz\/","name":"Rechtliche Hinweise und Datenschutz - K\u00f6nig","isPartOf":{"@id":"https:\/\/www.konigchain.com\/de\/#website"},"datePublished":"2024-05-16T15:13:50+00:00","dateModified":"2025-05-28T13:59:43+00:00","breadcrumb":{"@id":"https:\/\/www.konigchain.com\/de\/rechtliche-hinweise-und-datenschutz\/#breadcrumb"},"inLanguage":"de","potentialAction":[{"@type":"ReadAction","target":["https:\/\/www.konigchain.com\/de\/rechtliche-hinweise-und-datenschutz\/"]}]},{"@type":"BreadcrumbList","@id":"https:\/\/www.konigchain.com\/de\/rechtliche-hinweise-und-datenschutz\/#breadcrumb","itemListElement":[{"@type":"ListItem","position":1,"name":"Home","item":"https:\/\/www.konigchain.com\/de\/"},{"@type":"ListItem","position":2,"name":"Rechtliche Hinweise und Datenschutz"}]},{"@type":"WebSite","@id":"https:\/\/www.konigchain.com\/de\/#website","url":"https:\/\/www.konigchain.com\/de\/","name":"K\u00f6nig","description":"","publisher":{"@id":"https:\/\/www.konigchain.com\/de\/#organization"},"potentialAction":[{"@type":"SearchAction","target":{"@type":"EntryPoint","urlTemplate":"https:\/\/www.konigchain.com\/de\/?s={search_term_string}"},"query-input":{"@type":"PropertyValueSpecification","valueRequired":true,"valueName":"search_term_string"}}],"inLanguage":"de"},{"@type":"Organization","@id":"https:\/\/www.konigchain.com\/de\/#organization","name":"K\u00f6nig","url":"https:\/\/www.konigchain.com\/de\/","logo":{"@type":"ImageObject","inLanguage":"de","@id":"https:\/\/www.konigchain.com\/de\/#\/schema\/logo\/image\/","url":"https:\/\/www.konigchain.com\/wp-content\/uploads\/2023\/12\/logo-Konig-2016-BG.png","contentUrl":"https:\/\/www.konigchain.com\/wp-content\/uploads\/2023\/12\/logo-Konig-2016-BG.png","width":3508,"height":2480,"caption":"K\u00f6nig"},"image":{"@id":"https:\/\/www.konigchain.com\/de\/#\/schema\/logo\/image\/"}}]}},"_links":{"self":[{"href":"https:\/\/www.konigchain.com\/de\/wp-json\/wp\/v2\/pages\/17934","targetHints":{"allow":["GET"]}}],"collection":[{"href":"https:\/\/www.konigchain.com\/de\/wp-json\/wp\/v2\/pages"}],"about":[{"href":"https:\/\/www.konigchain.com\/de\/wp-json\/wp\/v2\/types\/page"}],"author":[{"embeddable":true,"href":"https:\/\/www.konigchain.com\/de\/wp-json\/wp\/v2\/users\/3"}],"replies":[{"embeddable":true,"href":"https:\/\/www.konigchain.com\/de\/wp-json\/wp\/v2\/comments?post=17934"}],"version-history":[{"count":5,"href":"https:\/\/www.konigchain.com\/de\/wp-json\/wp\/v2\/pages\/17934\/revisions"}],"predecessor-version":[{"id":50975,"href":"https:\/\/www.konigchain.com\/de\/wp-json\/wp\/v2\/pages\/17934\/revisions\/50975"}],"wp:attachment":[{"href":"https:\/\/www.konigchain.com\/de\/wp-json\/wp\/v2\/media?parent=17934"}],"wp:term":[{"taxonomy":"page-category","embeddable":true,"href":"https:\/\/www.konigchain.com\/de\/wp-json\/wp\/v2\/page-category?post=17934"}],"curies":[{"name":"wp","href":"https:\/\/api.w.org\/{rel}","templated":true}]}}