{"id":17993,"date":"2024-05-16T14:53:22","date_gmt":"2024-05-16T12:53:22","guid":{"rendered":"https:\/\/wp1.konigchain.com\/packaging-materials\/"},"modified":"2025-05-28T15:59:43","modified_gmt":"2025-05-28T13:59:43","slug":"verpackungsmaterialien","status":"publish","type":"page","link":"https:\/\/www.konigchain.com\/de\/verpackungsmaterialien\/","title":{"rendered":"Verpackungsmaterialien"},"content":{"rendered":"\t\t<div data-elementor-type=\"wp-page\" data-elementor-id=\"17993\" class=\"elementor elementor-17993 elementor-5651\" data-elementor-post-type=\"page\">\n\t\t\t\t<div class=\"elementor-element elementor-element-569c2a5 e-con-full e-flex e-con e-parent\" data-id=\"569c2a5\" data-element_type=\"container\" data-settings=\"{&quot;background_background&quot;:&quot;classic&quot;,&quot;background_motion_fx_motion_fx_scrolling&quot;:&quot;yes&quot;,&quot;background_motion_fx_devices&quot;:[&quot;desktop&quot;,&quot;tablet_extra&quot;,&quot;tablet&quot;,&quot;mobile&quot;]}\">\n\t\t<div class=\"elementor-element elementor-element-afe144f e-con-full e-flex e-con e-child\" data-id=\"afe144f\" data-element_type=\"container\" data-settings=\"{&quot;background_background&quot;:&quot;classic&quot;,&quot;background_motion_fx_motion_fx_scrolling&quot;:&quot;yes&quot;,&quot;background_motion_fx_translateY_effect&quot;:&quot;yes&quot;,&quot;background_motion_fx_translateY_speed&quot;:{&quot;unit&quot;:&quot;px&quot;,&quot;size&quot;:4,&quot;sizes&quot;:[]},&quot;background_motion_fx_translateY_affectedRange&quot;:{&quot;unit&quot;:&quot;%&quot;,&quot;size&quot;:&quot;&quot;,&quot;sizes&quot;:{&quot;start&quot;:0,&quot;end&quot;:100}},&quot;background_motion_fx_devices&quot;:[&quot;desktop&quot;,&quot;tablet_extra&quot;,&quot;tablet&quot;,&quot;mobile&quot;]}\">\n\t\t\t\t<div class=\"elementor-element elementor-element-703cab1 elementor-widget elementor-widget-heading\" data-id=\"703cab1\" data-element_type=\"widget\" data-widget_type=\"heading.default\">\n\t\t\t\t\t<h1 class=\"elementor-heading-title elementor-size-default\">Verpackungs material<\/h1>\t\t\t\t<\/div>\n\t\t\t\t<div class=\"elementor-element elementor-element-7b0dfb4 elementor-widget__width-initial elementor-widget elementor-widget-heading\" data-id=\"7b0dfb4\" data-element_type=\"widget\" data-widget_type=\"heading.default\">\n\t\t\t\t\t<h2 class=\"elementor-heading-title elementor-size-default\">Recycling und Endverbleib<\/h2>\t\t\t\t<\/div>\n\t\t\t\t<\/div>\n\t\t\t\t<div class=\"elementor-element elementor-element-c19c5f9 elementor-view-stacked elementor-shape-square elementor-invisible elementor-widget elementor-widget-icon\" data-id=\"c19c5f9\" data-element_type=\"widget\" data-settings=\"{&quot;motion_fx_motion_fx_scrolling&quot;:&quot;yes&quot;,&quot;_animation&quot;:&quot;bounceIn&quot;,&quot;motion_fx_devices&quot;:[&quot;desktop&quot;,&quot;tablet&quot;],&quot;_animation_delay&quot;:10}\" data-widget_type=\"icon.default\">\n\t\t\t\t\t\t\t<div class=\"elementor-icon-wrapper\">\n\t\t\t<a class=\"elementor-icon\" href=\"#scroll-down\">\n\t\t\t<svg aria-hidden=\"true\" class=\"e-font-icon-svg e-fas-arrow-down\" viewBox=\"0 0 448 512\" xmlns=\"http:\/\/www.w3.org\/2000\/svg\"><path d=\"M413.1 222.5l22.2 22.2c9.4 9.4 9.4 24.6 0 33.9L241 473c-9.4 9.4-24.6 9.4-33.9 0L12.7 278.6c-9.4-9.4-9.4-24.6 0-33.9l22.2-22.2c9.5-9.5 25-9.3 34.3.4L184 343.4V56c0-13.3 10.7-24 24-24h32c13.3 0 24 10.7 24 24v287.4l114.8-120.5c9.3-9.8 24.8-10 34.3-.4z\"><\/path><\/svg>\t\t\t<\/a>\n\t\t<\/div>\n\t\t\t\t\t\t<\/div>\n\t\t\t\t<div class=\"elementor-element elementor-element-97a3ea5 elementor-widget elementor-widget-menu-anchor\" data-id=\"97a3ea5\" data-element_type=\"widget\" data-widget_type=\"menu-anchor.default\">\n\t\t\t\t\t\t\t<div class=\"elementor-menu-anchor\" id=\"scroll-down\"><\/div>\n\t\t\t\t\t\t<\/div>\n\t\t\t\t<\/div>\n\t\t<div class=\"elementor-element elementor-element-27fdb727 e-flex e-con-boxed e-con e-parent\" data-id=\"27fdb727\" data-element_type=\"container\">\n\t\t\t\t\t<div class=\"e-con-inner\">\n\t\t\t\t<div class=\"elementor-element elementor-element-082718a elementor-view-default elementor-widget elementor-widget-global elementor-global-2531 elementor-widget-icon\" data-id=\"082718a\" data-element_type=\"widget\" data-widget_type=\"icon.default\">\n\t\t\t\t\t\t\t<div class=\"elementor-icon-wrapper\">\n\t\t\t<div class=\"elementor-icon\">\n\t\t\t<svg xmlns=\"http:\/\/www.w3.org\/2000\/svg\" xmlns:xlink=\"http:\/\/www.w3.org\/1999\/xlink\" id=\"Livello_1\" data-name=\"Livello 1\" viewBox=\"0 0 498.73 352.99\"><defs><style>      .cls-1 {        fill: none;      }      .cls-1, .cls-2 {        stroke-width: 0px;      }      .cls-3 {        clip-path: url(#clippath);      }      .cls-2 {        fill: #1d1d1b;      }    <\/style><clipPath id=\"clippath\"><rect class=\"cls-1\" x=\"0\" width=\"498.73\" height=\"352.99\"><\/rect><\/clipPath><\/defs><g class=\"cls-3\"><path class=\"cls-2\" d=\"M367.64,210.53h77.93l41.86-127.64c.21-.7.29-2.29.32-2.89l.15-1.37c-.18-3.58-1.83-6.93-4.57-9.27-3.84-3.27-9.17-4.04-13.74-2.04l-79.97,62.51L259.79,15.87c-2.92-3.31-6.53-5.07-10.43-5.07s-7.39,1.65-9.87,4.51l-.52.52-129.88,114L28.25,66.79c-3.45-1.32-8.79-.89-12.85,2.57-2.86,2.44-4.53,5.98-4.59,9.73l.04.41c.18,1.73.3,2.88.52,3.63l32.57,127.4h80.7c3.07-8.46,7.57-14.87,13.98-19.99,15.06-11.29,33.9-13.7,106.23-13.7,77.99,0,111.98,0,122.78,33.69M453.4,221.34h-94.07l-1.02-4.11c-7.04-28.41-29.33-29.58-113.45-29.58-67.79,0-87.34,2.25-99.61,11.44-5.48,4.38-9.07,10.07-11.5,18.36l-1.14,3.88H35.56L.97,86.03c-.46-1.51-.64-3.23-.86-5.41L0,79.36c-.01-7.02,3.04-13.67,8.39-18.22,7.03-6,17.05-7.59,24.9-3.94l1.05.64,74.36,57.98L231.58,7.95c4.52-5.06,10.98-7.95,17.78-7.95s13.36,3,18.29,8.46l122.38,107.37h0s74.35-58,74.35-58c8.54-4.15,18.73-2.86,25.96,3.31,5.23,4.46,8.28,10.95,8.38,17.82v.49s-.18,1.05-.18,1.05c-.12,2.02-.29,3.88-.81,5.6l-44.35,135.23ZM46.97,253.13c.96,10.32,2.47,17.55,4.62,25.82,7.75,29.69,22.86,44.9,53.91,54.25,24.37,7.14,51.49,8.99,131.84,8.99,87.83,0,114.4-.9,135.4-4.57,43.07-8.15,62.18-29.26,68.05-75.26.36-2.47.68-5.56.97-9.22h-74.27c-10.8,33.68-44.79,33.68-122.77,33.68-71.52,0-91.33-2.52-105.97-13.5-6.6-5.26-11.16-11.71-14.24-20.17H46.97ZM237.34,352.99c-81.59,0-109.32-1.94-134.92-9.43-34.35-10.34-52.67-28.84-61.29-61.88-2.69-10.36-4.44-19.17-5.4-33.59l-.39-5.76h97.11l1.13,3.88c2.43,8.29,6.06,14.01,11.76,18.55,12.03,9.02,31.56,11.24,99.36,11.24,84.11,0,106.41-1.17,113.44-29.58l1.02-4.1h94.11l-.35,5.73c-.39,6.58-.88,11.87-1.43,15.75-6.41,50.19-29.39,75.47-76.84,84.45-21.81,3.81-48.75,4.74-137.33,4.74\"><\/path><\/g><\/svg>\t\t\t<\/div>\n\t\t<\/div>\n\t\t\t\t\t\t<\/div>\n\t\t\t\t<div class=\"elementor-element elementor-element-f17f7cb elementor-widget elementor-widget-heading\" data-id=\"f17f7cb\" data-element_type=\"widget\" data-widget_type=\"heading.default\">\n\t\t\t\t\t<h2 class=\"elementor-heading-title elementor-size-default\"><h2 style=\"font-weight: var( --e-global-typography-secondary-font-weight );font-size: var( --e-global-typography-secondary-font-size );letter-spacing: var( --e-global-typography-secondary-letter-spacing )\">Verpackungsmaterialien<\/h2><\/h2>\t\t\t\t<\/div>\n\t\t\t\t<div class=\"elementor-element elementor-element-6b4536f7 elementor-widget elementor-widget-text-editor\" data-id=\"6b4536f7\" data-element_type=\"widget\" data-widget_type=\"text-editor.default\">\n\t\t\t\t\t\t\t\t\t<p><\/p>\n<blockquote>\n<blockquote>\n<p>Auf dieser Seite finden Sie Informationen zu den Materialien, die f\u00fcr die Verpackung und Auslieferung von K\u00f6nig Schneeketten verwendet werden.<\/p>\n<p><strong>Information f\u00fcr Endverbraucher:<\/strong> Bestimmung verschiedener Verpackungsmaterialien f\u00fcr Endprodukte<\/p>\n<\/blockquote>\n<p>Consumer-Schneeketten: K\u00f6nig K-Summit Familie<\/p>\n<figure class=\"wp-block-table\">\n<table>\n<tbody>\n<tr>\n<td>\n<p><strong>Verpackung<\/strong><\/p>\n<\/td>\n<td>\n<p><strong>Material<\/strong><\/p>\n<\/td>\n<td><strong>Abk\u00fcrzung<\/strong><\/td>\n<td><strong>Code<\/strong><\/td>\n<\/tr>\n<tr>\n<td>Produkt-\u00dcberkarton<\/td>\n<td>Wellpappe\u00a0<\/td>\n<td>PAP<\/td>\n<td>20<\/td>\n<\/tr>\n<tr>\n<td>Ersatzteilpaket<\/td>\n<td>Polyethylen niedriger Dichte<\/td>\n<td>LDPE<\/td>\n<td>4<\/td>\n<\/tr>\n<\/tbody>\n<\/table>\n<\/figure>\n<p>Consumer-Schneeketten: K\u00f6nig Easy-Fit Familie<\/p>\n<figure class=\"wp-block-table\">\n<table>\n<tbody>\n<tr>\n<td><strong>Verpackung<\/strong><\/td>\n<td><strong>Material<\/strong><\/td>\n<td><strong>Abk\u00fcrzung<\/strong><\/td>\n<td><strong>Code<\/strong><\/td>\n<\/tr>\n<tr>\n<td>Produkt-\u00dcberkarton<\/td>\n<td>Wellpappe<\/td>\n<td>PAP<\/td>\n<td>20<\/td>\n<\/tr>\n<tr>\n<td>Ersatzteilpaket<\/td>\n<td>Polyethylen niedriger Dichte<\/td>\n<td>LDPE<\/td>\n<td>4<\/td>\n<\/tr>\n<\/tbody>\n<\/table>\n<\/figure>\n<p>Consumer-Schneeketten: K\u00f6nig Schneeketten mit manueller und automatischer Abspannung<\/p>\n<figure class=\"wp-block-table\">\n<table>\n<tbody>\n<tr>\n<td><strong>Verpackung<\/strong><\/td>\n<td><strong>Material<\/strong><\/td>\n<td><strong>Abk\u00fcrzung<\/strong><\/td>\n<td><strong>Code<\/strong><\/td>\n<\/tr>\n<tr>\n<td>Ersatzteilpaket<\/td>\n<td>Polyethylen niedriger Dichte<\/td>\n<td>LDPE<\/td>\n<td>4<\/td>\n<\/tr>\n<\/tbody>\n<\/table>\n<\/figure>\n<p>Professional-Schneeketten: K\u00f6nig Schneeketten verpackt in S\u00e4cken<\/p>\n<figure class=\"wp-block-table\">\n<table>\n<tbody>\n<tr>\n<td><strong>Verpackung<\/strong><\/td>\n<td><strong>Material<\/strong><\/td>\n<td><strong>Abk\u00fcrzung<\/strong><\/td>\n<td><strong>Code<\/strong><\/td>\n<\/tr>\n<tr>\n<td>Ersatzteilpaket<\/td>\n<td>Polyethylen niedriger Dichte<\/td>\n<td>LDPE<\/td>\n<td>4<\/td>\n<\/tr>\n<\/tbody>\n<\/table>\n<\/figure>\n<p>Professional-Schneeketten: K\u00f6nig Schneeketten verpackt in Kartonboxen<\/p>\n<figure class=\"wp-block-table\">\n<table>\n<tbody>\n<tr>\n<td><strong>Verpackung<\/strong><\/td>\n<td><strong>Material<\/strong><\/td>\n<td><strong>Abk\u00fcrzung<\/strong><\/td>\n<td><strong>Code<\/strong><\/td>\n<\/tr>\n<tr>\n<td>Produkt-\u00dcberkarton<\/td>\n<td>Wellpappe<\/td>\n<td>PAP<\/td>\n<td>20<\/td>\n<\/tr>\n<tr>\n<td>Ersatzteilpaket<\/td>\n<td>Polyethylen niedriger Dichte<\/td>\n<td>LDPE<\/td>\n<td>4<\/td>\n<\/tr>\n<\/tbody>\n<\/table>\n<\/figure>\n<p>Professional-Schneeketten: K\u00f6nig Schneeketten verpackt in Holzkiste<\/p>\n<figure class=\"wp-block-table\">\n<table>\n<tbody>\n<tr>\n<td><strong>Verpackung<\/strong><\/td>\n<td><strong>Material<\/strong><\/td>\n<td><strong>Abk\u00fcrzung<\/strong><\/td>\n<td><strong>Code<\/strong><\/td>\n<\/tr>\n<tr>\n<td>Wooden box<\/td>\n<td>Holz<\/td>\n<td>FOR<\/td>\n<td>50<\/td>\n<\/tr>\n<tr>\n<td>Ersatzteilpaket<\/td>\n<td>Polyethylen niedriger Dichte<\/td>\n<td>LDPE<\/td>\n<td>4<\/td>\n<\/tr>\n<\/tbody>\n<\/table>\n<\/figure>\n<p><strong>Information f\u00fcr H\u00e4ndler:\u00a0<\/strong>Bestimmung der verschiedenen Materialien, die f\u00fcr den Versand von K\u00f6nig Schneeketten verwendet werden.<\/p>\n<figure class=\"wp-block-table\">\n<table>\n<tbody>\n<tr>\n<td>\n<p><strong>Verpackung<\/strong><\/p>\n<\/td>\n<td><strong>Material<\/strong><\/td>\n<td><strong>Abk\u00fcrzung<\/strong><\/td>\n<td><strong>Code<\/strong><\/td>\n<\/tr>\n<tr>\n<td>Produkt-\u00dcberkarton<\/td>\n<td>Wellpappe<\/td>\n<td>PAP<\/td>\n<td>20<\/td>\n<\/tr>\n<tr>\n<td>Holzkiste<\/td>\n<td>Holz<\/td>\n<td>FOR<\/td>\n<td>50<\/td>\n<\/tr>\n<tr>\n<td rowspan=\"2\">Stretchfolie<\/td>\n<td rowspan=\"2\">Polyethylen hoher Dichte<\/td>\n<td>HDPE<\/td>\n<td>2<\/td>\n<\/tr>\n<tr>\n<td>LDPE<\/td>\n<td>4<\/td>\n<\/tr>\n<\/tbody>\n<\/table>\n<\/figure>\n<\/blockquote>\n<p><\/p>\t\t\t\t\t\t\t\t<\/div>\n\t\t\t\t\t<\/div>\n\t\t\t\t<\/div>\n\t\t\t\t<\/div>\n\t\t","protected":false},"excerpt":{"rendered":"<p>Verpackungs material Recycling und Endverbleib Verpackungsmaterialien Auf dieser Seite finden Sie Informationen zu den Materialien, die f\u00fcr die Verpackung und Auslieferung von K\u00f6nig Schneeketten verwendet werden. Information f\u00fcr Endverbraucher: Bestimmung verschiedener Verpackungsmaterialien f\u00fcr Endprodukte Consumer-Schneeketten: K\u00f6nig K-Summit Familie Verpackung Material Abk\u00fcrzung Code Produkt-\u00dcberkarton Wellpappe\u00a0 PAP 20 Ersatzteilpaket Polyethylen niedriger Dichte LDPE 4 Consumer-Schneeketten: K\u00f6nig Easy-Fit [&hellip;]<\/p>\n","protected":false},"author":3,"featured_media":0,"parent":0,"menu_order":0,"comment_status":"closed","ping_status":"closed","template":"","meta":{"_acf_changed":false,"footnotes":""},"page-category":[1550],"class_list":["post-17993","page","type-page","status-publish","hentry","page-category-b2c"],"acf":[],"yoast_head":"<!-- This site is optimized with the Yoast SEO plugin v26.8 - https:\/\/yoast.com\/product\/yoast-seo-wordpress\/ -->\n<title>Verpackungsmaterialien - K\u00f6nig<\/title>\n<meta name=\"robots\" content=\"index, follow, max-snippet:-1, max-image-preview:large, max-video-preview:-1\" \/>\n<link rel=\"canonical\" href=\"https:\/\/www.konigchain.com\/de\/verpackungsmaterialien\/\" \/>\n<meta property=\"og:locale\" content=\"de_DE\" \/>\n<meta property=\"og:type\" content=\"article\" \/>\n<meta property=\"og:title\" content=\"Verpackungsmaterialien - K\u00f6nig\" \/>\n<meta property=\"og:description\" content=\"Verpackungs material Recycling und Endverbleib Verpackungsmaterialien Auf dieser Seite finden Sie Informationen zu den Materialien, die f\u00fcr die Verpackung und Auslieferung von K\u00f6nig Schneeketten verwendet werden. Information f\u00fcr Endverbraucher: Bestimmung verschiedener Verpackungsmaterialien f\u00fcr Endprodukte Consumer-Schneeketten: K\u00f6nig K-Summit Familie Verpackung Material Abk\u00fcrzung Code Produkt-\u00dcberkarton Wellpappe\u00a0 PAP 20 Ersatzteilpaket Polyethylen niedriger Dichte LDPE 4 Consumer-Schneeketten: K\u00f6nig Easy-Fit [&hellip;]\" \/>\n<meta property=\"og:url\" content=\"https:\/\/www.konigchain.com\/de\/verpackungsmaterialien\/\" \/>\n<meta property=\"og:site_name\" content=\"K\u00f6nig\" \/>\n<meta property=\"article:modified_time\" content=\"2025-05-28T13:59:43+00:00\" \/>\n<meta property=\"og:image\" content=\"https:\/\/www.konigchain.com\/wp-content\/uploads\/2025\/06\/Konig-snowchains-website.jpg\" \/>\n\t<meta property=\"og:image:width\" content=\"1350\" \/>\n\t<meta property=\"og:image:height\" content=\"675\" \/>\n\t<meta property=\"og:image:type\" content=\"image\/jpeg\" \/>\n<meta name=\"twitter:card\" content=\"summary_large_image\" \/>\n<meta name=\"twitter:label1\" content=\"Gesch\u00e4tzte Lesezeit\" \/>\n\t<meta name=\"twitter:data1\" content=\"1\u00a0Minute\" \/>\n<script type=\"application\/ld+json\" class=\"yoast-schema-graph\">{\"@context\":\"https:\/\/schema.org\",\"@graph\":[{\"@type\":\"WebPage\",\"@id\":\"https:\/\/www.konigchain.com\/de\/verpackungsmaterialien\/\",\"url\":\"https:\/\/www.konigchain.com\/de\/verpackungsmaterialien\/\",\"name\":\"Verpackungsmaterialien - K\u00f6nig\",\"isPartOf\":{\"@id\":\"https:\/\/www.konigchain.com\/de\/#website\"},\"datePublished\":\"2024-05-16T12:53:22+00:00\",\"dateModified\":\"2025-05-28T13:59:43+00:00\",\"breadcrumb\":{\"@id\":\"https:\/\/www.konigchain.com\/de\/verpackungsmaterialien\/#breadcrumb\"},\"inLanguage\":\"de\",\"potentialAction\":[{\"@type\":\"ReadAction\",\"target\":[\"https:\/\/www.konigchain.com\/de\/verpackungsmaterialien\/\"]}]},{\"@type\":\"BreadcrumbList\",\"@id\":\"https:\/\/www.konigchain.com\/de\/verpackungsmaterialien\/#breadcrumb\",\"itemListElement\":[{\"@type\":\"ListItem\",\"position\":1,\"name\":\"Home\",\"item\":\"https:\/\/www.konigchain.com\/de\/\"},{\"@type\":\"ListItem\",\"position\":2,\"name\":\"Verpackungsmaterialien\"}]},{\"@type\":\"WebSite\",\"@id\":\"https:\/\/www.konigchain.com\/de\/#website\",\"url\":\"https:\/\/www.konigchain.com\/de\/\",\"name\":\"K\u00f6nig\",\"description\":\"\",\"publisher\":{\"@id\":\"https:\/\/www.konigchain.com\/de\/#organization\"},\"potentialAction\":[{\"@type\":\"SearchAction\",\"target\":{\"@type\":\"EntryPoint\",\"urlTemplate\":\"https:\/\/www.konigchain.com\/de\/?s={search_term_string}\"},\"query-input\":{\"@type\":\"PropertyValueSpecification\",\"valueRequired\":true,\"valueName\":\"search_term_string\"}}],\"inLanguage\":\"de\"},{\"@type\":\"Organization\",\"@id\":\"https:\/\/www.konigchain.com\/de\/#organization\",\"name\":\"K\u00f6nig\",\"url\":\"https:\/\/www.konigchain.com\/de\/\",\"logo\":{\"@type\":\"ImageObject\",\"inLanguage\":\"de\",\"@id\":\"https:\/\/www.konigchain.com\/de\/#\/schema\/logo\/image\/\",\"url\":\"https:\/\/www.konigchain.com\/wp-content\/uploads\/2023\/12\/logo-Konig-2016-BG.png\",\"contentUrl\":\"https:\/\/www.konigchain.com\/wp-content\/uploads\/2023\/12\/logo-Konig-2016-BG.png\",\"width\":3508,\"height\":2480,\"caption\":\"K\u00f6nig\"},\"image\":{\"@id\":\"https:\/\/www.konigchain.com\/de\/#\/schema\/logo\/image\/\"}}]}<\/script>\n<!-- \/ Yoast SEO plugin. -->","yoast_head_json":{"title":"Verpackungsmaterialien - K\u00f6nig","robots":{"index":"index","follow":"follow","max-snippet":"max-snippet:-1","max-image-preview":"max-image-preview:large","max-video-preview":"max-video-preview:-1"},"canonical":"https:\/\/www.konigchain.com\/de\/verpackungsmaterialien\/","og_locale":"de_DE","og_type":"article","og_title":"Verpackungsmaterialien - K\u00f6nig","og_description":"Verpackungs material Recycling und Endverbleib Verpackungsmaterialien Auf dieser Seite finden Sie Informationen zu den Materialien, die f\u00fcr die Verpackung und Auslieferung von K\u00f6nig Schneeketten verwendet werden. Information f\u00fcr Endverbraucher: Bestimmung verschiedener Verpackungsmaterialien f\u00fcr Endprodukte Consumer-Schneeketten: K\u00f6nig K-Summit Familie Verpackung Material Abk\u00fcrzung Code Produkt-\u00dcberkarton Wellpappe\u00a0 PAP 20 Ersatzteilpaket Polyethylen niedriger Dichte LDPE 4 Consumer-Schneeketten: K\u00f6nig Easy-Fit [&hellip;]","og_url":"https:\/\/www.konigchain.com\/de\/verpackungsmaterialien\/","og_site_name":"K\u00f6nig","article_modified_time":"2025-05-28T13:59:43+00:00","og_image":[{"width":1350,"height":675,"url":"https:\/\/www.konigchain.com\/wp-content\/uploads\/2025\/06\/Konig-snowchains-website.jpg","type":"image\/jpeg"}],"twitter_card":"summary_large_image","twitter_misc":{"Gesch\u00e4tzte Lesezeit":"1\u00a0Minute"},"schema":{"@context":"https:\/\/schema.org","@graph":[{"@type":"WebPage","@id":"https:\/\/www.konigchain.com\/de\/verpackungsmaterialien\/","url":"https:\/\/www.konigchain.com\/de\/verpackungsmaterialien\/","name":"Verpackungsmaterialien - K\u00f6nig","isPartOf":{"@id":"https:\/\/www.konigchain.com\/de\/#website"},"datePublished":"2024-05-16T12:53:22+00:00","dateModified":"2025-05-28T13:59:43+00:00","breadcrumb":{"@id":"https:\/\/www.konigchain.com\/de\/verpackungsmaterialien\/#breadcrumb"},"inLanguage":"de","potentialAction":[{"@type":"ReadAction","target":["https:\/\/www.konigchain.com\/de\/verpackungsmaterialien\/"]}]},{"@type":"BreadcrumbList","@id":"https:\/\/www.konigchain.com\/de\/verpackungsmaterialien\/#breadcrumb","itemListElement":[{"@type":"ListItem","position":1,"name":"Home","item":"https:\/\/www.konigchain.com\/de\/"},{"@type":"ListItem","position":2,"name":"Verpackungsmaterialien"}]},{"@type":"WebSite","@id":"https:\/\/www.konigchain.com\/de\/#website","url":"https:\/\/www.konigchain.com\/de\/","name":"K\u00f6nig","description":"","publisher":{"@id":"https:\/\/www.konigchain.com\/de\/#organization"},"potentialAction":[{"@type":"SearchAction","target":{"@type":"EntryPoint","urlTemplate":"https:\/\/www.konigchain.com\/de\/?s={search_term_string}"},"query-input":{"@type":"PropertyValueSpecification","valueRequired":true,"valueName":"search_term_string"}}],"inLanguage":"de"},{"@type":"Organization","@id":"https:\/\/www.konigchain.com\/de\/#organization","name":"K\u00f6nig","url":"https:\/\/www.konigchain.com\/de\/","logo":{"@type":"ImageObject","inLanguage":"de","@id":"https:\/\/www.konigchain.com\/de\/#\/schema\/logo\/image\/","url":"https:\/\/www.konigchain.com\/wp-content\/uploads\/2023\/12\/logo-Konig-2016-BG.png","contentUrl":"https:\/\/www.konigchain.com\/wp-content\/uploads\/2023\/12\/logo-Konig-2016-BG.png","width":3508,"height":2480,"caption":"K\u00f6nig"},"image":{"@id":"https:\/\/www.konigchain.com\/de\/#\/schema\/logo\/image\/"}}]}},"_links":{"self":[{"href":"https:\/\/www.konigchain.com\/de\/wp-json\/wp\/v2\/pages\/17993","targetHints":{"allow":["GET"]}}],"collection":[{"href":"https:\/\/www.konigchain.com\/de\/wp-json\/wp\/v2\/pages"}],"about":[{"href":"https:\/\/www.konigchain.com\/de\/wp-json\/wp\/v2\/types\/page"}],"author":[{"embeddable":true,"href":"https:\/\/www.konigchain.com\/de\/wp-json\/wp\/v2\/users\/3"}],"replies":[{"embeddable":true,"href":"https:\/\/www.konigchain.com\/de\/wp-json\/wp\/v2\/comments?post=17993"}],"version-history":[{"count":5,"href":"https:\/\/www.konigchain.com\/de\/wp-json\/wp\/v2\/pages\/17993\/revisions"}],"predecessor-version":[{"id":53430,"href":"https:\/\/www.konigchain.com\/de\/wp-json\/wp\/v2\/pages\/17993\/revisions\/53430"}],"wp:attachment":[{"href":"https:\/\/www.konigchain.com\/de\/wp-json\/wp\/v2\/media?parent=17993"}],"wp:term":[{"taxonomy":"page-category","embeddable":true,"href":"https:\/\/www.konigchain.com\/de\/wp-json\/wp\/v2\/page-category?post=17993"}],"curies":[{"name":"wp","href":"https:\/\/api.w.org\/{rel}","templated":true}]}}