{"id":17092,"date":"2024-04-25T17:24:39","date_gmt":"2024-04-25T15:24:39","guid":{"rendered":"https:\/\/wp1.konigchain.com\/snow-chains-configurator\/"},"modified":"2025-07-14T10:01:45","modified_gmt":"2025-07-14T08:01:45","slug":"configurateurs-de-chaines-a-neige","status":"publish","type":"page","link":"https:\/\/www.konigchain.com\/fr\/configurateurs-de-chaines-a-neige\/","title":{"rendered":"Configurateur"},"content":{"rendered":"\t\t<div data-elementor-type=\"wp-page\" data-elementor-id=\"17092\" class=\"elementor elementor-17092 elementor-2916\" data-elementor-post-type=\"page\">\n\t\t\t\t<div class=\"elementor-element elementor-element-0125f90 e-con-full e-flex e-con e-parent\" data-id=\"0125f90\" data-element_type=\"container\" data-settings=\"{&quot;background_background&quot;:&quot;classic&quot;,&quot;background_motion_fx_motion_fx_scrolling&quot;:&quot;yes&quot;,&quot;background_motion_fx_devices&quot;:[&quot;desktop&quot;,&quot;tablet_extra&quot;,&quot;tablet&quot;,&quot;mobile&quot;]}\">\n\t\t<div class=\"elementor-element elementor-element-315f7c8 e-con-full e-flex e-con e-child\" data-id=\"315f7c8\" data-element_type=\"container\" data-settings=\"{&quot;background_background&quot;:&quot;classic&quot;,&quot;background_motion_fx_motion_fx_scrolling&quot;:&quot;yes&quot;,&quot;background_motion_fx_translateY_effect&quot;:&quot;yes&quot;,&quot;background_motion_fx_translateY_speed&quot;:{&quot;unit&quot;:&quot;px&quot;,&quot;size&quot;:4,&quot;sizes&quot;:[]},&quot;background_motion_fx_translateY_affectedRange&quot;:{&quot;unit&quot;:&quot;%&quot;,&quot;size&quot;:&quot;&quot;,&quot;sizes&quot;:{&quot;start&quot;:0,&quot;end&quot;:100}},&quot;background_motion_fx_devices&quot;:[&quot;desktop&quot;,&quot;tablet_extra&quot;,&quot;tablet&quot;,&quot;mobile&quot;]}\">\n\t\t\t\t<div class=\"elementor-element elementor-element-8a39957 elementor-widget elementor-widget-heading\" data-id=\"8a39957\" data-element_type=\"widget\" data-widget_type=\"heading.default\">\n\t\t\t\t\t<h1 class=\"elementor-heading-title elementor-size-default\">Configurateurs de cha\u00eenes \u00e0 neige\u200b<\/h1>\t\t\t\t<\/div>\n\t\t\t\t<div class=\"elementor-element elementor-element-11fc955 elementor-widget__width-initial elementor-widget elementor-widget-heading\" data-id=\"11fc955\" data-element_type=\"widget\" data-widget_type=\"heading.default\">\n\t\t\t\t\t<h2 class=\"elementor-heading-title elementor-size-default\">d\u00e9couvrez les cha\u00eenes \u00e0 neige id\u00e9ales\u200b<\/h2>\t\t\t\t<\/div>\n\t\t\t\t<\/div>\n\t\t\t\t<div class=\"elementor-element elementor-element-3c58874 elementor-view-stacked elementor-shape-square elementor-invisible elementor-widget elementor-widget-icon\" data-id=\"3c58874\" data-element_type=\"widget\" data-settings=\"{&quot;motion_fx_motion_fx_scrolling&quot;:&quot;yes&quot;,&quot;_animation&quot;:&quot;bounceIn&quot;,&quot;motion_fx_devices&quot;:[&quot;desktop&quot;,&quot;tablet&quot;],&quot;_animation_delay&quot;:10}\" data-widget_type=\"icon.default\">\n\t\t\t\t\t\t\t<div class=\"elementor-icon-wrapper\">\n\t\t\t<a class=\"elementor-icon\" href=\"#scroll-down\">\n\t\t\t<svg aria-hidden=\"true\" class=\"e-font-icon-svg e-fas-arrow-down\" viewBox=\"0 0 448 512\" xmlns=\"http:\/\/www.w3.org\/2000\/svg\"><path d=\"M413.1 222.5l22.2 22.2c9.4 9.4 9.4 24.6 0 33.9L241 473c-9.4 9.4-24.6 9.4-33.9 0L12.7 278.6c-9.4-9.4-9.4-24.6 0-33.9l22.2-22.2c9.5-9.5 25-9.3 34.3.4L184 343.4V56c0-13.3 10.7-24 24-24h32c13.3 0 24 10.7 24 24v287.4l114.8-120.5c9.3-9.8 24.8-10 34.3-.4z\"><\/path><\/svg>\t\t\t<\/a>\n\t\t<\/div>\n\t\t\t\t\t\t<\/div>\n\t\t\t\t<div class=\"elementor-element elementor-element-02da4e5 elementor-widget elementor-widget-menu-anchor\" data-id=\"02da4e5\" data-element_type=\"widget\" data-widget_type=\"menu-anchor.default\">\n\t\t\t\t\t\t\t<div class=\"elementor-menu-anchor\" id=\"scroll-down\"><\/div>\n\t\t\t\t\t\t<\/div>\n\t\t\t\t<\/div>\n\t\t<div class=\"elementor-element elementor-element-23f967de e-flex e-con-boxed e-con e-parent\" data-id=\"23f967de\" data-element_type=\"container\">\n\t\t\t\t\t<div class=\"e-con-inner\">\n\t\t\t\t<div class=\"elementor-element elementor-element-050ff18 elementor-widget elementor-widget-text-editor\" data-id=\"050ff18\" data-element_type=\"widget\" data-widget_type=\"text-editor.default\">\n\t\t\t\t\t\t\t\t\t<p>Les configurateurs de cha\u00eenes \u00e0 neige K\u00f6nig permettent de s\u00e9lectionner les cha\u00eenes \u00e0 neige les mieux adapt\u00e9es \u00e0 vos besoins, en tenant compte du v\u00e9hicule, de la taille des pneus et des \u00e9ventuelles restrictions g\u00e9n\u00e9r\u00e9es par la combinaison de ces deux \u00e9l\u00e9ments.<\/p><p>Les r\u00e9sultats de nos configurateurs sont bas\u00e9s sur des tests internes qui sont r\u00e9guli\u00e8rement effectu\u00e9s sur des v\u00e9hicules et des pneus afin de garantir la meilleure adaptation possible. Si votre v\u00e9hicule ou la taille de vos pneus (ou les deux) n&rsquo;apparaissent pas sur nos configurateurs, veuillez contacter notre service par le biais de notre <a href=\"https:\/\/www.konigchain.com\/fr\/contacts\/\">formulaire de contact<\/a>.<\/p><p>S\u00e9lectionnez d&rsquo;abord le segment pour lequel vous souhaitez configurer vos cha\u00eenes \u00e0 neige.<\/p>\t\t\t\t\t\t\t\t<\/div>\n\t\t\t\t\t<\/div>\n\t\t\t\t<\/div>\n\t\t<div class=\"elementor-element elementor-element-2cbbe2b e-con-full e-flex e-con e-parent\" data-id=\"2cbbe2b\" data-element_type=\"container\" data-settings=\"{&quot;background_background&quot;:&quot;classic&quot;}\">\n\t\t<div class=\"elementor-element elementor-element-d2c88b1 e-con-full e-flex e-con e-child\" data-id=\"d2c88b1\" data-element_type=\"container\" data-settings=\"{&quot;background_background&quot;:&quot;classic&quot;,&quot;background_motion_fx_motion_fx_scrolling&quot;:&quot;yes&quot;,&quot;background_motion_fx_translateY_effect&quot;:&quot;yes&quot;,&quot;background_motion_fx_translateY_speed&quot;:{&quot;unit&quot;:&quot;px&quot;,&quot;size&quot;:4,&quot;sizes&quot;:[]},&quot;background_motion_fx_translateY_affectedRange&quot;:{&quot;unit&quot;:&quot;%&quot;,&quot;size&quot;:&quot;&quot;,&quot;sizes&quot;:{&quot;start&quot;:0,&quot;end&quot;:100}},&quot;background_motion_fx_devices&quot;:[&quot;desktop&quot;,&quot;tablet_extra&quot;,&quot;tablet&quot;,&quot;mobile&quot;]}\">\n\t\t\t\t<\/div>\n\t\t<div class=\"elementor-element elementor-element-32a79df e-con-full e-flex e-con e-child\" data-id=\"32a79df\" data-element_type=\"container\">\n\t\t\t\t<div class=\"elementor-element elementor-element-11b55980 elementor-widget-divider--view-line elementor-widget elementor-widget-divider\" data-id=\"11b55980\" data-element_type=\"widget\" data-widget_type=\"divider.default\">\n\t\t\t\t\t\t\t<div class=\"elementor-divider\">\n\t\t\t<span class=\"elementor-divider-separator\">\n\t\t\t\t\t\t<\/span>\n\t\t<\/div>\n\t\t\t\t\t\t<\/div>\n\t\t\t\t<div class=\"elementor-element elementor-element-377f59c7 elementor-widget elementor-widget-heading\" data-id=\"377f59c7\" data-element_type=\"widget\" data-widget_type=\"heading.default\">\n\t\t\t\t\t<h2 class=\"elementor-heading-title elementor-size-default\">Configurateur de cha\u00eenes \u00e0 neige pour les particuliers<\/h2>\t\t\t\t<\/div>\n\t\t\t\t<div class=\"elementor-element elementor-element-697ba03c elementor-widget elementor-widget-text-editor\" data-id=\"697ba03c\" data-element_type=\"widget\" data-widget_type=\"text-editor.default\">\n\t\t\t\t\t\t\t\t\t<p style=\"text-align: center;\">D\u00e9couvrez les cha\u00eenes \u00e0 neige compatibles avec votre voiture, crossover, SUV, camionnette, votre fourgon et votre camping-car.<\/p><p style=\"text-align: center;\">Pour savoir quelles cha\u00eenes \u00e0 neige, \u00ab\u00a0Particulier\u00a0\u00bb sont compatibles avec votre v\u00e9hicule, veuillez confirmer les donn\u00e9es du v\u00e9hicule (marque, mod\u00e8le, ann\u00e9e) et la taille des pneus. Si votre v\u00e9hicule n&rsquo;est soumis \u00e0 aucune restriction de passage de roue, vous pouvez \u00e9galement parcourir la liste par taille de pneu.<\/p>\t\t\t\t\t\t\t\t<\/div>\n\t\t\t\t<div class=\"elementor-element elementor-element-20ac6291 elementor-align-left elementor-widget elementor-widget-button\" data-id=\"20ac6291\" data-element_type=\"widget\" data-widget_type=\"button.default\">\n\t\t\t\t\t\t\t\t\t\t<a class=\"elementor-button elementor-button-link elementor-size-sm\" href=\"https:\/\/www.konigchain.com\/fr\/consumer-configurator\/\">\n\t\t\t\t\t\t<span class=\"elementor-button-content-wrapper\">\n\t\t\t\t\t\t\t\t\t<span class=\"elementor-button-text\">Configurateur<\/span>\n\t\t\t\t\t<\/span>\n\t\t\t\t\t<\/a>\n\t\t\t\t\t\t\t\t<\/div>\n\t\t\t\t<\/div>\n\t\t\t\t<\/div>\n\t\t<div class=\"elementor-element elementor-element-9b87ccc e-con-full e-flex e-con e-parent\" data-id=\"9b87ccc\" data-element_type=\"container\" data-settings=\"{&quot;background_background&quot;:&quot;classic&quot;}\">\n\t\t<div class=\"elementor-element elementor-element-9edee20 e-con-full e-flex e-con e-child\" data-id=\"9edee20\" data-element_type=\"container\">\n\t\t\t\t<div class=\"elementor-element elementor-element-b43940b elementor-widget-divider--view-line elementor-widget elementor-widget-divider\" data-id=\"b43940b\" data-element_type=\"widget\" data-widget_type=\"divider.default\">\n\t\t\t\t\t\t\t<div class=\"elementor-divider\">\n\t\t\t<span class=\"elementor-divider-separator\">\n\t\t\t\t\t\t<\/span>\n\t\t<\/div>\n\t\t\t\t\t\t<\/div>\n\t\t\t\t<div class=\"elementor-element elementor-element-fb89cfa elementor-widget elementor-widget-heading\" data-id=\"fb89cfa\" data-element_type=\"widget\" data-widget_type=\"heading.default\">\n\t\t\t\t\t<h2 class=\"elementor-heading-title elementor-size-default\">Configurateur professionnel de cha\u00eenes \u00e0 neige<\/h2>\t\t\t\t<\/div>\n\t\t\t\t<div class=\"elementor-element elementor-element-81baef9 elementor-widget elementor-widget-text-editor\" data-id=\"81baef9\" data-element_type=\"widget\" data-widget_type=\"text-editor.default\">\n\t\t\t\t\t\t\t\t\t<p style=\"text-align: center;\">D\u00e9couvrez les cha\u00eenes \u00e0 neige compatibles avec votre activit\u00e9 : tout-terrain, transport de marchandises, d\u00e9neigement, agriculture, manutention.<\/p><p style=\"text-align: center;\">Pour conna\u00eetre la cha\u00eene professionnelle appropri\u00e9e, veuillez s\u00e9lectionner la taille de votre pneu. Ensuite, vous pouvez filtrer les produits en fonction du type d&rsquo;activit\u00e9 ou d&rsquo;utilisation.<\/p>\t\t\t\t\t\t\t\t<\/div>\n\t\t\t\t<div class=\"elementor-element elementor-element-7627fe1 elementor-align-left elementor-widget elementor-widget-button\" data-id=\"7627fe1\" data-element_type=\"widget\" data-widget_type=\"button.default\">\n\t\t\t\t\t\t\t\t\t\t<a class=\"elementor-button elementor-button-link elementor-size-sm\" href=\"https:\/\/www.konigchain.com\/fr\/professional-configurator\/\">\n\t\t\t\t\t\t<span class=\"elementor-button-content-wrapper\">\n\t\t\t\t\t\t\t\t\t<span class=\"elementor-button-text\">Configurateur<\/span>\n\t\t\t\t\t<\/span>\n\t\t\t\t\t<\/a>\n\t\t\t\t\t\t\t\t<\/div>\n\t\t\t\t<\/div>\n\t\t<div class=\"elementor-element elementor-element-e36c242 e-con-full e-flex e-con e-child\" data-id=\"e36c242\" data-element_type=\"container\" data-settings=\"{&quot;background_background&quot;:&quot;classic&quot;,&quot;background_motion_fx_motion_fx_scrolling&quot;:&quot;yes&quot;,&quot;background_motion_fx_translateY_effect&quot;:&quot;yes&quot;,&quot;background_motion_fx_translateY_speed&quot;:{&quot;unit&quot;:&quot;px&quot;,&quot;size&quot;:4,&quot;sizes&quot;:[]},&quot;background_motion_fx_translateY_affectedRange&quot;:{&quot;unit&quot;:&quot;%&quot;,&quot;size&quot;:&quot;&quot;,&quot;sizes&quot;:{&quot;start&quot;:0,&quot;end&quot;:100}},&quot;background_motion_fx_devices&quot;:[&quot;desktop&quot;,&quot;tablet_extra&quot;,&quot;tablet&quot;,&quot;mobile&quot;]}\">\n\t\t\t\t<\/div>\n\t\t\t\t<\/div>\n\t\t\t\t<\/div>\n\t\t","protected":false},"excerpt":{"rendered":"<p>Configurateurs de cha\u00eenes \u00e0 neige\u200b d\u00e9couvrez les cha\u00eenes \u00e0 neige id\u00e9ales\u200b Les configurateurs de cha\u00eenes \u00e0 neige K\u00f6nig permettent de s\u00e9lectionner les cha\u00eenes \u00e0 neige les mieux adapt\u00e9es \u00e0 vos besoins, en tenant compte du v\u00e9hicule, de la taille des pneus et des \u00e9ventuelles restrictions g\u00e9n\u00e9r\u00e9es par la combinaison de ces deux \u00e9l\u00e9ments. Les r\u00e9sultats [&hellip;]<\/p>\n","protected":false},"author":3,"featured_media":23980,"parent":0,"menu_order":0,"comment_status":"closed","ping_status":"closed","template":"","meta":{"_acf_changed":false,"footnotes":""},"page-category":[1550],"class_list":["post-17092","page","type-page","status-publish","has-post-thumbnail","hentry","page-category-b2c"],"acf":[],"yoast_head":"<!-- This site is optimized with the Yoast SEO plugin v26.8 - https:\/\/yoast.com\/product\/yoast-seo-wordpress\/ -->\n<title>D\u00e9couvrez les cha\u00eenes \u00e0 neige adapt\u00e9es \u00e0 votre v\u00e9hicule - K\u00f6nig<\/title>\n<meta name=\"description\" content=\"Trouvez les cha\u00eenes \u00e0 neige K\u00f6nig adapt\u00e9es \u00e0 votre voiture, votre crossover, votre SUV, votre VAN ou votre v\u00e9hicule professionnel.\" \/>\n<meta name=\"robots\" content=\"index, follow, max-snippet:-1, max-image-preview:large, max-video-preview:-1\" \/>\n<link rel=\"canonical\" href=\"https:\/\/www.konigchain.com\/fr\/configurateurs-de-chaines-a-neige\/\" \/>\n<meta property=\"og:locale\" content=\"fr_FR\" \/>\n<meta property=\"og:type\" content=\"article\" \/>\n<meta property=\"og:title\" content=\"D\u00e9couvrez les cha\u00eenes \u00e0 neige adapt\u00e9es \u00e0 votre v\u00e9hicule - K\u00f6nig\" \/>\n<meta property=\"og:description\" content=\"Trouvez les cha\u00eenes \u00e0 neige K\u00f6nig adapt\u00e9es \u00e0 votre voiture, votre crossover, votre SUV, votre VAN ou votre v\u00e9hicule professionnel.\" \/>\n<meta property=\"og:url\" content=\"https:\/\/www.konigchain.com\/fr\/configurateurs-de-chaines-a-neige\/\" \/>\n<meta property=\"og:site_name\" content=\"K\u00f6nig\" \/>\n<meta property=\"article:modified_time\" content=\"2025-07-14T08:01:45+00:00\" \/>\n<meta property=\"og:image\" content=\"https:\/\/www.konigchain.com\/wp-content\/uploads\/2024\/10\/Konig-XG-Cross_LynkCo-3.jpg\" \/>\n\t<meta property=\"og:image:width\" content=\"2500\" \/>\n\t<meta property=\"og:image:height\" content=\"1612\" \/>\n\t<meta property=\"og:image:type\" content=\"image\/jpeg\" \/>\n<meta name=\"twitter:card\" content=\"summary_large_image\" \/>\n<meta name=\"twitter:label1\" content=\"Dur\u00e9e de lecture estim\u00e9e\" \/>\n\t<meta name=\"twitter:data1\" content=\"2 minutes\" \/>\n<script type=\"application\/ld+json\" class=\"yoast-schema-graph\">{\"@context\":\"https:\/\/schema.org\",\"@graph\":[{\"@type\":\"WebPage\",\"@id\":\"https:\/\/www.konigchain.com\/fr\/configurateurs-de-chaines-a-neige\/\",\"url\":\"https:\/\/www.konigchain.com\/fr\/configurateurs-de-chaines-a-neige\/\",\"name\":\"D\u00e9couvrez les cha\u00eenes \u00e0 neige adapt\u00e9es \u00e0 votre v\u00e9hicule - K\u00f6nig\",\"isPartOf\":{\"@id\":\"https:\/\/www.konigchain.com\/fr\/#website\"},\"primaryImageOfPage\":{\"@id\":\"https:\/\/www.konigchain.com\/fr\/configurateurs-de-chaines-a-neige\/#primaryimage\"},\"image\":{\"@id\":\"https:\/\/www.konigchain.com\/fr\/configurateurs-de-chaines-a-neige\/#primaryimage\"},\"thumbnailUrl\":\"https:\/\/www.konigchain.com\/wp-content\/uploads\/2024\/10\/Konig-XG-Cross_LynkCo-3.jpg\",\"datePublished\":\"2024-04-25T15:24:39+00:00\",\"dateModified\":\"2025-07-14T08:01:45+00:00\",\"description\":\"Trouvez les cha\u00eenes \u00e0 neige K\u00f6nig adapt\u00e9es \u00e0 votre voiture, votre crossover, votre SUV, votre VAN ou votre v\u00e9hicule professionnel.\",\"breadcrumb\":{\"@id\":\"https:\/\/www.konigchain.com\/fr\/configurateurs-de-chaines-a-neige\/#breadcrumb\"},\"inLanguage\":\"fr-FR\",\"potentialAction\":[{\"@type\":\"ReadAction\",\"target\":[\"https:\/\/www.konigchain.com\/fr\/configurateurs-de-chaines-a-neige\/\"]}]},{\"@type\":\"ImageObject\",\"inLanguage\":\"fr-FR\",\"@id\":\"https:\/\/www.konigchain.com\/fr\/configurateurs-de-chaines-a-neige\/#primaryimage\",\"url\":\"https:\/\/www.konigchain.com\/wp-content\/uploads\/2024\/10\/Konig-XG-Cross_LynkCo-3.jpg\",\"contentUrl\":\"https:\/\/www.konigchain.com\/wp-content\/uploads\/2024\/10\/Konig-XG-Cross_LynkCo-3.jpg\",\"width\":2500,\"height\":1612},{\"@type\":\"BreadcrumbList\",\"@id\":\"https:\/\/www.konigchain.com\/fr\/configurateurs-de-chaines-a-neige\/#breadcrumb\",\"itemListElement\":[{\"@type\":\"ListItem\",\"position\":1,\"name\":\"Home\",\"item\":\"https:\/\/www.konigchain.com\/fr\/\"},{\"@type\":\"ListItem\",\"position\":2,\"name\":\"Configurateur\"}]},{\"@type\":\"WebSite\",\"@id\":\"https:\/\/www.konigchain.com\/fr\/#website\",\"url\":\"https:\/\/www.konigchain.com\/fr\/\",\"name\":\"K\u00f6nig\",\"description\":\"\",\"publisher\":{\"@id\":\"https:\/\/www.konigchain.com\/fr\/#organization\"},\"potentialAction\":[{\"@type\":\"SearchAction\",\"target\":{\"@type\":\"EntryPoint\",\"urlTemplate\":\"https:\/\/www.konigchain.com\/fr\/?s={search_term_string}\"},\"query-input\":{\"@type\":\"PropertyValueSpecification\",\"valueRequired\":true,\"valueName\":\"search_term_string\"}}],\"inLanguage\":\"fr-FR\"},{\"@type\":\"Organization\",\"@id\":\"https:\/\/www.konigchain.com\/fr\/#organization\",\"name\":\"K\u00f6nig\",\"url\":\"https:\/\/www.konigchain.com\/fr\/\",\"logo\":{\"@type\":\"ImageObject\",\"inLanguage\":\"fr-FR\",\"@id\":\"https:\/\/www.konigchain.com\/fr\/#\/schema\/logo\/image\/\",\"url\":\"https:\/\/www.konigchain.com\/wp-content\/uploads\/2023\/12\/logo-Konig-2016-BG.png\",\"contentUrl\":\"https:\/\/www.konigchain.com\/wp-content\/uploads\/2023\/12\/logo-Konig-2016-BG.png\",\"width\":3508,\"height\":2480,\"caption\":\"K\u00f6nig\"},\"image\":{\"@id\":\"https:\/\/www.konigchain.com\/fr\/#\/schema\/logo\/image\/\"}}]}<\/script>\n<!-- \/ Yoast SEO plugin. -->","yoast_head_json":{"title":"D\u00e9couvrez les cha\u00eenes \u00e0 neige adapt\u00e9es \u00e0 votre v\u00e9hicule - K\u00f6nig","description":"Trouvez les cha\u00eenes \u00e0 neige K\u00f6nig adapt\u00e9es \u00e0 votre voiture, votre crossover, votre SUV, votre VAN ou votre v\u00e9hicule professionnel.","robots":{"index":"index","follow":"follow","max-snippet":"max-snippet:-1","max-image-preview":"max-image-preview:large","max-video-preview":"max-video-preview:-1"},"canonical":"https:\/\/www.konigchain.com\/fr\/configurateurs-de-chaines-a-neige\/","og_locale":"fr_FR","og_type":"article","og_title":"D\u00e9couvrez les cha\u00eenes \u00e0 neige adapt\u00e9es \u00e0 votre v\u00e9hicule - K\u00f6nig","og_description":"Trouvez les cha\u00eenes \u00e0 neige K\u00f6nig adapt\u00e9es \u00e0 votre voiture, votre crossover, votre SUV, votre VAN ou votre v\u00e9hicule professionnel.","og_url":"https:\/\/www.konigchain.com\/fr\/configurateurs-de-chaines-a-neige\/","og_site_name":"K\u00f6nig","article_modified_time":"2025-07-14T08:01:45+00:00","og_image":[{"width":2500,"height":1612,"url":"https:\/\/www.konigchain.com\/wp-content\/uploads\/2024\/10\/Konig-XG-Cross_LynkCo-3.jpg","type":"image\/jpeg"}],"twitter_card":"summary_large_image","twitter_misc":{"Dur\u00e9e de lecture estim\u00e9e":"2 minutes"},"schema":{"@context":"https:\/\/schema.org","@graph":[{"@type":"WebPage","@id":"https:\/\/www.konigchain.com\/fr\/configurateurs-de-chaines-a-neige\/","url":"https:\/\/www.konigchain.com\/fr\/configurateurs-de-chaines-a-neige\/","name":"D\u00e9couvrez les cha\u00eenes \u00e0 neige adapt\u00e9es \u00e0 votre v\u00e9hicule - K\u00f6nig","isPartOf":{"@id":"https:\/\/www.konigchain.com\/fr\/#website"},"primaryImageOfPage":{"@id":"https:\/\/www.konigchain.com\/fr\/configurateurs-de-chaines-a-neige\/#primaryimage"},"image":{"@id":"https:\/\/www.konigchain.com\/fr\/configurateurs-de-chaines-a-neige\/#primaryimage"},"thumbnailUrl":"https:\/\/www.konigchain.com\/wp-content\/uploads\/2024\/10\/Konig-XG-Cross_LynkCo-3.jpg","datePublished":"2024-04-25T15:24:39+00:00","dateModified":"2025-07-14T08:01:45+00:00","description":"Trouvez les cha\u00eenes \u00e0 neige K\u00f6nig adapt\u00e9es \u00e0 votre voiture, votre crossover, votre SUV, votre VAN ou votre v\u00e9hicule professionnel.","breadcrumb":{"@id":"https:\/\/www.konigchain.com\/fr\/configurateurs-de-chaines-a-neige\/#breadcrumb"},"inLanguage":"fr-FR","potentialAction":[{"@type":"ReadAction","target":["https:\/\/www.konigchain.com\/fr\/configurateurs-de-chaines-a-neige\/"]}]},{"@type":"ImageObject","inLanguage":"fr-FR","@id":"https:\/\/www.konigchain.com\/fr\/configurateurs-de-chaines-a-neige\/#primaryimage","url":"https:\/\/www.konigchain.com\/wp-content\/uploads\/2024\/10\/Konig-XG-Cross_LynkCo-3.jpg","contentUrl":"https:\/\/www.konigchain.com\/wp-content\/uploads\/2024\/10\/Konig-XG-Cross_LynkCo-3.jpg","width":2500,"height":1612},{"@type":"BreadcrumbList","@id":"https:\/\/www.konigchain.com\/fr\/configurateurs-de-chaines-a-neige\/#breadcrumb","itemListElement":[{"@type":"ListItem","position":1,"name":"Home","item":"https:\/\/www.konigchain.com\/fr\/"},{"@type":"ListItem","position":2,"name":"Configurateur"}]},{"@type":"WebSite","@id":"https:\/\/www.konigchain.com\/fr\/#website","url":"https:\/\/www.konigchain.com\/fr\/","name":"K\u00f6nig","description":"","publisher":{"@id":"https:\/\/www.konigchain.com\/fr\/#organization"},"potentialAction":[{"@type":"SearchAction","target":{"@type":"EntryPoint","urlTemplate":"https:\/\/www.konigchain.com\/fr\/?s={search_term_string}"},"query-input":{"@type":"PropertyValueSpecification","valueRequired":true,"valueName":"search_term_string"}}],"inLanguage":"fr-FR"},{"@type":"Organization","@id":"https:\/\/www.konigchain.com\/fr\/#organization","name":"K\u00f6nig","url":"https:\/\/www.konigchain.com\/fr\/","logo":{"@type":"ImageObject","inLanguage":"fr-FR","@id":"https:\/\/www.konigchain.com\/fr\/#\/schema\/logo\/image\/","url":"https:\/\/www.konigchain.com\/wp-content\/uploads\/2023\/12\/logo-Konig-2016-BG.png","contentUrl":"https:\/\/www.konigchain.com\/wp-content\/uploads\/2023\/12\/logo-Konig-2016-BG.png","width":3508,"height":2480,"caption":"K\u00f6nig"},"image":{"@id":"https:\/\/www.konigchain.com\/fr\/#\/schema\/logo\/image\/"}}]}},"_links":{"self":[{"href":"https:\/\/www.konigchain.com\/fr\/wp-json\/wp\/v2\/pages\/17092","targetHints":{"allow":["GET"]}}],"collection":[{"href":"https:\/\/www.konigchain.com\/fr\/wp-json\/wp\/v2\/pages"}],"about":[{"href":"https:\/\/www.konigchain.com\/fr\/wp-json\/wp\/v2\/types\/page"}],"author":[{"embeddable":true,"href":"https:\/\/www.konigchain.com\/fr\/wp-json\/wp\/v2\/users\/3"}],"replies":[{"embeddable":true,"href":"https:\/\/www.konigchain.com\/fr\/wp-json\/wp\/v2\/comments?post=17092"}],"version-history":[{"count":5,"href":"https:\/\/www.konigchain.com\/fr\/wp-json\/wp\/v2\/pages\/17092\/revisions"}],"predecessor-version":[{"id":65813,"href":"https:\/\/www.konigchain.com\/fr\/wp-json\/wp\/v2\/pages\/17092\/revisions\/65813"}],"wp:featuredmedia":[{"embeddable":true,"href":"https:\/\/www.konigchain.com\/fr\/wp-json\/wp\/v2\/media\/23980"}],"wp:attachment":[{"href":"https:\/\/www.konigchain.com\/fr\/wp-json\/wp\/v2\/media?parent=17092"}],"wp:term":[{"taxonomy":"page-category","embeddable":true,"href":"https:\/\/www.konigchain.com\/fr\/wp-json\/wp\/v2\/page-category?post=17092"}],"curies":[{"name":"wp","href":"https:\/\/api.w.org\/{rel}","templated":true}]}}