{"id":17177,"date":"2024-01-09T13:35:49","date_gmt":"2024-01-09T12:35:49","guid":{"rendered":"https:\/\/wp1.konigchain.com\/professional-configurator\/"},"modified":"2025-05-30T10:33:12","modified_gmt":"2025-05-30T08:33:12","slug":"configurateur-professional","status":"publish","type":"page","link":"https:\/\/www.konigchain.com\/fr\/configurateur-professional\/","title":{"rendered":"Configurateur Professional"},"content":{"rendered":"\t\t<div data-elementor-type=\"wp-page\" data-elementor-id=\"17177\" class=\"elementor elementor-17177 elementor-1345\" data-elementor-post-type=\"page\">\n\t\t\t\t<div class=\"elementor-element elementor-element-4fa215b e-con-full e-flex e-con e-parent\" data-id=\"4fa215b\" data-element_type=\"container\" data-settings=\"{&quot;background_background&quot;:&quot;classic&quot;,&quot;background_motion_fx_motion_fx_scrolling&quot;:&quot;yes&quot;,&quot;background_motion_fx_devices&quot;:[&quot;desktop&quot;,&quot;tablet_extra&quot;,&quot;tablet&quot;,&quot;mobile&quot;]}\">\n\t\t<div class=\"elementor-element elementor-element-182e0f3 e-con-full e-flex e-con e-child\" data-id=\"182e0f3\" data-element_type=\"container\" data-settings=\"{&quot;background_background&quot;:&quot;classic&quot;,&quot;background_motion_fx_motion_fx_scrolling&quot;:&quot;yes&quot;,&quot;background_motion_fx_translateY_effect&quot;:&quot;yes&quot;,&quot;background_motion_fx_translateY_speed&quot;:{&quot;unit&quot;:&quot;px&quot;,&quot;size&quot;:4,&quot;sizes&quot;:[]},&quot;background_motion_fx_translateY_affectedRange&quot;:{&quot;unit&quot;:&quot;%&quot;,&quot;size&quot;:&quot;&quot;,&quot;sizes&quot;:{&quot;start&quot;:0,&quot;end&quot;:100}},&quot;background_motion_fx_devices&quot;:[&quot;desktop&quot;,&quot;tablet_extra&quot;,&quot;tablet&quot;,&quot;mobile&quot;]}\">\n\t\t\t\t<div class=\"elementor-element elementor-element-6e1bb67 elementor-widget elementor-widget-heading\" data-id=\"6e1bb67\" data-element_type=\"widget\" data-widget_type=\"heading.default\">\n\t\t\t\t\t<h1 class=\"elementor-heading-title elementor-size-default\">Configurateur de cha\u00eenes \u00e0 neige professionnelles\u200b<\/h1>\t\t\t\t<\/div>\n\t\t\t\t<div class=\"elementor-element elementor-element-db2f3f5 elementor-widget__width-initial elementor-widget elementor-widget-heading\" data-id=\"db2f3f5\" data-element_type=\"widget\" data-widget_type=\"heading.default\">\n\t\t\t\t\t<h2 class=\"elementor-heading-title elementor-size-default\">d\u00e9couvrez les cha\u00eenes \u00e0 neige id\u00e9ales\u200b<\/h2>\t\t\t\t<\/div>\n\t\t\t\t<\/div>\n\t\t\t\t<div class=\"elementor-element elementor-element-2629ef2 elementor-view-stacked elementor-shape-square elementor-invisible elementor-widget elementor-widget-icon\" data-id=\"2629ef2\" data-element_type=\"widget\" data-settings=\"{&quot;motion_fx_motion_fx_scrolling&quot;:&quot;yes&quot;,&quot;_animation&quot;:&quot;bounceIn&quot;,&quot;motion_fx_devices&quot;:[&quot;desktop&quot;,&quot;tablet&quot;],&quot;_animation_delay&quot;:10}\" data-widget_type=\"icon.default\">\n\t\t\t\t\t\t\t<div class=\"elementor-icon-wrapper\">\n\t\t\t<a class=\"elementor-icon\" href=\"#scroll-down\">\n\t\t\t<svg aria-hidden=\"true\" class=\"e-font-icon-svg e-fas-arrow-down\" viewBox=\"0 0 448 512\" xmlns=\"http:\/\/www.w3.org\/2000\/svg\"><path d=\"M413.1 222.5l22.2 22.2c9.4 9.4 9.4 24.6 0 33.9L241 473c-9.4 9.4-24.6 9.4-33.9 0L12.7 278.6c-9.4-9.4-9.4-24.6 0-33.9l22.2-22.2c9.5-9.5 25-9.3 34.3.4L184 343.4V56c0-13.3 10.7-24 24-24h32c13.3 0 24 10.7 24 24v287.4l114.8-120.5c9.3-9.8 24.8-10 34.3-.4z\"><\/path><\/svg>\t\t\t<\/a>\n\t\t<\/div>\n\t\t\t\t\t\t<\/div>\n\t\t\t\t<div class=\"elementor-element elementor-element-766fef1 elementor-widget elementor-widget-menu-anchor\" data-id=\"766fef1\" data-element_type=\"widget\" data-widget_type=\"menu-anchor.default\">\n\t\t\t\t\t\t\t<div class=\"elementor-menu-anchor\" id=\"scroll-down\"><\/div>\n\t\t\t\t\t\t<\/div>\n\t\t\t\t<\/div>\n\t\t<div class=\"elementor-element elementor-element-4ac4acb6 e-flex e-con-boxed e-con e-parent\" data-id=\"4ac4acb6\" data-element_type=\"container\">\n\t\t\t\t\t<div class=\"e-con-inner\">\n\t\t\t\t<div class=\"elementor-element elementor-element-2cc5a6ba elementor-widget elementor-widget-text-editor\" data-id=\"2cc5a6ba\" data-element_type=\"widget\" data-widget_type=\"text-editor.default\">\n\t\t\t\t\t\t\t\t\t<p>Le configurateur de cha\u00eenes \u00e0 neige K\u00f6nig permet de s\u00e9lectionner les cha\u00eenes \u00e0 neige les mieux adapt\u00e9es \u00e0 vos besoins, en tenant compte de la taille des pneus et de l&rsquo;activit\u00e9 que vous devez effectuer.<\/p><p>Les r\u00e9sultats de notre configurateur sont bas\u00e9s sur des tests internes qui sont r\u00e9guli\u00e8rement effectu\u00e9s sur les pneus afin de garantir la meilleure adaptation possible.<\/p><p>Si la taille de vos pneus n&rsquo;est pas indiqu\u00e9e sur nos configurateurs, veuillez contacter notre service par le biais de notre <a href=\"https:\/\/www.konigchain.com\/fr\/contact\/\">formulaire de contact<\/a>.<\/p>\t\t\t\t\t\t\t\t<\/div>\n\t\t\t\t\t<\/div>\n\t\t\t\t<\/div>\n\t\t<div class=\"elementor-element elementor-element-b019874 e-flex e-con-boxed e-con e-parent\" data-id=\"b019874\" data-element_type=\"container\">\n\t\t\t\t\t<div class=\"e-con-inner\">\n\t\t\t\t<div class=\"elementor-element elementor-element-5e7d49c elementor-widget elementor-widget-html\" data-id=\"5e7d49c\" data-element_type=\"widget\" data-widget_type=\"html.default\">\n\t\t\t\t\t<div data-snow-chain-configurator=\"SWSCSNHPDTG1N21WN1C0U0DGWA\" data-locale=\"fr-FR\"><\/div>\r\n<script src=\"https:\/\/shop.konigchain.com\/bundles\/apsnowchainconfigurator\/snow-chain-configurator-lite\/index.js\"><\/script>\t\t\t\t<\/div>\n\t\t\t\t\t<\/div>\n\t\t\t\t<\/div>\n\t\t\t\t<\/div>\n\t\t","protected":false},"excerpt":{"rendered":"<p>Configurateur de cha\u00eenes \u00e0 neige professionnelles\u200b d\u00e9couvrez les cha\u00eenes \u00e0 neige id\u00e9ales\u200b Le configurateur de cha\u00eenes \u00e0 neige K\u00f6nig permet de s\u00e9lectionner les cha\u00eenes \u00e0 neige les mieux adapt\u00e9es \u00e0 vos besoins, en tenant compte de la taille des pneus et de l&rsquo;activit\u00e9 que vous devez effectuer. Les r\u00e9sultats de notre configurateur sont bas\u00e9s sur [&hellip;]<\/p>\n","protected":false},"author":3,"featured_media":16103,"parent":0,"menu_order":0,"comment_status":"closed","ping_status":"closed","template":"","meta":{"_acf_changed":false,"footnotes":""},"page-category":[1550],"class_list":["post-17177","page","type-page","status-publish","has-post-thumbnail","hentry","page-category-b2c"],"acf":[],"yoast_head":"<!-- This site is optimized with the Yoast SEO plugin v26.8 - https:\/\/yoast.com\/product\/yoast-seo-wordpress\/ -->\n<title>Trouvez des cha\u00eenes \u00e0 neige compatibles avec votre camion, votre chargeur sur roues ou votre tracteur. - K\u00f6nig<\/title>\n<meta name=\"description\" content=\"Trouvez les cha\u00eenes \u00e0 neige K\u00f6nig adapt\u00e9es \u00e0 votre camion, votre chargeur sur roues et votre tracteur. Seule la taille du pneu est n\u00e9cessaire.\" \/>\n<meta name=\"robots\" content=\"index, follow, max-snippet:-1, max-image-preview:large, max-video-preview:-1\" \/>\n<link rel=\"canonical\" href=\"https:\/\/www.konigchain.com\/fr\/configurateur-professional\/\" \/>\n<meta property=\"og:locale\" content=\"fr_FR\" \/>\n<meta property=\"og:type\" content=\"article\" \/>\n<meta property=\"og:title\" content=\"Trouvez des cha\u00eenes \u00e0 neige compatibles avec votre camion, votre chargeur sur roues ou votre tracteur. - K\u00f6nig\" \/>\n<meta property=\"og:description\" content=\"Trouvez les cha\u00eenes \u00e0 neige K\u00f6nig adapt\u00e9es \u00e0 votre camion, votre chargeur sur roues et votre tracteur. Seule la taille du pneu est n\u00e9cessaire.\" \/>\n<meta property=\"og:url\" content=\"https:\/\/www.konigchain.com\/fr\/configurateur-professional\/\" \/>\n<meta property=\"og:site_name\" content=\"K\u00f6nig\" \/>\n<meta property=\"article:modified_time\" content=\"2025-05-30T08:33:12+00:00\" \/>\n<meta property=\"og:image\" content=\"https:\/\/www.konigchain.com\/wp-content\/uploads\/2024\/06\/Konig-DR_Impact_Trattore-4-1024x684.jpg\" \/>\n\t<meta property=\"og:image:width\" content=\"1024\" \/>\n\t<meta property=\"og:image:height\" content=\"684\" \/>\n\t<meta property=\"og:image:type\" content=\"image\/jpeg\" \/>\n<meta name=\"twitter:card\" content=\"summary_large_image\" \/>\n<meta name=\"twitter:label1\" content=\"Dur\u00e9e de lecture estim\u00e9e\" \/>\n\t<meta name=\"twitter:data1\" content=\"1 minute\" \/>\n<script type=\"application\/ld+json\" class=\"yoast-schema-graph\">{\"@context\":\"https:\/\/schema.org\",\"@graph\":[{\"@type\":\"WebPage\",\"@id\":\"https:\/\/www.konigchain.com\/fr\/configurateur-professional\/\",\"url\":\"https:\/\/www.konigchain.com\/fr\/configurateur-professional\/\",\"name\":\"Trouvez des cha\u00eenes \u00e0 neige compatibles avec votre camion, votre chargeur sur roues ou votre tracteur. - K\u00f6nig\",\"isPartOf\":{\"@id\":\"https:\/\/www.konigchain.com\/fr\/#website\"},\"primaryImageOfPage\":{\"@id\":\"https:\/\/www.konigchain.com\/fr\/configurateur-professional\/#primaryimage\"},\"image\":{\"@id\":\"https:\/\/www.konigchain.com\/fr\/configurateur-professional\/#primaryimage\"},\"thumbnailUrl\":\"https:\/\/www.konigchain.com\/wp-content\/uploads\/2024\/06\/Konig-DR_Impact_Trattore-4.webp\",\"datePublished\":\"2024-01-09T12:35:49+00:00\",\"dateModified\":\"2025-05-30T08:33:12+00:00\",\"description\":\"Trouvez les cha\u00eenes \u00e0 neige K\u00f6nig adapt\u00e9es \u00e0 votre camion, votre chargeur sur roues et votre tracteur. Seule la taille du pneu est n\u00e9cessaire.\",\"breadcrumb\":{\"@id\":\"https:\/\/www.konigchain.com\/fr\/configurateur-professional\/#breadcrumb\"},\"inLanguage\":\"fr-FR\",\"potentialAction\":[{\"@type\":\"ReadAction\",\"target\":[\"https:\/\/www.konigchain.com\/fr\/configurateur-professional\/\"]}]},{\"@type\":\"ImageObject\",\"inLanguage\":\"fr-FR\",\"@id\":\"https:\/\/www.konigchain.com\/fr\/configurateur-professional\/#primaryimage\",\"url\":\"https:\/\/www.konigchain.com\/wp-content\/uploads\/2024\/06\/Konig-DR_Impact_Trattore-4.webp\",\"contentUrl\":\"https:\/\/www.konigchain.com\/wp-content\/uploads\/2024\/06\/Konig-DR_Impact_Trattore-4.webp\",\"width\":2500,\"height\":1670},{\"@type\":\"BreadcrumbList\",\"@id\":\"https:\/\/www.konigchain.com\/fr\/configurateur-professional\/#breadcrumb\",\"itemListElement\":[{\"@type\":\"ListItem\",\"position\":1,\"name\":\"Home\",\"item\":\"https:\/\/www.konigchain.com\/fr\/\"},{\"@type\":\"ListItem\",\"position\":2,\"name\":\"Configurateur Professional\"}]},{\"@type\":\"WebSite\",\"@id\":\"https:\/\/www.konigchain.com\/fr\/#website\",\"url\":\"https:\/\/www.konigchain.com\/fr\/\",\"name\":\"K\u00f6nig\",\"description\":\"\",\"publisher\":{\"@id\":\"https:\/\/www.konigchain.com\/fr\/#organization\"},\"potentialAction\":[{\"@type\":\"SearchAction\",\"target\":{\"@type\":\"EntryPoint\",\"urlTemplate\":\"https:\/\/www.konigchain.com\/fr\/?s={search_term_string}\"},\"query-input\":{\"@type\":\"PropertyValueSpecification\",\"valueRequired\":true,\"valueName\":\"search_term_string\"}}],\"inLanguage\":\"fr-FR\"},{\"@type\":\"Organization\",\"@id\":\"https:\/\/www.konigchain.com\/fr\/#organization\",\"name\":\"K\u00f6nig\",\"url\":\"https:\/\/www.konigchain.com\/fr\/\",\"logo\":{\"@type\":\"ImageObject\",\"inLanguage\":\"fr-FR\",\"@id\":\"https:\/\/www.konigchain.com\/fr\/#\/schema\/logo\/image\/\",\"url\":\"https:\/\/www.konigchain.com\/wp-content\/uploads\/2023\/12\/logo-Konig-2016-BG.png\",\"contentUrl\":\"https:\/\/www.konigchain.com\/wp-content\/uploads\/2023\/12\/logo-Konig-2016-BG.png\",\"width\":3508,\"height\":2480,\"caption\":\"K\u00f6nig\"},\"image\":{\"@id\":\"https:\/\/www.konigchain.com\/fr\/#\/schema\/logo\/image\/\"}}]}<\/script>\n<!-- \/ Yoast SEO plugin. -->","yoast_head_json":{"title":"Trouvez des cha\u00eenes \u00e0 neige compatibles avec votre camion, votre chargeur sur roues ou votre tracteur. - K\u00f6nig","description":"Trouvez les cha\u00eenes \u00e0 neige K\u00f6nig adapt\u00e9es \u00e0 votre camion, votre chargeur sur roues et votre tracteur. Seule la taille du pneu est n\u00e9cessaire.","robots":{"index":"index","follow":"follow","max-snippet":"max-snippet:-1","max-image-preview":"max-image-preview:large","max-video-preview":"max-video-preview:-1"},"canonical":"https:\/\/www.konigchain.com\/fr\/configurateur-professional\/","og_locale":"fr_FR","og_type":"article","og_title":"Trouvez des cha\u00eenes \u00e0 neige compatibles avec votre camion, votre chargeur sur roues ou votre tracteur. - K\u00f6nig","og_description":"Trouvez les cha\u00eenes \u00e0 neige K\u00f6nig adapt\u00e9es \u00e0 votre camion, votre chargeur sur roues et votre tracteur. Seule la taille du pneu est n\u00e9cessaire.","og_url":"https:\/\/www.konigchain.com\/fr\/configurateur-professional\/","og_site_name":"K\u00f6nig","article_modified_time":"2025-05-30T08:33:12+00:00","og_image":[{"width":1024,"height":684,"url":"https:\/\/www.konigchain.com\/wp-content\/uploads\/2024\/06\/Konig-DR_Impact_Trattore-4-1024x684.jpg","type":"image\/jpeg"}],"twitter_card":"summary_large_image","twitter_misc":{"Dur\u00e9e de lecture estim\u00e9e":"1 minute"},"schema":{"@context":"https:\/\/schema.org","@graph":[{"@type":"WebPage","@id":"https:\/\/www.konigchain.com\/fr\/configurateur-professional\/","url":"https:\/\/www.konigchain.com\/fr\/configurateur-professional\/","name":"Trouvez des cha\u00eenes \u00e0 neige compatibles avec votre camion, votre chargeur sur roues ou votre tracteur. - K\u00f6nig","isPartOf":{"@id":"https:\/\/www.konigchain.com\/fr\/#website"},"primaryImageOfPage":{"@id":"https:\/\/www.konigchain.com\/fr\/configurateur-professional\/#primaryimage"},"image":{"@id":"https:\/\/www.konigchain.com\/fr\/configurateur-professional\/#primaryimage"},"thumbnailUrl":"https:\/\/www.konigchain.com\/wp-content\/uploads\/2024\/06\/Konig-DR_Impact_Trattore-4.webp","datePublished":"2024-01-09T12:35:49+00:00","dateModified":"2025-05-30T08:33:12+00:00","description":"Trouvez les cha\u00eenes \u00e0 neige K\u00f6nig adapt\u00e9es \u00e0 votre camion, votre chargeur sur roues et votre tracteur. Seule la taille du pneu est n\u00e9cessaire.","breadcrumb":{"@id":"https:\/\/www.konigchain.com\/fr\/configurateur-professional\/#breadcrumb"},"inLanguage":"fr-FR","potentialAction":[{"@type":"ReadAction","target":["https:\/\/www.konigchain.com\/fr\/configurateur-professional\/"]}]},{"@type":"ImageObject","inLanguage":"fr-FR","@id":"https:\/\/www.konigchain.com\/fr\/configurateur-professional\/#primaryimage","url":"https:\/\/www.konigchain.com\/wp-content\/uploads\/2024\/06\/Konig-DR_Impact_Trattore-4.webp","contentUrl":"https:\/\/www.konigchain.com\/wp-content\/uploads\/2024\/06\/Konig-DR_Impact_Trattore-4.webp","width":2500,"height":1670},{"@type":"BreadcrumbList","@id":"https:\/\/www.konigchain.com\/fr\/configurateur-professional\/#breadcrumb","itemListElement":[{"@type":"ListItem","position":1,"name":"Home","item":"https:\/\/www.konigchain.com\/fr\/"},{"@type":"ListItem","position":2,"name":"Configurateur Professional"}]},{"@type":"WebSite","@id":"https:\/\/www.konigchain.com\/fr\/#website","url":"https:\/\/www.konigchain.com\/fr\/","name":"K\u00f6nig","description":"","publisher":{"@id":"https:\/\/www.konigchain.com\/fr\/#organization"},"potentialAction":[{"@type":"SearchAction","target":{"@type":"EntryPoint","urlTemplate":"https:\/\/www.konigchain.com\/fr\/?s={search_term_string}"},"query-input":{"@type":"PropertyValueSpecification","valueRequired":true,"valueName":"search_term_string"}}],"inLanguage":"fr-FR"},{"@type":"Organization","@id":"https:\/\/www.konigchain.com\/fr\/#organization","name":"K\u00f6nig","url":"https:\/\/www.konigchain.com\/fr\/","logo":{"@type":"ImageObject","inLanguage":"fr-FR","@id":"https:\/\/www.konigchain.com\/fr\/#\/schema\/logo\/image\/","url":"https:\/\/www.konigchain.com\/wp-content\/uploads\/2023\/12\/logo-Konig-2016-BG.png","contentUrl":"https:\/\/www.konigchain.com\/wp-content\/uploads\/2023\/12\/logo-Konig-2016-BG.png","width":3508,"height":2480,"caption":"K\u00f6nig"},"image":{"@id":"https:\/\/www.konigchain.com\/fr\/#\/schema\/logo\/image\/"}}]}},"_links":{"self":[{"href":"https:\/\/www.konigchain.com\/fr\/wp-json\/wp\/v2\/pages\/17177","targetHints":{"allow":["GET"]}}],"collection":[{"href":"https:\/\/www.konigchain.com\/fr\/wp-json\/wp\/v2\/pages"}],"about":[{"href":"https:\/\/www.konigchain.com\/fr\/wp-json\/wp\/v2\/types\/page"}],"author":[{"embeddable":true,"href":"https:\/\/www.konigchain.com\/fr\/wp-json\/wp\/v2\/users\/3"}],"replies":[{"embeddable":true,"href":"https:\/\/www.konigchain.com\/fr\/wp-json\/wp\/v2\/comments?post=17177"}],"version-history":[{"count":5,"href":"https:\/\/www.konigchain.com\/fr\/wp-json\/wp\/v2\/pages\/17177\/revisions"}],"predecessor-version":[{"id":58805,"href":"https:\/\/www.konigchain.com\/fr\/wp-json\/wp\/v2\/pages\/17177\/revisions\/58805"}],"wp:featuredmedia":[{"embeddable":true,"href":"https:\/\/www.konigchain.com\/fr\/wp-json\/wp\/v2\/media\/16103"}],"wp:attachment":[{"href":"https:\/\/www.konigchain.com\/fr\/wp-json\/wp\/v2\/media?parent=17177"}],"wp:term":[{"taxonomy":"page-category","embeddable":true,"href":"https:\/\/www.konigchain.com\/fr\/wp-json\/wp\/v2\/page-category?post=17177"}],"curies":[{"name":"wp","href":"https:\/\/api.w.org\/{rel}","templated":true}]}}