{"id":17486,"date":"2024-01-08T15:55:46","date_gmt":"2024-01-08T14:55:46","guid":{"rendered":"https:\/\/wp1.konigchain.com\/snow-chains\/"},"modified":"2025-05-28T15:55:03","modified_gmt":"2025-05-28T13:55:03","slug":"chaines-a-neige","status":"publish","type":"page","link":"https:\/\/www.konigchain.com\/fr\/chaines-a-neige\/","title":{"rendered":"Cha\u00eenes \u00e0 neige"},"content":{"rendered":"\t\t<div data-elementor-type=\"wp-page\" data-elementor-id=\"17486\" class=\"elementor elementor-17486 elementor-1251\" data-elementor-post-type=\"page\">\n\t\t\t\t<div class=\"elementor-element elementor-element-7222dc4 e-con-full e-flex e-con e-parent\" data-id=\"7222dc4\" data-element_type=\"container\" data-settings=\"{&quot;background_background&quot;:&quot;classic&quot;,&quot;background_motion_fx_motion_fx_scrolling&quot;:&quot;yes&quot;,&quot;background_motion_fx_devices&quot;:[&quot;desktop&quot;,&quot;tablet_extra&quot;,&quot;tablet&quot;,&quot;mobile&quot;]}\">\n\t\t<div class=\"elementor-element elementor-element-f94ae97 e-con-full e-flex e-con e-child\" data-id=\"f94ae97\" data-element_type=\"container\" data-settings=\"{&quot;background_background&quot;:&quot;classic&quot;,&quot;background_motion_fx_motion_fx_scrolling&quot;:&quot;yes&quot;,&quot;background_motion_fx_translateY_effect&quot;:&quot;yes&quot;,&quot;background_motion_fx_translateY_speed&quot;:{&quot;unit&quot;:&quot;px&quot;,&quot;size&quot;:4,&quot;sizes&quot;:[]},&quot;background_motion_fx_translateY_affectedRange&quot;:{&quot;unit&quot;:&quot;%&quot;,&quot;size&quot;:&quot;&quot;,&quot;sizes&quot;:{&quot;start&quot;:0,&quot;end&quot;:100}},&quot;background_motion_fx_devices&quot;:[&quot;desktop&quot;,&quot;tablet_extra&quot;,&quot;tablet&quot;,&quot;mobile&quot;]}\">\n\t\t\t\t<div class=\"elementor-element elementor-element-542079b elementor-widget elementor-widget-heading\" data-id=\"542079b\" data-element_type=\"widget\" data-widget_type=\"heading.default\">\n\t\t\t\t\t<h1 class=\"elementor-heading-title elementor-size-default\">Portefeuille de cha\u00eenes \u00e0 neige\u200b<\/h1>\t\t\t\t<\/div>\n\t\t\t\t<div class=\"elementor-element elementor-element-1e0f2f6 elementor-widget__width-initial elementor-widget elementor-widget-heading\" data-id=\"1e0f2f6\" data-element_type=\"widget\" data-widget_type=\"heading.default\">\n\t\t\t\t\t<h2 class=\"elementor-heading-title elementor-size-default\">CHA\u00ceNES \u00c0 NEIGE grand public ET professionnelles\u200b<\/h2>\t\t\t\t<\/div>\n\t\t\t\t<\/div>\n\t\t\t\t<div class=\"elementor-element elementor-element-549b843 elementor-view-stacked elementor-shape-square elementor-invisible elementor-widget elementor-widget-icon\" data-id=\"549b843\" data-element_type=\"widget\" data-settings=\"{&quot;motion_fx_motion_fx_scrolling&quot;:&quot;yes&quot;,&quot;_animation&quot;:&quot;bounceIn&quot;,&quot;motion_fx_devices&quot;:[&quot;desktop&quot;,&quot;tablet&quot;],&quot;_animation_delay&quot;:10}\" data-widget_type=\"icon.default\">\n\t\t\t\t\t\t\t<div class=\"elementor-icon-wrapper\">\n\t\t\t<a class=\"elementor-icon\" href=\"#scroll-down\">\n\t\t\t<svg aria-hidden=\"true\" class=\"e-font-icon-svg e-fas-arrow-down\" viewBox=\"0 0 448 512\" xmlns=\"http:\/\/www.w3.org\/2000\/svg\"><path d=\"M413.1 222.5l22.2 22.2c9.4 9.4 9.4 24.6 0 33.9L241 473c-9.4 9.4-24.6 9.4-33.9 0L12.7 278.6c-9.4-9.4-9.4-24.6 0-33.9l22.2-22.2c9.5-9.5 25-9.3 34.3.4L184 343.4V56c0-13.3 10.7-24 24-24h32c13.3 0 24 10.7 24 24v287.4l114.8-120.5c9.3-9.8 24.8-10 34.3-.4z\"><\/path><\/svg>\t\t\t<\/a>\n\t\t<\/div>\n\t\t\t\t\t\t<\/div>\n\t\t\t\t<div class=\"elementor-element elementor-element-e862a14 elementor-widget elementor-widget-menu-anchor\" data-id=\"e862a14\" data-element_type=\"widget\" data-widget_type=\"menu-anchor.default\">\n\t\t\t\t\t\t\t<div class=\"elementor-menu-anchor\" id=\"scroll-down\"><\/div>\n\t\t\t\t\t\t<\/div>\n\t\t\t\t<\/div>\n\t\t<div class=\"elementor-element elementor-element-31a09f41 e-con-full e-flex e-con e-parent\" data-id=\"31a09f41\" data-element_type=\"container\" data-settings=\"{&quot;background_background&quot;:&quot;classic&quot;}\">\n\t\t\t\t<div class=\"elementor-element elementor-element-2dea53a6 elementor-widget elementor-widget-text-editor\" data-id=\"2dea53a6\" data-element_type=\"widget\" data-widget_type=\"text-editor.default\">\n\t\t\t\t\t\t\t\t\t<p>K\u00f6nig propose des cha\u00eenes \u00e0 neige de premier plan, segment\u00e9es en cha\u00eenes \u00e0 neige grand public et professionnelles.<\/p><p>Les cha\u00eenes neige grand public sont g\u00e9n\u00e9ralement destin\u00e9es aux particuliers qui conduisent leur v\u00e9hicule sur des routes enneig\u00e9es et verglac\u00e9es en hiver. Les v\u00e9hicules qui sont habituellement \u00e0 destination des cha\u00eenes \u00e0 neige grand public sont les v\u00e9hicules de tourisme, multisegments, utilitaire, camping-car d&rsquo;une masse brute maximale de 3,5 tonnes et\/ou d&rsquo;un nombre maximal de 9 si\u00e8ges, conducteur compris.<\/p><p>Dans le cadre du portefeuille professionnel, K\u00f6nig d\u00e9ploie l&rsquo;assortiment de produits destin\u00e9s aux professionnels impliqu\u00e9s dans les activit\u00e9s de conduite hivernale et d&rsquo;entretien des routes, \u00e0 savoir les compagnies de bus, les soci\u00e9t\u00e9s travaillant dans la manutention de marchandises et les services logistiques, les soci\u00e9t\u00e9s de d\u00e9neigement et d&rsquo;entretien des routes, les agriculteurs. Les cha\u00eenes \u00e0 neige professionnelles sont \u00e9galement le choix pr\u00e9f\u00e9r\u00e9 des v\u00e9hicules impliqu\u00e9s dans des exp\u00e9ditions et des op\u00e9rations militaires.\u00a0Les v\u00e9hicules utilis\u00e9s pour ces activit\u00e9s ont une masse totale en charge sup\u00e9rieure \u00e0 3,5 tonnes (44 tonnes au maximum) et\/ou un nombre de si\u00e8ges sup\u00e9rieur \u00e0 9.<\/p><p>Pour explorer le portefeuille de produits, veuillez d&rsquo;abord s\u00e9lectionner le segment qui vous int\u00e9resse.<\/p>\t\t\t\t\t\t\t\t<\/div>\n\t\t\t\t<\/div>\n\t\t<div class=\"elementor-element elementor-element-f4e9db0 e-grid e-con-full e-con e-parent\" data-id=\"f4e9db0\" data-element_type=\"container\">\n\t\t<div class=\"elementor-element elementor-element-a7f2446 e-con-full e-flex e-con e-child\" data-id=\"a7f2446\" data-element_type=\"container\" data-settings=\"{&quot;background_background&quot;:&quot;classic&quot;,&quot;background_motion_fx_motion_fx_scrolling&quot;:&quot;yes&quot;,&quot;background_motion_fx_translateY_speed&quot;:{&quot;unit&quot;:&quot;px&quot;,&quot;size&quot;:3,&quot;sizes&quot;:[]},&quot;background_motion_fx_translateY_effect&quot;:&quot;yes&quot;,&quot;background_motion_fx_translateY_affectedRange&quot;:{&quot;unit&quot;:&quot;%&quot;,&quot;size&quot;:&quot;&quot;,&quot;sizes&quot;:{&quot;start&quot;:0,&quot;end&quot;:100}},&quot;background_motion_fx_devices&quot;:[&quot;desktop&quot;,&quot;tablet_extra&quot;,&quot;tablet&quot;,&quot;mobile&quot;]}\">\n\t\t\t\t<\/div>\n\t\t<div class=\"elementor-element elementor-element-31d570c e-flex e-con-boxed e-con e-child\" data-id=\"31d570c\" data-element_type=\"container\">\n\t\t\t\t\t<div class=\"e-con-inner\">\n\t\t\t\t<div class=\"elementor-element elementor-element-3db6cd5 elementor-widget-divider--view-line elementor-widget elementor-widget-divider\" data-id=\"3db6cd5\" data-element_type=\"widget\" data-widget_type=\"divider.default\">\n\t\t\t\t\t\t\t<div class=\"elementor-divider\">\n\t\t\t<span class=\"elementor-divider-separator\">\n\t\t\t\t\t\t<\/span>\n\t\t<\/div>\n\t\t\t\t\t\t<\/div>\n\t\t\t\t<div class=\"elementor-element elementor-element-a2859b8 elementor-widget elementor-widget-heading\" data-id=\"a2859b8\" data-element_type=\"widget\" data-widget_type=\"heading.default\">\n\t\t\t\t\t<h2 class=\"elementor-heading-title elementor-size-default\">Cha\u00eenes \u00e0 neige pour les particuliers <\/h2>\t\t\t\t<\/div>\n\t\t\t\t<div class=\"elementor-element elementor-element-a6dc308 elementor-widget elementor-widget-text-editor\" data-id=\"a6dc308\" data-element_type=\"widget\" data-widget_type=\"text-editor.default\">\n\t\t\t\t\t\t\t\t\t<p>Cha\u00eenes \u00e0 neige faciles \u00e0 monter pour les voitures de tourisme, les crossovers, les SUV, les camionnettes et les camping-cars : le compagnon id\u00e9al pour vos vacances au ski ou, plus g\u00e9n\u00e9ralement, pour conduire en toute s\u00e9curit\u00e9 en hiver.<\/p><p>Les cha\u00eenes \u00e0 neige appartenant \u00e0 ce segment sont g\u00e9n\u00e9ralement manipul\u00e9es par des utilisateurs qui utilisent rarement des cha\u00eenes \u00e0 neige et, pour cette raison, les produits sont con\u00e7us pour \u00eatre l\u00e9gers et faciles \u00e0 monter afin d&rsquo;am\u00e9liorer les op\u00e9rations de manipulation.<\/p>\t\t\t\t\t\t\t\t<\/div>\n\t\t<div class=\"elementor-element elementor-element-978360a e-con-full e-flex e-con e-child\" data-id=\"978360a\" data-element_type=\"container\">\n\t\t\t\t<div class=\"elementor-element elementor-element-87a1d5b elementor-align-right elementor-mobile-align-center elementor-widget elementor-widget-button\" data-id=\"87a1d5b\" data-element_type=\"widget\" data-widget_type=\"button.default\">\n\t\t\t\t\t\t\t\t\t\t<a class=\"elementor-button elementor-button-link elementor-size-sm\" href=\"https:\/\/www.konigchain.com\/fr\/consumer-snow-chains\/\">\n\t\t\t\t\t\t<span class=\"elementor-button-content-wrapper\">\n\t\t\t\t\t\t\t\t\t<span class=\"elementor-button-text\">Produits<\/span>\n\t\t\t\t\t<\/span>\n\t\t\t\t\t<\/a>\n\t\t\t\t\t\t\t\t<\/div>\n\t\t\t\t<div class=\"elementor-element elementor-element-e44b5be elementor-widget elementor-widget-button\" data-id=\"e44b5be\" data-element_type=\"widget\" data-widget_type=\"button.default\">\n\t\t\t\t\t\t\t\t\t\t<a class=\"elementor-button elementor-button-link elementor-size-sm\" href=\"https:\/\/www.konigchain.com\/fr\/consumer-configurator\/\">\n\t\t\t\t\t\t<span class=\"elementor-button-content-wrapper\">\n\t\t\t\t\t\t\t\t\t<span class=\"elementor-button-text\">Configurateur<\/span>\n\t\t\t\t\t<\/span>\n\t\t\t\t\t<\/a>\n\t\t\t\t\t\t\t\t<\/div>\n\t\t\t\t<div class=\"elementor-element elementor-element-f322a72 elementor-align-right elementor-mobile-align-center elementor-widget elementor-widget-button\" data-id=\"f322a72\" data-element_type=\"widget\" data-widget_type=\"button.default\">\n\t\t\t\t\t\t\t\t\t\t<a class=\"elementor-button elementor-button-link elementor-size-sm\" href=\"https:\/\/www.konigchain.com\/fr\/technologie-de-chaine-a-neige-pour-le-grand-public\/\">\n\t\t\t\t\t\t<span class=\"elementor-button-content-wrapper\">\n\t\t\t\t\t\t\t\t\t<span class=\"elementor-button-text\">Technologie<\/span>\n\t\t\t\t\t<\/span>\n\t\t\t\t\t<\/a>\n\t\t\t\t\t\t\t\t<\/div>\n\t\t\t\t<\/div>\n\t\t\t\t\t<\/div>\n\t\t\t\t<\/div>\n\t\t\t\t<\/div>\n\t\t<div class=\"elementor-element elementor-element-176fe98 e-grid e-con-full e-con e-parent\" data-id=\"176fe98\" data-element_type=\"container\">\n\t\t<div class=\"elementor-element elementor-element-577c48a e-flex e-con-boxed e-con e-child\" data-id=\"577c48a\" data-element_type=\"container\">\n\t\t\t\t\t<div class=\"e-con-inner\">\n\t\t<div class=\"elementor-element elementor-element-6f37c45 e-flex e-con-boxed e-con e-child\" data-id=\"6f37c45\" data-element_type=\"container\">\n\t\t\t\t\t<div class=\"e-con-inner\">\n\t\t\t\t<div class=\"elementor-element elementor-element-257f503 elementor-widget-divider--view-line elementor-widget elementor-widget-divider\" data-id=\"257f503\" data-element_type=\"widget\" data-widget_type=\"divider.default\">\n\t\t\t\t\t\t\t<div class=\"elementor-divider\">\n\t\t\t<span class=\"elementor-divider-separator\">\n\t\t\t\t\t\t<\/span>\n\t\t<\/div>\n\t\t\t\t\t\t<\/div>\n\t\t\t\t<div class=\"elementor-element elementor-element-a745a45 elementor-widget elementor-widget-heading\" data-id=\"a745a45\" data-element_type=\"widget\" data-widget_type=\"heading.default\">\n\t\t\t\t\t<h2 class=\"elementor-heading-title elementor-size-default\">Cha\u00eenes \u00e0 neige professionnelles<\/h2>\t\t\t\t<\/div>\n\t\t\t\t<div class=\"elementor-element elementor-element-69efced elementor-widget elementor-widget-text-editor\" data-id=\"69efced\" data-element_type=\"widget\" data-widget_type=\"text-editor.default\">\n\t\t\t\t\t\t\t\t\t<p>Cha\u00eenes \u00e0 neige pour v\u00e9hicules tout-terrain, camions moyens et lourds, machines de d\u00e9neigement, tracteurs agricoles, machines et v\u00e9hicules sp\u00e9ciaux.<\/p><p>Des v\u00e9hicules plus grands, des situations plus exigeantes, des sessions de travail prolong\u00e9es &#8211; telles sont les conditions dans lesquelles les professionnels doivent vivre. K\u00f6nig est le partenaire le plus fiable en mati\u00e8re d&rsquo;approvisionnement des professionnels.<\/p>\t\t\t\t\t\t\t\t<\/div>\n\t\t<div class=\"elementor-element elementor-element-14776d8 e-con-full e-flex e-con e-child\" data-id=\"14776d8\" data-element_type=\"container\">\n\t\t\t\t<div class=\"elementor-element elementor-element-6aa33a6 elementor-align-right elementor-mobile-align-center elementor-widget elementor-widget-button\" data-id=\"6aa33a6\" data-element_type=\"widget\" data-widget_type=\"button.default\">\n\t\t\t\t\t\t\t\t\t\t<a class=\"elementor-button elementor-button-link elementor-size-sm\" href=\"https:\/\/www.konigchain.com\/fr\/professional-snow-chains\/\">\n\t\t\t\t\t\t<span class=\"elementor-button-content-wrapper\">\n\t\t\t\t\t\t\t\t\t<span class=\"elementor-button-text\">Produits<\/span>\n\t\t\t\t\t<\/span>\n\t\t\t\t\t<\/a>\n\t\t\t\t\t\t\t\t<\/div>\n\t\t\t\t<div class=\"elementor-element elementor-element-d926514 elementor-widget elementor-widget-button\" data-id=\"d926514\" data-element_type=\"widget\" data-widget_type=\"button.default\">\n\t\t\t\t\t\t\t\t\t\t<a class=\"elementor-button elementor-button-link elementor-size-sm\" href=\"https:\/\/www.konigchain.com\/fr\/professional-configurator\/\">\n\t\t\t\t\t\t<span class=\"elementor-button-content-wrapper\">\n\t\t\t\t\t\t\t\t\t<span class=\"elementor-button-text\">Configurateur<\/span>\n\t\t\t\t\t<\/span>\n\t\t\t\t\t<\/a>\n\t\t\t\t\t\t\t\t<\/div>\n\t\t\t\t<div class=\"elementor-element elementor-element-11fac14 elementor-align-right elementor-mobile-align-center elementor-widget elementor-widget-button\" data-id=\"11fac14\" data-element_type=\"widget\" data-widget_type=\"button.default\">\n\t\t\t\t\t\t\t\t\t\t<a class=\"elementor-button elementor-button-link elementor-size-sm\" href=\"https:\/\/www.konigchain.com\/fr\/technologie-des-chaines-a-neige-professionnelles\/\">\n\t\t\t\t\t\t<span class=\"elementor-button-content-wrapper\">\n\t\t\t\t\t\t\t\t\t<span class=\"elementor-button-text\">Technologie<\/span>\n\t\t\t\t\t<\/span>\n\t\t\t\t\t<\/a>\n\t\t\t\t\t\t\t\t<\/div>\n\t\t\t\t<\/div>\n\t\t\t\t\t<\/div>\n\t\t\t\t<\/div>\n\t\t\t\t\t<\/div>\n\t\t\t\t<\/div>\n\t\t<div class=\"elementor-element elementor-element-12a482e e-con-full e-flex e-con e-child\" data-id=\"12a482e\" data-element_type=\"container\" data-settings=\"{&quot;background_background&quot;:&quot;classic&quot;,&quot;background_motion_fx_motion_fx_scrolling&quot;:&quot;yes&quot;,&quot;background_motion_fx_translateY_speed&quot;:{&quot;unit&quot;:&quot;px&quot;,&quot;size&quot;:7.3,&quot;sizes&quot;:[]},&quot;background_motion_fx_devices&quot;:[&quot;desktop&quot;],&quot;background_motion_fx_range&quot;:&quot;viewport&quot;,&quot;background_motion_fx_translateY_effect&quot;:&quot;yes&quot;,&quot;background_motion_fx_translateY_affectedRange&quot;:{&quot;unit&quot;:&quot;%&quot;,&quot;size&quot;:&quot;&quot;,&quot;sizes&quot;:{&quot;start&quot;:10,&quot;end&quot;:70}}}\">\n\t\t\t\t<\/div>\n\t\t\t\t<\/div>\n\t\t\t\t<\/div>\n\t\t","protected":false},"excerpt":{"rendered":"<p>Portefeuille de cha\u00eenes \u00e0 neige\u200b CHA\u00ceNES \u00c0 NEIGE grand public ET professionnelles\u200b K\u00f6nig propose des cha\u00eenes \u00e0 neige de premier plan, segment\u00e9es en cha\u00eenes \u00e0 neige grand public et professionnelles. Les cha\u00eenes neige grand public sont g\u00e9n\u00e9ralement destin\u00e9es aux particuliers qui conduisent leur v\u00e9hicule sur des routes enneig\u00e9es et verglac\u00e9es en hiver. Les v\u00e9hicules qui [&hellip;]<\/p>\n","protected":false},"author":3,"featured_media":17449,"parent":0,"menu_order":0,"comment_status":"closed","ping_status":"closed","template":"","meta":{"_acf_changed":false,"footnotes":""},"page-category":[1550],"class_list":["post-17486","page","type-page","status-publish","has-post-thumbnail","hentry","page-category-b2c"],"acf":[],"yoast_head":"<!-- This site is optimized with the Yoast SEO plugin v26.8 - https:\/\/yoast.com\/product\/yoast-seo-wordpress\/ -->\n<title>Cha\u00eenes \u00e0 neige de premi\u00e8re qualit\u00e9, plus faciles \u00e0 utiliser, plus s\u00fbres et plus innovantes - K\u00f6nig<\/title>\n<meta name=\"description\" content=\"Les cha\u00eenes \u00e0 neige K\u00f6nig, leader en termes de facilit\u00e9 d&#039;utilisation, de qualit\u00e9 et de fiabilit\u00e9, sont disponibles pour les voitures, les SUV et les camionnettes, les camions, les chargeurs sur roues et les tracteurs.\" \/>\n<meta name=\"robots\" content=\"index, follow, max-snippet:-1, max-image-preview:large, max-video-preview:-1\" \/>\n<link rel=\"canonical\" href=\"https:\/\/www.konigchain.com\/fr\/chaines-a-neige\/\" \/>\n<meta property=\"og:locale\" content=\"fr_FR\" \/>\n<meta property=\"og:type\" content=\"article\" \/>\n<meta property=\"og:title\" content=\"Cha\u00eenes \u00e0 neige de premi\u00e8re qualit\u00e9, plus faciles \u00e0 utiliser, plus s\u00fbres et plus innovantes - K\u00f6nig\" \/>\n<meta property=\"og:description\" content=\"Les cha\u00eenes \u00e0 neige K\u00f6nig, leader en termes de facilit\u00e9 d&#039;utilisation, de qualit\u00e9 et de fiabilit\u00e9, sont disponibles pour les voitures, les SUV et les camionnettes, les camions, les chargeurs sur roues et les tracteurs.\" \/>\n<meta property=\"og:url\" content=\"https:\/\/www.konigchain.com\/fr\/chaines-a-neige\/\" \/>\n<meta property=\"og:site_name\" content=\"K\u00f6nig\" \/>\n<meta property=\"article:modified_time\" content=\"2025-05-28T13:55:03+00:00\" \/>\n<meta property=\"og:image\" content=\"https:\/\/www.konigchain.com\/wp-content\/uploads\/2024\/07\/Konig-Reflex-Cross_Audi-Q3-43.jpg\" \/>\n\t<meta property=\"og:image:width\" content=\"2500\" \/>\n\t<meta property=\"og:image:height\" content=\"1454\" \/>\n\t<meta property=\"og:image:type\" content=\"image\/jpeg\" \/>\n<meta name=\"twitter:card\" content=\"summary_large_image\" \/>\n<meta name=\"twitter:label1\" content=\"Dur\u00e9e de lecture estim\u00e9e\" \/>\n\t<meta name=\"twitter:data1\" content=\"2 minutes\" \/>\n<script type=\"application\/ld+json\" class=\"yoast-schema-graph\">{\"@context\":\"https:\/\/schema.org\",\"@graph\":[{\"@type\":\"WebPage\",\"@id\":\"https:\/\/www.konigchain.com\/fr\/chaines-a-neige\/\",\"url\":\"https:\/\/www.konigchain.com\/fr\/chaines-a-neige\/\",\"name\":\"Cha\u00eenes \u00e0 neige de premi\u00e8re qualit\u00e9, plus faciles \u00e0 utiliser, plus s\u00fbres et plus innovantes - K\u00f6nig\",\"isPartOf\":{\"@id\":\"https:\/\/www.konigchain.com\/fr\/#website\"},\"primaryImageOfPage\":{\"@id\":\"https:\/\/www.konigchain.com\/fr\/chaines-a-neige\/#primaryimage\"},\"image\":{\"@id\":\"https:\/\/www.konigchain.com\/fr\/chaines-a-neige\/#primaryimage\"},\"thumbnailUrl\":\"https:\/\/www.konigchain.com\/wp-content\/uploads\/2024\/07\/Konig-Reflex-Cross_Audi-Q3-43.jpg\",\"datePublished\":\"2024-01-08T14:55:46+00:00\",\"dateModified\":\"2025-05-28T13:55:03+00:00\",\"description\":\"Les cha\u00eenes \u00e0 neige K\u00f6nig, leader en termes de facilit\u00e9 d'utilisation, de qualit\u00e9 et de fiabilit\u00e9, sont disponibles pour les voitures, les SUV et les camionnettes, les camions, les chargeurs sur roues et les tracteurs.\",\"breadcrumb\":{\"@id\":\"https:\/\/www.konigchain.com\/fr\/chaines-a-neige\/#breadcrumb\"},\"inLanguage\":\"fr-FR\",\"potentialAction\":[{\"@type\":\"ReadAction\",\"target\":[\"https:\/\/www.konigchain.com\/fr\/chaines-a-neige\/\"]}]},{\"@type\":\"ImageObject\",\"inLanguage\":\"fr-FR\",\"@id\":\"https:\/\/www.konigchain.com\/fr\/chaines-a-neige\/#primaryimage\",\"url\":\"https:\/\/www.konigchain.com\/wp-content\/uploads\/2024\/07\/Konig-Reflex-Cross_Audi-Q3-43.jpg\",\"contentUrl\":\"https:\/\/www.konigchain.com\/wp-content\/uploads\/2024\/07\/Konig-Reflex-Cross_Audi-Q3-43.jpg\",\"width\":2500,\"height\":1454},{\"@type\":\"BreadcrumbList\",\"@id\":\"https:\/\/www.konigchain.com\/fr\/chaines-a-neige\/#breadcrumb\",\"itemListElement\":[{\"@type\":\"ListItem\",\"position\":1,\"name\":\"Home\",\"item\":\"https:\/\/www.konigchain.com\/fr\/\"},{\"@type\":\"ListItem\",\"position\":2,\"name\":\"Cha\u00eenes \u00e0 neige\"}]},{\"@type\":\"WebSite\",\"@id\":\"https:\/\/www.konigchain.com\/fr\/#website\",\"url\":\"https:\/\/www.konigchain.com\/fr\/\",\"name\":\"K\u00f6nig\",\"description\":\"\",\"publisher\":{\"@id\":\"https:\/\/www.konigchain.com\/fr\/#organization\"},\"potentialAction\":[{\"@type\":\"SearchAction\",\"target\":{\"@type\":\"EntryPoint\",\"urlTemplate\":\"https:\/\/www.konigchain.com\/fr\/?s={search_term_string}\"},\"query-input\":{\"@type\":\"PropertyValueSpecification\",\"valueRequired\":true,\"valueName\":\"search_term_string\"}}],\"inLanguage\":\"fr-FR\"},{\"@type\":\"Organization\",\"@id\":\"https:\/\/www.konigchain.com\/fr\/#organization\",\"name\":\"K\u00f6nig\",\"url\":\"https:\/\/www.konigchain.com\/fr\/\",\"logo\":{\"@type\":\"ImageObject\",\"inLanguage\":\"fr-FR\",\"@id\":\"https:\/\/www.konigchain.com\/fr\/#\/schema\/logo\/image\/\",\"url\":\"https:\/\/www.konigchain.com\/wp-content\/uploads\/2023\/12\/logo-Konig-2016-BG.png\",\"contentUrl\":\"https:\/\/www.konigchain.com\/wp-content\/uploads\/2023\/12\/logo-Konig-2016-BG.png\",\"width\":3508,\"height\":2480,\"caption\":\"K\u00f6nig\"},\"image\":{\"@id\":\"https:\/\/www.konigchain.com\/fr\/#\/schema\/logo\/image\/\"}}]}<\/script>\n<!-- \/ Yoast SEO plugin. -->","yoast_head_json":{"title":"Cha\u00eenes \u00e0 neige de premi\u00e8re qualit\u00e9, plus faciles \u00e0 utiliser, plus s\u00fbres et plus innovantes - K\u00f6nig","description":"Les cha\u00eenes \u00e0 neige K\u00f6nig, leader en termes de facilit\u00e9 d'utilisation, de qualit\u00e9 et de fiabilit\u00e9, sont disponibles pour les voitures, les SUV et les camionnettes, les camions, les chargeurs sur roues et les tracteurs.","robots":{"index":"index","follow":"follow","max-snippet":"max-snippet:-1","max-image-preview":"max-image-preview:large","max-video-preview":"max-video-preview:-1"},"canonical":"https:\/\/www.konigchain.com\/fr\/chaines-a-neige\/","og_locale":"fr_FR","og_type":"article","og_title":"Cha\u00eenes \u00e0 neige de premi\u00e8re qualit\u00e9, plus faciles \u00e0 utiliser, plus s\u00fbres et plus innovantes - K\u00f6nig","og_description":"Les cha\u00eenes \u00e0 neige K\u00f6nig, leader en termes de facilit\u00e9 d'utilisation, de qualit\u00e9 et de fiabilit\u00e9, sont disponibles pour les voitures, les SUV et les camionnettes, les camions, les chargeurs sur roues et les tracteurs.","og_url":"https:\/\/www.konigchain.com\/fr\/chaines-a-neige\/","og_site_name":"K\u00f6nig","article_modified_time":"2025-05-28T13:55:03+00:00","og_image":[{"width":2500,"height":1454,"url":"https:\/\/www.konigchain.com\/wp-content\/uploads\/2024\/07\/Konig-Reflex-Cross_Audi-Q3-43.jpg","type":"image\/jpeg"}],"twitter_card":"summary_large_image","twitter_misc":{"Dur\u00e9e de lecture estim\u00e9e":"2 minutes"},"schema":{"@context":"https:\/\/schema.org","@graph":[{"@type":"WebPage","@id":"https:\/\/www.konigchain.com\/fr\/chaines-a-neige\/","url":"https:\/\/www.konigchain.com\/fr\/chaines-a-neige\/","name":"Cha\u00eenes \u00e0 neige de premi\u00e8re qualit\u00e9, plus faciles \u00e0 utiliser, plus s\u00fbres et plus innovantes - K\u00f6nig","isPartOf":{"@id":"https:\/\/www.konigchain.com\/fr\/#website"},"primaryImageOfPage":{"@id":"https:\/\/www.konigchain.com\/fr\/chaines-a-neige\/#primaryimage"},"image":{"@id":"https:\/\/www.konigchain.com\/fr\/chaines-a-neige\/#primaryimage"},"thumbnailUrl":"https:\/\/www.konigchain.com\/wp-content\/uploads\/2024\/07\/Konig-Reflex-Cross_Audi-Q3-43.jpg","datePublished":"2024-01-08T14:55:46+00:00","dateModified":"2025-05-28T13:55:03+00:00","description":"Les cha\u00eenes \u00e0 neige K\u00f6nig, leader en termes de facilit\u00e9 d'utilisation, de qualit\u00e9 et de fiabilit\u00e9, sont disponibles pour les voitures, les SUV et les camionnettes, les camions, les chargeurs sur roues et les tracteurs.","breadcrumb":{"@id":"https:\/\/www.konigchain.com\/fr\/chaines-a-neige\/#breadcrumb"},"inLanguage":"fr-FR","potentialAction":[{"@type":"ReadAction","target":["https:\/\/www.konigchain.com\/fr\/chaines-a-neige\/"]}]},{"@type":"ImageObject","inLanguage":"fr-FR","@id":"https:\/\/www.konigchain.com\/fr\/chaines-a-neige\/#primaryimage","url":"https:\/\/www.konigchain.com\/wp-content\/uploads\/2024\/07\/Konig-Reflex-Cross_Audi-Q3-43.jpg","contentUrl":"https:\/\/www.konigchain.com\/wp-content\/uploads\/2024\/07\/Konig-Reflex-Cross_Audi-Q3-43.jpg","width":2500,"height":1454},{"@type":"BreadcrumbList","@id":"https:\/\/www.konigchain.com\/fr\/chaines-a-neige\/#breadcrumb","itemListElement":[{"@type":"ListItem","position":1,"name":"Home","item":"https:\/\/www.konigchain.com\/fr\/"},{"@type":"ListItem","position":2,"name":"Cha\u00eenes \u00e0 neige"}]},{"@type":"WebSite","@id":"https:\/\/www.konigchain.com\/fr\/#website","url":"https:\/\/www.konigchain.com\/fr\/","name":"K\u00f6nig","description":"","publisher":{"@id":"https:\/\/www.konigchain.com\/fr\/#organization"},"potentialAction":[{"@type":"SearchAction","target":{"@type":"EntryPoint","urlTemplate":"https:\/\/www.konigchain.com\/fr\/?s={search_term_string}"},"query-input":{"@type":"PropertyValueSpecification","valueRequired":true,"valueName":"search_term_string"}}],"inLanguage":"fr-FR"},{"@type":"Organization","@id":"https:\/\/www.konigchain.com\/fr\/#organization","name":"K\u00f6nig","url":"https:\/\/www.konigchain.com\/fr\/","logo":{"@type":"ImageObject","inLanguage":"fr-FR","@id":"https:\/\/www.konigchain.com\/fr\/#\/schema\/logo\/image\/","url":"https:\/\/www.konigchain.com\/wp-content\/uploads\/2023\/12\/logo-Konig-2016-BG.png","contentUrl":"https:\/\/www.konigchain.com\/wp-content\/uploads\/2023\/12\/logo-Konig-2016-BG.png","width":3508,"height":2480,"caption":"K\u00f6nig"},"image":{"@id":"https:\/\/www.konigchain.com\/fr\/#\/schema\/logo\/image\/"}}]}},"_links":{"self":[{"href":"https:\/\/www.konigchain.com\/fr\/wp-json\/wp\/v2\/pages\/17486","targetHints":{"allow":["GET"]}}],"collection":[{"href":"https:\/\/www.konigchain.com\/fr\/wp-json\/wp\/v2\/pages"}],"about":[{"href":"https:\/\/www.konigchain.com\/fr\/wp-json\/wp\/v2\/types\/page"}],"author":[{"embeddable":true,"href":"https:\/\/www.konigchain.com\/fr\/wp-json\/wp\/v2\/users\/3"}],"replies":[{"embeddable":true,"href":"https:\/\/www.konigchain.com\/fr\/wp-json\/wp\/v2\/comments?post=17486"}],"version-history":[{"count":5,"href":"https:\/\/www.konigchain.com\/fr\/wp-json\/wp\/v2\/pages\/17486\/revisions"}],"predecessor-version":[{"id":53239,"href":"https:\/\/www.konigchain.com\/fr\/wp-json\/wp\/v2\/pages\/17486\/revisions\/53239"}],"wp:featuredmedia":[{"embeddable":true,"href":"https:\/\/www.konigchain.com\/fr\/wp-json\/wp\/v2\/media\/17449"}],"wp:attachment":[{"href":"https:\/\/www.konigchain.com\/fr\/wp-json\/wp\/v2\/media?parent=17486"}],"wp:term":[{"taxonomy":"page-category","embeddable":true,"href":"https:\/\/www.konigchain.com\/fr\/wp-json\/wp\/v2\/page-category?post=17486"}],"curies":[{"name":"wp","href":"https:\/\/api.w.org\/{rel}","templated":true}]}}