{"id":17919,"date":"2024-05-16T17:13:50","date_gmt":"2024-05-16T15:13:50","guid":{"rendered":"https:\/\/wp1.konigchain.com\/legal-and-privacy-policy\/"},"modified":"2025-05-28T15:54:29","modified_gmt":"2025-05-28T13:54:29","slug":"mentions-legales-et-politique-de-confidentialite","status":"publish","type":"page","link":"https:\/\/www.konigchain.com\/fr\/mentions-legales-et-politique-de-confidentialite\/","title":{"rendered":"Mentions l\u00e9gales et Politique de confidentialit\u00e9"},"content":{"rendered":"\t\t<div data-elementor-type=\"wp-page\" data-elementor-id=\"17919\" class=\"elementor elementor-17919 elementor-5671\" data-elementor-post-type=\"page\">\n\t\t\t\t<div class=\"elementor-element elementor-element-92624a4 e-con-full e-flex e-con e-parent\" data-id=\"92624a4\" data-element_type=\"container\" data-settings=\"{&quot;background_background&quot;:&quot;classic&quot;,&quot;background_motion_fx_motion_fx_scrolling&quot;:&quot;yes&quot;,&quot;background_motion_fx_devices&quot;:[&quot;desktop&quot;,&quot;tablet_extra&quot;,&quot;tablet&quot;,&quot;mobile&quot;]}\">\n\t\t<div class=\"elementor-element elementor-element-b129ec6 e-con-full e-flex e-con e-child\" data-id=\"b129ec6\" data-element_type=\"container\" data-settings=\"{&quot;background_background&quot;:&quot;classic&quot;,&quot;background_motion_fx_motion_fx_scrolling&quot;:&quot;yes&quot;,&quot;background_motion_fx_translateY_effect&quot;:&quot;yes&quot;,&quot;background_motion_fx_translateY_speed&quot;:{&quot;unit&quot;:&quot;px&quot;,&quot;size&quot;:4,&quot;sizes&quot;:[]},&quot;background_motion_fx_translateY_affectedRange&quot;:{&quot;unit&quot;:&quot;%&quot;,&quot;size&quot;:&quot;&quot;,&quot;sizes&quot;:{&quot;start&quot;:0,&quot;end&quot;:100}},&quot;background_motion_fx_devices&quot;:[&quot;desktop&quot;,&quot;tablet_extra&quot;,&quot;tablet&quot;,&quot;mobile&quot;]}\">\n\t\t\t\t<div class=\"elementor-element elementor-element-be9eb93 elementor-widget elementor-widget-heading\" data-id=\"be9eb93\" data-element_type=\"widget\" data-widget_type=\"heading.default\">\n\t\t\t\t\t<h1 class=\"elementor-heading-title elementor-size-default\">Politique l\u00e9gale et de confidentialit\u00e9<\/h1>\t\t\t\t<\/div>\n\t\t\t\t<\/div>\n\t\t\t\t<div class=\"elementor-element elementor-element-c10ba39 elementor-view-stacked elementor-shape-square elementor-invisible elementor-widget elementor-widget-icon\" data-id=\"c10ba39\" data-element_type=\"widget\" data-settings=\"{&quot;motion_fx_motion_fx_scrolling&quot;:&quot;yes&quot;,&quot;_animation&quot;:&quot;bounceIn&quot;,&quot;motion_fx_devices&quot;:[&quot;desktop&quot;,&quot;tablet&quot;],&quot;_animation_delay&quot;:10}\" data-widget_type=\"icon.default\">\n\t\t\t\t\t\t\t<div class=\"elementor-icon-wrapper\">\n\t\t\t<a class=\"elementor-icon\" href=\"#scroll-down\">\n\t\t\t<svg aria-hidden=\"true\" class=\"e-font-icon-svg e-fas-arrow-down\" viewBox=\"0 0 448 512\" xmlns=\"http:\/\/www.w3.org\/2000\/svg\"><path d=\"M413.1 222.5l22.2 22.2c9.4 9.4 9.4 24.6 0 33.9L241 473c-9.4 9.4-24.6 9.4-33.9 0L12.7 278.6c-9.4-9.4-9.4-24.6 0-33.9l22.2-22.2c9.5-9.5 25-9.3 34.3.4L184 343.4V56c0-13.3 10.7-24 24-24h32c13.3 0 24 10.7 24 24v287.4l114.8-120.5c9.3-9.8 24.8-10 34.3-.4z\"><\/path><\/svg>\t\t\t<\/a>\n\t\t<\/div>\n\t\t\t\t\t\t<\/div>\n\t\t\t\t<div class=\"elementor-element elementor-element-bd8e398 elementor-widget elementor-widget-menu-anchor\" data-id=\"bd8e398\" data-element_type=\"widget\" data-widget_type=\"menu-anchor.default\">\n\t\t\t\t\t\t\t<div class=\"elementor-menu-anchor\" id=\"scroll-down\"><\/div>\n\t\t\t\t\t\t<\/div>\n\t\t\t\t<\/div>\n\t\t<div class=\"elementor-element elementor-element-a065e56 e-flex e-con-boxed e-con e-parent\" data-id=\"a065e56\" data-element_type=\"container\">\n\t\t\t\t\t<div class=\"e-con-inner\">\n\t\t\t\t<div class=\"elementor-element elementor-element-0b8e521 elementor-widget elementor-widget-text-editor\" data-id=\"0b8e521\" data-element_type=\"widget\" data-widget_type=\"text-editor.default\">\n\t\t\t\t\t\t\t\t\t<p><strong>Clause de non-responsabilit\u00e9<\/strong><\/p><p>Bien que toutes les pr\u00e9cautions aient \u00e9t\u00e9 prises pour assurer l&rsquo;exactitude des informations figurant sur le site web de K\u00f6nig, ces informations sont fournies \u00ab\u00a0en l&rsquo;\u00e9tat\u00a0\u00bb et nous d\u00e9clinons toute garantie, explicite ou implicite, quant \u00e0 l&rsquo;exactitude, l&rsquo;exhaustivit\u00e9 ou l&rsquo;actualit\u00e9 des informations fournies. Vous reconnaissez que votre utilisation du site web, y compris, mais sans s&rsquo;y limiter, l&rsquo;utilisation de tout lien sur le site web et des informations fournies sur le site web, se fait \u00e0 vos seuls risques. De plus, K\u00f6nig d\u00e9cline toute responsabilit\u00e9 quant au contenu des sites Web de tiers et tous les liens vers ces sites sur le site Web sont fournis uniquement pour vous faciliter la t\u00e2che. Tout le mat\u00e9riel, y compris, mais sans s&rsquo;y limiter, le texte, les photographies, les graphiques et les figures de tout site Internet de K\u00f6nig peut contenir des erreurs techniques ou des inexactitudes typographiques ou d&rsquo;autres types d&rsquo;erreurs ou d&rsquo;inexactitudes. Ni K\u00f6nig ni d\u2019autres soci\u00e9t\u00e9s associ\u00e9es \u00e0 K\u00f6nig ne peuvent \u00eatre tenues responsables pour de telles erreurs ou inexactitudes.<\/p><p>Cela s&rsquo;applique \u00e9galement au \u00ab\u00a0Fit Guide\u00a0\u00bb de ce site web et \u00e0 tout r\u00e9sultat de celui-ci, qui est fourni uniquement en tant que service, \u00e0 de simples fins d&rsquo;information, et qui ne contient aucun conseil ou recommandation pouvant servir de base \u00e0 une quelconque d\u00e9cision ou action. Toutes les donn\u00e9es et informations fournies par le \u00ab\u00a0Fit Guide\u00a0\u00bb proviennent de tests de produits K\u00f6nig sur des produits sp\u00e9cifiques de tiers. Les composants techniques et la qualit\u00e9 des performances, etc. de ces produits tiers et de leurs parties peuvent \u00eatre modifi\u00e9s \u00e0 tout moment apr\u00e8s les essais de K\u00f6nig (sans que K\u00f6nig n&rsquo;en ait connaissance ou ne soit impliqu\u00e9e). Par cons\u00e9quent, ni K\u00f6nig ni d\u2019autres soci\u00e9t\u00e9s associ\u00e9es \u00e0 K\u00f6nig ne seront (sauf disposition contraire explicite dans la l\u00e9gislation contraignante) responsables des dommages mat\u00e9riels ou corporels caus\u00e9s par l&rsquo;utilisation d&rsquo;un produit K\u00f6nig qui diff\u00e8re de tout guide d&rsquo;instruction ou manuel d&rsquo;utilisation qui (i) accompagne le produit K\u00f6nig lors de son achat ou (ii) s&rsquo;applique au(x) produit(s) sur lequel (lesquels) le produit K\u00f6nig doit \u00eatre mont\u00e9 ou utilis\u00e9. Avant l&rsquo;utilisation de chaque produit K\u00f6nig, K\u00f6nig vous encourage \u00e0 lire attentivement le guide d&rsquo;instruction ou le manuel d&rsquo;utilisation.<\/p><p>De plus, K\u00f6nig ne garantit nullement que tout site web de K\u00f6nig est exempt d&rsquo;infection par un virus ou toute autre chose ayant des propri\u00e9t\u00e9s contaminantes ou destructrices ou que les informations sur tout site web de K\u00f6nig seront ininterrompues ou sans erreur.<\/p><p>Ni K\u00f6nig ni d\u2019autres personnes ou soci\u00e9t\u00e9s associ\u00e9es \u00e0 K\u00f6nig ne peuvent \u00eatre tenues responsables de dommage, quel qu&rsquo;il soit, r\u00e9sultant de votre utilisation ou de votre incapacit\u00e9 \u00e0 utiliser ce site web ou toute information, tout contenu, tout service ou tout mat\u00e9riel fourni par ou sur ce site web.<\/p><p>K\u00f6nig se r\u00e9serve le droit de modifier, d&rsquo;ajouter et\/ou d&rsquo;exclure toute information sur le site (y compris la pr\u00e9sente clause de non-responsabilit\u00e9) \u00e0 tout moment et sans pr\u00e9avis. K\u00f6nig n&rsquo;est pas tenue de mettre \u00e0 jour ce site web, y compris les informations qu&rsquo;il contient.<\/p><p><strong>Confidentialit\u00e9 des donn\u00e9es<\/strong><\/p><p>Ce site web est g\u00e9r\u00e9 par Konig S.p.A., Via Pescone, 9, 23867 Suello, ITALIE (\u00ab\u00a0nous\u00a0\u00bb). Le pr\u00e9sent avis d\u00e9crit la mani\u00e8re dont nous, en tant que responsable du traitement, traitons vos donn\u00e9es personnelles dans le cadre de ce site web.<\/p><p><strong>1 Quelles sont les donn\u00e9es vous concernant que nous traitons ?<\/strong><\/p><p>Lors de votre visite sur ce site web, nous recueillons les informations suivantes : la date et l&rsquo;heure auxquelles vous avez acc\u00e9d\u00e9 \u00e0 une page de notre site web, votre adresse IP, le nom et la version de votre navigateur, l&rsquo;URL du site web que vous avez visit\u00e9 avant d&rsquo;acc\u00e9der \u00e0 ce site, certains cookies (voir le point 2 ci-dessous), ainsi que les informations que vous nous avez vous-m\u00eame fournies lorsque vous avez rempli le formulaire de contact ou que vous vous \u00eates inscrit sur notre boutique en ligne.<\/p><p>Il n&rsquo;y a aucune obligation de fournir effectivement les donn\u00e9es que nous vous demandons de divulguer sur notre site web. \u00c0 d\u00e9faut toutefois, vous risquez de ne pas pouvoir utiliser toutes les fonctions du site web.<\/p><p><strong>2 Cookies<\/strong><\/p><p>Ce site web utilise des cookies. Un cookie est un petit fichier texte qui peut \u00eatre stock\u00e9 sur votre ordinateur lorsque vous visitez un site web. Les cookies sont utilis\u00e9s pour fournir aux utilisateurs des fonctions suppl\u00e9mentaires du site web. Ils peuvent par exemple \u00eatre utilis\u00e9s pour faciliter la navigation sur un site web, pour vous permettre de r\u00e9utiliser un site web l\u00e0 o\u00f9 vous l&rsquo;avez quitt\u00e9, et\/ou pour m\u00e9moriser vos pr\u00e9f\u00e9rences et vos param\u00e8tres lorsque vous revenez sur le site web. Les cookies ne peuvent pas lire, \u00a0modifier ou acc\u00e9der \u00e0 d&rsquo;autres donn\u00e9es sur votre ordinateur.<\/p><p>La plupart des cookies de ce site sont des \u00ab\u00a0cookies de session\u00a0\u00bb qui sont supprim\u00e9s automatiquement d\u00e8s que vous quittez notre site web. Les \u00ab\u00a0cookies permanents\u00a0\u00bb, en revanche, restent sur votre ordinateur jusqu&rsquo;\u00e0 ce que vous les supprimiez manuellement dans votre navigateur. Nous utilisons ces cookies permanents pour vous identifier lorsque vous acc\u00e9dez \u00e0 nouveau \u00e0 notre site web.<\/p><p>Si vous souhaitez g\u00e9rer les cookies sur votre ordinateur, vous pouvez param\u00e9trer votre navigateur en cons\u00e9quence, permettant ainsi \u00e0 un site web de vous avertir lorsqu&rsquo;il souhaite stocker des cookies. Vous pouvez \u00e9galement bloquer ou supprimer les cookies qui sont d\u00e9j\u00e0 stock\u00e9s sur votre ordinateur. Pour plus d&rsquo;informations sur la mani\u00e8re de prendre ces mesures, veuillez utiliser la fonction \u00ab\u00a0aide\u00a0\u00bb de votre navigateur.<\/p><p>Nous vous rappelons qu&rsquo;en bloquant ou en supprimant les cookies, vous risquez de nuire \u00e0 votre exp\u00e9rience en ligne et de ne pas pouvoir utiliser toutes les fonctions de notre site web.<\/p><p>Nous utilisons les cookies suivants sur notre site web<\/p><p><strong>3 Objet du traitement des donn\u00e9es<\/strong><\/p><p>Nous utiliserons vos donn\u00e9es personnelles aux fins suivantes :<\/p><p>pour mettre ce site web \u00e0 votre disposition et pour continuer \u00e0 l&rsquo;am\u00e9liorer et \u00e0 le d\u00e9velopper pour recueillir des statistiques d&rsquo;utilisation pour pouvoir d\u00e9tecter, pr\u00e9venir et enqu\u00eater sur la violation de notre site web pour pouvoir r\u00e9pondre \u00e0 vos questions pour pouvoir vous identifier en tant que navigateur ou client de notre boutique en ligne<\/p><p><strong>4 Bases juridiques du traitement<\/strong><\/p><p>La base juridique de notre traitement de vos donn\u00e9es personnelles est notre int\u00e9r\u00eat l\u00e9gitime pr\u00e9pond\u00e9rant conform\u00e9ment \u00e0 l&rsquo;article 6, paragraphe 1, point f), du r\u00e8glement g\u00e9n\u00e9ral de l&rsquo;UE sur la protection des donn\u00e9es, qui vise \u00e0 atteindre les objectifs mentionn\u00e9s au point 3 ci-dessus.<\/p><p><strong>5 Transmission de vos donn\u00e9es personnelles<\/strong><\/p><p>Nous transmettons, aux fins susmentionn\u00e9es, vos donn\u00e9es personnelles aux destinataires suivants :<\/p><p>Les prestataires de services informatiques que nous avons engag\u00e9s ; [une autre cat\u00e9gorie de destinataires de la communication] Certains des destinataires susmentionn\u00e9s sont situ\u00e9s hors de votre pays ou traitent vos donn\u00e9es personnelles \u00e0 l&rsquo;\u00e9tranger. Le niveau de protection des donn\u00e9es dans d&rsquo;autres pays ne correspond pas n\u00e9cessairement \u00e0 celui de votre pays. Toutefois, nous ne transmettons vos donn\u00e9es personnelles que dans des pays qui, selon la Commission europ\u00e9enne, poss\u00e8dent un niveau appropri\u00e9 de protection des donn\u00e9es, ou nous prenons des mesures pour garantir que tous les destinataires poss\u00e8dent un niveau appropri\u00e9 de protection des donn\u00e9es. \u00c0 cette fin, nous int\u00e9grons par exemple des clauses contractuelles types (2010\/87\/CE et\/ou 2004\/915\/CE). Elles sont disponibles sur demande \u00e0 l&rsquo;adresse\u00a0dataprotection@konigchain.com.<\/p><p><strong>6 Dur\u00e9e de conservation<\/strong><\/p><p>Nous conservons vos donn\u00e9es pendant une p\u00e9riode de trois mois. Elles ne sont conserv\u00e9es plus longtemps que lorsque nous le jugeons n\u00e9cessaire pour enqu\u00eater sur des infractions concr\u00e8tes commises sur notre site web.<\/p><p>Lorsque vous vous inscrivez sur notre site web, nous conservons en tout \u00e9tat de cause vos donn\u00e9es tant que votre compte existe, et ensuite seulement tant que les obligations l\u00e9gales les rendent n\u00e9cessaires.<\/p><p><strong>7 Vos droits en mati\u00e8re de donn\u00e9es \u00e0 caract\u00e8re personnel<\/strong><\/p><p>Vous avez \u00e9galement le droit, entre autres (dans le cadre de la l\u00e9gislation applicable), (i) d&rsquo;obtenir confirmation de l&rsquo;existence et de la nature des donn\u00e9es \u00e0 caract\u00e8re personnel que nous avons stock\u00e9es vous concernant, et de recevoir des copies de ces donn\u00e9es ; (ii) d&rsquo;exiger la rectification, la modification ou l&rsquo;effacement lorsque vos donn\u00e9es \u00e0 caract\u00e8re personnel sont incorrectes ou n&rsquo;ont pas \u00e9t\u00e9 trait\u00e9es conform\u00e9ment \u00e0 la loi ; (iii) d&rsquo;exiger de notre part la limitation du traitement de vos donn\u00e9es personnelles ; et (iv) de vous opposer, dans certains cas, au traitement de vos donn\u00e9es personnelles ou de r\u00e9voquer votre consentement pr\u00e9alable au traitement des donn\u00e9es ; (v) d&rsquo;exiger la portabilit\u00e9 des donn\u00e9es ; (vi) d&rsquo;avoir connaissance de l&rsquo;identit\u00e9 des tiers auxquels vos donn\u00e9es personnelles sont transmises ; et (vii) de d\u00e9poser une plainte aupr\u00e8s de l&rsquo;autorit\u00e9 responsable.<\/p><p><strong>8 Nos coordonn\u00e9es<\/strong><\/p><p>Si vous avez des questions ou des pr\u00e9occupations concernant le traitement de vos donn\u00e9es personnelles, veuillez nous contacter :<\/p><p>Konig S.p.A.<br \/>Via Pescone 9<br \/>23867 Suello<br \/>ITALY<\/p><p>\u00a0info@konigchain.com\u00a0<\/p><p>Sinon, n&rsquo;h\u00e9sitez pas \u00e0 contacter notre coordinateur de la protection des donn\u00e9es \u00e0 dataprotection(at)konigchain.com<\/p><p><em>Derni\u00e8re mise \u00e0 jour : 2 juillet 2019<\/em><\/p>\t\t\t\t\t\t\t\t<\/div>\n\t\t\t\t\t<\/div>\n\t\t\t\t<\/div>\n\t\t\t\t<\/div>\n\t\t","protected":false},"excerpt":{"rendered":"<p>Politique l\u00e9gale et de confidentialit\u00e9 Clause de non-responsabilit\u00e9 Bien que toutes les pr\u00e9cautions aient \u00e9t\u00e9 prises pour assurer l&rsquo;exactitude des informations figurant sur le site web de K\u00f6nig, ces informations sont fournies \u00ab\u00a0en l&rsquo;\u00e9tat\u00a0\u00bb et nous d\u00e9clinons toute garantie, explicite ou implicite, quant \u00e0 l&rsquo;exactitude, l&rsquo;exhaustivit\u00e9 ou l&rsquo;actualit\u00e9 des informations fournies. Vous reconnaissez que votre [&hellip;]<\/p>\n","protected":false},"author":3,"featured_media":0,"parent":0,"menu_order":0,"comment_status":"closed","ping_status":"closed","template":"","meta":{"_acf_changed":false,"footnotes":""},"page-category":[1550],"class_list":["post-17919","page","type-page","status-publish","hentry","page-category-b2c"],"acf":[],"yoast_head":"<!-- This site is optimized with the Yoast SEO plugin v26.8 - https:\/\/yoast.com\/product\/yoast-seo-wordpress\/ -->\n<title>Mentions l\u00e9gales et Politique de confidentialit\u00e9 - K\u00f6nig<\/title>\n<meta name=\"robots\" content=\"index, follow, max-snippet:-1, max-image-preview:large, max-video-preview:-1\" \/>\n<link rel=\"canonical\" href=\"https:\/\/www.konigchain.com\/fr\/mentions-legales-et-politique-de-confidentialite\/\" \/>\n<meta property=\"og:locale\" content=\"fr_FR\" \/>\n<meta property=\"og:type\" content=\"article\" \/>\n<meta property=\"og:title\" content=\"Mentions l\u00e9gales et Politique de confidentialit\u00e9 - K\u00f6nig\" \/>\n<meta property=\"og:description\" content=\"Politique l\u00e9gale et de confidentialit\u00e9 Clause de non-responsabilit\u00e9 Bien que toutes les pr\u00e9cautions aient \u00e9t\u00e9 prises pour assurer l&rsquo;exactitude des informations figurant sur le site web de K\u00f6nig, ces informations sont fournies \u00ab\u00a0en l&rsquo;\u00e9tat\u00a0\u00bb et nous d\u00e9clinons toute garantie, explicite ou implicite, quant \u00e0 l&rsquo;exactitude, l&rsquo;exhaustivit\u00e9 ou l&rsquo;actualit\u00e9 des informations fournies. Vous reconnaissez que votre [&hellip;]\" \/>\n<meta property=\"og:url\" content=\"https:\/\/www.konigchain.com\/fr\/mentions-legales-et-politique-de-confidentialite\/\" \/>\n<meta property=\"og:site_name\" content=\"K\u00f6nig\" \/>\n<meta property=\"article:modified_time\" content=\"2025-05-28T13:54:29+00:00\" \/>\n<meta property=\"og:image\" content=\"https:\/\/www.konigchain.com\/wp-content\/uploads\/2025\/06\/Konig-snowchains-website.jpg\" \/>\n\t<meta property=\"og:image:width\" content=\"1350\" \/>\n\t<meta property=\"og:image:height\" content=\"675\" \/>\n\t<meta property=\"og:image:type\" content=\"image\/jpeg\" \/>\n<meta name=\"twitter:card\" content=\"summary_large_image\" \/>\n<meta name=\"twitter:label1\" content=\"Dur\u00e9e de lecture estim\u00e9e\" \/>\n\t<meta name=\"twitter:data1\" content=\"8 minutes\" \/>\n<script type=\"application\/ld+json\" class=\"yoast-schema-graph\">{\"@context\":\"https:\/\/schema.org\",\"@graph\":[{\"@type\":\"WebPage\",\"@id\":\"https:\/\/www.konigchain.com\/fr\/mentions-legales-et-politique-de-confidentialite\/\",\"url\":\"https:\/\/www.konigchain.com\/fr\/mentions-legales-et-politique-de-confidentialite\/\",\"name\":\"Mentions l\u00e9gales et Politique de confidentialit\u00e9 - K\u00f6nig\",\"isPartOf\":{\"@id\":\"https:\/\/www.konigchain.com\/fr\/#website\"},\"datePublished\":\"2024-05-16T15:13:50+00:00\",\"dateModified\":\"2025-05-28T13:54:29+00:00\",\"breadcrumb\":{\"@id\":\"https:\/\/www.konigchain.com\/fr\/mentions-legales-et-politique-de-confidentialite\/#breadcrumb\"},\"inLanguage\":\"fr-FR\",\"potentialAction\":[{\"@type\":\"ReadAction\",\"target\":[\"https:\/\/www.konigchain.com\/fr\/mentions-legales-et-politique-de-confidentialite\/\"]}]},{\"@type\":\"BreadcrumbList\",\"@id\":\"https:\/\/www.konigchain.com\/fr\/mentions-legales-et-politique-de-confidentialite\/#breadcrumb\",\"itemListElement\":[{\"@type\":\"ListItem\",\"position\":1,\"name\":\"Home\",\"item\":\"https:\/\/www.konigchain.com\/fr\/\"},{\"@type\":\"ListItem\",\"position\":2,\"name\":\"Mentions l\u00e9gales et Politique de confidentialit\u00e9\"}]},{\"@type\":\"WebSite\",\"@id\":\"https:\/\/www.konigchain.com\/fr\/#website\",\"url\":\"https:\/\/www.konigchain.com\/fr\/\",\"name\":\"K\u00f6nig\",\"description\":\"\",\"publisher\":{\"@id\":\"https:\/\/www.konigchain.com\/fr\/#organization\"},\"potentialAction\":[{\"@type\":\"SearchAction\",\"target\":{\"@type\":\"EntryPoint\",\"urlTemplate\":\"https:\/\/www.konigchain.com\/fr\/?s={search_term_string}\"},\"query-input\":{\"@type\":\"PropertyValueSpecification\",\"valueRequired\":true,\"valueName\":\"search_term_string\"}}],\"inLanguage\":\"fr-FR\"},{\"@type\":\"Organization\",\"@id\":\"https:\/\/www.konigchain.com\/fr\/#organization\",\"name\":\"K\u00f6nig\",\"url\":\"https:\/\/www.konigchain.com\/fr\/\",\"logo\":{\"@type\":\"ImageObject\",\"inLanguage\":\"fr-FR\",\"@id\":\"https:\/\/www.konigchain.com\/fr\/#\/schema\/logo\/image\/\",\"url\":\"https:\/\/www.konigchain.com\/wp-content\/uploads\/2023\/12\/logo-Konig-2016-BG.png\",\"contentUrl\":\"https:\/\/www.konigchain.com\/wp-content\/uploads\/2023\/12\/logo-Konig-2016-BG.png\",\"width\":3508,\"height\":2480,\"caption\":\"K\u00f6nig\"},\"image\":{\"@id\":\"https:\/\/www.konigchain.com\/fr\/#\/schema\/logo\/image\/\"}}]}<\/script>\n<!-- \/ Yoast SEO plugin. -->","yoast_head_json":{"title":"Mentions l\u00e9gales et Politique de confidentialit\u00e9 - K\u00f6nig","robots":{"index":"index","follow":"follow","max-snippet":"max-snippet:-1","max-image-preview":"max-image-preview:large","max-video-preview":"max-video-preview:-1"},"canonical":"https:\/\/www.konigchain.com\/fr\/mentions-legales-et-politique-de-confidentialite\/","og_locale":"fr_FR","og_type":"article","og_title":"Mentions l\u00e9gales et Politique de confidentialit\u00e9 - K\u00f6nig","og_description":"Politique l\u00e9gale et de confidentialit\u00e9 Clause de non-responsabilit\u00e9 Bien que toutes les pr\u00e9cautions aient \u00e9t\u00e9 prises pour assurer l&rsquo;exactitude des informations figurant sur le site web de K\u00f6nig, ces informations sont fournies \u00ab\u00a0en l&rsquo;\u00e9tat\u00a0\u00bb et nous d\u00e9clinons toute garantie, explicite ou implicite, quant \u00e0 l&rsquo;exactitude, l&rsquo;exhaustivit\u00e9 ou l&rsquo;actualit\u00e9 des informations fournies. Vous reconnaissez que votre [&hellip;]","og_url":"https:\/\/www.konigchain.com\/fr\/mentions-legales-et-politique-de-confidentialite\/","og_site_name":"K\u00f6nig","article_modified_time":"2025-05-28T13:54:29+00:00","og_image":[{"width":1350,"height":675,"url":"https:\/\/www.konigchain.com\/wp-content\/uploads\/2025\/06\/Konig-snowchains-website.jpg","type":"image\/jpeg"}],"twitter_card":"summary_large_image","twitter_misc":{"Dur\u00e9e de lecture estim\u00e9e":"8 minutes"},"schema":{"@context":"https:\/\/schema.org","@graph":[{"@type":"WebPage","@id":"https:\/\/www.konigchain.com\/fr\/mentions-legales-et-politique-de-confidentialite\/","url":"https:\/\/www.konigchain.com\/fr\/mentions-legales-et-politique-de-confidentialite\/","name":"Mentions l\u00e9gales et Politique de confidentialit\u00e9 - K\u00f6nig","isPartOf":{"@id":"https:\/\/www.konigchain.com\/fr\/#website"},"datePublished":"2024-05-16T15:13:50+00:00","dateModified":"2025-05-28T13:54:29+00:00","breadcrumb":{"@id":"https:\/\/www.konigchain.com\/fr\/mentions-legales-et-politique-de-confidentialite\/#breadcrumb"},"inLanguage":"fr-FR","potentialAction":[{"@type":"ReadAction","target":["https:\/\/www.konigchain.com\/fr\/mentions-legales-et-politique-de-confidentialite\/"]}]},{"@type":"BreadcrumbList","@id":"https:\/\/www.konigchain.com\/fr\/mentions-legales-et-politique-de-confidentialite\/#breadcrumb","itemListElement":[{"@type":"ListItem","position":1,"name":"Home","item":"https:\/\/www.konigchain.com\/fr\/"},{"@type":"ListItem","position":2,"name":"Mentions l\u00e9gales et Politique de confidentialit\u00e9"}]},{"@type":"WebSite","@id":"https:\/\/www.konigchain.com\/fr\/#website","url":"https:\/\/www.konigchain.com\/fr\/","name":"K\u00f6nig","description":"","publisher":{"@id":"https:\/\/www.konigchain.com\/fr\/#organization"},"potentialAction":[{"@type":"SearchAction","target":{"@type":"EntryPoint","urlTemplate":"https:\/\/www.konigchain.com\/fr\/?s={search_term_string}"},"query-input":{"@type":"PropertyValueSpecification","valueRequired":true,"valueName":"search_term_string"}}],"inLanguage":"fr-FR"},{"@type":"Organization","@id":"https:\/\/www.konigchain.com\/fr\/#organization","name":"K\u00f6nig","url":"https:\/\/www.konigchain.com\/fr\/","logo":{"@type":"ImageObject","inLanguage":"fr-FR","@id":"https:\/\/www.konigchain.com\/fr\/#\/schema\/logo\/image\/","url":"https:\/\/www.konigchain.com\/wp-content\/uploads\/2023\/12\/logo-Konig-2016-BG.png","contentUrl":"https:\/\/www.konigchain.com\/wp-content\/uploads\/2023\/12\/logo-Konig-2016-BG.png","width":3508,"height":2480,"caption":"K\u00f6nig"},"image":{"@id":"https:\/\/www.konigchain.com\/fr\/#\/schema\/logo\/image\/"}}]}},"_links":{"self":[{"href":"https:\/\/www.konigchain.com\/fr\/wp-json\/wp\/v2\/pages\/17919","targetHints":{"allow":["GET"]}}],"collection":[{"href":"https:\/\/www.konigchain.com\/fr\/wp-json\/wp\/v2\/pages"}],"about":[{"href":"https:\/\/www.konigchain.com\/fr\/wp-json\/wp\/v2\/types\/page"}],"author":[{"embeddable":true,"href":"https:\/\/www.konigchain.com\/fr\/wp-json\/wp\/v2\/users\/3"}],"replies":[{"embeddable":true,"href":"https:\/\/www.konigchain.com\/fr\/wp-json\/wp\/v2\/comments?post=17919"}],"version-history":[{"count":5,"href":"https:\/\/www.konigchain.com\/fr\/wp-json\/wp\/v2\/pages\/17919\/revisions"}],"predecessor-version":[{"id":52846,"href":"https:\/\/www.konigchain.com\/fr\/wp-json\/wp\/v2\/pages\/17919\/revisions\/52846"}],"wp:attachment":[{"href":"https:\/\/www.konigchain.com\/fr\/wp-json\/wp\/v2\/media?parent=17919"}],"wp:term":[{"taxonomy":"page-category","embeddable":true,"href":"https:\/\/www.konigchain.com\/fr\/wp-json\/wp\/v2\/page-category?post=17919"}],"curies":[{"name":"wp","href":"https:\/\/api.w.org\/{rel}","templated":true}]}}