{"id":18010,"date":"2024-04-30T07:54:15","date_gmt":"2024-04-30T05:54:15","guid":{"rendered":"https:\/\/wp1.konigchain.com\/snow-chains-technology\/"},"modified":"2025-08-27T12:21:17","modified_gmt":"2025-08-27T10:21:17","slug":"technologie-des-chaines-a-neige","status":"publish","type":"page","link":"https:\/\/www.konigchain.com\/fr\/technologie-des-chaines-a-neige\/","title":{"rendered":"Technologie des cha\u00eenes \u00e0 neige"},"content":{"rendered":"\t\t<div data-elementor-type=\"wp-page\" data-elementor-id=\"18010\" class=\"elementor elementor-18010 elementor-3553\" data-elementor-post-type=\"page\">\n\t\t\t\t<div class=\"elementor-element elementor-element-0b77d3b e-con-full e-flex e-con e-parent\" data-id=\"0b77d3b\" data-element_type=\"container\" data-settings=\"{&quot;background_background&quot;:&quot;classic&quot;,&quot;background_motion_fx_motion_fx_scrolling&quot;:&quot;yes&quot;,&quot;background_motion_fx_devices&quot;:[&quot;desktop&quot;,&quot;tablet_extra&quot;,&quot;tablet&quot;,&quot;mobile&quot;]}\">\n\t\t<div class=\"elementor-element elementor-element-1afc669 e-con-full e-flex e-con e-child\" data-id=\"1afc669\" data-element_type=\"container\" data-settings=\"{&quot;background_background&quot;:&quot;classic&quot;,&quot;background_motion_fx_motion_fx_scrolling&quot;:&quot;yes&quot;,&quot;background_motion_fx_translateY_effect&quot;:&quot;yes&quot;,&quot;background_motion_fx_translateY_speed&quot;:{&quot;unit&quot;:&quot;px&quot;,&quot;size&quot;:4,&quot;sizes&quot;:[]},&quot;background_motion_fx_translateY_affectedRange&quot;:{&quot;unit&quot;:&quot;%&quot;,&quot;size&quot;:&quot;&quot;,&quot;sizes&quot;:{&quot;start&quot;:0,&quot;end&quot;:100}},&quot;background_motion_fx_devices&quot;:[&quot;desktop&quot;,&quot;tablet_extra&quot;,&quot;tablet&quot;,&quot;mobile&quot;]}\">\n\t\t\t\t<div class=\"elementor-element elementor-element-e36a31e elementor-widget elementor-widget-heading\" data-id=\"e36a31e\" data-element_type=\"widget\" data-widget_type=\"heading.default\">\n\t\t\t\t\t<h1 class=\"elementor-heading-title elementor-size-default\">Technologie des cha\u00eenes \u00e0 neige\n<\/h1>\t\t\t\t<\/div>\n\t\t\t\t<div class=\"elementor-element elementor-element-57c3995 elementor-widget__width-initial elementor-widget elementor-widget-heading\" data-id=\"57c3995\" data-element_type=\"widget\" data-widget_type=\"heading.default\">\n\t\t\t\t\t<h2 class=\"elementor-heading-title elementor-size-default\">Des solutions uniques pour faire briller l'exp\u00e9rience de nos produits\n<\/h2>\t\t\t\t<\/div>\n\t\t\t\t<\/div>\n\t\t\t\t<div class=\"elementor-element elementor-element-3fbc411 elementor-view-stacked elementor-shape-square elementor-invisible elementor-widget elementor-widget-icon\" data-id=\"3fbc411\" data-element_type=\"widget\" data-settings=\"{&quot;motion_fx_motion_fx_scrolling&quot;:&quot;yes&quot;,&quot;_animation&quot;:&quot;bounceIn&quot;,&quot;motion_fx_devices&quot;:[&quot;desktop&quot;,&quot;tablet&quot;],&quot;_animation_delay&quot;:10}\" data-widget_type=\"icon.default\">\n\t\t\t\t\t\t\t<div class=\"elementor-icon-wrapper\">\n\t\t\t<a class=\"elementor-icon\" href=\"#scroll-down\">\n\t\t\t<svg aria-hidden=\"true\" class=\"e-font-icon-svg e-fas-arrow-down\" viewBox=\"0 0 448 512\" xmlns=\"http:\/\/www.w3.org\/2000\/svg\"><path d=\"M413.1 222.5l22.2 22.2c9.4 9.4 9.4 24.6 0 33.9L241 473c-9.4 9.4-24.6 9.4-33.9 0L12.7 278.6c-9.4-9.4-9.4-24.6 0-33.9l22.2-22.2c9.5-9.5 25-9.3 34.3.4L184 343.4V56c0-13.3 10.7-24 24-24h32c13.3 0 24 10.7 24 24v287.4l114.8-120.5c9.3-9.8 24.8-10 34.3-.4z\"><\/path><\/svg>\t\t\t<\/a>\n\t\t<\/div>\n\t\t\t\t\t\t<\/div>\n\t\t\t\t<div class=\"elementor-element elementor-element-8de87bc elementor-widget elementor-widget-menu-anchor\" data-id=\"8de87bc\" data-element_type=\"widget\" data-widget_type=\"menu-anchor.default\">\n\t\t\t\t\t\t\t<div class=\"elementor-menu-anchor\" id=\"scroll-down\"><\/div>\n\t\t\t\t\t\t<\/div>\n\t\t\t\t<\/div>\n\t\t<div class=\"elementor-element elementor-element-47f5e84f e-con-full e-flex e-con e-parent\" data-id=\"47f5e84f\" data-element_type=\"container\" data-settings=\"{&quot;background_background&quot;:&quot;classic&quot;}\">\n\t\t<div class=\"elementor-element elementor-element-7961868 e-flex e-con-boxed e-con e-child\" data-id=\"7961868\" data-element_type=\"container\">\n\t\t\t\t\t<div class=\"e-con-inner\">\n\t\t\t\t<div class=\"elementor-element elementor-element-2cc5a6ba elementor-widget elementor-widget-text-editor\" data-id=\"2cc5a6ba\" data-element_type=\"widget\" data-widget_type=\"text-editor.default\">\n\t\t\t\t\t\t\t\t\t<p>Apr\u00e8s plus de 50 ans de conception et de d\u00e9veloppement de cha\u00eenes \u00e0 neige, K\u00f6nig poss\u00e8de une grande vari\u00e9t\u00e9 de technologies propri\u00e9taires qui sont d\u00e9ploy\u00e9es sur les diff\u00e9rents segments et cat\u00e9gories de produits.<\/p>\t\t\t\t\t\t\t\t<\/div>\n\t\t\t\t\t<\/div>\n\t\t\t\t<\/div>\n\t\t\t\t<\/div>\n\t\t<div class=\"elementor-element elementor-element-71f5dea0 e-con-full e-flex e-con e-parent\" data-id=\"71f5dea0\" data-element_type=\"container\" data-settings=\"{&quot;background_background&quot;:&quot;classic&quot;}\">\n\t\t<div class=\"elementor-element elementor-element-4a4dacc5 e-con-full e-flex e-con e-child\" data-id=\"4a4dacc5\" data-element_type=\"container\" data-settings=\"{&quot;background_background&quot;:&quot;classic&quot;}\">\n\t\t\t\t<\/div>\n\t\t<div class=\"elementor-element elementor-element-d1aa0e4 e-con-full e-flex e-con e-child\" data-id=\"d1aa0e4\" data-element_type=\"container\">\n\t\t\t\t<div class=\"elementor-element elementor-element-6569c55e elementor-widget-divider--view-line elementor-widget elementor-widget-divider\" data-id=\"6569c55e\" data-element_type=\"widget\" data-widget_type=\"divider.default\">\n\t\t\t\t\t\t\t<div class=\"elementor-divider\">\n\t\t\t<span class=\"elementor-divider-separator\">\n\t\t\t\t\t\t<\/span>\n\t\t<\/div>\n\t\t\t\t\t\t<\/div>\n\t\t\t\t<div class=\"elementor-element elementor-element-1b71cd3c elementor-widget elementor-widget-heading\" data-id=\"1b71cd3c\" data-element_type=\"widget\" data-widget_type=\"heading.default\">\n\t\t\t\t\t<h2 class=\"elementor-heading-title elementor-size-default\">Technologie de cha\u00eene \u00e0 neige pour le grand public\u200b<\/h2>\t\t\t\t<\/div>\n\t\t\t\t<div class=\"elementor-element elementor-element-303f4c83 elementor-widget elementor-widget-text-editor\" data-id=\"303f4c83\" data-element_type=\"widget\" data-widget_type=\"text-editor.default\">\n\t\t\t\t\t\t\t\t\t<p style=\"text-align: center;\">Nos technologies de cha\u00eenes \u00e0 neige grand public visent \u00e0 rendre les cha\u00eenes \u00e0 neige pour voitures, crossovers, SUV et camionnettes plus s\u00fbres, plus fiables et plus faciles \u00e0 utiliser, en particulier pour les personnes qui ne sont pas, par d\u00e9finition, des experts en cha\u00eenes \u00e0 neige.<\/p>\t\t\t\t\t\t\t\t<\/div>\n\t\t\t\t<div class=\"elementor-element elementor-element-a661f61 elementor-align-center elementor-widget elementor-widget-button\" data-id=\"a661f61\" data-element_type=\"widget\" data-widget_type=\"button.default\">\n\t\t\t\t\t\t\t\t\t\t<a class=\"elementor-button elementor-button-link elementor-size-sm\" href=\"https:\/\/www.konigchain.com\/fr\/technologie-de-chaine-a-neige-pour-le-grand-public\/\">\n\t\t\t\t\t\t<span class=\"elementor-button-content-wrapper\">\n\t\t\t\t\t\t\t\t\t<span class=\"elementor-button-text\">Explorer<\/span>\n\t\t\t\t\t<\/span>\n\t\t\t\t\t<\/a>\n\t\t\t\t\t\t\t\t<\/div>\n\t\t\t\t<\/div>\n\t\t\t\t<\/div>\n\t\t<div class=\"elementor-element elementor-element-81419e8 e-con-full e-flex e-con e-parent\" data-id=\"81419e8\" data-element_type=\"container\" data-settings=\"{&quot;background_background&quot;:&quot;classic&quot;}\">\n\t\t<div class=\"elementor-element elementor-element-217ac2c e-con-full e-flex e-con e-child\" data-id=\"217ac2c\" data-element_type=\"container\">\n\t\t\t\t<div class=\"elementor-element elementor-element-1f7ebb5 elementor-widget-divider--view-line elementor-widget elementor-widget-divider\" data-id=\"1f7ebb5\" data-element_type=\"widget\" data-widget_type=\"divider.default\">\n\t\t\t\t\t\t\t<div class=\"elementor-divider\">\n\t\t\t<span class=\"elementor-divider-separator\">\n\t\t\t\t\t\t<\/span>\n\t\t<\/div>\n\t\t\t\t\t\t<\/div>\n\t\t\t\t<div class=\"elementor-element elementor-element-7e85268 elementor-widget elementor-widget-heading\" data-id=\"7e85268\" data-element_type=\"widget\" data-widget_type=\"heading.default\">\n\t\t\t\t\t<h2 class=\"elementor-heading-title elementor-size-default\">Technologie des cha\u00eenes \u00e0 neige professionnelles<\/h2>\t\t\t\t<\/div>\n\t\t\t\t<div class=\"elementor-element elementor-element-c4f6fd4 elementor-widget elementor-widget-text-editor\" data-id=\"c4f6fd4\" data-element_type=\"widget\" data-widget_type=\"text-editor.default\">\n\t\t\t\t\t\t\t\t\t<p style=\"text-align: center;\">Les technologies des cha\u00eenes \u00e0 neige professionnelles visent \u00e0 rendre les cha\u00eenes \u00e0 neige plus fiables, plus r\u00e9sistantes et plus durables.<\/p>\t\t\t\t\t\t\t\t<\/div>\n\t\t\t\t<div class=\"elementor-element elementor-element-40c939f elementor-align-center elementor-widget elementor-widget-button\" data-id=\"40c939f\" data-element_type=\"widget\" data-widget_type=\"button.default\">\n\t\t\t\t\t\t\t\t\t\t<a class=\"elementor-button elementor-button-link elementor-size-sm\" href=\"https:\/\/www.konigchain.com\/fr\/technologie-des-chaines-a-neige-professionnelles\/\">\n\t\t\t\t\t\t<span class=\"elementor-button-content-wrapper\">\n\t\t\t\t\t\t\t\t\t<span class=\"elementor-button-text\">Explorer<\/span>\n\t\t\t\t\t<\/span>\n\t\t\t\t\t<\/a>\n\t\t\t\t\t\t\t\t<\/div>\n\t\t\t\t<\/div>\n\t\t<div class=\"elementor-element elementor-element-f5e422e e-con-full e-flex e-con e-child\" data-id=\"f5e422e\" data-element_type=\"container\" data-settings=\"{&quot;background_background&quot;:&quot;classic&quot;}\">\n\t\t\t\t<\/div>\n\t\t\t\t<\/div>\n\t\t\t\t<\/div>\n\t\t","protected":false},"excerpt":{"rendered":"<p>Technologie des cha\u00eenes \u00e0 neige Des solutions uniques pour faire briller l&rsquo;exp\u00e9rience de nos produits Apr\u00e8s plus de 50 ans de conception et de d\u00e9veloppement de cha\u00eenes \u00e0 neige, K\u00f6nig poss\u00e8de une grande vari\u00e9t\u00e9 de technologies propri\u00e9taires qui sont d\u00e9ploy\u00e9es sur les diff\u00e9rents segments et cat\u00e9gories de produits. Technologie de cha\u00eene \u00e0 neige pour le [&hellip;]<\/p>\n","protected":false},"author":3,"featured_media":12923,"parent":0,"menu_order":0,"comment_status":"closed","ping_status":"closed","template":"","meta":{"_acf_changed":false,"footnotes":""},"page-category":[1550],"class_list":["post-18010","page","type-page","status-publish","has-post-thumbnail","hentry","page-category-b2c"],"acf":[],"yoast_head":"<!-- This site is optimized with the Yoast SEO plugin v26.8 - https:\/\/yoast.com\/product\/yoast-seo-wordpress\/ -->\n<title>La technologie des cha\u00eenes \u00e0 neige K\u00f6nig pour une utilisation plus facile et plus fiable<\/title>\n<meta name=\"description\" content=\"K\u00f6nig utilise des technologies de pointe qui rendent le montage des cha\u00eenes \u00e0 neige plus facile et plus rapide, tout en conservant la traction et la fiabilit\u00e9 sur les routes enneig\u00e9es et verglac\u00e9es.\" \/>\n<meta name=\"robots\" content=\"index, follow, max-snippet:-1, max-image-preview:large, max-video-preview:-1\" \/>\n<link rel=\"canonical\" href=\"https:\/\/www.konigchain.com\/fr\/technologie-des-chaines-a-neige\/\" \/>\n<meta property=\"og:locale\" content=\"fr_FR\" \/>\n<meta property=\"og:type\" content=\"article\" \/>\n<meta property=\"og:title\" content=\"La technologie des cha\u00eenes \u00e0 neige K\u00f6nig pour une utilisation plus facile et plus fiable\" \/>\n<meta property=\"og:description\" content=\"K\u00f6nig utilise des technologies de pointe qui rendent le montage des cha\u00eenes \u00e0 neige plus facile et plus rapide, tout en conservant la traction et la fiabilit\u00e9 sur les routes enneig\u00e9es et verglac\u00e9es.\" \/>\n<meta property=\"og:url\" content=\"https:\/\/www.konigchain.com\/fr\/technologie-des-chaines-a-neige\/\" \/>\n<meta property=\"og:site_name\" content=\"K\u00f6nig\" \/>\n<meta property=\"article:modified_time\" content=\"2025-08-27T10:21:17+00:00\" \/>\n<meta property=\"og:image\" content=\"https:\/\/www.konigchain.com\/wp-content\/uploads\/2024\/01\/Konig-Reflex-Edge_Golf_5-1-scaled.jpg\" \/>\n\t<meta property=\"og:image:width\" content=\"2560\" \/>\n\t<meta property=\"og:image:height\" content=\"1707\" \/>\n\t<meta property=\"og:image:type\" content=\"image\/webp\" \/>\n<meta name=\"twitter:card\" content=\"summary_large_image\" \/>\n<meta name=\"twitter:label1\" content=\"Dur\u00e9e de lecture estim\u00e9e\" \/>\n\t<meta name=\"twitter:data1\" content=\"1 minute\" \/>\n<script type=\"application\/ld+json\" class=\"yoast-schema-graph\">{\"@context\":\"https:\/\/schema.org\",\"@graph\":[{\"@type\":\"WebPage\",\"@id\":\"https:\/\/www.konigchain.com\/fr\/technologie-des-chaines-a-neige\/\",\"url\":\"https:\/\/www.konigchain.com\/fr\/technologie-des-chaines-a-neige\/\",\"name\":\"La technologie des cha\u00eenes \u00e0 neige K\u00f6nig pour une utilisation plus facile et plus fiable\",\"isPartOf\":{\"@id\":\"https:\/\/www.konigchain.com\/fr\/#website\"},\"primaryImageOfPage\":{\"@id\":\"https:\/\/www.konigchain.com\/fr\/technologie-des-chaines-a-neige\/#primaryimage\"},\"image\":{\"@id\":\"https:\/\/www.konigchain.com\/fr\/technologie-des-chaines-a-neige\/#primaryimage\"},\"thumbnailUrl\":\"https:\/\/www.konigchain.com\/wp-content\/uploads\/2024\/01\/Konig-Reflex-Edge_Golf_5-1-scaled.jpg\",\"datePublished\":\"2024-04-30T05:54:15+00:00\",\"dateModified\":\"2025-08-27T10:21:17+00:00\",\"description\":\"K\u00f6nig utilise des technologies de pointe qui rendent le montage des cha\u00eenes \u00e0 neige plus facile et plus rapide, tout en conservant la traction et la fiabilit\u00e9 sur les routes enneig\u00e9es et verglac\u00e9es.\",\"breadcrumb\":{\"@id\":\"https:\/\/www.konigchain.com\/fr\/technologie-des-chaines-a-neige\/#breadcrumb\"},\"inLanguage\":\"fr-FR\",\"potentialAction\":[{\"@type\":\"ReadAction\",\"target\":[\"https:\/\/www.konigchain.com\/fr\/technologie-des-chaines-a-neige\/\"]}]},{\"@type\":\"ImageObject\",\"inLanguage\":\"fr-FR\",\"@id\":\"https:\/\/www.konigchain.com\/fr\/technologie-des-chaines-a-neige\/#primaryimage\",\"url\":\"https:\/\/www.konigchain.com\/wp-content\/uploads\/2024\/01\/Konig-Reflex-Edge_Golf_5-1-scaled.jpg\",\"contentUrl\":\"https:\/\/www.konigchain.com\/wp-content\/uploads\/2024\/01\/Konig-Reflex-Edge_Golf_5-1-scaled.jpg\",\"width\":2560,\"height\":1707},{\"@type\":\"BreadcrumbList\",\"@id\":\"https:\/\/www.konigchain.com\/fr\/technologie-des-chaines-a-neige\/#breadcrumb\",\"itemListElement\":[{\"@type\":\"ListItem\",\"position\":1,\"name\":\"Home\",\"item\":\"https:\/\/www.konigchain.com\/fr\/\"},{\"@type\":\"ListItem\",\"position\":2,\"name\":\"Technologie des cha\u00eenes \u00e0 neige\"}]},{\"@type\":\"WebSite\",\"@id\":\"https:\/\/www.konigchain.com\/fr\/#website\",\"url\":\"https:\/\/www.konigchain.com\/fr\/\",\"name\":\"K\u00f6nig\",\"description\":\"\",\"publisher\":{\"@id\":\"https:\/\/www.konigchain.com\/fr\/#organization\"},\"potentialAction\":[{\"@type\":\"SearchAction\",\"target\":{\"@type\":\"EntryPoint\",\"urlTemplate\":\"https:\/\/www.konigchain.com\/fr\/?s={search_term_string}\"},\"query-input\":{\"@type\":\"PropertyValueSpecification\",\"valueRequired\":true,\"valueName\":\"search_term_string\"}}],\"inLanguage\":\"fr-FR\"},{\"@type\":\"Organization\",\"@id\":\"https:\/\/www.konigchain.com\/fr\/#organization\",\"name\":\"K\u00f6nig\",\"url\":\"https:\/\/www.konigchain.com\/fr\/\",\"logo\":{\"@type\":\"ImageObject\",\"inLanguage\":\"fr-FR\",\"@id\":\"https:\/\/www.konigchain.com\/fr\/#\/schema\/logo\/image\/\",\"url\":\"https:\/\/www.konigchain.com\/wp-content\/uploads\/2023\/12\/logo-Konig-2016-BG.png\",\"contentUrl\":\"https:\/\/www.konigchain.com\/wp-content\/uploads\/2023\/12\/logo-Konig-2016-BG.png\",\"width\":3508,\"height\":2480,\"caption\":\"K\u00f6nig\"},\"image\":{\"@id\":\"https:\/\/www.konigchain.com\/fr\/#\/schema\/logo\/image\/\"}}]}<\/script>\n<!-- \/ Yoast SEO plugin. -->","yoast_head_json":{"title":"La technologie des cha\u00eenes \u00e0 neige K\u00f6nig pour une utilisation plus facile et plus fiable","description":"K\u00f6nig utilise des technologies de pointe qui rendent le montage des cha\u00eenes \u00e0 neige plus facile et plus rapide, tout en conservant la traction et la fiabilit\u00e9 sur les routes enneig\u00e9es et verglac\u00e9es.","robots":{"index":"index","follow":"follow","max-snippet":"max-snippet:-1","max-image-preview":"max-image-preview:large","max-video-preview":"max-video-preview:-1"},"canonical":"https:\/\/www.konigchain.com\/fr\/technologie-des-chaines-a-neige\/","og_locale":"fr_FR","og_type":"article","og_title":"La technologie des cha\u00eenes \u00e0 neige K\u00f6nig pour une utilisation plus facile et plus fiable","og_description":"K\u00f6nig utilise des technologies de pointe qui rendent le montage des cha\u00eenes \u00e0 neige plus facile et plus rapide, tout en conservant la traction et la fiabilit\u00e9 sur les routes enneig\u00e9es et verglac\u00e9es.","og_url":"https:\/\/www.konigchain.com\/fr\/technologie-des-chaines-a-neige\/","og_site_name":"K\u00f6nig","article_modified_time":"2025-08-27T10:21:17+00:00","og_image":[{"width":2560,"height":1707,"url":"https:\/\/www.konigchain.com\/wp-content\/uploads\/2024\/01\/Konig-Reflex-Edge_Golf_5-1-scaled.jpg","type":"image\/webp"}],"twitter_card":"summary_large_image","twitter_misc":{"Dur\u00e9e de lecture estim\u00e9e":"1 minute"},"schema":{"@context":"https:\/\/schema.org","@graph":[{"@type":"WebPage","@id":"https:\/\/www.konigchain.com\/fr\/technologie-des-chaines-a-neige\/","url":"https:\/\/www.konigchain.com\/fr\/technologie-des-chaines-a-neige\/","name":"La technologie des cha\u00eenes \u00e0 neige K\u00f6nig pour une utilisation plus facile et plus fiable","isPartOf":{"@id":"https:\/\/www.konigchain.com\/fr\/#website"},"primaryImageOfPage":{"@id":"https:\/\/www.konigchain.com\/fr\/technologie-des-chaines-a-neige\/#primaryimage"},"image":{"@id":"https:\/\/www.konigchain.com\/fr\/technologie-des-chaines-a-neige\/#primaryimage"},"thumbnailUrl":"https:\/\/www.konigchain.com\/wp-content\/uploads\/2024\/01\/Konig-Reflex-Edge_Golf_5-1-scaled.jpg","datePublished":"2024-04-30T05:54:15+00:00","dateModified":"2025-08-27T10:21:17+00:00","description":"K\u00f6nig utilise des technologies de pointe qui rendent le montage des cha\u00eenes \u00e0 neige plus facile et plus rapide, tout en conservant la traction et la fiabilit\u00e9 sur les routes enneig\u00e9es et verglac\u00e9es.","breadcrumb":{"@id":"https:\/\/www.konigchain.com\/fr\/technologie-des-chaines-a-neige\/#breadcrumb"},"inLanguage":"fr-FR","potentialAction":[{"@type":"ReadAction","target":["https:\/\/www.konigchain.com\/fr\/technologie-des-chaines-a-neige\/"]}]},{"@type":"ImageObject","inLanguage":"fr-FR","@id":"https:\/\/www.konigchain.com\/fr\/technologie-des-chaines-a-neige\/#primaryimage","url":"https:\/\/www.konigchain.com\/wp-content\/uploads\/2024\/01\/Konig-Reflex-Edge_Golf_5-1-scaled.jpg","contentUrl":"https:\/\/www.konigchain.com\/wp-content\/uploads\/2024\/01\/Konig-Reflex-Edge_Golf_5-1-scaled.jpg","width":2560,"height":1707},{"@type":"BreadcrumbList","@id":"https:\/\/www.konigchain.com\/fr\/technologie-des-chaines-a-neige\/#breadcrumb","itemListElement":[{"@type":"ListItem","position":1,"name":"Home","item":"https:\/\/www.konigchain.com\/fr\/"},{"@type":"ListItem","position":2,"name":"Technologie des cha\u00eenes \u00e0 neige"}]},{"@type":"WebSite","@id":"https:\/\/www.konigchain.com\/fr\/#website","url":"https:\/\/www.konigchain.com\/fr\/","name":"K\u00f6nig","description":"","publisher":{"@id":"https:\/\/www.konigchain.com\/fr\/#organization"},"potentialAction":[{"@type":"SearchAction","target":{"@type":"EntryPoint","urlTemplate":"https:\/\/www.konigchain.com\/fr\/?s={search_term_string}"},"query-input":{"@type":"PropertyValueSpecification","valueRequired":true,"valueName":"search_term_string"}}],"inLanguage":"fr-FR"},{"@type":"Organization","@id":"https:\/\/www.konigchain.com\/fr\/#organization","name":"K\u00f6nig","url":"https:\/\/www.konigchain.com\/fr\/","logo":{"@type":"ImageObject","inLanguage":"fr-FR","@id":"https:\/\/www.konigchain.com\/fr\/#\/schema\/logo\/image\/","url":"https:\/\/www.konigchain.com\/wp-content\/uploads\/2023\/12\/logo-Konig-2016-BG.png","contentUrl":"https:\/\/www.konigchain.com\/wp-content\/uploads\/2023\/12\/logo-Konig-2016-BG.png","width":3508,"height":2480,"caption":"K\u00f6nig"},"image":{"@id":"https:\/\/www.konigchain.com\/fr\/#\/schema\/logo\/image\/"}}]}},"_links":{"self":[{"href":"https:\/\/www.konigchain.com\/fr\/wp-json\/wp\/v2\/pages\/18010","targetHints":{"allow":["GET"]}}],"collection":[{"href":"https:\/\/www.konigchain.com\/fr\/wp-json\/wp\/v2\/pages"}],"about":[{"href":"https:\/\/www.konigchain.com\/fr\/wp-json\/wp\/v2\/types\/page"}],"author":[{"embeddable":true,"href":"https:\/\/www.konigchain.com\/fr\/wp-json\/wp\/v2\/users\/3"}],"replies":[{"embeddable":true,"href":"https:\/\/www.konigchain.com\/fr\/wp-json\/wp\/v2\/comments?post=18010"}],"version-history":[{"count":5,"href":"https:\/\/www.konigchain.com\/fr\/wp-json\/wp\/v2\/pages\/18010\/revisions"}],"predecessor-version":[{"id":68400,"href":"https:\/\/www.konigchain.com\/fr\/wp-json\/wp\/v2\/pages\/18010\/revisions\/68400"}],"wp:featuredmedia":[{"embeddable":true,"href":"https:\/\/www.konigchain.com\/fr\/wp-json\/wp\/v2\/media\/12923"}],"wp:attachment":[{"href":"https:\/\/www.konigchain.com\/fr\/wp-json\/wp\/v2\/media?parent=18010"}],"wp:term":[{"taxonomy":"page-category","embeddable":true,"href":"https:\/\/www.konigchain.com\/fr\/wp-json\/wp\/v2\/page-category?post=18010"}],"curies":[{"name":"wp","href":"https:\/\/api.w.org\/{rel}","templated":true}]}}