{"id":19551,"date":"2024-05-16T17:31:24","date_gmt":"2024-05-16T15:31:24","guid":{"rendered":"https:\/\/wp1.konigchain.com\/cookies\/"},"modified":"2025-07-30T14:58:00","modified_gmt":"2025-07-30T12:58:00","slug":"cookies","status":"publish","type":"page","link":"https:\/\/www.konigchain.com\/fr\/cookies\/","title":{"rendered":"Cookies"},"content":{"rendered":"\t\t<div data-elementor-type=\"wp-page\" data-elementor-id=\"19551\" class=\"elementor elementor-19551 elementor-5694\" data-elementor-post-type=\"page\">\n\t\t\t\t<div class=\"elementor-element elementor-element-b782328 e-con-full e-flex e-con e-parent\" data-id=\"b782328\" data-element_type=\"container\" data-settings=\"{&quot;background_background&quot;:&quot;classic&quot;,&quot;background_motion_fx_motion_fx_scrolling&quot;:&quot;yes&quot;,&quot;background_motion_fx_devices&quot;:[&quot;desktop&quot;,&quot;tablet_extra&quot;,&quot;tablet&quot;,&quot;mobile&quot;]}\">\n\t\t<div class=\"elementor-element elementor-element-89f3ffb e-con-full e-flex e-con e-child\" data-id=\"89f3ffb\" data-element_type=\"container\" data-settings=\"{&quot;background_background&quot;:&quot;classic&quot;,&quot;background_motion_fx_motion_fx_scrolling&quot;:&quot;yes&quot;,&quot;background_motion_fx_translateY_effect&quot;:&quot;yes&quot;,&quot;background_motion_fx_translateY_speed&quot;:{&quot;unit&quot;:&quot;px&quot;,&quot;size&quot;:4,&quot;sizes&quot;:[]},&quot;background_motion_fx_translateY_affectedRange&quot;:{&quot;unit&quot;:&quot;%&quot;,&quot;size&quot;:&quot;&quot;,&quot;sizes&quot;:{&quot;start&quot;:0,&quot;end&quot;:100}},&quot;background_motion_fx_devices&quot;:[&quot;desktop&quot;,&quot;tablet_extra&quot;,&quot;tablet&quot;,&quot;mobile&quot;]}\">\n\t\t\t\t<div class=\"elementor-element elementor-element-d93ea7c elementor-widget elementor-widget-heading\" data-id=\"d93ea7c\" data-element_type=\"widget\" data-widget_type=\"heading.default\">\n\t\t\t\t\t<h1 class=\"elementor-heading-title elementor-size-default\">Cookies<\/h1>\t\t\t\t<\/div>\n\t\t\t\t<\/div>\n\t\t\t\t<div class=\"elementor-element elementor-element-cdfc02f elementor-view-stacked elementor-shape-square elementor-invisible elementor-widget elementor-widget-icon\" data-id=\"cdfc02f\" data-element_type=\"widget\" data-settings=\"{&quot;motion_fx_motion_fx_scrolling&quot;:&quot;yes&quot;,&quot;_animation&quot;:&quot;bounceIn&quot;,&quot;motion_fx_devices&quot;:[&quot;desktop&quot;,&quot;tablet&quot;],&quot;_animation_delay&quot;:10}\" data-widget_type=\"icon.default\">\n\t\t\t\t\t\t\t<div class=\"elementor-icon-wrapper\">\n\t\t\t<a class=\"elementor-icon\" href=\"#scroll-down\">\n\t\t\t<svg aria-hidden=\"true\" class=\"e-font-icon-svg e-fas-arrow-down\" viewBox=\"0 0 448 512\" xmlns=\"http:\/\/www.w3.org\/2000\/svg\"><path d=\"M413.1 222.5l22.2 22.2c9.4 9.4 9.4 24.6 0 33.9L241 473c-9.4 9.4-24.6 9.4-33.9 0L12.7 278.6c-9.4-9.4-9.4-24.6 0-33.9l22.2-22.2c9.5-9.5 25-9.3 34.3.4L184 343.4V56c0-13.3 10.7-24 24-24h32c13.3 0 24 10.7 24 24v287.4l114.8-120.5c9.3-9.8 24.8-10 34.3-.4z\"><\/path><\/svg>\t\t\t<\/a>\n\t\t<\/div>\n\t\t\t\t\t\t<\/div>\n\t\t\t\t<div class=\"elementor-element elementor-element-38d5833 elementor-widget elementor-widget-menu-anchor\" data-id=\"38d5833\" data-element_type=\"widget\" data-widget_type=\"menu-anchor.default\">\n\t\t\t\t\t\t\t<div class=\"elementor-menu-anchor\" id=\"scroll-down\"><\/div>\n\t\t\t\t\t\t<\/div>\n\t\t\t\t<\/div>\n\t\t<div class=\"elementor-element elementor-element-3a4c2990 e-flex e-con-boxed e-con e-parent\" data-id=\"3a4c2990\" data-element_type=\"container\">\n\t\t\t\t\t<div class=\"e-con-inner\">\n\t\t\t\t<div class=\"elementor-element elementor-element-3bb9e4b1 elementor-widget elementor-widget-text-editor\" data-id=\"3bb9e4b1\" data-element_type=\"widget\" data-widget_type=\"text-editor.default\">\n\t\t\t\t\t\t\t\t\t<p>Ce site web utilise des cookies. Un cookie est un petit fichier texte qui peut \u00eatre stock\u00e9 sur votre ordinateur lorsque vous visitez un site web. Les cookies sont utilis\u00e9s pour fournir aux utilisateurs des fonctions suppl\u00e9mentaires du site web. Ils peuvent par exemple \u00eatre utilis\u00e9s pour faciliter la navigation sur un site web, pour vous permettre de r\u00e9utiliser un site web l\u00e0 o\u00f9 vous l&rsquo;avez quitt\u00e9, et\/ou pour m\u00e9moriser vos pr\u00e9f\u00e9rences et vos param\u00e8tres lorsque vous revenez sur le site web. Les cookies ne peuvent pas lire, \u00a0modifier ou acc\u00e9der \u00e0 d&rsquo;autres donn\u00e9es sur votre ordinateur.<\/p><p>La plupart des cookies de ce site sont des \u00ab\u00a0cookies de session\u00a0\u00bb qui sont supprim\u00e9s automatiquement d\u00e8s que vous quittez notre site web. Les \u00ab\u00a0cookies permanents\u00a0\u00bb, en revanche, restent sur votre ordinateur jusqu&rsquo;\u00e0 ce que vous les supprimiez manuellement dans votre navigateur. Nous utilisons ces cookies permanents pour vous identifier lorsque vous acc\u00e9dez \u00e0 nouveau \u00e0 notre site web.<\/p><p>Si vous souhaitez g\u00e9rer les cookies sur votre ordinateur, vous pouvez param\u00e9trer votre navigateur en cons\u00e9quence, permettant ainsi \u00e0 un site web de vous avertir lorsqu&rsquo;il souhaite stocker des cookies. Vous pouvez \u00e9galement bloquer ou supprimer les cookies qui sont d\u00e9j\u00e0 stock\u00e9s sur votre ordinateur. Pour plus d&rsquo;informations sur la mani\u00e8re de prendre ces mesures, veuillez utiliser la fonction \u00ab\u00a0aide\u00a0\u00bb de votre navigateur.<\/p><p>Nous vous rappelons qu&rsquo;en bloquant ou en supprimant les cookies, vous risquez de nuire \u00e0 votre exp\u00e9rience en ligne et de ne pas pouvoir utiliser toutes les fonctions de notre site web.<\/p><p><a href=\"https:\/\/www.iubenda.com\/privacy-policy\/370457\" target=\"_blank\" rel=\"noopener noreferrer\">Nous utilisons les cookies suivants sur notre site web<\/a><\/p>\t\t\t\t\t\t\t\t<\/div>\n\t\t\t\t<div class=\"elementor-element elementor-element-7f94e9e elementor-widget elementor-widget-html\" data-id=\"7f94e9e\" data-element_type=\"widget\" data-widget_type=\"html.default\">\n\t\t\t\t\t<div class=\"uc-embed\"><\/div>\t\t\t\t<\/div>\n\t\t\t\t\t<\/div>\n\t\t\t\t<\/div>\n\t\t\t\t<\/div>\n\t\t","protected":false},"excerpt":{"rendered":"<p>Cookies Ce site web utilise des cookies. Un cookie est un petit fichier texte qui peut \u00eatre stock\u00e9 sur votre ordinateur lorsque vous visitez un site web. Les cookies sont utilis\u00e9s pour fournir aux utilisateurs des fonctions suppl\u00e9mentaires du site web. Ils peuvent par exemple \u00eatre utilis\u00e9s pour faciliter la navigation sur un site web, [&hellip;]<\/p>\n","protected":false},"author":3,"featured_media":0,"parent":0,"menu_order":0,"comment_status":"closed","ping_status":"closed","template":"","meta":{"_acf_changed":false,"footnotes":""},"page-category":[1550],"class_list":["post-19551","page","type-page","status-publish","hentry","page-category-b2c"],"acf":[],"yoast_head":"<!-- This site is optimized with the Yoast SEO plugin v26.8 - https:\/\/yoast.com\/product\/yoast-seo-wordpress\/ -->\n<title>Cookies - K\u00f6nig<\/title>\n<meta name=\"robots\" content=\"index, follow, max-snippet:-1, max-image-preview:large, max-video-preview:-1\" \/>\n<link rel=\"canonical\" href=\"https:\/\/www.konigchain.com\/fr\/cookies\/\" \/>\n<meta property=\"og:locale\" content=\"fr_FR\" \/>\n<meta property=\"og:type\" content=\"article\" \/>\n<meta property=\"og:title\" content=\"Cookies - K\u00f6nig\" \/>\n<meta property=\"og:description\" content=\"Cookies Ce site web utilise des cookies. Un cookie est un petit fichier texte qui peut \u00eatre stock\u00e9 sur votre ordinateur lorsque vous visitez un site web. Les cookies sont utilis\u00e9s pour fournir aux utilisateurs des fonctions suppl\u00e9mentaires du site web. Ils peuvent par exemple \u00eatre utilis\u00e9s pour faciliter la navigation sur un site web, [&hellip;]\" \/>\n<meta property=\"og:url\" content=\"https:\/\/www.konigchain.com\/fr\/cookies\/\" \/>\n<meta property=\"og:site_name\" content=\"K\u00f6nig\" \/>\n<meta property=\"article:modified_time\" content=\"2025-07-30T12:58:00+00:00\" \/>\n<meta property=\"og:image\" content=\"https:\/\/www.konigchain.com\/wp-content\/uploads\/2025\/06\/Konig-snowchains-website.jpg\" \/>\n\t<meta property=\"og:image:width\" content=\"1350\" \/>\n\t<meta property=\"og:image:height\" content=\"675\" \/>\n\t<meta property=\"og:image:type\" content=\"image\/jpeg\" \/>\n<meta name=\"twitter:card\" content=\"summary_large_image\" \/>\n<meta name=\"twitter:label1\" content=\"Dur\u00e9e de lecture estim\u00e9e\" \/>\n\t<meta name=\"twitter:data1\" content=\"2 minutes\" \/>\n<script type=\"application\/ld+json\" class=\"yoast-schema-graph\">{\"@context\":\"https:\/\/schema.org\",\"@graph\":[{\"@type\":\"WebPage\",\"@id\":\"https:\/\/www.konigchain.com\/fr\/cookies\/\",\"url\":\"https:\/\/www.konigchain.com\/fr\/cookies\/\",\"name\":\"Cookies - K\u00f6nig\",\"isPartOf\":{\"@id\":\"https:\/\/www.konigchain.com\/fr\/#website\"},\"datePublished\":\"2024-05-16T15:31:24+00:00\",\"dateModified\":\"2025-07-30T12:58:00+00:00\",\"breadcrumb\":{\"@id\":\"https:\/\/www.konigchain.com\/fr\/cookies\/#breadcrumb\"},\"inLanguage\":\"fr-FR\",\"potentialAction\":[{\"@type\":\"ReadAction\",\"target\":[\"https:\/\/www.konigchain.com\/fr\/cookies\/\"]}]},{\"@type\":\"BreadcrumbList\",\"@id\":\"https:\/\/www.konigchain.com\/fr\/cookies\/#breadcrumb\",\"itemListElement\":[{\"@type\":\"ListItem\",\"position\":1,\"name\":\"Home\",\"item\":\"https:\/\/www.konigchain.com\/fr\/\"},{\"@type\":\"ListItem\",\"position\":2,\"name\":\"Cookies\"}]},{\"@type\":\"WebSite\",\"@id\":\"https:\/\/www.konigchain.com\/fr\/#website\",\"url\":\"https:\/\/www.konigchain.com\/fr\/\",\"name\":\"K\u00f6nig\",\"description\":\"\",\"publisher\":{\"@id\":\"https:\/\/www.konigchain.com\/fr\/#organization\"},\"potentialAction\":[{\"@type\":\"SearchAction\",\"target\":{\"@type\":\"EntryPoint\",\"urlTemplate\":\"https:\/\/www.konigchain.com\/fr\/?s={search_term_string}\"},\"query-input\":{\"@type\":\"PropertyValueSpecification\",\"valueRequired\":true,\"valueName\":\"search_term_string\"}}],\"inLanguage\":\"fr-FR\"},{\"@type\":\"Organization\",\"@id\":\"https:\/\/www.konigchain.com\/fr\/#organization\",\"name\":\"K\u00f6nig\",\"url\":\"https:\/\/www.konigchain.com\/fr\/\",\"logo\":{\"@type\":\"ImageObject\",\"inLanguage\":\"fr-FR\",\"@id\":\"https:\/\/www.konigchain.com\/fr\/#\/schema\/logo\/image\/\",\"url\":\"https:\/\/www.konigchain.com\/wp-content\/uploads\/2023\/12\/logo-Konig-2016-BG.png\",\"contentUrl\":\"https:\/\/www.konigchain.com\/wp-content\/uploads\/2023\/12\/logo-Konig-2016-BG.png\",\"width\":3508,\"height\":2480,\"caption\":\"K\u00f6nig\"},\"image\":{\"@id\":\"https:\/\/www.konigchain.com\/fr\/#\/schema\/logo\/image\/\"}}]}<\/script>\n<!-- \/ Yoast SEO plugin. -->","yoast_head_json":{"title":"Cookies - K\u00f6nig","robots":{"index":"index","follow":"follow","max-snippet":"max-snippet:-1","max-image-preview":"max-image-preview:large","max-video-preview":"max-video-preview:-1"},"canonical":"https:\/\/www.konigchain.com\/fr\/cookies\/","og_locale":"fr_FR","og_type":"article","og_title":"Cookies - K\u00f6nig","og_description":"Cookies Ce site web utilise des cookies. Un cookie est un petit fichier texte qui peut \u00eatre stock\u00e9 sur votre ordinateur lorsque vous visitez un site web. Les cookies sont utilis\u00e9s pour fournir aux utilisateurs des fonctions suppl\u00e9mentaires du site web. Ils peuvent par exemple \u00eatre utilis\u00e9s pour faciliter la navigation sur un site web, [&hellip;]","og_url":"https:\/\/www.konigchain.com\/fr\/cookies\/","og_site_name":"K\u00f6nig","article_modified_time":"2025-07-30T12:58:00+00:00","og_image":[{"width":1350,"height":675,"url":"https:\/\/www.konigchain.com\/wp-content\/uploads\/2025\/06\/Konig-snowchains-website.jpg","type":"image\/jpeg"}],"twitter_card":"summary_large_image","twitter_misc":{"Dur\u00e9e de lecture estim\u00e9e":"2 minutes"},"schema":{"@context":"https:\/\/schema.org","@graph":[{"@type":"WebPage","@id":"https:\/\/www.konigchain.com\/fr\/cookies\/","url":"https:\/\/www.konigchain.com\/fr\/cookies\/","name":"Cookies - K\u00f6nig","isPartOf":{"@id":"https:\/\/www.konigchain.com\/fr\/#website"},"datePublished":"2024-05-16T15:31:24+00:00","dateModified":"2025-07-30T12:58:00+00:00","breadcrumb":{"@id":"https:\/\/www.konigchain.com\/fr\/cookies\/#breadcrumb"},"inLanguage":"fr-FR","potentialAction":[{"@type":"ReadAction","target":["https:\/\/www.konigchain.com\/fr\/cookies\/"]}]},{"@type":"BreadcrumbList","@id":"https:\/\/www.konigchain.com\/fr\/cookies\/#breadcrumb","itemListElement":[{"@type":"ListItem","position":1,"name":"Home","item":"https:\/\/www.konigchain.com\/fr\/"},{"@type":"ListItem","position":2,"name":"Cookies"}]},{"@type":"WebSite","@id":"https:\/\/www.konigchain.com\/fr\/#website","url":"https:\/\/www.konigchain.com\/fr\/","name":"K\u00f6nig","description":"","publisher":{"@id":"https:\/\/www.konigchain.com\/fr\/#organization"},"potentialAction":[{"@type":"SearchAction","target":{"@type":"EntryPoint","urlTemplate":"https:\/\/www.konigchain.com\/fr\/?s={search_term_string}"},"query-input":{"@type":"PropertyValueSpecification","valueRequired":true,"valueName":"search_term_string"}}],"inLanguage":"fr-FR"},{"@type":"Organization","@id":"https:\/\/www.konigchain.com\/fr\/#organization","name":"K\u00f6nig","url":"https:\/\/www.konigchain.com\/fr\/","logo":{"@type":"ImageObject","inLanguage":"fr-FR","@id":"https:\/\/www.konigchain.com\/fr\/#\/schema\/logo\/image\/","url":"https:\/\/www.konigchain.com\/wp-content\/uploads\/2023\/12\/logo-Konig-2016-BG.png","contentUrl":"https:\/\/www.konigchain.com\/wp-content\/uploads\/2023\/12\/logo-Konig-2016-BG.png","width":3508,"height":2480,"caption":"K\u00f6nig"},"image":{"@id":"https:\/\/www.konigchain.com\/fr\/#\/schema\/logo\/image\/"}}]}},"_links":{"self":[{"href":"https:\/\/www.konigchain.com\/fr\/wp-json\/wp\/v2\/pages\/19551","targetHints":{"allow":["GET"]}}],"collection":[{"href":"https:\/\/www.konigchain.com\/fr\/wp-json\/wp\/v2\/pages"}],"about":[{"href":"https:\/\/www.konigchain.com\/fr\/wp-json\/wp\/v2\/types\/page"}],"author":[{"embeddable":true,"href":"https:\/\/www.konigchain.com\/fr\/wp-json\/wp\/v2\/users\/3"}],"replies":[{"embeddable":true,"href":"https:\/\/www.konigchain.com\/fr\/wp-json\/wp\/v2\/comments?post=19551"}],"version-history":[{"count":5,"href":"https:\/\/www.konigchain.com\/fr\/wp-json\/wp\/v2\/pages\/19551\/revisions"}],"predecessor-version":[{"id":68308,"href":"https:\/\/www.konigchain.com\/fr\/wp-json\/wp\/v2\/pages\/19551\/revisions\/68308"}],"wp:attachment":[{"href":"https:\/\/www.konigchain.com\/fr\/wp-json\/wp\/v2\/media?parent=19551"}],"wp:term":[{"taxonomy":"page-category","embeddable":true,"href":"https:\/\/www.konigchain.com\/fr\/wp-json\/wp\/v2\/page-category?post=19551"}],"curies":[{"name":"wp","href":"https:\/\/api.w.org\/{rel}","templated":true}]}}