{"id":17137,"date":"2024-01-09T13:35:49","date_gmt":"2024-01-09T12:35:49","guid":{"rendered":"https:\/\/wp1.konigchain.com\/professional-configurator\/"},"modified":"2025-06-06T16:47:54","modified_gmt":"2025-06-06T14:47:54","slug":"configuratore-professional","status":"publish","type":"page","link":"https:\/\/www.konigchain.com\/it\/configuratore-professional\/","title":{"rendered":"Configuratore Professional"},"content":{"rendered":"\t\t<div data-elementor-type=\"wp-page\" data-elementor-id=\"17137\" class=\"elementor elementor-17137 elementor-1345\" data-elementor-post-type=\"page\">\n\t\t\t\t<div class=\"elementor-element elementor-element-a5e8487 e-con-full e-flex e-con e-parent\" data-id=\"a5e8487\" data-element_type=\"container\" data-settings=\"{&quot;background_background&quot;:&quot;classic&quot;,&quot;background_motion_fx_motion_fx_scrolling&quot;:&quot;yes&quot;,&quot;background_motion_fx_devices&quot;:[&quot;desktop&quot;,&quot;tablet_extra&quot;,&quot;tablet&quot;,&quot;mobile&quot;]}\">\n\t\t<div class=\"elementor-element elementor-element-1e6b75b e-con-full e-flex e-con e-child\" data-id=\"1e6b75b\" data-element_type=\"container\" data-settings=\"{&quot;background_background&quot;:&quot;classic&quot;,&quot;background_motion_fx_motion_fx_scrolling&quot;:&quot;yes&quot;,&quot;background_motion_fx_translateY_effect&quot;:&quot;yes&quot;,&quot;background_motion_fx_translateY_speed&quot;:{&quot;unit&quot;:&quot;px&quot;,&quot;size&quot;:4,&quot;sizes&quot;:[]},&quot;background_motion_fx_translateY_affectedRange&quot;:{&quot;unit&quot;:&quot;%&quot;,&quot;size&quot;:&quot;&quot;,&quot;sizes&quot;:{&quot;start&quot;:0,&quot;end&quot;:100}},&quot;background_motion_fx_devices&quot;:[&quot;desktop&quot;,&quot;tablet_extra&quot;,&quot;tablet&quot;,&quot;mobile&quot;]}\">\n\t\t\t\t<div class=\"elementor-element elementor-element-62e7b5b elementor-widget elementor-widget-heading\" data-id=\"62e7b5b\" data-element_type=\"widget\" data-widget_type=\"heading.default\">\n\t\t\t\t\t<h1 class=\"elementor-heading-title elementor-size-default\">Configuratore Professional<\/h1>\t\t\t\t<\/div>\n\t\t\t\t<div class=\"elementor-element elementor-element-25ea34b elementor-widget__width-initial elementor-widget elementor-widget-heading\" data-id=\"25ea34b\" data-element_type=\"widget\" data-widget_type=\"heading.default\">\n\t\t\t\t\t<h2 class=\"elementor-heading-title elementor-size-default\">Scopri le catene da neve perfette\u200b<\/h2>\t\t\t\t<\/div>\n\t\t\t\t<\/div>\n\t\t\t\t<div class=\"elementor-element elementor-element-130f98a elementor-view-stacked elementor-shape-square elementor-invisible elementor-widget elementor-widget-icon\" data-id=\"130f98a\" data-element_type=\"widget\" data-settings=\"{&quot;motion_fx_motion_fx_scrolling&quot;:&quot;yes&quot;,&quot;_animation&quot;:&quot;bounceIn&quot;,&quot;motion_fx_devices&quot;:[&quot;desktop&quot;,&quot;tablet&quot;],&quot;_animation_delay&quot;:10}\" data-widget_type=\"icon.default\">\n\t\t\t\t\t\t\t<div class=\"elementor-icon-wrapper\">\n\t\t\t<a class=\"elementor-icon\" href=\"#scroll-down\">\n\t\t\t<svg aria-hidden=\"true\" class=\"e-font-icon-svg e-fas-arrow-down\" viewBox=\"0 0 448 512\" xmlns=\"http:\/\/www.w3.org\/2000\/svg\"><path d=\"M413.1 222.5l22.2 22.2c9.4 9.4 9.4 24.6 0 33.9L241 473c-9.4 9.4-24.6 9.4-33.9 0L12.7 278.6c-9.4-9.4-9.4-24.6 0-33.9l22.2-22.2c9.5-9.5 25-9.3 34.3.4L184 343.4V56c0-13.3 10.7-24 24-24h32c13.3 0 24 10.7 24 24v287.4l114.8-120.5c9.3-9.8 24.8-10 34.3-.4z\"><\/path><\/svg>\t\t\t<\/a>\n\t\t<\/div>\n\t\t\t\t\t\t<\/div>\n\t\t\t\t<div class=\"elementor-element elementor-element-f1c7ef8 elementor-widget elementor-widget-menu-anchor\" data-id=\"f1c7ef8\" data-element_type=\"widget\" data-widget_type=\"menu-anchor.default\">\n\t\t\t\t\t\t\t<div class=\"elementor-menu-anchor\" id=\"scroll-down\"><\/div>\n\t\t\t\t\t\t<\/div>\n\t\t\t\t<\/div>\n\t\t<div class=\"elementor-element elementor-element-4ac4acb6 e-flex e-con-boxed e-con e-parent\" data-id=\"4ac4acb6\" data-element_type=\"container\">\n\t\t\t\t\t<div class=\"e-con-inner\">\n\t\t\t\t<div class=\"elementor-element elementor-element-2cc5a6ba elementor-widget elementor-widget-text-editor\" data-id=\"2cc5a6ba\" data-element_type=\"widget\" data-widget_type=\"text-editor.default\">\n\t\t\t\t\t\t\t\t\t<p>Il configuratore di catene da neve K\u00f6nig ti aiuta ad individuare le catene da neve migliori per le tue esigenze, tenendo in considerazione le dimensioni del pneumatico e l&#8217;attivit\u00e0 che devi svolgere.<\/p><p>I risultati del nostro configuratore si basano su test interni condotti regolarmente sui pneumatici.<\/p><p>Se le dimensioni del tuo pneumatico non sono indicate nei nostri configuratori, contatta il nostro servizio di assistenza tramite l&#8217;apposito <a href=\"https:\/\/www.konigchain.com\/it\/contact\/\">modulo di contatto<\/a>.<\/p>\t\t\t\t\t\t\t\t<\/div>\n\t\t\t\t\t<\/div>\n\t\t\t\t<\/div>\n\t\t<div class=\"elementor-element elementor-element-b019874 e-flex e-con-boxed e-con e-parent\" data-id=\"b019874\" data-element_type=\"container\">\n\t\t\t\t\t<div class=\"e-con-inner\">\n\t\t\t\t<div class=\"elementor-element elementor-element-681900a elementor-widget elementor-widget-html\" data-id=\"681900a\" data-element_type=\"widget\" data-widget_type=\"html.default\">\n\t\t\t\t\t<div data-snow-chain-configurator=\"SWSCDJVSSVU1MGJPBNFDQ0XXCQ\" data-locale=\"it-IT\"><\/div>\r\n<script src=\"https:\/\/shop.konigchain.com\/bundles\/apsnowchainconfigurator\/snow-chain-configurator-lite\/index.js\"><\/script>\t\t\t\t<\/div>\n\t\t\t\t\t<\/div>\n\t\t\t\t<\/div>\n\t\t\t\t<\/div>\n\t\t","protected":false},"excerpt":{"rendered":"<p>Configuratore Professional Scopri le catene da neve perfette\u200b Il configuratore di catene da neve K\u00f6nig ti aiuta ad individuare le catene da neve migliori per le tue esigenze, tenendo in considerazione le dimensioni del pneumatico e l&#8217;attivit\u00e0 che devi svolgere. I risultati del nostro configuratore si basano su test interni condotti regolarmente sui pneumatici. Se [&hellip;]<\/p>\n","protected":false},"author":3,"featured_media":16105,"parent":0,"menu_order":0,"comment_status":"closed","ping_status":"closed","template":"","meta":{"_acf_changed":false,"footnotes":""},"page-category":[1550],"class_list":["post-17137","page","type-page","status-publish","has-post-thumbnail","hentry","page-category-b2c"],"acf":[],"yoast_head":"<!-- This site is optimized with the Yoast SEO plugin v26.8 - https:\/\/yoast.com\/product\/yoast-seo-wordpress\/ -->\n<title>Trova le catene da neve compatibili per il tuo camion, pala gommata, trattore - K\u00f6nig<\/title>\n<meta name=\"description\" content=\"Trova le catene da neve K\u00f6nig giuste per il tuo camion, spalaneve e trattore. \u00c8 sufficiente la dimensione del pneumatico.\" \/>\n<meta name=\"robots\" content=\"index, follow, max-snippet:-1, max-image-preview:large, max-video-preview:-1\" \/>\n<link rel=\"canonical\" href=\"https:\/\/www.konigchain.com\/it\/configuratore-professional\/\" \/>\n<meta property=\"og:locale\" content=\"it_IT\" \/>\n<meta property=\"og:type\" content=\"article\" \/>\n<meta property=\"og:title\" content=\"Trova le catene da neve compatibili per il tuo camion, pala gommata, trattore - K\u00f6nig\" \/>\n<meta property=\"og:description\" content=\"Trova le catene da neve K\u00f6nig giuste per il tuo camion, spalaneve e trattore. \u00c8 sufficiente la dimensione del pneumatico.\" \/>\n<meta property=\"og:url\" content=\"https:\/\/www.konigchain.com\/it\/configuratore-professional\/\" \/>\n<meta property=\"og:site_name\" content=\"K\u00f6nig\" \/>\n<meta property=\"article:modified_time\" content=\"2025-06-06T14:47:54+00:00\" \/>\n<meta property=\"og:image\" content=\"https:\/\/www.konigchain.com\/wp-content\/uploads\/2024\/06\/Konig-DR_Impact_Trattore-4-1024x684.jpg\" \/>\n\t<meta property=\"og:image:width\" content=\"1024\" \/>\n\t<meta property=\"og:image:height\" content=\"684\" \/>\n\t<meta property=\"og:image:type\" content=\"image\/jpeg\" \/>\n<meta name=\"twitter:card\" content=\"summary_large_image\" \/>\n<meta name=\"twitter:label1\" content=\"Tempo di lettura stimato\" \/>\n\t<meta name=\"twitter:data1\" content=\"1 minuto\" \/>\n<script type=\"application\/ld+json\" class=\"yoast-schema-graph\">{\"@context\":\"https:\/\/schema.org\",\"@graph\":[{\"@type\":\"WebPage\",\"@id\":\"https:\/\/www.konigchain.com\/it\/configuratore-professional\/\",\"url\":\"https:\/\/www.konigchain.com\/it\/configuratore-professional\/\",\"name\":\"Trova le catene da neve compatibili per il tuo camion, pala gommata, trattore - K\u00f6nig\",\"isPartOf\":{\"@id\":\"https:\/\/www.konigchain.com\/it\/#website\"},\"primaryImageOfPage\":{\"@id\":\"https:\/\/www.konigchain.com\/it\/configuratore-professional\/#primaryimage\"},\"image\":{\"@id\":\"https:\/\/www.konigchain.com\/it\/configuratore-professional\/#primaryimage\"},\"thumbnailUrl\":\"https:\/\/www.konigchain.com\/wp-content\/uploads\/2024\/06\/Konig-DR_Impact_Trattore-4.webp\",\"datePublished\":\"2024-01-09T12:35:49+00:00\",\"dateModified\":\"2025-06-06T14:47:54+00:00\",\"description\":\"Trova le catene da neve K\u00f6nig giuste per il tuo camion, spalaneve e trattore. \u00c8 sufficiente la dimensione del pneumatico.\",\"breadcrumb\":{\"@id\":\"https:\/\/www.konigchain.com\/it\/configuratore-professional\/#breadcrumb\"},\"inLanguage\":\"it-IT\",\"potentialAction\":[{\"@type\":\"ReadAction\",\"target\":[\"https:\/\/www.konigchain.com\/it\/configuratore-professional\/\"]}]},{\"@type\":\"ImageObject\",\"inLanguage\":\"it-IT\",\"@id\":\"https:\/\/www.konigchain.com\/it\/configuratore-professional\/#primaryimage\",\"url\":\"https:\/\/www.konigchain.com\/wp-content\/uploads\/2024\/06\/Konig-DR_Impact_Trattore-4.webp\",\"contentUrl\":\"https:\/\/www.konigchain.com\/wp-content\/uploads\/2024\/06\/Konig-DR_Impact_Trattore-4.webp\",\"width\":2500,\"height\":1670},{\"@type\":\"BreadcrumbList\",\"@id\":\"https:\/\/www.konigchain.com\/it\/configuratore-professional\/#breadcrumb\",\"itemListElement\":[{\"@type\":\"ListItem\",\"position\":1,\"name\":\"Home\",\"item\":\"https:\/\/www.konigchain.com\/it\/\"},{\"@type\":\"ListItem\",\"position\":2,\"name\":\"Configuratore Professional\"}]},{\"@type\":\"WebSite\",\"@id\":\"https:\/\/www.konigchain.com\/it\/#website\",\"url\":\"https:\/\/www.konigchain.com\/it\/\",\"name\":\"K\u00f6nig\",\"description\":\"\",\"publisher\":{\"@id\":\"https:\/\/www.konigchain.com\/it\/#organization\"},\"potentialAction\":[{\"@type\":\"SearchAction\",\"target\":{\"@type\":\"EntryPoint\",\"urlTemplate\":\"https:\/\/www.konigchain.com\/it\/?s={search_term_string}\"},\"query-input\":{\"@type\":\"PropertyValueSpecification\",\"valueRequired\":true,\"valueName\":\"search_term_string\"}}],\"inLanguage\":\"it-IT\"},{\"@type\":\"Organization\",\"@id\":\"https:\/\/www.konigchain.com\/it\/#organization\",\"name\":\"K\u00f6nig\",\"url\":\"https:\/\/www.konigchain.com\/it\/\",\"logo\":{\"@type\":\"ImageObject\",\"inLanguage\":\"it-IT\",\"@id\":\"https:\/\/www.konigchain.com\/it\/#\/schema\/logo\/image\/\",\"url\":\"https:\/\/www.konigchain.com\/wp-content\/uploads\/2023\/12\/logo-Konig-2016-BG.png\",\"contentUrl\":\"https:\/\/www.konigchain.com\/wp-content\/uploads\/2023\/12\/logo-Konig-2016-BG.png\",\"width\":3508,\"height\":2480,\"caption\":\"K\u00f6nig\"},\"image\":{\"@id\":\"https:\/\/www.konigchain.com\/it\/#\/schema\/logo\/image\/\"}}]}<\/script>\n<!-- \/ Yoast SEO plugin. -->","yoast_head_json":{"title":"Trova le catene da neve compatibili per il tuo camion, pala gommata, trattore - K\u00f6nig","description":"Trova le catene da neve K\u00f6nig giuste per il tuo camion, spalaneve e trattore. \u00c8 sufficiente la dimensione del pneumatico.","robots":{"index":"index","follow":"follow","max-snippet":"max-snippet:-1","max-image-preview":"max-image-preview:large","max-video-preview":"max-video-preview:-1"},"canonical":"https:\/\/www.konigchain.com\/it\/configuratore-professional\/","og_locale":"it_IT","og_type":"article","og_title":"Trova le catene da neve compatibili per il tuo camion, pala gommata, trattore - K\u00f6nig","og_description":"Trova le catene da neve K\u00f6nig giuste per il tuo camion, spalaneve e trattore. \u00c8 sufficiente la dimensione del pneumatico.","og_url":"https:\/\/www.konigchain.com\/it\/configuratore-professional\/","og_site_name":"K\u00f6nig","article_modified_time":"2025-06-06T14:47:54+00:00","og_image":[{"width":1024,"height":684,"url":"https:\/\/www.konigchain.com\/wp-content\/uploads\/2024\/06\/Konig-DR_Impact_Trattore-4-1024x684.jpg","type":"image\/jpeg"}],"twitter_card":"summary_large_image","twitter_misc":{"Tempo di lettura stimato":"1 minuto"},"schema":{"@context":"https:\/\/schema.org","@graph":[{"@type":"WebPage","@id":"https:\/\/www.konigchain.com\/it\/configuratore-professional\/","url":"https:\/\/www.konigchain.com\/it\/configuratore-professional\/","name":"Trova le catene da neve compatibili per il tuo camion, pala gommata, trattore - K\u00f6nig","isPartOf":{"@id":"https:\/\/www.konigchain.com\/it\/#website"},"primaryImageOfPage":{"@id":"https:\/\/www.konigchain.com\/it\/configuratore-professional\/#primaryimage"},"image":{"@id":"https:\/\/www.konigchain.com\/it\/configuratore-professional\/#primaryimage"},"thumbnailUrl":"https:\/\/www.konigchain.com\/wp-content\/uploads\/2024\/06\/Konig-DR_Impact_Trattore-4.webp","datePublished":"2024-01-09T12:35:49+00:00","dateModified":"2025-06-06T14:47:54+00:00","description":"Trova le catene da neve K\u00f6nig giuste per il tuo camion, spalaneve e trattore. \u00c8 sufficiente la dimensione del pneumatico.","breadcrumb":{"@id":"https:\/\/www.konigchain.com\/it\/configuratore-professional\/#breadcrumb"},"inLanguage":"it-IT","potentialAction":[{"@type":"ReadAction","target":["https:\/\/www.konigchain.com\/it\/configuratore-professional\/"]}]},{"@type":"ImageObject","inLanguage":"it-IT","@id":"https:\/\/www.konigchain.com\/it\/configuratore-professional\/#primaryimage","url":"https:\/\/www.konigchain.com\/wp-content\/uploads\/2024\/06\/Konig-DR_Impact_Trattore-4.webp","contentUrl":"https:\/\/www.konigchain.com\/wp-content\/uploads\/2024\/06\/Konig-DR_Impact_Trattore-4.webp","width":2500,"height":1670},{"@type":"BreadcrumbList","@id":"https:\/\/www.konigchain.com\/it\/configuratore-professional\/#breadcrumb","itemListElement":[{"@type":"ListItem","position":1,"name":"Home","item":"https:\/\/www.konigchain.com\/it\/"},{"@type":"ListItem","position":2,"name":"Configuratore Professional"}]},{"@type":"WebSite","@id":"https:\/\/www.konigchain.com\/it\/#website","url":"https:\/\/www.konigchain.com\/it\/","name":"K\u00f6nig","description":"","publisher":{"@id":"https:\/\/www.konigchain.com\/it\/#organization"},"potentialAction":[{"@type":"SearchAction","target":{"@type":"EntryPoint","urlTemplate":"https:\/\/www.konigchain.com\/it\/?s={search_term_string}"},"query-input":{"@type":"PropertyValueSpecification","valueRequired":true,"valueName":"search_term_string"}}],"inLanguage":"it-IT"},{"@type":"Organization","@id":"https:\/\/www.konigchain.com\/it\/#organization","name":"K\u00f6nig","url":"https:\/\/www.konigchain.com\/it\/","logo":{"@type":"ImageObject","inLanguage":"it-IT","@id":"https:\/\/www.konigchain.com\/it\/#\/schema\/logo\/image\/","url":"https:\/\/www.konigchain.com\/wp-content\/uploads\/2023\/12\/logo-Konig-2016-BG.png","contentUrl":"https:\/\/www.konigchain.com\/wp-content\/uploads\/2023\/12\/logo-Konig-2016-BG.png","width":3508,"height":2480,"caption":"K\u00f6nig"},"image":{"@id":"https:\/\/www.konigchain.com\/it\/#\/schema\/logo\/image\/"}}]}},"_links":{"self":[{"href":"https:\/\/www.konigchain.com\/it\/wp-json\/wp\/v2\/pages\/17137","targetHints":{"allow":["GET"]}}],"collection":[{"href":"https:\/\/www.konigchain.com\/it\/wp-json\/wp\/v2\/pages"}],"about":[{"href":"https:\/\/www.konigchain.com\/it\/wp-json\/wp\/v2\/types\/page"}],"author":[{"embeddable":true,"href":"https:\/\/www.konigchain.com\/it\/wp-json\/wp\/v2\/users\/3"}],"replies":[{"embeddable":true,"href":"https:\/\/www.konigchain.com\/it\/wp-json\/wp\/v2\/comments?post=17137"}],"version-history":[{"count":5,"href":"https:\/\/www.konigchain.com\/it\/wp-json\/wp\/v2\/pages\/17137\/revisions"}],"predecessor-version":[{"id":59267,"href":"https:\/\/www.konigchain.com\/it\/wp-json\/wp\/v2\/pages\/17137\/revisions\/59267"}],"wp:featuredmedia":[{"embeddable":true,"href":"https:\/\/www.konigchain.com\/it\/wp-json\/wp\/v2\/media\/16105"}],"wp:attachment":[{"href":"https:\/\/www.konigchain.com\/it\/wp-json\/wp\/v2\/media?parent=17137"}],"wp:term":[{"taxonomy":"page-category","embeddable":true,"href":"https:\/\/www.konigchain.com\/it\/wp-json\/wp\/v2\/page-category?post=17137"}],"curies":[{"name":"wp","href":"https:\/\/api.w.org\/{rel}","templated":true}]}}