{"id":17590,"date":"2024-01-08T15:55:46","date_gmt":"2024-01-08T14:55:46","guid":{"rendered":"https:\/\/wp1.konigchain.com\/snow-chains\/"},"modified":"2025-07-14T09:36:37","modified_gmt":"2025-07-14T07:36:37","slug":"catene-da-neve","status":"publish","type":"page","link":"https:\/\/www.konigchain.com\/it\/catene-da-neve\/","title":{"rendered":"Catene da neve"},"content":{"rendered":"\t\t<div data-elementor-type=\"wp-page\" data-elementor-id=\"17590\" class=\"elementor elementor-17590 elementor-1251\" data-elementor-post-type=\"page\">\n\t\t\t\t<div class=\"elementor-element elementor-element-7456a76 e-con-full e-flex e-con e-parent\" data-id=\"7456a76\" data-element_type=\"container\" data-settings=\"{&quot;background_background&quot;:&quot;classic&quot;,&quot;background_motion_fx_motion_fx_scrolling&quot;:&quot;yes&quot;,&quot;background_motion_fx_devices&quot;:[&quot;desktop&quot;,&quot;tablet_extra&quot;,&quot;tablet&quot;,&quot;mobile&quot;]}\">\n\t\t<div class=\"elementor-element elementor-element-ee112d4 e-con-full e-flex e-con e-child\" data-id=\"ee112d4\" data-element_type=\"container\" data-settings=\"{&quot;background_background&quot;:&quot;classic&quot;,&quot;background_motion_fx_motion_fx_scrolling&quot;:&quot;yes&quot;,&quot;background_motion_fx_translateY_effect&quot;:&quot;yes&quot;,&quot;background_motion_fx_translateY_speed&quot;:{&quot;unit&quot;:&quot;px&quot;,&quot;size&quot;:4,&quot;sizes&quot;:[]},&quot;background_motion_fx_translateY_affectedRange&quot;:{&quot;unit&quot;:&quot;%&quot;,&quot;size&quot;:&quot;&quot;,&quot;sizes&quot;:{&quot;start&quot;:0,&quot;end&quot;:100}},&quot;background_motion_fx_devices&quot;:[&quot;desktop&quot;,&quot;tablet_extra&quot;,&quot;tablet&quot;,&quot;mobile&quot;]}\">\n\t\t\t\t<div class=\"elementor-element elementor-element-f6435ed elementor-widget elementor-widget-heading\" data-id=\"f6435ed\" data-element_type=\"widget\" data-widget_type=\"heading.default\">\n\t\t\t\t\t<h1 class=\"elementor-heading-title elementor-size-default\">Gamma catene da neve<\/h1>\t\t\t\t<\/div>\n\t\t\t\t<div class=\"elementor-element elementor-element-e3ffdbf elementor-widget__width-initial elementor-widget elementor-widget-heading\" data-id=\"e3ffdbf\" data-element_type=\"widget\" data-widget_type=\"heading.default\">\n\t\t\t\t\t<h2 class=\"elementor-heading-title elementor-size-default\">CATENE DA NEVE consumer e professional\u200b<\/h2>\t\t\t\t<\/div>\n\t\t\t\t<\/div>\n\t\t\t\t<div class=\"elementor-element elementor-element-bfc6bb5 elementor-view-stacked elementor-shape-square elementor-invisible elementor-widget elementor-widget-icon\" data-id=\"bfc6bb5\" data-element_type=\"widget\" data-settings=\"{&quot;motion_fx_motion_fx_scrolling&quot;:&quot;yes&quot;,&quot;_animation&quot;:&quot;bounceIn&quot;,&quot;motion_fx_devices&quot;:[&quot;desktop&quot;,&quot;tablet&quot;],&quot;_animation_delay&quot;:10}\" data-widget_type=\"icon.default\">\n\t\t\t\t\t\t\t<div class=\"elementor-icon-wrapper\">\n\t\t\t<a class=\"elementor-icon\" href=\"#scroll-down\">\n\t\t\t<svg aria-hidden=\"true\" class=\"e-font-icon-svg e-fas-arrow-down\" viewBox=\"0 0 448 512\" xmlns=\"http:\/\/www.w3.org\/2000\/svg\"><path d=\"M413.1 222.5l22.2 22.2c9.4 9.4 9.4 24.6 0 33.9L241 473c-9.4 9.4-24.6 9.4-33.9 0L12.7 278.6c-9.4-9.4-9.4-24.6 0-33.9l22.2-22.2c9.5-9.5 25-9.3 34.3.4L184 343.4V56c0-13.3 10.7-24 24-24h32c13.3 0 24 10.7 24 24v287.4l114.8-120.5c9.3-9.8 24.8-10 34.3-.4z\"><\/path><\/svg>\t\t\t<\/a>\n\t\t<\/div>\n\t\t\t\t\t\t<\/div>\n\t\t\t\t<div class=\"elementor-element elementor-element-c80e6d2 elementor-widget elementor-widget-menu-anchor\" data-id=\"c80e6d2\" data-element_type=\"widget\" data-widget_type=\"menu-anchor.default\">\n\t\t\t\t\t\t\t<div class=\"elementor-menu-anchor\" id=\"scroll-down\"><\/div>\n\t\t\t\t\t\t<\/div>\n\t\t\t\t<\/div>\n\t\t<div class=\"elementor-element elementor-element-31a09f41 e-con-full e-flex e-con e-parent\" data-id=\"31a09f41\" data-element_type=\"container\" data-settings=\"{&quot;background_background&quot;:&quot;classic&quot;}\">\n\t\t\t\t<div class=\"elementor-element elementor-element-2dea53a6 elementor-widget elementor-widget-text-editor\" data-id=\"2dea53a6\" data-element_type=\"widget\" data-widget_type=\"text-editor.default\">\n\t\t\t\t\t\t\t\t\t<p>K\u00f6nig offre catene da neve premium, riconosciute a livello mondiale. La gamma \u00e8 composta sia da catene da neve consumer che da catene da neve professional.<\/p><p>Le catene da neve consumer sono tipicamente destinate ai privati che guidano il proprio veicolo su strade innevate e\/o ghiacciate in inverno. I veicoli per cui sono progettate le catene da neve consumer sono autovetture, crossover, SUV, furgoni e camper con una massa lorda massima del veicolo di 3,5 tonnellate e\/o un numero massimo di 9 posti a sedere compreso il conducente.<\/p><p>La gamma di prodotti Professional di K\u00f6nig comprende catene destinate ai professionisti coinvolti nelle attivit\u00e0 di guida invernale e di manutenzione stradale, come le aziende di autobus, le aziende che si occupano di movimentazione merci e servizi logistici, le aziende di sgombero neve e manutenzione stradale, gli agricoltori. Le catene da neve professionali sono la scelta preferita anche per i veicoli impegnati in spedizioni e in ambito militare. I\u00a0veicoli impiegati per tali attivit\u00e0 hanno una massa lorda superiore a 3,5 tonnellate (max 44 tonnellate) e\/o un numero di posti a sedere superiore a 9.<\/p><p>Per saperne di pi\u00f9 sui nostri prodotti, seleziona prima il segmento di interesse.<\/p>\t\t\t\t\t\t\t\t<\/div>\n\t\t\t\t<\/div>\n\t\t<div class=\"elementor-element elementor-element-7973f9ba e-grid e-con-full e-con e-parent\" data-id=\"7973f9ba\" data-element_type=\"container\">\n\t\t<div class=\"elementor-element elementor-element-1b79702b e-con-full e-flex e-con e-child\" data-id=\"1b79702b\" data-element_type=\"container\" data-settings=\"{&quot;background_background&quot;:&quot;classic&quot;,&quot;background_motion_fx_motion_fx_scrolling&quot;:&quot;yes&quot;,&quot;background_motion_fx_translateY_speed&quot;:{&quot;unit&quot;:&quot;px&quot;,&quot;size&quot;:3,&quot;sizes&quot;:[]},&quot;background_motion_fx_translateY_effect&quot;:&quot;yes&quot;,&quot;background_motion_fx_translateY_affectedRange&quot;:{&quot;unit&quot;:&quot;%&quot;,&quot;size&quot;:&quot;&quot;,&quot;sizes&quot;:{&quot;start&quot;:0,&quot;end&quot;:100}},&quot;background_motion_fx_devices&quot;:[&quot;desktop&quot;,&quot;tablet_extra&quot;,&quot;tablet&quot;,&quot;mobile&quot;]}\">\n\t\t\t\t<\/div>\n\t\t<div class=\"elementor-element elementor-element-1f74133b e-flex e-con-boxed e-con e-child\" data-id=\"1f74133b\" data-element_type=\"container\">\n\t\t\t\t\t<div class=\"e-con-inner\">\n\t\t\t\t<div class=\"elementor-element elementor-element-6b3a34a0 elementor-widget-divider--view-line elementor-widget elementor-widget-divider\" data-id=\"6b3a34a0\" data-element_type=\"widget\" data-widget_type=\"divider.default\">\n\t\t\t\t\t\t\t<div class=\"elementor-divider\">\n\t\t\t<span class=\"elementor-divider-separator\">\n\t\t\t\t\t\t<\/span>\n\t\t<\/div>\n\t\t\t\t\t\t<\/div>\n\t\t\t\t<div class=\"elementor-element elementor-element-28a6b24e elementor-widget elementor-widget-heading\" data-id=\"28a6b24e\" data-element_type=\"widget\" data-widget_type=\"heading.default\">\n\t\t\t\t\t<h2 class=\"elementor-heading-title elementor-size-default\">Catene da neve Consumer<\/h2>\t\t\t\t<\/div>\n\t\t\t\t<div class=\"elementor-element elementor-element-2787fbb elementor-widget elementor-widget-text-editor\" data-id=\"2787fbb\" data-element_type=\"widget\" data-widget_type=\"text-editor.default\">\n\t\t\t\t\t\t\t\t\t<p>Catene da neve facili da montare per autovetture, crossover, SUV, furgoni e camper: il compagno perfetto per le vacanze sulla neve o, pi\u00f9 in generale, per guidare in sicurezza in inverno.<\/p><p>Le catene da neve appartenenti a questo segmento sono generalmente destinate ad utenti che utilizzano raramente le catene da neve, proprio per questo motivo, i prodotti sono progettati per essere facili e leggeri per migliorare le operazioni di montaggio e smontaggio.<\/p>\t\t\t\t\t\t\t\t<\/div>\n\t\t<div class=\"elementor-element elementor-element-e2962bb e-flex e-con-boxed e-con e-child\" data-id=\"e2962bb\" data-element_type=\"container\">\n\t\t\t\t\t<div class=\"e-con-inner\">\n\t\t\t\t<div class=\"elementor-element elementor-element-de1786b elementor-align-right elementor-mobile-align-center elementor-widget elementor-widget-button\" data-id=\"de1786b\" data-element_type=\"widget\" data-widget_type=\"button.default\">\n\t\t\t\t\t\t\t\t\t\t<a class=\"elementor-button elementor-button-link elementor-size-sm\" href=\"https:\/\/www.konigchain.com\/it\/consumer-snow-chains\/\">\n\t\t\t\t\t\t<span class=\"elementor-button-content-wrapper\">\n\t\t\t\t\t\t\t\t\t<span class=\"elementor-button-text\">Prodotti<\/span>\n\t\t\t\t\t<\/span>\n\t\t\t\t\t<\/a>\n\t\t\t\t\t\t\t\t<\/div>\n\t\t\t\t<div class=\"elementor-element elementor-element-95b444f elementor-widget elementor-widget-button\" data-id=\"95b444f\" data-element_type=\"widget\" data-widget_type=\"button.default\">\n\t\t\t\t\t\t\t\t\t\t<a class=\"elementor-button elementor-button-link elementor-size-sm\" href=\"https:\/\/www.konigchain.com\/it\/consumer-configurator\/\">\n\t\t\t\t\t\t<span class=\"elementor-button-content-wrapper\">\n\t\t\t\t\t\t\t\t\t<span class=\"elementor-button-text\">Configuratore<\/span>\n\t\t\t\t\t<\/span>\n\t\t\t\t\t<\/a>\n\t\t\t\t\t\t\t\t<\/div>\n\t\t\t\t<div class=\"elementor-element elementor-element-ad264b7 elementor-align-right elementor-mobile-align-center elementor-widget elementor-widget-button\" data-id=\"ad264b7\" data-element_type=\"widget\" data-widget_type=\"button.default\">\n\t\t\t\t\t\t\t\t\t\t<a class=\"elementor-button elementor-button-link elementor-size-sm\" href=\"https:\/\/www.konigchain.com\/it\/tecnologia-catene-da-neve-consumer\/\">\n\t\t\t\t\t\t<span class=\"elementor-button-content-wrapper\">\n\t\t\t\t\t\t\t\t\t<span class=\"elementor-button-text\">Tecnologia<\/span>\n\t\t\t\t\t<\/span>\n\t\t\t\t\t<\/a>\n\t\t\t\t\t\t\t\t<\/div>\n\t\t\t\t\t<\/div>\n\t\t\t\t<\/div>\n\t\t\t\t\t<\/div>\n\t\t\t\t<\/div>\n\t\t\t\t<\/div>\n\t\t<div class=\"elementor-element elementor-element-91c41a0 e-grid e-con-full e-con e-parent\" data-id=\"91c41a0\" data-element_type=\"container\">\n\t\t<div class=\"elementor-element elementor-element-637f70e e-flex e-con-boxed e-con e-child\" data-id=\"637f70e\" data-element_type=\"container\">\n\t\t\t\t\t<div class=\"e-con-inner\">\n\t\t<div class=\"elementor-element elementor-element-4e04567 e-flex e-con-boxed e-con e-child\" data-id=\"4e04567\" data-element_type=\"container\">\n\t\t\t\t\t<div class=\"e-con-inner\">\n\t\t\t\t<div class=\"elementor-element elementor-element-e07afc1 elementor-widget-divider--view-line elementor-widget elementor-widget-divider\" data-id=\"e07afc1\" data-element_type=\"widget\" data-widget_type=\"divider.default\">\n\t\t\t\t\t\t\t<div class=\"elementor-divider\">\n\t\t\t<span class=\"elementor-divider-separator\">\n\t\t\t\t\t\t<\/span>\n\t\t<\/div>\n\t\t\t\t\t\t<\/div>\n\t\t\t\t<div class=\"elementor-element elementor-element-aee6280 elementor-widget elementor-widget-heading\" data-id=\"aee6280\" data-element_type=\"widget\" data-widget_type=\"heading.default\">\n\t\t\t\t\t<h2 class=\"elementor-heading-title elementor-size-default\">Catene da neve Professional<\/h2>\t\t\t\t<\/div>\n\t\t\t\t<div class=\"elementor-element elementor-element-c93a630 elementor-widget elementor-widget-text-editor\" data-id=\"c93a630\" data-element_type=\"widget\" data-widget_type=\"text-editor.default\">\n\t\t\t\t\t\t\t\t\t<p>Catene da neve pesanti per fuoristrada, autocarri medio-pesanti, macchine per lo sgombero neve, trattori e macchine agricole e veicoli speciali.<\/p><p>Veicoli pi\u00f9 grandi, situazioni impegnative, sessioni di lavoro prolungate: queste sono le condizioni in cui i Professionisti sono chiamati all&#8217;azione. K\u00f6nig \u00e8 il partner pi\u00f9 affidabile quando si tratta di affiancare i professionisti nelle loro attivit\u00e0.<\/p>\t\t\t\t\t\t\t\t<\/div>\n\t\t<div class=\"elementor-element elementor-element-a7df6c3 e-flex e-con-boxed e-con e-child\" data-id=\"a7df6c3\" data-element_type=\"container\">\n\t\t\t\t\t<div class=\"e-con-inner\">\n\t\t\t\t<div class=\"elementor-element elementor-element-e1f60ad elementor-align-right elementor-mobile-align-center elementor-widget elementor-widget-button\" data-id=\"e1f60ad\" data-element_type=\"widget\" data-widget_type=\"button.default\">\n\t\t\t\t\t\t\t\t\t\t<a class=\"elementor-button elementor-button-link elementor-size-sm\" href=\"https:\/\/www.konigchain.com\/it\/professional-snow-chains\/\">\n\t\t\t\t\t\t<span class=\"elementor-button-content-wrapper\">\n\t\t\t\t\t\t\t\t\t<span class=\"elementor-button-text\">Prodotti<\/span>\n\t\t\t\t\t<\/span>\n\t\t\t\t\t<\/a>\n\t\t\t\t\t\t\t\t<\/div>\n\t\t\t\t<div class=\"elementor-element elementor-element-9664c9a elementor-widget elementor-widget-button\" data-id=\"9664c9a\" data-element_type=\"widget\" data-widget_type=\"button.default\">\n\t\t\t\t\t\t\t\t\t\t<a class=\"elementor-button elementor-button-link elementor-size-sm\" href=\"https:\/\/www.konigchain.com\/it\/professional-configurator\/\">\n\t\t\t\t\t\t<span class=\"elementor-button-content-wrapper\">\n\t\t\t\t\t\t\t\t\t<span class=\"elementor-button-text\">Configuratore<\/span>\n\t\t\t\t\t<\/span>\n\t\t\t\t\t<\/a>\n\t\t\t\t\t\t\t\t<\/div>\n\t\t\t\t<div class=\"elementor-element elementor-element-2d1856b elementor-align-right elementor-mobile-align-center elementor-widget elementor-widget-button\" data-id=\"2d1856b\" data-element_type=\"widget\" data-widget_type=\"button.default\">\n\t\t\t\t\t\t\t\t\t\t<a class=\"elementor-button elementor-button-link elementor-size-sm\" href=\"https:\/\/www.konigchain.com\/it\/tecnologia-catene-da-neve-professional\/\">\n\t\t\t\t\t\t<span class=\"elementor-button-content-wrapper\">\n\t\t\t\t\t\t\t\t\t<span class=\"elementor-button-text\">Tecnologia<\/span>\n\t\t\t\t\t<\/span>\n\t\t\t\t\t<\/a>\n\t\t\t\t\t\t\t\t<\/div>\n\t\t\t\t\t<\/div>\n\t\t\t\t<\/div>\n\t\t\t\t\t<\/div>\n\t\t\t\t<\/div>\n\t\t\t\t\t<\/div>\n\t\t\t\t<\/div>\n\t\t<div class=\"elementor-element elementor-element-3a2acd2 e-con-full e-flex e-con e-child\" data-id=\"3a2acd2\" data-element_type=\"container\" data-settings=\"{&quot;background_background&quot;:&quot;classic&quot;,&quot;background_motion_fx_motion_fx_scrolling&quot;:&quot;yes&quot;,&quot;background_motion_fx_translateY_speed&quot;:{&quot;unit&quot;:&quot;px&quot;,&quot;size&quot;:7.3,&quot;sizes&quot;:[]},&quot;background_motion_fx_devices&quot;:[&quot;desktop&quot;],&quot;background_motion_fx_range&quot;:&quot;viewport&quot;,&quot;background_motion_fx_translateY_effect&quot;:&quot;yes&quot;,&quot;background_motion_fx_translateY_affectedRange&quot;:{&quot;unit&quot;:&quot;%&quot;,&quot;size&quot;:&quot;&quot;,&quot;sizes&quot;:{&quot;start&quot;:10,&quot;end&quot;:70}}}\">\n\t\t\t\t<\/div>\n\t\t\t\t<\/div>\n\t\t\t\t<\/div>\n\t\t","protected":false},"excerpt":{"rendered":"<p>Gamma catene da neve CATENE DA NEVE consumer e professional\u200b K\u00f6nig offre catene da neve premium, riconosciute a livello mondiale. La gamma \u00e8 composta sia da catene da neve consumer che da catene da neve professional. Le catene da neve consumer sono tipicamente destinate ai privati che guidano il proprio veicolo su strade innevate e\/o [&hellip;]<\/p>\n","protected":false},"author":3,"featured_media":17451,"parent":0,"menu_order":0,"comment_status":"closed","ping_status":"closed","template":"","meta":{"_acf_changed":false,"footnotes":""},"page-category":[1550],"class_list":["post-17590","page","type-page","status-publish","has-post-thumbnail","hentry","page-category-b2c"],"acf":[],"yoast_head":"<!-- This site is optimized with the Yoast SEO plugin v26.8 - https:\/\/yoast.com\/product\/yoast-seo-wordpress\/ -->\n<title>Catene da neve premium, le pi\u00f9 facili da usare,le pi\u00f9 sicure e innovative - K\u00f6nig<\/title>\n<meta name=\"description\" content=\"Le catene da neve K\u00f6nig, leader per facilit\u00e0 d&#039;uso, qualit\u00e0 e affidabilit\u00e0, sono disponibili per auto, SUV, furgoni, camion, spalaneve e trattori.\" \/>\n<meta name=\"robots\" content=\"index, follow, max-snippet:-1, max-image-preview:large, max-video-preview:-1\" \/>\n<link rel=\"canonical\" href=\"https:\/\/www.konigchain.com\/it\/catene-da-neve\/\" \/>\n<meta property=\"og:locale\" content=\"it_IT\" \/>\n<meta property=\"og:type\" content=\"article\" \/>\n<meta property=\"og:title\" content=\"Catene da neve premium, le pi\u00f9 facili da usare,le pi\u00f9 sicure e innovative - K\u00f6nig\" \/>\n<meta property=\"og:description\" content=\"Le catene da neve K\u00f6nig, leader per facilit\u00e0 d&#039;uso, qualit\u00e0 e affidabilit\u00e0, sono disponibili per auto, SUV, furgoni, camion, spalaneve e trattori.\" \/>\n<meta property=\"og:url\" content=\"https:\/\/www.konigchain.com\/it\/catene-da-neve\/\" \/>\n<meta property=\"og:site_name\" content=\"K\u00f6nig\" \/>\n<meta property=\"article:modified_time\" content=\"2025-07-14T07:36:37+00:00\" \/>\n<meta property=\"og:image\" content=\"https:\/\/www.konigchain.com\/wp-content\/uploads\/2024\/07\/Konig-Reflex-Cross_Audi-Q3-43.jpg\" \/>\n\t<meta property=\"og:image:width\" content=\"2500\" \/>\n\t<meta property=\"og:image:height\" content=\"1454\" \/>\n\t<meta property=\"og:image:type\" content=\"image\/jpeg\" \/>\n<meta name=\"twitter:card\" content=\"summary_large_image\" \/>\n<meta name=\"twitter:label1\" content=\"Tempo di lettura stimato\" \/>\n\t<meta name=\"twitter:data1\" content=\"2 minuti\" \/>\n<script type=\"application\/ld+json\" class=\"yoast-schema-graph\">{\"@context\":\"https:\/\/schema.org\",\"@graph\":[{\"@type\":\"WebPage\",\"@id\":\"https:\/\/www.konigchain.com\/it\/catene-da-neve\/\",\"url\":\"https:\/\/www.konigchain.com\/it\/catene-da-neve\/\",\"name\":\"Catene da neve premium, le pi\u00f9 facili da usare,le pi\u00f9 sicure e innovative - K\u00f6nig\",\"isPartOf\":{\"@id\":\"https:\/\/www.konigchain.com\/it\/#website\"},\"primaryImageOfPage\":{\"@id\":\"https:\/\/www.konigchain.com\/it\/catene-da-neve\/#primaryimage\"},\"image\":{\"@id\":\"https:\/\/www.konigchain.com\/it\/catene-da-neve\/#primaryimage\"},\"thumbnailUrl\":\"https:\/\/www.konigchain.com\/wp-content\/uploads\/2024\/07\/Konig-Reflex-Cross_Audi-Q3-43.jpg\",\"datePublished\":\"2024-01-08T14:55:46+00:00\",\"dateModified\":\"2025-07-14T07:36:37+00:00\",\"description\":\"Le catene da neve K\u00f6nig, leader per facilit\u00e0 d'uso, qualit\u00e0 e affidabilit\u00e0, sono disponibili per auto, SUV, furgoni, camion, spalaneve e trattori.\",\"breadcrumb\":{\"@id\":\"https:\/\/www.konigchain.com\/it\/catene-da-neve\/#breadcrumb\"},\"inLanguage\":\"it-IT\",\"potentialAction\":[{\"@type\":\"ReadAction\",\"target\":[\"https:\/\/www.konigchain.com\/it\/catene-da-neve\/\"]}]},{\"@type\":\"ImageObject\",\"inLanguage\":\"it-IT\",\"@id\":\"https:\/\/www.konigchain.com\/it\/catene-da-neve\/#primaryimage\",\"url\":\"https:\/\/www.konigchain.com\/wp-content\/uploads\/2024\/07\/Konig-Reflex-Cross_Audi-Q3-43.jpg\",\"contentUrl\":\"https:\/\/www.konigchain.com\/wp-content\/uploads\/2024\/07\/Konig-Reflex-Cross_Audi-Q3-43.jpg\",\"width\":2500,\"height\":1454},{\"@type\":\"BreadcrumbList\",\"@id\":\"https:\/\/www.konigchain.com\/it\/catene-da-neve\/#breadcrumb\",\"itemListElement\":[{\"@type\":\"ListItem\",\"position\":1,\"name\":\"Home\",\"item\":\"https:\/\/www.konigchain.com\/it\/\"},{\"@type\":\"ListItem\",\"position\":2,\"name\":\"Catene da neve\"}]},{\"@type\":\"WebSite\",\"@id\":\"https:\/\/www.konigchain.com\/it\/#website\",\"url\":\"https:\/\/www.konigchain.com\/it\/\",\"name\":\"K\u00f6nig\",\"description\":\"\",\"publisher\":{\"@id\":\"https:\/\/www.konigchain.com\/it\/#organization\"},\"potentialAction\":[{\"@type\":\"SearchAction\",\"target\":{\"@type\":\"EntryPoint\",\"urlTemplate\":\"https:\/\/www.konigchain.com\/it\/?s={search_term_string}\"},\"query-input\":{\"@type\":\"PropertyValueSpecification\",\"valueRequired\":true,\"valueName\":\"search_term_string\"}}],\"inLanguage\":\"it-IT\"},{\"@type\":\"Organization\",\"@id\":\"https:\/\/www.konigchain.com\/it\/#organization\",\"name\":\"K\u00f6nig\",\"url\":\"https:\/\/www.konigchain.com\/it\/\",\"logo\":{\"@type\":\"ImageObject\",\"inLanguage\":\"it-IT\",\"@id\":\"https:\/\/www.konigchain.com\/it\/#\/schema\/logo\/image\/\",\"url\":\"https:\/\/www.konigchain.com\/wp-content\/uploads\/2023\/12\/logo-Konig-2016-BG.png\",\"contentUrl\":\"https:\/\/www.konigchain.com\/wp-content\/uploads\/2023\/12\/logo-Konig-2016-BG.png\",\"width\":3508,\"height\":2480,\"caption\":\"K\u00f6nig\"},\"image\":{\"@id\":\"https:\/\/www.konigchain.com\/it\/#\/schema\/logo\/image\/\"}}]}<\/script>\n<!-- \/ Yoast SEO plugin. -->","yoast_head_json":{"title":"Catene da neve premium, le pi\u00f9 facili da usare,le pi\u00f9 sicure e innovative - K\u00f6nig","description":"Le catene da neve K\u00f6nig, leader per facilit\u00e0 d'uso, qualit\u00e0 e affidabilit\u00e0, sono disponibili per auto, SUV, furgoni, camion, spalaneve e trattori.","robots":{"index":"index","follow":"follow","max-snippet":"max-snippet:-1","max-image-preview":"max-image-preview:large","max-video-preview":"max-video-preview:-1"},"canonical":"https:\/\/www.konigchain.com\/it\/catene-da-neve\/","og_locale":"it_IT","og_type":"article","og_title":"Catene da neve premium, le pi\u00f9 facili da usare,le pi\u00f9 sicure e innovative - K\u00f6nig","og_description":"Le catene da neve K\u00f6nig, leader per facilit\u00e0 d'uso, qualit\u00e0 e affidabilit\u00e0, sono disponibili per auto, SUV, furgoni, camion, spalaneve e trattori.","og_url":"https:\/\/www.konigchain.com\/it\/catene-da-neve\/","og_site_name":"K\u00f6nig","article_modified_time":"2025-07-14T07:36:37+00:00","og_image":[{"width":2500,"height":1454,"url":"https:\/\/www.konigchain.com\/wp-content\/uploads\/2024\/07\/Konig-Reflex-Cross_Audi-Q3-43.jpg","type":"image\/jpeg"}],"twitter_card":"summary_large_image","twitter_misc":{"Tempo di lettura stimato":"2 minuti"},"schema":{"@context":"https:\/\/schema.org","@graph":[{"@type":"WebPage","@id":"https:\/\/www.konigchain.com\/it\/catene-da-neve\/","url":"https:\/\/www.konigchain.com\/it\/catene-da-neve\/","name":"Catene da neve premium, le pi\u00f9 facili da usare,le pi\u00f9 sicure e innovative - K\u00f6nig","isPartOf":{"@id":"https:\/\/www.konigchain.com\/it\/#website"},"primaryImageOfPage":{"@id":"https:\/\/www.konigchain.com\/it\/catene-da-neve\/#primaryimage"},"image":{"@id":"https:\/\/www.konigchain.com\/it\/catene-da-neve\/#primaryimage"},"thumbnailUrl":"https:\/\/www.konigchain.com\/wp-content\/uploads\/2024\/07\/Konig-Reflex-Cross_Audi-Q3-43.jpg","datePublished":"2024-01-08T14:55:46+00:00","dateModified":"2025-07-14T07:36:37+00:00","description":"Le catene da neve K\u00f6nig, leader per facilit\u00e0 d'uso, qualit\u00e0 e affidabilit\u00e0, sono disponibili per auto, SUV, furgoni, camion, spalaneve e trattori.","breadcrumb":{"@id":"https:\/\/www.konigchain.com\/it\/catene-da-neve\/#breadcrumb"},"inLanguage":"it-IT","potentialAction":[{"@type":"ReadAction","target":["https:\/\/www.konigchain.com\/it\/catene-da-neve\/"]}]},{"@type":"ImageObject","inLanguage":"it-IT","@id":"https:\/\/www.konigchain.com\/it\/catene-da-neve\/#primaryimage","url":"https:\/\/www.konigchain.com\/wp-content\/uploads\/2024\/07\/Konig-Reflex-Cross_Audi-Q3-43.jpg","contentUrl":"https:\/\/www.konigchain.com\/wp-content\/uploads\/2024\/07\/Konig-Reflex-Cross_Audi-Q3-43.jpg","width":2500,"height":1454},{"@type":"BreadcrumbList","@id":"https:\/\/www.konigchain.com\/it\/catene-da-neve\/#breadcrumb","itemListElement":[{"@type":"ListItem","position":1,"name":"Home","item":"https:\/\/www.konigchain.com\/it\/"},{"@type":"ListItem","position":2,"name":"Catene da neve"}]},{"@type":"WebSite","@id":"https:\/\/www.konigchain.com\/it\/#website","url":"https:\/\/www.konigchain.com\/it\/","name":"K\u00f6nig","description":"","publisher":{"@id":"https:\/\/www.konigchain.com\/it\/#organization"},"potentialAction":[{"@type":"SearchAction","target":{"@type":"EntryPoint","urlTemplate":"https:\/\/www.konigchain.com\/it\/?s={search_term_string}"},"query-input":{"@type":"PropertyValueSpecification","valueRequired":true,"valueName":"search_term_string"}}],"inLanguage":"it-IT"},{"@type":"Organization","@id":"https:\/\/www.konigchain.com\/it\/#organization","name":"K\u00f6nig","url":"https:\/\/www.konigchain.com\/it\/","logo":{"@type":"ImageObject","inLanguage":"it-IT","@id":"https:\/\/www.konigchain.com\/it\/#\/schema\/logo\/image\/","url":"https:\/\/www.konigchain.com\/wp-content\/uploads\/2023\/12\/logo-Konig-2016-BG.png","contentUrl":"https:\/\/www.konigchain.com\/wp-content\/uploads\/2023\/12\/logo-Konig-2016-BG.png","width":3508,"height":2480,"caption":"K\u00f6nig"},"image":{"@id":"https:\/\/www.konigchain.com\/it\/#\/schema\/logo\/image\/"}}]}},"_links":{"self":[{"href":"https:\/\/www.konigchain.com\/it\/wp-json\/wp\/v2\/pages\/17590","targetHints":{"allow":["GET"]}}],"collection":[{"href":"https:\/\/www.konigchain.com\/it\/wp-json\/wp\/v2\/pages"}],"about":[{"href":"https:\/\/www.konigchain.com\/it\/wp-json\/wp\/v2\/types\/page"}],"author":[{"embeddable":true,"href":"https:\/\/www.konigchain.com\/it\/wp-json\/wp\/v2\/users\/3"}],"replies":[{"embeddable":true,"href":"https:\/\/www.konigchain.com\/it\/wp-json\/wp\/v2\/comments?post=17590"}],"version-history":[{"count":5,"href":"https:\/\/www.konigchain.com\/it\/wp-json\/wp\/v2\/pages\/17590\/revisions"}],"predecessor-version":[{"id":65769,"href":"https:\/\/www.konigchain.com\/it\/wp-json\/wp\/v2\/pages\/17590\/revisions\/65769"}],"wp:featuredmedia":[{"embeddable":true,"href":"https:\/\/www.konigchain.com\/it\/wp-json\/wp\/v2\/media\/17451"}],"wp:attachment":[{"href":"https:\/\/www.konigchain.com\/it\/wp-json\/wp\/v2\/media?parent=17590"}],"wp:term":[{"taxonomy":"page-category","embeddable":true,"href":"https:\/\/www.konigchain.com\/it\/wp-json\/wp\/v2\/page-category?post=17590"}],"curies":[{"name":"wp","href":"https:\/\/api.w.org\/{rel}","templated":true}]}}