{"id":17897,"date":"2024-04-30T07:54:15","date_gmt":"2024-04-30T05:54:15","guid":{"rendered":"https:\/\/wp1.konigchain.com\/snow-chains-technology\/"},"modified":"2025-08-27T08:51:47","modified_gmt":"2025-08-27T06:51:47","slug":"tecnologia-catene-da-neve","status":"publish","type":"page","link":"https:\/\/www.konigchain.com\/it\/tecnologia-catene-da-neve\/","title":{"rendered":"Tecnologia catene da neve"},"content":{"rendered":"\t\t<div data-elementor-type=\"wp-page\" data-elementor-id=\"17897\" class=\"elementor elementor-17897 elementor-3553\" data-elementor-post-type=\"page\">\n\t\t\t\t<div class=\"elementor-element elementor-element-6ca0296 e-con-full e-flex e-con e-parent\" data-id=\"6ca0296\" data-element_type=\"container\" data-settings=\"{&quot;background_background&quot;:&quot;classic&quot;,&quot;background_motion_fx_motion_fx_scrolling&quot;:&quot;yes&quot;,&quot;background_motion_fx_devices&quot;:[&quot;desktop&quot;,&quot;tablet_extra&quot;,&quot;tablet&quot;,&quot;mobile&quot;]}\">\n\t\t<div class=\"elementor-element elementor-element-2c3adad e-con-full e-flex e-con e-child\" data-id=\"2c3adad\" data-element_type=\"container\" data-settings=\"{&quot;background_background&quot;:&quot;classic&quot;,&quot;background_motion_fx_motion_fx_scrolling&quot;:&quot;yes&quot;,&quot;background_motion_fx_translateY_effect&quot;:&quot;yes&quot;,&quot;background_motion_fx_translateY_speed&quot;:{&quot;unit&quot;:&quot;px&quot;,&quot;size&quot;:4,&quot;sizes&quot;:[]},&quot;background_motion_fx_translateY_affectedRange&quot;:{&quot;unit&quot;:&quot;%&quot;,&quot;size&quot;:&quot;&quot;,&quot;sizes&quot;:{&quot;start&quot;:0,&quot;end&quot;:100}},&quot;background_motion_fx_devices&quot;:[&quot;desktop&quot;,&quot;tablet_extra&quot;,&quot;tablet&quot;,&quot;mobile&quot;]}\">\n\t\t\t\t<div class=\"elementor-element elementor-element-280f20d elementor-widget elementor-widget-heading\" data-id=\"280f20d\" data-element_type=\"widget\" data-widget_type=\"heading.default\">\n\t\t\t\t\t<h1 class=\"elementor-heading-title elementor-size-default\">Tecnologia applicata alle catene da neve<\/h1>\t\t\t\t<\/div>\n\t\t\t\t<div class=\"elementor-element elementor-element-ecae27d elementor-widget__width-initial elementor-widget elementor-widget-heading\" data-id=\"ecae27d\" data-element_type=\"widget\" data-widget_type=\"heading.default\">\n\t\t\t\t\t<h2 class=\"elementor-heading-title elementor-size-default\">Soluzioni uniche per far risaltare l'esperienza\u200b con il prodotto<\/h2>\t\t\t\t<\/div>\n\t\t\t\t<\/div>\n\t\t\t\t<div class=\"elementor-element elementor-element-083b979 elementor-view-stacked elementor-shape-square elementor-invisible elementor-widget elementor-widget-icon\" data-id=\"083b979\" data-element_type=\"widget\" data-settings=\"{&quot;motion_fx_motion_fx_scrolling&quot;:&quot;yes&quot;,&quot;_animation&quot;:&quot;bounceIn&quot;,&quot;motion_fx_devices&quot;:[&quot;desktop&quot;,&quot;tablet&quot;],&quot;_animation_delay&quot;:10}\" data-widget_type=\"icon.default\">\n\t\t\t\t\t\t\t<div class=\"elementor-icon-wrapper\">\n\t\t\t<a class=\"elementor-icon\" href=\"#scroll-down\">\n\t\t\t<svg aria-hidden=\"true\" class=\"e-font-icon-svg e-fas-arrow-down\" viewBox=\"0 0 448 512\" xmlns=\"http:\/\/www.w3.org\/2000\/svg\"><path d=\"M413.1 222.5l22.2 22.2c9.4 9.4 9.4 24.6 0 33.9L241 473c-9.4 9.4-24.6 9.4-33.9 0L12.7 278.6c-9.4-9.4-9.4-24.6 0-33.9l22.2-22.2c9.5-9.5 25-9.3 34.3.4L184 343.4V56c0-13.3 10.7-24 24-24h32c13.3 0 24 10.7 24 24v287.4l114.8-120.5c9.3-9.8 24.8-10 34.3-.4z\"><\/path><\/svg>\t\t\t<\/a>\n\t\t<\/div>\n\t\t\t\t\t\t<\/div>\n\t\t\t\t<div class=\"elementor-element elementor-element-1bb15df elementor-widget elementor-widget-menu-anchor\" data-id=\"1bb15df\" data-element_type=\"widget\" data-widget_type=\"menu-anchor.default\">\n\t\t\t\t\t\t\t<div class=\"elementor-menu-anchor\" id=\"scroll-down\"><\/div>\n\t\t\t\t\t\t<\/div>\n\t\t\t\t<\/div>\n\t\t<div class=\"elementor-element elementor-element-47f5e84f e-con-full e-flex e-con e-parent\" data-id=\"47f5e84f\" data-element_type=\"container\" data-settings=\"{&quot;background_background&quot;:&quot;classic&quot;}\">\n\t\t<div class=\"elementor-element elementor-element-06c1ec3 e-flex e-con-boxed e-con e-child\" data-id=\"06c1ec3\" data-element_type=\"container\">\n\t\t\t\t\t<div class=\"e-con-inner\">\n\t\t\t\t<div class=\"elementor-element elementor-element-2cc5a6ba elementor-widget elementor-widget-text-editor\" data-id=\"2cc5a6ba\" data-element_type=\"widget\" data-widget_type=\"text-editor.default\">\n\t\t\t\t\t\t\t\t\t<p>In oltre 50 anni di progettazione e sviluppo di catene da neve, K\u00f6nig ha rilasciato un&#8217;ampia gamma di tecnologie proprietarie che vengono utilizzate in diversi prodotti per offire l&#8217;esperienza di utilizzo migliore di sempre.<\/p><p>La tecnologia K\u00f6nig viene presentata divisa in base al segmento di applicazione, seleziona quello di tuo interesse.<\/p>\t\t\t\t\t\t\t\t<\/div>\n\t\t\t\t\t<\/div>\n\t\t\t\t<\/div>\n\t\t\t\t<\/div>\n\t\t<div class=\"elementor-element elementor-element-71f5dea0 e-con-full e-flex e-con e-parent\" data-id=\"71f5dea0\" data-element_type=\"container\" data-settings=\"{&quot;background_background&quot;:&quot;classic&quot;}\">\n\t\t<div class=\"elementor-element elementor-element-4a4dacc5 e-con-full e-flex e-con e-child\" data-id=\"4a4dacc5\" data-element_type=\"container\" data-settings=\"{&quot;background_background&quot;:&quot;classic&quot;}\">\n\t\t\t\t<\/div>\n\t\t<div class=\"elementor-element elementor-element-d1aa0e4 e-con-full e-flex e-con e-child\" data-id=\"d1aa0e4\" data-element_type=\"container\">\n\t\t\t\t<div class=\"elementor-element elementor-element-6569c55e elementor-widget-divider--view-line elementor-widget elementor-widget-divider\" data-id=\"6569c55e\" data-element_type=\"widget\" data-widget_type=\"divider.default\">\n\t\t\t\t\t\t\t<div class=\"elementor-divider\">\n\t\t\t<span class=\"elementor-divider-separator\">\n\t\t\t\t\t\t<\/span>\n\t\t<\/div>\n\t\t\t\t\t\t<\/div>\n\t\t\t\t<div class=\"elementor-element elementor-element-1b71cd3c elementor-widget elementor-widget-heading\" data-id=\"1b71cd3c\" data-element_type=\"widget\" data-widget_type=\"heading.default\">\n\t\t\t\t\t<h2 class=\"elementor-heading-title elementor-size-default\">Tecnologia catene da neve consumer<\/h2>\t\t\t\t<\/div>\n\t\t\t\t<div class=\"elementor-element elementor-element-303f4c83 elementor-widget elementor-widget-text-editor\" data-id=\"303f4c83\" data-element_type=\"widget\" data-widget_type=\"text-editor.default\">\n\t\t\t\t\t\t\t\t\t<p style=\"text-align: center;\">Le tecnologie delle catene da neve consumer mirano a rendere le catene da neve per auto, crossover, SUV e furgoni pi\u00f9 sicure, affidabili e facili da usare, soprattutto per chi non \u00e8 esperto nell&#8217;utilizzo delle catene da neve.<\/p>\t\t\t\t\t\t\t\t<\/div>\n\t\t\t\t<div class=\"elementor-element elementor-element-a661f61 elementor-align-center elementor-widget elementor-widget-button\" data-id=\"a661f61\" data-element_type=\"widget\" data-widget_type=\"button.default\">\n\t\t\t\t\t\t\t\t\t\t<a class=\"elementor-button elementor-button-link elementor-size-sm\" href=\"https:\/\/www.konigchain.com\/it\/tecnologia-catene-da-neve-consumer\/\">\n\t\t\t\t\t\t<span class=\"elementor-button-content-wrapper\">\n\t\t\t\t\t\t\t\t\t<span class=\"elementor-button-text\">Esplora<\/span>\n\t\t\t\t\t<\/span>\n\t\t\t\t\t<\/a>\n\t\t\t\t\t\t\t\t<\/div>\n\t\t\t\t<\/div>\n\t\t\t\t<\/div>\n\t\t<div class=\"elementor-element elementor-element-81419e8 e-con-full e-flex e-con e-parent\" data-id=\"81419e8\" data-element_type=\"container\" data-settings=\"{&quot;background_background&quot;:&quot;classic&quot;}\">\n\t\t<div class=\"elementor-element elementor-element-217ac2c e-con-full e-flex e-con e-child\" data-id=\"217ac2c\" data-element_type=\"container\">\n\t\t\t\t<div class=\"elementor-element elementor-element-1f7ebb5 elementor-widget-divider--view-line elementor-widget elementor-widget-divider\" data-id=\"1f7ebb5\" data-element_type=\"widget\" data-widget_type=\"divider.default\">\n\t\t\t\t\t\t\t<div class=\"elementor-divider\">\n\t\t\t<span class=\"elementor-divider-separator\">\n\t\t\t\t\t\t<\/span>\n\t\t<\/div>\n\t\t\t\t\t\t<\/div>\n\t\t\t\t<div class=\"elementor-element elementor-element-7e85268 elementor-widget elementor-widget-heading\" data-id=\"7e85268\" data-element_type=\"widget\" data-widget_type=\"heading.default\">\n\t\t\t\t\t<h2 class=\"elementor-heading-title elementor-size-default\">Tecnologia catene da neve professional<\/h2>\t\t\t\t<\/div>\n\t\t\t\t<div class=\"elementor-element elementor-element-c4f6fd4 elementor-widget elementor-widget-text-editor\" data-id=\"c4f6fd4\" data-element_type=\"widget\" data-widget_type=\"text-editor.default\">\n\t\t\t\t\t\t\t\t\t<p style=\"text-align: center;\">Le tecnologie delle catene da neve professional mirano a rendere le catene da neve professionali pi\u00f9 affidabili, resistenti e durevoli.<\/p>\t\t\t\t\t\t\t\t<\/div>\n\t\t\t\t<div class=\"elementor-element elementor-element-40c939f elementor-align-center elementor-widget elementor-widget-button\" data-id=\"40c939f\" data-element_type=\"widget\" data-widget_type=\"button.default\">\n\t\t\t\t\t\t\t\t\t\t<a class=\"elementor-button elementor-button-link elementor-size-sm\" href=\"https:\/\/www.konigchain.com\/it\/tecnologia-catene-da-neve-professional\/\">\n\t\t\t\t\t\t<span class=\"elementor-button-content-wrapper\">\n\t\t\t\t\t\t\t\t\t<span class=\"elementor-button-text\">Esplora<\/span>\n\t\t\t\t\t<\/span>\n\t\t\t\t\t<\/a>\n\t\t\t\t\t\t\t\t<\/div>\n\t\t\t\t<\/div>\n\t\t<div class=\"elementor-element elementor-element-f5e422e e-con-full e-flex e-con e-child\" data-id=\"f5e422e\" data-element_type=\"container\" data-settings=\"{&quot;background_background&quot;:&quot;classic&quot;}\">\n\t\t\t\t<\/div>\n\t\t\t\t<\/div>\n\t\t\t\t<\/div>\n\t\t","protected":false},"excerpt":{"rendered":"<p>Tecnologia applicata alle catene da neve Soluzioni uniche per far risaltare l&#8217;esperienza\u200b con il prodotto In oltre 50 anni di progettazione e sviluppo di catene da neve, K\u00f6nig ha rilasciato un&#8217;ampia gamma di tecnologie proprietarie che vengono utilizzate in diversi prodotti per offire l&#8217;esperienza di utilizzo migliore di sempre. La tecnologia K\u00f6nig viene presentata divisa [&hellip;]<\/p>\n","protected":false},"author":3,"featured_media":12925,"parent":0,"menu_order":0,"comment_status":"closed","ping_status":"closed","template":"","meta":{"_acf_changed":false,"footnotes":""},"page-category":[1550],"class_list":["post-17897","page","type-page","status-publish","has-post-thumbnail","hentry","page-category-b2c"],"acf":[],"yoast_head":"<!-- This site is optimized with the Yoast SEO plugin v26.8 - https:\/\/yoast.com\/product\/yoast-seo-wordpress\/ -->\n<title>Tecnologia K\u00f6nig per catene da neve pi\u00f9 facili da usare e pi\u00f9 affidabili<\/title>\n<meta name=\"description\" content=\"K\u00f6nig utilizza tecnologie all&#039;avanguardia che rendono le catene da neve pi\u00f9 facili e veloci da montare, mantenendo la trazione e l&#039;affidabilit\u00e0 su strade coperte di neve e ghiaccio.\" \/>\n<meta name=\"robots\" content=\"index, follow, max-snippet:-1, max-image-preview:large, max-video-preview:-1\" \/>\n<link rel=\"canonical\" href=\"https:\/\/www.konigchain.com\/it\/tecnologia-catene-da-neve\/\" \/>\n<meta property=\"og:locale\" content=\"it_IT\" \/>\n<meta property=\"og:type\" content=\"article\" \/>\n<meta property=\"og:title\" content=\"Tecnologia K\u00f6nig per catene da neve pi\u00f9 facili da usare e pi\u00f9 affidabili\" \/>\n<meta property=\"og:description\" content=\"K\u00f6nig utilizza tecnologie all&#039;avanguardia che rendono le catene da neve pi\u00f9 facili e veloci da montare, mantenendo la trazione e l&#039;affidabilit\u00e0 su strade coperte di neve e ghiaccio.\" \/>\n<meta property=\"og:url\" content=\"https:\/\/www.konigchain.com\/it\/tecnologia-catene-da-neve\/\" \/>\n<meta property=\"og:site_name\" content=\"K\u00f6nig\" \/>\n<meta property=\"article:modified_time\" content=\"2025-08-27T06:51:47+00:00\" \/>\n<meta property=\"og:image\" content=\"https:\/\/www.konigchain.com\/wp-content\/uploads\/2024\/01\/Konig-Reflex-Edge_Golf_5-1-scaled.jpg\" \/>\n\t<meta property=\"og:image:width\" content=\"2560\" \/>\n\t<meta property=\"og:image:height\" content=\"1707\" \/>\n\t<meta property=\"og:image:type\" content=\"image\/webp\" \/>\n<meta name=\"twitter:card\" content=\"summary_large_image\" \/>\n<meta name=\"twitter:label1\" content=\"Tempo di lettura stimato\" \/>\n\t<meta name=\"twitter:data1\" content=\"1 minuto\" \/>\n<script type=\"application\/ld+json\" class=\"yoast-schema-graph\">{\"@context\":\"https:\/\/schema.org\",\"@graph\":[{\"@type\":\"WebPage\",\"@id\":\"https:\/\/www.konigchain.com\/it\/tecnologia-catene-da-neve\/\",\"url\":\"https:\/\/www.konigchain.com\/it\/tecnologia-catene-da-neve\/\",\"name\":\"Tecnologia K\u00f6nig per catene da neve pi\u00f9 facili da usare e pi\u00f9 affidabili\",\"isPartOf\":{\"@id\":\"https:\/\/www.konigchain.com\/it\/#website\"},\"primaryImageOfPage\":{\"@id\":\"https:\/\/www.konigchain.com\/it\/tecnologia-catene-da-neve\/#primaryimage\"},\"image\":{\"@id\":\"https:\/\/www.konigchain.com\/it\/tecnologia-catene-da-neve\/#primaryimage\"},\"thumbnailUrl\":\"https:\/\/www.konigchain.com\/wp-content\/uploads\/2024\/01\/Konig-Reflex-Edge_Golf_5-1-scaled.jpg\",\"datePublished\":\"2024-04-30T05:54:15+00:00\",\"dateModified\":\"2025-08-27T06:51:47+00:00\",\"description\":\"K\u00f6nig utilizza tecnologie all'avanguardia che rendono le catene da neve pi\u00f9 facili e veloci da montare, mantenendo la trazione e l'affidabilit\u00e0 su strade coperte di neve e ghiaccio.\",\"breadcrumb\":{\"@id\":\"https:\/\/www.konigchain.com\/it\/tecnologia-catene-da-neve\/#breadcrumb\"},\"inLanguage\":\"it-IT\",\"potentialAction\":[{\"@type\":\"ReadAction\",\"target\":[\"https:\/\/www.konigchain.com\/it\/tecnologia-catene-da-neve\/\"]}]},{\"@type\":\"ImageObject\",\"inLanguage\":\"it-IT\",\"@id\":\"https:\/\/www.konigchain.com\/it\/tecnologia-catene-da-neve\/#primaryimage\",\"url\":\"https:\/\/www.konigchain.com\/wp-content\/uploads\/2024\/01\/Konig-Reflex-Edge_Golf_5-1-scaled.jpg\",\"contentUrl\":\"https:\/\/www.konigchain.com\/wp-content\/uploads\/2024\/01\/Konig-Reflex-Edge_Golf_5-1-scaled.jpg\",\"width\":2560,\"height\":1707},{\"@type\":\"BreadcrumbList\",\"@id\":\"https:\/\/www.konigchain.com\/it\/tecnologia-catene-da-neve\/#breadcrumb\",\"itemListElement\":[{\"@type\":\"ListItem\",\"position\":1,\"name\":\"Home\",\"item\":\"https:\/\/www.konigchain.com\/it\/\"},{\"@type\":\"ListItem\",\"position\":2,\"name\":\"Tecnologia catene da neve\"}]},{\"@type\":\"WebSite\",\"@id\":\"https:\/\/www.konigchain.com\/it\/#website\",\"url\":\"https:\/\/www.konigchain.com\/it\/\",\"name\":\"K\u00f6nig\",\"description\":\"\",\"publisher\":{\"@id\":\"https:\/\/www.konigchain.com\/it\/#organization\"},\"potentialAction\":[{\"@type\":\"SearchAction\",\"target\":{\"@type\":\"EntryPoint\",\"urlTemplate\":\"https:\/\/www.konigchain.com\/it\/?s={search_term_string}\"},\"query-input\":{\"@type\":\"PropertyValueSpecification\",\"valueRequired\":true,\"valueName\":\"search_term_string\"}}],\"inLanguage\":\"it-IT\"},{\"@type\":\"Organization\",\"@id\":\"https:\/\/www.konigchain.com\/it\/#organization\",\"name\":\"K\u00f6nig\",\"url\":\"https:\/\/www.konigchain.com\/it\/\",\"logo\":{\"@type\":\"ImageObject\",\"inLanguage\":\"it-IT\",\"@id\":\"https:\/\/www.konigchain.com\/it\/#\/schema\/logo\/image\/\",\"url\":\"https:\/\/www.konigchain.com\/wp-content\/uploads\/2023\/12\/logo-Konig-2016-BG.png\",\"contentUrl\":\"https:\/\/www.konigchain.com\/wp-content\/uploads\/2023\/12\/logo-Konig-2016-BG.png\",\"width\":3508,\"height\":2480,\"caption\":\"K\u00f6nig\"},\"image\":{\"@id\":\"https:\/\/www.konigchain.com\/it\/#\/schema\/logo\/image\/\"}}]}<\/script>\n<!-- \/ Yoast SEO plugin. -->","yoast_head_json":{"title":"Tecnologia K\u00f6nig per catene da neve pi\u00f9 facili da usare e pi\u00f9 affidabili","description":"K\u00f6nig utilizza tecnologie all'avanguardia che rendono le catene da neve pi\u00f9 facili e veloci da montare, mantenendo la trazione e l'affidabilit\u00e0 su strade coperte di neve e ghiaccio.","robots":{"index":"index","follow":"follow","max-snippet":"max-snippet:-1","max-image-preview":"max-image-preview:large","max-video-preview":"max-video-preview:-1"},"canonical":"https:\/\/www.konigchain.com\/it\/tecnologia-catene-da-neve\/","og_locale":"it_IT","og_type":"article","og_title":"Tecnologia K\u00f6nig per catene da neve pi\u00f9 facili da usare e pi\u00f9 affidabili","og_description":"K\u00f6nig utilizza tecnologie all'avanguardia che rendono le catene da neve pi\u00f9 facili e veloci da montare, mantenendo la trazione e l'affidabilit\u00e0 su strade coperte di neve e ghiaccio.","og_url":"https:\/\/www.konigchain.com\/it\/tecnologia-catene-da-neve\/","og_site_name":"K\u00f6nig","article_modified_time":"2025-08-27T06:51:47+00:00","og_image":[{"width":2560,"height":1707,"url":"https:\/\/www.konigchain.com\/wp-content\/uploads\/2024\/01\/Konig-Reflex-Edge_Golf_5-1-scaled.jpg","type":"image\/webp"}],"twitter_card":"summary_large_image","twitter_misc":{"Tempo di lettura stimato":"1 minuto"},"schema":{"@context":"https:\/\/schema.org","@graph":[{"@type":"WebPage","@id":"https:\/\/www.konigchain.com\/it\/tecnologia-catene-da-neve\/","url":"https:\/\/www.konigchain.com\/it\/tecnologia-catene-da-neve\/","name":"Tecnologia K\u00f6nig per catene da neve pi\u00f9 facili da usare e pi\u00f9 affidabili","isPartOf":{"@id":"https:\/\/www.konigchain.com\/it\/#website"},"primaryImageOfPage":{"@id":"https:\/\/www.konigchain.com\/it\/tecnologia-catene-da-neve\/#primaryimage"},"image":{"@id":"https:\/\/www.konigchain.com\/it\/tecnologia-catene-da-neve\/#primaryimage"},"thumbnailUrl":"https:\/\/www.konigchain.com\/wp-content\/uploads\/2024\/01\/Konig-Reflex-Edge_Golf_5-1-scaled.jpg","datePublished":"2024-04-30T05:54:15+00:00","dateModified":"2025-08-27T06:51:47+00:00","description":"K\u00f6nig utilizza tecnologie all'avanguardia che rendono le catene da neve pi\u00f9 facili e veloci da montare, mantenendo la trazione e l'affidabilit\u00e0 su strade coperte di neve e ghiaccio.","breadcrumb":{"@id":"https:\/\/www.konigchain.com\/it\/tecnologia-catene-da-neve\/#breadcrumb"},"inLanguage":"it-IT","potentialAction":[{"@type":"ReadAction","target":["https:\/\/www.konigchain.com\/it\/tecnologia-catene-da-neve\/"]}]},{"@type":"ImageObject","inLanguage":"it-IT","@id":"https:\/\/www.konigchain.com\/it\/tecnologia-catene-da-neve\/#primaryimage","url":"https:\/\/www.konigchain.com\/wp-content\/uploads\/2024\/01\/Konig-Reflex-Edge_Golf_5-1-scaled.jpg","contentUrl":"https:\/\/www.konigchain.com\/wp-content\/uploads\/2024\/01\/Konig-Reflex-Edge_Golf_5-1-scaled.jpg","width":2560,"height":1707},{"@type":"BreadcrumbList","@id":"https:\/\/www.konigchain.com\/it\/tecnologia-catene-da-neve\/#breadcrumb","itemListElement":[{"@type":"ListItem","position":1,"name":"Home","item":"https:\/\/www.konigchain.com\/it\/"},{"@type":"ListItem","position":2,"name":"Tecnologia catene da neve"}]},{"@type":"WebSite","@id":"https:\/\/www.konigchain.com\/it\/#website","url":"https:\/\/www.konigchain.com\/it\/","name":"K\u00f6nig","description":"","publisher":{"@id":"https:\/\/www.konigchain.com\/it\/#organization"},"potentialAction":[{"@type":"SearchAction","target":{"@type":"EntryPoint","urlTemplate":"https:\/\/www.konigchain.com\/it\/?s={search_term_string}"},"query-input":{"@type":"PropertyValueSpecification","valueRequired":true,"valueName":"search_term_string"}}],"inLanguage":"it-IT"},{"@type":"Organization","@id":"https:\/\/www.konigchain.com\/it\/#organization","name":"K\u00f6nig","url":"https:\/\/www.konigchain.com\/it\/","logo":{"@type":"ImageObject","inLanguage":"it-IT","@id":"https:\/\/www.konigchain.com\/it\/#\/schema\/logo\/image\/","url":"https:\/\/www.konigchain.com\/wp-content\/uploads\/2023\/12\/logo-Konig-2016-BG.png","contentUrl":"https:\/\/www.konigchain.com\/wp-content\/uploads\/2023\/12\/logo-Konig-2016-BG.png","width":3508,"height":2480,"caption":"K\u00f6nig"},"image":{"@id":"https:\/\/www.konigchain.com\/it\/#\/schema\/logo\/image\/"}}]}},"_links":{"self":[{"href":"https:\/\/www.konigchain.com\/it\/wp-json\/wp\/v2\/pages\/17897","targetHints":{"allow":["GET"]}}],"collection":[{"href":"https:\/\/www.konigchain.com\/it\/wp-json\/wp\/v2\/pages"}],"about":[{"href":"https:\/\/www.konigchain.com\/it\/wp-json\/wp\/v2\/types\/page"}],"author":[{"embeddable":true,"href":"https:\/\/www.konigchain.com\/it\/wp-json\/wp\/v2\/users\/3"}],"replies":[{"embeddable":true,"href":"https:\/\/www.konigchain.com\/it\/wp-json\/wp\/v2\/comments?post=17897"}],"version-history":[{"count":5,"href":"https:\/\/www.konigchain.com\/it\/wp-json\/wp\/v2\/pages\/17897\/revisions"}],"predecessor-version":[{"id":68379,"href":"https:\/\/www.konigchain.com\/it\/wp-json\/wp\/v2\/pages\/17897\/revisions\/68379"}],"wp:featuredmedia":[{"embeddable":true,"href":"https:\/\/www.konigchain.com\/it\/wp-json\/wp\/v2\/media\/12925"}],"wp:attachment":[{"href":"https:\/\/www.konigchain.com\/it\/wp-json\/wp\/v2\/media?parent=17897"}],"wp:term":[{"taxonomy":"page-category","embeddable":true,"href":"https:\/\/www.konigchain.com\/it\/wp-json\/wp\/v2\/page-category?post=17897"}],"curies":[{"name":"wp","href":"https:\/\/api.w.org\/{rel}","templated":true}]}}