{"id":19561,"date":"2024-05-16T17:31:24","date_gmt":"2024-05-16T15:31:24","guid":{"rendered":"https:\/\/wp1.konigchain.com\/cookies\/"},"modified":"2025-07-30T14:56:46","modified_gmt":"2025-07-30T12:56:46","slug":"cookies","status":"publish","type":"page","link":"https:\/\/www.konigchain.com\/it\/cookies\/","title":{"rendered":"Cookies"},"content":{"rendered":"\t\t<div data-elementor-type=\"wp-page\" data-elementor-id=\"19561\" class=\"elementor elementor-19561 elementor-5694\" data-elementor-post-type=\"page\">\n\t\t\t\t<div class=\"elementor-element elementor-element-b0e1141 e-con-full e-flex e-con e-parent\" data-id=\"b0e1141\" data-element_type=\"container\" data-settings=\"{&quot;background_background&quot;:&quot;classic&quot;,&quot;background_motion_fx_motion_fx_scrolling&quot;:&quot;yes&quot;,&quot;background_motion_fx_devices&quot;:[&quot;desktop&quot;,&quot;tablet_extra&quot;,&quot;tablet&quot;,&quot;mobile&quot;]}\">\n\t\t<div class=\"elementor-element elementor-element-7347889 e-con-full e-flex e-con e-child\" data-id=\"7347889\" data-element_type=\"container\" data-settings=\"{&quot;background_background&quot;:&quot;classic&quot;,&quot;background_motion_fx_motion_fx_scrolling&quot;:&quot;yes&quot;,&quot;background_motion_fx_translateY_effect&quot;:&quot;yes&quot;,&quot;background_motion_fx_translateY_speed&quot;:{&quot;unit&quot;:&quot;px&quot;,&quot;size&quot;:4,&quot;sizes&quot;:[]},&quot;background_motion_fx_translateY_affectedRange&quot;:{&quot;unit&quot;:&quot;%&quot;,&quot;size&quot;:&quot;&quot;,&quot;sizes&quot;:{&quot;start&quot;:0,&quot;end&quot;:100}},&quot;background_motion_fx_devices&quot;:[&quot;desktop&quot;,&quot;tablet_extra&quot;,&quot;tablet&quot;,&quot;mobile&quot;]}\">\n\t\t\t\t<div class=\"elementor-element elementor-element-6851255 elementor-widget elementor-widget-heading\" data-id=\"6851255\" data-element_type=\"widget\" data-widget_type=\"heading.default\">\n\t\t\t\t\t<h1 class=\"elementor-heading-title elementor-size-default\">Cookies<\/h1>\t\t\t\t<\/div>\n\t\t\t\t<\/div>\n\t\t\t\t<div class=\"elementor-element elementor-element-6ed3d91 elementor-view-stacked elementor-shape-square elementor-invisible elementor-widget elementor-widget-icon\" data-id=\"6ed3d91\" data-element_type=\"widget\" data-settings=\"{&quot;motion_fx_motion_fx_scrolling&quot;:&quot;yes&quot;,&quot;_animation&quot;:&quot;bounceIn&quot;,&quot;motion_fx_devices&quot;:[&quot;desktop&quot;,&quot;tablet&quot;],&quot;_animation_delay&quot;:10}\" data-widget_type=\"icon.default\">\n\t\t\t\t\t\t\t<div class=\"elementor-icon-wrapper\">\n\t\t\t<a class=\"elementor-icon\" href=\"#scroll-down\">\n\t\t\t<svg aria-hidden=\"true\" class=\"e-font-icon-svg e-fas-arrow-down\" viewBox=\"0 0 448 512\" xmlns=\"http:\/\/www.w3.org\/2000\/svg\"><path d=\"M413.1 222.5l22.2 22.2c9.4 9.4 9.4 24.6 0 33.9L241 473c-9.4 9.4-24.6 9.4-33.9 0L12.7 278.6c-9.4-9.4-9.4-24.6 0-33.9l22.2-22.2c9.5-9.5 25-9.3 34.3.4L184 343.4V56c0-13.3 10.7-24 24-24h32c13.3 0 24 10.7 24 24v287.4l114.8-120.5c9.3-9.8 24.8-10 34.3-.4z\"><\/path><\/svg>\t\t\t<\/a>\n\t\t<\/div>\n\t\t\t\t\t\t<\/div>\n\t\t\t\t<div class=\"elementor-element elementor-element-505fcb6 elementor-widget elementor-widget-menu-anchor\" data-id=\"505fcb6\" data-element_type=\"widget\" data-widget_type=\"menu-anchor.default\">\n\t\t\t\t\t\t\t<div class=\"elementor-menu-anchor\" id=\"scroll-down\"><\/div>\n\t\t\t\t\t\t<\/div>\n\t\t\t\t<\/div>\n\t\t<div class=\"elementor-element elementor-element-3a4c2990 e-flex e-con-boxed e-con e-parent\" data-id=\"3a4c2990\" data-element_type=\"container\">\n\t\t\t\t\t<div class=\"e-con-inner\">\n\t\t\t\t<div class=\"elementor-element elementor-element-3bb9e4b1 elementor-widget elementor-widget-text-editor\" data-id=\"3bb9e4b1\" data-element_type=\"widget\" data-widget_type=\"text-editor.default\">\n\t\t\t\t\t\t\t\t\t<p>Su questo sito vengono utilizzati i cookie. Un cookie \u00e8 un piccolo file che pu\u00f2 essere salvato sul computer dell\u2019utente quando accede a un sito web. I cookie vengono utilizzati principalmente per offrire agli utenti delle funzioni aggiuntive su un sito web. Possono essere utilizzati per esempio per facilitare la navigazione su un sito web, permettere di continuare a utilizzare un sito web da dove si \u00e8 interrotto la volta precedente e\/o per archiviare le preferenze e le impostazioni dell\u2019utente per la visita successiva. I cookie non possono accedere, leggere o modificare nessun altro dato sul computer dell\u2019utente.<\/p><p>La maggior parte dei cookie su questo sito web sono i cookie di sessione. Uscendo dal sito web si cancellano automaticamente. I cookie permanenti restano invece memorizzati sul computer fino a quando vengono cancellati manualmente nel browser. Utilizziamo questi cookie permanenti per riconoscere l\u2019utente alla visita successiva sul nostro sito web.<\/p><p>Per controllare i cookie sul computer \u00e8 possibile scegliere le impostazioni del browser in modo tale da ricevere una notifica quando un sito web vuole salvare un cookie. \u00c8 altres\u00ec possibile bloccare o cancellare un cookie gi\u00e0 salvato sul computer. Per ulteriori informazioni su come effettuare tali procedure consultare la funzione \u201cAiuto\u201d presente nel browser.<\/p>\t\t\t\t\t\t\t\t<\/div>\n\t\t\t\t<div class=\"elementor-element elementor-element-cf84b94 elementor-widget elementor-widget-html\" data-id=\"cf84b94\" data-element_type=\"widget\" data-widget_type=\"html.default\">\n\t\t\t\t\t<div class=\"uc-embed\"><\/div>\t\t\t\t<\/div>\n\t\t\t\t\t<\/div>\n\t\t\t\t<\/div>\n\t\t\t\t<\/div>\n\t\t","protected":false},"excerpt":{"rendered":"<p>Cookies Su questo sito vengono utilizzati i cookie. Un cookie \u00e8 un piccolo file che pu\u00f2 essere salvato sul computer dell\u2019utente quando accede a un sito web. I cookie vengono utilizzati principalmente per offrire agli utenti delle funzioni aggiuntive su un sito web. Possono essere utilizzati per esempio per facilitare la navigazione su un sito [&hellip;]<\/p>\n","protected":false},"author":3,"featured_media":0,"parent":0,"menu_order":0,"comment_status":"closed","ping_status":"closed","template":"","meta":{"_acf_changed":false,"footnotes":""},"page-category":[1550],"class_list":["post-19561","page","type-page","status-publish","hentry","page-category-b2c"],"acf":[],"yoast_head":"<!-- This site is optimized with the Yoast SEO plugin v26.8 - https:\/\/yoast.com\/product\/yoast-seo-wordpress\/ -->\n<title>Cookies - K\u00f6nig<\/title>\n<meta name=\"robots\" content=\"index, follow, max-snippet:-1, max-image-preview:large, max-video-preview:-1\" \/>\n<link rel=\"canonical\" href=\"https:\/\/www.konigchain.com\/it\/cookies\/\" \/>\n<meta property=\"og:locale\" content=\"it_IT\" \/>\n<meta property=\"og:type\" content=\"article\" \/>\n<meta property=\"og:title\" content=\"Cookies - K\u00f6nig\" \/>\n<meta property=\"og:description\" content=\"Cookies Su questo sito vengono utilizzati i cookie. Un cookie \u00e8 un piccolo file che pu\u00f2 essere salvato sul computer dell\u2019utente quando accede a un sito web. I cookie vengono utilizzati principalmente per offrire agli utenti delle funzioni aggiuntive su un sito web. Possono essere utilizzati per esempio per facilitare la navigazione su un sito [&hellip;]\" \/>\n<meta property=\"og:url\" content=\"https:\/\/www.konigchain.com\/it\/cookies\/\" \/>\n<meta property=\"og:site_name\" content=\"K\u00f6nig\" \/>\n<meta property=\"article:modified_time\" content=\"2025-07-30T12:56:46+00:00\" \/>\n<meta property=\"og:image\" content=\"https:\/\/www.konigchain.com\/wp-content\/uploads\/2025\/06\/Konig-snowchains-website.jpg\" \/>\n\t<meta property=\"og:image:width\" content=\"1350\" \/>\n\t<meta property=\"og:image:height\" content=\"675\" \/>\n\t<meta property=\"og:image:type\" content=\"image\/jpeg\" \/>\n<meta name=\"twitter:card\" content=\"summary_large_image\" \/>\n<meta name=\"twitter:label1\" content=\"Tempo di lettura stimato\" \/>\n\t<meta name=\"twitter:data1\" content=\"2 minuti\" \/>\n<script type=\"application\/ld+json\" class=\"yoast-schema-graph\">{\"@context\":\"https:\/\/schema.org\",\"@graph\":[{\"@type\":\"WebPage\",\"@id\":\"https:\/\/www.konigchain.com\/it\/cookies\/\",\"url\":\"https:\/\/www.konigchain.com\/it\/cookies\/\",\"name\":\"Cookies - K\u00f6nig\",\"isPartOf\":{\"@id\":\"https:\/\/www.konigchain.com\/it\/#website\"},\"datePublished\":\"2024-05-16T15:31:24+00:00\",\"dateModified\":\"2025-07-30T12:56:46+00:00\",\"breadcrumb\":{\"@id\":\"https:\/\/www.konigchain.com\/it\/cookies\/#breadcrumb\"},\"inLanguage\":\"it-IT\",\"potentialAction\":[{\"@type\":\"ReadAction\",\"target\":[\"https:\/\/www.konigchain.com\/it\/cookies\/\"]}]},{\"@type\":\"BreadcrumbList\",\"@id\":\"https:\/\/www.konigchain.com\/it\/cookies\/#breadcrumb\",\"itemListElement\":[{\"@type\":\"ListItem\",\"position\":1,\"name\":\"Home\",\"item\":\"https:\/\/www.konigchain.com\/it\/\"},{\"@type\":\"ListItem\",\"position\":2,\"name\":\"Cookies\"}]},{\"@type\":\"WebSite\",\"@id\":\"https:\/\/www.konigchain.com\/it\/#website\",\"url\":\"https:\/\/www.konigchain.com\/it\/\",\"name\":\"K\u00f6nig\",\"description\":\"\",\"publisher\":{\"@id\":\"https:\/\/www.konigchain.com\/it\/#organization\"},\"potentialAction\":[{\"@type\":\"SearchAction\",\"target\":{\"@type\":\"EntryPoint\",\"urlTemplate\":\"https:\/\/www.konigchain.com\/it\/?s={search_term_string}\"},\"query-input\":{\"@type\":\"PropertyValueSpecification\",\"valueRequired\":true,\"valueName\":\"search_term_string\"}}],\"inLanguage\":\"it-IT\"},{\"@type\":\"Organization\",\"@id\":\"https:\/\/www.konigchain.com\/it\/#organization\",\"name\":\"K\u00f6nig\",\"url\":\"https:\/\/www.konigchain.com\/it\/\",\"logo\":{\"@type\":\"ImageObject\",\"inLanguage\":\"it-IT\",\"@id\":\"https:\/\/www.konigchain.com\/it\/#\/schema\/logo\/image\/\",\"url\":\"https:\/\/www.konigchain.com\/wp-content\/uploads\/2023\/12\/logo-Konig-2016-BG.png\",\"contentUrl\":\"https:\/\/www.konigchain.com\/wp-content\/uploads\/2023\/12\/logo-Konig-2016-BG.png\",\"width\":3508,\"height\":2480,\"caption\":\"K\u00f6nig\"},\"image\":{\"@id\":\"https:\/\/www.konigchain.com\/it\/#\/schema\/logo\/image\/\"}}]}<\/script>\n<!-- \/ Yoast SEO plugin. -->","yoast_head_json":{"title":"Cookies - K\u00f6nig","robots":{"index":"index","follow":"follow","max-snippet":"max-snippet:-1","max-image-preview":"max-image-preview:large","max-video-preview":"max-video-preview:-1"},"canonical":"https:\/\/www.konigchain.com\/it\/cookies\/","og_locale":"it_IT","og_type":"article","og_title":"Cookies - K\u00f6nig","og_description":"Cookies Su questo sito vengono utilizzati i cookie. Un cookie \u00e8 un piccolo file che pu\u00f2 essere salvato sul computer dell\u2019utente quando accede a un sito web. I cookie vengono utilizzati principalmente per offrire agli utenti delle funzioni aggiuntive su un sito web. Possono essere utilizzati per esempio per facilitare la navigazione su un sito [&hellip;]","og_url":"https:\/\/www.konigchain.com\/it\/cookies\/","og_site_name":"K\u00f6nig","article_modified_time":"2025-07-30T12:56:46+00:00","og_image":[{"width":1350,"height":675,"url":"https:\/\/www.konigchain.com\/wp-content\/uploads\/2025\/06\/Konig-snowchains-website.jpg","type":"image\/jpeg"}],"twitter_card":"summary_large_image","twitter_misc":{"Tempo di lettura stimato":"2 minuti"},"schema":{"@context":"https:\/\/schema.org","@graph":[{"@type":"WebPage","@id":"https:\/\/www.konigchain.com\/it\/cookies\/","url":"https:\/\/www.konigchain.com\/it\/cookies\/","name":"Cookies - K\u00f6nig","isPartOf":{"@id":"https:\/\/www.konigchain.com\/it\/#website"},"datePublished":"2024-05-16T15:31:24+00:00","dateModified":"2025-07-30T12:56:46+00:00","breadcrumb":{"@id":"https:\/\/www.konigchain.com\/it\/cookies\/#breadcrumb"},"inLanguage":"it-IT","potentialAction":[{"@type":"ReadAction","target":["https:\/\/www.konigchain.com\/it\/cookies\/"]}]},{"@type":"BreadcrumbList","@id":"https:\/\/www.konigchain.com\/it\/cookies\/#breadcrumb","itemListElement":[{"@type":"ListItem","position":1,"name":"Home","item":"https:\/\/www.konigchain.com\/it\/"},{"@type":"ListItem","position":2,"name":"Cookies"}]},{"@type":"WebSite","@id":"https:\/\/www.konigchain.com\/it\/#website","url":"https:\/\/www.konigchain.com\/it\/","name":"K\u00f6nig","description":"","publisher":{"@id":"https:\/\/www.konigchain.com\/it\/#organization"},"potentialAction":[{"@type":"SearchAction","target":{"@type":"EntryPoint","urlTemplate":"https:\/\/www.konigchain.com\/it\/?s={search_term_string}"},"query-input":{"@type":"PropertyValueSpecification","valueRequired":true,"valueName":"search_term_string"}}],"inLanguage":"it-IT"},{"@type":"Organization","@id":"https:\/\/www.konigchain.com\/it\/#organization","name":"K\u00f6nig","url":"https:\/\/www.konigchain.com\/it\/","logo":{"@type":"ImageObject","inLanguage":"it-IT","@id":"https:\/\/www.konigchain.com\/it\/#\/schema\/logo\/image\/","url":"https:\/\/www.konigchain.com\/wp-content\/uploads\/2023\/12\/logo-Konig-2016-BG.png","contentUrl":"https:\/\/www.konigchain.com\/wp-content\/uploads\/2023\/12\/logo-Konig-2016-BG.png","width":3508,"height":2480,"caption":"K\u00f6nig"},"image":{"@id":"https:\/\/www.konigchain.com\/it\/#\/schema\/logo\/image\/"}}]}},"_links":{"self":[{"href":"https:\/\/www.konigchain.com\/it\/wp-json\/wp\/v2\/pages\/19561","targetHints":{"allow":["GET"]}}],"collection":[{"href":"https:\/\/www.konigchain.com\/it\/wp-json\/wp\/v2\/pages"}],"about":[{"href":"https:\/\/www.konigchain.com\/it\/wp-json\/wp\/v2\/types\/page"}],"author":[{"embeddable":true,"href":"https:\/\/www.konigchain.com\/it\/wp-json\/wp\/v2\/users\/3"}],"replies":[{"embeddable":true,"href":"https:\/\/www.konigchain.com\/it\/wp-json\/wp\/v2\/comments?post=19561"}],"version-history":[{"count":5,"href":"https:\/\/www.konigchain.com\/it\/wp-json\/wp\/v2\/pages\/19561\/revisions"}],"predecessor-version":[{"id":68305,"href":"https:\/\/www.konigchain.com\/it\/wp-json\/wp\/v2\/pages\/19561\/revisions\/68305"}],"wp:attachment":[{"href":"https:\/\/www.konigchain.com\/it\/wp-json\/wp\/v2\/media?parent=19561"}],"wp:term":[{"taxonomy":"page-category","embeddable":true,"href":"https:\/\/www.konigchain.com\/it\/wp-json\/wp\/v2\/page-category?post=19561"}],"curies":[{"name":"wp","href":"https:\/\/api.w.org\/{rel}","templated":true}]}}