{"id":17122,"date":"2024-04-25T17:24:39","date_gmt":"2024-04-25T15:24:39","guid":{"rendered":"https:\/\/wp1.konigchain.com\/snow-chains-configurator\/"},"modified":"2025-07-14T10:06:24","modified_gmt":"2025-07-14T08:06:24","slug":"konfigurator","status":"publish","type":"page","link":"https:\/\/www.konigchain.com\/pl\/konfigurator\/","title":{"rendered":"Konfigurator"},"content":{"rendered":"\t\t<div data-elementor-type=\"wp-page\" data-elementor-id=\"17122\" class=\"elementor elementor-17122 elementor-2916\" data-elementor-post-type=\"page\">\n\t\t\t\t<div class=\"elementor-element elementor-element-d86df49 e-con-full e-flex e-con e-parent\" data-id=\"d86df49\" data-element_type=\"container\" data-settings=\"{&quot;background_background&quot;:&quot;classic&quot;,&quot;background_motion_fx_motion_fx_scrolling&quot;:&quot;yes&quot;,&quot;background_motion_fx_devices&quot;:[&quot;desktop&quot;,&quot;tablet_extra&quot;,&quot;tablet&quot;,&quot;mobile&quot;]}\">\n\t\t<div class=\"elementor-element elementor-element-7a0e09d e-con-full e-flex e-con e-child\" data-id=\"7a0e09d\" data-element_type=\"container\" data-settings=\"{&quot;background_background&quot;:&quot;classic&quot;,&quot;background_motion_fx_motion_fx_scrolling&quot;:&quot;yes&quot;,&quot;background_motion_fx_translateY_effect&quot;:&quot;yes&quot;,&quot;background_motion_fx_translateY_speed&quot;:{&quot;unit&quot;:&quot;px&quot;,&quot;size&quot;:4,&quot;sizes&quot;:[]},&quot;background_motion_fx_translateY_affectedRange&quot;:{&quot;unit&quot;:&quot;%&quot;,&quot;size&quot;:&quot;&quot;,&quot;sizes&quot;:{&quot;start&quot;:0,&quot;end&quot;:100}},&quot;background_motion_fx_devices&quot;:[&quot;desktop&quot;,&quot;tablet_extra&quot;,&quot;tablet&quot;,&quot;mobile&quot;]}\">\n\t\t\t\t<div class=\"elementor-element elementor-element-ecead09 elementor-widget elementor-widget-heading\" data-id=\"ecead09\" data-element_type=\"widget\" data-widget_type=\"heading.default\">\n\t\t\t\t\t<h1 class=\"elementor-heading-title elementor-size-default\">Konfiguratory \u0142a\u0144cuch\u00f3w \u015bniegowych\u200b<\/h1>\t\t\t\t<\/div>\n\t\t\t\t<div class=\"elementor-element elementor-element-b7eb164 elementor-widget__width-initial elementor-widget elementor-widget-heading\" data-id=\"b7eb164\" data-element_type=\"widget\" data-widget_type=\"heading.default\">\n\t\t\t\t\t<h2 class=\"elementor-heading-title elementor-size-default\">Znajd\u017a idealne \u0142a\u0144cuchy \u015bniegowe\u200b<\/h2>\t\t\t\t<\/div>\n\t\t\t\t<\/div>\n\t\t\t\t<div class=\"elementor-element elementor-element-9e686d8 elementor-view-stacked elementor-shape-square elementor-invisible elementor-widget elementor-widget-icon\" data-id=\"9e686d8\" data-element_type=\"widget\" data-settings=\"{&quot;motion_fx_motion_fx_scrolling&quot;:&quot;yes&quot;,&quot;_animation&quot;:&quot;bounceIn&quot;,&quot;motion_fx_devices&quot;:[&quot;desktop&quot;,&quot;tablet&quot;],&quot;_animation_delay&quot;:10}\" data-widget_type=\"icon.default\">\n\t\t\t\t\t\t\t<div class=\"elementor-icon-wrapper\">\n\t\t\t<a class=\"elementor-icon\" href=\"#scroll-down\">\n\t\t\t<svg aria-hidden=\"true\" class=\"e-font-icon-svg e-fas-arrow-down\" viewBox=\"0 0 448 512\" xmlns=\"http:\/\/www.w3.org\/2000\/svg\"><path d=\"M413.1 222.5l22.2 22.2c9.4 9.4 9.4 24.6 0 33.9L241 473c-9.4 9.4-24.6 9.4-33.9 0L12.7 278.6c-9.4-9.4-9.4-24.6 0-33.9l22.2-22.2c9.5-9.5 25-9.3 34.3.4L184 343.4V56c0-13.3 10.7-24 24-24h32c13.3 0 24 10.7 24 24v287.4l114.8-120.5c9.3-9.8 24.8-10 34.3-.4z\"><\/path><\/svg>\t\t\t<\/a>\n\t\t<\/div>\n\t\t\t\t\t\t<\/div>\n\t\t\t\t<div class=\"elementor-element elementor-element-e3aa6b9 elementor-widget elementor-widget-menu-anchor\" data-id=\"e3aa6b9\" data-element_type=\"widget\" data-widget_type=\"menu-anchor.default\">\n\t\t\t\t\t\t\t<div class=\"elementor-menu-anchor\" id=\"scroll-down\"><\/div>\n\t\t\t\t\t\t<\/div>\n\t\t\t\t<\/div>\n\t\t<div class=\"elementor-element elementor-element-23f967de e-flex e-con-boxed e-con e-parent\" data-id=\"23f967de\" data-element_type=\"container\">\n\t\t\t\t\t<div class=\"e-con-inner\">\n\t\t\t\t<div class=\"elementor-element elementor-element-050ff18 elementor-widget elementor-widget-text-editor\" data-id=\"050ff18\" data-element_type=\"widget\" data-widget_type=\"text-editor.default\">\n\t\t\t\t\t\t\t\t\t<p>Konfiguratory \u0142a\u0144cuch\u00f3w \u015bniegowych K\u00f6nig pomagaj\u0105 wybra\u0107 najbardziej zalecane \u0142a\u0144cuchy \u015bniegowe dla Twoich potrzeb, bior\u0105c pod uwag\u0119 pojazd, rozmiar opon i ewentualne ograniczenia wynikaj\u0105ce z po\u0142\u0105czenia tych dw\u00f3ch czynnik\u00f3w.<\/p><p>Wyniki naszych konfigurator\u00f3w oparte s\u0105 na wewn\u0119trznych testach, kt\u00f3re s\u0105 regularnie przeprowadzane na pojazdach i oponach, aby zapewni\u0107 najlepsze dopasowanie. Je\u015bli Tw\u00f3j pojazd lub rozmiar opony (lub oba) nie s\u0105 wy\u015bwietlane w naszych konfiguratorach, skontaktuj si\u0119 z naszym serwisem za po\u015brednictwem <a href=\"https:\/\/www.konigchain.com\/pl\/kontakt\/\">formularza kontaktowego<\/a>.<\/p><p>Najpierw wybierz segment, dla kt\u00f3rego chcesz skonfigurowa\u0107 \u0142a\u0144cuchy \u015bniegowe.<\/p>\t\t\t\t\t\t\t\t<\/div>\n\t\t\t\t\t<\/div>\n\t\t\t\t<\/div>\n\t\t<div class=\"elementor-element elementor-element-2cbbe2b e-con-full e-flex e-con e-parent\" data-id=\"2cbbe2b\" data-element_type=\"container\" data-settings=\"{&quot;background_background&quot;:&quot;classic&quot;}\">\n\t\t<div class=\"elementor-element elementor-element-d2c88b1 e-con-full e-flex e-con e-child\" data-id=\"d2c88b1\" data-element_type=\"container\" data-settings=\"{&quot;background_background&quot;:&quot;classic&quot;,&quot;background_motion_fx_motion_fx_scrolling&quot;:&quot;yes&quot;,&quot;background_motion_fx_translateY_effect&quot;:&quot;yes&quot;,&quot;background_motion_fx_translateY_speed&quot;:{&quot;unit&quot;:&quot;px&quot;,&quot;size&quot;:4,&quot;sizes&quot;:[]},&quot;background_motion_fx_translateY_affectedRange&quot;:{&quot;unit&quot;:&quot;%&quot;,&quot;size&quot;:&quot;&quot;,&quot;sizes&quot;:{&quot;start&quot;:0,&quot;end&quot;:100}},&quot;background_motion_fx_devices&quot;:[&quot;desktop&quot;,&quot;tablet_extra&quot;,&quot;tablet&quot;,&quot;mobile&quot;]}\">\n\t\t\t\t<\/div>\n\t\t<div class=\"elementor-element elementor-element-32a79df e-con-full e-flex e-con e-child\" data-id=\"32a79df\" data-element_type=\"container\">\n\t\t\t\t<div class=\"elementor-element elementor-element-11b55980 elementor-widget-divider--view-line elementor-widget elementor-widget-divider\" data-id=\"11b55980\" data-element_type=\"widget\" data-widget_type=\"divider.default\">\n\t\t\t\t\t\t\t<div class=\"elementor-divider\">\n\t\t\t<span class=\"elementor-divider-separator\">\n\t\t\t\t\t\t<\/span>\n\t\t<\/div>\n\t\t\t\t\t\t<\/div>\n\t\t\t\t<div class=\"elementor-element elementor-element-377f59c7 elementor-widget elementor-widget-heading\" data-id=\"377f59c7\" data-element_type=\"widget\" data-widget_type=\"heading.default\">\n\t\t\t\t\t<h2 class=\"elementor-heading-title elementor-size-default\">Konfigurator \u0142a\u0144cuch\u00f3w \u015bniegowych dla konsument\u00f3w<\/h2>\t\t\t\t<\/div>\n\t\t\t\t<div class=\"elementor-element elementor-element-697ba03c elementor-widget elementor-widget-text-editor\" data-id=\"697ba03c\" data-element_type=\"widget\" data-widget_type=\"text-editor.default\">\n\t\t\t\t\t\t\t\t\t<p style=\"text-align: center;\">Dowiedz si\u0119, jakie \u0142a\u0144cuchy \u015bniegowe pasuj\u0105 do Twojego samochodu osobowego, crossovera, SUV-a, pickupa, vana, czy te\u017c kampera.<\/p><p style=\"text-align: center;\">Aby dowiedzie\u0107 si\u0119, kt\u00f3re \u0142a\u0144cuchy \u015bniegowe &#8222;Consumer&#8221; s\u0105 kompatybilne z Twoim pojazdem, potwierd\u017a dane pojazdu (marka, model, rok produkcji) i rozmiar opon. Alternatywnie, je\u015bli Tw\u00f3j pojazd nie jest obj\u0119ty \u017cadnym ograniczeniem prze\u015bwitu, mo\u017cesz po prostu przegl\u0105da\u0107 opony wed\u0142ug rozmiaru.<\/p>\t\t\t\t\t\t\t\t<\/div>\n\t\t\t\t<div class=\"elementor-element elementor-element-20ac6291 elementor-align-left elementor-widget elementor-widget-button\" data-id=\"20ac6291\" data-element_type=\"widget\" data-widget_type=\"button.default\">\n\t\t\t\t\t\t\t\t\t\t<a class=\"elementor-button elementor-button-link elementor-size-sm\" href=\"https:\/\/www.konigchain.com\/pl\/consumer-configurator\/\">\n\t\t\t\t\t\t<span class=\"elementor-button-content-wrapper\">\n\t\t\t\t\t\t\t\t\t<span class=\"elementor-button-text\">Konfigurator<\/span>\n\t\t\t\t\t<\/span>\n\t\t\t\t\t<\/a>\n\t\t\t\t\t\t\t\t<\/div>\n\t\t\t\t<\/div>\n\t\t\t\t<\/div>\n\t\t<div class=\"elementor-element elementor-element-9b87ccc e-con-full e-flex e-con e-parent\" data-id=\"9b87ccc\" data-element_type=\"container\" data-settings=\"{&quot;background_background&quot;:&quot;classic&quot;}\">\n\t\t<div class=\"elementor-element elementor-element-9edee20 e-con-full e-flex e-con e-child\" data-id=\"9edee20\" data-element_type=\"container\">\n\t\t\t\t<div class=\"elementor-element elementor-element-b43940b elementor-widget-divider--view-line elementor-widget elementor-widget-divider\" data-id=\"b43940b\" data-element_type=\"widget\" data-widget_type=\"divider.default\">\n\t\t\t\t\t\t\t<div class=\"elementor-divider\">\n\t\t\t<span class=\"elementor-divider-separator\">\n\t\t\t\t\t\t<\/span>\n\t\t<\/div>\n\t\t\t\t\t\t<\/div>\n\t\t\t\t<div class=\"elementor-element elementor-element-fb89cfa elementor-widget elementor-widget-heading\" data-id=\"fb89cfa\" data-element_type=\"widget\" data-widget_type=\"heading.default\">\n\t\t\t\t\t<h2 class=\"elementor-heading-title elementor-size-default\">Professional - konfigurator \u0142a\u0144cuch\u00f3w \u015bniegowych dla zawodowc\u00f3w<\/h2>\t\t\t\t<\/div>\n\t\t\t\t<div class=\"elementor-element elementor-element-81baef9 elementor-widget elementor-widget-text-editor\" data-id=\"81baef9\" data-element_type=\"widget\" data-widget_type=\"text-editor.default\">\n\t\t\t\t\t\t\t\t\t<p style=\"text-align: center;\">Znajd\u017a \u0142a\u0144cuchy \u015bniegowe dedykowane dla swojej dzia\u0142alno\u015bci, takiej jak offroad, transport towar\u00f3w, od\u015bnie\u017canie, rolnictwo, prze\u0142adunek towar\u00f3w.<\/p><p style=\"text-align: center;\">Aby dobra\u0107 odpowiedni \u0142a\u0144cuch &#8222;Professional&#8221;, nale\u017cy wybra\u0107 rozmiar opony. Nast\u0119pnie mo\u017cna filtrowa\u0107 produkty wed\u0142ug rodzaju aktywno\u015bci\/u\u017cycia.<\/p>\t\t\t\t\t\t\t\t<\/div>\n\t\t\t\t<div class=\"elementor-element elementor-element-7627fe1 elementor-align-left elementor-widget elementor-widget-button\" data-id=\"7627fe1\" data-element_type=\"widget\" data-widget_type=\"button.default\">\n\t\t\t\t\t\t\t\t\t\t<a class=\"elementor-button elementor-button-link elementor-size-sm\" href=\"https:\/\/www.konigchain.com\/pl\/professional-configurator\/\">\n\t\t\t\t\t\t<span class=\"elementor-button-content-wrapper\">\n\t\t\t\t\t\t\t\t\t<span class=\"elementor-button-text\">Konfigurator<\/span>\n\t\t\t\t\t<\/span>\n\t\t\t\t\t<\/a>\n\t\t\t\t\t\t\t\t<\/div>\n\t\t\t\t<\/div>\n\t\t<div class=\"elementor-element elementor-element-e36c242 e-con-full e-flex e-con e-child\" data-id=\"e36c242\" data-element_type=\"container\" data-settings=\"{&quot;background_background&quot;:&quot;classic&quot;,&quot;background_motion_fx_motion_fx_scrolling&quot;:&quot;yes&quot;,&quot;background_motion_fx_translateY_effect&quot;:&quot;yes&quot;,&quot;background_motion_fx_translateY_speed&quot;:{&quot;unit&quot;:&quot;px&quot;,&quot;size&quot;:4,&quot;sizes&quot;:[]},&quot;background_motion_fx_translateY_affectedRange&quot;:{&quot;unit&quot;:&quot;%&quot;,&quot;size&quot;:&quot;&quot;,&quot;sizes&quot;:{&quot;start&quot;:0,&quot;end&quot;:100}},&quot;background_motion_fx_devices&quot;:[&quot;desktop&quot;,&quot;tablet_extra&quot;,&quot;tablet&quot;,&quot;mobile&quot;]}\">\n\t\t\t\t<\/div>\n\t\t\t\t<\/div>\n\t\t\t\t<\/div>\n\t\t","protected":false},"excerpt":{"rendered":"<p>Konfiguratory \u0142a\u0144cuch\u00f3w \u015bniegowych\u200b Znajd\u017a idealne \u0142a\u0144cuchy \u015bniegowe\u200b Konfiguratory \u0142a\u0144cuch\u00f3w \u015bniegowych K\u00f6nig pomagaj\u0105 wybra\u0107 najbardziej zalecane \u0142a\u0144cuchy \u015bniegowe dla Twoich potrzeb, bior\u0105c pod uwag\u0119 pojazd, rozmiar opon i ewentualne ograniczenia wynikaj\u0105ce z po\u0142\u0105czenia tych dw\u00f3ch czynnik\u00f3w. Wyniki naszych konfigurator\u00f3w oparte s\u0105 na wewn\u0119trznych testach, kt\u00f3re s\u0105 regularnie przeprowadzane na pojazdach i oponach, aby zapewni\u0107 najlepsze dopasowanie. [&hellip;]<\/p>\n","protected":false},"author":3,"featured_media":23983,"parent":0,"menu_order":0,"comment_status":"closed","ping_status":"closed","template":"","meta":{"_acf_changed":false,"footnotes":""},"page-category":[1550],"class_list":["post-17122","page","type-page","status-publish","has-post-thumbnail","hentry","page-category-b2c"],"acf":[],"yoast_head":"<!-- This site is optimized with the Yoast SEO plugin v26.8 - https:\/\/yoast.com\/product\/yoast-seo-wordpress\/ -->\n<title>Znajd\u017a odpowiednie \u0142a\u0144cuchy \u015bniegowe dla swojego pojazdu - K\u00f6nig<\/title>\n<meta name=\"description\" content=\"Znajd\u017a odpowiednie \u0142a\u0144cuchy \u015bniegowe K\u00f6nig do swojego samochodu osobowego, crossovera, SUV-a, VAN-a lub pojazdu s\u0142u\u017cbowego.\" \/>\n<meta name=\"robots\" content=\"index, follow, max-snippet:-1, max-image-preview:large, max-video-preview:-1\" \/>\n<link rel=\"canonical\" href=\"https:\/\/www.konigchain.com\/pl\/konfigurator\/\" \/>\n<meta property=\"og:locale\" content=\"pl_PL\" \/>\n<meta property=\"og:type\" content=\"article\" \/>\n<meta property=\"og:title\" content=\"Znajd\u017a odpowiednie \u0142a\u0144cuchy \u015bniegowe dla swojego pojazdu - K\u00f6nig\" \/>\n<meta property=\"og:description\" content=\"Znajd\u017a odpowiednie \u0142a\u0144cuchy \u015bniegowe K\u00f6nig do swojego samochodu osobowego, crossovera, SUV-a, VAN-a lub pojazdu s\u0142u\u017cbowego.\" \/>\n<meta property=\"og:url\" content=\"https:\/\/www.konigchain.com\/pl\/konfigurator\/\" \/>\n<meta property=\"og:site_name\" content=\"K\u00f6nig\" \/>\n<meta property=\"article:modified_time\" content=\"2025-07-14T08:06:24+00:00\" \/>\n<meta property=\"og:image\" content=\"https:\/\/www.konigchain.com\/wp-content\/uploads\/2024\/10\/Konig-XG-Cross_LynkCo-3.jpg\" \/>\n\t<meta property=\"og:image:width\" content=\"2500\" \/>\n\t<meta property=\"og:image:height\" content=\"1612\" \/>\n\t<meta property=\"og:image:type\" content=\"image\/jpeg\" \/>\n<meta name=\"twitter:card\" content=\"summary_large_image\" \/>\n<meta name=\"twitter:label1\" content=\"Szacowany czas czytania\" \/>\n\t<meta name=\"twitter:data1\" content=\"2 minuty\" \/>\n<script type=\"application\/ld+json\" class=\"yoast-schema-graph\">{\"@context\":\"https:\/\/schema.org\",\"@graph\":[{\"@type\":\"WebPage\",\"@id\":\"https:\/\/www.konigchain.com\/pl\/konfigurator\/\",\"url\":\"https:\/\/www.konigchain.com\/pl\/konfigurator\/\",\"name\":\"Znajd\u017a odpowiednie \u0142a\u0144cuchy \u015bniegowe dla swojego pojazdu - K\u00f6nig\",\"isPartOf\":{\"@id\":\"https:\/\/www.konigchain.com\/pl\/#website\"},\"primaryImageOfPage\":{\"@id\":\"https:\/\/www.konigchain.com\/pl\/konfigurator\/#primaryimage\"},\"image\":{\"@id\":\"https:\/\/www.konigchain.com\/pl\/konfigurator\/#primaryimage\"},\"thumbnailUrl\":\"https:\/\/www.konigchain.com\/wp-content\/uploads\/2024\/10\/Konig-XG-Cross_LynkCo-3.jpg\",\"datePublished\":\"2024-04-25T15:24:39+00:00\",\"dateModified\":\"2025-07-14T08:06:24+00:00\",\"description\":\"Znajd\u017a odpowiednie \u0142a\u0144cuchy \u015bniegowe K\u00f6nig do swojego samochodu osobowego, crossovera, SUV-a, VAN-a lub pojazdu s\u0142u\u017cbowego.\",\"breadcrumb\":{\"@id\":\"https:\/\/www.konigchain.com\/pl\/konfigurator\/#breadcrumb\"},\"inLanguage\":\"pl-PL\",\"potentialAction\":[{\"@type\":\"ReadAction\",\"target\":[\"https:\/\/www.konigchain.com\/pl\/konfigurator\/\"]}]},{\"@type\":\"ImageObject\",\"inLanguage\":\"pl-PL\",\"@id\":\"https:\/\/www.konigchain.com\/pl\/konfigurator\/#primaryimage\",\"url\":\"https:\/\/www.konigchain.com\/wp-content\/uploads\/2024\/10\/Konig-XG-Cross_LynkCo-3.jpg\",\"contentUrl\":\"https:\/\/www.konigchain.com\/wp-content\/uploads\/2024\/10\/Konig-XG-Cross_LynkCo-3.jpg\",\"width\":2500,\"height\":1612},{\"@type\":\"BreadcrumbList\",\"@id\":\"https:\/\/www.konigchain.com\/pl\/konfigurator\/#breadcrumb\",\"itemListElement\":[{\"@type\":\"ListItem\",\"position\":1,\"name\":\"Home\",\"item\":\"https:\/\/www.konigchain.com\/pl\/\"},{\"@type\":\"ListItem\",\"position\":2,\"name\":\"Konfigurator\"}]},{\"@type\":\"WebSite\",\"@id\":\"https:\/\/www.konigchain.com\/pl\/#website\",\"url\":\"https:\/\/www.konigchain.com\/pl\/\",\"name\":\"K\u00f6nig\",\"description\":\"\",\"publisher\":{\"@id\":\"https:\/\/www.konigchain.com\/pl\/#organization\"},\"potentialAction\":[{\"@type\":\"SearchAction\",\"target\":{\"@type\":\"EntryPoint\",\"urlTemplate\":\"https:\/\/www.konigchain.com\/pl\/?s={search_term_string}\"},\"query-input\":{\"@type\":\"PropertyValueSpecification\",\"valueRequired\":true,\"valueName\":\"search_term_string\"}}],\"inLanguage\":\"pl-PL\"},{\"@type\":\"Organization\",\"@id\":\"https:\/\/www.konigchain.com\/pl\/#organization\",\"name\":\"K\u00f6nig\",\"url\":\"https:\/\/www.konigchain.com\/pl\/\",\"logo\":{\"@type\":\"ImageObject\",\"inLanguage\":\"pl-PL\",\"@id\":\"https:\/\/www.konigchain.com\/pl\/#\/schema\/logo\/image\/\",\"url\":\"https:\/\/www.konigchain.com\/wp-content\/uploads\/2023\/12\/logo-Konig-2016-BG.png\",\"contentUrl\":\"https:\/\/www.konigchain.com\/wp-content\/uploads\/2023\/12\/logo-Konig-2016-BG.png\",\"width\":3508,\"height\":2480,\"caption\":\"K\u00f6nig\"},\"image\":{\"@id\":\"https:\/\/www.konigchain.com\/pl\/#\/schema\/logo\/image\/\"}}]}<\/script>\n<!-- \/ Yoast SEO plugin. -->","yoast_head_json":{"title":"Znajd\u017a odpowiednie \u0142a\u0144cuchy \u015bniegowe dla swojego pojazdu - K\u00f6nig","description":"Znajd\u017a odpowiednie \u0142a\u0144cuchy \u015bniegowe K\u00f6nig do swojego samochodu osobowego, crossovera, SUV-a, VAN-a lub pojazdu s\u0142u\u017cbowego.","robots":{"index":"index","follow":"follow","max-snippet":"max-snippet:-1","max-image-preview":"max-image-preview:large","max-video-preview":"max-video-preview:-1"},"canonical":"https:\/\/www.konigchain.com\/pl\/konfigurator\/","og_locale":"pl_PL","og_type":"article","og_title":"Znajd\u017a odpowiednie \u0142a\u0144cuchy \u015bniegowe dla swojego pojazdu - K\u00f6nig","og_description":"Znajd\u017a odpowiednie \u0142a\u0144cuchy \u015bniegowe K\u00f6nig do swojego samochodu osobowego, crossovera, SUV-a, VAN-a lub pojazdu s\u0142u\u017cbowego.","og_url":"https:\/\/www.konigchain.com\/pl\/konfigurator\/","og_site_name":"K\u00f6nig","article_modified_time":"2025-07-14T08:06:24+00:00","og_image":[{"width":2500,"height":1612,"url":"https:\/\/www.konigchain.com\/wp-content\/uploads\/2024\/10\/Konig-XG-Cross_LynkCo-3.jpg","type":"image\/jpeg"}],"twitter_card":"summary_large_image","twitter_misc":{"Szacowany czas czytania":"2 minuty"},"schema":{"@context":"https:\/\/schema.org","@graph":[{"@type":"WebPage","@id":"https:\/\/www.konigchain.com\/pl\/konfigurator\/","url":"https:\/\/www.konigchain.com\/pl\/konfigurator\/","name":"Znajd\u017a odpowiednie \u0142a\u0144cuchy \u015bniegowe dla swojego pojazdu - K\u00f6nig","isPartOf":{"@id":"https:\/\/www.konigchain.com\/pl\/#website"},"primaryImageOfPage":{"@id":"https:\/\/www.konigchain.com\/pl\/konfigurator\/#primaryimage"},"image":{"@id":"https:\/\/www.konigchain.com\/pl\/konfigurator\/#primaryimage"},"thumbnailUrl":"https:\/\/www.konigchain.com\/wp-content\/uploads\/2024\/10\/Konig-XG-Cross_LynkCo-3.jpg","datePublished":"2024-04-25T15:24:39+00:00","dateModified":"2025-07-14T08:06:24+00:00","description":"Znajd\u017a odpowiednie \u0142a\u0144cuchy \u015bniegowe K\u00f6nig do swojego samochodu osobowego, crossovera, SUV-a, VAN-a lub pojazdu s\u0142u\u017cbowego.","breadcrumb":{"@id":"https:\/\/www.konigchain.com\/pl\/konfigurator\/#breadcrumb"},"inLanguage":"pl-PL","potentialAction":[{"@type":"ReadAction","target":["https:\/\/www.konigchain.com\/pl\/konfigurator\/"]}]},{"@type":"ImageObject","inLanguage":"pl-PL","@id":"https:\/\/www.konigchain.com\/pl\/konfigurator\/#primaryimage","url":"https:\/\/www.konigchain.com\/wp-content\/uploads\/2024\/10\/Konig-XG-Cross_LynkCo-3.jpg","contentUrl":"https:\/\/www.konigchain.com\/wp-content\/uploads\/2024\/10\/Konig-XG-Cross_LynkCo-3.jpg","width":2500,"height":1612},{"@type":"BreadcrumbList","@id":"https:\/\/www.konigchain.com\/pl\/konfigurator\/#breadcrumb","itemListElement":[{"@type":"ListItem","position":1,"name":"Home","item":"https:\/\/www.konigchain.com\/pl\/"},{"@type":"ListItem","position":2,"name":"Konfigurator"}]},{"@type":"WebSite","@id":"https:\/\/www.konigchain.com\/pl\/#website","url":"https:\/\/www.konigchain.com\/pl\/","name":"K\u00f6nig","description":"","publisher":{"@id":"https:\/\/www.konigchain.com\/pl\/#organization"},"potentialAction":[{"@type":"SearchAction","target":{"@type":"EntryPoint","urlTemplate":"https:\/\/www.konigchain.com\/pl\/?s={search_term_string}"},"query-input":{"@type":"PropertyValueSpecification","valueRequired":true,"valueName":"search_term_string"}}],"inLanguage":"pl-PL"},{"@type":"Organization","@id":"https:\/\/www.konigchain.com\/pl\/#organization","name":"K\u00f6nig","url":"https:\/\/www.konigchain.com\/pl\/","logo":{"@type":"ImageObject","inLanguage":"pl-PL","@id":"https:\/\/www.konigchain.com\/pl\/#\/schema\/logo\/image\/","url":"https:\/\/www.konigchain.com\/wp-content\/uploads\/2023\/12\/logo-Konig-2016-BG.png","contentUrl":"https:\/\/www.konigchain.com\/wp-content\/uploads\/2023\/12\/logo-Konig-2016-BG.png","width":3508,"height":2480,"caption":"K\u00f6nig"},"image":{"@id":"https:\/\/www.konigchain.com\/pl\/#\/schema\/logo\/image\/"}}]}},"_links":{"self":[{"href":"https:\/\/www.konigchain.com\/pl\/wp-json\/wp\/v2\/pages\/17122","targetHints":{"allow":["GET"]}}],"collection":[{"href":"https:\/\/www.konigchain.com\/pl\/wp-json\/wp\/v2\/pages"}],"about":[{"href":"https:\/\/www.konigchain.com\/pl\/wp-json\/wp\/v2\/types\/page"}],"author":[{"embeddable":true,"href":"https:\/\/www.konigchain.com\/pl\/wp-json\/wp\/v2\/users\/3"}],"replies":[{"embeddable":true,"href":"https:\/\/www.konigchain.com\/pl\/wp-json\/wp\/v2\/comments?post=17122"}],"version-history":[{"count":5,"href":"https:\/\/www.konigchain.com\/pl\/wp-json\/wp\/v2\/pages\/17122\/revisions"}],"predecessor-version":[{"id":65831,"href":"https:\/\/www.konigchain.com\/pl\/wp-json\/wp\/v2\/pages\/17122\/revisions\/65831"}],"wp:featuredmedia":[{"embeddable":true,"href":"https:\/\/www.konigchain.com\/pl\/wp-json\/wp\/v2\/media\/23983"}],"wp:attachment":[{"href":"https:\/\/www.konigchain.com\/pl\/wp-json\/wp\/v2\/media?parent=17122"}],"wp:term":[{"taxonomy":"page-category","embeddable":true,"href":"https:\/\/www.konigchain.com\/pl\/wp-json\/wp\/v2\/page-category?post=17122"}],"curies":[{"name":"wp","href":"https:\/\/api.w.org\/{rel}","templated":true}]}}