{"id":17403,"date":"2024-04-25T16:31:25","date_gmt":"2024-04-25T14:31:25","guid":{"rendered":"https:\/\/wp1.konigchain.com\/consumer-configurator\/"},"modified":"2025-05-30T10:35:38","modified_gmt":"2025-05-30T08:35:38","slug":"konfigurator-konsumentow","status":"publish","type":"page","link":"https:\/\/www.konigchain.com\/pl\/konfigurator-konsumentow\/","title":{"rendered":"Konfigurator konsument\u00f3w"},"content":{"rendered":"\t\t<div data-elementor-type=\"wp-page\" data-elementor-id=\"17403\" class=\"elementor elementor-17403 elementor-2892\" data-elementor-post-type=\"page\">\n\t\t\t\t<div class=\"elementor-element elementor-element-ecdd9d1 e-con-full e-flex e-con e-parent\" data-id=\"ecdd9d1\" data-element_type=\"container\" data-settings=\"{&quot;background_background&quot;:&quot;classic&quot;,&quot;background_motion_fx_motion_fx_scrolling&quot;:&quot;yes&quot;,&quot;background_motion_fx_devices&quot;:[&quot;desktop&quot;,&quot;tablet_extra&quot;,&quot;tablet&quot;,&quot;mobile&quot;]}\">\n\t\t<div class=\"elementor-element elementor-element-cc7053e e-con-full e-flex e-con e-child\" data-id=\"cc7053e\" data-element_type=\"container\" data-settings=\"{&quot;background_background&quot;:&quot;classic&quot;,&quot;background_motion_fx_motion_fx_scrolling&quot;:&quot;yes&quot;,&quot;background_motion_fx_translateY_effect&quot;:&quot;yes&quot;,&quot;background_motion_fx_translateY_speed&quot;:{&quot;unit&quot;:&quot;px&quot;,&quot;size&quot;:4,&quot;sizes&quot;:[]},&quot;background_motion_fx_translateY_affectedRange&quot;:{&quot;unit&quot;:&quot;%&quot;,&quot;size&quot;:&quot;&quot;,&quot;sizes&quot;:{&quot;start&quot;:0,&quot;end&quot;:100}},&quot;background_motion_fx_devices&quot;:[&quot;desktop&quot;,&quot;tablet_extra&quot;,&quot;tablet&quot;,&quot;mobile&quot;]}\">\n\t\t\t\t<div class=\"elementor-element elementor-element-05d6704 elementor-widget elementor-widget-heading\" data-id=\"05d6704\" data-element_type=\"widget\" data-widget_type=\"heading.default\">\n\t\t\t\t\t<h1 class=\"elementor-heading-title elementor-size-default\">Konfigurator \u0142a\u0144cuch\u00f3w \u015bniegowych dla konsument\u00f3w\u200b<\/h1>\t\t\t\t<\/div>\n\t\t\t\t<div class=\"elementor-element elementor-element-7ab2336 elementor-widget__width-initial elementor-widget elementor-widget-heading\" data-id=\"7ab2336\" data-element_type=\"widget\" data-widget_type=\"heading.default\">\n\t\t\t\t\t<h2 class=\"elementor-heading-title elementor-size-default\">Znajd\u017a idealne \u0142a\u0144cuchy \u015bniegowe\u200b<\/h2>\t\t\t\t<\/div>\n\t\t\t\t<\/div>\n\t\t\t\t<div class=\"elementor-element elementor-element-64f3c03 elementor-view-stacked elementor-shape-square elementor-invisible elementor-widget elementor-widget-icon\" data-id=\"64f3c03\" data-element_type=\"widget\" data-settings=\"{&quot;motion_fx_motion_fx_scrolling&quot;:&quot;yes&quot;,&quot;_animation&quot;:&quot;bounceIn&quot;,&quot;motion_fx_devices&quot;:[&quot;desktop&quot;,&quot;tablet&quot;],&quot;_animation_delay&quot;:10}\" data-widget_type=\"icon.default\">\n\t\t\t\t\t\t\t<div class=\"elementor-icon-wrapper\">\n\t\t\t<a class=\"elementor-icon\" href=\"#scroll-down\">\n\t\t\t<svg aria-hidden=\"true\" class=\"e-font-icon-svg e-fas-arrow-down\" viewBox=\"0 0 448 512\" xmlns=\"http:\/\/www.w3.org\/2000\/svg\"><path d=\"M413.1 222.5l22.2 22.2c9.4 9.4 9.4 24.6 0 33.9L241 473c-9.4 9.4-24.6 9.4-33.9 0L12.7 278.6c-9.4-9.4-9.4-24.6 0-33.9l22.2-22.2c9.5-9.5 25-9.3 34.3.4L184 343.4V56c0-13.3 10.7-24 24-24h32c13.3 0 24 10.7 24 24v287.4l114.8-120.5c9.3-9.8 24.8-10 34.3-.4z\"><\/path><\/svg>\t\t\t<\/a>\n\t\t<\/div>\n\t\t\t\t\t\t<\/div>\n\t\t\t\t<div class=\"elementor-element elementor-element-612816f elementor-widget elementor-widget-menu-anchor\" data-id=\"612816f\" data-element_type=\"widget\" data-widget_type=\"menu-anchor.default\">\n\t\t\t\t\t\t\t<div class=\"elementor-menu-anchor\" id=\"scroll-down\"><\/div>\n\t\t\t\t\t\t<\/div>\n\t\t\t\t<\/div>\n\t\t<div class=\"elementor-element elementor-element-4ac4acb6 e-flex e-con-boxed e-con e-parent\" data-id=\"4ac4acb6\" data-element_type=\"container\">\n\t\t\t\t\t<div class=\"e-con-inner\">\n\t\t\t\t<div class=\"elementor-element elementor-element-2cc5a6ba elementor-widget elementor-widget-text-editor\" data-id=\"2cc5a6ba\" data-element_type=\"widget\" data-widget_type=\"text-editor.default\">\n\t\t\t\t\t\t\t\t\t<p>Konfigurator \u0142a\u0144cuch\u00f3w \u015bniegowych K\u00f6nig pomaga wybra\u0107 najbardziej zalecane \u0142a\u0144cuchy \u015bniegowe dla Twoich potrzeb, bior\u0105c pod uwag\u0119 pojazd, rozmiar opon i ewentualne ograniczenia wynikaj\u0105ce z po\u0142\u0105czenia tych dw\u00f3ch czynnik\u00f3w.<\/p><p>Wyniki konfiguratora s\u0105 oparte na wewn\u0119trznych testach, kt\u00f3re s\u0105 regularnie przeprowadzane na pojazdach i oponach w celu zapewnienia najlepszego dopasowania. Je\u015bli Tw\u00f3j pojazd lub rozmiar opony (lub oba) nie s\u0105 wy\u015bwietlane w naszych konfiguratorach, skontaktuj si\u0119 z naszym serwisem za po\u015brednictwem <a href=\"https:\/\/www.konigchain.com\/pl\/contact\/\">formularza kontaktowego<\/a>.<\/p>\t\t\t\t\t\t\t\t<\/div>\n\t\t\t\t\t<\/div>\n\t\t\t\t<\/div>\n\t\t<div class=\"elementor-element elementor-element-d8f9f5b e-flex e-con-boxed e-con e-parent\" data-id=\"d8f9f5b\" data-element_type=\"container\">\n\t\t\t\t\t<div class=\"e-con-inner\">\n\t\t\t\t<div class=\"elementor-element elementor-element-b5f1e71 elementor-widget elementor-widget-html\" data-id=\"b5f1e71\" data-element_type=\"widget\" data-widget_type=\"html.default\">\n\t\t\t\t\t<div data-snow-chain-configurator=\"SWSCVKNZOXJNOXDIZUK1QNIXOQ\" data-locale=\"pl-PL\"><\/div>\r\n<script src=\"https:\/\/shop.konigchain.com\/bundles\/apsnowchainconfigurator\/snow-chain-configurator-lite\/index.js\"><\/script>\t\t\t\t<\/div>\n\t\t\t\t\t<\/div>\n\t\t\t\t<\/div>\n\t\t\t\t<\/div>\n\t\t","protected":false},"excerpt":{"rendered":"<p>Konfigurator \u0142a\u0144cuch\u00f3w \u015bniegowych dla konsument\u00f3w\u200b Znajd\u017a idealne \u0142a\u0144cuchy \u015bniegowe\u200b Konfigurator \u0142a\u0144cuch\u00f3w \u015bniegowych K\u00f6nig pomaga wybra\u0107 najbardziej zalecane \u0142a\u0144cuchy \u015bniegowe dla Twoich potrzeb, bior\u0105c pod uwag\u0119 pojazd, rozmiar opon i ewentualne ograniczenia wynikaj\u0105ce z po\u0142\u0105czenia tych dw\u00f3ch czynnik\u00f3w. Wyniki konfiguratora s\u0105 oparte na wewn\u0119trznych testach, kt\u00f3re s\u0105 regularnie przeprowadzane na pojazdach i oponach w celu zapewnienia [&hellip;]<\/p>\n","protected":false},"author":3,"featured_media":13666,"parent":0,"menu_order":0,"comment_status":"closed","ping_status":"closed","template":"","meta":{"_acf_changed":false,"footnotes":""},"page-category":[1550],"class_list":["post-17403","page","type-page","status-publish","has-post-thumbnail","hentry","page-category-b2c"],"acf":[],"yoast_head":"<!-- This site is optimized with the Yoast SEO plugin v26.8 - https:\/\/yoast.com\/product\/yoast-seo-wordpress\/ -->\n<title>Znajd\u017a \u0142atwe w monta\u017cu \u0142a\u0144cuchy \u015bniegowe kompatybilne z Twoim samochodem osobowym, SUV-em i vanem - K\u00f6nig<\/title>\n<meta name=\"description\" content=\"Znajd\u017a odpowiednie \u0142a\u0144cuchy \u015bniegowe K\u00f6nig do swojego samochodu osobowego, SUV-a i vana, r\u00f3wnie\u017c do pojazd\u00f3w, kt\u00f3re nie s\u0105 wyposa\u017cone w \u0142a\u0144cuchy.\" \/>\n<meta name=\"robots\" content=\"index, follow, max-snippet:-1, max-image-preview:large, max-video-preview:-1\" \/>\n<link rel=\"canonical\" href=\"https:\/\/www.konigchain.com\/pl\/konfigurator-konsumentow\/\" \/>\n<meta property=\"og:locale\" content=\"pl_PL\" \/>\n<meta property=\"og:type\" content=\"article\" \/>\n<meta property=\"og:title\" content=\"Znajd\u017a \u0142atwe w monta\u017cu \u0142a\u0144cuchy \u015bniegowe kompatybilne z Twoim samochodem osobowym, SUV-em i vanem - K\u00f6nig\" \/>\n<meta property=\"og:description\" content=\"Znajd\u017a odpowiednie \u0142a\u0144cuchy \u015bniegowe K\u00f6nig do swojego samochodu osobowego, SUV-a i vana, r\u00f3wnie\u017c do pojazd\u00f3w, kt\u00f3re nie s\u0105 wyposa\u017cone w \u0142a\u0144cuchy.\" \/>\n<meta property=\"og:url\" content=\"https:\/\/www.konigchain.com\/pl\/konfigurator-konsumentow\/\" \/>\n<meta property=\"og:site_name\" content=\"K\u00f6nig\" \/>\n<meta property=\"article:modified_time\" content=\"2025-05-30T08:35:38+00:00\" \/>\n<meta property=\"og:image\" content=\"https:\/\/www.konigchain.com\/wp-content\/uploads\/2024\/04\/Konig-K-Summit-MAX_Polestar-2-8.jpg\" \/>\n\t<meta property=\"og:image:width\" content=\"2500\" \/>\n\t<meta property=\"og:image:height\" content=\"1521\" \/>\n\t<meta property=\"og:image:type\" content=\"image\/webp\" \/>\n<meta name=\"twitter:card\" content=\"summary_large_image\" \/>\n<meta name=\"twitter:label1\" content=\"Szacowany czas czytania\" \/>\n\t<meta name=\"twitter:data1\" content=\"1 minuta\" \/>\n<script type=\"application\/ld+json\" class=\"yoast-schema-graph\">{\"@context\":\"https:\/\/schema.org\",\"@graph\":[{\"@type\":\"WebPage\",\"@id\":\"https:\/\/www.konigchain.com\/pl\/konfigurator-konsumentow\/\",\"url\":\"https:\/\/www.konigchain.com\/pl\/konfigurator-konsumentow\/\",\"name\":\"Znajd\u017a \u0142atwe w monta\u017cu \u0142a\u0144cuchy \u015bniegowe kompatybilne z Twoim samochodem osobowym, SUV-em i vanem - K\u00f6nig\",\"isPartOf\":{\"@id\":\"https:\/\/www.konigchain.com\/pl\/#website\"},\"primaryImageOfPage\":{\"@id\":\"https:\/\/www.konigchain.com\/pl\/konfigurator-konsumentow\/#primaryimage\"},\"image\":{\"@id\":\"https:\/\/www.konigchain.com\/pl\/konfigurator-konsumentow\/#primaryimage\"},\"thumbnailUrl\":\"https:\/\/www.konigchain.com\/wp-content\/uploads\/2024\/04\/Konig-K-Summit-MAX_Polestar-2-8.jpg\",\"datePublished\":\"2024-04-25T14:31:25+00:00\",\"dateModified\":\"2025-05-30T08:35:38+00:00\",\"description\":\"Znajd\u017a odpowiednie \u0142a\u0144cuchy \u015bniegowe K\u00f6nig do swojego samochodu osobowego, SUV-a i vana, r\u00f3wnie\u017c do pojazd\u00f3w, kt\u00f3re nie s\u0105 wyposa\u017cone w \u0142a\u0144cuchy.\",\"breadcrumb\":{\"@id\":\"https:\/\/www.konigchain.com\/pl\/konfigurator-konsumentow\/#breadcrumb\"},\"inLanguage\":\"pl-PL\",\"potentialAction\":[{\"@type\":\"ReadAction\",\"target\":[\"https:\/\/www.konigchain.com\/pl\/konfigurator-konsumentow\/\"]}]},{\"@type\":\"ImageObject\",\"inLanguage\":\"pl-PL\",\"@id\":\"https:\/\/www.konigchain.com\/pl\/konfigurator-konsumentow\/#primaryimage\",\"url\":\"https:\/\/www.konigchain.com\/wp-content\/uploads\/2024\/04\/Konig-K-Summit-MAX_Polestar-2-8.jpg\",\"contentUrl\":\"https:\/\/www.konigchain.com\/wp-content\/uploads\/2024\/04\/Konig-K-Summit-MAX_Polestar-2-8.jpg\",\"width\":2500,\"height\":1521},{\"@type\":\"BreadcrumbList\",\"@id\":\"https:\/\/www.konigchain.com\/pl\/konfigurator-konsumentow\/#breadcrumb\",\"itemListElement\":[{\"@type\":\"ListItem\",\"position\":1,\"name\":\"Home\",\"item\":\"https:\/\/www.konigchain.com\/pl\/\"},{\"@type\":\"ListItem\",\"position\":2,\"name\":\"Konfigurator konsument\u00f3w\"}]},{\"@type\":\"WebSite\",\"@id\":\"https:\/\/www.konigchain.com\/pl\/#website\",\"url\":\"https:\/\/www.konigchain.com\/pl\/\",\"name\":\"K\u00f6nig\",\"description\":\"\",\"publisher\":{\"@id\":\"https:\/\/www.konigchain.com\/pl\/#organization\"},\"potentialAction\":[{\"@type\":\"SearchAction\",\"target\":{\"@type\":\"EntryPoint\",\"urlTemplate\":\"https:\/\/www.konigchain.com\/pl\/?s={search_term_string}\"},\"query-input\":{\"@type\":\"PropertyValueSpecification\",\"valueRequired\":true,\"valueName\":\"search_term_string\"}}],\"inLanguage\":\"pl-PL\"},{\"@type\":\"Organization\",\"@id\":\"https:\/\/www.konigchain.com\/pl\/#organization\",\"name\":\"K\u00f6nig\",\"url\":\"https:\/\/www.konigchain.com\/pl\/\",\"logo\":{\"@type\":\"ImageObject\",\"inLanguage\":\"pl-PL\",\"@id\":\"https:\/\/www.konigchain.com\/pl\/#\/schema\/logo\/image\/\",\"url\":\"https:\/\/www.konigchain.com\/wp-content\/uploads\/2023\/12\/logo-Konig-2016-BG.png\",\"contentUrl\":\"https:\/\/www.konigchain.com\/wp-content\/uploads\/2023\/12\/logo-Konig-2016-BG.png\",\"width\":3508,\"height\":2480,\"caption\":\"K\u00f6nig\"},\"image\":{\"@id\":\"https:\/\/www.konigchain.com\/pl\/#\/schema\/logo\/image\/\"}}]}<\/script>\n<!-- \/ Yoast SEO plugin. -->","yoast_head_json":{"title":"Znajd\u017a \u0142atwe w monta\u017cu \u0142a\u0144cuchy \u015bniegowe kompatybilne z Twoim samochodem osobowym, SUV-em i vanem - K\u00f6nig","description":"Znajd\u017a odpowiednie \u0142a\u0144cuchy \u015bniegowe K\u00f6nig do swojego samochodu osobowego, SUV-a i vana, r\u00f3wnie\u017c do pojazd\u00f3w, kt\u00f3re nie s\u0105 wyposa\u017cone w \u0142a\u0144cuchy.","robots":{"index":"index","follow":"follow","max-snippet":"max-snippet:-1","max-image-preview":"max-image-preview:large","max-video-preview":"max-video-preview:-1"},"canonical":"https:\/\/www.konigchain.com\/pl\/konfigurator-konsumentow\/","og_locale":"pl_PL","og_type":"article","og_title":"Znajd\u017a \u0142atwe w monta\u017cu \u0142a\u0144cuchy \u015bniegowe kompatybilne z Twoim samochodem osobowym, SUV-em i vanem - K\u00f6nig","og_description":"Znajd\u017a odpowiednie \u0142a\u0144cuchy \u015bniegowe K\u00f6nig do swojego samochodu osobowego, SUV-a i vana, r\u00f3wnie\u017c do pojazd\u00f3w, kt\u00f3re nie s\u0105 wyposa\u017cone w \u0142a\u0144cuchy.","og_url":"https:\/\/www.konigchain.com\/pl\/konfigurator-konsumentow\/","og_site_name":"K\u00f6nig","article_modified_time":"2025-05-30T08:35:38+00:00","og_image":[{"width":2500,"height":1521,"url":"https:\/\/www.konigchain.com\/wp-content\/uploads\/2024\/04\/Konig-K-Summit-MAX_Polestar-2-8.jpg","type":"image\/webp"}],"twitter_card":"summary_large_image","twitter_misc":{"Szacowany czas czytania":"1 minuta"},"schema":{"@context":"https:\/\/schema.org","@graph":[{"@type":"WebPage","@id":"https:\/\/www.konigchain.com\/pl\/konfigurator-konsumentow\/","url":"https:\/\/www.konigchain.com\/pl\/konfigurator-konsumentow\/","name":"Znajd\u017a \u0142atwe w monta\u017cu \u0142a\u0144cuchy \u015bniegowe kompatybilne z Twoim samochodem osobowym, SUV-em i vanem - K\u00f6nig","isPartOf":{"@id":"https:\/\/www.konigchain.com\/pl\/#website"},"primaryImageOfPage":{"@id":"https:\/\/www.konigchain.com\/pl\/konfigurator-konsumentow\/#primaryimage"},"image":{"@id":"https:\/\/www.konigchain.com\/pl\/konfigurator-konsumentow\/#primaryimage"},"thumbnailUrl":"https:\/\/www.konigchain.com\/wp-content\/uploads\/2024\/04\/Konig-K-Summit-MAX_Polestar-2-8.jpg","datePublished":"2024-04-25T14:31:25+00:00","dateModified":"2025-05-30T08:35:38+00:00","description":"Znajd\u017a odpowiednie \u0142a\u0144cuchy \u015bniegowe K\u00f6nig do swojego samochodu osobowego, SUV-a i vana, r\u00f3wnie\u017c do pojazd\u00f3w, kt\u00f3re nie s\u0105 wyposa\u017cone w \u0142a\u0144cuchy.","breadcrumb":{"@id":"https:\/\/www.konigchain.com\/pl\/konfigurator-konsumentow\/#breadcrumb"},"inLanguage":"pl-PL","potentialAction":[{"@type":"ReadAction","target":["https:\/\/www.konigchain.com\/pl\/konfigurator-konsumentow\/"]}]},{"@type":"ImageObject","inLanguage":"pl-PL","@id":"https:\/\/www.konigchain.com\/pl\/konfigurator-konsumentow\/#primaryimage","url":"https:\/\/www.konigchain.com\/wp-content\/uploads\/2024\/04\/Konig-K-Summit-MAX_Polestar-2-8.jpg","contentUrl":"https:\/\/www.konigchain.com\/wp-content\/uploads\/2024\/04\/Konig-K-Summit-MAX_Polestar-2-8.jpg","width":2500,"height":1521},{"@type":"BreadcrumbList","@id":"https:\/\/www.konigchain.com\/pl\/konfigurator-konsumentow\/#breadcrumb","itemListElement":[{"@type":"ListItem","position":1,"name":"Home","item":"https:\/\/www.konigchain.com\/pl\/"},{"@type":"ListItem","position":2,"name":"Konfigurator konsument\u00f3w"}]},{"@type":"WebSite","@id":"https:\/\/www.konigchain.com\/pl\/#website","url":"https:\/\/www.konigchain.com\/pl\/","name":"K\u00f6nig","description":"","publisher":{"@id":"https:\/\/www.konigchain.com\/pl\/#organization"},"potentialAction":[{"@type":"SearchAction","target":{"@type":"EntryPoint","urlTemplate":"https:\/\/www.konigchain.com\/pl\/?s={search_term_string}"},"query-input":{"@type":"PropertyValueSpecification","valueRequired":true,"valueName":"search_term_string"}}],"inLanguage":"pl-PL"},{"@type":"Organization","@id":"https:\/\/www.konigchain.com\/pl\/#organization","name":"K\u00f6nig","url":"https:\/\/www.konigchain.com\/pl\/","logo":{"@type":"ImageObject","inLanguage":"pl-PL","@id":"https:\/\/www.konigchain.com\/pl\/#\/schema\/logo\/image\/","url":"https:\/\/www.konigchain.com\/wp-content\/uploads\/2023\/12\/logo-Konig-2016-BG.png","contentUrl":"https:\/\/www.konigchain.com\/wp-content\/uploads\/2023\/12\/logo-Konig-2016-BG.png","width":3508,"height":2480,"caption":"K\u00f6nig"},"image":{"@id":"https:\/\/www.konigchain.com\/pl\/#\/schema\/logo\/image\/"}}]}},"_links":{"self":[{"href":"https:\/\/www.konigchain.com\/pl\/wp-json\/wp\/v2\/pages\/17403","targetHints":{"allow":["GET"]}}],"collection":[{"href":"https:\/\/www.konigchain.com\/pl\/wp-json\/wp\/v2\/pages"}],"about":[{"href":"https:\/\/www.konigchain.com\/pl\/wp-json\/wp\/v2\/types\/page"}],"author":[{"embeddable":true,"href":"https:\/\/www.konigchain.com\/pl\/wp-json\/wp\/v2\/users\/3"}],"replies":[{"embeddable":true,"href":"https:\/\/www.konigchain.com\/pl\/wp-json\/wp\/v2\/comments?post=17403"}],"version-history":[{"count":5,"href":"https:\/\/www.konigchain.com\/pl\/wp-json\/wp\/v2\/pages\/17403\/revisions"}],"predecessor-version":[{"id":58814,"href":"https:\/\/www.konigchain.com\/pl\/wp-json\/wp\/v2\/pages\/17403\/revisions\/58814"}],"wp:featuredmedia":[{"embeddable":true,"href":"https:\/\/www.konigchain.com\/pl\/wp-json\/wp\/v2\/media\/13666"}],"wp:attachment":[{"href":"https:\/\/www.konigchain.com\/pl\/wp-json\/wp\/v2\/media?parent=17403"}],"wp:term":[{"taxonomy":"page-category","embeddable":true,"href":"https:\/\/www.konigchain.com\/pl\/wp-json\/wp\/v2\/page-category?post=17403"}],"curies":[{"name":"wp","href":"https:\/\/api.w.org\/{rel}","templated":true}]}}