{"id":17748,"date":"2024-05-07T20:42:40","date_gmt":"2024-05-07T18:42:40","guid":{"rendered":"https:\/\/wp1.konigchain.com\/dealer-locator\/"},"modified":"2025-05-28T16:03:54","modified_gmt":"2025-05-28T14:03:54","slug":"lokalizator-dealerow","status":"publish","type":"page","link":"https:\/\/www.konigchain.com\/pl\/lokalizator-dealerow\/","title":{"rendered":"Lokalizator dealer\u00f3w"},"content":{"rendered":"\t\t<div data-elementor-type=\"wp-page\" data-elementor-id=\"17748\" class=\"elementor elementor-17748 elementor-4880\" data-elementor-post-type=\"page\">\n\t\t\t\t<div class=\"elementor-element elementor-element-98a3731 e-con-full e-flex e-con e-parent\" data-id=\"98a3731\" data-element_type=\"container\" data-settings=\"{&quot;background_background&quot;:&quot;classic&quot;,&quot;background_motion_fx_motion_fx_scrolling&quot;:&quot;yes&quot;,&quot;background_motion_fx_devices&quot;:[&quot;desktop&quot;,&quot;tablet_extra&quot;,&quot;tablet&quot;,&quot;mobile&quot;]}\">\n\t\t<div class=\"elementor-element elementor-element-f2e3a97 e-con-full e-flex e-con e-child\" data-id=\"f2e3a97\" data-element_type=\"container\" data-settings=\"{&quot;background_background&quot;:&quot;classic&quot;,&quot;background_motion_fx_motion_fx_scrolling&quot;:&quot;yes&quot;,&quot;background_motion_fx_translateY_effect&quot;:&quot;yes&quot;,&quot;background_motion_fx_translateY_speed&quot;:{&quot;unit&quot;:&quot;px&quot;,&quot;size&quot;:4,&quot;sizes&quot;:[]},&quot;background_motion_fx_translateY_affectedRange&quot;:{&quot;unit&quot;:&quot;%&quot;,&quot;size&quot;:&quot;&quot;,&quot;sizes&quot;:{&quot;start&quot;:0,&quot;end&quot;:100}},&quot;background_motion_fx_devices&quot;:[&quot;desktop&quot;,&quot;tablet_extra&quot;,&quot;tablet&quot;,&quot;mobile&quot;]}\">\n\t\t\t\t<div class=\"elementor-element elementor-element-c96acd4 elementor-widget elementor-widget-heading\" data-id=\"c96acd4\" data-element_type=\"widget\" data-widget_type=\"heading.default\">\n\t\t\t\t\t<h1 class=\"elementor-heading-title elementor-size-default\">Lokalizator dealer\u00f3w\u200b<\/h1>\t\t\t\t<\/div>\n\t\t\t\t<div class=\"elementor-element elementor-element-cfcdc7e elementor-widget__width-initial elementor-widget elementor-widget-heading\" data-id=\"cfcdc7e\" data-element_type=\"widget\" data-widget_type=\"heading.default\">\n\t\t\t\t\t<h2 class=\"elementor-heading-title elementor-size-default\">Gdzie znale\u017a\u0107 \u0142a\u0144cuchy \u015bniegowe K\u00f6nig w fizycznych i cyfrowych punktach sprzeda\u017cy<\/h2>\t\t\t\t<\/div>\n\t\t\t\t<\/div>\n\t\t\t\t<div class=\"elementor-element elementor-element-46515e8 elementor-view-stacked elementor-shape-square elementor-invisible elementor-widget elementor-widget-icon\" data-id=\"46515e8\" data-element_type=\"widget\" data-settings=\"{&quot;motion_fx_motion_fx_scrolling&quot;:&quot;yes&quot;,&quot;_animation&quot;:&quot;bounceIn&quot;,&quot;motion_fx_devices&quot;:[&quot;desktop&quot;,&quot;tablet&quot;],&quot;_animation_delay&quot;:10}\" data-widget_type=\"icon.default\">\n\t\t\t\t\t\t\t<div class=\"elementor-icon-wrapper\">\n\t\t\t<a class=\"elementor-icon\" href=\"#scroll-down\">\n\t\t\t<svg aria-hidden=\"true\" class=\"e-font-icon-svg e-fas-arrow-down\" viewBox=\"0 0 448 512\" xmlns=\"http:\/\/www.w3.org\/2000\/svg\"><path d=\"M413.1 222.5l22.2 22.2c9.4 9.4 9.4 24.6 0 33.9L241 473c-9.4 9.4-24.6 9.4-33.9 0L12.7 278.6c-9.4-9.4-9.4-24.6 0-33.9l22.2-22.2c9.5-9.5 25-9.3 34.3.4L184 343.4V56c0-13.3 10.7-24 24-24h32c13.3 0 24 10.7 24 24v287.4l114.8-120.5c9.3-9.8 24.8-10 34.3-.4z\"><\/path><\/svg>\t\t\t<\/a>\n\t\t<\/div>\n\t\t\t\t\t\t<\/div>\n\t\t\t\t<div class=\"elementor-element elementor-element-df4eb2a elementor-widget elementor-widget-menu-anchor\" data-id=\"df4eb2a\" data-element_type=\"widget\" data-widget_type=\"menu-anchor.default\">\n\t\t\t\t\t\t\t<div class=\"elementor-menu-anchor\" id=\"scroll-down\"><\/div>\n\t\t\t\t\t\t<\/div>\n\t\t\t\t<\/div>\n\t\t<div class=\"elementor-element elementor-element-93a6016 e-flex e-con-boxed e-con e-parent\" data-id=\"93a6016\" data-element_type=\"container\">\n\t\t\t\t\t<div class=\"e-con-inner\">\n\t\t<div class=\"elementor-element elementor-element-74fdd6b e-con-full e-flex e-con e-child\" data-id=\"74fdd6b\" data-element_type=\"container\">\n\t\t<div class=\"elementor-element elementor-element-2d7c959 e-con-full e-flex e-con e-child\" data-id=\"2d7c959\" data-element_type=\"container\">\n\t\t\t\t<div class=\"elementor-element elementor-element-b320544 elementor-widget elementor-widget-text-editor\" data-id=\"b320544\" data-element_type=\"widget\" data-widget_type=\"text-editor.default\">\n\t\t\t\t\t\t\t\t\t<p>\u0141a\u0144cuchy \u015bniegowe K\u00f6nig s\u0105 dost\u0119pne u najlepszych dealer\u00f3w sprzedaj\u0105cych stacjonarnie i internetowo.<\/p><p>Chcesz wiedzie\u0107, gdzie znale\u017a\u0107 sklep z \u0142a\u0144cuchami \u015bniegowymi K\u00f6nig? Czy chcesz odwiedzi\u0107 stacjonarny punkt dealerski, aby uzyska\u0107 wi\u0119cej informacji, obejrze\u0107 prezentacj\u0119 produktu lub kupi\u0107 \u0142a\u0144cuchy \u015bniegowe K\u00f6nig?<\/p><p>Wystarczy wpisa\u0107 sw\u00f3j adres, aby znale\u017a\u0107 najbli\u017cszych dealer\u00f3w.<\/p><p>Dealerzy oznaczeni plakietk\u0105 &#8222;partner&#8221; s\u0105 regularnie szkoleni i oferuj\u0105 najwi\u0119ksze do\u015bwiadczenie klientom poszukuj\u0105cym najlepszych \u0142a\u0144cuch\u00f3w \u015bniegowych.<\/p>\t\t\t\t\t\t\t\t<\/div>\n\t\t\t\t<\/div>\n\t\t\t\t<\/div>\n\t\t\t\t<div class=\"elementor-element elementor-element-d21b0ee elementor-widget elementor-widget-shortcode\" data-id=\"d21b0ee\" data-element_type=\"widget\" data-widget_type=\"shortcode.default\">\n\t\t\t\t\t\t\t<div class=\"elementor-shortcode\"><style>\r\n\t#wpsl-stores .wpsl-store-thumb {height:45px !important; width:45px !important;}\r\n\t#wpsl-stores, #wpsl-direction-details, #wpsl-gmap {height:500px !important;}\r\n\t#wpsl-gmap .wpsl-info-window {max-width:225px !important;}\r\n\t.wpsl-input label, #wpsl-radius label, #wpsl-category label {width:95px;}\r\n\t#wpsl-search-input  {width:179px;}\r\n<\/style>\r\n<div id=\"wpsl-wrap\">\r\n\t<div class=\"wpsl-search wpsl-clearfix \">\r\n\t\t<div id=\"wpsl-search-wrap\">\r\n\t\t\t<form autocomplete=\"off\">\r\n\t\t\t<div class=\"wpsl-input\">\r\n\t\t\t\t<div><label for=\"wpsl-search-input\">Your location<\/label><\/div>\r\n\t\t\t\t<input id=\"wpsl-search-input\" type=\"text\" value=\"\" name=\"wpsl-search-input\" placeholder=\"\" aria-required=\"true\" \/>\r\n\t\t\t<\/div>\r\n\t\t\t<div class=\"wpsl-select-wrap\">\r\n\t\t\t\t<div id=\"wpsl-radius\">\r\n\t\t\t\t\t<label for=\"wpsl-radius-dropdown\">Search radius<\/label>\r\n\t\t\t\t\t<select id=\"wpsl-radius-dropdown\" class=\"wpsl-dropdown\" name=\"wpsl-radius\">\r\n\t\t\t\t\t\t<option value=\"10\">10 km<\/option><option value=\"25\">25 km<\/option><option selected=\"selected\" value=\"50\">50 km<\/option><option value=\"100\">100 km<\/option><option value=\"200\">200 km<\/option><option value=\"500\">500 km<\/option>\r\n\t\t\t\t\t<\/select>\r\n\t\t\t\t<\/div>\r\n\t\t\t\t<div id=\"wpsl-results\">\r\n\t\t\t\t\t<label for=\"wpsl-results-dropdown\">Results<\/label>\r\n\t\t\t\t\t<select id=\"wpsl-results-dropdown\" class=\"wpsl-dropdown\" name=\"wpsl-results\">\r\n\t\t\t\t\t\t<option selected=\"selected\" value=\"25\">25<\/option><option value=\"50\">50<\/option><option value=\"75\">75<\/option><option value=\"100\">100<\/option>\r\n\t\t\t\t\t<\/select>\r\n\t\t\t\t<\/div>\r\n\t\t\t<\/div>\r\n\t\t\t\t<div class=\"wpsl-search-btn-wrap\"><input id=\"wpsl-search-btn\" type=\"submit\" value=\"Search\"><\/div>\r\n\t\t<\/form>\r\n\t\t<\/div>\r\n\t<\/div>\r\n\t<div id=\"wpsl-gmap\" class=\"wpsl-gmap-canvas\"><\/div>\r\n\t<div id=\"wpsl-result-list\">\r\n\t\t<div id=\"wpsl-stores\" >\r\n\t\t\t<ul><\/ul>\r\n\t\t<\/div>\r\n\t\t<div id=\"wpsl-direction-details\">\r\n\t\t\t<ul><\/ul>\r\n\t\t<\/div>\r\n\t<\/div>\r\n<\/div>\r\n<\/div>\n\t\t\t\t\t\t<\/div>\n\t\t\t\t\t<\/div>\n\t\t\t\t<\/div>\n\t\t\t\t<\/div>\n\t\t","protected":false},"excerpt":{"rendered":"<p>Lokalizator dealer\u00f3w\u200b Gdzie znale\u017a\u0107 \u0142a\u0144cuchy \u015bniegowe K\u00f6nig w fizycznych i cyfrowych punktach sprzeda\u017cy \u0141a\u0144cuchy \u015bniegowe K\u00f6nig s\u0105 dost\u0119pne u najlepszych dealer\u00f3w sprzedaj\u0105cych stacjonarnie i internetowo. Chcesz wiedzie\u0107, gdzie znale\u017a\u0107 sklep z \u0142a\u0144cuchami \u015bniegowymi K\u00f6nig? Czy chcesz odwiedzi\u0107 stacjonarny punkt dealerski, aby uzyska\u0107 wi\u0119cej informacji, obejrze\u0107 prezentacj\u0119 produktu lub kupi\u0107 \u0142a\u0144cuchy \u015bniegowe K\u00f6nig? Wystarczy wpisa\u0107 sw\u00f3j [&hellip;]<\/p>\n","protected":false},"author":3,"featured_media":38355,"parent":0,"menu_order":0,"comment_status":"closed","ping_status":"closed","template":"","meta":{"_acf_changed":false,"footnotes":""},"page-category":[1550],"class_list":["post-17748","page","type-page","status-publish","has-post-thumbnail","hentry","page-category-b2c"],"acf":[],"yoast_head":"<!-- This site is optimized with the Yoast SEO plugin v26.8 - https:\/\/yoast.com\/product\/yoast-seo-wordpress\/ -->\n<title>Gdzie kupi\u0107 \u0142a\u0144cuchy \u015bniegowe K\u00f6nig?<\/title>\n<meta name=\"description\" content=\"\u0141a\u0144cuchy \u015bniegowe K\u00f6nig s\u0105 \u0142atwe do znalezienia. Sprawd\u017a ceny, rabaty i kupony na \u0142a\u0144cuchy \u015bniegowe K\u00f6nig u swojego dealera\" \/>\n<meta name=\"robots\" content=\"index, follow, max-snippet:-1, max-image-preview:large, max-video-preview:-1\" \/>\n<link rel=\"canonical\" href=\"https:\/\/www.konigchain.com\/pl\/lokalizator-dealerow\/\" \/>\n<meta property=\"og:locale\" content=\"pl_PL\" \/>\n<meta property=\"og:type\" content=\"article\" \/>\n<meta property=\"og:title\" content=\"Gdzie kupi\u0107 \u0142a\u0144cuchy \u015bniegowe K\u00f6nig?\" \/>\n<meta property=\"og:description\" content=\"\u0141a\u0144cuchy \u015bniegowe K\u00f6nig s\u0105 \u0142atwe do znalezienia. Sprawd\u017a ceny, rabaty i kupony na \u0142a\u0144cuchy \u015bniegowe K\u00f6nig u swojego dealera\" \/>\n<meta property=\"og:url\" content=\"https:\/\/www.konigchain.com\/pl\/lokalizator-dealerow\/\" \/>\n<meta property=\"og:site_name\" content=\"K\u00f6nig\" \/>\n<meta property=\"article:modified_time\" content=\"2025-05-28T14:03:54+00:00\" \/>\n<meta property=\"og:image\" content=\"https:\/\/www.konigchain.com\/wp-content\/uploads\/2024\/12\/Konig-snow-chains-dealers-scaled-1.jpg\" \/>\n\t<meta property=\"og:image:width\" content=\"2560\" \/>\n\t<meta property=\"og:image:height\" content=\"1707\" \/>\n\t<meta property=\"og:image:type\" content=\"image\/jpeg\" \/>\n<meta name=\"twitter:card\" content=\"summary_large_image\" \/>\n<meta name=\"twitter:label1\" content=\"Szacowany czas czytania\" \/>\n\t<meta name=\"twitter:data1\" content=\"1 minuta\" \/>\n<script type=\"application\/ld+json\" class=\"yoast-schema-graph\">{\"@context\":\"https:\/\/schema.org\",\"@graph\":[{\"@type\":\"WebPage\",\"@id\":\"https:\/\/www.konigchain.com\/pl\/lokalizator-dealerow\/\",\"url\":\"https:\/\/www.konigchain.com\/pl\/lokalizator-dealerow\/\",\"name\":\"Gdzie kupi\u0107 \u0142a\u0144cuchy \u015bniegowe K\u00f6nig?\",\"isPartOf\":{\"@id\":\"https:\/\/www.konigchain.com\/pl\/#website\"},\"primaryImageOfPage\":{\"@id\":\"https:\/\/www.konigchain.com\/pl\/lokalizator-dealerow\/#primaryimage\"},\"image\":{\"@id\":\"https:\/\/www.konigchain.com\/pl\/lokalizator-dealerow\/#primaryimage\"},\"thumbnailUrl\":\"https:\/\/www.konigchain.com\/wp-content\/uploads\/2024\/12\/Konig-snow-chains-dealers-scaled-1.jpg\",\"datePublished\":\"2024-05-07T18:42:40+00:00\",\"dateModified\":\"2025-05-28T14:03:54+00:00\",\"description\":\"\u0141a\u0144cuchy \u015bniegowe K\u00f6nig s\u0105 \u0142atwe do znalezienia. Sprawd\u017a ceny, rabaty i kupony na \u0142a\u0144cuchy \u015bniegowe K\u00f6nig u swojego dealera\",\"breadcrumb\":{\"@id\":\"https:\/\/www.konigchain.com\/pl\/lokalizator-dealerow\/#breadcrumb\"},\"inLanguage\":\"pl-PL\",\"potentialAction\":[{\"@type\":\"ReadAction\",\"target\":[\"https:\/\/www.konigchain.com\/pl\/lokalizator-dealerow\/\"]}]},{\"@type\":\"ImageObject\",\"inLanguage\":\"pl-PL\",\"@id\":\"https:\/\/www.konigchain.com\/pl\/lokalizator-dealerow\/#primaryimage\",\"url\":\"https:\/\/www.konigchain.com\/wp-content\/uploads\/2024\/12\/Konig-snow-chains-dealers-scaled-1.jpg\",\"contentUrl\":\"https:\/\/www.konigchain.com\/wp-content\/uploads\/2024\/12\/Konig-snow-chains-dealers-scaled-1.jpg\",\"width\":2560,\"height\":1707},{\"@type\":\"BreadcrumbList\",\"@id\":\"https:\/\/www.konigchain.com\/pl\/lokalizator-dealerow\/#breadcrumb\",\"itemListElement\":[{\"@type\":\"ListItem\",\"position\":1,\"name\":\"Home\",\"item\":\"https:\/\/www.konigchain.com\/pl\/\"},{\"@type\":\"ListItem\",\"position\":2,\"name\":\"Lokalizator dealer\u00f3w\"}]},{\"@type\":\"WebSite\",\"@id\":\"https:\/\/www.konigchain.com\/pl\/#website\",\"url\":\"https:\/\/www.konigchain.com\/pl\/\",\"name\":\"K\u00f6nig\",\"description\":\"\",\"publisher\":{\"@id\":\"https:\/\/www.konigchain.com\/pl\/#organization\"},\"potentialAction\":[{\"@type\":\"SearchAction\",\"target\":{\"@type\":\"EntryPoint\",\"urlTemplate\":\"https:\/\/www.konigchain.com\/pl\/?s={search_term_string}\"},\"query-input\":{\"@type\":\"PropertyValueSpecification\",\"valueRequired\":true,\"valueName\":\"search_term_string\"}}],\"inLanguage\":\"pl-PL\"},{\"@type\":\"Organization\",\"@id\":\"https:\/\/www.konigchain.com\/pl\/#organization\",\"name\":\"K\u00f6nig\",\"url\":\"https:\/\/www.konigchain.com\/pl\/\",\"logo\":{\"@type\":\"ImageObject\",\"inLanguage\":\"pl-PL\",\"@id\":\"https:\/\/www.konigchain.com\/pl\/#\/schema\/logo\/image\/\",\"url\":\"https:\/\/www.konigchain.com\/wp-content\/uploads\/2023\/12\/logo-Konig-2016-BG.png\",\"contentUrl\":\"https:\/\/www.konigchain.com\/wp-content\/uploads\/2023\/12\/logo-Konig-2016-BG.png\",\"width\":3508,\"height\":2480,\"caption\":\"K\u00f6nig\"},\"image\":{\"@id\":\"https:\/\/www.konigchain.com\/pl\/#\/schema\/logo\/image\/\"}}]}<\/script>\n<!-- \/ Yoast SEO plugin. -->","yoast_head_json":{"title":"Gdzie kupi\u0107 \u0142a\u0144cuchy \u015bniegowe K\u00f6nig?","description":"\u0141a\u0144cuchy \u015bniegowe K\u00f6nig s\u0105 \u0142atwe do znalezienia. Sprawd\u017a ceny, rabaty i kupony na \u0142a\u0144cuchy \u015bniegowe K\u00f6nig u swojego dealera","robots":{"index":"index","follow":"follow","max-snippet":"max-snippet:-1","max-image-preview":"max-image-preview:large","max-video-preview":"max-video-preview:-1"},"canonical":"https:\/\/www.konigchain.com\/pl\/lokalizator-dealerow\/","og_locale":"pl_PL","og_type":"article","og_title":"Gdzie kupi\u0107 \u0142a\u0144cuchy \u015bniegowe K\u00f6nig?","og_description":"\u0141a\u0144cuchy \u015bniegowe K\u00f6nig s\u0105 \u0142atwe do znalezienia. Sprawd\u017a ceny, rabaty i kupony na \u0142a\u0144cuchy \u015bniegowe K\u00f6nig u swojego dealera","og_url":"https:\/\/www.konigchain.com\/pl\/lokalizator-dealerow\/","og_site_name":"K\u00f6nig","article_modified_time":"2025-05-28T14:03:54+00:00","og_image":[{"width":2560,"height":1707,"url":"https:\/\/www.konigchain.com\/wp-content\/uploads\/2024\/12\/Konig-snow-chains-dealers-scaled-1.jpg","type":"image\/jpeg"}],"twitter_card":"summary_large_image","twitter_misc":{"Szacowany czas czytania":"1 minuta"},"schema":{"@context":"https:\/\/schema.org","@graph":[{"@type":"WebPage","@id":"https:\/\/www.konigchain.com\/pl\/lokalizator-dealerow\/","url":"https:\/\/www.konigchain.com\/pl\/lokalizator-dealerow\/","name":"Gdzie kupi\u0107 \u0142a\u0144cuchy \u015bniegowe K\u00f6nig?","isPartOf":{"@id":"https:\/\/www.konigchain.com\/pl\/#website"},"primaryImageOfPage":{"@id":"https:\/\/www.konigchain.com\/pl\/lokalizator-dealerow\/#primaryimage"},"image":{"@id":"https:\/\/www.konigchain.com\/pl\/lokalizator-dealerow\/#primaryimage"},"thumbnailUrl":"https:\/\/www.konigchain.com\/wp-content\/uploads\/2024\/12\/Konig-snow-chains-dealers-scaled-1.jpg","datePublished":"2024-05-07T18:42:40+00:00","dateModified":"2025-05-28T14:03:54+00:00","description":"\u0141a\u0144cuchy \u015bniegowe K\u00f6nig s\u0105 \u0142atwe do znalezienia. Sprawd\u017a ceny, rabaty i kupony na \u0142a\u0144cuchy \u015bniegowe K\u00f6nig u swojego dealera","breadcrumb":{"@id":"https:\/\/www.konigchain.com\/pl\/lokalizator-dealerow\/#breadcrumb"},"inLanguage":"pl-PL","potentialAction":[{"@type":"ReadAction","target":["https:\/\/www.konigchain.com\/pl\/lokalizator-dealerow\/"]}]},{"@type":"ImageObject","inLanguage":"pl-PL","@id":"https:\/\/www.konigchain.com\/pl\/lokalizator-dealerow\/#primaryimage","url":"https:\/\/www.konigchain.com\/wp-content\/uploads\/2024\/12\/Konig-snow-chains-dealers-scaled-1.jpg","contentUrl":"https:\/\/www.konigchain.com\/wp-content\/uploads\/2024\/12\/Konig-snow-chains-dealers-scaled-1.jpg","width":2560,"height":1707},{"@type":"BreadcrumbList","@id":"https:\/\/www.konigchain.com\/pl\/lokalizator-dealerow\/#breadcrumb","itemListElement":[{"@type":"ListItem","position":1,"name":"Home","item":"https:\/\/www.konigchain.com\/pl\/"},{"@type":"ListItem","position":2,"name":"Lokalizator dealer\u00f3w"}]},{"@type":"WebSite","@id":"https:\/\/www.konigchain.com\/pl\/#website","url":"https:\/\/www.konigchain.com\/pl\/","name":"K\u00f6nig","description":"","publisher":{"@id":"https:\/\/www.konigchain.com\/pl\/#organization"},"potentialAction":[{"@type":"SearchAction","target":{"@type":"EntryPoint","urlTemplate":"https:\/\/www.konigchain.com\/pl\/?s={search_term_string}"},"query-input":{"@type":"PropertyValueSpecification","valueRequired":true,"valueName":"search_term_string"}}],"inLanguage":"pl-PL"},{"@type":"Organization","@id":"https:\/\/www.konigchain.com\/pl\/#organization","name":"K\u00f6nig","url":"https:\/\/www.konigchain.com\/pl\/","logo":{"@type":"ImageObject","inLanguage":"pl-PL","@id":"https:\/\/www.konigchain.com\/pl\/#\/schema\/logo\/image\/","url":"https:\/\/www.konigchain.com\/wp-content\/uploads\/2023\/12\/logo-Konig-2016-BG.png","contentUrl":"https:\/\/www.konigchain.com\/wp-content\/uploads\/2023\/12\/logo-Konig-2016-BG.png","width":3508,"height":2480,"caption":"K\u00f6nig"},"image":{"@id":"https:\/\/www.konigchain.com\/pl\/#\/schema\/logo\/image\/"}}]}},"_links":{"self":[{"href":"https:\/\/www.konigchain.com\/pl\/wp-json\/wp\/v2\/pages\/17748","targetHints":{"allow":["GET"]}}],"collection":[{"href":"https:\/\/www.konigchain.com\/pl\/wp-json\/wp\/v2\/pages"}],"about":[{"href":"https:\/\/www.konigchain.com\/pl\/wp-json\/wp\/v2\/types\/page"}],"author":[{"embeddable":true,"href":"https:\/\/www.konigchain.com\/pl\/wp-json\/wp\/v2\/users\/3"}],"replies":[{"embeddable":true,"href":"https:\/\/www.konigchain.com\/pl\/wp-json\/wp\/v2\/comments?post=17748"}],"version-history":[{"count":5,"href":"https:\/\/www.konigchain.com\/pl\/wp-json\/wp\/v2\/pages\/17748\/revisions"}],"predecessor-version":[{"id":49141,"href":"https:\/\/www.konigchain.com\/pl\/wp-json\/wp\/v2\/pages\/17748\/revisions\/49141"}],"wp:featuredmedia":[{"embeddable":true,"href":"https:\/\/www.konigchain.com\/pl\/wp-json\/wp\/v2\/media\/38355"}],"wp:attachment":[{"href":"https:\/\/www.konigchain.com\/pl\/wp-json\/wp\/v2\/media?parent=17748"}],"wp:term":[{"taxonomy":"page-category","embeddable":true,"href":"https:\/\/www.konigchain.com\/pl\/wp-json\/wp\/v2\/page-category?post=17748"}],"curies":[{"name":"wp","href":"https:\/\/api.w.org\/{rel}","templated":true}]}}