{"id":17753,"date":"2024-01-08T15:55:46","date_gmt":"2024-01-08T14:55:46","guid":{"rendered":"https:\/\/wp1.konigchain.com\/snow-chains\/"},"modified":"2025-05-28T16:02:31","modified_gmt":"2025-05-28T14:02:31","slug":"lancuchy-sniegowe","status":"publish","type":"page","link":"https:\/\/www.konigchain.com\/pl\/lancuchy-sniegowe\/","title":{"rendered":"\u0141a\u0144cuchy \u015bniegowe"},"content":{"rendered":"\t\t<div data-elementor-type=\"wp-page\" data-elementor-id=\"17753\" class=\"elementor elementor-17753 elementor-1251\" data-elementor-post-type=\"page\">\n\t\t\t\t<div class=\"elementor-element elementor-element-9289854 e-con-full e-flex e-con e-parent\" data-id=\"9289854\" data-element_type=\"container\" data-settings=\"{&quot;background_background&quot;:&quot;classic&quot;,&quot;background_motion_fx_motion_fx_scrolling&quot;:&quot;yes&quot;,&quot;background_motion_fx_devices&quot;:[&quot;desktop&quot;,&quot;tablet_extra&quot;,&quot;tablet&quot;,&quot;mobile&quot;]}\">\n\t\t<div class=\"elementor-element elementor-element-682c920 e-con-full e-flex e-con e-child\" data-id=\"682c920\" data-element_type=\"container\" data-settings=\"{&quot;background_background&quot;:&quot;classic&quot;,&quot;background_motion_fx_motion_fx_scrolling&quot;:&quot;yes&quot;,&quot;background_motion_fx_translateY_effect&quot;:&quot;yes&quot;,&quot;background_motion_fx_translateY_speed&quot;:{&quot;unit&quot;:&quot;px&quot;,&quot;size&quot;:4,&quot;sizes&quot;:[]},&quot;background_motion_fx_translateY_affectedRange&quot;:{&quot;unit&quot;:&quot;%&quot;,&quot;size&quot;:&quot;&quot;,&quot;sizes&quot;:{&quot;start&quot;:0,&quot;end&quot;:100}},&quot;background_motion_fx_devices&quot;:[&quot;desktop&quot;,&quot;tablet_extra&quot;,&quot;tablet&quot;,&quot;mobile&quot;]}\">\n\t\t\t\t<div class=\"elementor-element elementor-element-4dcb056 elementor-widget elementor-widget-heading\" data-id=\"4dcb056\" data-element_type=\"widget\" data-widget_type=\"heading.default\">\n\t\t\t\t\t<h1 class=\"elementor-heading-title elementor-size-default\">Portfolio \u0142a\u0144cuch\u00f3w \u015bniegowych\u200b<\/h1>\t\t\t\t<\/div>\n\t\t\t\t<div class=\"elementor-element elementor-element-02de184 elementor-widget__width-initial elementor-widget elementor-widget-heading\" data-id=\"02de184\" data-element_type=\"widget\" data-widget_type=\"heading.default\">\n\t\t\t\t\t<h2 class=\"elementor-heading-title elementor-size-default\">konsumenckie i profesjonalne \u0142a\u0144cuchy \u015bniegowe\u200b<\/h2>\t\t\t\t<\/div>\n\t\t\t\t<\/div>\n\t\t\t\t<div class=\"elementor-element elementor-element-9f9ae1a elementor-view-stacked elementor-shape-square elementor-invisible elementor-widget elementor-widget-icon\" data-id=\"9f9ae1a\" data-element_type=\"widget\" data-settings=\"{&quot;motion_fx_motion_fx_scrolling&quot;:&quot;yes&quot;,&quot;_animation&quot;:&quot;bounceIn&quot;,&quot;motion_fx_devices&quot;:[&quot;desktop&quot;,&quot;tablet&quot;],&quot;_animation_delay&quot;:10}\" data-widget_type=\"icon.default\">\n\t\t\t\t\t\t\t<div class=\"elementor-icon-wrapper\">\n\t\t\t<a class=\"elementor-icon\" href=\"#scroll-down\">\n\t\t\t<svg aria-hidden=\"true\" class=\"e-font-icon-svg e-fas-arrow-down\" viewBox=\"0 0 448 512\" xmlns=\"http:\/\/www.w3.org\/2000\/svg\"><path d=\"M413.1 222.5l22.2 22.2c9.4 9.4 9.4 24.6 0 33.9L241 473c-9.4 9.4-24.6 9.4-33.9 0L12.7 278.6c-9.4-9.4-9.4-24.6 0-33.9l22.2-22.2c9.5-9.5 25-9.3 34.3.4L184 343.4V56c0-13.3 10.7-24 24-24h32c13.3 0 24 10.7 24 24v287.4l114.8-120.5c9.3-9.8 24.8-10 34.3-.4z\"><\/path><\/svg>\t\t\t<\/a>\n\t\t<\/div>\n\t\t\t\t\t\t<\/div>\n\t\t\t\t<div class=\"elementor-element elementor-element-0ce6772 elementor-widget elementor-widget-menu-anchor\" data-id=\"0ce6772\" data-element_type=\"widget\" data-widget_type=\"menu-anchor.default\">\n\t\t\t\t\t\t\t<div class=\"elementor-menu-anchor\" id=\"scroll-down\"><\/div>\n\t\t\t\t\t\t<\/div>\n\t\t\t\t<\/div>\n\t\t<div class=\"elementor-element elementor-element-31a09f41 e-con-full e-flex e-con e-parent\" data-id=\"31a09f41\" data-element_type=\"container\" data-settings=\"{&quot;background_background&quot;:&quot;classic&quot;}\">\n\t\t\t\t<div class=\"elementor-element elementor-element-2dea53a6 elementor-widget elementor-widget-text-editor\" data-id=\"2dea53a6\" data-element_type=\"widget\" data-widget_type=\"text-editor.default\">\n\t\t\t\t\t\t\t\t\t<p>K\u00f6nig oferuje wiod\u0105ce na \u015bwiecie \u0142a\u0144cuchy \u015bniegowe podzielone na segmenty konsumenckie i profesjonalne.<\/p><p>\u0141a\u0144cuchy \u015bniegowe Consumer Snow Chains s\u0105 zwykle przeznaczone dla os\u00f3b prywatnych je\u017cd\u017c\u0105cych swoimi pojazdami po za\u015bnie\u017conych i oblodzonych drogach w okresie zimowym. Zazwyczaj pojazdami docelowymi Consumer Snow Chains s\u0105 samochody osobowe, crossovery, SUV-y, vany i kampery o maksymalnej masie ca\u0142kowitej wynosz\u0105cej 3,5 tony i\/lub maksymalnej liczbie 9 miejsc siedz\u0105cych \u0142\u0105cznie z kierowc\u0105.<\/p><p>W ramach portfolio Professional K\u00f6nig wdra\u017ca asortyment produkt\u00f3w przeznaczony dla zawodowc\u00f3w zajmuj\u0105cych si\u0119 zimow\u0105 jazd\u0105 i utrzymaniem dr\u00f3g, w tym firm autobusowych, firm zajmuj\u0105cych si\u0119 transportem towar\u00f3w i us\u0142ugami logistycznymi, firm od\u015bnie\u017caj\u0105cych i utrzymuj\u0105cych drogi, rolnik\u00f3w. Profesjonalne \u0142a\u0144cuchy \u015bniegowe s\u0105 r\u00f3wnie\u017c preferowanym wyborem dla pojazd\u00f3w bior\u0105cych udzia\u0142 w wyprawach i dla wojska.<\/p><p>Pojazdy wykorzystywane do takich dzia\u0142a\u0144 charakteryzuj\u0105 si\u0119 mas\u0105 ca\u0142kowit\u0105 powy\u017cej 3,5 tony (maksymalnie 44 tony) i\/lub liczb\u0105 miejsc siedz\u0105cych wi\u0119ksz\u0105 ni\u017c 9.<\/p><p>Aby zapozna\u0107 si\u0119 z portfolio produkt\u00f3w, nale\u017cy najpierw wybra\u0107 segment, kt\u00f3ry Ci\u0119 interesuje.<\/p>\t\t\t\t\t\t\t\t<\/div>\n\t\t\t\t<\/div>\n\t\t<div class=\"elementor-element elementor-element-5c16a33 e-con-full e-flex e-con e-parent\" data-id=\"5c16a33\" data-element_type=\"container\">\n\t\t<div class=\"elementor-element elementor-element-8f9d41b e-con-full e-flex e-con e-child\" data-id=\"8f9d41b\" data-element_type=\"container\" data-settings=\"{&quot;background_background&quot;:&quot;classic&quot;,&quot;background_motion_fx_motion_fx_scrolling&quot;:&quot;yes&quot;,&quot;background_motion_fx_translateY_speed&quot;:{&quot;unit&quot;:&quot;px&quot;,&quot;size&quot;:3,&quot;sizes&quot;:[]},&quot;background_motion_fx_translateY_effect&quot;:&quot;yes&quot;,&quot;background_motion_fx_translateY_affectedRange&quot;:{&quot;unit&quot;:&quot;%&quot;,&quot;size&quot;:&quot;&quot;,&quot;sizes&quot;:{&quot;start&quot;:0,&quot;end&quot;:100}},&quot;background_motion_fx_devices&quot;:[&quot;desktop&quot;,&quot;tablet_extra&quot;,&quot;tablet&quot;,&quot;mobile&quot;]}\">\n\t\t\t\t<\/div>\n\t\t<div class=\"elementor-element elementor-element-8de322b e-con-full e-flex e-con e-child\" data-id=\"8de322b\" data-element_type=\"container\">\n\t\t\t\t<div class=\"elementor-element elementor-element-b04a696 elementor-widget-divider--view-line elementor-widget elementor-widget-divider\" data-id=\"b04a696\" data-element_type=\"widget\" data-widget_type=\"divider.default\">\n\t\t\t\t\t\t\t<div class=\"elementor-divider\">\n\t\t\t<span class=\"elementor-divider-separator\">\n\t\t\t\t\t\t<\/span>\n\t\t<\/div>\n\t\t\t\t\t\t<\/div>\n\t\t\t\t<div class=\"elementor-element elementor-element-6abbb2a elementor-widget elementor-widget-heading\" data-id=\"6abbb2a\" data-element_type=\"widget\" data-widget_type=\"heading.default\">\n\t\t\t\t\t<h2 class=\"elementor-heading-title elementor-size-default\">\u0141a\u0144cuchy \u015bniegowe dla konsument\u00f3w<\/h2>\t\t\t\t<\/div>\n\t\t\t\t<div class=\"elementor-element elementor-element-dca2860 elementor-widget elementor-widget-text-editor\" data-id=\"dca2860\" data-element_type=\"widget\" data-widget_type=\"text-editor.default\">\n\t\t\t\t\t\t\t\t\t<p>\u0141atwe w monta\u017cu \u0142a\u0144cuchy \u015bniegowe do samochod\u00f3w osobowych, crossover\u00f3w, SUV-\u00f3w, van\u00f3w i kamper\u00f3w: idealny towarzysz na ferie narciarskie lub og\u00f3lnie do bezpiecznej jazdy zim\u0105.<\/p><p>\u0141a\u0144cuchy \u015bniegowe nale\u017c\u0105ce do tego segmentu s\u0105 zwykle obs\u0142ugiwane przez u\u017cytkownik\u00f3w, kt\u00f3rzy rzadko u\u017cywaj\u0105 \u0142a\u0144cuch\u00f3w \u015bniegowych, dlatego produkty s\u0105 zaprojektowane tak, aby by\u0142y lekkie i \u0142atwe w obs\u0142udze i monta\u017cu.<\/p>\t\t\t\t\t\t\t\t<\/div>\n\t\t<div class=\"elementor-element elementor-element-59b6322 e-con-full e-flex e-con e-child\" data-id=\"59b6322\" data-element_type=\"container\">\n\t\t\t\t<div class=\"elementor-element elementor-element-a8b5adb elementor-align-right elementor-mobile-align-center elementor-widget elementor-widget-button\" data-id=\"a8b5adb\" data-element_type=\"widget\" data-widget_type=\"button.default\">\n\t\t\t\t\t\t\t\t\t\t<a class=\"elementor-button elementor-button-link elementor-size-sm\" href=\"https:\/\/www.konigchain.com\/pl\/lancuchy-sniegowe-dla-konsumentow\/\">\n\t\t\t\t\t\t<span class=\"elementor-button-content-wrapper\">\n\t\t\t\t\t\t\t\t\t<span class=\"elementor-button-text\">Produkty<\/span>\n\t\t\t\t\t<\/span>\n\t\t\t\t\t<\/a>\n\t\t\t\t\t\t\t\t<\/div>\n\t\t\t\t<div class=\"elementor-element elementor-element-a50cb0a elementor-widget elementor-widget-button\" data-id=\"a50cb0a\" data-element_type=\"widget\" data-widget_type=\"button.default\">\n\t\t\t\t\t\t\t\t\t\t<a class=\"elementor-button elementor-button-link elementor-size-sm\" href=\"https:\/\/www.konigchain.com\/pl\/konfigurator-konsumentow\/\">\n\t\t\t\t\t\t<span class=\"elementor-button-content-wrapper\">\n\t\t\t\t\t\t\t\t\t<span class=\"elementor-button-text\">Konfigurator<\/span>\n\t\t\t\t\t<\/span>\n\t\t\t\t\t<\/a>\n\t\t\t\t\t\t\t\t<\/div>\n\t\t\t\t<div class=\"elementor-element elementor-element-ff8395e elementor-align-right elementor-mobile-align-center elementor-widget elementor-widget-button\" data-id=\"ff8395e\" data-element_type=\"widget\" data-widget_type=\"button.default\">\n\t\t\t\t\t\t\t\t\t\t<a class=\"elementor-button elementor-button-link elementor-size-sm\" href=\"https:\/\/www.konigchain.com\/pl\/technologia-lancuchow-sniegowych-dla-konsumentow\/\">\n\t\t\t\t\t\t<span class=\"elementor-button-content-wrapper\">\n\t\t\t\t\t\t\t\t\t<span class=\"elementor-button-text\">Technologia<\/span>\n\t\t\t\t\t<\/span>\n\t\t\t\t\t<\/a>\n\t\t\t\t\t\t\t\t<\/div>\n\t\t\t\t<\/div>\n\t\t\t\t<\/div>\n\t\t\t\t<\/div>\n\t\t<div class=\"elementor-element elementor-element-f48478d e-con-full e-flex e-con e-parent\" data-id=\"f48478d\" data-element_type=\"container\">\n\t\t<div class=\"elementor-element elementor-element-9b60521 e-con-full e-flex e-con e-child\" data-id=\"9b60521\" data-element_type=\"container\">\n\t\t<div class=\"elementor-element elementor-element-e936410 e-con-full e-flex e-con e-child\" data-id=\"e936410\" data-element_type=\"container\">\n\t\t\t\t<div class=\"elementor-element elementor-element-8a7bcbf elementor-widget-divider--view-line elementor-widget elementor-widget-divider\" data-id=\"8a7bcbf\" data-element_type=\"widget\" data-widget_type=\"divider.default\">\n\t\t\t\t\t\t\t<div class=\"elementor-divider\">\n\t\t\t<span class=\"elementor-divider-separator\">\n\t\t\t\t\t\t<\/span>\n\t\t<\/div>\n\t\t\t\t\t\t<\/div>\n\t\t\t\t<div class=\"elementor-element elementor-element-a2b2a18 elementor-widget elementor-widget-heading\" data-id=\"a2b2a18\" data-element_type=\"widget\" data-widget_type=\"heading.default\">\n\t\t\t\t\t<h2 class=\"elementor-heading-title elementor-size-default\">Profesjonalne \u0142a\u0144cuchy \u015bniegowe\u200b<\/h2>\t\t\t\t<\/div>\n\t\t\t\t<div class=\"elementor-element elementor-element-58385ee elementor-widget elementor-widget-text-editor\" data-id=\"58385ee\" data-element_type=\"widget\" data-widget_type=\"text-editor.default\">\n\t\t\t\t\t\t\t\t\t<p>Wytrzyma\u0142e \u0142a\u0144cuchy \u015bniegowe do pojazd\u00f3w terenowych, \u015brednich i ci\u0119\u017ckich samochod\u00f3w ci\u0119\u017carowych, maszyn do od\u015bnie\u017cania, ci\u0105gnik\u00f3w i maszyn rolniczych oraz pojazd\u00f3w specjalnych.<\/p><p>Wi\u0119ksze pojazdy, wymagaj\u0105ce sytuacje, d\u0142ugie sesje robocze &#8211; to warunki, w kt\u00f3rych musz\u0105 \u017cy\u0107 profesjonali\u015bci. K\u00f6nig jest najbardziej niezawodnym partnerem, je\u015bli chodzi o dostawy dla profesjonalist\u00f3w.<\/p>\t\t\t\t\t\t\t\t<\/div>\n\t\t<div class=\"elementor-element elementor-element-ee7548a e-con-full e-flex e-con e-child\" data-id=\"ee7548a\" data-element_type=\"container\">\n\t\t\t\t<div class=\"elementor-element elementor-element-3a34c71 elementor-align-right elementor-mobile-align-center elementor-widget elementor-widget-button\" data-id=\"3a34c71\" data-element_type=\"widget\" data-widget_type=\"button.default\">\n\t\t\t\t\t\t\t\t\t\t<a class=\"elementor-button elementor-button-link elementor-size-sm\" href=\"https:\/\/www.konigchain.com\/pl\/profesjonalne-lancuchy-sniegowe\/\">\n\t\t\t\t\t\t<span class=\"elementor-button-content-wrapper\">\n\t\t\t\t\t\t\t\t\t<span class=\"elementor-button-text\">Produkty<\/span>\n\t\t\t\t\t<\/span>\n\t\t\t\t\t<\/a>\n\t\t\t\t\t\t\t\t<\/div>\n\t\t\t\t<div class=\"elementor-element elementor-element-1a1b099 elementor-widget elementor-widget-button\" data-id=\"1a1b099\" data-element_type=\"widget\" data-widget_type=\"button.default\">\n\t\t\t\t\t\t\t\t\t\t<a class=\"elementor-button elementor-button-link elementor-size-sm\" href=\"https:\/\/www.konigchain.com\/pl\/konfigurator-professional\/\">\n\t\t\t\t\t\t<span class=\"elementor-button-content-wrapper\">\n\t\t\t\t\t\t\t\t\t<span class=\"elementor-button-text\">Konfigurator<\/span>\n\t\t\t\t\t<\/span>\n\t\t\t\t\t<\/a>\n\t\t\t\t\t\t\t\t<\/div>\n\t\t\t\t<div class=\"elementor-element elementor-element-994aaf7 elementor-align-right elementor-mobile-align-center elementor-widget elementor-widget-button\" data-id=\"994aaf7\" data-element_type=\"widget\" data-widget_type=\"button.default\">\n\t\t\t\t\t\t\t\t\t\t<a class=\"elementor-button elementor-button-link elementor-size-sm\" href=\"https:\/\/www.konigchain.com\/pl\/profesjonalna-technologia-lancuchow-sniegowych\/\">\n\t\t\t\t\t\t<span class=\"elementor-button-content-wrapper\">\n\t\t\t\t\t\t\t\t\t<span class=\"elementor-button-text\">Technologia<\/span>\n\t\t\t\t\t<\/span>\n\t\t\t\t\t<\/a>\n\t\t\t\t\t\t\t\t<\/div>\n\t\t\t\t<\/div>\n\t\t\t\t<\/div>\n\t\t\t\t<\/div>\n\t\t<div class=\"elementor-element elementor-element-b592e3c e-con-full e-flex e-con e-child\" data-id=\"b592e3c\" data-element_type=\"container\" data-settings=\"{&quot;background_background&quot;:&quot;classic&quot;,&quot;background_motion_fx_motion_fx_scrolling&quot;:&quot;yes&quot;,&quot;background_motion_fx_translateY_speed&quot;:{&quot;unit&quot;:&quot;px&quot;,&quot;size&quot;:7.3,&quot;sizes&quot;:[]},&quot;background_motion_fx_devices&quot;:[&quot;desktop&quot;],&quot;background_motion_fx_range&quot;:&quot;viewport&quot;,&quot;background_motion_fx_translateY_effect&quot;:&quot;yes&quot;,&quot;background_motion_fx_translateY_affectedRange&quot;:{&quot;unit&quot;:&quot;%&quot;,&quot;size&quot;:&quot;&quot;,&quot;sizes&quot;:{&quot;start&quot;:10,&quot;end&quot;:70}}}\">\n\t\t\t\t<\/div>\n\t\t\t\t<\/div>\n\t\t\t\t<\/div>\n\t\t","protected":false},"excerpt":{"rendered":"<p>Portfolio \u0142a\u0144cuch\u00f3w \u015bniegowych\u200b konsumenckie i profesjonalne \u0142a\u0144cuchy \u015bniegowe\u200b K\u00f6nig oferuje wiod\u0105ce na \u015bwiecie \u0142a\u0144cuchy \u015bniegowe podzielone na segmenty konsumenckie i profesjonalne. \u0141a\u0144cuchy \u015bniegowe Consumer Snow Chains s\u0105 zwykle przeznaczone dla os\u00f3b prywatnych je\u017cd\u017c\u0105cych swoimi pojazdami po za\u015bnie\u017conych i oblodzonych drogach w okresie zimowym. Zazwyczaj pojazdami docelowymi Consumer Snow Chains s\u0105 samochody osobowe, crossovery, SUV-y, vany [&hellip;]<\/p>\n","protected":false},"author":3,"featured_media":17452,"parent":0,"menu_order":0,"comment_status":"closed","ping_status":"closed","template":"","meta":{"_acf_changed":false,"footnotes":""},"page-category":[1550],"class_list":["post-17753","page","type-page","status-publish","has-post-thumbnail","hentry","page-category-b2c"],"acf":[],"yoast_head":"<!-- This site is optimized with the Yoast SEO plugin v26.8 - https:\/\/yoast.com\/product\/yoast-seo-wordpress\/ -->\n<title>\u0141a\u0144cuchy \u015bniegowe klasy premium, \u0142atwiejsze w u\u017cyciu, bezpieczniejsze i innowacyjne - K\u00f6nig<\/title>\n<meta name=\"description\" content=\"\u0141a\u0144cuchy \u015bniegowe K\u00f6nig, lider pod wzgl\u0119dem \u0142atwo\u015bci u\u017cytkowania, jako\u015bci i niezawodno\u015bci, s\u0105 dost\u0119pne dla samochod\u00f3w osobowych, SUV-\u00f3w i van\u00f3w, ci\u0119\u017car\u00f3wek, \u0142adowarek ko\u0142owych i ci\u0105gnik\u00f3w.\" \/>\n<meta name=\"robots\" content=\"index, follow, max-snippet:-1, max-image-preview:large, max-video-preview:-1\" \/>\n<link rel=\"canonical\" href=\"https:\/\/www.konigchain.com\/pl\/lancuchy-sniegowe\/\" \/>\n<meta property=\"og:locale\" content=\"pl_PL\" \/>\n<meta property=\"og:type\" content=\"article\" \/>\n<meta property=\"og:title\" content=\"\u0141a\u0144cuchy \u015bniegowe klasy premium, \u0142atwiejsze w u\u017cyciu, bezpieczniejsze i innowacyjne - K\u00f6nig\" \/>\n<meta property=\"og:description\" content=\"\u0141a\u0144cuchy \u015bniegowe K\u00f6nig, lider pod wzgl\u0119dem \u0142atwo\u015bci u\u017cytkowania, jako\u015bci i niezawodno\u015bci, s\u0105 dost\u0119pne dla samochod\u00f3w osobowych, SUV-\u00f3w i van\u00f3w, ci\u0119\u017car\u00f3wek, \u0142adowarek ko\u0142owych i ci\u0105gnik\u00f3w.\" \/>\n<meta property=\"og:url\" content=\"https:\/\/www.konigchain.com\/pl\/lancuchy-sniegowe\/\" \/>\n<meta property=\"og:site_name\" content=\"K\u00f6nig\" \/>\n<meta property=\"article:modified_time\" content=\"2025-05-28T14:02:31+00:00\" \/>\n<meta property=\"og:image\" content=\"https:\/\/www.konigchain.com\/wp-content\/uploads\/2024\/07\/Konig-Reflex-Cross_Audi-Q3-43.jpg\" \/>\n\t<meta property=\"og:image:width\" content=\"2500\" \/>\n\t<meta property=\"og:image:height\" content=\"1454\" \/>\n\t<meta property=\"og:image:type\" content=\"image\/jpeg\" \/>\n<meta name=\"twitter:card\" content=\"summary_large_image\" \/>\n<meta name=\"twitter:label1\" content=\"Szacowany czas czytania\" \/>\n\t<meta name=\"twitter:data1\" content=\"2 minuty\" \/>\n<script type=\"application\/ld+json\" class=\"yoast-schema-graph\">{\"@context\":\"https:\/\/schema.org\",\"@graph\":[{\"@type\":\"WebPage\",\"@id\":\"https:\/\/www.konigchain.com\/pl\/lancuchy-sniegowe\/\",\"url\":\"https:\/\/www.konigchain.com\/pl\/lancuchy-sniegowe\/\",\"name\":\"\u0141a\u0144cuchy \u015bniegowe klasy premium, \u0142atwiejsze w u\u017cyciu, bezpieczniejsze i innowacyjne - K\u00f6nig\",\"isPartOf\":{\"@id\":\"https:\/\/www.konigchain.com\/pl\/#website\"},\"primaryImageOfPage\":{\"@id\":\"https:\/\/www.konigchain.com\/pl\/lancuchy-sniegowe\/#primaryimage\"},\"image\":{\"@id\":\"https:\/\/www.konigchain.com\/pl\/lancuchy-sniegowe\/#primaryimage\"},\"thumbnailUrl\":\"https:\/\/www.konigchain.com\/wp-content\/uploads\/2024\/07\/Konig-Reflex-Cross_Audi-Q3-43.jpg\",\"datePublished\":\"2024-01-08T14:55:46+00:00\",\"dateModified\":\"2025-05-28T14:02:31+00:00\",\"description\":\"\u0141a\u0144cuchy \u015bniegowe K\u00f6nig, lider pod wzgl\u0119dem \u0142atwo\u015bci u\u017cytkowania, jako\u015bci i niezawodno\u015bci, s\u0105 dost\u0119pne dla samochod\u00f3w osobowych, SUV-\u00f3w i van\u00f3w, ci\u0119\u017car\u00f3wek, \u0142adowarek ko\u0142owych i ci\u0105gnik\u00f3w.\",\"breadcrumb\":{\"@id\":\"https:\/\/www.konigchain.com\/pl\/lancuchy-sniegowe\/#breadcrumb\"},\"inLanguage\":\"pl-PL\",\"potentialAction\":[{\"@type\":\"ReadAction\",\"target\":[\"https:\/\/www.konigchain.com\/pl\/lancuchy-sniegowe\/\"]}]},{\"@type\":\"ImageObject\",\"inLanguage\":\"pl-PL\",\"@id\":\"https:\/\/www.konigchain.com\/pl\/lancuchy-sniegowe\/#primaryimage\",\"url\":\"https:\/\/www.konigchain.com\/wp-content\/uploads\/2024\/07\/Konig-Reflex-Cross_Audi-Q3-43.jpg\",\"contentUrl\":\"https:\/\/www.konigchain.com\/wp-content\/uploads\/2024\/07\/Konig-Reflex-Cross_Audi-Q3-43.jpg\",\"width\":2500,\"height\":1454},{\"@type\":\"BreadcrumbList\",\"@id\":\"https:\/\/www.konigchain.com\/pl\/lancuchy-sniegowe\/#breadcrumb\",\"itemListElement\":[{\"@type\":\"ListItem\",\"position\":1,\"name\":\"Home\",\"item\":\"https:\/\/www.konigchain.com\/pl\/\"},{\"@type\":\"ListItem\",\"position\":2,\"name\":\"\u0141a\u0144cuchy \u015bniegowe\"}]},{\"@type\":\"WebSite\",\"@id\":\"https:\/\/www.konigchain.com\/pl\/#website\",\"url\":\"https:\/\/www.konigchain.com\/pl\/\",\"name\":\"K\u00f6nig\",\"description\":\"\",\"publisher\":{\"@id\":\"https:\/\/www.konigchain.com\/pl\/#organization\"},\"potentialAction\":[{\"@type\":\"SearchAction\",\"target\":{\"@type\":\"EntryPoint\",\"urlTemplate\":\"https:\/\/www.konigchain.com\/pl\/?s={search_term_string}\"},\"query-input\":{\"@type\":\"PropertyValueSpecification\",\"valueRequired\":true,\"valueName\":\"search_term_string\"}}],\"inLanguage\":\"pl-PL\"},{\"@type\":\"Organization\",\"@id\":\"https:\/\/www.konigchain.com\/pl\/#organization\",\"name\":\"K\u00f6nig\",\"url\":\"https:\/\/www.konigchain.com\/pl\/\",\"logo\":{\"@type\":\"ImageObject\",\"inLanguage\":\"pl-PL\",\"@id\":\"https:\/\/www.konigchain.com\/pl\/#\/schema\/logo\/image\/\",\"url\":\"https:\/\/www.konigchain.com\/wp-content\/uploads\/2023\/12\/logo-Konig-2016-BG.png\",\"contentUrl\":\"https:\/\/www.konigchain.com\/wp-content\/uploads\/2023\/12\/logo-Konig-2016-BG.png\",\"width\":3508,\"height\":2480,\"caption\":\"K\u00f6nig\"},\"image\":{\"@id\":\"https:\/\/www.konigchain.com\/pl\/#\/schema\/logo\/image\/\"}}]}<\/script>\n<!-- \/ Yoast SEO plugin. -->","yoast_head_json":{"title":"\u0141a\u0144cuchy \u015bniegowe klasy premium, \u0142atwiejsze w u\u017cyciu, bezpieczniejsze i innowacyjne - K\u00f6nig","description":"\u0141a\u0144cuchy \u015bniegowe K\u00f6nig, lider pod wzgl\u0119dem \u0142atwo\u015bci u\u017cytkowania, jako\u015bci i niezawodno\u015bci, s\u0105 dost\u0119pne dla samochod\u00f3w osobowych, SUV-\u00f3w i van\u00f3w, ci\u0119\u017car\u00f3wek, \u0142adowarek ko\u0142owych i ci\u0105gnik\u00f3w.","robots":{"index":"index","follow":"follow","max-snippet":"max-snippet:-1","max-image-preview":"max-image-preview:large","max-video-preview":"max-video-preview:-1"},"canonical":"https:\/\/www.konigchain.com\/pl\/lancuchy-sniegowe\/","og_locale":"pl_PL","og_type":"article","og_title":"\u0141a\u0144cuchy \u015bniegowe klasy premium, \u0142atwiejsze w u\u017cyciu, bezpieczniejsze i innowacyjne - K\u00f6nig","og_description":"\u0141a\u0144cuchy \u015bniegowe K\u00f6nig, lider pod wzgl\u0119dem \u0142atwo\u015bci u\u017cytkowania, jako\u015bci i niezawodno\u015bci, s\u0105 dost\u0119pne dla samochod\u00f3w osobowych, SUV-\u00f3w i van\u00f3w, ci\u0119\u017car\u00f3wek, \u0142adowarek ko\u0142owych i ci\u0105gnik\u00f3w.","og_url":"https:\/\/www.konigchain.com\/pl\/lancuchy-sniegowe\/","og_site_name":"K\u00f6nig","article_modified_time":"2025-05-28T14:02:31+00:00","og_image":[{"width":2500,"height":1454,"url":"https:\/\/www.konigchain.com\/wp-content\/uploads\/2024\/07\/Konig-Reflex-Cross_Audi-Q3-43.jpg","type":"image\/jpeg"}],"twitter_card":"summary_large_image","twitter_misc":{"Szacowany czas czytania":"2 minuty"},"schema":{"@context":"https:\/\/schema.org","@graph":[{"@type":"WebPage","@id":"https:\/\/www.konigchain.com\/pl\/lancuchy-sniegowe\/","url":"https:\/\/www.konigchain.com\/pl\/lancuchy-sniegowe\/","name":"\u0141a\u0144cuchy \u015bniegowe klasy premium, \u0142atwiejsze w u\u017cyciu, bezpieczniejsze i innowacyjne - K\u00f6nig","isPartOf":{"@id":"https:\/\/www.konigchain.com\/pl\/#website"},"primaryImageOfPage":{"@id":"https:\/\/www.konigchain.com\/pl\/lancuchy-sniegowe\/#primaryimage"},"image":{"@id":"https:\/\/www.konigchain.com\/pl\/lancuchy-sniegowe\/#primaryimage"},"thumbnailUrl":"https:\/\/www.konigchain.com\/wp-content\/uploads\/2024\/07\/Konig-Reflex-Cross_Audi-Q3-43.jpg","datePublished":"2024-01-08T14:55:46+00:00","dateModified":"2025-05-28T14:02:31+00:00","description":"\u0141a\u0144cuchy \u015bniegowe K\u00f6nig, lider pod wzgl\u0119dem \u0142atwo\u015bci u\u017cytkowania, jako\u015bci i niezawodno\u015bci, s\u0105 dost\u0119pne dla samochod\u00f3w osobowych, SUV-\u00f3w i van\u00f3w, ci\u0119\u017car\u00f3wek, \u0142adowarek ko\u0142owych i ci\u0105gnik\u00f3w.","breadcrumb":{"@id":"https:\/\/www.konigchain.com\/pl\/lancuchy-sniegowe\/#breadcrumb"},"inLanguage":"pl-PL","potentialAction":[{"@type":"ReadAction","target":["https:\/\/www.konigchain.com\/pl\/lancuchy-sniegowe\/"]}]},{"@type":"ImageObject","inLanguage":"pl-PL","@id":"https:\/\/www.konigchain.com\/pl\/lancuchy-sniegowe\/#primaryimage","url":"https:\/\/www.konigchain.com\/wp-content\/uploads\/2024\/07\/Konig-Reflex-Cross_Audi-Q3-43.jpg","contentUrl":"https:\/\/www.konigchain.com\/wp-content\/uploads\/2024\/07\/Konig-Reflex-Cross_Audi-Q3-43.jpg","width":2500,"height":1454},{"@type":"BreadcrumbList","@id":"https:\/\/www.konigchain.com\/pl\/lancuchy-sniegowe\/#breadcrumb","itemListElement":[{"@type":"ListItem","position":1,"name":"Home","item":"https:\/\/www.konigchain.com\/pl\/"},{"@type":"ListItem","position":2,"name":"\u0141a\u0144cuchy \u015bniegowe"}]},{"@type":"WebSite","@id":"https:\/\/www.konigchain.com\/pl\/#website","url":"https:\/\/www.konigchain.com\/pl\/","name":"K\u00f6nig","description":"","publisher":{"@id":"https:\/\/www.konigchain.com\/pl\/#organization"},"potentialAction":[{"@type":"SearchAction","target":{"@type":"EntryPoint","urlTemplate":"https:\/\/www.konigchain.com\/pl\/?s={search_term_string}"},"query-input":{"@type":"PropertyValueSpecification","valueRequired":true,"valueName":"search_term_string"}}],"inLanguage":"pl-PL"},{"@type":"Organization","@id":"https:\/\/www.konigchain.com\/pl\/#organization","name":"K\u00f6nig","url":"https:\/\/www.konigchain.com\/pl\/","logo":{"@type":"ImageObject","inLanguage":"pl-PL","@id":"https:\/\/www.konigchain.com\/pl\/#\/schema\/logo\/image\/","url":"https:\/\/www.konigchain.com\/wp-content\/uploads\/2023\/12\/logo-Konig-2016-BG.png","contentUrl":"https:\/\/www.konigchain.com\/wp-content\/uploads\/2023\/12\/logo-Konig-2016-BG.png","width":3508,"height":2480,"caption":"K\u00f6nig"},"image":{"@id":"https:\/\/www.konigchain.com\/pl\/#\/schema\/logo\/image\/"}}]}},"_links":{"self":[{"href":"https:\/\/www.konigchain.com\/pl\/wp-json\/wp\/v2\/pages\/17753","targetHints":{"allow":["GET"]}}],"collection":[{"href":"https:\/\/www.konigchain.com\/pl\/wp-json\/wp\/v2\/pages"}],"about":[{"href":"https:\/\/www.konigchain.com\/pl\/wp-json\/wp\/v2\/types\/page"}],"author":[{"embeddable":true,"href":"https:\/\/www.konigchain.com\/pl\/wp-json\/wp\/v2\/users\/3"}],"replies":[{"embeddable":true,"href":"https:\/\/www.konigchain.com\/pl\/wp-json\/wp\/v2\/comments?post=17753"}],"version-history":[{"count":5,"href":"https:\/\/www.konigchain.com\/pl\/wp-json\/wp\/v2\/pages\/17753\/revisions"}],"predecessor-version":[{"id":51594,"href":"https:\/\/www.konigchain.com\/pl\/wp-json\/wp\/v2\/pages\/17753\/revisions\/51594"}],"wp:featuredmedia":[{"embeddable":true,"href":"https:\/\/www.konigchain.com\/pl\/wp-json\/wp\/v2\/media\/17452"}],"wp:attachment":[{"href":"https:\/\/www.konigchain.com\/pl\/wp-json\/wp\/v2\/media?parent=17753"}],"wp:term":[{"taxonomy":"page-category","embeddable":true,"href":"https:\/\/www.konigchain.com\/pl\/wp-json\/wp\/v2\/page-category?post=17753"}],"curies":[{"name":"wp","href":"https:\/\/api.w.org\/{rel}","templated":true}]}}