{"id":18038,"date":"2024-04-30T07:54:15","date_gmt":"2024-04-30T05:54:15","guid":{"rendered":"https:\/\/wp1.konigchain.com\/snow-chains-technology\/"},"modified":"2025-08-27T14:58:27","modified_gmt":"2025-08-27T12:58:27","slug":"technologia-lancuchow-sniegowych","status":"publish","type":"page","link":"https:\/\/www.konigchain.com\/pl\/technologia-lancuchow-sniegowych\/","title":{"rendered":"Technologia \u0142a\u0144cuch\u00f3w \u015bniegowych"},"content":{"rendered":"\t\t<div data-elementor-type=\"wp-page\" data-elementor-id=\"18038\" class=\"elementor elementor-18038 elementor-3553\" data-elementor-post-type=\"page\">\n\t\t\t\t<div class=\"elementor-element elementor-element-b90b74b e-con-full e-flex e-con e-parent\" data-id=\"b90b74b\" data-element_type=\"container\" data-settings=\"{&quot;background_background&quot;:&quot;classic&quot;,&quot;background_motion_fx_motion_fx_scrolling&quot;:&quot;yes&quot;,&quot;background_motion_fx_devices&quot;:[&quot;desktop&quot;,&quot;tablet_extra&quot;,&quot;tablet&quot;,&quot;mobile&quot;]}\">\n\t\t<div class=\"elementor-element elementor-element-8ac1b25 e-con-full e-flex e-con e-child\" data-id=\"8ac1b25\" data-element_type=\"container\" data-settings=\"{&quot;background_background&quot;:&quot;classic&quot;,&quot;background_motion_fx_motion_fx_scrolling&quot;:&quot;yes&quot;,&quot;background_motion_fx_translateY_effect&quot;:&quot;yes&quot;,&quot;background_motion_fx_translateY_speed&quot;:{&quot;unit&quot;:&quot;px&quot;,&quot;size&quot;:4,&quot;sizes&quot;:[]},&quot;background_motion_fx_translateY_affectedRange&quot;:{&quot;unit&quot;:&quot;%&quot;,&quot;size&quot;:&quot;&quot;,&quot;sizes&quot;:{&quot;start&quot;:0,&quot;end&quot;:100}},&quot;background_motion_fx_devices&quot;:[&quot;desktop&quot;,&quot;tablet_extra&quot;,&quot;tablet&quot;,&quot;mobile&quot;]}\">\n\t\t\t\t<div class=\"elementor-element elementor-element-b3e1ff0 elementor-widget elementor-widget-heading\" data-id=\"b3e1ff0\" data-element_type=\"widget\" data-widget_type=\"heading.default\">\n\t\t\t\t\t<h1 class=\"elementor-heading-title elementor-size-default\">Technologia \u0142a\u0144cuch\u00f3w \u015bniegowych<\/h1>\t\t\t\t<\/div>\n\t\t\t\t<div class=\"elementor-element elementor-element-36a4d81 elementor-widget__width-initial elementor-widget elementor-widget-heading\" data-id=\"36a4d81\" data-element_type=\"widget\" data-widget_type=\"heading.default\">\n\t\t\t\t\t<h2 class=\"elementor-heading-title elementor-size-default\">Unikalne rozwi\u0105zania, kt\u00f3re sprawiaj\u0105, \u017ce nasze produkty s\u0105 wyj\u0105tkowe\n\n<\/h2>\t\t\t\t<\/div>\n\t\t\t\t<\/div>\n\t\t\t\t<div class=\"elementor-element elementor-element-3e003b7 elementor-view-stacked elementor-shape-square elementor-invisible elementor-widget elementor-widget-icon\" data-id=\"3e003b7\" data-element_type=\"widget\" data-settings=\"{&quot;motion_fx_motion_fx_scrolling&quot;:&quot;yes&quot;,&quot;_animation&quot;:&quot;bounceIn&quot;,&quot;motion_fx_devices&quot;:[&quot;desktop&quot;,&quot;tablet&quot;],&quot;_animation_delay&quot;:10}\" data-widget_type=\"icon.default\">\n\t\t\t\t\t\t\t<div class=\"elementor-icon-wrapper\">\n\t\t\t<a class=\"elementor-icon\" href=\"#scroll-down\">\n\t\t\t<svg aria-hidden=\"true\" class=\"e-font-icon-svg e-fas-arrow-down\" viewBox=\"0 0 448 512\" xmlns=\"http:\/\/www.w3.org\/2000\/svg\"><path d=\"M413.1 222.5l22.2 22.2c9.4 9.4 9.4 24.6 0 33.9L241 473c-9.4 9.4-24.6 9.4-33.9 0L12.7 278.6c-9.4-9.4-9.4-24.6 0-33.9l22.2-22.2c9.5-9.5 25-9.3 34.3.4L184 343.4V56c0-13.3 10.7-24 24-24h32c13.3 0 24 10.7 24 24v287.4l114.8-120.5c9.3-9.8 24.8-10 34.3-.4z\"><\/path><\/svg>\t\t\t<\/a>\n\t\t<\/div>\n\t\t\t\t\t\t<\/div>\n\t\t\t\t<div class=\"elementor-element elementor-element-3599ba7 elementor-widget elementor-widget-menu-anchor\" data-id=\"3599ba7\" data-element_type=\"widget\" data-widget_type=\"menu-anchor.default\">\n\t\t\t\t\t\t\t<div class=\"elementor-menu-anchor\" id=\"scroll-down\"><\/div>\n\t\t\t\t\t\t<\/div>\n\t\t\t\t<\/div>\n\t\t<div class=\"elementor-element elementor-element-47f5e84f e-con-full e-flex e-con e-parent\" data-id=\"47f5e84f\" data-element_type=\"container\" data-settings=\"{&quot;background_background&quot;:&quot;classic&quot;}\">\n\t\t<div class=\"elementor-element elementor-element-d379814 e-flex e-con-boxed e-con e-child\" data-id=\"d379814\" data-element_type=\"container\">\n\t\t\t\t\t<div class=\"e-con-inner\">\n\t\t\t\t<div class=\"elementor-element elementor-element-2cc5a6ba elementor-widget elementor-widget-text-editor\" data-id=\"2cc5a6ba\" data-element_type=\"widget\" data-widget_type=\"text-editor.default\">\n\t\t\t\t\t\t\t\t\t<p>Po ponad 50 latach projektowania i rozwoju \u0142a\u0144cuch\u00f3w \u015bniegowych, K\u00f6nig posiada szerok\u0105 gam\u0119 zastrze\u017conych technologii, kt\u00f3re s\u0105 wdra\u017cane w r\u00f3\u017cnych segmentach i kategoriach produkt\u00f3w<\/p>\t\t\t\t\t\t\t\t<\/div>\n\t\t\t\t\t<\/div>\n\t\t\t\t<\/div>\n\t\t\t\t<\/div>\n\t\t<div class=\"elementor-element elementor-element-71f5dea0 e-con-full e-flex e-con e-parent\" data-id=\"71f5dea0\" data-element_type=\"container\" data-settings=\"{&quot;background_background&quot;:&quot;classic&quot;}\">\n\t\t<div class=\"elementor-element elementor-element-4a4dacc5 e-con-full e-flex e-con e-child\" data-id=\"4a4dacc5\" data-element_type=\"container\" data-settings=\"{&quot;background_background&quot;:&quot;classic&quot;}\">\n\t\t\t\t<\/div>\n\t\t<div class=\"elementor-element elementor-element-d1aa0e4 e-con-full e-flex e-con e-child\" data-id=\"d1aa0e4\" data-element_type=\"container\">\n\t\t\t\t<div class=\"elementor-element elementor-element-6569c55e elementor-widget-divider--view-line elementor-widget elementor-widget-divider\" data-id=\"6569c55e\" data-element_type=\"widget\" data-widget_type=\"divider.default\">\n\t\t\t\t\t\t\t<div class=\"elementor-divider\">\n\t\t\t<span class=\"elementor-divider-separator\">\n\t\t\t\t\t\t<\/span>\n\t\t<\/div>\n\t\t\t\t\t\t<\/div>\n\t\t\t\t<div class=\"elementor-element elementor-element-1b71cd3c elementor-widget elementor-widget-heading\" data-id=\"1b71cd3c\" data-element_type=\"widget\" data-widget_type=\"heading.default\">\n\t\t\t\t\t<h2 class=\"elementor-heading-title elementor-size-default\">Technologia \u0142a\u0144cuch\u00f3w \u015bniegowych dla konsument\u00f3w<\/h2>\t\t\t\t<\/div>\n\t\t\t\t<div class=\"elementor-element elementor-element-303f4c83 elementor-widget elementor-widget-text-editor\" data-id=\"303f4c83\" data-element_type=\"widget\" data-widget_type=\"text-editor.default\">\n\t\t\t\t\t\t\t\t\t<p style=\"text-align: center;\">Nasze konsumenckie technologie \u0142a\u0144cuch\u00f3w \u015bniegowych maj\u0105 na celu uczynienie \u0142a\u0144cuch\u00f3w \u015bniegowych do samochod\u00f3w osobowych, crossover\u00f3w, SUV-\u00f3w i van\u00f3w bezpieczniejszymi, bardziej niezawodnymi i \u0142atwiejszymi w u\u017cyciu, zw\u0142aszcza dla os\u00f3b, kt\u00f3re z definicji nie s\u0105 ekspertami w dziedzinie \u0142a\u0144cuch\u00f3w \u015bniegowych.<\/p>\t\t\t\t\t\t\t\t<\/div>\n\t\t\t\t<div class=\"elementor-element elementor-element-a661f61 elementor-align-center elementor-widget elementor-widget-button\" data-id=\"a661f61\" data-element_type=\"widget\" data-widget_type=\"button.default\">\n\t\t\t\t\t\t\t\t\t\t<a class=\"elementor-button elementor-button-link elementor-size-sm\" href=\"https:\/\/www.konigchain.com\/pl\/technologia-lancuchow-sniegowych-dla-konsumentow\/\">\n\t\t\t\t\t\t<span class=\"elementor-button-content-wrapper\">\n\t\t\t\t\t\t\t\t\t<span class=\"elementor-button-text\">Eksploruj<\/span>\n\t\t\t\t\t<\/span>\n\t\t\t\t\t<\/a>\n\t\t\t\t\t\t\t\t<\/div>\n\t\t\t\t<\/div>\n\t\t\t\t<\/div>\n\t\t<div class=\"elementor-element elementor-element-81419e8 e-con-full e-flex e-con e-parent\" data-id=\"81419e8\" data-element_type=\"container\" data-settings=\"{&quot;background_background&quot;:&quot;classic&quot;}\">\n\t\t<div class=\"elementor-element elementor-element-217ac2c e-con-full e-flex e-con e-child\" data-id=\"217ac2c\" data-element_type=\"container\">\n\t\t\t\t<div class=\"elementor-element elementor-element-1f7ebb5 elementor-widget-divider--view-line elementor-widget elementor-widget-divider\" data-id=\"1f7ebb5\" data-element_type=\"widget\" data-widget_type=\"divider.default\">\n\t\t\t\t\t\t\t<div class=\"elementor-divider\">\n\t\t\t<span class=\"elementor-divider-separator\">\n\t\t\t\t\t\t<\/span>\n\t\t<\/div>\n\t\t\t\t\t\t<\/div>\n\t\t\t\t<div class=\"elementor-element elementor-element-7e85268 elementor-widget elementor-widget-heading\" data-id=\"7e85268\" data-element_type=\"widget\" data-widget_type=\"heading.default\">\n\t\t\t\t\t<h2 class=\"elementor-heading-title elementor-size-default\">Profesjonalna technologia \u0142a\u0144cuch\u00f3w \u015bniegowych<\/h2>\t\t\t\t<\/div>\n\t\t\t\t<div class=\"elementor-element elementor-element-c4f6fd4 elementor-widget elementor-widget-text-editor\" data-id=\"c4f6fd4\" data-element_type=\"widget\" data-widget_type=\"text-editor.default\">\n\t\t\t\t\t\t\t\t\t<p style=\"text-align: center;\">Profesjonalne technologie \u0142a\u0144cuch\u00f3w \u015bniegowych maj\u0105 na celu uczynienie profesjonalnych \u0142a\u0144cuch\u00f3w \u015bniegowych bardziej niezawodnymi, odpornymi i trwa\u0142ymi<\/p>\t\t\t\t\t\t\t\t<\/div>\n\t\t\t\t<div class=\"elementor-element elementor-element-40c939f elementor-align-center elementor-widget elementor-widget-button\" data-id=\"40c939f\" data-element_type=\"widget\" data-widget_type=\"button.default\">\n\t\t\t\t\t\t\t\t\t\t<a class=\"elementor-button elementor-button-link elementor-size-sm\" href=\"https:\/\/www.konigchain.com\/pl\/profesjonalna-technologia-lancuchow-sniegowych\/\">\n\t\t\t\t\t\t<span class=\"elementor-button-content-wrapper\">\n\t\t\t\t\t\t\t\t\t<span class=\"elementor-button-text\">Eksploruj<\/span>\n\t\t\t\t\t<\/span>\n\t\t\t\t\t<\/a>\n\t\t\t\t\t\t\t\t<\/div>\n\t\t\t\t<\/div>\n\t\t<div class=\"elementor-element elementor-element-f5e422e e-con-full e-flex e-con e-child\" data-id=\"f5e422e\" data-element_type=\"container\" data-settings=\"{&quot;background_background&quot;:&quot;classic&quot;}\">\n\t\t\t\t<\/div>\n\t\t\t\t<\/div>\n\t\t\t\t<\/div>\n\t\t","protected":false},"excerpt":{"rendered":"<p>Technologia \u0142a\u0144cuch\u00f3w \u015bniegowych Unikalne rozwi\u0105zania, kt\u00f3re sprawiaj\u0105, \u017ce nasze produkty s\u0105 wyj\u0105tkowe Po ponad 50 latach projektowania i rozwoju \u0142a\u0144cuch\u00f3w \u015bniegowych, K\u00f6nig posiada szerok\u0105 gam\u0119 zastrze\u017conych technologii, kt\u00f3re s\u0105 wdra\u017cane w r\u00f3\u017cnych segmentach i kategoriach produkt\u00f3w Technologia \u0142a\u0144cuch\u00f3w \u015bniegowych dla konsument\u00f3w Nasze konsumenckie technologie \u0142a\u0144cuch\u00f3w \u015bniegowych maj\u0105 na celu uczynienie \u0142a\u0144cuch\u00f3w \u015bniegowych do samochod\u00f3w osobowych, [&hellip;]<\/p>\n","protected":false},"author":3,"featured_media":12926,"parent":0,"menu_order":0,"comment_status":"closed","ping_status":"closed","template":"","meta":{"_acf_changed":false,"footnotes":""},"page-category":[1550],"class_list":["post-18038","page","type-page","status-publish","has-post-thumbnail","hentry","page-category-b2c"],"acf":[],"yoast_head":"<!-- This site is optimized with the Yoast SEO plugin v26.8 - https:\/\/yoast.com\/product\/yoast-seo-wordpress\/ -->\n<title>Technologia \u0142a\u0144cuch\u00f3w \u015bniegowych K\u00f6nig dla \u0142atwiejszej obs\u0142ugi i wi\u0119kszej niezawodno\u015bci<\/title>\n<meta name=\"description\" content=\"K\u00f6nig wykorzystuje najnowocze\u015bniejsze technologie, dzi\u0119ki kt\u00f3rym \u0142a\u0144cuchy \u015bniegowe s\u0105 \u0142atwiejsze i szybsze w monta\u017cu, zachowuj\u0105c jednocze\u015bnie przyczepno\u015b\u0107 i niezawodno\u015b\u0107 na za\u015bnie\u017conych i oblodzonych drogach.\" \/>\n<meta name=\"robots\" content=\"index, follow, max-snippet:-1, max-image-preview:large, max-video-preview:-1\" \/>\n<link rel=\"canonical\" href=\"https:\/\/www.konigchain.com\/pl\/technologia-lancuchow-sniegowych\/\" \/>\n<meta property=\"og:locale\" content=\"pl_PL\" \/>\n<meta property=\"og:type\" content=\"article\" \/>\n<meta property=\"og:title\" content=\"Technologia \u0142a\u0144cuch\u00f3w \u015bniegowych K\u00f6nig dla \u0142atwiejszej obs\u0142ugi i wi\u0119kszej niezawodno\u015bci\" \/>\n<meta property=\"og:description\" content=\"K\u00f6nig wykorzystuje najnowocze\u015bniejsze technologie, dzi\u0119ki kt\u00f3rym \u0142a\u0144cuchy \u015bniegowe s\u0105 \u0142atwiejsze i szybsze w monta\u017cu, zachowuj\u0105c jednocze\u015bnie przyczepno\u015b\u0107 i niezawodno\u015b\u0107 na za\u015bnie\u017conych i oblodzonych drogach.\" \/>\n<meta property=\"og:url\" content=\"https:\/\/www.konigchain.com\/pl\/technologia-lancuchow-sniegowych\/\" \/>\n<meta property=\"og:site_name\" content=\"K\u00f6nig\" \/>\n<meta property=\"article:modified_time\" content=\"2025-08-27T12:58:27+00:00\" \/>\n<meta property=\"og:image\" content=\"https:\/\/www.konigchain.com\/wp-content\/uploads\/2024\/01\/Konig-Reflex-Edge_Golf_5-1-scaled.jpg\" \/>\n\t<meta property=\"og:image:width\" content=\"2560\" \/>\n\t<meta property=\"og:image:height\" content=\"1707\" \/>\n\t<meta property=\"og:image:type\" content=\"image\/webp\" \/>\n<meta name=\"twitter:card\" content=\"summary_large_image\" \/>\n<meta name=\"twitter:label1\" content=\"Szacowany czas czytania\" \/>\n\t<meta name=\"twitter:data1\" content=\"1 minuta\" \/>\n<script type=\"application\/ld+json\" class=\"yoast-schema-graph\">{\"@context\":\"https:\/\/schema.org\",\"@graph\":[{\"@type\":\"WebPage\",\"@id\":\"https:\/\/www.konigchain.com\/pl\/technologia-lancuchow-sniegowych\/\",\"url\":\"https:\/\/www.konigchain.com\/pl\/technologia-lancuchow-sniegowych\/\",\"name\":\"Technologia \u0142a\u0144cuch\u00f3w \u015bniegowych K\u00f6nig dla \u0142atwiejszej obs\u0142ugi i wi\u0119kszej niezawodno\u015bci\",\"isPartOf\":{\"@id\":\"https:\/\/www.konigchain.com\/pl\/#website\"},\"primaryImageOfPage\":{\"@id\":\"https:\/\/www.konigchain.com\/pl\/technologia-lancuchow-sniegowych\/#primaryimage\"},\"image\":{\"@id\":\"https:\/\/www.konigchain.com\/pl\/technologia-lancuchow-sniegowych\/#primaryimage\"},\"thumbnailUrl\":\"https:\/\/www.konigchain.com\/wp-content\/uploads\/2024\/01\/Konig-Reflex-Edge_Golf_5-1-scaled.jpg\",\"datePublished\":\"2024-04-30T05:54:15+00:00\",\"dateModified\":\"2025-08-27T12:58:27+00:00\",\"description\":\"K\u00f6nig wykorzystuje najnowocze\u015bniejsze technologie, dzi\u0119ki kt\u00f3rym \u0142a\u0144cuchy \u015bniegowe s\u0105 \u0142atwiejsze i szybsze w monta\u017cu, zachowuj\u0105c jednocze\u015bnie przyczepno\u015b\u0107 i niezawodno\u015b\u0107 na za\u015bnie\u017conych i oblodzonych drogach.\",\"breadcrumb\":{\"@id\":\"https:\/\/www.konigchain.com\/pl\/technologia-lancuchow-sniegowych\/#breadcrumb\"},\"inLanguage\":\"pl-PL\",\"potentialAction\":[{\"@type\":\"ReadAction\",\"target\":[\"https:\/\/www.konigchain.com\/pl\/technologia-lancuchow-sniegowych\/\"]}]},{\"@type\":\"ImageObject\",\"inLanguage\":\"pl-PL\",\"@id\":\"https:\/\/www.konigchain.com\/pl\/technologia-lancuchow-sniegowych\/#primaryimage\",\"url\":\"https:\/\/www.konigchain.com\/wp-content\/uploads\/2024\/01\/Konig-Reflex-Edge_Golf_5-1-scaled.jpg\",\"contentUrl\":\"https:\/\/www.konigchain.com\/wp-content\/uploads\/2024\/01\/Konig-Reflex-Edge_Golf_5-1-scaled.jpg\",\"width\":2560,\"height\":1707},{\"@type\":\"BreadcrumbList\",\"@id\":\"https:\/\/www.konigchain.com\/pl\/technologia-lancuchow-sniegowych\/#breadcrumb\",\"itemListElement\":[{\"@type\":\"ListItem\",\"position\":1,\"name\":\"Home\",\"item\":\"https:\/\/www.konigchain.com\/pl\/\"},{\"@type\":\"ListItem\",\"position\":2,\"name\":\"Technologia \u0142a\u0144cuch\u00f3w \u015bniegowych\"}]},{\"@type\":\"WebSite\",\"@id\":\"https:\/\/www.konigchain.com\/pl\/#website\",\"url\":\"https:\/\/www.konigchain.com\/pl\/\",\"name\":\"K\u00f6nig\",\"description\":\"\",\"publisher\":{\"@id\":\"https:\/\/www.konigchain.com\/pl\/#organization\"},\"potentialAction\":[{\"@type\":\"SearchAction\",\"target\":{\"@type\":\"EntryPoint\",\"urlTemplate\":\"https:\/\/www.konigchain.com\/pl\/?s={search_term_string}\"},\"query-input\":{\"@type\":\"PropertyValueSpecification\",\"valueRequired\":true,\"valueName\":\"search_term_string\"}}],\"inLanguage\":\"pl-PL\"},{\"@type\":\"Organization\",\"@id\":\"https:\/\/www.konigchain.com\/pl\/#organization\",\"name\":\"K\u00f6nig\",\"url\":\"https:\/\/www.konigchain.com\/pl\/\",\"logo\":{\"@type\":\"ImageObject\",\"inLanguage\":\"pl-PL\",\"@id\":\"https:\/\/www.konigchain.com\/pl\/#\/schema\/logo\/image\/\",\"url\":\"https:\/\/www.konigchain.com\/wp-content\/uploads\/2023\/12\/logo-Konig-2016-BG.png\",\"contentUrl\":\"https:\/\/www.konigchain.com\/wp-content\/uploads\/2023\/12\/logo-Konig-2016-BG.png\",\"width\":3508,\"height\":2480,\"caption\":\"K\u00f6nig\"},\"image\":{\"@id\":\"https:\/\/www.konigchain.com\/pl\/#\/schema\/logo\/image\/\"}}]}<\/script>\n<!-- \/ Yoast SEO plugin. -->","yoast_head_json":{"title":"Technologia \u0142a\u0144cuch\u00f3w \u015bniegowych K\u00f6nig dla \u0142atwiejszej obs\u0142ugi i wi\u0119kszej niezawodno\u015bci","description":"K\u00f6nig wykorzystuje najnowocze\u015bniejsze technologie, dzi\u0119ki kt\u00f3rym \u0142a\u0144cuchy \u015bniegowe s\u0105 \u0142atwiejsze i szybsze w monta\u017cu, zachowuj\u0105c jednocze\u015bnie przyczepno\u015b\u0107 i niezawodno\u015b\u0107 na za\u015bnie\u017conych i oblodzonych drogach.","robots":{"index":"index","follow":"follow","max-snippet":"max-snippet:-1","max-image-preview":"max-image-preview:large","max-video-preview":"max-video-preview:-1"},"canonical":"https:\/\/www.konigchain.com\/pl\/technologia-lancuchow-sniegowych\/","og_locale":"pl_PL","og_type":"article","og_title":"Technologia \u0142a\u0144cuch\u00f3w \u015bniegowych K\u00f6nig dla \u0142atwiejszej obs\u0142ugi i wi\u0119kszej niezawodno\u015bci","og_description":"K\u00f6nig wykorzystuje najnowocze\u015bniejsze technologie, dzi\u0119ki kt\u00f3rym \u0142a\u0144cuchy \u015bniegowe s\u0105 \u0142atwiejsze i szybsze w monta\u017cu, zachowuj\u0105c jednocze\u015bnie przyczepno\u015b\u0107 i niezawodno\u015b\u0107 na za\u015bnie\u017conych i oblodzonych drogach.","og_url":"https:\/\/www.konigchain.com\/pl\/technologia-lancuchow-sniegowych\/","og_site_name":"K\u00f6nig","article_modified_time":"2025-08-27T12:58:27+00:00","og_image":[{"width":2560,"height":1707,"url":"https:\/\/www.konigchain.com\/wp-content\/uploads\/2024\/01\/Konig-Reflex-Edge_Golf_5-1-scaled.jpg","type":"image\/webp"}],"twitter_card":"summary_large_image","twitter_misc":{"Szacowany czas czytania":"1 minuta"},"schema":{"@context":"https:\/\/schema.org","@graph":[{"@type":"WebPage","@id":"https:\/\/www.konigchain.com\/pl\/technologia-lancuchow-sniegowych\/","url":"https:\/\/www.konigchain.com\/pl\/technologia-lancuchow-sniegowych\/","name":"Technologia \u0142a\u0144cuch\u00f3w \u015bniegowych K\u00f6nig dla \u0142atwiejszej obs\u0142ugi i wi\u0119kszej niezawodno\u015bci","isPartOf":{"@id":"https:\/\/www.konigchain.com\/pl\/#website"},"primaryImageOfPage":{"@id":"https:\/\/www.konigchain.com\/pl\/technologia-lancuchow-sniegowych\/#primaryimage"},"image":{"@id":"https:\/\/www.konigchain.com\/pl\/technologia-lancuchow-sniegowych\/#primaryimage"},"thumbnailUrl":"https:\/\/www.konigchain.com\/wp-content\/uploads\/2024\/01\/Konig-Reflex-Edge_Golf_5-1-scaled.jpg","datePublished":"2024-04-30T05:54:15+00:00","dateModified":"2025-08-27T12:58:27+00:00","description":"K\u00f6nig wykorzystuje najnowocze\u015bniejsze technologie, dzi\u0119ki kt\u00f3rym \u0142a\u0144cuchy \u015bniegowe s\u0105 \u0142atwiejsze i szybsze w monta\u017cu, zachowuj\u0105c jednocze\u015bnie przyczepno\u015b\u0107 i niezawodno\u015b\u0107 na za\u015bnie\u017conych i oblodzonych drogach.","breadcrumb":{"@id":"https:\/\/www.konigchain.com\/pl\/technologia-lancuchow-sniegowych\/#breadcrumb"},"inLanguage":"pl-PL","potentialAction":[{"@type":"ReadAction","target":["https:\/\/www.konigchain.com\/pl\/technologia-lancuchow-sniegowych\/"]}]},{"@type":"ImageObject","inLanguage":"pl-PL","@id":"https:\/\/www.konigchain.com\/pl\/technologia-lancuchow-sniegowych\/#primaryimage","url":"https:\/\/www.konigchain.com\/wp-content\/uploads\/2024\/01\/Konig-Reflex-Edge_Golf_5-1-scaled.jpg","contentUrl":"https:\/\/www.konigchain.com\/wp-content\/uploads\/2024\/01\/Konig-Reflex-Edge_Golf_5-1-scaled.jpg","width":2560,"height":1707},{"@type":"BreadcrumbList","@id":"https:\/\/www.konigchain.com\/pl\/technologia-lancuchow-sniegowych\/#breadcrumb","itemListElement":[{"@type":"ListItem","position":1,"name":"Home","item":"https:\/\/www.konigchain.com\/pl\/"},{"@type":"ListItem","position":2,"name":"Technologia \u0142a\u0144cuch\u00f3w \u015bniegowych"}]},{"@type":"WebSite","@id":"https:\/\/www.konigchain.com\/pl\/#website","url":"https:\/\/www.konigchain.com\/pl\/","name":"K\u00f6nig","description":"","publisher":{"@id":"https:\/\/www.konigchain.com\/pl\/#organization"},"potentialAction":[{"@type":"SearchAction","target":{"@type":"EntryPoint","urlTemplate":"https:\/\/www.konigchain.com\/pl\/?s={search_term_string}"},"query-input":{"@type":"PropertyValueSpecification","valueRequired":true,"valueName":"search_term_string"}}],"inLanguage":"pl-PL"},{"@type":"Organization","@id":"https:\/\/www.konigchain.com\/pl\/#organization","name":"K\u00f6nig","url":"https:\/\/www.konigchain.com\/pl\/","logo":{"@type":"ImageObject","inLanguage":"pl-PL","@id":"https:\/\/www.konigchain.com\/pl\/#\/schema\/logo\/image\/","url":"https:\/\/www.konigchain.com\/wp-content\/uploads\/2023\/12\/logo-Konig-2016-BG.png","contentUrl":"https:\/\/www.konigchain.com\/wp-content\/uploads\/2023\/12\/logo-Konig-2016-BG.png","width":3508,"height":2480,"caption":"K\u00f6nig"},"image":{"@id":"https:\/\/www.konigchain.com\/pl\/#\/schema\/logo\/image\/"}}]}},"_links":{"self":[{"href":"https:\/\/www.konigchain.com\/pl\/wp-json\/wp\/v2\/pages\/18038","targetHints":{"allow":["GET"]}}],"collection":[{"href":"https:\/\/www.konigchain.com\/pl\/wp-json\/wp\/v2\/pages"}],"about":[{"href":"https:\/\/www.konigchain.com\/pl\/wp-json\/wp\/v2\/types\/page"}],"author":[{"embeddable":true,"href":"https:\/\/www.konigchain.com\/pl\/wp-json\/wp\/v2\/users\/3"}],"replies":[{"embeddable":true,"href":"https:\/\/www.konigchain.com\/pl\/wp-json\/wp\/v2\/comments?post=18038"}],"version-history":[{"count":5,"href":"https:\/\/www.konigchain.com\/pl\/wp-json\/wp\/v2\/pages\/18038\/revisions"}],"predecessor-version":[{"id":68428,"href":"https:\/\/www.konigchain.com\/pl\/wp-json\/wp\/v2\/pages\/18038\/revisions\/68428"}],"wp:featuredmedia":[{"embeddable":true,"href":"https:\/\/www.konigchain.com\/pl\/wp-json\/wp\/v2\/media\/12926"}],"wp:attachment":[{"href":"https:\/\/www.konigchain.com\/pl\/wp-json\/wp\/v2\/media?parent=18038"}],"wp:term":[{"taxonomy":"page-category","embeddable":true,"href":"https:\/\/www.konigchain.com\/pl\/wp-json\/wp\/v2\/page-category?post=18038"}],"curies":[{"name":"wp","href":"https:\/\/api.w.org\/{rel}","templated":true}]}}