{"id":23372,"date":"2024-05-16T14:53:22","date_gmt":"2024-05-16T12:53:22","guid":{"rendered":"https:\/\/wp1.konigchain.com\/packaging-materials\/"},"modified":"2025-05-28T16:03:53","modified_gmt":"2025-05-28T14:03:53","slug":"material-opakowan","status":"publish","type":"page","link":"https:\/\/www.konigchain.com\/pl\/material-opakowan\/","title":{"rendered":"Materia\u0142 opakowa\u0144"},"content":{"rendered":"\t\t<div data-elementor-type=\"wp-page\" data-elementor-id=\"23372\" class=\"elementor elementor-23372 elementor-5651\" data-elementor-post-type=\"page\">\n\t\t\t\t<div class=\"elementor-element elementor-element-dc18177 e-con-full e-flex e-con e-parent\" data-id=\"dc18177\" data-element_type=\"container\" data-settings=\"{&quot;background_background&quot;:&quot;classic&quot;,&quot;background_motion_fx_motion_fx_scrolling&quot;:&quot;yes&quot;,&quot;background_motion_fx_devices&quot;:[&quot;desktop&quot;,&quot;tablet_extra&quot;,&quot;tablet&quot;,&quot;mobile&quot;]}\">\n\t\t<div class=\"elementor-element elementor-element-17929ea e-con-full e-flex e-con e-child\" data-id=\"17929ea\" data-element_type=\"container\" data-settings=\"{&quot;background_background&quot;:&quot;classic&quot;,&quot;background_motion_fx_motion_fx_scrolling&quot;:&quot;yes&quot;,&quot;background_motion_fx_translateY_effect&quot;:&quot;yes&quot;,&quot;background_motion_fx_translateY_speed&quot;:{&quot;unit&quot;:&quot;px&quot;,&quot;size&quot;:4,&quot;sizes&quot;:[]},&quot;background_motion_fx_translateY_affectedRange&quot;:{&quot;unit&quot;:&quot;%&quot;,&quot;size&quot;:&quot;&quot;,&quot;sizes&quot;:{&quot;start&quot;:0,&quot;end&quot;:100}},&quot;background_motion_fx_devices&quot;:[&quot;desktop&quot;,&quot;tablet_extra&quot;,&quot;tablet&quot;,&quot;mobile&quot;]}\">\n\t\t\t\t<div class=\"elementor-element elementor-element-fa60886 elementor-widget elementor-widget-heading\" data-id=\"fa60886\" data-element_type=\"widget\" data-widget_type=\"heading.default\">\n\t\t\t\t\t<h1 class=\"elementor-heading-title elementor-size-default\">Materia\u0142 opakowania<\/h1>\t\t\t\t<\/div>\n\t\t\t\t<div class=\"elementor-element elementor-element-3496f3b elementor-widget__width-initial elementor-widget elementor-widget-heading\" data-id=\"3496f3b\" data-element_type=\"widget\" data-widget_type=\"heading.default\">\n\t\t\t\t\t<h2 class=\"elementor-heading-title elementor-size-default\">Recykling i miejsce przeznaczenia po zako\u0144czeniu eksploatacji<\/h2>\t\t\t\t<\/div>\n\t\t\t\t<\/div>\n\t\t\t\t<div class=\"elementor-element elementor-element-a0031cd elementor-view-stacked elementor-shape-square elementor-invisible elementor-widget elementor-widget-icon\" data-id=\"a0031cd\" data-element_type=\"widget\" data-settings=\"{&quot;motion_fx_motion_fx_scrolling&quot;:&quot;yes&quot;,&quot;_animation&quot;:&quot;bounceIn&quot;,&quot;motion_fx_devices&quot;:[&quot;desktop&quot;,&quot;tablet&quot;],&quot;_animation_delay&quot;:10}\" data-widget_type=\"icon.default\">\n\t\t\t\t\t\t\t<div class=\"elementor-icon-wrapper\">\n\t\t\t<a class=\"elementor-icon\" href=\"#scroll-down\">\n\t\t\t<svg aria-hidden=\"true\" class=\"e-font-icon-svg e-fas-arrow-down\" viewBox=\"0 0 448 512\" xmlns=\"http:\/\/www.w3.org\/2000\/svg\"><path d=\"M413.1 222.5l22.2 22.2c9.4 9.4 9.4 24.6 0 33.9L241 473c-9.4 9.4-24.6 9.4-33.9 0L12.7 278.6c-9.4-9.4-9.4-24.6 0-33.9l22.2-22.2c9.5-9.5 25-9.3 34.3.4L184 343.4V56c0-13.3 10.7-24 24-24h32c13.3 0 24 10.7 24 24v287.4l114.8-120.5c9.3-9.8 24.8-10 34.3-.4z\"><\/path><\/svg>\t\t\t<\/a>\n\t\t<\/div>\n\t\t\t\t\t\t<\/div>\n\t\t\t\t<div class=\"elementor-element elementor-element-85abd62 elementor-widget elementor-widget-menu-anchor\" data-id=\"85abd62\" data-element_type=\"widget\" data-widget_type=\"menu-anchor.default\">\n\t\t\t\t\t\t\t<div class=\"elementor-menu-anchor\" id=\"scroll-down\"><\/div>\n\t\t\t\t\t\t<\/div>\n\t\t\t\t<\/div>\n\t\t<div class=\"elementor-element elementor-element-27fdb727 e-flex e-con-boxed e-con e-parent\" data-id=\"27fdb727\" data-element_type=\"container\">\n\t\t\t\t\t<div class=\"e-con-inner\">\n\t\t\t\t<div class=\"elementor-element elementor-element-6b4536f7 elementor-widget elementor-widget-text-editor\" data-id=\"6b4536f7\" data-element_type=\"widget\" data-widget_type=\"text-editor.default\">\n\t\t\t\t\t\t\t\t\t<blockquote><p>Ta strona zawiera wi\u0119cej informacji na temat materia\u0142\u00f3w u\u017cywanych do pakowania i obs\u0142ugi \u0142a\u0144cuch\u00f3w \u015bniegowych K\u00f6nig.<\/p><\/blockquote><p><strong>Informacje dla u\u017cytkownik\u00f3w ko\u0144cowych:<\/strong> przeznaczenie r\u00f3\u017cnych materia\u0142\u00f3w opakowa\u0144 jest wskazane na samym opakowaniu gotowego produktu.f<\/p><p>\u0141a\u0144cuchy \u015bniegowe dla konsument\u00f3w: K\u00f6nig K-Summit Family<\/p><figure class=\"wp-block-table\"><table><tbody><tr><td><p><strong>Opakowanie<\/strong><\/p><\/td><td><p><strong>Materia\u0142<\/strong><\/p><\/td><td><strong>Skr\u00f3t<\/strong><\/td><td><strong>Kod<\/strong><\/td><\/tr><tr><td>Opakowanie kartonowe produktu<\/td><td>Papier falisty<\/td><td>PAP<\/td><td>20<\/td><\/tr><tr><td>Pakiet cz\u0119\u015bci zamiennych<\/td><td>Tworzywo sztuczne<\/td><td>LDPE<\/td><td>4<\/td><\/tr><\/tbody><\/table><\/figure><p>\u0141a\u0144cuchy \u015bniegowe dla konsument\u00f3w: K\u00f6nig Easy-fit Family<\/p><figure class=\"wp-block-table\"><table><tbody><tr><td><strong>Opakowanie<\/strong><\/td><td><strong>Materia\u0142<\/strong><\/td><td><strong>Skr\u00f3t<\/strong><\/td><td><strong>Kod<\/strong><\/td><\/tr><tr><td>Opakowanie kartonowe produktu<\/td><td>Papier falisty<\/td><td>PAP<\/td><td>20<\/td><\/tr><tr><td>Pakiet cz\u0119\u015bci zamiennych<\/td><td>Tworzywo sztuczne<\/td><td>LDPE<\/td><td>4<\/td><\/tr><\/tbody><\/table><\/figure><p>\u0141a\u0144cuchy \u015bniegowe dla konsument\u00f3w: Rodziny K\u00f6nig Automatic i K\u00f6nig Manual<\/p><figure class=\"wp-block-table\"><table><tbody><tr><td><strong>Opakowanie<\/strong><\/td><td><strong>Materia\u0142<\/strong><\/td><td><strong>Skr\u00f3t<\/strong><\/td><td><strong>Kod<\/strong><\/td><\/tr><tr><td>Pakiet cz\u0119\u015bci zamiennych<\/td><td>Tworzywo sztuczne<\/td><td>LDPE<\/td><td>4<\/td><\/tr><\/tbody><\/table><\/figure><p>Profesjonalne \u0142a\u0144cuchy \u015bniegowe: wszystkie \u0142a\u0144cuchy \u015bniegowe K\u00f6nig zapakowane w torby<\/p><figure class=\"wp-block-table\"><table><tbody><tr><td><strong>Opakowanie<\/strong><\/td><td><strong>Materia\u0142<\/strong><\/td><td><strong>Skr\u00f3t<\/strong><\/td><td><strong>Kod<\/strong><\/td><\/tr><tr><td>Pakiet cz\u0119\u015bci zamiennych<\/td><td>Tworzywo sztuczne<\/td><td>LDPE<\/td><td>4<\/td><\/tr><\/tbody><\/table><\/figure><p>Profesjonalne \u0142a\u0144cuchy \u015bniegowe: wszystkie \u0142a\u0144cuchy \u015bniegowe K\u00f6nig pakowane w kartony<\/p><figure class=\"wp-block-table\"><table><tbody><tr><td><strong>Opakowanie<\/strong><\/td><td><strong>Materia\u0142<\/strong><\/td><td><strong>Skr\u00f3t<\/strong><\/td><td><strong>Kod<\/strong><\/td><\/tr><tr><td>Opakowanie kartonowe produktu<\/td><td>Papier falisty<\/td><td>PAP<\/td><td>20<\/td><\/tr><tr><td>Pakiet cz\u0119\u015bci zamiennych<\/td><td>Tworzywo sztuczne<\/td><td>LDPE<\/td><td>4<\/td><\/tr><\/tbody><\/table><\/figure><p>Profesjonalne \u0142a\u0144cuchy \u015bniegowe: wszystkie \u0142a\u0144cuchy \u015bniegowe K\u00f6nig zapakowane w drewniane pude\u0142ka<\/p><figure class=\"wp-block-table\"><table><tbody><tr><td><strong>Opakowanie<\/strong><\/td><td><strong>Materia\u0142<\/strong><\/td><td><strong>Skr\u00f3t<\/strong><\/td><td><strong>Kod<\/strong><\/td><\/tr><tr><td>Drewniane pude\u0142ko<\/td><td>Drewno<\/td><td>FOR<\/td><td>50<\/td><\/tr><tr><td>Pakiet cz\u0119\u015bci zamiennych<\/td><td>Tworzywo sztuczne<\/td><td>LDPE<\/td><td>4<\/td><\/tr><\/tbody><\/table><\/figure><p><strong>Informacje dla dealer\u00f3w:<\/strong> przeznaczenie r\u00f3\u017cnych materia\u0142\u00f3w u\u017cywanych do przygotowywania przesy\u0142ek przez K\u00f6nig, szczeg\u00f3lnie przydatne w przypadku materia\u0142\u00f3w, kt\u00f3re nie podlegaj\u0105 znakowaniu.<\/p><figure class=\"wp-block-table\"><table><tbody><tr><td><p><strong>Opakowanie<\/strong><\/p><\/td><td><strong>Materia\u0142<\/strong><\/td><td><strong>Skr\u00f3t<\/strong><\/td><td><strong>Kod<\/strong><\/td><\/tr><tr><td>Karton<\/td><td>Papier falisty<\/td><td>PAP<\/td><td>20<\/td><\/tr><tr><td>Naro\u017cniki kartonu<\/td><td>Drewno<\/td><td>FOR<\/td><td>50<\/td><\/tr><tr><td rowspan=\"2\">Folia stretch<\/td><td rowspan=\"2\">Polietylen<\/td><td>HDPE<\/td><td>2<\/td><\/tr><tr><td>LDPE<\/td><td>4<\/td><\/tr><\/tbody><\/table><\/figure>\t\t\t\t\t\t\t\t<\/div>\n\t\t\t\t\t<\/div>\n\t\t\t\t<\/div>\n\t\t\t\t<\/div>\n\t\t","protected":false},"excerpt":{"rendered":"<p>Materia\u0142 opakowania Recykling i miejsce przeznaczenia po zako\u0144czeniu eksploatacji Ta strona zawiera wi\u0119cej informacji na temat materia\u0142\u00f3w u\u017cywanych do pakowania i obs\u0142ugi \u0142a\u0144cuch\u00f3w \u015bniegowych K\u00f6nig. Informacje dla u\u017cytkownik\u00f3w ko\u0144cowych: przeznaczenie r\u00f3\u017cnych materia\u0142\u00f3w opakowa\u0144 jest wskazane na samym opakowaniu gotowego produktu.f \u0141a\u0144cuchy \u015bniegowe dla konsument\u00f3w: K\u00f6nig K-Summit Family Opakowanie Materia\u0142 Skr\u00f3t Kod Opakowanie kartonowe produktu Papier [&hellip;]<\/p>\n","protected":false},"author":3,"featured_media":0,"parent":0,"menu_order":0,"comment_status":"closed","ping_status":"closed","template":"","meta":{"_acf_changed":false,"footnotes":""},"page-category":[1550],"class_list":["post-23372","page","type-page","status-publish","hentry","page-category-b2c"],"acf":[],"yoast_head":"<!-- This site is optimized with the Yoast SEO plugin v26.8 - https:\/\/yoast.com\/product\/yoast-seo-wordpress\/ -->\n<title>Materia\u0142 opakowa\u0144 - K\u00f6nig<\/title>\n<meta name=\"robots\" content=\"index, follow, max-snippet:-1, max-image-preview:large, max-video-preview:-1\" \/>\n<link rel=\"canonical\" href=\"https:\/\/www.konigchain.com\/pl\/material-opakowan\/\" \/>\n<meta property=\"og:locale\" content=\"pl_PL\" \/>\n<meta property=\"og:type\" content=\"article\" \/>\n<meta property=\"og:title\" content=\"Materia\u0142 opakowa\u0144 - K\u00f6nig\" \/>\n<meta property=\"og:description\" content=\"Materia\u0142 opakowania Recykling i miejsce przeznaczenia po zako\u0144czeniu eksploatacji Ta strona zawiera wi\u0119cej informacji na temat materia\u0142\u00f3w u\u017cywanych do pakowania i obs\u0142ugi \u0142a\u0144cuch\u00f3w \u015bniegowych K\u00f6nig. Informacje dla u\u017cytkownik\u00f3w ko\u0144cowych: przeznaczenie r\u00f3\u017cnych materia\u0142\u00f3w opakowa\u0144 jest wskazane na samym opakowaniu gotowego produktu.f \u0141a\u0144cuchy \u015bniegowe dla konsument\u00f3w: K\u00f6nig K-Summit Family Opakowanie Materia\u0142 Skr\u00f3t Kod Opakowanie kartonowe produktu Papier [&hellip;]\" \/>\n<meta property=\"og:url\" content=\"https:\/\/www.konigchain.com\/pl\/material-opakowan\/\" \/>\n<meta property=\"og:site_name\" content=\"K\u00f6nig\" \/>\n<meta property=\"article:modified_time\" content=\"2025-05-28T14:03:53+00:00\" \/>\n<meta property=\"og:image\" content=\"https:\/\/www.konigchain.com\/wp-content\/uploads\/2025\/06\/Konig-snowchains-website.jpg\" \/>\n\t<meta property=\"og:image:width\" content=\"1350\" \/>\n\t<meta property=\"og:image:height\" content=\"675\" \/>\n\t<meta property=\"og:image:type\" content=\"image\/jpeg\" \/>\n<meta name=\"twitter:card\" content=\"summary_large_image\" \/>\n<meta name=\"twitter:label1\" content=\"Szacowany czas czytania\" \/>\n\t<meta name=\"twitter:data1\" content=\"2 minuty\" \/>\n<script type=\"application\/ld+json\" class=\"yoast-schema-graph\">{\"@context\":\"https:\/\/schema.org\",\"@graph\":[{\"@type\":\"WebPage\",\"@id\":\"https:\/\/www.konigchain.com\/pl\/material-opakowan\/\",\"url\":\"https:\/\/www.konigchain.com\/pl\/material-opakowan\/\",\"name\":\"Materia\u0142 opakowa\u0144 - K\u00f6nig\",\"isPartOf\":{\"@id\":\"https:\/\/www.konigchain.com\/pl\/#website\"},\"datePublished\":\"2024-05-16T12:53:22+00:00\",\"dateModified\":\"2025-05-28T14:03:53+00:00\",\"breadcrumb\":{\"@id\":\"https:\/\/www.konigchain.com\/pl\/material-opakowan\/#breadcrumb\"},\"inLanguage\":\"pl-PL\",\"potentialAction\":[{\"@type\":\"ReadAction\",\"target\":[\"https:\/\/www.konigchain.com\/pl\/material-opakowan\/\"]}]},{\"@type\":\"BreadcrumbList\",\"@id\":\"https:\/\/www.konigchain.com\/pl\/material-opakowan\/#breadcrumb\",\"itemListElement\":[{\"@type\":\"ListItem\",\"position\":1,\"name\":\"Home\",\"item\":\"https:\/\/www.konigchain.com\/pl\/\"},{\"@type\":\"ListItem\",\"position\":2,\"name\":\"Materia\u0142 opakowa\u0144\"}]},{\"@type\":\"WebSite\",\"@id\":\"https:\/\/www.konigchain.com\/pl\/#website\",\"url\":\"https:\/\/www.konigchain.com\/pl\/\",\"name\":\"K\u00f6nig\",\"description\":\"\",\"publisher\":{\"@id\":\"https:\/\/www.konigchain.com\/pl\/#organization\"},\"potentialAction\":[{\"@type\":\"SearchAction\",\"target\":{\"@type\":\"EntryPoint\",\"urlTemplate\":\"https:\/\/www.konigchain.com\/pl\/?s={search_term_string}\"},\"query-input\":{\"@type\":\"PropertyValueSpecification\",\"valueRequired\":true,\"valueName\":\"search_term_string\"}}],\"inLanguage\":\"pl-PL\"},{\"@type\":\"Organization\",\"@id\":\"https:\/\/www.konigchain.com\/pl\/#organization\",\"name\":\"K\u00f6nig\",\"url\":\"https:\/\/www.konigchain.com\/pl\/\",\"logo\":{\"@type\":\"ImageObject\",\"inLanguage\":\"pl-PL\",\"@id\":\"https:\/\/www.konigchain.com\/pl\/#\/schema\/logo\/image\/\",\"url\":\"https:\/\/www.konigchain.com\/wp-content\/uploads\/2023\/12\/logo-Konig-2016-BG.png\",\"contentUrl\":\"https:\/\/www.konigchain.com\/wp-content\/uploads\/2023\/12\/logo-Konig-2016-BG.png\",\"width\":3508,\"height\":2480,\"caption\":\"K\u00f6nig\"},\"image\":{\"@id\":\"https:\/\/www.konigchain.com\/pl\/#\/schema\/logo\/image\/\"}}]}<\/script>\n<!-- \/ Yoast SEO plugin. -->","yoast_head_json":{"title":"Materia\u0142 opakowa\u0144 - K\u00f6nig","robots":{"index":"index","follow":"follow","max-snippet":"max-snippet:-1","max-image-preview":"max-image-preview:large","max-video-preview":"max-video-preview:-1"},"canonical":"https:\/\/www.konigchain.com\/pl\/material-opakowan\/","og_locale":"pl_PL","og_type":"article","og_title":"Materia\u0142 opakowa\u0144 - K\u00f6nig","og_description":"Materia\u0142 opakowania Recykling i miejsce przeznaczenia po zako\u0144czeniu eksploatacji Ta strona zawiera wi\u0119cej informacji na temat materia\u0142\u00f3w u\u017cywanych do pakowania i obs\u0142ugi \u0142a\u0144cuch\u00f3w \u015bniegowych K\u00f6nig. Informacje dla u\u017cytkownik\u00f3w ko\u0144cowych: przeznaczenie r\u00f3\u017cnych materia\u0142\u00f3w opakowa\u0144 jest wskazane na samym opakowaniu gotowego produktu.f \u0141a\u0144cuchy \u015bniegowe dla konsument\u00f3w: K\u00f6nig K-Summit Family Opakowanie Materia\u0142 Skr\u00f3t Kod Opakowanie kartonowe produktu Papier [&hellip;]","og_url":"https:\/\/www.konigchain.com\/pl\/material-opakowan\/","og_site_name":"K\u00f6nig","article_modified_time":"2025-05-28T14:03:53+00:00","og_image":[{"width":1350,"height":675,"url":"https:\/\/www.konigchain.com\/wp-content\/uploads\/2025\/06\/Konig-snowchains-website.jpg","type":"image\/jpeg"}],"twitter_card":"summary_large_image","twitter_misc":{"Szacowany czas czytania":"2 minuty"},"schema":{"@context":"https:\/\/schema.org","@graph":[{"@type":"WebPage","@id":"https:\/\/www.konigchain.com\/pl\/material-opakowan\/","url":"https:\/\/www.konigchain.com\/pl\/material-opakowan\/","name":"Materia\u0142 opakowa\u0144 - K\u00f6nig","isPartOf":{"@id":"https:\/\/www.konigchain.com\/pl\/#website"},"datePublished":"2024-05-16T12:53:22+00:00","dateModified":"2025-05-28T14:03:53+00:00","breadcrumb":{"@id":"https:\/\/www.konigchain.com\/pl\/material-opakowan\/#breadcrumb"},"inLanguage":"pl-PL","potentialAction":[{"@type":"ReadAction","target":["https:\/\/www.konigchain.com\/pl\/material-opakowan\/"]}]},{"@type":"BreadcrumbList","@id":"https:\/\/www.konigchain.com\/pl\/material-opakowan\/#breadcrumb","itemListElement":[{"@type":"ListItem","position":1,"name":"Home","item":"https:\/\/www.konigchain.com\/pl\/"},{"@type":"ListItem","position":2,"name":"Materia\u0142 opakowa\u0144"}]},{"@type":"WebSite","@id":"https:\/\/www.konigchain.com\/pl\/#website","url":"https:\/\/www.konigchain.com\/pl\/","name":"K\u00f6nig","description":"","publisher":{"@id":"https:\/\/www.konigchain.com\/pl\/#organization"},"potentialAction":[{"@type":"SearchAction","target":{"@type":"EntryPoint","urlTemplate":"https:\/\/www.konigchain.com\/pl\/?s={search_term_string}"},"query-input":{"@type":"PropertyValueSpecification","valueRequired":true,"valueName":"search_term_string"}}],"inLanguage":"pl-PL"},{"@type":"Organization","@id":"https:\/\/www.konigchain.com\/pl\/#organization","name":"K\u00f6nig","url":"https:\/\/www.konigchain.com\/pl\/","logo":{"@type":"ImageObject","inLanguage":"pl-PL","@id":"https:\/\/www.konigchain.com\/pl\/#\/schema\/logo\/image\/","url":"https:\/\/www.konigchain.com\/wp-content\/uploads\/2023\/12\/logo-Konig-2016-BG.png","contentUrl":"https:\/\/www.konigchain.com\/wp-content\/uploads\/2023\/12\/logo-Konig-2016-BG.png","width":3508,"height":2480,"caption":"K\u00f6nig"},"image":{"@id":"https:\/\/www.konigchain.com\/pl\/#\/schema\/logo\/image\/"}}]}},"_links":{"self":[{"href":"https:\/\/www.konigchain.com\/pl\/wp-json\/wp\/v2\/pages\/23372","targetHints":{"allow":["GET"]}}],"collection":[{"href":"https:\/\/www.konigchain.com\/pl\/wp-json\/wp\/v2\/pages"}],"about":[{"href":"https:\/\/www.konigchain.com\/pl\/wp-json\/wp\/v2\/types\/page"}],"author":[{"embeddable":true,"href":"https:\/\/www.konigchain.com\/pl\/wp-json\/wp\/v2\/users\/3"}],"replies":[{"embeddable":true,"href":"https:\/\/www.konigchain.com\/pl\/wp-json\/wp\/v2\/comments?post=23372"}],"version-history":[{"count":5,"href":"https:\/\/www.konigchain.com\/pl\/wp-json\/wp\/v2\/pages\/23372\/revisions"}],"predecessor-version":[{"id":53451,"href":"https:\/\/www.konigchain.com\/pl\/wp-json\/wp\/v2\/pages\/23372\/revisions\/53451"}],"wp:attachment":[{"href":"https:\/\/www.konigchain.com\/pl\/wp-json\/wp\/v2\/media?parent=23372"}],"wp:term":[{"taxonomy":"page-category","embeddable":true,"href":"https:\/\/www.konigchain.com\/pl\/wp-json\/wp\/v2\/page-category?post=23372"}],"curies":[{"name":"wp","href":"https:\/\/api.w.org\/{rel}","templated":true}]}}