{"id":17704,"date":"2024-05-07T20:42:40","date_gmt":"2024-05-07T18:42:40","guid":{"rendered":"https:\/\/wp1.konigchain.com\/dealer-locator\/"},"modified":"2025-05-28T16:10:35","modified_gmt":"2025-05-28T14:10:35","slug":"dealer-locator","status":"publish","type":"page","link":"https:\/\/www.konigchain.com\/us\/dealer-locator\/","title":{"rendered":"Dealer locator"},"content":{"rendered":"\t\t<div data-elementor-type=\"wp-page\" data-elementor-id=\"17704\" class=\"elementor elementor-17704 elementor-4880\" data-elementor-post-type=\"page\">\n\t\t\t\t<div class=\"elementor-element elementor-element-e642b21 e-con-full e-flex e-con e-parent\" data-id=\"e642b21\" data-element_type=\"container\" data-settings=\"{&quot;background_background&quot;:&quot;classic&quot;,&quot;background_motion_fx_motion_fx_scrolling&quot;:&quot;yes&quot;,&quot;background_motion_fx_devices&quot;:[&quot;desktop&quot;,&quot;tablet_extra&quot;,&quot;tablet&quot;,&quot;mobile&quot;]}\">\n\t\t<div class=\"elementor-element elementor-element-9c93471 e-con-full e-flex e-con e-child\" data-id=\"9c93471\" data-element_type=\"container\" data-settings=\"{&quot;background_background&quot;:&quot;classic&quot;,&quot;background_motion_fx_motion_fx_scrolling&quot;:&quot;yes&quot;,&quot;background_motion_fx_translateY_effect&quot;:&quot;yes&quot;,&quot;background_motion_fx_translateY_speed&quot;:{&quot;unit&quot;:&quot;px&quot;,&quot;size&quot;:4,&quot;sizes&quot;:[]},&quot;background_motion_fx_translateY_affectedRange&quot;:{&quot;unit&quot;:&quot;%&quot;,&quot;size&quot;:&quot;&quot;,&quot;sizes&quot;:{&quot;start&quot;:0,&quot;end&quot;:100}},&quot;background_motion_fx_devices&quot;:[&quot;desktop&quot;,&quot;tablet_extra&quot;,&quot;tablet&quot;,&quot;mobile&quot;]}\">\n\t\t\t\t<div class=\"elementor-element elementor-element-b55bcf9 elementor-widget elementor-widget-heading\" data-id=\"b55bcf9\" data-element_type=\"widget\" data-widget_type=\"heading.default\">\n\t\t\t\t\t<h1 class=\"elementor-heading-title elementor-size-default\">Dealer locator<\/h1>\t\t\t\t<\/div>\n\t\t\t\t<div class=\"elementor-element elementor-element-8f03c74 elementor-widget__width-initial elementor-widget elementor-widget-heading\" data-id=\"8f03c74\" data-element_type=\"widget\" data-widget_type=\"heading.default\">\n\t\t\t\t\t<h2 class=\"elementor-heading-title elementor-size-default\">where to find K\u00f6nig snow chains in physical and digital point of sales <\/h2>\t\t\t\t<\/div>\n\t\t\t\t<\/div>\n\t\t\t\t<div class=\"elementor-element elementor-element-66e586b elementor-view-stacked elementor-shape-square elementor-invisible elementor-widget elementor-widget-icon\" data-id=\"66e586b\" data-element_type=\"widget\" data-settings=\"{&quot;motion_fx_motion_fx_scrolling&quot;:&quot;yes&quot;,&quot;_animation&quot;:&quot;bounceIn&quot;,&quot;motion_fx_devices&quot;:[&quot;desktop&quot;,&quot;tablet&quot;],&quot;_animation_delay&quot;:10}\" data-widget_type=\"icon.default\">\n\t\t\t\t\t\t\t<div class=\"elementor-icon-wrapper\">\n\t\t\t<a class=\"elementor-icon\" href=\"#scroll-down\">\n\t\t\t<svg aria-hidden=\"true\" class=\"e-font-icon-svg e-fas-arrow-down\" viewBox=\"0 0 448 512\" xmlns=\"http:\/\/www.w3.org\/2000\/svg\"><path d=\"M413.1 222.5l22.2 22.2c9.4 9.4 9.4 24.6 0 33.9L241 473c-9.4 9.4-24.6 9.4-33.9 0L12.7 278.6c-9.4-9.4-9.4-24.6 0-33.9l22.2-22.2c9.5-9.5 25-9.3 34.3.4L184 343.4V56c0-13.3 10.7-24 24-24h32c13.3 0 24 10.7 24 24v287.4l114.8-120.5c9.3-9.8 24.8-10 34.3-.4z\"><\/path><\/svg>\t\t\t<\/a>\n\t\t<\/div>\n\t\t\t\t\t\t<\/div>\n\t\t\t\t<div class=\"elementor-element elementor-element-f3e68a3 elementor-widget elementor-widget-menu-anchor\" data-id=\"f3e68a3\" data-element_type=\"widget\" data-widget_type=\"menu-anchor.default\">\n\t\t\t\t\t\t\t<div class=\"elementor-menu-anchor\" id=\"scroll-down\"><\/div>\n\t\t\t\t\t\t<\/div>\n\t\t\t\t<\/div>\n\t\t<div class=\"elementor-element elementor-element-2a0cf62 e-flex e-con-boxed e-con e-parent\" data-id=\"2a0cf62\" data-element_type=\"container\">\n\t\t\t\t\t<div class=\"e-con-inner\">\n\t\t<div class=\"elementor-element elementor-element-dafb538 e-con-full e-flex e-con e-child\" data-id=\"dafb538\" data-element_type=\"container\">\n\t\t\t\t<div class=\"elementor-element elementor-element-f00c780 elementor-widget elementor-widget-text-editor\" data-id=\"f00c780\" data-element_type=\"widget\" data-widget_type=\"text-editor.default\">\n\t\t\t\t\t\t\t\t\t<p>K\u00f6nig snow chains\u00a0are available through the best physical and online dealerships.<\/p><p>Do you want to know where to find a shop dealing with K\u00f6nig snow chains? Do you want to visit a physical dealer to get more info, a product fitting demostration or to purchase your K\u00f6nig snow chains?<\/p><p><span style=\"letter-spacing: -0.3px;\">Just insert your address to find out your closest dealers.<\/span><\/p><p>The dealers marked with the\u00a0<span style=\"letter-spacing: -0.3px; font-family: var( --e-global-typography-text-font-family ), Fira Sans; font-size: var( --e-global-typography-text-font-size ); font-weight: var( --e-global-typography-text-font-weight );\">&#8220;Partner&#8221; badge are dealers getting trained on regular base and offering the best experience for consumers looking for the best snow chains out there.<\/span><\/p>\t\t\t\t\t\t\t\t<\/div>\n\t\t\t\t<\/div>\n\t\t\t\t<div class=\"elementor-element elementor-element-571d34f elementor-widget elementor-widget-shortcode\" data-id=\"571d34f\" data-element_type=\"widget\" data-widget_type=\"shortcode.default\">\n\t\t\t\t\t\t\t<div class=\"elementor-shortcode\"><style>\r\n\t#wpsl-stores .wpsl-store-thumb {height:45px !important; width:45px !important;}\r\n\t#wpsl-stores, #wpsl-direction-details, #wpsl-gmap {height:500px !important;}\r\n\t#wpsl-gmap .wpsl-info-window {max-width:225px !important;}\r\n\t.wpsl-input label, #wpsl-radius label, #wpsl-category label {width:95px;}\r\n\t#wpsl-search-input  {width:179px;}\r\n<\/style>\r\n<div id=\"wpsl-wrap\">\r\n\t<div class=\"wpsl-search wpsl-clearfix \">\r\n\t\t<div id=\"wpsl-search-wrap\">\r\n\t\t\t<form autocomplete=\"off\">\r\n\t\t\t<div class=\"wpsl-input\">\r\n\t\t\t\t<div><label for=\"wpsl-search-input\">Your location<\/label><\/div>\r\n\t\t\t\t<input id=\"wpsl-search-input\" type=\"text\" value=\"\" name=\"wpsl-search-input\" placeholder=\"\" aria-required=\"true\" \/>\r\n\t\t\t<\/div>\r\n\t\t\t<div class=\"wpsl-select-wrap\">\r\n\t\t\t\t<div id=\"wpsl-radius\">\r\n\t\t\t\t\t<label for=\"wpsl-radius-dropdown\">Search radius<\/label>\r\n\t\t\t\t\t<select id=\"wpsl-radius-dropdown\" class=\"wpsl-dropdown\" name=\"wpsl-radius\">\r\n\t\t\t\t\t\t<option value=\"10\">10 km<\/option><option value=\"25\">25 km<\/option><option selected=\"selected\" value=\"50\">50 km<\/option><option value=\"100\">100 km<\/option><option value=\"200\">200 km<\/option><option value=\"500\">500 km<\/option>\r\n\t\t\t\t\t<\/select>\r\n\t\t\t\t<\/div>\r\n\t\t\t\t<div id=\"wpsl-results\">\r\n\t\t\t\t\t<label for=\"wpsl-results-dropdown\">Results<\/label>\r\n\t\t\t\t\t<select id=\"wpsl-results-dropdown\" class=\"wpsl-dropdown\" name=\"wpsl-results\">\r\n\t\t\t\t\t\t<option selected=\"selected\" value=\"25\">25<\/option><option value=\"50\">50<\/option><option value=\"75\">75<\/option><option value=\"100\">100<\/option>\r\n\t\t\t\t\t<\/select>\r\n\t\t\t\t<\/div>\r\n\t\t\t<\/div>\r\n\t\t\t\t<div class=\"wpsl-search-btn-wrap\"><input id=\"wpsl-search-btn\" type=\"submit\" value=\"Search\"><\/div>\r\n\t\t<\/form>\r\n\t\t<\/div>\r\n\t<\/div>\r\n\t<div id=\"wpsl-gmap\" class=\"wpsl-gmap-canvas\"><\/div>\r\n\t<div id=\"wpsl-result-list\">\r\n\t\t<div id=\"wpsl-stores\" >\r\n\t\t\t<ul><\/ul>\r\n\t\t<\/div>\r\n\t\t<div id=\"wpsl-direction-details\">\r\n\t\t\t<ul><\/ul>\r\n\t\t<\/div>\r\n\t<\/div>\r\n<\/div>\r\n<\/div>\n\t\t\t\t\t\t<\/div>\n\t\t\t\t\t<\/div>\n\t\t\t\t<\/div>\n\t\t\t\t<\/div>\n\t\t","protected":false},"excerpt":{"rendered":"<p>Dealer locator where to find K\u00f6nig snow chains in physical and digital point of sales K\u00f6nig snow chains\u00a0are available through the best physical and online dealerships. Do you want to know where to find a shop dealing with K\u00f6nig snow chains? Do you want to visit a physical dealer to get more info, a product [&hellip;]<\/p>\n","protected":false},"author":3,"featured_media":38359,"parent":0,"menu_order":0,"comment_status":"closed","ping_status":"closed","template":"","meta":{"_acf_changed":false,"footnotes":""},"page-category":[1550],"class_list":["post-17704","page","type-page","status-publish","has-post-thumbnail","hentry","page-category-b2c"],"acf":[],"yoast_head":"<!-- This site is optimized with the Yoast SEO plugin v26.8 - https:\/\/yoast.com\/product\/yoast-seo-wordpress\/ -->\n<title>Where to buy K\u00f6nig snow chains<\/title>\n<meta name=\"description\" content=\"K\u00f6nig snow chains are easy-to-find. Check prices, discounts and coupons for K\u00f6nig snow chains at your dealer\" \/>\n<meta name=\"robots\" content=\"index, follow, max-snippet:-1, max-image-preview:large, max-video-preview:-1\" \/>\n<link rel=\"canonical\" href=\"https:\/\/www.konigchain.com\/us\/dealer-locator\/\" \/>\n<meta property=\"og:locale\" content=\"en_US\" \/>\n<meta property=\"og:type\" content=\"article\" \/>\n<meta property=\"og:title\" content=\"Where to buy K\u00f6nig snow chains\" \/>\n<meta property=\"og:description\" content=\"K\u00f6nig snow chains are easy-to-find. Check prices, discounts and coupons for K\u00f6nig snow chains at your dealer\" \/>\n<meta property=\"og:url\" content=\"https:\/\/www.konigchain.com\/us\/dealer-locator\/\" \/>\n<meta property=\"og:site_name\" content=\"K\u00f6nig\" \/>\n<meta property=\"article:modified_time\" content=\"2025-05-28T14:10:35+00:00\" \/>\n<meta property=\"og:image\" content=\"https:\/\/www.konigchain.com\/wp-content\/uploads\/2024\/12\/Konig-snow-chains-dealers-scaled-1.jpg\" \/>\n\t<meta property=\"og:image:width\" content=\"2560\" \/>\n\t<meta property=\"og:image:height\" content=\"1707\" \/>\n\t<meta property=\"og:image:type\" content=\"image\/jpeg\" \/>\n<meta name=\"twitter:card\" content=\"summary_large_image\" \/>\n<meta name=\"twitter:label1\" content=\"Est. reading time\" \/>\n\t<meta name=\"twitter:data1\" content=\"1 minute\" \/>\n<script type=\"application\/ld+json\" class=\"yoast-schema-graph\">{\"@context\":\"https:\/\/schema.org\",\"@graph\":[{\"@type\":\"WebPage\",\"@id\":\"https:\/\/www.konigchain.com\/us\/dealer-locator\/\",\"url\":\"https:\/\/www.konigchain.com\/us\/dealer-locator\/\",\"name\":\"Where to buy K\u00f6nig snow chains\",\"isPartOf\":{\"@id\":\"https:\/\/www.konigchain.com\/us\/#website\"},\"primaryImageOfPage\":{\"@id\":\"https:\/\/www.konigchain.com\/us\/dealer-locator\/#primaryimage\"},\"image\":{\"@id\":\"https:\/\/www.konigchain.com\/us\/dealer-locator\/#primaryimage\"},\"thumbnailUrl\":\"https:\/\/www.konigchain.com\/wp-content\/uploads\/2024\/12\/Konig-snow-chains-dealers-scaled-1.jpg\",\"datePublished\":\"2024-05-07T18:42:40+00:00\",\"dateModified\":\"2025-05-28T14:10:35+00:00\",\"description\":\"K\u00f6nig snow chains are easy-to-find. Check prices, discounts and coupons for K\u00f6nig snow chains at your dealer\",\"breadcrumb\":{\"@id\":\"https:\/\/www.konigchain.com\/us\/dealer-locator\/#breadcrumb\"},\"inLanguage\":\"en-US\",\"potentialAction\":[{\"@type\":\"ReadAction\",\"target\":[\"https:\/\/www.konigchain.com\/us\/dealer-locator\/\"]}]},{\"@type\":\"ImageObject\",\"inLanguage\":\"en-US\",\"@id\":\"https:\/\/www.konigchain.com\/us\/dealer-locator\/#primaryimage\",\"url\":\"https:\/\/www.konigchain.com\/wp-content\/uploads\/2024\/12\/Konig-snow-chains-dealers-scaled-1.jpg\",\"contentUrl\":\"https:\/\/www.konigchain.com\/wp-content\/uploads\/2024\/12\/Konig-snow-chains-dealers-scaled-1.jpg\",\"width\":2560,\"height\":1707},{\"@type\":\"BreadcrumbList\",\"@id\":\"https:\/\/www.konigchain.com\/us\/dealer-locator\/#breadcrumb\",\"itemListElement\":[{\"@type\":\"ListItem\",\"position\":1,\"name\":\"Home\",\"item\":\"https:\/\/www.konigchain.com\/us\/\"},{\"@type\":\"ListItem\",\"position\":2,\"name\":\"Dealer locator\"}]},{\"@type\":\"WebSite\",\"@id\":\"https:\/\/www.konigchain.com\/us\/#website\",\"url\":\"https:\/\/www.konigchain.com\/us\/\",\"name\":\"K\u00f6nig\",\"description\":\"\",\"publisher\":{\"@id\":\"https:\/\/www.konigchain.com\/us\/#organization\"},\"potentialAction\":[{\"@type\":\"SearchAction\",\"target\":{\"@type\":\"EntryPoint\",\"urlTemplate\":\"https:\/\/www.konigchain.com\/us\/?s={search_term_string}\"},\"query-input\":{\"@type\":\"PropertyValueSpecification\",\"valueRequired\":true,\"valueName\":\"search_term_string\"}}],\"inLanguage\":\"en-US\"},{\"@type\":\"Organization\",\"@id\":\"https:\/\/www.konigchain.com\/us\/#organization\",\"name\":\"K\u00f6nig\",\"url\":\"https:\/\/www.konigchain.com\/us\/\",\"logo\":{\"@type\":\"ImageObject\",\"inLanguage\":\"en-US\",\"@id\":\"https:\/\/www.konigchain.com\/us\/#\/schema\/logo\/image\/\",\"url\":\"https:\/\/www.konigchain.com\/wp-content\/uploads\/2023\/12\/logo-Konig-2016-BG.png\",\"contentUrl\":\"https:\/\/www.konigchain.com\/wp-content\/uploads\/2023\/12\/logo-Konig-2016-BG.png\",\"width\":3508,\"height\":2480,\"caption\":\"K\u00f6nig\"},\"image\":{\"@id\":\"https:\/\/www.konigchain.com\/us\/#\/schema\/logo\/image\/\"}}]}<\/script>\n<!-- \/ Yoast SEO plugin. -->","yoast_head_json":{"title":"Where to buy K\u00f6nig snow chains","description":"K\u00f6nig snow chains are easy-to-find. Check prices, discounts and coupons for K\u00f6nig snow chains at your dealer","robots":{"index":"index","follow":"follow","max-snippet":"max-snippet:-1","max-image-preview":"max-image-preview:large","max-video-preview":"max-video-preview:-1"},"canonical":"https:\/\/www.konigchain.com\/us\/dealer-locator\/","og_locale":"en_US","og_type":"article","og_title":"Where to buy K\u00f6nig snow chains","og_description":"K\u00f6nig snow chains are easy-to-find. Check prices, discounts and coupons for K\u00f6nig snow chains at your dealer","og_url":"https:\/\/www.konigchain.com\/us\/dealer-locator\/","og_site_name":"K\u00f6nig","article_modified_time":"2025-05-28T14:10:35+00:00","og_image":[{"width":2560,"height":1707,"url":"https:\/\/www.konigchain.com\/wp-content\/uploads\/2024\/12\/Konig-snow-chains-dealers-scaled-1.jpg","type":"image\/jpeg"}],"twitter_card":"summary_large_image","twitter_misc":{"Est. reading time":"1 minute"},"schema":{"@context":"https:\/\/schema.org","@graph":[{"@type":"WebPage","@id":"https:\/\/www.konigchain.com\/us\/dealer-locator\/","url":"https:\/\/www.konigchain.com\/us\/dealer-locator\/","name":"Where to buy K\u00f6nig snow chains","isPartOf":{"@id":"https:\/\/www.konigchain.com\/us\/#website"},"primaryImageOfPage":{"@id":"https:\/\/www.konigchain.com\/us\/dealer-locator\/#primaryimage"},"image":{"@id":"https:\/\/www.konigchain.com\/us\/dealer-locator\/#primaryimage"},"thumbnailUrl":"https:\/\/www.konigchain.com\/wp-content\/uploads\/2024\/12\/Konig-snow-chains-dealers-scaled-1.jpg","datePublished":"2024-05-07T18:42:40+00:00","dateModified":"2025-05-28T14:10:35+00:00","description":"K\u00f6nig snow chains are easy-to-find. Check prices, discounts and coupons for K\u00f6nig snow chains at your dealer","breadcrumb":{"@id":"https:\/\/www.konigchain.com\/us\/dealer-locator\/#breadcrumb"},"inLanguage":"en-US","potentialAction":[{"@type":"ReadAction","target":["https:\/\/www.konigchain.com\/us\/dealer-locator\/"]}]},{"@type":"ImageObject","inLanguage":"en-US","@id":"https:\/\/www.konigchain.com\/us\/dealer-locator\/#primaryimage","url":"https:\/\/www.konigchain.com\/wp-content\/uploads\/2024\/12\/Konig-snow-chains-dealers-scaled-1.jpg","contentUrl":"https:\/\/www.konigchain.com\/wp-content\/uploads\/2024\/12\/Konig-snow-chains-dealers-scaled-1.jpg","width":2560,"height":1707},{"@type":"BreadcrumbList","@id":"https:\/\/www.konigchain.com\/us\/dealer-locator\/#breadcrumb","itemListElement":[{"@type":"ListItem","position":1,"name":"Home","item":"https:\/\/www.konigchain.com\/us\/"},{"@type":"ListItem","position":2,"name":"Dealer locator"}]},{"@type":"WebSite","@id":"https:\/\/www.konigchain.com\/us\/#website","url":"https:\/\/www.konigchain.com\/us\/","name":"K\u00f6nig","description":"","publisher":{"@id":"https:\/\/www.konigchain.com\/us\/#organization"},"potentialAction":[{"@type":"SearchAction","target":{"@type":"EntryPoint","urlTemplate":"https:\/\/www.konigchain.com\/us\/?s={search_term_string}"},"query-input":{"@type":"PropertyValueSpecification","valueRequired":true,"valueName":"search_term_string"}}],"inLanguage":"en-US"},{"@type":"Organization","@id":"https:\/\/www.konigchain.com\/us\/#organization","name":"K\u00f6nig","url":"https:\/\/www.konigchain.com\/us\/","logo":{"@type":"ImageObject","inLanguage":"en-US","@id":"https:\/\/www.konigchain.com\/us\/#\/schema\/logo\/image\/","url":"https:\/\/www.konigchain.com\/wp-content\/uploads\/2023\/12\/logo-Konig-2016-BG.png","contentUrl":"https:\/\/www.konigchain.com\/wp-content\/uploads\/2023\/12\/logo-Konig-2016-BG.png","width":3508,"height":2480,"caption":"K\u00f6nig"},"image":{"@id":"https:\/\/www.konigchain.com\/us\/#\/schema\/logo\/image\/"}}]}},"_links":{"self":[{"href":"https:\/\/www.konigchain.com\/us\/wp-json\/wp\/v2\/pages\/17704","targetHints":{"allow":["GET"]}}],"collection":[{"href":"https:\/\/www.konigchain.com\/us\/wp-json\/wp\/v2\/pages"}],"about":[{"href":"https:\/\/www.konigchain.com\/us\/wp-json\/wp\/v2\/types\/page"}],"author":[{"embeddable":true,"href":"https:\/\/www.konigchain.com\/us\/wp-json\/wp\/v2\/users\/3"}],"replies":[{"embeddable":true,"href":"https:\/\/www.konigchain.com\/us\/wp-json\/wp\/v2\/comments?post=17704"}],"version-history":[{"count":5,"href":"https:\/\/www.konigchain.com\/us\/wp-json\/wp\/v2\/pages\/17704\/revisions"}],"predecessor-version":[{"id":49831,"href":"https:\/\/www.konigchain.com\/us\/wp-json\/wp\/v2\/pages\/17704\/revisions\/49831"}],"wp:featuredmedia":[{"embeddable":true,"href":"https:\/\/www.konigchain.com\/us\/wp-json\/wp\/v2\/media\/38359"}],"wp:attachment":[{"href":"https:\/\/www.konigchain.com\/us\/wp-json\/wp\/v2\/media?parent=17704"}],"wp:term":[{"taxonomy":"page-category","embeddable":true,"href":"https:\/\/www.konigchain.com\/us\/wp-json\/wp\/v2\/page-category?post=17704"}],"curies":[{"name":"wp","href":"https:\/\/api.w.org\/{rel}","templated":true}]}}