{"id":17955,"date":"2024-05-16T17:13:50","date_gmt":"2024-05-16T15:13:50","guid":{"rendered":"https:\/\/wp1.konigchain.com\/legal-and-privacy-policy\/"},"modified":"2025-05-28T16:10:34","modified_gmt":"2025-05-28T14:10:34","slug":"legal-and-privacy-policy","status":"publish","type":"page","link":"https:\/\/www.konigchain.com\/us\/legal-and-privacy-policy\/","title":{"rendered":"Legal and privacy policy"},"content":{"rendered":"\t\t<div data-elementor-type=\"wp-page\" data-elementor-id=\"17955\" class=\"elementor elementor-17955 elementor-5671\" data-elementor-post-type=\"page\">\n\t\t\t\t<div class=\"elementor-element elementor-element-772f473 e-con-full e-flex e-con e-parent\" data-id=\"772f473\" data-element_type=\"container\" data-settings=\"{&quot;background_background&quot;:&quot;classic&quot;,&quot;background_motion_fx_motion_fx_scrolling&quot;:&quot;yes&quot;,&quot;background_motion_fx_devices&quot;:[&quot;desktop&quot;,&quot;tablet_extra&quot;,&quot;tablet&quot;,&quot;mobile&quot;]}\">\n\t\t<div class=\"elementor-element elementor-element-1709140 e-con-full e-flex e-con e-child\" data-id=\"1709140\" data-element_type=\"container\" data-settings=\"{&quot;background_background&quot;:&quot;classic&quot;,&quot;background_motion_fx_motion_fx_scrolling&quot;:&quot;yes&quot;,&quot;background_motion_fx_translateY_effect&quot;:&quot;yes&quot;,&quot;background_motion_fx_translateY_speed&quot;:{&quot;unit&quot;:&quot;px&quot;,&quot;size&quot;:4,&quot;sizes&quot;:[]},&quot;background_motion_fx_translateY_affectedRange&quot;:{&quot;unit&quot;:&quot;%&quot;,&quot;size&quot;:&quot;&quot;,&quot;sizes&quot;:{&quot;start&quot;:0,&quot;end&quot;:100}},&quot;background_motion_fx_devices&quot;:[&quot;desktop&quot;,&quot;tablet_extra&quot;,&quot;tablet&quot;,&quot;mobile&quot;]}\">\n\t\t\t\t<div class=\"elementor-element elementor-element-0a98fcd elementor-widget elementor-widget-heading\" data-id=\"0a98fcd\" data-element_type=\"widget\" data-widget_type=\"heading.default\">\n\t\t\t\t\t<h1 class=\"elementor-heading-title elementor-size-default\">Legal and privacy policy<\/h1>\t\t\t\t<\/div>\n\t\t\t\t<\/div>\n\t\t\t\t<div class=\"elementor-element elementor-element-8cba492 elementor-view-stacked elementor-shape-square elementor-invisible elementor-widget elementor-widget-icon\" data-id=\"8cba492\" data-element_type=\"widget\" data-settings=\"{&quot;motion_fx_motion_fx_scrolling&quot;:&quot;yes&quot;,&quot;_animation&quot;:&quot;bounceIn&quot;,&quot;motion_fx_devices&quot;:[&quot;desktop&quot;,&quot;tablet&quot;],&quot;_animation_delay&quot;:10}\" data-widget_type=\"icon.default\">\n\t\t\t\t\t\t\t<div class=\"elementor-icon-wrapper\">\n\t\t\t<a class=\"elementor-icon\" href=\"#scroll-down\">\n\t\t\t<svg aria-hidden=\"true\" class=\"e-font-icon-svg e-fas-arrow-down\" viewBox=\"0 0 448 512\" xmlns=\"http:\/\/www.w3.org\/2000\/svg\"><path d=\"M413.1 222.5l22.2 22.2c9.4 9.4 9.4 24.6 0 33.9L241 473c-9.4 9.4-24.6 9.4-33.9 0L12.7 278.6c-9.4-9.4-9.4-24.6 0-33.9l22.2-22.2c9.5-9.5 25-9.3 34.3.4L184 343.4V56c0-13.3 10.7-24 24-24h32c13.3 0 24 10.7 24 24v287.4l114.8-120.5c9.3-9.8 24.8-10 34.3-.4z\"><\/path><\/svg>\t\t\t<\/a>\n\t\t<\/div>\n\t\t\t\t\t\t<\/div>\n\t\t\t\t<div class=\"elementor-element elementor-element-b9543e7 elementor-widget elementor-widget-menu-anchor\" data-id=\"b9543e7\" data-element_type=\"widget\" data-widget_type=\"menu-anchor.default\">\n\t\t\t\t\t\t\t<div class=\"elementor-menu-anchor\" id=\"scroll-down\"><\/div>\n\t\t\t\t\t\t<\/div>\n\t\t\t\t<\/div>\n\t\t<div class=\"elementor-element elementor-element-7d263f2 e-flex e-con-boxed e-con e-parent\" data-id=\"7d263f2\" data-element_type=\"container\">\n\t\t\t\t\t<div class=\"e-con-inner\">\n\t\t\t\t<div class=\"elementor-element elementor-element-6e507d2 elementor-widget elementor-widget-text-editor\" data-id=\"6e507d2\" data-element_type=\"widget\" data-widget_type=\"text-editor.default\">\n\t\t\t\t\t\t\t\t\t<p><span style=\"font-family: var( --e-global-typography-text-font-family ), Fira Sans; font-size: var( --e-global-typography-text-font-size ); letter-spacing: var( --e-global-typography-text-letter-spacing ); text-align: var(--text-align);\"><b>Disclaimer<\/b><\/span><\/p><p><span style=\"font-family: var( --e-global-typography-text-font-family ), Fira Sans; font-size: var( --e-global-typography-text-font-size ); font-weight: var( --e-global-typography-text-font-weight ); letter-spacing: var( --e-global-typography-text-letter-spacing ); text-align: var(--text-align);\">Although every care has been taken to assure the accuracy of the information on the website of K\u00f6nig, we provide this information \u201cas is\u201d and disclaim all warranties, expressed or implied, that the information supplied is accurate, complete or current. You acknowledge that your use of the website including, but not limited to, the use of any links on the website and of the information supplied on the website is at your sole risk. Further,K\u00f6nig assumes no responsibility for the content on any third party websites and any links to such on the website are provided only to facilitate you. All material, including but not limited to, text, photographs, graphics and figures on any K\u00f6nig website may contain technical errors or typing inaccuracies or other types of errors or inaccuracies. Neither K\u00f6nig nor any company associated with K\u00f6nig assumes any responsibility whatsoever for any such errors or inaccuracies.<\/span><\/p><p>This applies also to the \u201cConfigurator\u201d on this website and any outcome thereof, which is supplied solely as a service, for information purposes only, and which do not contain any advice or recommendation that may be relied upon as the basis for any decision or action. All data and information supplied through the \u201c<span style=\"letter-spacing: -0.3px;\">Configurator<\/span>\u201d derive from testing of K\u00f6nig products on specific third party products. Technical components and performance quality etc. of such third party products and parts thereof may at any time following the K\u00f6nig testing be altered (without the involvement or knowledge of K\u00f6nig). Consequently, neither K\u00f6nig nor any company associated with K\u00f6nig shall (unless otherwise explicitly provided for under mandatory legislation) be liable for property damage or personal injury caused by the use of a K\u00f6nig product which deviates from any instruction guide or user manual that (i) accompanies the K\u00f6nig product at purchase thereof or (ii) applies to the product(s) on which the K\u00f6nig product shall be fitted on or used together with. Prior to the use of each K\u00f6nig product,K\u00f6nig encourages you to thoroughly read each such instruction guide or user manual.<\/p><p>Further, K\u00f6nig explicitly disclaims any warranty that any website of K\u00f6nig is free from infection by virus or anything else that has contaminating or destructive properties or that the information on any K\u00f6nig website will be uninterruptible or error free.<\/p><p>Neither K\u00f6nig nor any person or company associated with K\u00f6nig shall be liable for any damage whatsoever resulting from your use or inability to use this website or any information, content, services, or materials provided by or on this website.<\/p><p>K\u00f6nig reserves the right to amend, add and\/or exclude any information on the website (including this disclaimer) at any time and without any prior notice thereof. K\u00f6nig shall not be obliged to update this website, including any information on the website.<\/p><p><b>Data Privacy<br \/><\/b>This website is managed by Konig S.p.A., Via Pescone, 9, 23867 Suello, ITALY (\u201cwe\u201d or \u201cus\u201d). This notice describes how we as controller process your personal data in connection with this website.<\/p><p><u>1 What data relating to you do we process?<\/u><\/p><p>In the course of your visit to this website, we shall gather the following information: the date and time you accessed a page on our website, your IP address, the name und version of your browser, the URL of the website you visited prior to accessing this site, certain cookies (see Point 2 below), and such information that you yourself provided us with when you filled in the contact form or registered in our online shop.<\/p><p>There is no obligation to actually provide the data we ask you to disclose on our website. However, if you fail to do this, you may not be able to use all features of the website.<\/p><p><u>2 Cookies<\/u><\/p><p>This website uses cookies. A cookie is a small text file which can be stored on your computer when you visit a website. The cookies are used to provide users with additional website features. They may for example be used to facilitate navigation of a website, to allow you to re-use a website where you left off, and\/or to store your preferences and settings when you return to the website. Cookies cannot access, read or alter any other data on your computer.<\/p><p>Most cookies on this site are \u201csession cookies\u201d which are deleted automatically once you leave our website. \u201cPermanent cookies\u201d, on the other hand, remain on your computer until you delete them manually in your browser. We use such permanent cookies to identify you when you re-access our website.<\/p><p>If you wish to manage cookies on your computer, you may set your browser accordingly, thus allowing a website to notify you whenever it wants to store cookies. You can also block or delete cookies which are already stored on your computer. For more information on how to take these measures, please use the \u201chelp\u201d function in your browser.<\/p><p>We kindly remind you that by blocking or deleting cookies you may negatively affect your online experience and be unable to use all functions of our website.<\/p><p>We are using the\u00a0<a href=\"https:\/\/www.iubenda.com\/privacy-policy\/370457\" target=\"_blank\" rel=\"noopener\">following\u00a0cookies<\/a><a href=\"https:\/\/www.iubenda.com\/privacy-policy\/370457\" target=\"_blank\" rel=\"noopener\">\u00a0<\/a>on our website<\/p><p><u>3 Purpose of the data processing<\/u><\/p><p>We shall use your personal data for the following purposes:<\/p><p>to make this website available to you and to improve and develop it further<br \/>to gather usage statistics<br \/>to be able to detect, prevent and investigate violation of our website<br \/>to be able to answer your queries<br \/>to be able to identify you as a browser or customer of our online shop<\/p><p><br \/><span style=\"text-decoration: underline;\">4 Legal bases for processing<\/span><\/p><p>The legal basis for our processing of your personal data is our overriding legitimate interest pursuant to Article 6(1)(f) of the EU General Data Protection Regulation which aims to fulfil the purposes mentioned above under Point 3.<\/p><p><u>5 Transmission of your personal data<\/u><\/p><p>We shall, for the aforementioned purposes, transmit your personal data to the following recipients:<\/p><p>IT service providers we have engaged;<br \/>[another category of recipients of communication]<br \/>Some of the aforementioned recipients are located outside of your country or process your personal data abroad. The level of data protection in other countries may not necessarily correspond to that of your country. However, we transmit your personal data only in countries the EU Commission believes possess an appropriate level of data protection, or we take measures to guarantee that all recipients have an appropriate level of data protection. To this aim, for instance, we incorporate standard contractual clauses (2010\/87\/EC and\/or 2004\/915\/EC). These are available on request at dataprotection@konigchain.com.<\/p><p><u>6 Duration of storage<\/u><\/p><p>We shall store your data for a period of three months. It is only stored longer when we deem it necessary to investigate concrete violations of our website.<\/p><p>When you register on our website, we shall in any case store your data as long as your account exists, and thereafter only as long as legal obligations render it necessary.<\/p><p><u>7 Your rights in connection with personal data<\/u><\/p><p>You are further entitled, inter alia (in the circumstances of applicable legislation), (i) to obtain confirmation whether and which personal data we have stored concerning your person, and to receive copies of this data; (ii) to demand rectification, amendment or erasure whenever your personal data is incorrect or has not been processed in accordance with the law; (iii) to demand from us restriction of processing of your personal data; and (iv) to object, in certain circumstances, to the processing of your personal data or to revoke your prior consent to the processing of data; (v) to demand data portability; (vi) to have knowledge of the identity of third persons to whom your personal data is transmitted; and (vii) to lodge a complaint with the responsible authority.<\/p><p><u>8 Our contact information<\/u><\/p><p>If you have any queries or concerns regarding the processing of your personal data, please contact us:<\/p><p>Konig S.p.A.<br \/>Via Pescone 9<br \/>23867 Suello<br \/>ITALY<\/p><p>info@konigchain.com<\/p><p>Alternatively, please feel free to contact our data protection coordinator at dataprotection(at)konigchain.com<\/p><blockquote><p>Last update: 2nd July 2019<\/p><\/blockquote>\t\t\t\t\t\t\t\t<\/div>\n\t\t\t\t\t<\/div>\n\t\t\t\t<\/div>\n\t\t\t\t<\/div>\n\t\t","protected":false},"excerpt":{"rendered":"<p>Legal and privacy policy Disclaimer Although every care has been taken to assure the accuracy of the information on the website of K\u00f6nig, we provide this information \u201cas is\u201d and disclaim all warranties, expressed or implied, that the information supplied is accurate, complete or current. You acknowledge that your use of the website including, but [&hellip;]<\/p>\n","protected":false},"author":3,"featured_media":0,"parent":0,"menu_order":0,"comment_status":"closed","ping_status":"closed","template":"","meta":{"_acf_changed":false,"footnotes":""},"page-category":[1550],"class_list":["post-17955","page","type-page","status-publish","hentry","page-category-b2c"],"acf":[],"yoast_head":"<!-- This site is optimized with the Yoast SEO plugin v26.8 - https:\/\/yoast.com\/product\/yoast-seo-wordpress\/ -->\n<title>Legal and privacy policy - K\u00f6nig<\/title>\n<meta name=\"robots\" content=\"index, follow, max-snippet:-1, max-image-preview:large, max-video-preview:-1\" \/>\n<link rel=\"canonical\" href=\"https:\/\/www.konigchain.com\/us\/legal-and-privacy-policy\/\" \/>\n<meta property=\"og:locale\" content=\"en_US\" \/>\n<meta property=\"og:type\" content=\"article\" \/>\n<meta property=\"og:title\" content=\"Legal and privacy policy - K\u00f6nig\" \/>\n<meta property=\"og:description\" content=\"Legal and privacy policy Disclaimer Although every care has been taken to assure the accuracy of the information on the website of K\u00f6nig, we provide this information \u201cas is\u201d and disclaim all warranties, expressed or implied, that the information supplied is accurate, complete or current. You acknowledge that your use of the website including, but [&hellip;]\" \/>\n<meta property=\"og:url\" content=\"https:\/\/www.konigchain.com\/us\/legal-and-privacy-policy\/\" \/>\n<meta property=\"og:site_name\" content=\"K\u00f6nig\" \/>\n<meta property=\"article:modified_time\" content=\"2025-05-28T14:10:34+00:00\" \/>\n<meta property=\"og:image\" content=\"https:\/\/www.konigchain.com\/wp-content\/uploads\/2025\/06\/Konig-snowchains-website.jpg\" \/>\n\t<meta property=\"og:image:width\" content=\"1350\" \/>\n\t<meta property=\"og:image:height\" content=\"675\" \/>\n\t<meta property=\"og:image:type\" content=\"image\/jpeg\" \/>\n<meta name=\"twitter:card\" content=\"summary_large_image\" \/>\n<meta name=\"twitter:label1\" content=\"Est. reading time\" \/>\n\t<meta name=\"twitter:data1\" content=\"6 minutes\" \/>\n<script type=\"application\/ld+json\" class=\"yoast-schema-graph\">{\"@context\":\"https:\/\/schema.org\",\"@graph\":[{\"@type\":\"WebPage\",\"@id\":\"https:\/\/www.konigchain.com\/us\/legal-and-privacy-policy\/\",\"url\":\"https:\/\/www.konigchain.com\/us\/legal-and-privacy-policy\/\",\"name\":\"Legal and privacy policy - K\u00f6nig\",\"isPartOf\":{\"@id\":\"https:\/\/www.konigchain.com\/us\/#website\"},\"datePublished\":\"2024-05-16T15:13:50+00:00\",\"dateModified\":\"2025-05-28T14:10:34+00:00\",\"breadcrumb\":{\"@id\":\"https:\/\/www.konigchain.com\/us\/legal-and-privacy-policy\/#breadcrumb\"},\"inLanguage\":\"en-US\",\"potentialAction\":[{\"@type\":\"ReadAction\",\"target\":[\"https:\/\/www.konigchain.com\/us\/legal-and-privacy-policy\/\"]}]},{\"@type\":\"BreadcrumbList\",\"@id\":\"https:\/\/www.konigchain.com\/us\/legal-and-privacy-policy\/#breadcrumb\",\"itemListElement\":[{\"@type\":\"ListItem\",\"position\":1,\"name\":\"Home\",\"item\":\"https:\/\/www.konigchain.com\/us\/\"},{\"@type\":\"ListItem\",\"position\":2,\"name\":\"Legal and privacy policy\"}]},{\"@type\":\"WebSite\",\"@id\":\"https:\/\/www.konigchain.com\/us\/#website\",\"url\":\"https:\/\/www.konigchain.com\/us\/\",\"name\":\"K\u00f6nig\",\"description\":\"\",\"publisher\":{\"@id\":\"https:\/\/www.konigchain.com\/us\/#organization\"},\"potentialAction\":[{\"@type\":\"SearchAction\",\"target\":{\"@type\":\"EntryPoint\",\"urlTemplate\":\"https:\/\/www.konigchain.com\/us\/?s={search_term_string}\"},\"query-input\":{\"@type\":\"PropertyValueSpecification\",\"valueRequired\":true,\"valueName\":\"search_term_string\"}}],\"inLanguage\":\"en-US\"},{\"@type\":\"Organization\",\"@id\":\"https:\/\/www.konigchain.com\/us\/#organization\",\"name\":\"K\u00f6nig\",\"url\":\"https:\/\/www.konigchain.com\/us\/\",\"logo\":{\"@type\":\"ImageObject\",\"inLanguage\":\"en-US\",\"@id\":\"https:\/\/www.konigchain.com\/us\/#\/schema\/logo\/image\/\",\"url\":\"https:\/\/www.konigchain.com\/wp-content\/uploads\/2023\/12\/logo-Konig-2016-BG.png\",\"contentUrl\":\"https:\/\/www.konigchain.com\/wp-content\/uploads\/2023\/12\/logo-Konig-2016-BG.png\",\"width\":3508,\"height\":2480,\"caption\":\"K\u00f6nig\"},\"image\":{\"@id\":\"https:\/\/www.konigchain.com\/us\/#\/schema\/logo\/image\/\"}}]}<\/script>\n<!-- \/ Yoast SEO plugin. -->","yoast_head_json":{"title":"Legal and privacy policy - K\u00f6nig","robots":{"index":"index","follow":"follow","max-snippet":"max-snippet:-1","max-image-preview":"max-image-preview:large","max-video-preview":"max-video-preview:-1"},"canonical":"https:\/\/www.konigchain.com\/us\/legal-and-privacy-policy\/","og_locale":"en_US","og_type":"article","og_title":"Legal and privacy policy - K\u00f6nig","og_description":"Legal and privacy policy Disclaimer Although every care has been taken to assure the accuracy of the information on the website of K\u00f6nig, we provide this information \u201cas is\u201d and disclaim all warranties, expressed or implied, that the information supplied is accurate, complete or current. You acknowledge that your use of the website including, but [&hellip;]","og_url":"https:\/\/www.konigchain.com\/us\/legal-and-privacy-policy\/","og_site_name":"K\u00f6nig","article_modified_time":"2025-05-28T14:10:34+00:00","og_image":[{"width":1350,"height":675,"url":"https:\/\/www.konigchain.com\/wp-content\/uploads\/2025\/06\/Konig-snowchains-website.jpg","type":"image\/jpeg"}],"twitter_card":"summary_large_image","twitter_misc":{"Est. reading time":"6 minutes"},"schema":{"@context":"https:\/\/schema.org","@graph":[{"@type":"WebPage","@id":"https:\/\/www.konigchain.com\/us\/legal-and-privacy-policy\/","url":"https:\/\/www.konigchain.com\/us\/legal-and-privacy-policy\/","name":"Legal and privacy policy - K\u00f6nig","isPartOf":{"@id":"https:\/\/www.konigchain.com\/us\/#website"},"datePublished":"2024-05-16T15:13:50+00:00","dateModified":"2025-05-28T14:10:34+00:00","breadcrumb":{"@id":"https:\/\/www.konigchain.com\/us\/legal-and-privacy-policy\/#breadcrumb"},"inLanguage":"en-US","potentialAction":[{"@type":"ReadAction","target":["https:\/\/www.konigchain.com\/us\/legal-and-privacy-policy\/"]}]},{"@type":"BreadcrumbList","@id":"https:\/\/www.konigchain.com\/us\/legal-and-privacy-policy\/#breadcrumb","itemListElement":[{"@type":"ListItem","position":1,"name":"Home","item":"https:\/\/www.konigchain.com\/us\/"},{"@type":"ListItem","position":2,"name":"Legal and privacy policy"}]},{"@type":"WebSite","@id":"https:\/\/www.konigchain.com\/us\/#website","url":"https:\/\/www.konigchain.com\/us\/","name":"K\u00f6nig","description":"","publisher":{"@id":"https:\/\/www.konigchain.com\/us\/#organization"},"potentialAction":[{"@type":"SearchAction","target":{"@type":"EntryPoint","urlTemplate":"https:\/\/www.konigchain.com\/us\/?s={search_term_string}"},"query-input":{"@type":"PropertyValueSpecification","valueRequired":true,"valueName":"search_term_string"}}],"inLanguage":"en-US"},{"@type":"Organization","@id":"https:\/\/www.konigchain.com\/us\/#organization","name":"K\u00f6nig","url":"https:\/\/www.konigchain.com\/us\/","logo":{"@type":"ImageObject","inLanguage":"en-US","@id":"https:\/\/www.konigchain.com\/us\/#\/schema\/logo\/image\/","url":"https:\/\/www.konigchain.com\/wp-content\/uploads\/2023\/12\/logo-Konig-2016-BG.png","contentUrl":"https:\/\/www.konigchain.com\/wp-content\/uploads\/2023\/12\/logo-Konig-2016-BG.png","width":3508,"height":2480,"caption":"K\u00f6nig"},"image":{"@id":"https:\/\/www.konigchain.com\/us\/#\/schema\/logo\/image\/"}}]}},"_links":{"self":[{"href":"https:\/\/www.konigchain.com\/us\/wp-json\/wp\/v2\/pages\/17955","targetHints":{"allow":["GET"]}}],"collection":[{"href":"https:\/\/www.konigchain.com\/us\/wp-json\/wp\/v2\/pages"}],"about":[{"href":"https:\/\/www.konigchain.com\/us\/wp-json\/wp\/v2\/types\/page"}],"author":[{"embeddable":true,"href":"https:\/\/www.konigchain.com\/us\/wp-json\/wp\/v2\/users\/3"}],"replies":[{"embeddable":true,"href":"https:\/\/www.konigchain.com\/us\/wp-json\/wp\/v2\/comments?post=17955"}],"version-history":[{"count":4,"href":"https:\/\/www.konigchain.com\/us\/wp-json\/wp\/v2\/pages\/17955\/revisions"}],"predecessor-version":[{"id":49837,"href":"https:\/\/www.konigchain.com\/us\/wp-json\/wp\/v2\/pages\/17955\/revisions\/49837"}],"wp:attachment":[{"href":"https:\/\/www.konigchain.com\/us\/wp-json\/wp\/v2\/media?parent=17955"}],"wp:term":[{"taxonomy":"page-category","embeddable":true,"href":"https:\/\/www.konigchain.com\/us\/wp-json\/wp\/v2\/page-category?post=17955"}],"curies":[{"name":"wp","href":"https:\/\/api.w.org\/{rel}","templated":true}]}}